{"id":2888,"date":"2025-08-11T08:59:41","date_gmt":"2025-08-11T08:59:41","guid":{"rendered":"https:\/\/cpxzx.com\/?post_type=product&#038;p=2888"},"modified":"2025-08-11T08:59:41","modified_gmt":"2025-08-11T08:59:41","slug":"plastic-hollow-floatation","status":"publish","type":"product","link":"https:\/\/cpxzx.com\/nl\/product\/plastic-hollow-floatation\/","title":{"rendered":"Plastic holle drijfbal PE, PP, RPP, PVC, CPVC"},"content":{"rendered":"<p><strong>Plastic holle drijfbal<\/strong> is een effici\u00ebnt en veelzijdig verpakkingsmateriaal dat veel wordt gebruikt in diverse industri\u00eble toepassingen. Het biedt een hoog vrij volume, een lage drukval en een hoge massaoverdrachtseffici\u00ebntie. Het product is ontworpen voor een uitstekend contact tussen gas en vloeistof en betrouwbare prestaties onder verschillende werkomstandigheden. Met geavanceerde productietechnologie, voldoet de Plastic Holle Drijfbal aan de operationele eisen en nalevingsnormen van industrie\u00ebn wereldwijd.<\/p>\n<h2>Kenmerken van Plastic Holle Drijfbal<\/h2>\n<p>Plastic holle drijfbal is gemaakt van hittebestendige en chemisch corrosiebestendige kunststoffen zoals polyethyleen (PE), polypropyleen (PP), versterkt polypropyleen (RPP), polyvinylchloride (PVC), gechloreerd polyvinylchloride (CPVC) en polyvinylideenfluoride (PVDF). Het is lichtgewicht, duurzaam en eenvoudig te installeren. De toepassingstemperatuur in media varieert van 60\u00b0C tot 150\u00b0C, waardoor het geschikt is voor een breed scala aan omgevingen. De unieke structuur zorgt voor hoge overstromingspunten, uniform gas-vloeistof contact en uitstekende operationele stabiliteit.<\/p>\n<ul>\n<li>Hoog vrij volume en lage drukval<\/li>\n<li>Hoge effici\u00ebntie voor scheiding en massaoverdracht<\/li>\n<li>Sterke weerstand tegen chemische corrosie<\/li>\n<li>Energiebesparing en eenvoudige bediening<\/li>\n<li>Lange levensduur in ruwe omgevingen<\/li>\n<\/ul>\n<h2>Specificaties<\/h2>\n<p>Hieronder vindt u de technische gegevens van de Plastic Holle Drijfkogelpakking.<\/p>\n<table border=\"1\" cellspacing=\"0\" cellpadding=\"5\">\n<tbody>\n<tr>\n<th>Specificatie<br \/>\n(mm)<\/th>\n<th>Oppervlakte<br \/>\n(m\u00b2\/m\u00b3)<\/th>\n<th>Vrij volume<br \/>\n(%)<\/th>\n<th>Bulkdichtheid<br \/>\n(kg\/m\u00b3)<\/th>\n<th>Aantal per<br \/>\nm\u00b3<\/th>\n<\/tr>\n<tr>\n<td>\u00f8 25*1.0<\/td>\n<td>200<\/td>\n<td>40<\/td>\n<td>125<\/td>\n<td>41500<\/td>\n<\/tr>\n<tr>\n<td>\u00f8 38*1.2<\/td>\n<td>150<\/td>\n<td>40<\/td>\n<td>121<\/td>\n<td>22000<\/td>\n<\/tr>\n<tr>\n<td>\u00f8 50*1.5<\/td>\n<td>120<\/td>\n<td>40<\/td>\n<td>73<\/td>\n<td>10480<\/td>\n<\/tr>\n<\/tbody>\n<\/table>\n<h2>Voordelen<\/h2>\n<p>De voordelen van het gebruik van Plastic Holle Drijfkogel zijn onder andere:<\/p>\n<ul>\n<li>Uitstekende gas-vloeistof contacteffici\u00ebntie<\/li>\n<li>Stabiel zwaartepunt en ontwerp met overlappende randen<\/li>\n<li>Goed afdekkend effect voor tankoppervlakken<\/li>\n<li>Minder warmteverlies en verdamping<\/li>\n<li>Effectieve geur- en nevelbestrijding<\/li>\n<\/ul>\n<h2>Toepassingen<\/h2>\n<p>De Plastic Holle Vlotterbal wordt wijd gebruikt in de aardolieindustrie, de chemische industrie, de alkali-chlorideindustrie, de steenkoolgasindustrie, en milieubescherming. Het is vooral effectief in chemische uitlaatgaszuivering, rookgasstofverwijdering, uitlaatgasterugwinning en zure mistzuivering. Het product wordt ook gebruikt in horizontale zuuropslagtanks, condensaatopslagtanks en gedemineraliseerd watertanks in waterbehandelingsfaciliteiten. Het vermindert vervuiling door zure nevel, voorkomt CO\u2082- en O\u2082-vervuiling, beschermt de gezondheid van de operator en helpt de waterkwaliteit op peil te houden.<\/p>\n<p>Andere toepassingen van Plastic Holle Drijfbal zijn onder andere:<\/p>\n<ul>\n<li>Vloeistofoppervlakken in opslagtanks afdekken om warmteverlies te beperken<\/li>\n<li>Minimaliseren van verdamping en verbeteren van veiligheid<\/li>\n<li>Dient als terugslagklepkogel in stroomregelsystemen<\/li>\n<\/ul>\n<h2>Materiaalopties<\/h2>\n<p>Plastic holle drijfballen kunnen worden gemaakt van PE, PP, RPP, PVC, CPVC en PVDF, afhankelijk van specifieke operationele behoeften. Deze materialen bieden een uitstekende duurzaamheid, chemische stabiliteit en prestaties op lange termijn in zowel zure als alkalische omgevingen.<\/p>\n<h2>Verpakking<\/h2>\n<p>Wij bieden een veilige en professionele verpakking voor Plastic Holle Drijfbal om een veilige levering te garanderen. Ons team zal je helpen bij het selecteren van de juiste maat en het juiste materiaal op basis van je industri\u00eble eisen.<\/p>\n<p>Als toonaangevende fabrikant van Plastic Holle Drijfkogel bieden we producten van hoge kwaliteit tegen concurrerende prijzen en met een betrouwbare service. Neem vandaag nog contact met ons op om de behoeften van uw toepassing te bespreken en deskundige aanbevelingen te krijgen voor de beste prestaties in uw proces.<\/p>","protected":false},"excerpt":{"rendered":"<p>Plastic Hollow Floatation Ball is a lightweight, durable packing material made from corrosion-resistant plastics such as PE, PP, PVC, and PVDF.<br \/>\nIt offers high free volume, low pressure drop, and excellent gas-liquid contact, making it ideal for reducing heat loss, controlling evaporation, and improving separation efficiency in industries such as chemical, petroleum, environmental protection, and water treatment.<\/p>","protected":false},"featured_media":2890,"parent":0,"template":"","meta":{"_acf_changed":false,"_kad_blocks_custom_css":"","_kad_blocks_head_custom_js":"","_kad_blocks_body_custom_js":"","_kad_blocks_footer_custom_js":"","_kadence_starter_templates_imported_post":false,"_kad_post_transparent":"default","_kad_post_title":"","_kad_post_layout":"default","_kad_post_sidebar_id":"","_kad_post_content_style":"default","_kad_post_vertical_padding":"default","_kad_post_feature":"","_kad_post_feature_position":"","_kad_post_header":false,"_kad_post_footer":false},"pcategory":[22,25],"ptag":[],"class_list":["post-2888","product","type-product","status-publish","has-post-thumbnail","hentry","pcategory-random-packing","pcategory-plastic-random-packing"],"acf":[],"yoast_head":"<!-- This site is optimized with the Yoast SEO plugin v27.4 - https:\/\/yoast.com\/product\/yoast-seo-wordpress\/ -->\n<title>Plastic Hollow Floatation Ball<\/title>\n<meta name=\"robots\" content=\"index, follow, max-snippet:-1, max-image-preview:large, max-video-preview:-1\" \/>\n<link rel=\"canonical\" href=\"https:\/\/cpxzx.com\/nl\/product\/plastic-hollow-floatation\/\" \/>\n<meta property=\"og:locale\" content=\"nl_NL\" \/>\n<meta property=\"og:type\" content=\"article\" \/>\n<meta property=\"og:title\" content=\"Plastic Hollow Floatation Ball\" \/>\n<meta property=\"og:description\" content=\"Plastic Hollow Floatation Ball is a lightweight, durable packing material made from corrosion-resistant plastics such as PE, PP, PVC, and PVDF. It offers high free volume, low pressure drop, and excellent gas-liquid contact, making it ideal for reducing heat loss, controlling evaporation, and improving separation efficiency in industries such as chemical, petroleum, environmental protection, and water treatment.\" \/>\n<meta property=\"og:url\" content=\"https:\/\/cpxzx.com\/nl\/product\/plastic-hollow-floatation\/\" \/>\n<meta property=\"og:site_name\" content=\"Cooling Tower Fill, China PVC Fills Manufacturer\" \/>\n<meta property=\"og:image\" content=\"https:\/\/cpxzx.com\/wp-content\/uploads\/2025\/08\/Plastic-Hollow-Floatation-Ball.jpg\" \/>\n\t<meta property=\"og:image:width\" content=\"550\" \/>\n\t<meta property=\"og:image:height\" content=\"550\" \/>\n\t<meta property=\"og:image:type\" content=\"image\/jpeg\" \/>\n<meta name=\"twitter:card\" content=\"summary_large_image\" \/>\n<meta name=\"twitter:label1\" content=\"Geschatte leestijd\" \/>\n\t<meta name=\"twitter:data1\" content=\"3 minuten\" \/>\n<script type=\"application\/ld+json\" class=\"yoast-schema-graph\">{\"@context\":\"https:\\\/\\\/schema.org\",\"@graph\":[{\"@type\":\"WebPage\",\"@id\":\"https:\\\/\\\/cpxzx.com\\\/product\\\/plastic-hollow-floatation\\\/\",\"url\":\"https:\\\/\\\/cpxzx.com\\\/product\\\/plastic-hollow-floatation\\\/\",\"name\":\"Plastic Hollow Floatation Ball\",\"isPartOf\":{\"@id\":\"https:\\\/\\\/cpxzx.com\\\/#website\"},\"primaryImageOfPage\":{\"@id\":\"https:\\\/\\\/cpxzx.com\\\/product\\\/plastic-hollow-floatation\\\/#primaryimage\"},\"image\":{\"@id\":\"https:\\\/\\\/cpxzx.com\\\/product\\\/plastic-hollow-floatation\\\/#primaryimage\"},\"thumbnailUrl\":\"https:\\\/\\\/cpxzx.com\\\/wp-content\\\/uploads\\\/2025\\\/08\\\/Plastic-Hollow-Floatation-Ball.jpg\",\"datePublished\":\"2025-08-11T08:59:41+00:00\",\"breadcrumb\":{\"@id\":\"https:\\\/\\\/cpxzx.com\\\/product\\\/plastic-hollow-floatation\\\/#breadcrumb\"},\"inLanguage\":\"nl-NL\",\"potentialAction\":[{\"@type\":\"ReadAction\",\"target\":[\"https:\\\/\\\/cpxzx.com\\\/product\\\/plastic-hollow-floatation\\\/\"]}]},{\"@type\":\"ImageObject\",\"inLanguage\":\"nl-NL\",\"@id\":\"https:\\\/\\\/cpxzx.com\\\/product\\\/plastic-hollow-floatation\\\/#primaryimage\",\"url\":\"https:\\\/\\\/cpxzx.com\\\/wp-content\\\/uploads\\\/2025\\\/08\\\/Plastic-Hollow-Floatation-Ball.jpg\",\"contentUrl\":\"https:\\\/\\\/cpxzx.com\\\/wp-content\\\/uploads\\\/2025\\\/08\\\/Plastic-Hollow-Floatation-Ball.jpg\",\"width\":550,\"height\":550},{\"@type\":\"BreadcrumbList\",\"@id\":\"https:\\\/\\\/cpxzx.com\\\/product\\\/plastic-hollow-floatation\\\/#breadcrumb\",\"itemListElement\":[{\"@type\":\"ListItem\",\"position\":1,\"name\":\"Home\",\"item\":\"https:\\\/\\\/cpxzx.com\\\/\"},{\"@type\":\"ListItem\",\"position\":2,\"name\":\"Random Packing\",\"item\":\"https:\\\/\\\/cpxzx.com\\\/pcategory\\\/random-packing\\\/\"},{\"@type\":\"ListItem\",\"position\":3,\"name\":\"Plastic Hollow Floatation Ball PE,PP,RPP,PVC,CPVC\"}]},{\"@type\":\"WebSite\",\"@id\":\"https:\\\/\\\/cpxzx.com\\\/#website\",\"url\":\"https:\\\/\\\/cpxzx.com\\\/\",\"name\":\"Cooling Tower Fill, China PVC Fills Manufacturer\",\"description\":\"\",\"publisher\":{\"@id\":\"https:\\\/\\\/cpxzx.com\\\/#organization\"},\"potentialAction\":[{\"@type\":\"SearchAction\",\"target\":{\"@type\":\"EntryPoint\",\"urlTemplate\":\"https:\\\/\\\/cpxzx.com\\\/?s={search_term_string}\"},\"query-input\":{\"@type\":\"PropertyValueSpecification\",\"valueRequired\":true,\"valueName\":\"search_term_string\"}}],\"inLanguage\":\"nl-NL\"},{\"@type\":\"Organization\",\"@id\":\"https:\\\/\\\/cpxzx.com\\\/#organization\",\"name\":\"Cooling Tower Fill, China PVC Fills Manufacturer\",\"url\":\"https:\\\/\\\/cpxzx.com\\\/\",\"logo\":{\"@type\":\"ImageObject\",\"inLanguage\":\"nl-NL\",\"@id\":\"https:\\\/\\\/cpxzx.com\\\/#\\\/schema\\\/logo\\\/image\\\/\",\"url\":\"https:\\\/\\\/cpxzx.com\\\/wp-content\\\/uploads\\\/2025\\\/07\\\/1751628807-logo.png\",\"contentUrl\":\"https:\\\/\\\/cpxzx.com\\\/wp-content\\\/uploads\\\/2025\\\/07\\\/1751628807-logo.png\",\"width\":383,\"height\":87,\"caption\":\"Cooling Tower Fill, China PVC Fills Manufacturer\"},\"image\":{\"@id\":\"https:\\\/\\\/cpxzx.com\\\/#\\\/schema\\\/logo\\\/image\\\/\"}}]}<\/script>\n<!-- \/ Yoast SEO plugin. -->","yoast_head_json":{"title":"Plastic holle drijfbal","robots":{"index":"index","follow":"follow","max-snippet":"max-snippet:-1","max-image-preview":"max-image-preview:large","max-video-preview":"max-video-preview:-1"},"canonical":"https:\/\/cpxzx.com\/nl\/product\/plastic-hollow-floatation\/","og_locale":"nl_NL","og_type":"article","og_title":"Plastic Hollow Floatation Ball","og_description":"Plastic Hollow Floatation Ball is a lightweight, durable packing material made from corrosion-resistant plastics such as PE, PP, PVC, and PVDF. It offers high free volume, low pressure drop, and excellent gas-liquid contact, making it ideal for reducing heat loss, controlling evaporation, and improving separation efficiency in industries such as chemical, petroleum, environmental protection, and water treatment.","og_url":"https:\/\/cpxzx.com\/nl\/product\/plastic-hollow-floatation\/","og_site_name":"Cooling Tower Fill, China PVC Fills Manufacturer","og_image":[{"width":550,"height":550,"url":"https:\/\/cpxzx.com\/wp-content\/uploads\/2025\/08\/Plastic-Hollow-Floatation-Ball.jpg","type":"image\/jpeg"}],"twitter_card":"summary_large_image","twitter_misc":{"Geschatte leestijd":"3 minuten"},"schema":{"@context":"https:\/\/schema.org","@graph":[{"@type":"WebPage","@id":"https:\/\/cpxzx.com\/product\/plastic-hollow-floatation\/","url":"https:\/\/cpxzx.com\/product\/plastic-hollow-floatation\/","name":"Plastic holle drijfbal","isPartOf":{"@id":"https:\/\/cpxzx.com\/#website"},"primaryImageOfPage":{"@id":"https:\/\/cpxzx.com\/product\/plastic-hollow-floatation\/#primaryimage"},"image":{"@id":"https:\/\/cpxzx.com\/product\/plastic-hollow-floatation\/#primaryimage"},"thumbnailUrl":"https:\/\/cpxzx.com\/wp-content\/uploads\/2025\/08\/Plastic-Hollow-Floatation-Ball.jpg","datePublished":"2025-08-11T08:59:41+00:00","breadcrumb":{"@id":"https:\/\/cpxzx.com\/product\/plastic-hollow-floatation\/#breadcrumb"},"inLanguage":"nl-NL","potentialAction":[{"@type":"ReadAction","target":["https:\/\/cpxzx.com\/product\/plastic-hollow-floatation\/"]}]},{"@type":"ImageObject","inLanguage":"nl-NL","@id":"https:\/\/cpxzx.com\/product\/plastic-hollow-floatation\/#primaryimage","url":"https:\/\/cpxzx.com\/wp-content\/uploads\/2025\/08\/Plastic-Hollow-Floatation-Ball.jpg","contentUrl":"https:\/\/cpxzx.com\/wp-content\/uploads\/2025\/08\/Plastic-Hollow-Floatation-Ball.jpg","width":550,"height":550},{"@type":"BreadcrumbList","@id":"https:\/\/cpxzx.com\/product\/plastic-hollow-floatation\/#breadcrumb","itemListElement":[{"@type":"ListItem","position":1,"name":"Home","item":"https:\/\/cpxzx.com\/"},{"@type":"ListItem","position":2,"name":"Random Packing","item":"https:\/\/cpxzx.com\/pcategory\/random-packing\/"},{"@type":"ListItem","position":3,"name":"Plastic Hollow Floatation Ball PE,PP,RPP,PVC,CPVC"}]},{"@type":"WebSite","@id":"https:\/\/cpxzx.com\/#website","url":"https:\/\/cpxzx.com\/","name":"Koeltoren vullen, China PVC vullingen Fabrikant","description":"","publisher":{"@id":"https:\/\/cpxzx.com\/#organization"},"potentialAction":[{"@type":"SearchAction","target":{"@type":"EntryPoint","urlTemplate":"https:\/\/cpxzx.com\/?s={search_term_string}"},"query-input":{"@type":"PropertyValueSpecification","valueRequired":true,"valueName":"search_term_string"}}],"inLanguage":"nl-NL"},{"@type":"Organization","@id":"https:\/\/cpxzx.com\/#organization","name":"Koeltoren vullen, China PVC vullingen Fabrikant","url":"https:\/\/cpxzx.com\/","logo":{"@type":"ImageObject","inLanguage":"nl-NL","@id":"https:\/\/cpxzx.com\/#\/schema\/logo\/image\/","url":"https:\/\/cpxzx.com\/wp-content\/uploads\/2025\/07\/1751628807-logo.png","contentUrl":"https:\/\/cpxzx.com\/wp-content\/uploads\/2025\/07\/1751628807-logo.png","width":383,"height":87,"caption":"Cooling Tower Fill, China PVC Fills Manufacturer"},"image":{"@id":"https:\/\/cpxzx.com\/#\/schema\/logo\/image\/"}}]}},"taxonomy_info":{"pcategory":[{"value":22,"label":"Random Packing"},{"value":25,"label":"Plastic Random Packing"}]},"featured_image_src_large":["https:\/\/cpxzx.com\/wp-content\/uploads\/2025\/08\/Plastic-Hollow-Floatation-Ball.jpg",550,550,false],"author_info":[],"comment_info":"","_links":{"self":[{"href":"https:\/\/cpxzx.com\/nl\/wp-json\/wp\/v2\/product\/2888","targetHints":{"allow":["GET"]}}],"collection":[{"href":"https:\/\/cpxzx.com\/nl\/wp-json\/wp\/v2\/product"}],"about":[{"href":"https:\/\/cpxzx.com\/nl\/wp-json\/wp\/v2\/types\/product"}],"wp:featuredmedia":[{"embeddable":true,"href":"https:\/\/cpxzx.com\/nl\/wp-json\/wp\/v2\/media\/2890"}],"wp:attachment":[{"href":"https:\/\/cpxzx.com\/nl\/wp-json\/wp\/v2\/media?parent=2888"}],"wp:term":[{"taxonomy":"pcategory","embeddable":true,"href":"https:\/\/cpxzx.com\/nl\/wp-json\/wp\/v2\/pcategory?post=2888"},{"taxonomy":"ptag","embeddable":true,"href":"https:\/\/cpxzx.com\/nl\/wp-json\/wp\/v2\/ptag?post=2888"}],"curies":[{"name":"wp","href":"https:\/\/api.w.org\/{rel}","templated":true}]}}