{"id":2825,"date":"2025-07-23T03:50:41","date_gmt":"2025-07-23T03:50:41","guid":{"rendered":"https:\/\/cpxzx.com\/?post_type=product&#038;p=2825"},"modified":"2025-07-30T11:08:29","modified_gmt":"2025-07-30T11:08:29","slug":"keramische-super-intalox-zadelring","status":"publish","type":"product","link":"https:\/\/cpxzx.com\/nl\/product\/keramische-super-intalox-zadelring\/","title":{"rendered":"Keramische Super Intalox zadelring (16mm 25mm 38mm 50mm 76mm)"},"content":{"rendered":"<p><strong>Keramische Super Intalox Zadelring<\/strong> is een geavanceerd type torenverpakking die het klassieke Intalox zadel verbetert. Het ontwerp zorgt voor superieure prestaties in massatransfer toepassingen, waardoor het een van de meest effici\u00ebnte pakkingmaterialen is voor een verscheidenheid aan industri\u00eble processen. Met kenmerken als een lage drukval en een hoge massatransfer-effici\u00ebntie onderscheidt het zich in termen van algemene prestaties, vooral in chemische en milieu-industrie\u00ebn.<\/p>\n<h2>Belangrijkste kenmerken van keramische Super Intalox zadels<\/h2>\n<ul class=\"list-paddingleft-2\">\n<li>De keramische Super Intalox zadelring is uitstekend bestand tegen zuren, met uitzondering van fluorwaterstofzuur, waardoor hij ideaal is voor een groot aantal toepassingen, waaronder zwavelzuurdroogtorens.<\/li>\n<li>De vochtopname is minimaal, met een waarde van minder dan een half procent, wat zorgt voor stabiele prestaties na verloop van tijd.<\/li>\n<li>Het soortelijk gewicht van het porseleinen materiaal dat gebruikt wordt in deze keramische zadels is 2,3-2,4 g\/cm\u00b3, wat zorgt voor sterkte en duurzaamheid.<\/li>\n<li>Super Intalox-zadels hebben een gemiddelde warmtecapaciteit van 0,22 cal\/g.\u00baC tussen temperaturen van 20\u00baC en 500\u00baC, waardoor ze geschikt zijn voor toepassingen bij hoge temperaturen.<\/li>\n<li>Met een verwekingspunt van minimaal 1400\u00baC zijn deze keramische zadels bestand tegen extreme thermische omstandigheden en vertonen ze een goede weerstand tegen thermische schokken tijdens herhaalde temperatuurcycli van 20\u00baC tot 820\u00baC.<\/li>\n<\/ul>\n<h2>Specificaties van keramische Super Intalox zadels<\/h2>\n<table>\n<tbody>\n<tr>\n<th>Grootte (mm)<\/th>\n<th>Dikte (mm)<\/th>\n<th>Specifiek oppervlak (m\u00b2\/m\u00b3)<\/th>\n<th>Leeg volume (%)<\/th>\n<th>Bulk Aantallen (PCS\/M\u00b3)<\/th>\n<th>Dichtheid verpakking (kg\/m\u00b3)<\/th>\n<\/tr>\n<tr>\n<td>1\u2033 (25mm)<\/td>\n<td>3-3.5<\/td>\n<td>160<\/td>\n<td>78<\/td>\n<td>53000<\/td>\n<td>650<\/td>\n<\/tr>\n<tr>\n<td>3\/2\" (38mm)<\/td>\n<td>4-5<\/td>\n<td>102<\/td>\n<td>80<\/td>\n<td>16000<\/td>\n<td>600<\/td>\n<\/tr>\n<tr>\n<td>2\u2033 (50mm)<\/td>\n<td>5-6<\/td>\n<td>88<\/td>\n<td>80<\/td>\n<td>7300<\/td>\n<td>580<\/td>\n<\/tr>\n<tr>\n<td>3\u2033 (76mm)<\/td>\n<td>8.5-9.5<\/td>\n<td>58<\/td>\n<td>82<\/td>\n<td>1800<\/td>\n<td>550<\/td>\n<\/tr>\n<\/tbody>\n<\/table>\n<h2>Voordelen van keramische Super Intalox zadels<\/h2>\n<p>Keramische Super Intalox zadels bieden tal van voordelen ten opzichte van andere soorten pakkingmaterialen voor torens. Door hun superieure chemische weerstand en thermische stabiliteit zijn ze ideaal voor veeleisende industri\u00eble processen. Bovendien helpen de lage drukval en de hoge massaoverdrachtseffici\u00ebntie de prestaties te optimaliseren in verschillende chemische reacties en absorptieprocessen. Deze keramische zadels hebben ook een lange levensduur, waardoor ze minder vaak vervangen en onderhouden hoeven te worden. Ze zijn bijzonder waardevol in zwavelzuurdroogtorens, koeltorens en andere soorten torenapparatuur.<\/p>\n<h2>Toepassingen van keramische zadels<\/h2>\n<p>Keramische Super Intalox zadels zijn veelzijdig en worden veel gebruikt in verschillende industrie\u00ebn. Ze worden vaak gebruikt in droogkolommen, absorptiekolommen, koeltorens, wastorens en activeringskolommen. Hun toepassingen strekken zich uit over de chemische industrie, metallurgie, steenkoolgasindustrie en zuurstofproducerende industrie\u00ebn. Of het nu gaat om gasabsorptie-, droog- of koelprocessen, deze keramische zadels bieden effectieve oplossingen voor complexe uitdagingen in industri\u00eble processen.<\/p>\n<h2>Waarom kiezen voor keramische Super Intalox zadels?<\/h2>\n<p>De hoogwaardige eigenschappen van keramische Super Intalox zadels, zoals een lage drukval en een hoge massatransfer-effici\u00ebntie, maken deze zadels tot de voorkeurskeuze voor de meeste toepassingen. In vergelijking met andere soorten pakkingmaterialen zijn deze keramische zadels zeer effectief in het garanderen van maximale effici\u00ebntie in de processen waarvoor ze worden gebruikt. Bovendien zorgen hun langdurige duurzaamheid en weerstand tegen thermische en chemische schade voor toegevoegde waarde, waardoor betrouwbare en consistente prestaties worden gegarandeerd.<\/p>\n<p>In het algemeen vertegenwoordigen keramische Super Intalox zadels de top in verpakkingstechnologie. Of je nu superieur verpakkingsmateriaal nodig hebt voor zwavelzuurdroogtorens of andere torenapparatuur, deze keramische zadels bieden de ideale oplossing voor jouw behoeften.<\/p>","protected":false},"excerpt":{"rendered":"<p>Keramische Intalox zadels zijn zeer goed bestand tegen zuren en hitte en zijn bestand tegen corrosie van de meeste anorganische en organische zuren en organische oplosmiddelen (behalve fluorwaterstofzuur). Ze presteren goed bij zowel hoge als lage temperaturen, waardoor ze veelzijdig zijn voor een breed scala aan toepassingen. Deze zadels worden voornamelijk gebruikt in droogtorens, absorptietorens, koeltorens en wastorens in industrie\u00ebn zoals chemie, metallurgie, gas en zuurstofproductie. Hun prestaties kunnen vari\u00ebren afhankelijk van de toepassing, met name in de chemische\/petrochemische en milieusectoren zoals RTO-apparatuur.<\/p>","protected":false},"featured_media":2830,"parent":0,"template":"","meta":{"_acf_changed":false,"_kad_blocks_custom_css":"","_kad_blocks_head_custom_js":"","_kad_blocks_body_custom_js":"","_kad_blocks_footer_custom_js":"","_kadence_starter_templates_imported_post":false,"_kad_post_transparent":"default","_kad_post_title":"","_kad_post_layout":"default","_kad_post_sidebar_id":"","_kad_post_content_style":"default","_kad_post_vertical_padding":"default","_kad_post_feature":"","_kad_post_feature_position":"","_kad_post_header":false,"_kad_post_footer":false},"pcategory":[22,24],"ptag":[],"class_list":["post-2825","product","type-product","status-publish","has-post-thumbnail","hentry","pcategory-random-packing","pcategory-ceramic-random-packing"],"acf":[],"yoast_head":"<!-- This site is optimized with the Yoast SEO plugin v27.4 - https:\/\/yoast.com\/product\/yoast-seo-wordpress\/ -->\n<title>Ceramic Super Intalox Saddle ring<\/title>\n<meta name=\"robots\" content=\"index, follow, max-snippet:-1, max-image-preview:large, max-video-preview:-1\" \/>\n<link rel=\"canonical\" href=\"https:\/\/cpxzx.com\/nl\/product\/keramische-super-intalox-zadelring\/\" \/>\n<meta property=\"og:locale\" content=\"nl_NL\" \/>\n<meta property=\"og:type\" content=\"article\" \/>\n<meta property=\"og:title\" content=\"Ceramic Super Intalox Saddle ring\" \/>\n<meta property=\"og:description\" content=\"Ceramic Intalox saddles are highly resistant to acids and heat, able to withstand corrosion from most inorganic and organic acids, as well as organic solvents (except hydrofluoric acid). They perform well in both high and low temperature conditions, making them versatile for a wide range of applications. These saddles are primarily used in drying towers, absorption towers, cooling towers, and washing towers across industries such as chemicals, metallurgy, gas, and oxygen production. Their performance may vary depending on the application, particularly in the chemical\/petrochemical and environmental sectors like RTO equipment.\" \/>\n<meta property=\"og:url\" content=\"https:\/\/cpxzx.com\/nl\/product\/keramische-super-intalox-zadelring\/\" \/>\n<meta property=\"og:site_name\" content=\"Cooling Tower Fill, China PVC Fills Manufacturer\" \/>\n<meta property=\"article:modified_time\" content=\"2025-07-30T11:08:29+00:00\" \/>\n<meta property=\"og:image\" content=\"https:\/\/cpxzx.com\/wp-content\/uploads\/2025\/07\/Ceramic-Super-Intalox-Saddle-ring5.jpg\" \/>\n\t<meta property=\"og:image:width\" content=\"550\" \/>\n\t<meta property=\"og:image:height\" content=\"550\" \/>\n\t<meta property=\"og:image:type\" content=\"image\/jpeg\" \/>\n<meta name=\"twitter:card\" content=\"summary_large_image\" \/>\n<meta name=\"twitter:label1\" content=\"Geschatte leestijd\" \/>\n\t<meta name=\"twitter:data1\" content=\"3 minuten\" \/>\n<script type=\"application\/ld+json\" class=\"yoast-schema-graph\">{\"@context\":\"https:\\\/\\\/schema.org\",\"@graph\":[{\"@type\":\"WebPage\",\"@id\":\"https:\\\/\\\/cpxzx.com\\\/product\\\/ceramic-super-intalox-saddle-ring\\\/\",\"url\":\"https:\\\/\\\/cpxzx.com\\\/product\\\/ceramic-super-intalox-saddle-ring\\\/\",\"name\":\"Ceramic Super Intalox Saddle ring\",\"isPartOf\":{\"@id\":\"https:\\\/\\\/cpxzx.com\\\/#website\"},\"primaryImageOfPage\":{\"@id\":\"https:\\\/\\\/cpxzx.com\\\/product\\\/ceramic-super-intalox-saddle-ring\\\/#primaryimage\"},\"image\":{\"@id\":\"https:\\\/\\\/cpxzx.com\\\/product\\\/ceramic-super-intalox-saddle-ring\\\/#primaryimage\"},\"thumbnailUrl\":\"https:\\\/\\\/cpxzx.com\\\/wp-content\\\/uploads\\\/2025\\\/07\\\/Ceramic-Super-Intalox-Saddle-ring5.jpg\",\"datePublished\":\"2025-07-23T03:50:41+00:00\",\"dateModified\":\"2025-07-30T11:08:29+00:00\",\"breadcrumb\":{\"@id\":\"https:\\\/\\\/cpxzx.com\\\/product\\\/ceramic-super-intalox-saddle-ring\\\/#breadcrumb\"},\"inLanguage\":\"nl-NL\",\"potentialAction\":[{\"@type\":\"ReadAction\",\"target\":[\"https:\\\/\\\/cpxzx.com\\\/product\\\/ceramic-super-intalox-saddle-ring\\\/\"]}]},{\"@type\":\"ImageObject\",\"inLanguage\":\"nl-NL\",\"@id\":\"https:\\\/\\\/cpxzx.com\\\/product\\\/ceramic-super-intalox-saddle-ring\\\/#primaryimage\",\"url\":\"https:\\\/\\\/cpxzx.com\\\/wp-content\\\/uploads\\\/2025\\\/07\\\/Ceramic-Super-Intalox-Saddle-ring5.jpg\",\"contentUrl\":\"https:\\\/\\\/cpxzx.com\\\/wp-content\\\/uploads\\\/2025\\\/07\\\/Ceramic-Super-Intalox-Saddle-ring5.jpg\",\"width\":550,\"height\":550},{\"@type\":\"BreadcrumbList\",\"@id\":\"https:\\\/\\\/cpxzx.com\\\/product\\\/ceramic-super-intalox-saddle-ring\\\/#breadcrumb\",\"itemListElement\":[{\"@type\":\"ListItem\",\"position\":1,\"name\":\"Home\",\"item\":\"https:\\\/\\\/cpxzx.com\\\/\"},{\"@type\":\"ListItem\",\"position\":2,\"name\":\"Random Packing\",\"item\":\"https:\\\/\\\/cpxzx.com\\\/pcategory\\\/random-packing\\\/\"},{\"@type\":\"ListItem\",\"position\":3,\"name\":\"Ceramic Random Packing\",\"item\":\"https:\\\/\\\/cpxzx.com\\\/pcategory\\\/random-packing\\\/ceramic-random-packing\\\/\"},{\"@type\":\"ListItem\",\"position\":4,\"name\":\"Ceramic Super Intalox Saddle ring(16mm 25mm 38mm 50mm 76mm)\"}]},{\"@type\":\"WebSite\",\"@id\":\"https:\\\/\\\/cpxzx.com\\\/#website\",\"url\":\"https:\\\/\\\/cpxzx.com\\\/\",\"name\":\"Cooling Tower Fill, China PVC Fills Manufacturer\",\"description\":\"\",\"publisher\":{\"@id\":\"https:\\\/\\\/cpxzx.com\\\/#organization\"},\"potentialAction\":[{\"@type\":\"SearchAction\",\"target\":{\"@type\":\"EntryPoint\",\"urlTemplate\":\"https:\\\/\\\/cpxzx.com\\\/?s={search_term_string}\"},\"query-input\":{\"@type\":\"PropertyValueSpecification\",\"valueRequired\":true,\"valueName\":\"search_term_string\"}}],\"inLanguage\":\"nl-NL\"},{\"@type\":\"Organization\",\"@id\":\"https:\\\/\\\/cpxzx.com\\\/#organization\",\"name\":\"Cooling Tower Fill, China PVC Fills Manufacturer\",\"url\":\"https:\\\/\\\/cpxzx.com\\\/\",\"logo\":{\"@type\":\"ImageObject\",\"inLanguage\":\"nl-NL\",\"@id\":\"https:\\\/\\\/cpxzx.com\\\/#\\\/schema\\\/logo\\\/image\\\/\",\"url\":\"https:\\\/\\\/cpxzx.com\\\/wp-content\\\/uploads\\\/2025\\\/07\\\/1751628807-logo.png\",\"contentUrl\":\"https:\\\/\\\/cpxzx.com\\\/wp-content\\\/uploads\\\/2025\\\/07\\\/1751628807-logo.png\",\"width\":383,\"height\":87,\"caption\":\"Cooling Tower Fill, China PVC Fills Manufacturer\"},\"image\":{\"@id\":\"https:\\\/\\\/cpxzx.com\\\/#\\\/schema\\\/logo\\\/image\\\/\"}}]}<\/script>\n<!-- \/ Yoast SEO plugin. -->","yoast_head_json":{"title":"Keramische Super Intalox Zadelring","robots":{"index":"index","follow":"follow","max-snippet":"max-snippet:-1","max-image-preview":"max-image-preview:large","max-video-preview":"max-video-preview:-1"},"canonical":"https:\/\/cpxzx.com\/nl\/product\/keramische-super-intalox-zadelring\/","og_locale":"nl_NL","og_type":"article","og_title":"Ceramic Super Intalox Saddle ring","og_description":"Ceramic Intalox saddles are highly resistant to acids and heat, able to withstand corrosion from most inorganic and organic acids, as well as organic solvents (except hydrofluoric acid). They perform well in both high and low temperature conditions, making them versatile for a wide range of applications. These saddles are primarily used in drying towers, absorption towers, cooling towers, and washing towers across industries such as chemicals, metallurgy, gas, and oxygen production. Their performance may vary depending on the application, particularly in the chemical\/petrochemical and environmental sectors like RTO equipment.","og_url":"https:\/\/cpxzx.com\/nl\/product\/keramische-super-intalox-zadelring\/","og_site_name":"Cooling Tower Fill, China PVC Fills Manufacturer","article_modified_time":"2025-07-30T11:08:29+00:00","og_image":[{"width":550,"height":550,"url":"https:\/\/cpxzx.com\/wp-content\/uploads\/2025\/07\/Ceramic-Super-Intalox-Saddle-ring5.jpg","type":"image\/jpeg"}],"twitter_card":"summary_large_image","twitter_misc":{"Geschatte leestijd":"3 minuten"},"schema":{"@context":"https:\/\/schema.org","@graph":[{"@type":"WebPage","@id":"https:\/\/cpxzx.com\/product\/ceramic-super-intalox-saddle-ring\/","url":"https:\/\/cpxzx.com\/product\/ceramic-super-intalox-saddle-ring\/","name":"Keramische Super Intalox Zadelring","isPartOf":{"@id":"https:\/\/cpxzx.com\/#website"},"primaryImageOfPage":{"@id":"https:\/\/cpxzx.com\/product\/ceramic-super-intalox-saddle-ring\/#primaryimage"},"image":{"@id":"https:\/\/cpxzx.com\/product\/ceramic-super-intalox-saddle-ring\/#primaryimage"},"thumbnailUrl":"https:\/\/cpxzx.com\/wp-content\/uploads\/2025\/07\/Ceramic-Super-Intalox-Saddle-ring5.jpg","datePublished":"2025-07-23T03:50:41+00:00","dateModified":"2025-07-30T11:08:29+00:00","breadcrumb":{"@id":"https:\/\/cpxzx.com\/product\/ceramic-super-intalox-saddle-ring\/#breadcrumb"},"inLanguage":"nl-NL","potentialAction":[{"@type":"ReadAction","target":["https:\/\/cpxzx.com\/product\/ceramic-super-intalox-saddle-ring\/"]}]},{"@type":"ImageObject","inLanguage":"nl-NL","@id":"https:\/\/cpxzx.com\/product\/ceramic-super-intalox-saddle-ring\/#primaryimage","url":"https:\/\/cpxzx.com\/wp-content\/uploads\/2025\/07\/Ceramic-Super-Intalox-Saddle-ring5.jpg","contentUrl":"https:\/\/cpxzx.com\/wp-content\/uploads\/2025\/07\/Ceramic-Super-Intalox-Saddle-ring5.jpg","width":550,"height":550},{"@type":"BreadcrumbList","@id":"https:\/\/cpxzx.com\/product\/ceramic-super-intalox-saddle-ring\/#breadcrumb","itemListElement":[{"@type":"ListItem","position":1,"name":"Home","item":"https:\/\/cpxzx.com\/"},{"@type":"ListItem","position":2,"name":"Random Packing","item":"https:\/\/cpxzx.com\/pcategory\/random-packing\/"},{"@type":"ListItem","position":3,"name":"Ceramic Random Packing","item":"https:\/\/cpxzx.com\/pcategory\/random-packing\/ceramic-random-packing\/"},{"@type":"ListItem","position":4,"name":"Ceramic Super Intalox Saddle ring(16mm 25mm 38mm 50mm 76mm)"}]},{"@type":"WebSite","@id":"https:\/\/cpxzx.com\/#website","url":"https:\/\/cpxzx.com\/","name":"Koeltoren vullen, China PVC vullingen Fabrikant","description":"","publisher":{"@id":"https:\/\/cpxzx.com\/#organization"},"potentialAction":[{"@type":"SearchAction","target":{"@type":"EntryPoint","urlTemplate":"https:\/\/cpxzx.com\/?s={search_term_string}"},"query-input":{"@type":"PropertyValueSpecification","valueRequired":true,"valueName":"search_term_string"}}],"inLanguage":"nl-NL"},{"@type":"Organization","@id":"https:\/\/cpxzx.com\/#organization","name":"Koeltoren vullen, China PVC vullingen Fabrikant","url":"https:\/\/cpxzx.com\/","logo":{"@type":"ImageObject","inLanguage":"nl-NL","@id":"https:\/\/cpxzx.com\/#\/schema\/logo\/image\/","url":"https:\/\/cpxzx.com\/wp-content\/uploads\/2025\/07\/1751628807-logo.png","contentUrl":"https:\/\/cpxzx.com\/wp-content\/uploads\/2025\/07\/1751628807-logo.png","width":383,"height":87,"caption":"Cooling Tower Fill, China PVC Fills Manufacturer"},"image":{"@id":"https:\/\/cpxzx.com\/#\/schema\/logo\/image\/"}}]}},"taxonomy_info":{"pcategory":[{"value":22,"label":"Random Packing"},{"value":24,"label":"Ceramic Random Packing"}]},"featured_image_src_large":["https:\/\/cpxzx.com\/wp-content\/uploads\/2025\/07\/Ceramic-Super-Intalox-Saddle-ring5.jpg",550,550,false],"author_info":[],"comment_info":"","_links":{"self":[{"href":"https:\/\/cpxzx.com\/nl\/wp-json\/wp\/v2\/product\/2825","targetHints":{"allow":["GET"]}}],"collection":[{"href":"https:\/\/cpxzx.com\/nl\/wp-json\/wp\/v2\/product"}],"about":[{"href":"https:\/\/cpxzx.com\/nl\/wp-json\/wp\/v2\/types\/product"}],"wp:featuredmedia":[{"embeddable":true,"href":"https:\/\/cpxzx.com\/nl\/wp-json\/wp\/v2\/media\/2830"}],"wp:attachment":[{"href":"https:\/\/cpxzx.com\/nl\/wp-json\/wp\/v2\/media?parent=2825"}],"wp:term":[{"taxonomy":"pcategory","embeddable":true,"href":"https:\/\/cpxzx.com\/nl\/wp-json\/wp\/v2\/pcategory?post=2825"},{"taxonomy":"ptag","embeddable":true,"href":"https:\/\/cpxzx.com\/nl\/wp-json\/wp\/v2\/ptag?post=2825"}],"curies":[{"name":"wp","href":"https:\/\/api.w.org\/{rel}","templated":true}]}}