{"id":3144,"date":"2025-10-11T07:27:15","date_gmt":"2025-10-11T07:27:15","guid":{"rendered":"https:\/\/cpxzx.com\/?post_type=product&#038;p=3144"},"modified":"2025-10-11T07:27:15","modified_gmt":"2025-10-11T07:27:15","slug":"imballaggio-strutturato-in-metallo","status":"publish","type":"product","link":"https:\/\/cpxzx.com\/it\/prodotto\/imballaggio-strutturato-in-metallo\/","title":{"rendered":"imballaggio strutturato in metallo"},"content":{"rendered":"<p><strong>Imballaggio strutturato in metallo<\/strong> \u00e8 un tipo altamente efficiente di <strong>Imballaggio della colonna in acciaio inox<\/strong> costituiti da sottili fogli metallici ondulati o da una rete metallica in acciaio inossidabile. Ogni strato \u00e8 ondulato e impilato con orientamenti alternati, formando una struttura a nido d'ape aperta che migliora il contatto vapore-liquido. Questo design consente una distribuzione uniforme di gas e liquidi, basse perdite di carico ed eccellenti prestazioni di trasferimento di massa.<\/p>\n<p>Il <strong>imballaggio strutturato a rete<\/strong> \u00e8 prodotto mediante punzonatura e stiramento di lastre di acciaio inossidabile in fogli di rete a forma di diamante, che vengono poi ondulati e assemblati in strati strutturati. Combina i vantaggi dell'imballaggio in rete metallica e dell'imballaggio ondulato in lamiera metallica, offrendo un'elevata efficienza e prestazioni convenienti. La struttura a maglia diamantata \u00e8 coperta da un film liquido e la superficie irregolare aumenta la turbolenza e la miscelazione, incrementando il tasso di rinnovo del film liquido.<\/p>\n<p><strong>Imballaggio in cartone ondulato metallico<\/strong> \u00e8 caratterizzato da una superficie scanalata e perforata che migliora la bagnabilit\u00e0 e la distribuzione dei liquidi, garantendo una maggiore efficienza di separazione e resistenza alle incrostazioni. \u00c8 ampiamente utilizzato nelle industrie chimiche, petrolchimiche, dei fertilizzanti e della lavorazione del gas, dove \u00e8 richiesta una separazione ad alte prestazioni.<\/p>\n<h2>Caratteristica<\/h2>\n<ul>\n<li>L'elevata superficie garantisce un contatto efficiente tra gas e liquido.<\/li>\n<li>Bassa caduta di pressione, ideale per operazioni sotto vuoto e a bassa pressione.<\/li>\n<li>Eccellente bagnabilit\u00e0 e uniformit\u00e0 di distribuzione dei liquidi.<\/li>\n<li>Elevata resistenza meccanica e alla corrosione.<\/li>\n<li>Disponibile in varie configurazioni: 100Y, 125Y, 160Y, 250Y, 350Y, 450Y, ecc.<\/li>\n<li>Realizzati in acciaio inox 304, 304L, 316, 316L, acciaio al carbonio o lega di alluminio.<\/li>\n<\/ul>\n<h2>Specifiche<\/h2>\n<p><strong>Materiale:<\/strong> Acciaio al carbonio, acciaio inox 304, 304L, 410, 316, 316L o lega di alluminio.<\/p>\n<table border=\"1\" cellspacing=\"0\" cellpadding=\"6\">\n<tbody>\n<tr>\n<th>Modello<\/th>\n<th>Volume del vuoto (%)<\/th>\n<th>Spessore del pezzo (mm)<\/th>\n<th>Densit\u00e0 apparente (kg\/m\u00b3)<\/th>\n<th>Altezza ondulata (mm)<\/th>\n<th>Distanza ondulata (mm)<\/th>\n<th>Angolo di dentatura (\u00b0)<\/th>\n<th>Fattore F (\u03c6)<\/th>\n<th>HETP teorico (pezzo\/m)<\/th>\n<\/tr>\n<tr>\n<td>450Y<\/td>\n<td>76<\/td>\n<td>1 \u00b10.2<\/td>\n<td>600<\/td>\n<td>6<\/td>\n<td>11<\/td>\n<td>80<\/td>\n<td>1.5-2<\/td>\n<td>4-5<\/td>\n<\/tr>\n<tr>\n<td>350Y<\/td>\n<td>80<\/td>\n<td>1.2 \u00b10.2<\/td>\n<td>580<\/td>\n<td>9<\/td>\n<td>15<\/td>\n<td>80<\/td>\n<td>2<\/td>\n<td>3.5-4<\/td>\n<\/tr>\n<tr>\n<td>250Y<\/td>\n<td>82<\/td>\n<td>1.4 \u00b10.2<\/td>\n<td>530<\/td>\n<td>13<\/td>\n<td>22<\/td>\n<td>80<\/td>\n<td>2.5<\/td>\n<td>2-3<\/td>\n<\/tr>\n<tr>\n<td>160Y<\/td>\n<td>84<\/td>\n<td>2.2 \u00b10.2<\/td>\n<td>500<\/td>\n<td>17<\/td>\n<td>32<\/td>\n<td>80<\/td>\n<td>2.8<\/td>\n<td>1.5-2<\/td>\n<\/tr>\n<tr>\n<td>125Y<\/td>\n<td>85<\/td>\n<td>2.5 \u00b10.5<\/td>\n<td>480<\/td>\n<td>23<\/td>\n<td>42<\/td>\n<td>80<\/td>\n<td>3<\/td>\n<td>1-1.5<\/td>\n<\/tr>\n<tr>\n<td>100Y<\/td>\n<td>87.5<\/td>\n<td>2.5 \u00b10.5<\/td>\n<td>460<\/td>\n<td>30<\/td>\n<td>50<\/td>\n<td>80<\/td>\n<td>3.5<\/td>\n<td>1<\/td>\n<\/tr>\n<\/tbody>\n<\/table>\n<h2>Vantaggio<\/h2>\n<ul>\n<li><strong>Alta capacit\u00e0:<\/strong> I nuovi progetti di torri possono ridurre il diametro delle colonne, mentre le torri esistenti possono aumentare significativamente la capacit\u00e0.<\/li>\n<li><strong>Alta efficienza di separazione:<\/strong> La maggiore superficie specifica garantisce un trasferimento di massa pi\u00f9 efficace rispetto all'impacchettamento casuale.<\/li>\n<li><strong>Bassa caduta di pressione:<\/strong> Riduce il consumo energetico e migliora l'efficienza complessiva del processo.<\/li>\n<li><strong>Grande flessibilit\u00e0:<\/strong> Adatto a tutti i diametri di torre; effetti di scala minimi.<\/li>\n<li><strong>Resistenza alla corrosione:<\/strong> Eccellente resistenza alla corrosione di acidi, alcali, H\u2082S, acido naftenico e cloruri.<\/li>\n<li>Bassa ritenzione di liquidi e risposta rapida alle variazioni di carico.<\/li>\n<li>Durevole e facile da installare, rimuovere e pulire.<\/li>\n<\/ul>\n<h2>Applicazione<\/h2>\n<p><strong>Imballaggio strutturato in metallo<\/strong> \u00e8 ampiamente utilizzato in varie operazioni di trasferimento di massa, tra cui:<\/p>\n<ul>\n<li>Colonne di distillazione chimica e petrolchimica<\/li>\n<li>Purificazione della chimica fine e recupero dei solventi<\/li>\n<li>Processi di fertilizzazione e raffinazione del petrolio<\/li>\n<li>Torri di assorbimento e desorbimento dei gas<\/li>\n<li>Sistemi di rettifica in atmosfera e sottovuoto<\/li>\n<li>Unit\u00e0 di protezione ambientale e trattamento dei gas di scarico<\/li>\n<\/ul>\n<h2>Pacchetto<\/h2>\n<p>L'imballaggio \u00e8 accuratamente confezionato in scatole di legno o telai d'acciaio per evitare deformazioni durante il trasporto. Ogni strato \u00e8 etichettato per facilitare l'identificazione, il montaggio e l'installazione in loco. Sono disponibili imballaggi personalizzati in base alle esigenze del cliente.<\/p>","protected":false},"excerpt":{"rendered":"<p>L'imballaggio strutturato in metallo \u00e8 un prodotto ad alte prestazioni. <strong>Imballaggio della colonna in acciaio inox<\/strong> in fogli metallici ondulati o a rete, progettati per un'efficienza di separazione superiore e una bassa perdita di carico. Grazie alla sua esclusiva struttura a nido d'ape e all'ampia superficie, questo <strong>imballaggio strutturato a rete<\/strong> garantisce un eccellente contatto vapore-liquido e una distribuzione uniforme del flusso. Realizzati in acciaio inossidabile, acciaio al carbonio o lega di alluminio, <strong>imballaggio in cartone ondulato metallico<\/strong> \u00e8 ideale per i processi di distillazione, assorbimento e purificazione nell'industria chimica, petrolchimica e del gas.<\/p>","protected":false},"featured_media":3145,"parent":0,"template":"","meta":{"_acf_changed":false,"_kad_blocks_custom_css":"","_kad_blocks_head_custom_js":"","_kad_blocks_body_custom_js":"","_kad_blocks_footer_custom_js":"","_kadence_starter_templates_imported_post":false,"_kad_post_transparent":"default","_kad_post_title":"","_kad_post_layout":"default","_kad_post_sidebar_id":"","_kad_post_content_style":"default","_kad_post_vertical_padding":"default","_kad_post_feature":"","_kad_post_feature_position":"","_kad_post_header":false,"_kad_post_footer":false},"pcategory":[26],"ptag":[],"class_list":["post-3144","product","type-product","status-publish","has-post-thumbnail","hentry","pcategory-structured-packing"],"acf":[],"yoast_head":"<!-- This site is optimized with the Yoast SEO plugin v27.4 - https:\/\/yoast.com\/product\/yoast-seo-wordpress\/ -->\n<title>metal structured packing - Cooling Tower Fill, China PVC Fills Manufacturer<\/title>\n<meta name=\"robots\" content=\"index, follow, max-snippet:-1, max-image-preview:large, max-video-preview:-1\" \/>\n<link rel=\"canonical\" href=\"https:\/\/cpxzx.com\/it\/prodotto\/imballaggio-strutturato-in-metallo\/\" \/>\n<meta property=\"og:locale\" content=\"it_IT\" \/>\n<meta property=\"og:type\" content=\"article\" \/>\n<meta property=\"og:title\" content=\"metal structured packing - Cooling Tower Fill, China PVC Fills Manufacturer\" \/>\n<meta property=\"og:description\" content=\"Metal Structured Packing is a high-performance stainless steel column packing made from corrugated or mesh metal sheets, designed for superior separation efficiency and low pressure drop. With its unique honeycomb structure and large surface area, this mesh structured packing ensures excellent vapor-liquid contact and uniform flow distribution. Manufactured from stainless steel, carbon steel, or aluminum alloy, metal corrugate packing is ideal for distillation, absorption, and purification processes in chemical, petrochemical, and gas industries.\" \/>\n<meta property=\"og:url\" content=\"https:\/\/cpxzx.com\/it\/prodotto\/imballaggio-strutturato-in-metallo\/\" \/>\n<meta property=\"og:site_name\" content=\"Cooling Tower Fill, China PVC Fills Manufacturer\" \/>\n<meta property=\"og:image\" content=\"https:\/\/cpxzx.com\/wp-content\/uploads\/2025\/10\/metal-structured-packing.jpg\" \/>\n\t<meta property=\"og:image:width\" content=\"550\" \/>\n\t<meta property=\"og:image:height\" content=\"550\" \/>\n\t<meta property=\"og:image:type\" content=\"image\/jpeg\" \/>\n<meta name=\"twitter:card\" content=\"summary_large_image\" \/>\n<meta name=\"twitter:label1\" content=\"Tempo di lettura stimato\" \/>\n\t<meta name=\"twitter:data1\" content=\"3 minuti\" \/>\n<script type=\"application\/ld+json\" class=\"yoast-schema-graph\">{\"@context\":\"https:\\\/\\\/schema.org\",\"@graph\":[{\"@type\":\"WebPage\",\"@id\":\"https:\\\/\\\/cpxzx.com\\\/product\\\/metal-structured-packing\\\/\",\"url\":\"https:\\\/\\\/cpxzx.com\\\/product\\\/metal-structured-packing\\\/\",\"name\":\"metal structured packing - Cooling Tower Fill, China PVC Fills Manufacturer\",\"isPartOf\":{\"@id\":\"https:\\\/\\\/cpxzx.com\\\/#website\"},\"primaryImageOfPage\":{\"@id\":\"https:\\\/\\\/cpxzx.com\\\/product\\\/metal-structured-packing\\\/#primaryimage\"},\"image\":{\"@id\":\"https:\\\/\\\/cpxzx.com\\\/product\\\/metal-structured-packing\\\/#primaryimage\"},\"thumbnailUrl\":\"https:\\\/\\\/cpxzx.com\\\/wp-content\\\/uploads\\\/2025\\\/10\\\/metal-structured-packing.jpg\",\"datePublished\":\"2025-10-11T07:27:15+00:00\",\"breadcrumb\":{\"@id\":\"https:\\\/\\\/cpxzx.com\\\/product\\\/metal-structured-packing\\\/#breadcrumb\"},\"inLanguage\":\"it-IT\",\"potentialAction\":[{\"@type\":\"ReadAction\",\"target\":[\"https:\\\/\\\/cpxzx.com\\\/product\\\/metal-structured-packing\\\/\"]}]},{\"@type\":\"ImageObject\",\"inLanguage\":\"it-IT\",\"@id\":\"https:\\\/\\\/cpxzx.com\\\/product\\\/metal-structured-packing\\\/#primaryimage\",\"url\":\"https:\\\/\\\/cpxzx.com\\\/wp-content\\\/uploads\\\/2025\\\/10\\\/metal-structured-packing.jpg\",\"contentUrl\":\"https:\\\/\\\/cpxzx.com\\\/wp-content\\\/uploads\\\/2025\\\/10\\\/metal-structured-packing.jpg\",\"width\":550,\"height\":550,\"caption\":\"metal structured packing\"},{\"@type\":\"BreadcrumbList\",\"@id\":\"https:\\\/\\\/cpxzx.com\\\/product\\\/metal-structured-packing\\\/#breadcrumb\",\"itemListElement\":[{\"@type\":\"ListItem\",\"position\":1,\"name\":\"Home\",\"item\":\"https:\\\/\\\/cpxzx.com\\\/\"},{\"@type\":\"ListItem\",\"position\":2,\"name\":\"Structured Packing\",\"item\":\"https:\\\/\\\/cpxzx.com\\\/pcategory\\\/structured-packing\\\/\"},{\"@type\":\"ListItem\",\"position\":3,\"name\":\"metal structured packing\"}]},{\"@type\":\"WebSite\",\"@id\":\"https:\\\/\\\/cpxzx.com\\\/#website\",\"url\":\"https:\\\/\\\/cpxzx.com\\\/\",\"name\":\"Cooling Tower Fill, China PVC Fills Manufacturer\",\"description\":\"\",\"publisher\":{\"@id\":\"https:\\\/\\\/cpxzx.com\\\/#organization\"},\"potentialAction\":[{\"@type\":\"SearchAction\",\"target\":{\"@type\":\"EntryPoint\",\"urlTemplate\":\"https:\\\/\\\/cpxzx.com\\\/?s={search_term_string}\"},\"query-input\":{\"@type\":\"PropertyValueSpecification\",\"valueRequired\":true,\"valueName\":\"search_term_string\"}}],\"inLanguage\":\"it-IT\"},{\"@type\":\"Organization\",\"@id\":\"https:\\\/\\\/cpxzx.com\\\/#organization\",\"name\":\"Cooling Tower Fill, China PVC Fills Manufacturer\",\"url\":\"https:\\\/\\\/cpxzx.com\\\/\",\"logo\":{\"@type\":\"ImageObject\",\"inLanguage\":\"it-IT\",\"@id\":\"https:\\\/\\\/cpxzx.com\\\/#\\\/schema\\\/logo\\\/image\\\/\",\"url\":\"https:\\\/\\\/cpxzx.com\\\/wp-content\\\/uploads\\\/2025\\\/07\\\/1751628807-logo.png\",\"contentUrl\":\"https:\\\/\\\/cpxzx.com\\\/wp-content\\\/uploads\\\/2025\\\/07\\\/1751628807-logo.png\",\"width\":383,\"height\":87,\"caption\":\"Cooling Tower Fill, China PVC Fills Manufacturer\"},\"image\":{\"@id\":\"https:\\\/\\\/cpxzx.com\\\/#\\\/schema\\\/logo\\\/image\\\/\"}}]}<\/script>\n<!-- \/ Yoast SEO plugin. -->","yoast_head_json":{"title":"Imballaggio strutturato in metallo - Riempimento della torre di raffreddamento, Produttore di riempimenti in PVC in Cina","robots":{"index":"index","follow":"follow","max-snippet":"max-snippet:-1","max-image-preview":"max-image-preview:large","max-video-preview":"max-video-preview:-1"},"canonical":"https:\/\/cpxzx.com\/it\/prodotto\/imballaggio-strutturato-in-metallo\/","og_locale":"it_IT","og_type":"article","og_title":"metal structured packing - Cooling Tower Fill, China PVC Fills Manufacturer","og_description":"Metal Structured Packing is a high-performance stainless steel column packing made from corrugated or mesh metal sheets, designed for superior separation efficiency and low pressure drop. With its unique honeycomb structure and large surface area, this mesh structured packing ensures excellent vapor-liquid contact and uniform flow distribution. Manufactured from stainless steel, carbon steel, or aluminum alloy, metal corrugate packing is ideal for distillation, absorption, and purification processes in chemical, petrochemical, and gas industries.","og_url":"https:\/\/cpxzx.com\/it\/prodotto\/imballaggio-strutturato-in-metallo\/","og_site_name":"Cooling Tower Fill, China PVC Fills Manufacturer","og_image":[{"width":550,"height":550,"url":"https:\/\/cpxzx.com\/wp-content\/uploads\/2025\/10\/metal-structured-packing.jpg","type":"image\/jpeg"}],"twitter_card":"summary_large_image","twitter_misc":{"Tempo di lettura stimato":"3 minuti"},"schema":{"@context":"https:\/\/schema.org","@graph":[{"@type":"WebPage","@id":"https:\/\/cpxzx.com\/product\/metal-structured-packing\/","url":"https:\/\/cpxzx.com\/product\/metal-structured-packing\/","name":"Imballaggio strutturato in metallo - Riempimento della torre di raffreddamento, Produttore di riempimenti in PVC in Cina","isPartOf":{"@id":"https:\/\/cpxzx.com\/#website"},"primaryImageOfPage":{"@id":"https:\/\/cpxzx.com\/product\/metal-structured-packing\/#primaryimage"},"image":{"@id":"https:\/\/cpxzx.com\/product\/metal-structured-packing\/#primaryimage"},"thumbnailUrl":"https:\/\/cpxzx.com\/wp-content\/uploads\/2025\/10\/metal-structured-packing.jpg","datePublished":"2025-10-11T07:27:15+00:00","breadcrumb":{"@id":"https:\/\/cpxzx.com\/product\/metal-structured-packing\/#breadcrumb"},"inLanguage":"it-IT","potentialAction":[{"@type":"ReadAction","target":["https:\/\/cpxzx.com\/product\/metal-structured-packing\/"]}]},{"@type":"ImageObject","inLanguage":"it-IT","@id":"https:\/\/cpxzx.com\/product\/metal-structured-packing\/#primaryimage","url":"https:\/\/cpxzx.com\/wp-content\/uploads\/2025\/10\/metal-structured-packing.jpg","contentUrl":"https:\/\/cpxzx.com\/wp-content\/uploads\/2025\/10\/metal-structured-packing.jpg","width":550,"height":550,"caption":"metal structured packing"},{"@type":"BreadcrumbList","@id":"https:\/\/cpxzx.com\/product\/metal-structured-packing\/#breadcrumb","itemListElement":[{"@type":"ListItem","position":1,"name":"Home","item":"https:\/\/cpxzx.com\/"},{"@type":"ListItem","position":2,"name":"Structured Packing","item":"https:\/\/cpxzx.com\/pcategory\/structured-packing\/"},{"@type":"ListItem","position":3,"name":"metal structured packing"}]},{"@type":"WebSite","@id":"https:\/\/cpxzx.com\/#website","url":"https:\/\/cpxzx.com\/","name":"Riempimento della torre di raffreddamento, Produttore di riempimenti in PVC in Cina","description":"","publisher":{"@id":"https:\/\/cpxzx.com\/#organization"},"potentialAction":[{"@type":"SearchAction","target":{"@type":"EntryPoint","urlTemplate":"https:\/\/cpxzx.com\/?s={search_term_string}"},"query-input":{"@type":"PropertyValueSpecification","valueRequired":true,"valueName":"search_term_string"}}],"inLanguage":"it-IT"},{"@type":"Organization","@id":"https:\/\/cpxzx.com\/#organization","name":"Riempimento della torre di raffreddamento, Produttore di riempimenti in PVC in Cina","url":"https:\/\/cpxzx.com\/","logo":{"@type":"ImageObject","inLanguage":"it-IT","@id":"https:\/\/cpxzx.com\/#\/schema\/logo\/image\/","url":"https:\/\/cpxzx.com\/wp-content\/uploads\/2025\/07\/1751628807-logo.png","contentUrl":"https:\/\/cpxzx.com\/wp-content\/uploads\/2025\/07\/1751628807-logo.png","width":383,"height":87,"caption":"Cooling Tower Fill, China PVC Fills Manufacturer"},"image":{"@id":"https:\/\/cpxzx.com\/#\/schema\/logo\/image\/"}}]}},"taxonomy_info":{"pcategory":[{"value":26,"label":"Structured Packing"}]},"featured_image_src_large":["https:\/\/cpxzx.com\/wp-content\/uploads\/2025\/10\/metal-structured-packing.jpg",550,550,false],"author_info":[],"comment_info":"","_links":{"self":[{"href":"https:\/\/cpxzx.com\/it\/wp-json\/wp\/v2\/product\/3144","targetHints":{"allow":["GET"]}}],"collection":[{"href":"https:\/\/cpxzx.com\/it\/wp-json\/wp\/v2\/product"}],"about":[{"href":"https:\/\/cpxzx.com\/it\/wp-json\/wp\/v2\/types\/product"}],"wp:featuredmedia":[{"embeddable":true,"href":"https:\/\/cpxzx.com\/it\/wp-json\/wp\/v2\/media\/3145"}],"wp:attachment":[{"href":"https:\/\/cpxzx.com\/it\/wp-json\/wp\/v2\/media?parent=3144"}],"wp:term":[{"taxonomy":"pcategory","embeddable":true,"href":"https:\/\/cpxzx.com\/it\/wp-json\/wp\/v2\/pcategory?post=3144"},{"taxonomy":"ptag","embeddable":true,"href":"https:\/\/cpxzx.com\/it\/wp-json\/wp\/v2\/ptag?post=3144"}],"curies":[{"name":"wp","href":"https:\/\/api.w.org\/{rel}","templated":true}]}}