{"id":3032,"date":"2025-09-17T07:42:58","date_gmt":"2025-09-17T07:42:58","guid":{"rendered":"https:\/\/cpxzx.com\/?post_type=product&#038;p=3032"},"modified":"2025-09-15T07:58:45","modified_gmt":"2025-09-15T07:58:45","slug":"mid-alumina-ceramic-ball","status":"publish","type":"product","link":"https:\/\/cpxzx.com\/it\/prodotto\/mid-alumina-ceramic-ball\/","title":{"rendered":"Sfere in ceramica di media allumina da 3 a 10 mm - Supporti di macinazione in allumina e sfere di supporto in porcellana inerte"},"content":{"rendered":"<p><strong>Sfera in ceramica di media allumina<\/strong> \u00e8 un mezzo di macinazione e supporto di alta qualit\u00e0 ampiamente utilizzato in varie applicazioni industriali.<br \/>\nCome tipo efficiente di sfere in ceramica, offre prestazioni equilibrate tra costo e durata.<br \/>\nCon un contenuto di allumina compreso tra 65% e 75%, le sfere in ceramica di allumina media offrono una migliore resistenza all'usura e stabilit\u00e0 chimica rispetto alle sfere a basso contenuto di allumina, pur rimanendo pi\u00f9 economiche rispetto ai mezzi di macinazione ad alto contenuto di allumina.<br \/>\nIn molti settori \u00e8 nota anche come media di macinazione in allumina o sfere di allumina.<\/p>\n<p>Le sfere in ceramica inerte di allumina media sono ampiamente utilizzate in vari settori industriali, tra cui petrolio, ingegneria chimica, produzione di fertilizzanti, gas naturale e protezione ambientale.<br \/>\nLe sfere in ceramica di alta qualit\u00e0 e i mezzi di macinazione in allumina fungono da materiale di copertura e supporto per i catalizzatori nei recipienti di reazione e da imballaggio nelle torri.<br \/>\nQueste sfere di ceramica di media allumina hanno propriet\u00e0 chimiche stabili, basso assorbimento d'acqua, eccellente resistenza alle alte temperature e alle alte pressioni e forte resistenza alla corrosione contro acidi, alcali e alcuni solventi organici.<br \/>\nPossono resistere alle fluttuazioni di temperatura durante i processi industriali.<br \/>\nLa funzione principale delle sfere in ceramica inerte \u00e8 quella di migliorare la distribuzione di gas o liquidi, sostenendo e proteggendo al contempo i catalizzatori attivatori a bassa resistenza, garantendo un funzionamento efficiente e una durata prolungata.<\/p>\n<h2>Caratteristica<\/h2>\n<ul>\n<li>Contenuto di allumina: 65%-75%, per offrire un equilibrio tra resistenza ed economicit\u00e0.<\/li>\n<li>Elevata resistenza meccanica e buona resistenza all'usura.<\/li>\n<li>Eccellente stabilit\u00e0 termica e resistenza alla corrosione.<\/li>\n<li>La superficie liscia garantisce una bassa abrasione delle attrezzature.<\/li>\n<li>Disponibile in un'ampia gamma di diametri per diverse applicazioni di rettifica e supporto.<\/li>\n<\/ul>\n<h2>Specifiche<\/h2>\n<table border=\"1\" cellspacing=\"0\" cellpadding=\"8\">\n<tbody>\n<tr>\n<th>Propriet\u00e0<\/th>\n<th>Valore<\/th>\n<\/tr>\n<tr>\n<td>Contenuto di allumina (Al2O3)<\/td>\n<td>65%-75%<\/td>\n<\/tr>\n<tr>\n<td>Densit\u00e0 della massa<\/td>\n<td>2,2-2,6 g\/cm\u00b3<\/td>\n<\/tr>\n<tr>\n<td>Forza di frantumazione<\/td>\n<td>&gt; 4 KN (per \u03a630mm)<\/td>\n<\/tr>\n<tr>\n<td>Assorbimento dell'acqua<\/td>\n<td>&lt; 0,5%<\/td>\n<\/tr>\n<tr>\n<td>Temperatura di esercizio<\/td>\n<td>\u2264 1100\u00b0C<\/td>\n<\/tr>\n<tr>\n<td>Taglie disponibili<\/td>\n<td>\u03a63mm-\u03a650mm<\/td>\n<\/tr>\n<\/tbody>\n<\/table>\n<h2>Forza di schiacciamento<\/h2>\n<table border=\"1\" cellspacing=\"0\" cellpadding=\"8\">\n<tbody>\n<tr>\n<th>Dimensione<\/th>\n<th>Resistenza allo schiacciamento Kgf\/particella<\/th>\n<th>Resistenza allo schiacciamento KN\/particella<\/th>\n<\/tr>\n<tr>\n<td>1\/8\u2033 (3 mm)<\/td>\n<td>&gt;40<\/td>\n<td>&gt;0.4<\/td>\n<\/tr>\n<tr>\n<td>1\/4\u2033 (6 mm)<\/td>\n<td>&gt;80<\/td>\n<td>&gt;0.8<\/td>\n<\/tr>\n<tr>\n<td>3\/8\u2033 (10 mm)<\/td>\n<td>&gt;190<\/td>\n<td>&gt;1.90<\/td>\n<\/tr>\n<tr>\n<td>1\/2\u2033 (13 mm)<\/td>\n<td>&gt;580<\/td>\n<td>&gt;5.8<\/td>\n<\/tr>\n<tr>\n<td>3\/4\u2033 (19 mm)<\/td>\n<td>&gt;900<\/td>\n<td>&gt;9.0<\/td>\n<\/tr>\n<tr>\n<td>1\u2033 (25 mm)<\/td>\n<td>&gt;1200<\/td>\n<td>&gt;12.0<\/td>\n<\/tr>\n<tr>\n<td>1-1\/2\u2033 (38 mm)<\/td>\n<td>&gt;1800<\/td>\n<td>&gt;18.0<\/td>\n<\/tr>\n<tr>\n<td>2\u2033 (50 mm)<\/td>\n<td>&gt;2150<\/td>\n<td>&gt;21.5<\/td>\n<\/tr>\n<\/tbody>\n<\/table>\n<h2>Dimensioni e tolleranza (mm)<\/h2>\n<table border=\"1\" cellspacing=\"0\" cellpadding=\"8\">\n<tbody>\n<tr>\n<th>Dimensione<\/th>\n<th>3\/6\/9<\/th>\n<th>9\/13<\/th>\n<th>19\/25\/38<\/th>\n<th>50<\/th>\n<\/tr>\n<tr>\n<td>Tolleranza<\/td>\n<td>\u00b11.0<\/td>\n<td>\u00b11.5<\/td>\n<td>\u00b12<\/td>\n<td>\u00b12.5<\/td>\n<\/tr>\n<\/tbody>\n<\/table>\n<h2>Vantaggio<\/h2>\n<p>Rispetto ai mezzi di macinazione a basso e alto tenore di allumina, le sfere di ceramica a medio tenore di allumina rappresentano una soluzione economicamente vantaggiosa.<br \/>\nper le industrie che richiedono prestazioni ed efficienza economica. Offrono una maggiore durata rispetto ai normali supporti ceramici<br \/>\ne allo stesso tempo sono pi\u00f9 convenienti delle sfere di allumina di qualit\u00e0 superiore. Ci\u00f2 le rende una scelta eccellente per le operazioni di macinazione in massa.<\/p>\n<ul>\n<li>Alternativa economica ai mezzi di macinazione ad alto tenore di allumina.<\/li>\n<li>Migliora l'efficienza di macinazione e riduce i costi di produzione.<\/li>\n<li>Lunga durata e bassi requisiti di manutenzione.<\/li>\n<li>Prestazioni stabili in condizioni di funzionamento continuo.<\/li>\n<\/ul>\n<h2>Applicazione<\/h2>\n<p>Le sfere di ceramica di allumina media sono ampiamente applicate in diversi settori industriali come sfere di media ceramica e mezzi di macinazione in allumina.<br \/>\nServono sia come mezzi di macinazione che come materiali di supporto per i catalizzatori. Le applicazioni pi\u00f9 comuni includono:<\/p>\n<ul>\n<li>Cementifici - utilizzati come mezzi di macinazione nei mulini a sfere.<\/li>\n<li>Industria ceramica - macinazione e miscelazione delle materie prime.<\/li>\n<li>Industria chimica - supporto per catalizzatori e imballaggio di torri.<\/li>\n<li>Estrazione mineraria - macinazione dei minerali e trattamento dei minerali.<\/li>\n<li>Petrolio e gas - mezzi di supporto nei processi di raffinazione.<\/li>\n<\/ul>\n<h2>Pacchetto<\/h2>\n<p>Per garantire un trasporto e uno stoccaggio sicuri, le sfere di ceramica di allumina media sono imballate in robusti sacchi di tessuto, sacchi di tonnellate o fusti di acciaio.<br \/>\nsecondo i requisiti del cliente. L'imballaggio standard comprende:<\/p>\n<ul>\n<li>Sacco da 25 kg in tessuto con rivestimento interno in plastica.<\/li>\n<li>Sacco jumbo da 500 kg-1000 kg per ordini all'ingrosso.<\/li>\n<li>Imballaggio personalizzato disponibile su richiesta.<\/li>\n<\/ul>","protected":false},"excerpt":{"rendered":"<p>La sfera in ceramica di allumina media con 65%-75% Al2O3 offre un'eccellente resistenza all'usura, un'elevata resistenza meccanica e stabilit\u00e0 chimica, che la rendono una scelta ideale per le applicazioni industriali. Ampiamente utilizzate come sfere in ceramica, mezzi di macinazione in allumina e sfere in allumina, garantiscono una macinazione efficiente, una lunga durata e bassi costi di manutenzione. Queste sfere in allumina media sono adatte ai mulini per cemento, alla produzione di ceramica, alla lavorazione chimica, all'industria mineraria e petrolifera. La loro superficie liscia riduce l'abrasione dell'apparecchiatura, mantenendo stabili le prestazioni in condizioni di funzionamento continuo, offrendo una soluzione economicamente vantaggiosa tra i mezzi di macinazione a basso e ad alto tenore di allumina.<\/p>","protected":false},"featured_media":3035,"parent":0,"template":"","meta":{"_acf_changed":false,"_kad_blocks_custom_css":"","_kad_blocks_head_custom_js":"","_kad_blocks_body_custom_js":"","_kad_blocks_footer_custom_js":"","_kadence_starter_templates_imported_post":false,"_kad_post_transparent":"default","_kad_post_title":"","_kad_post_layout":"default","_kad_post_sidebar_id":"","_kad_post_content_style":"default","_kad_post_vertical_padding":"default","_kad_post_feature":"","_kad_post_feature_position":"","_kad_post_header":false,"_kad_post_footer":false},"pcategory":[27],"ptag":[],"class_list":["post-3032","product","type-product","status-publish","has-post-thumbnail","hentry","pcategory-ceramic-balls"],"acf":[],"yoast_head":"<!-- This site is optimized with the Yoast SEO plugin v27.4 - https:\/\/yoast.com\/product\/yoast-seo-wordpress\/ -->\n<title>Mid-Alumina Ceramic Ball<\/title>\n<meta name=\"robots\" content=\"index, follow, max-snippet:-1, max-image-preview:large, max-video-preview:-1\" \/>\n<link rel=\"canonical\" href=\"https:\/\/cpxzx.com\/it\/prodotto\/mid-alumina-ceramic-ball\/\" \/>\n<meta property=\"og:locale\" content=\"it_IT\" \/>\n<meta property=\"og:type\" content=\"article\" \/>\n<meta property=\"og:title\" content=\"Mid-Alumina Ceramic Ball\" \/>\n<meta property=\"og:description\" content=\"Mid-Alumina Ceramic Ball with 65%-75% Al2O3 offers excellent wear resistance, high mechanical strength, and chemical stability, making it an ideal choice for industrial applications. Widely used as ceramic media balls, alumina grinding media, and alumina spheres, it ensures efficient grinding, long service life, and low maintenance costs. These mid-alumina balls are suitable for cement mills, ceramic production, chemical processing, mining, and petroleum industries. Their smooth surface reduces equipment abrasion while maintaining stable performance under continuous operation, providing a cost-effective solution between low and high alumina grinding media.\" \/>\n<meta property=\"og:url\" content=\"https:\/\/cpxzx.com\/it\/prodotto\/mid-alumina-ceramic-ball\/\" \/>\n<meta property=\"og:site_name\" content=\"Cooling Tower Fill, China PVC Fills Manufacturer\" \/>\n<meta property=\"og:image\" content=\"https:\/\/cpxzx.com\/wp-content\/uploads\/2025\/09\/Mid-Alumina-Inert-Ceramic-Balls.jpg\" \/>\n\t<meta property=\"og:image:width\" content=\"550\" \/>\n\t<meta property=\"og:image:height\" content=\"550\" \/>\n\t<meta property=\"og:image:type\" content=\"image\/jpeg\" \/>\n<meta name=\"twitter:card\" content=\"summary_large_image\" \/>\n<meta name=\"twitter:label1\" content=\"Tempo di lettura stimato\" \/>\n\t<meta name=\"twitter:data1\" content=\"3 minuti\" \/>\n<script type=\"application\/ld+json\" class=\"yoast-schema-graph\">{\"@context\":\"https:\\\/\\\/schema.org\",\"@graph\":[{\"@type\":\"WebPage\",\"@id\":\"https:\\\/\\\/cpxzx.com\\\/product\\\/mid-alumina-ceramic-ball\\\/\",\"url\":\"https:\\\/\\\/cpxzx.com\\\/product\\\/mid-alumina-ceramic-ball\\\/\",\"name\":\"Mid-Alumina Ceramic Ball\",\"isPartOf\":{\"@id\":\"https:\\\/\\\/cpxzx.com\\\/#website\"},\"primaryImageOfPage\":{\"@id\":\"https:\\\/\\\/cpxzx.com\\\/product\\\/mid-alumina-ceramic-ball\\\/#primaryimage\"},\"image\":{\"@id\":\"https:\\\/\\\/cpxzx.com\\\/product\\\/mid-alumina-ceramic-ball\\\/#primaryimage\"},\"thumbnailUrl\":\"https:\\\/\\\/cpxzx.com\\\/wp-content\\\/uploads\\\/2025\\\/09\\\/Mid-Alumina-Inert-Ceramic-Balls.jpg\",\"datePublished\":\"2025-09-17T07:42:58+00:00\",\"breadcrumb\":{\"@id\":\"https:\\\/\\\/cpxzx.com\\\/product\\\/mid-alumina-ceramic-ball\\\/#breadcrumb\"},\"inLanguage\":\"it-IT\",\"potentialAction\":[{\"@type\":\"ReadAction\",\"target\":[\"https:\\\/\\\/cpxzx.com\\\/product\\\/mid-alumina-ceramic-ball\\\/\"]}]},{\"@type\":\"ImageObject\",\"inLanguage\":\"it-IT\",\"@id\":\"https:\\\/\\\/cpxzx.com\\\/product\\\/mid-alumina-ceramic-ball\\\/#primaryimage\",\"url\":\"https:\\\/\\\/cpxzx.com\\\/wp-content\\\/uploads\\\/2025\\\/09\\\/Mid-Alumina-Inert-Ceramic-Balls.jpg\",\"contentUrl\":\"https:\\\/\\\/cpxzx.com\\\/wp-content\\\/uploads\\\/2025\\\/09\\\/Mid-Alumina-Inert-Ceramic-Balls.jpg\",\"width\":550,\"height\":550,\"caption\":\"Mid-Alumina Inert Ceramic Balls\"},{\"@type\":\"BreadcrumbList\",\"@id\":\"https:\\\/\\\/cpxzx.com\\\/product\\\/mid-alumina-ceramic-ball\\\/#breadcrumb\",\"itemListElement\":[{\"@type\":\"ListItem\",\"position\":1,\"name\":\"Home\",\"item\":\"https:\\\/\\\/cpxzx.com\\\/\"},{\"@type\":\"ListItem\",\"position\":2,\"name\":\"Ceramic Balls\",\"item\":\"https:\\\/\\\/cpxzx.com\\\/pcategory\\\/ceramic-balls\\\/\"},{\"@type\":\"ListItem\",\"position\":3,\"name\":\"Mid-Alumina Ceramic Balls 3-10mm \u2013 Alumina Grinding Media &#038; Inert Porcelain Support Balls\"}]},{\"@type\":\"WebSite\",\"@id\":\"https:\\\/\\\/cpxzx.com\\\/#website\",\"url\":\"https:\\\/\\\/cpxzx.com\\\/\",\"name\":\"Cooling Tower Fill, China PVC Fills Manufacturer\",\"description\":\"\",\"publisher\":{\"@id\":\"https:\\\/\\\/cpxzx.com\\\/#organization\"},\"potentialAction\":[{\"@type\":\"SearchAction\",\"target\":{\"@type\":\"EntryPoint\",\"urlTemplate\":\"https:\\\/\\\/cpxzx.com\\\/?s={search_term_string}\"},\"query-input\":{\"@type\":\"PropertyValueSpecification\",\"valueRequired\":true,\"valueName\":\"search_term_string\"}}],\"inLanguage\":\"it-IT\"},{\"@type\":\"Organization\",\"@id\":\"https:\\\/\\\/cpxzx.com\\\/#organization\",\"name\":\"Cooling Tower Fill, China PVC Fills Manufacturer\",\"url\":\"https:\\\/\\\/cpxzx.com\\\/\",\"logo\":{\"@type\":\"ImageObject\",\"inLanguage\":\"it-IT\",\"@id\":\"https:\\\/\\\/cpxzx.com\\\/#\\\/schema\\\/logo\\\/image\\\/\",\"url\":\"https:\\\/\\\/cpxzx.com\\\/wp-content\\\/uploads\\\/2025\\\/07\\\/1751628807-logo.png\",\"contentUrl\":\"https:\\\/\\\/cpxzx.com\\\/wp-content\\\/uploads\\\/2025\\\/07\\\/1751628807-logo.png\",\"width\":383,\"height\":87,\"caption\":\"Cooling Tower Fill, China PVC Fills Manufacturer\"},\"image\":{\"@id\":\"https:\\\/\\\/cpxzx.com\\\/#\\\/schema\\\/logo\\\/image\\\/\"}}]}<\/script>\n<!-- \/ Yoast SEO plugin. -->","yoast_head_json":{"title":"Sfera in ceramica di media allumina","robots":{"index":"index","follow":"follow","max-snippet":"max-snippet:-1","max-image-preview":"max-image-preview:large","max-video-preview":"max-video-preview:-1"},"canonical":"https:\/\/cpxzx.com\/it\/prodotto\/mid-alumina-ceramic-ball\/","og_locale":"it_IT","og_type":"article","og_title":"Mid-Alumina Ceramic Ball","og_description":"Mid-Alumina Ceramic Ball with 65%-75% Al2O3 offers excellent wear resistance, high mechanical strength, and chemical stability, making it an ideal choice for industrial applications. Widely used as ceramic media balls, alumina grinding media, and alumina spheres, it ensures efficient grinding, long service life, and low maintenance costs. These mid-alumina balls are suitable for cement mills, ceramic production, chemical processing, mining, and petroleum industries. Their smooth surface reduces equipment abrasion while maintaining stable performance under continuous operation, providing a cost-effective solution between low and high alumina grinding media.","og_url":"https:\/\/cpxzx.com\/it\/prodotto\/mid-alumina-ceramic-ball\/","og_site_name":"Cooling Tower Fill, China PVC Fills Manufacturer","og_image":[{"width":550,"height":550,"url":"https:\/\/cpxzx.com\/wp-content\/uploads\/2025\/09\/Mid-Alumina-Inert-Ceramic-Balls.jpg","type":"image\/jpeg"}],"twitter_card":"summary_large_image","twitter_misc":{"Tempo di lettura stimato":"3 minuti"},"schema":{"@context":"https:\/\/schema.org","@graph":[{"@type":"WebPage","@id":"https:\/\/cpxzx.com\/product\/mid-alumina-ceramic-ball\/","url":"https:\/\/cpxzx.com\/product\/mid-alumina-ceramic-ball\/","name":"Sfera in ceramica di media allumina","isPartOf":{"@id":"https:\/\/cpxzx.com\/#website"},"primaryImageOfPage":{"@id":"https:\/\/cpxzx.com\/product\/mid-alumina-ceramic-ball\/#primaryimage"},"image":{"@id":"https:\/\/cpxzx.com\/product\/mid-alumina-ceramic-ball\/#primaryimage"},"thumbnailUrl":"https:\/\/cpxzx.com\/wp-content\/uploads\/2025\/09\/Mid-Alumina-Inert-Ceramic-Balls.jpg","datePublished":"2025-09-17T07:42:58+00:00","breadcrumb":{"@id":"https:\/\/cpxzx.com\/product\/mid-alumina-ceramic-ball\/#breadcrumb"},"inLanguage":"it-IT","potentialAction":[{"@type":"ReadAction","target":["https:\/\/cpxzx.com\/product\/mid-alumina-ceramic-ball\/"]}]},{"@type":"ImageObject","inLanguage":"it-IT","@id":"https:\/\/cpxzx.com\/product\/mid-alumina-ceramic-ball\/#primaryimage","url":"https:\/\/cpxzx.com\/wp-content\/uploads\/2025\/09\/Mid-Alumina-Inert-Ceramic-Balls.jpg","contentUrl":"https:\/\/cpxzx.com\/wp-content\/uploads\/2025\/09\/Mid-Alumina-Inert-Ceramic-Balls.jpg","width":550,"height":550,"caption":"Mid-Alumina Inert Ceramic Balls"},{"@type":"BreadcrumbList","@id":"https:\/\/cpxzx.com\/product\/mid-alumina-ceramic-ball\/#breadcrumb","itemListElement":[{"@type":"ListItem","position":1,"name":"Home","item":"https:\/\/cpxzx.com\/"},{"@type":"ListItem","position":2,"name":"Ceramic Balls","item":"https:\/\/cpxzx.com\/pcategory\/ceramic-balls\/"},{"@type":"ListItem","position":3,"name":"Mid-Alumina Ceramic Balls 3-10mm \u2013 Alumina Grinding Media &#038; Inert Porcelain Support Balls"}]},{"@type":"WebSite","@id":"https:\/\/cpxzx.com\/#website","url":"https:\/\/cpxzx.com\/","name":"Riempimento della torre di raffreddamento, Produttore di riempimenti in PVC in Cina","description":"","publisher":{"@id":"https:\/\/cpxzx.com\/#organization"},"potentialAction":[{"@type":"SearchAction","target":{"@type":"EntryPoint","urlTemplate":"https:\/\/cpxzx.com\/?s={search_term_string}"},"query-input":{"@type":"PropertyValueSpecification","valueRequired":true,"valueName":"search_term_string"}}],"inLanguage":"it-IT"},{"@type":"Organization","@id":"https:\/\/cpxzx.com\/#organization","name":"Riempimento della torre di raffreddamento, Produttore di riempimenti in PVC in Cina","url":"https:\/\/cpxzx.com\/","logo":{"@type":"ImageObject","inLanguage":"it-IT","@id":"https:\/\/cpxzx.com\/#\/schema\/logo\/image\/","url":"https:\/\/cpxzx.com\/wp-content\/uploads\/2025\/07\/1751628807-logo.png","contentUrl":"https:\/\/cpxzx.com\/wp-content\/uploads\/2025\/07\/1751628807-logo.png","width":383,"height":87,"caption":"Cooling Tower Fill, China PVC Fills Manufacturer"},"image":{"@id":"https:\/\/cpxzx.com\/#\/schema\/logo\/image\/"}}]}},"taxonomy_info":{"pcategory":[{"value":27,"label":"Ceramic Balls"}]},"featured_image_src_large":["https:\/\/cpxzx.com\/wp-content\/uploads\/2025\/09\/Mid-Alumina-Inert-Ceramic-Balls.jpg",550,550,false],"author_info":[],"comment_info":"","_links":{"self":[{"href":"https:\/\/cpxzx.com\/it\/wp-json\/wp\/v2\/product\/3032","targetHints":{"allow":["GET"]}}],"collection":[{"href":"https:\/\/cpxzx.com\/it\/wp-json\/wp\/v2\/product"}],"about":[{"href":"https:\/\/cpxzx.com\/it\/wp-json\/wp\/v2\/types\/product"}],"wp:featuredmedia":[{"embeddable":true,"href":"https:\/\/cpxzx.com\/it\/wp-json\/wp\/v2\/media\/3035"}],"wp:attachment":[{"href":"https:\/\/cpxzx.com\/it\/wp-json\/wp\/v2\/media?parent=3032"}],"wp:term":[{"taxonomy":"pcategory","embeddable":true,"href":"https:\/\/cpxzx.com\/it\/wp-json\/wp\/v2\/pcategory?post=3032"},{"taxonomy":"ptag","embeddable":true,"href":"https:\/\/cpxzx.com\/it\/wp-json\/wp\/v2\/ptag?post=3032"}],"curies":[{"name":"wp","href":"https:\/\/api.w.org\/{rel}","templated":true}]}}