{"id":2893,"date":"2025-08-12T05:36:56","date_gmt":"2025-08-12T05:36:56","guid":{"rendered":"https:\/\/cpxzx.com\/?post_type=product&#038;p=2893"},"modified":"2025-08-17T14:32:13","modified_gmt":"2025-08-17T14:32:13","slug":"plastic-conjugate-ring-pe-pp-rpp-pvc-cpvc-pvdf","status":"publish","type":"product","link":"https:\/\/cpxzx.com\/it\/prodotto\/plastic-conjugate-ring-pe-pp-rpp-pvc-cpvc-pvdf\/","title":{"rendered":"Anello coniugato in plastica PE, PP, RPP, PVC, CPVC, PVDF"},"content":{"rendered":"<p>Il <strong>anello coniugato in plastica<\/strong> \u00e8 un premistoppa a torre ad alte prestazioni che integra i vantaggi del premistoppa casuale anulare e dell'anello a sella in plastica Intalox. Con la sua struttura a nervature a curva coniugata e il design a lunghezza ottimale, l'anello coniugato in plastica offre un maggior numero di punti di contatto e una superficie di contatto gas-liquido pi\u00f9 ampia rispetto ai tradizionali imballaggi casuali. Questa struttura unica garantisce un trasferimento di massa efficiente e prestazioni di separazione eccellenti.<\/p>\n<h2>Caratteristiche dell'anello coniugato in plastica<\/h2>\n<ul>\n<li>Materiali: PE, PP, RPP, PVC, CPVC, PVDF, ecc.<\/li>\n<li>Elevato rapporto di vuoto e bassa caduta di pressione<\/li>\n<li>Alta efficienza di trasferimento di massa e basso peso specifico<\/li>\n<li>Eccellente resistenza alla corrosione<\/li>\n<li>Alta efficienza di separazione e lunga durata<\/li>\n<\/ul>\n<h2>Specifiche<\/h2>\n<p>Propriet\u00e0 fisiche e chimiche:<\/p>\n<table style=\"height: 233px;\" border=\"1\" width=\"1277\" cellspacing=\"0\" cellpadding=\"5\">\n<tbody>\n<tr>\n<td>Specifiche<br \/>\n(mm)<\/td>\n<td>Numeri alla rinfusa<br \/>\n(per\/ m3)<\/td>\n<td>Superficie<br \/>\n(m\u00b2\/m\u00b3)<\/td>\n<td>Volume libero<br \/>\n(%)<\/td>\n<\/tr>\n<tr>\n<td>\u03c625<\/td>\n<td>75000<\/td>\n<td>185<\/td>\n<td>95.3<\/td>\n<\/tr>\n<tr>\n<td>\u03c638<\/td>\n<td>16000<\/td>\n<td>116<\/td>\n<td>95.7<\/td>\n<\/tr>\n<tr>\n<td>\u03c650<\/td>\n<td>9700<\/td>\n<td>86<\/td>\n<td>96.6<\/td>\n<\/tr>\n<tr>\n<td>\u03c676<\/td>\n<td>2480<\/td>\n<td>81<\/td>\n<td>94.8<\/td>\n<\/tr>\n<tr>\n<td>\u03c6100<\/td>\n<td>1800<\/td>\n<td>76<\/td>\n<td>94.1<\/td>\n<\/tr>\n<\/tbody>\n<\/table>\n<p>&nbsp;<\/p>\n<table border=\"1\" cellspacing=\"0\" cellpadding=\"5\">\n<tbody>\n<tr>\n<th>Materiale<\/th>\n<th>Densit\u00e0<br \/>\n(g\/cm\u00b3)<\/th>\n<th>Temperatura di funzionamento.<br \/>\n(\u00b0C)<\/th>\n<th>Resistenza alla corrosione chimica<\/th>\n<th>Resistenza alla compressione<br \/>\n(MPa)<\/th>\n<\/tr>\n<tr>\n<td>PE<\/td>\n<td>0.94-0.96<\/td>\n<td>90<\/td>\n<td>Buono<\/td>\n<td>&gt;6.0<\/td>\n<\/tr>\n<tr>\n<td>PP<\/td>\n<td>0.89-0.91<\/td>\n<td>&gt;100<\/td>\n<td>Buono<\/td>\n<td>&gt;6.5<\/td>\n<\/tr>\n<tr>\n<td>RPP<\/td>\n<td>0.93-0.94<\/td>\n<td>&gt;120<\/td>\n<td>Buono<\/td>\n<td>&gt;7.0<\/td>\n<\/tr>\n<tr>\n<td>PVC<\/td>\n<td>1.32-1.44<\/td>\n<td>&gt;60<\/td>\n<td>Buono<\/td>\n<td>&gt;6.0<\/td>\n<\/tr>\n<tr>\n<td>CPVC<\/td>\n<td>1.50-1.54<\/td>\n<td>&gt;90<\/td>\n<td>Buono<\/td>\n<td>&gt;8.0<\/td>\n<\/tr>\n<tr>\n<td>PVDF<\/td>\n<td>1.75-1.78<\/td>\n<td>&gt;150<\/td>\n<td>Buono<\/td>\n<td>&gt;10.0<\/td>\n<\/tr>\n<\/tbody>\n<\/table>\n<h2>Vantaggi dell'anello coniugato in plastica<\/h2>\n<ul>\n<li>Design strutturale speciale per un flusso elevato e una bassa caduta di pressione<\/li>\n<li>Buona capacit\u00e0 anti-impatto e lunga durata operativa<\/li>\n<li>Forte resistenza alla corrosione chimica<\/li>\n<li>Ampio spazio vuoto per un'elevata efficienza<\/li>\n<li>Risparmio energetico, bassi costi operativi e facilit\u00e0 di carico\/scarico<\/li>\n<\/ul>\n<h2>Applicazioni dell'anello coniugato in plastica<\/h2>\n<p>Gli anelli coniugati in plastica sono ampiamente utilizzati nella raffinazione del petrolio, nella lavorazione chimica, nella produzione di cloruro di alcali, nel trattamento dei gas e nell'industria della protezione ambientale.<br \/>\nSono adatti per applicazioni in cui le temperature di esercizio raggiungono i 280\u00b0C, a seconda del materiale scelto.<br \/>\nNelle torri impaccate, negli scrubber e nelle colonne di distillazione, l'anello coniugato in plastica garantisce una separazione efficiente mantenendo un basso consumo energetico.<\/p>\n<h2>Pacchetto<\/h2>\n<p>Gli anelli coniugati in plastica sono imballati in modo sicuro per evitare danni durante il trasporto, assicurando che arrivino pronti per l'uso immediato nelle vostre apparecchiature di processo.<\/p>","protected":false},"excerpt":{"rendered":"<p>L'anello coniugato in plastica \u00e8 ampiamente riconosciuto per l'ampio flusso, la bassa resistenza al fluido e l'eccezionale flessibilit\u00e0 operativa. \u00c8 stato progettato per ottimizzare le prestazioni della colonna in una variet\u00e0 di applicazioni chimiche, petrolifere e ambientali. Migliorando l'efficienza del contatto, l'anello coniugato in plastica aumenta la produttivit\u00e0 riducendo al minimo la caduta di pressione, il che lo rende una scelta preferenziale per i processi industriali.<\/p>","protected":false},"featured_media":2894,"parent":0,"template":"","meta":{"_acf_changed":false,"_kad_blocks_custom_css":"","_kad_blocks_head_custom_js":"","_kad_blocks_body_custom_js":"","_kad_blocks_footer_custom_js":"","_kadence_starter_templates_imported_post":false,"_kad_post_transparent":"default","_kad_post_title":"","_kad_post_layout":"default","_kad_post_sidebar_id":"","_kad_post_content_style":"default","_kad_post_vertical_padding":"default","_kad_post_feature":"","_kad_post_feature_position":"","_kad_post_header":false,"_kad_post_footer":false},"pcategory":[22,25],"ptag":[],"class_list":["post-2893","product","type-product","status-publish","has-post-thumbnail","hentry","pcategory-random-packing","pcategory-plastic-random-packing"],"acf":[],"yoast_head":"<!-- This site is optimized with the Yoast SEO plugin v27.4 - https:\/\/yoast.com\/product\/yoast-seo-wordpress\/ -->\n<title>Plastic Conjugate Ring<\/title>\n<meta name=\"robots\" content=\"index, follow, max-snippet:-1, max-image-preview:large, max-video-preview:-1\" \/>\n<link rel=\"canonical\" href=\"https:\/\/cpxzx.com\/it\/prodotto\/plastic-conjugate-ring-pe-pp-rpp-pvc-cpvc-pvdf\/\" \/>\n<meta property=\"og:locale\" content=\"it_IT\" \/>\n<meta property=\"og:type\" content=\"article\" \/>\n<meta property=\"og:title\" content=\"Plastic Conjugate Ring\" \/>\n<meta property=\"og:description\" content=\"The plastic conjugate ring is widely recognized for its large flux, low fluid resistance, and outstanding operational flexibility. It is designed to optimize column performance in a variety of chemical, petroleum, and environmental applications. By improving contact efficiency, the plastic conjugate ring enhances throughput while minimizing pressure drop, making it a preferred choice for industrial processes.\" \/>\n<meta property=\"og:url\" content=\"https:\/\/cpxzx.com\/it\/prodotto\/plastic-conjugate-ring-pe-pp-rpp-pvc-cpvc-pvdf\/\" \/>\n<meta property=\"og:site_name\" content=\"Cooling Tower Fill, China PVC Fills Manufacturer\" \/>\n<meta property=\"article:modified_time\" content=\"2025-08-17T14:32:13+00:00\" \/>\n<meta property=\"og:image\" content=\"https:\/\/cpxzx.com\/wp-content\/uploads\/2025\/08\/Plastic-Conjugate-Ring-2.jpg\" \/>\n\t<meta property=\"og:image:width\" content=\"550\" \/>\n\t<meta property=\"og:image:height\" content=\"550\" \/>\n\t<meta property=\"og:image:type\" content=\"image\/jpeg\" \/>\n<meta name=\"twitter:card\" content=\"summary_large_image\" \/>\n<meta name=\"twitter:label1\" content=\"Tempo di lettura stimato\" \/>\n\t<meta name=\"twitter:data1\" content=\"2 minuti\" \/>\n<script type=\"application\/ld+json\" class=\"yoast-schema-graph\">{\"@context\":\"https:\\\/\\\/schema.org\",\"@graph\":[{\"@type\":\"WebPage\",\"@id\":\"https:\\\/\\\/cpxzx.com\\\/product\\\/plastic-conjugate-ring-pe-pp-rpp-pvc-cpvc-pvdf\\\/\",\"url\":\"https:\\\/\\\/cpxzx.com\\\/product\\\/plastic-conjugate-ring-pe-pp-rpp-pvc-cpvc-pvdf\\\/\",\"name\":\"Plastic Conjugate Ring\",\"isPartOf\":{\"@id\":\"https:\\\/\\\/cpxzx.com\\\/#website\"},\"primaryImageOfPage\":{\"@id\":\"https:\\\/\\\/cpxzx.com\\\/product\\\/plastic-conjugate-ring-pe-pp-rpp-pvc-cpvc-pvdf\\\/#primaryimage\"},\"image\":{\"@id\":\"https:\\\/\\\/cpxzx.com\\\/product\\\/plastic-conjugate-ring-pe-pp-rpp-pvc-cpvc-pvdf\\\/#primaryimage\"},\"thumbnailUrl\":\"https:\\\/\\\/cpxzx.com\\\/wp-content\\\/uploads\\\/2025\\\/08\\\/Plastic-Conjugate-Ring-2.jpg\",\"datePublished\":\"2025-08-12T05:36:56+00:00\",\"dateModified\":\"2025-08-17T14:32:13+00:00\",\"breadcrumb\":{\"@id\":\"https:\\\/\\\/cpxzx.com\\\/product\\\/plastic-conjugate-ring-pe-pp-rpp-pvc-cpvc-pvdf\\\/#breadcrumb\"},\"inLanguage\":\"it-IT\",\"potentialAction\":[{\"@type\":\"ReadAction\",\"target\":[\"https:\\\/\\\/cpxzx.com\\\/product\\\/plastic-conjugate-ring-pe-pp-rpp-pvc-cpvc-pvdf\\\/\"]}]},{\"@type\":\"ImageObject\",\"inLanguage\":\"it-IT\",\"@id\":\"https:\\\/\\\/cpxzx.com\\\/product\\\/plastic-conjugate-ring-pe-pp-rpp-pvc-cpvc-pvdf\\\/#primaryimage\",\"url\":\"https:\\\/\\\/cpxzx.com\\\/wp-content\\\/uploads\\\/2025\\\/08\\\/Plastic-Conjugate-Ring-2.jpg\",\"contentUrl\":\"https:\\\/\\\/cpxzx.com\\\/wp-content\\\/uploads\\\/2025\\\/08\\\/Plastic-Conjugate-Ring-2.jpg\",\"width\":550,\"height\":550},{\"@type\":\"BreadcrumbList\",\"@id\":\"https:\\\/\\\/cpxzx.com\\\/product\\\/plastic-conjugate-ring-pe-pp-rpp-pvc-cpvc-pvdf\\\/#breadcrumb\",\"itemListElement\":[{\"@type\":\"ListItem\",\"position\":1,\"name\":\"Home\",\"item\":\"https:\\\/\\\/cpxzx.com\\\/\"},{\"@type\":\"ListItem\",\"position\":2,\"name\":\"Random Packing\",\"item\":\"https:\\\/\\\/cpxzx.com\\\/pcategory\\\/random-packing\\\/\"},{\"@type\":\"ListItem\",\"position\":3,\"name\":\"Plastic Conjugate Ring PE, PP, RPP, PVC, CPVC, PVDF\"}]},{\"@type\":\"WebSite\",\"@id\":\"https:\\\/\\\/cpxzx.com\\\/#website\",\"url\":\"https:\\\/\\\/cpxzx.com\\\/\",\"name\":\"Cooling Tower Fill, China PVC Fills Manufacturer\",\"description\":\"\",\"publisher\":{\"@id\":\"https:\\\/\\\/cpxzx.com\\\/#organization\"},\"potentialAction\":[{\"@type\":\"SearchAction\",\"target\":{\"@type\":\"EntryPoint\",\"urlTemplate\":\"https:\\\/\\\/cpxzx.com\\\/?s={search_term_string}\"},\"query-input\":{\"@type\":\"PropertyValueSpecification\",\"valueRequired\":true,\"valueName\":\"search_term_string\"}}],\"inLanguage\":\"it-IT\"},{\"@type\":\"Organization\",\"@id\":\"https:\\\/\\\/cpxzx.com\\\/#organization\",\"name\":\"Cooling Tower Fill, China PVC Fills Manufacturer\",\"url\":\"https:\\\/\\\/cpxzx.com\\\/\",\"logo\":{\"@type\":\"ImageObject\",\"inLanguage\":\"it-IT\",\"@id\":\"https:\\\/\\\/cpxzx.com\\\/#\\\/schema\\\/logo\\\/image\\\/\",\"url\":\"https:\\\/\\\/cpxzx.com\\\/wp-content\\\/uploads\\\/2025\\\/07\\\/1751628807-logo.png\",\"contentUrl\":\"https:\\\/\\\/cpxzx.com\\\/wp-content\\\/uploads\\\/2025\\\/07\\\/1751628807-logo.png\",\"width\":383,\"height\":87,\"caption\":\"Cooling Tower Fill, China PVC Fills Manufacturer\"},\"image\":{\"@id\":\"https:\\\/\\\/cpxzx.com\\\/#\\\/schema\\\/logo\\\/image\\\/\"}}]}<\/script>\n<!-- \/ Yoast SEO plugin. -->","yoast_head_json":{"title":"Plastic Conjugate Ring","robots":{"index":"index","follow":"follow","max-snippet":"max-snippet:-1","max-image-preview":"max-image-preview:large","max-video-preview":"max-video-preview:-1"},"canonical":"https:\/\/cpxzx.com\/it\/prodotto\/plastic-conjugate-ring-pe-pp-rpp-pvc-cpvc-pvdf\/","og_locale":"it_IT","og_type":"article","og_title":"Plastic Conjugate Ring","og_description":"The plastic conjugate ring is widely recognized for its large flux, low fluid resistance, and outstanding operational flexibility. It is designed to optimize column performance in a variety of chemical, petroleum, and environmental applications. By improving contact efficiency, the plastic conjugate ring enhances throughput while minimizing pressure drop, making it a preferred choice for industrial processes.","og_url":"https:\/\/cpxzx.com\/it\/prodotto\/plastic-conjugate-ring-pe-pp-rpp-pvc-cpvc-pvdf\/","og_site_name":"Cooling Tower Fill, China PVC Fills Manufacturer","article_modified_time":"2025-08-17T14:32:13+00:00","og_image":[{"width":550,"height":550,"url":"https:\/\/cpxzx.com\/wp-content\/uploads\/2025\/08\/Plastic-Conjugate-Ring-2.jpg","type":"image\/jpeg"}],"twitter_card":"summary_large_image","twitter_misc":{"Tempo di lettura stimato":"2 minuti"},"schema":{"@context":"https:\/\/schema.org","@graph":[{"@type":"WebPage","@id":"https:\/\/cpxzx.com\/product\/plastic-conjugate-ring-pe-pp-rpp-pvc-cpvc-pvdf\/","url":"https:\/\/cpxzx.com\/product\/plastic-conjugate-ring-pe-pp-rpp-pvc-cpvc-pvdf\/","name":"Plastic Conjugate Ring","isPartOf":{"@id":"https:\/\/cpxzx.com\/#website"},"primaryImageOfPage":{"@id":"https:\/\/cpxzx.com\/product\/plastic-conjugate-ring-pe-pp-rpp-pvc-cpvc-pvdf\/#primaryimage"},"image":{"@id":"https:\/\/cpxzx.com\/product\/plastic-conjugate-ring-pe-pp-rpp-pvc-cpvc-pvdf\/#primaryimage"},"thumbnailUrl":"https:\/\/cpxzx.com\/wp-content\/uploads\/2025\/08\/Plastic-Conjugate-Ring-2.jpg","datePublished":"2025-08-12T05:36:56+00:00","dateModified":"2025-08-17T14:32:13+00:00","breadcrumb":{"@id":"https:\/\/cpxzx.com\/product\/plastic-conjugate-ring-pe-pp-rpp-pvc-cpvc-pvdf\/#breadcrumb"},"inLanguage":"it-IT","potentialAction":[{"@type":"ReadAction","target":["https:\/\/cpxzx.com\/product\/plastic-conjugate-ring-pe-pp-rpp-pvc-cpvc-pvdf\/"]}]},{"@type":"ImageObject","inLanguage":"it-IT","@id":"https:\/\/cpxzx.com\/product\/plastic-conjugate-ring-pe-pp-rpp-pvc-cpvc-pvdf\/#primaryimage","url":"https:\/\/cpxzx.com\/wp-content\/uploads\/2025\/08\/Plastic-Conjugate-Ring-2.jpg","contentUrl":"https:\/\/cpxzx.com\/wp-content\/uploads\/2025\/08\/Plastic-Conjugate-Ring-2.jpg","width":550,"height":550},{"@type":"BreadcrumbList","@id":"https:\/\/cpxzx.com\/product\/plastic-conjugate-ring-pe-pp-rpp-pvc-cpvc-pvdf\/#breadcrumb","itemListElement":[{"@type":"ListItem","position":1,"name":"Home","item":"https:\/\/cpxzx.com\/"},{"@type":"ListItem","position":2,"name":"Random Packing","item":"https:\/\/cpxzx.com\/pcategory\/random-packing\/"},{"@type":"ListItem","position":3,"name":"Plastic Conjugate Ring PE, PP, RPP, PVC, CPVC, PVDF"}]},{"@type":"WebSite","@id":"https:\/\/cpxzx.com\/#website","url":"https:\/\/cpxzx.com\/","name":"Riempimento della torre di raffreddamento, Produttore di riempimenti in PVC in Cina","description":"","publisher":{"@id":"https:\/\/cpxzx.com\/#organization"},"potentialAction":[{"@type":"SearchAction","target":{"@type":"EntryPoint","urlTemplate":"https:\/\/cpxzx.com\/?s={search_term_string}"},"query-input":{"@type":"PropertyValueSpecification","valueRequired":true,"valueName":"search_term_string"}}],"inLanguage":"it-IT"},{"@type":"Organization","@id":"https:\/\/cpxzx.com\/#organization","name":"Riempimento della torre di raffreddamento, Produttore di riempimenti in PVC in Cina","url":"https:\/\/cpxzx.com\/","logo":{"@type":"ImageObject","inLanguage":"it-IT","@id":"https:\/\/cpxzx.com\/#\/schema\/logo\/image\/","url":"https:\/\/cpxzx.com\/wp-content\/uploads\/2025\/07\/1751628807-logo.png","contentUrl":"https:\/\/cpxzx.com\/wp-content\/uploads\/2025\/07\/1751628807-logo.png","width":383,"height":87,"caption":"Cooling Tower Fill, China PVC Fills Manufacturer"},"image":{"@id":"https:\/\/cpxzx.com\/#\/schema\/logo\/image\/"}}]}},"taxonomy_info":{"pcategory":[{"value":22,"label":"Random Packing"},{"value":25,"label":"Plastic Random Packing"}]},"featured_image_src_large":["https:\/\/cpxzx.com\/wp-content\/uploads\/2025\/08\/Plastic-Conjugate-Ring-2.jpg",550,550,false],"author_info":[],"comment_info":"","_links":{"self":[{"href":"https:\/\/cpxzx.com\/it\/wp-json\/wp\/v2\/product\/2893","targetHints":{"allow":["GET"]}}],"collection":[{"href":"https:\/\/cpxzx.com\/it\/wp-json\/wp\/v2\/product"}],"about":[{"href":"https:\/\/cpxzx.com\/it\/wp-json\/wp\/v2\/types\/product"}],"wp:featuredmedia":[{"embeddable":true,"href":"https:\/\/cpxzx.com\/it\/wp-json\/wp\/v2\/media\/2894"}],"wp:attachment":[{"href":"https:\/\/cpxzx.com\/it\/wp-json\/wp\/v2\/media?parent=2893"}],"wp:term":[{"taxonomy":"pcategory","embeddable":true,"href":"https:\/\/cpxzx.com\/it\/wp-json\/wp\/v2\/pcategory?post=2893"},{"taxonomy":"ptag","embeddable":true,"href":"https:\/\/cpxzx.com\/it\/wp-json\/wp\/v2\/ptag?post=2893"}],"curies":[{"name":"wp","href":"https:\/\/api.w.org\/{rel}","templated":true}]}}