{"id":2867,"date":"2025-08-04T03:15:04","date_gmt":"2025-08-04T03:15:04","guid":{"rendered":"https:\/\/cpxzx.com\/?post_type=product&#038;p=2867"},"modified":"2025-08-04T03:15:04","modified_gmt":"2025-08-04T03:15:04","slug":"plastic-tellerette-rosette-ring","status":"publish","type":"product","link":"https:\/\/cpxzx.com\/it\/prodotto\/plastic-tellerette-rosette-ring\/","title":{"rendered":"Anello di plastica del rosone di Tellerette PP, PE, RPP, PVC, CPVC, PVDF"},"content":{"rendered":"<p>Conosciuto anche come <strong>Anello con rosetta Teller<\/strong> o <strong>Anello con rosetta Telleratte<\/strong>Questo imballaggio \u00e8 stato progettato per la prima volta da A. J. Teller nel 1954. \u00c8 caratterizzato da una struttura a fiore composta da 12 o pi\u00f9 piccole anse disposte all'interno di un anello pi\u00f9 grande. Questa geometria garantisce un'eccellente distribuzione del liquido e un'elevata efficienza di trasferimento di massa.<\/p>\n<h2>Struttura e materiali<\/h2>\n<p>Sono disponibili in materiali come PP, PE, RPP, PVC, CPVC e PVDF, ciascuno adatto a temperature e ambienti chimici specifici. La gamma di temperature di esercizio \u00e8 in genere compresa tra 60 e 150 \u00b0C, con il PVDF che offre la massima resistenza.<\/p>\n<p>I diametri pi\u00f9 comuni sono 25 mm, 47 mm, 51 mm, 59 mm, 73 mm, 95 mm e 145 mm, ciascuno con un numero di anelli e profili di prestazioni diversi.<\/p>\n<h2>Caratteristiche principali<\/h2>\n<ul class=\"list-paddingleft-2\">\n<li><strong>Alto rapporto di vuoto:<\/strong> Tipicamente 82-95%, che garantisce un basso rischio di ostruzione e un eccellente flusso del fluido.<\/li>\n<li><strong>Bassa perdita di carico:<\/strong> I canali aerodinamici riducono la resistenza e fanno risparmiare energia.<\/li>\n<li><strong>Contatto gas-liquido superiore:<\/strong> Trattiene una maggiore quantit\u00e0 di liquido per una prolungata interazione di trasferimento di massa.<\/li>\n<li><strong>Punto di inondazione alto:<\/strong> Prestazioni efficienti anche in condizioni di carico elevato.<\/li>\n<li><strong>Resistenza alla corrosione e leggerezza:<\/strong> Facile da trasportare, installare e resistente agli attacchi chimici.<\/li>\n<\/ul>\n<h2>Specifiche tipiche<\/h2>\n<table border=\"1\" cellspacing=\"0\" cellpadding=\"6\">\n<thead>\n<tr>\n<th>Modello (D\u00d7H mm)<\/th>\n<th>Conteggio dei cicli<\/th>\n<th>Superficie (m\u00b2\/m\u00b3)<\/th>\n<th>Frazione di vuoto (%)<\/th>\n<th>Pz\/m\u00b3<\/th>\n<th>Densit\u00e0 apparente (kg\/m\u00b3)<\/th>\n<th>Fattore di imballaggio (1\/m)<\/th>\n<\/tr>\n<\/thead>\n<tbody>\n<tr>\n<td>25\u00d79<\/td>\n<td>5<\/td>\n<td>\u2248195<\/td>\n<td>\u224882<\/td>\n<td>170,000<\/td>\n<td>~85<\/td>\n<td>~488<\/td>\n<\/tr>\n<tr>\n<td>47\u00d719<\/td>\n<td>9<\/td>\n<td>\u2248185<\/td>\n<td>\u224888<\/td>\n<td>32,500<\/td>\n<td>~58<\/td>\n<td>~271<\/td>\n<\/tr>\n<tr>\n<td>59\u00d719<\/td>\n<td>12<\/td>\n<td>\u2248150<\/td>\n<td>\u224892<\/td>\n<td>17,500<\/td>\n<td>~48<\/td>\n<td>~213<\/td>\n<\/tr>\n<tr>\n<td>95\u00d737<\/td>\n<td>18<\/td>\n<td>\u224894<\/td>\n<td>\u224892<\/td>\n<td>3,900<\/td>\n<td>~52<\/td>\n<td>~129<\/td>\n<\/tr>\n<tr>\n<td>145\u00d748<\/td>\n<td>20<\/td>\n<td>\u224865<\/td>\n<td>\u224895<\/td>\n<td>1,100<\/td>\n<td>~46<\/td>\n<td>~76<\/td>\n<\/tr>\n<\/tbody>\n<\/table>\n<h2>Applicazioni<\/h2>\n<ul class=\"list-paddingleft-2\">\n<li>Sistemi di assorbimento, scrubbing e desolforazione del gas<\/li>\n<li>Torri di contatto gas-liquido come torri di purificazione, torri di raffreddamento e disossidanti<\/li>\n<li>Utilizzato nei settori chimico, della raffinazione del petrolio, delle centrali elettriche e dell'ingegneria ambientale.<\/li>\n<\/ul>\n<h2>Riepilogo dei vantaggi<\/h2>\n<ul class=\"list-paddingleft-2\">\n<li>Elevata produttivit\u00e0 e basso consumo energetico<\/li>\n<li>Forte resistenza alle incrostazioni e agli intasamenti<\/li>\n<li>Opzioni resistenti alla corrosione per ambienti difficili<\/li>\n<li>Leggero e facile da installare, economico<\/li>\n<\/ul>\n<h2>Raccomandazioni d'uso<\/h2>\n<p>Selezionare il materiale in base alle condizioni operative: utilizzare il PP per uso generale, il PVDF per le alte temperature o i fluidi corrosivi. Scegliere le dimensioni dell'anello in base al compromesso tra area superficiale, caduta di pressione e capacit\u00e0 della torre. Per condizioni di lavoro gravose, utilizzare anelli con una frazione di vuoto e una tolleranza di carico maggiori.<\/p>","protected":false},"excerpt":{"rendered":"<p>Plastic Tellerette Rosette Ring, also known as Plastic Teller Rosette Ring, was invented by Tell A.J. in 1956. It features several small rings arranged within a larger ring to increase liquid holdup and enhance gas-liquid contact time.<\/p>\n<p>This packing offers high free volume, low pressure drop, uniform gas-liquid distribution, and high mass transfer efficiency. It is available in various materials, shapes, and sizes to suit different applications.<\/p>","protected":false},"featured_media":2869,"parent":0,"template":"","meta":{"_acf_changed":false,"_kad_blocks_custom_css":"","_kad_blocks_head_custom_js":"","_kad_blocks_body_custom_js":"","_kad_blocks_footer_custom_js":"","_kadence_starter_templates_imported_post":false,"_kad_post_transparent":"default","_kad_post_title":"","_kad_post_layout":"default","_kad_post_sidebar_id":"","_kad_post_content_style":"default","_kad_post_vertical_padding":"default","_kad_post_feature":"","_kad_post_feature_position":"","_kad_post_header":false,"_kad_post_footer":false},"pcategory":[22,25],"ptag":[],"class_list":["post-2867","product","type-product","status-publish","has-post-thumbnail","hentry","pcategory-random-packing","pcategory-plastic-random-packing"],"acf":[],"yoast_head":"<!-- This site is optimized with the Yoast SEO plugin v27.4 - https:\/\/yoast.com\/product\/yoast-seo-wordpress\/ -->\n<title>Plastic Tellerette Rosette Ring<\/title>\n<meta name=\"robots\" content=\"index, follow, max-snippet:-1, max-image-preview:large, max-video-preview:-1\" \/>\n<link rel=\"canonical\" href=\"https:\/\/cpxzx.com\/it\/prodotto\/plastic-tellerette-rosette-ring\/\" \/>\n<meta property=\"og:locale\" content=\"it_IT\" \/>\n<meta property=\"og:type\" content=\"article\" \/>\n<meta property=\"og:title\" content=\"Plastic Tellerette Rosette Ring\" \/>\n<meta property=\"og:description\" content=\"Plastic Tellerette Rosette Ring, also known as Plastic Teller Rosette Ring, was invented by Tell A.J. in 1956. It features several small rings arranged within a larger ring to increase liquid holdup and enhance gas-liquid contact time.  This packing offers high free volume, low pressure drop, uniform gas-liquid distribution, and high mass transfer efficiency. It is available in various materials, shapes, and sizes to suit different applications.\" \/>\n<meta property=\"og:url\" content=\"https:\/\/cpxzx.com\/it\/prodotto\/plastic-tellerette-rosette-ring\/\" \/>\n<meta property=\"og:site_name\" content=\"Cooling Tower Fill, China PVC Fills Manufacturer\" \/>\n<meta property=\"og:image\" content=\"https:\/\/cpxzx.com\/wp-content\/uploads\/2025\/08\/Plastic-Tellerette-Rosette-Ring1-1.jpg\" \/>\n\t<meta property=\"og:image:width\" content=\"550\" \/>\n\t<meta property=\"og:image:height\" content=\"550\" \/>\n\t<meta property=\"og:image:type\" content=\"image\/jpeg\" \/>\n<meta name=\"twitter:card\" content=\"summary_large_image\" \/>\n<meta name=\"twitter:label1\" content=\"Tempo di lettura stimato\" \/>\n\t<meta name=\"twitter:data1\" content=\"2 minuti\" \/>\n<script type=\"application\/ld+json\" class=\"yoast-schema-graph\">{\"@context\":\"https:\\\/\\\/schema.org\",\"@graph\":[{\"@type\":\"WebPage\",\"@id\":\"https:\\\/\\\/cpxzx.com\\\/product\\\/plastic-tellerette-rosette-ring\\\/\",\"url\":\"https:\\\/\\\/cpxzx.com\\\/product\\\/plastic-tellerette-rosette-ring\\\/\",\"name\":\"Plastic Tellerette Rosette Ring\",\"isPartOf\":{\"@id\":\"https:\\\/\\\/cpxzx.com\\\/#website\"},\"primaryImageOfPage\":{\"@id\":\"https:\\\/\\\/cpxzx.com\\\/product\\\/plastic-tellerette-rosette-ring\\\/#primaryimage\"},\"image\":{\"@id\":\"https:\\\/\\\/cpxzx.com\\\/product\\\/plastic-tellerette-rosette-ring\\\/#primaryimage\"},\"thumbnailUrl\":\"https:\\\/\\\/cpxzx.com\\\/wp-content\\\/uploads\\\/2025\\\/08\\\/Plastic-Tellerette-Rosette-Ring1-1.jpg\",\"datePublished\":\"2025-08-04T03:15:04+00:00\",\"breadcrumb\":{\"@id\":\"https:\\\/\\\/cpxzx.com\\\/product\\\/plastic-tellerette-rosette-ring\\\/#breadcrumb\"},\"inLanguage\":\"it-IT\",\"potentialAction\":[{\"@type\":\"ReadAction\",\"target\":[\"https:\\\/\\\/cpxzx.com\\\/product\\\/plastic-tellerette-rosette-ring\\\/\"]}]},{\"@type\":\"ImageObject\",\"inLanguage\":\"it-IT\",\"@id\":\"https:\\\/\\\/cpxzx.com\\\/product\\\/plastic-tellerette-rosette-ring\\\/#primaryimage\",\"url\":\"https:\\\/\\\/cpxzx.com\\\/wp-content\\\/uploads\\\/2025\\\/08\\\/Plastic-Tellerette-Rosette-Ring1-1.jpg\",\"contentUrl\":\"https:\\\/\\\/cpxzx.com\\\/wp-content\\\/uploads\\\/2025\\\/08\\\/Plastic-Tellerette-Rosette-Ring1-1.jpg\",\"width\":550,\"height\":550},{\"@type\":\"BreadcrumbList\",\"@id\":\"https:\\\/\\\/cpxzx.com\\\/product\\\/plastic-tellerette-rosette-ring\\\/#breadcrumb\",\"itemListElement\":[{\"@type\":\"ListItem\",\"position\":1,\"name\":\"Home\",\"item\":\"https:\\\/\\\/cpxzx.com\\\/\"},{\"@type\":\"ListItem\",\"position\":2,\"name\":\"Random Packing\",\"item\":\"https:\\\/\\\/cpxzx.com\\\/pcategory\\\/random-packing\\\/\"},{\"@type\":\"ListItem\",\"position\":3,\"name\":\"Plastic Random Packing\",\"item\":\"https:\\\/\\\/cpxzx.com\\\/pcategory\\\/random-packing\\\/plastic-random-packing\\\/\"},{\"@type\":\"ListItem\",\"position\":4,\"name\":\"Plastic Tellerette Rosette Ring PP, PE, RPP, PVC, CPVC,PVDF\"}]},{\"@type\":\"WebSite\",\"@id\":\"https:\\\/\\\/cpxzx.com\\\/#website\",\"url\":\"https:\\\/\\\/cpxzx.com\\\/\",\"name\":\"Cooling Tower Fill, China PVC Fills Manufacturer\",\"description\":\"\",\"publisher\":{\"@id\":\"https:\\\/\\\/cpxzx.com\\\/#organization\"},\"potentialAction\":[{\"@type\":\"SearchAction\",\"target\":{\"@type\":\"EntryPoint\",\"urlTemplate\":\"https:\\\/\\\/cpxzx.com\\\/?s={search_term_string}\"},\"query-input\":{\"@type\":\"PropertyValueSpecification\",\"valueRequired\":true,\"valueName\":\"search_term_string\"}}],\"inLanguage\":\"it-IT\"},{\"@type\":\"Organization\",\"@id\":\"https:\\\/\\\/cpxzx.com\\\/#organization\",\"name\":\"Cooling Tower Fill, China PVC Fills Manufacturer\",\"url\":\"https:\\\/\\\/cpxzx.com\\\/\",\"logo\":{\"@type\":\"ImageObject\",\"inLanguage\":\"it-IT\",\"@id\":\"https:\\\/\\\/cpxzx.com\\\/#\\\/schema\\\/logo\\\/image\\\/\",\"url\":\"https:\\\/\\\/cpxzx.com\\\/wp-content\\\/uploads\\\/2025\\\/07\\\/1751628807-logo.png\",\"contentUrl\":\"https:\\\/\\\/cpxzx.com\\\/wp-content\\\/uploads\\\/2025\\\/07\\\/1751628807-logo.png\",\"width\":383,\"height\":87,\"caption\":\"Cooling Tower Fill, China PVC Fills Manufacturer\"},\"image\":{\"@id\":\"https:\\\/\\\/cpxzx.com\\\/#\\\/schema\\\/logo\\\/image\\\/\"}}]}<\/script>\n<!-- \/ Yoast SEO plugin. -->","yoast_head_json":{"title":"Plastic Tellerette Rosette Ring","robots":{"index":"index","follow":"follow","max-snippet":"max-snippet:-1","max-image-preview":"max-image-preview:large","max-video-preview":"max-video-preview:-1"},"canonical":"https:\/\/cpxzx.com\/it\/prodotto\/plastic-tellerette-rosette-ring\/","og_locale":"it_IT","og_type":"article","og_title":"Plastic Tellerette Rosette Ring","og_description":"Plastic Tellerette Rosette Ring, also known as Plastic Teller Rosette Ring, was invented by Tell A.J. in 1956. It features several small rings arranged within a larger ring to increase liquid holdup and enhance gas-liquid contact time.  This packing offers high free volume, low pressure drop, uniform gas-liquid distribution, and high mass transfer efficiency. It is available in various materials, shapes, and sizes to suit different applications.","og_url":"https:\/\/cpxzx.com\/it\/prodotto\/plastic-tellerette-rosette-ring\/","og_site_name":"Cooling Tower Fill, China PVC Fills Manufacturer","og_image":[{"width":550,"height":550,"url":"https:\/\/cpxzx.com\/wp-content\/uploads\/2025\/08\/Plastic-Tellerette-Rosette-Ring1-1.jpg","type":"image\/jpeg"}],"twitter_card":"summary_large_image","twitter_misc":{"Tempo di lettura stimato":"2 minuti"},"schema":{"@context":"https:\/\/schema.org","@graph":[{"@type":"WebPage","@id":"https:\/\/cpxzx.com\/product\/plastic-tellerette-rosette-ring\/","url":"https:\/\/cpxzx.com\/product\/plastic-tellerette-rosette-ring\/","name":"Plastic Tellerette Rosette Ring","isPartOf":{"@id":"https:\/\/cpxzx.com\/#website"},"primaryImageOfPage":{"@id":"https:\/\/cpxzx.com\/product\/plastic-tellerette-rosette-ring\/#primaryimage"},"image":{"@id":"https:\/\/cpxzx.com\/product\/plastic-tellerette-rosette-ring\/#primaryimage"},"thumbnailUrl":"https:\/\/cpxzx.com\/wp-content\/uploads\/2025\/08\/Plastic-Tellerette-Rosette-Ring1-1.jpg","datePublished":"2025-08-04T03:15:04+00:00","breadcrumb":{"@id":"https:\/\/cpxzx.com\/product\/plastic-tellerette-rosette-ring\/#breadcrumb"},"inLanguage":"it-IT","potentialAction":[{"@type":"ReadAction","target":["https:\/\/cpxzx.com\/product\/plastic-tellerette-rosette-ring\/"]}]},{"@type":"ImageObject","inLanguage":"it-IT","@id":"https:\/\/cpxzx.com\/product\/plastic-tellerette-rosette-ring\/#primaryimage","url":"https:\/\/cpxzx.com\/wp-content\/uploads\/2025\/08\/Plastic-Tellerette-Rosette-Ring1-1.jpg","contentUrl":"https:\/\/cpxzx.com\/wp-content\/uploads\/2025\/08\/Plastic-Tellerette-Rosette-Ring1-1.jpg","width":550,"height":550},{"@type":"BreadcrumbList","@id":"https:\/\/cpxzx.com\/product\/plastic-tellerette-rosette-ring\/#breadcrumb","itemListElement":[{"@type":"ListItem","position":1,"name":"Home","item":"https:\/\/cpxzx.com\/"},{"@type":"ListItem","position":2,"name":"Random Packing","item":"https:\/\/cpxzx.com\/pcategory\/random-packing\/"},{"@type":"ListItem","position":3,"name":"Plastic Random Packing","item":"https:\/\/cpxzx.com\/pcategory\/random-packing\/plastic-random-packing\/"},{"@type":"ListItem","position":4,"name":"Plastic Tellerette Rosette Ring PP, PE, RPP, PVC, CPVC,PVDF"}]},{"@type":"WebSite","@id":"https:\/\/cpxzx.com\/#website","url":"https:\/\/cpxzx.com\/","name":"Riempimento della torre di raffreddamento, Produttore di riempimenti in PVC in Cina","description":"","publisher":{"@id":"https:\/\/cpxzx.com\/#organization"},"potentialAction":[{"@type":"SearchAction","target":{"@type":"EntryPoint","urlTemplate":"https:\/\/cpxzx.com\/?s={search_term_string}"},"query-input":{"@type":"PropertyValueSpecification","valueRequired":true,"valueName":"search_term_string"}}],"inLanguage":"it-IT"},{"@type":"Organization","@id":"https:\/\/cpxzx.com\/#organization","name":"Riempimento della torre di raffreddamento, Produttore di riempimenti in PVC in Cina","url":"https:\/\/cpxzx.com\/","logo":{"@type":"ImageObject","inLanguage":"it-IT","@id":"https:\/\/cpxzx.com\/#\/schema\/logo\/image\/","url":"https:\/\/cpxzx.com\/wp-content\/uploads\/2025\/07\/1751628807-logo.png","contentUrl":"https:\/\/cpxzx.com\/wp-content\/uploads\/2025\/07\/1751628807-logo.png","width":383,"height":87,"caption":"Cooling Tower Fill, China PVC Fills Manufacturer"},"image":{"@id":"https:\/\/cpxzx.com\/#\/schema\/logo\/image\/"}}]}},"taxonomy_info":{"pcategory":[{"value":22,"label":"Random Packing"},{"value":25,"label":"Plastic Random Packing"}]},"featured_image_src_large":["https:\/\/cpxzx.com\/wp-content\/uploads\/2025\/08\/Plastic-Tellerette-Rosette-Ring1-1.jpg",550,550,false],"author_info":[],"comment_info":"","_links":{"self":[{"href":"https:\/\/cpxzx.com\/it\/wp-json\/wp\/v2\/product\/2867","targetHints":{"allow":["GET"]}}],"collection":[{"href":"https:\/\/cpxzx.com\/it\/wp-json\/wp\/v2\/product"}],"about":[{"href":"https:\/\/cpxzx.com\/it\/wp-json\/wp\/v2\/types\/product"}],"wp:featuredmedia":[{"embeddable":true,"href":"https:\/\/cpxzx.com\/it\/wp-json\/wp\/v2\/media\/2869"}],"wp:attachment":[{"href":"https:\/\/cpxzx.com\/it\/wp-json\/wp\/v2\/media?parent=2867"}],"wp:term":[{"taxonomy":"pcategory","embeddable":true,"href":"https:\/\/cpxzx.com\/it\/wp-json\/wp\/v2\/pcategory?post=2867"},{"taxonomy":"ptag","embeddable":true,"href":"https:\/\/cpxzx.com\/it\/wp-json\/wp\/v2\/ptag?post=2867"}],"curies":[{"name":"wp","href":"https:\/\/api.w.org\/{rel}","templated":true}]}}