{"id":2675,"date":"2025-07-16T12:41:30","date_gmt":"2025-07-16T12:41:30","guid":{"rendered":"https:\/\/cpxzx.com\/?post_type=product&#038;p=2675"},"modified":"2025-07-30T11:03:17","modified_gmt":"2025-07-30T11:03:17","slug":"ceramic-raschig-ring","status":"publish","type":"product","link":"https:\/\/cpxzx.com\/it\/prodotto\/ceramic-raschig-ring\/","title":{"rendered":"Anello Raschig in ceramica da 10 mm 25 mm 38 mm 50 mm"},"content":{"rendered":"<p>Il <strong>Anello Raschig in ceramica<\/strong> \u00e8 un tipo di imballaggio casuale di forma cilindrica. \u00c8 stato inizialmente progettato per aumentare la superficie disponibile per il trasferimento di massa nelle torri. \u00c8 stato dimostrato che gli anelli Raschig in ceramica offrono un'eccellente resistenza a vari acidi inorganici e organici, nonch\u00e9 ai solventi organici, ad eccezione dell'acido fluoridrico. Sono ideali sia per ambienti ad alta che a bassa temperatura, il che li rende adatti a un'ampia gamma di applicazioni in settori quali la chimica, la metallurgia e la produzione di gas di carbone.<\/p>\n<p>Questi anelli sono disponibili in varie dimensioni, con opzioni standard che includono anelli Raschig in ceramica da 10 mm, 25 mm e 50 mm. L'altezza e il diametro di questi anelli sono uguali, il che li rende una scelta popolare per l'impaccamento casuale in colonne impaccate. Nonostante abbiano tassi di trasferimento di massa inferiori rispetto ad altri materiali di imballaggio, gli anelli Raschig in ceramica sono convenienti e continuano ad essere ampiamente accettati nei processi industriali.<\/p>\n<h2>Caratteristiche degli anelli Raschig in ceramica<\/h2>\n<ul>\n<li><strong>Resistenza agli acidi e agli alcali<\/strong>: Il materiale ceramico offre un'eccellente resistenza a vari acidi e alcali, rendendolo adatto ad ambienti chimici difficili.<\/li>\n<li><strong>Resistenza al calore<\/strong>: Gli anelli Raschig in ceramica possono resistere alle alte temperature senza degradarsi, il che \u00e8 essenziale per le applicazioni ad alta temperatura.<\/li>\n<li><strong>Alta resistenza meccanica<\/strong>: Questi anelli sono progettati per sopportare le sollecitazioni meccaniche dei processi industriali, garantendo longevit\u00e0 e affidabilit\u00e0.<\/li>\n<li><strong>Risparmio energetico e bassi costi operativi<\/strong>: Gli anelli Raschig in ceramica sono una scelta efficiente dal punto di vista energetico grazie ai loro bassi costi operativi e alla facilit\u00e0 di gestione durante l'installazione e la manutenzione.<\/li>\n<li><strong>Economicamente vantaggioso<\/strong>: Rispetto ad altri materiali di imballaggio casuali, gli anelli Raschig in ceramica rappresentano un'opzione conveniente senza compromettere le prestazioni.<\/li>\n<\/ul>\n<h2>Specifiche degli anelli Raschig in ceramica<\/h2>\n<table border=\"1\">\n<thead>\n<tr>\n<th>Dimensione<br \/>\n(mm)<\/th>\n<th>Spessore<br \/>\n(mm)<\/th>\n<th>Superficie<br \/>\n(m\u00b2\/m\u00b3)<\/th>\n<th>Volume libero<br \/>\n(%)<\/th>\n<th>Numeri alla rinfusa<br \/>\n(per\/m\u00b3)<\/th>\n<th>Densit\u00e0 della massa<br \/>\n(kg\/m\u00b3)<\/th>\n<th>Fattore di imballaggio a secco<br \/>\n(m-l)<\/th>\n<\/tr>\n<\/thead>\n<tbody>\n<tr>\n<td>6\u00d76<\/td>\n<td>1.6<\/td>\n<td>712<\/td>\n<td>62<\/td>\n<td>3022935<\/td>\n<td>1050<\/td>\n<td>5249<\/td>\n<\/tr>\n<tr>\n<td>13\u00d713<\/td>\n<td>2.4<\/td>\n<td>367<\/td>\n<td>64<\/td>\n<td>377867<\/td>\n<td>800<\/td>\n<td>1903<\/td>\n<\/tr>\n<tr>\n<td>16\u00d716<\/td>\n<td>2.5<\/td>\n<td>305<\/td>\n<td>73<\/td>\n<td>192500<\/td>\n<td>800<\/td>\n<td>900<\/td>\n<\/tr>\n<tr>\n<td>25\u00d725<\/td>\n<td>3<\/td>\n<td>190<\/td>\n<td>74<\/td>\n<td>52000<\/td>\n<td>650<\/td>\n<td>508<\/td>\n<\/tr>\n<tr>\n<td>38\u00d738<\/td>\n<td>5<\/td>\n<td>121<\/td>\n<td>73<\/td>\n<td>15800<\/td>\n<td>650<\/td>\n<td>312<\/td>\n<\/tr>\n<tr>\n<td>50\u00d750<\/td>\n<td>6<\/td>\n<td>92<\/td>\n<td>74<\/td>\n<td>6500<\/td>\n<td>600<\/td>\n<td>213<\/td>\n<\/tr>\n<tr>\n<td>80\u00d780<\/td>\n<td>9.5<\/td>\n<td>46<\/td>\n<td>80<\/td>\n<td>1953<\/td>\n<td>660<\/td>\n<td>280<\/td>\n<\/tr>\n<tr>\n<td>100\u00d7100<\/td>\n<td>10<\/td>\n<td>70<\/td>\n<td>70<\/td>\n<td>1000<\/td>\n<td>600<\/td>\n<td>172<\/td>\n<\/tr>\n<\/tbody>\n<\/table>\n<h2>Applicazioni degli anelli Raschig in ceramica<\/h2>\n<p>Gli anelli Raschig in ceramica sono ampiamente utilizzati in diversi processi industriali:<\/p>\n<ul>\n<li><strong>Industria chimica<\/strong>: Nelle torri di essiccazione, nelle torri di assorbimento e nei reattori, questi anelli facilitano il trasferimento di massa di gas e liquidi.<\/li>\n<li><strong>Metallurgia<\/strong>: Gli anelli Raschig in ceramica sono utilizzati nei depuratori di gas e in altri processi metallurgici in cui la resistenza al calore e agli acidi \u00e8 fondamentale.<\/li>\n<li><strong>Produzione di gas e ossigeno dal carbone<\/strong>: La loro resistenza alle alte temperature e alla corrosione chimica li rende ideali per le applicazioni che prevedono il trattamento dei gas e la produzione industriale di ossigeno.<\/li>\n<\/ul>\n<h2>Perch\u00e9 scegliere gli anelli Raschig in ceramica?<\/h2>\n<p>I vantaggi principali dell'uso degli anelli Raschig in ceramica sono l'economicit\u00e0, la durata e l'affidabilit\u00e0 delle prestazioni in condizioni difficili. Sebbene la velocit\u00e0 di trasferimento di massa degli anelli Raschig in ceramica possa essere inferiore rispetto ad altri materiali di riempimento, essi offrono comunque vantaggi sostanziali in termini di utilizzo a lungo termine e di riduzione dei costi di manutenzione.<\/p>\n<p>Per chi \u00e8 alla ricerca di soluzioni di imballaggio convenienti ma efficienti per le applicazioni industriali, l'anello Raschig in ceramica rimane una scelta di prim'ordine. Che si tratti di anelli Raschig in ceramica da 10 mm, 25 mm o 50 mm, questi materiali offrono il necessario equilibrio tra durata, costi e prestazioni.<\/p>\n<p>Scegliendo gli anelli Raschig in ceramica, le industrie possono ridurre i costi operativi mantenendo le prestazioni dei loro processi. Offrono una soluzione affidabile e a risparmio energetico, con tempi di fermo minimi e una lunga durata.<\/p>","protected":false},"excerpt":{"rendered":"<p>Gli anelli Raschig in ceramica sono ampiamente utilizzati da decenni in diversi settori industriali. Conosciuti per la loro elevata resistenza agli acidi e al calore, sono una soluzione ideale per i processi chimici, tra cui torri di essiccazione, torri di assorbimento, torri di raffreddamento e torri di lavaggio. L'anello Raschig in ceramica \u00e8 una delle prime generazioni di materiali di imballaggio casuali e rimane una scelta conveniente per molte applicazioni industriali grazie alla sua eccellente durata e ai bassi costi operativi.<\/p>","protected":false},"featured_media":2678,"parent":0,"template":"","meta":{"_acf_changed":false,"_kad_blocks_custom_css":"","_kad_blocks_head_custom_js":"","_kad_blocks_body_custom_js":"","_kad_blocks_footer_custom_js":"","_kadence_starter_templates_imported_post":false,"_kad_post_transparent":"default","_kad_post_title":"","_kad_post_layout":"default","_kad_post_sidebar_id":"","_kad_post_content_style":"default","_kad_post_vertical_padding":"default","_kad_post_feature":"","_kad_post_feature_position":"","_kad_post_header":false,"_kad_post_footer":false},"pcategory":[22,24],"ptag":[],"class_list":["post-2675","product","type-product","status-publish","has-post-thumbnail","hentry","pcategory-random-packing","pcategory-ceramic-random-packing"],"acf":[],"yoast_head":"<!-- This site is optimized with the Yoast SEO plugin v27.4 - https:\/\/yoast.com\/product\/yoast-seo-wordpress\/ -->\n<title>10mm 25mm 38mm 50mm Ceramic Raschig Ring<\/title>\n<meta name=\"robots\" content=\"index, follow, max-snippet:-1, max-image-preview:large, max-video-preview:-1\" \/>\n<link rel=\"canonical\" href=\"https:\/\/cpxzx.com\/it\/prodotto\/ceramic-raschig-ring\/\" \/>\n<meta property=\"og:locale\" content=\"it_IT\" \/>\n<meta property=\"og:type\" content=\"article\" \/>\n<meta property=\"og:title\" content=\"10mm 25mm 38mm 50mm Ceramic Raschig Ring\" \/>\n<meta property=\"og:description\" content=\"Ceramic Raschig rings have been widely used in various industries for decades. Known for their high acid and heat resistance, they are an ideal solution for chemical processes, including in drying towers, absorption towers, cooling towers, and washing towers. The Ceramic Raschig Ring is one of the earliest generations of random packing materials and remains a cost-effective choice for many industrial applications due to its excellent durability and low operational costs.\" \/>\n<meta property=\"og:url\" content=\"https:\/\/cpxzx.com\/it\/prodotto\/ceramic-raschig-ring\/\" \/>\n<meta property=\"og:site_name\" content=\"Cooling Tower Fill, China PVC Fills Manufacturer\" \/>\n<meta property=\"article:modified_time\" content=\"2025-07-30T11:03:17+00:00\" \/>\n<meta property=\"og:image\" content=\"https:\/\/cpxzx.com\/wp-content\/uploads\/2025\/07\/ceramic-raschig-rings-3.jpg\" \/>\n\t<meta property=\"og:image:width\" content=\"550\" \/>\n\t<meta property=\"og:image:height\" content=\"550\" \/>\n\t<meta property=\"og:image:type\" content=\"image\/jpeg\" \/>\n<meta name=\"twitter:card\" content=\"summary_large_image\" \/>\n<meta name=\"twitter:label1\" content=\"Tempo di lettura stimato\" \/>\n\t<meta name=\"twitter:data1\" content=\"3 minuti\" \/>\n<script type=\"application\/ld+json\" class=\"yoast-schema-graph\">{\"@context\":\"https:\\\/\\\/schema.org\",\"@graph\":[{\"@type\":\"WebPage\",\"@id\":\"https:\\\/\\\/cpxzx.com\\\/product\\\/ceramic-raschig-ring\\\/\",\"url\":\"https:\\\/\\\/cpxzx.com\\\/product\\\/ceramic-raschig-ring\\\/\",\"name\":\"10mm 25mm 38mm 50mm Ceramic Raschig Ring\",\"isPartOf\":{\"@id\":\"https:\\\/\\\/cpxzx.com\\\/#website\"},\"primaryImageOfPage\":{\"@id\":\"https:\\\/\\\/cpxzx.com\\\/product\\\/ceramic-raschig-ring\\\/#primaryimage\"},\"image\":{\"@id\":\"https:\\\/\\\/cpxzx.com\\\/product\\\/ceramic-raschig-ring\\\/#primaryimage\"},\"thumbnailUrl\":\"https:\\\/\\\/cpxzx.com\\\/wp-content\\\/uploads\\\/2025\\\/07\\\/ceramic-raschig-rings-3.jpg\",\"datePublished\":\"2025-07-16T12:41:30+00:00\",\"dateModified\":\"2025-07-30T11:03:17+00:00\",\"breadcrumb\":{\"@id\":\"https:\\\/\\\/cpxzx.com\\\/product\\\/ceramic-raschig-ring\\\/#breadcrumb\"},\"inLanguage\":\"it-IT\",\"potentialAction\":[{\"@type\":\"ReadAction\",\"target\":[\"https:\\\/\\\/cpxzx.com\\\/product\\\/ceramic-raschig-ring\\\/\"]}]},{\"@type\":\"ImageObject\",\"inLanguage\":\"it-IT\",\"@id\":\"https:\\\/\\\/cpxzx.com\\\/product\\\/ceramic-raschig-ring\\\/#primaryimage\",\"url\":\"https:\\\/\\\/cpxzx.com\\\/wp-content\\\/uploads\\\/2025\\\/07\\\/ceramic-raschig-rings-3.jpg\",\"contentUrl\":\"https:\\\/\\\/cpxzx.com\\\/wp-content\\\/uploads\\\/2025\\\/07\\\/ceramic-raschig-rings-3.jpg\",\"width\":550,\"height\":550,\"caption\":\"ceramic raschig rings\"},{\"@type\":\"BreadcrumbList\",\"@id\":\"https:\\\/\\\/cpxzx.com\\\/product\\\/ceramic-raschig-ring\\\/#breadcrumb\",\"itemListElement\":[{\"@type\":\"ListItem\",\"position\":1,\"name\":\"Home\",\"item\":\"https:\\\/\\\/cpxzx.com\\\/\"},{\"@type\":\"ListItem\",\"position\":2,\"name\":\"Random Packing\",\"item\":\"https:\\\/\\\/cpxzx.com\\\/pcategory\\\/random-packing\\\/\"},{\"@type\":\"ListItem\",\"position\":3,\"name\":\"Ceramic Random Packing\",\"item\":\"https:\\\/\\\/cpxzx.com\\\/pcategory\\\/random-packing\\\/ceramic-random-packing\\\/\"},{\"@type\":\"ListItem\",\"position\":4,\"name\":\"10mm 25mm 38mm 50mm Ceramic Raschig Ring\"}]},{\"@type\":\"WebSite\",\"@id\":\"https:\\\/\\\/cpxzx.com\\\/#website\",\"url\":\"https:\\\/\\\/cpxzx.com\\\/\",\"name\":\"Cooling Tower Fill, China PVC Fills Manufacturer\",\"description\":\"\",\"publisher\":{\"@id\":\"https:\\\/\\\/cpxzx.com\\\/#organization\"},\"potentialAction\":[{\"@type\":\"SearchAction\",\"target\":{\"@type\":\"EntryPoint\",\"urlTemplate\":\"https:\\\/\\\/cpxzx.com\\\/?s={search_term_string}\"},\"query-input\":{\"@type\":\"PropertyValueSpecification\",\"valueRequired\":true,\"valueName\":\"search_term_string\"}}],\"inLanguage\":\"it-IT\"},{\"@type\":\"Organization\",\"@id\":\"https:\\\/\\\/cpxzx.com\\\/#organization\",\"name\":\"Cooling Tower Fill, China PVC Fills Manufacturer\",\"url\":\"https:\\\/\\\/cpxzx.com\\\/\",\"logo\":{\"@type\":\"ImageObject\",\"inLanguage\":\"it-IT\",\"@id\":\"https:\\\/\\\/cpxzx.com\\\/#\\\/schema\\\/logo\\\/image\\\/\",\"url\":\"https:\\\/\\\/cpxzx.com\\\/wp-content\\\/uploads\\\/2025\\\/07\\\/1751628807-logo.png\",\"contentUrl\":\"https:\\\/\\\/cpxzx.com\\\/wp-content\\\/uploads\\\/2025\\\/07\\\/1751628807-logo.png\",\"width\":383,\"height\":87,\"caption\":\"Cooling Tower Fill, China PVC Fills Manufacturer\"},\"image\":{\"@id\":\"https:\\\/\\\/cpxzx.com\\\/#\\\/schema\\\/logo\\\/image\\\/\"}}]}<\/script>\n<!-- \/ Yoast SEO plugin. -->","yoast_head_json":{"title":"Anello Raschig in ceramica da 10 mm 25 mm 38 mm 50 mm","robots":{"index":"index","follow":"follow","max-snippet":"max-snippet:-1","max-image-preview":"max-image-preview:large","max-video-preview":"max-video-preview:-1"},"canonical":"https:\/\/cpxzx.com\/it\/prodotto\/ceramic-raschig-ring\/","og_locale":"it_IT","og_type":"article","og_title":"10mm 25mm 38mm 50mm Ceramic Raschig Ring","og_description":"Ceramic Raschig rings have been widely used in various industries for decades. Known for their high acid and heat resistance, they are an ideal solution for chemical processes, including in drying towers, absorption towers, cooling towers, and washing towers. The Ceramic Raschig Ring is one of the earliest generations of random packing materials and remains a cost-effective choice for many industrial applications due to its excellent durability and low operational costs.","og_url":"https:\/\/cpxzx.com\/it\/prodotto\/ceramic-raschig-ring\/","og_site_name":"Cooling Tower Fill, China PVC Fills Manufacturer","article_modified_time":"2025-07-30T11:03:17+00:00","og_image":[{"width":550,"height":550,"url":"https:\/\/cpxzx.com\/wp-content\/uploads\/2025\/07\/ceramic-raschig-rings-3.jpg","type":"image\/jpeg"}],"twitter_card":"summary_large_image","twitter_misc":{"Tempo di lettura stimato":"3 minuti"},"schema":{"@context":"https:\/\/schema.org","@graph":[{"@type":"WebPage","@id":"https:\/\/cpxzx.com\/product\/ceramic-raschig-ring\/","url":"https:\/\/cpxzx.com\/product\/ceramic-raschig-ring\/","name":"Anello Raschig in ceramica da 10 mm 25 mm 38 mm 50 mm","isPartOf":{"@id":"https:\/\/cpxzx.com\/#website"},"primaryImageOfPage":{"@id":"https:\/\/cpxzx.com\/product\/ceramic-raschig-ring\/#primaryimage"},"image":{"@id":"https:\/\/cpxzx.com\/product\/ceramic-raschig-ring\/#primaryimage"},"thumbnailUrl":"https:\/\/cpxzx.com\/wp-content\/uploads\/2025\/07\/ceramic-raschig-rings-3.jpg","datePublished":"2025-07-16T12:41:30+00:00","dateModified":"2025-07-30T11:03:17+00:00","breadcrumb":{"@id":"https:\/\/cpxzx.com\/product\/ceramic-raschig-ring\/#breadcrumb"},"inLanguage":"it-IT","potentialAction":[{"@type":"ReadAction","target":["https:\/\/cpxzx.com\/product\/ceramic-raschig-ring\/"]}]},{"@type":"ImageObject","inLanguage":"it-IT","@id":"https:\/\/cpxzx.com\/product\/ceramic-raschig-ring\/#primaryimage","url":"https:\/\/cpxzx.com\/wp-content\/uploads\/2025\/07\/ceramic-raschig-rings-3.jpg","contentUrl":"https:\/\/cpxzx.com\/wp-content\/uploads\/2025\/07\/ceramic-raschig-rings-3.jpg","width":550,"height":550,"caption":"ceramic raschig rings"},{"@type":"BreadcrumbList","@id":"https:\/\/cpxzx.com\/product\/ceramic-raschig-ring\/#breadcrumb","itemListElement":[{"@type":"ListItem","position":1,"name":"Home","item":"https:\/\/cpxzx.com\/"},{"@type":"ListItem","position":2,"name":"Random Packing","item":"https:\/\/cpxzx.com\/pcategory\/random-packing\/"},{"@type":"ListItem","position":3,"name":"Ceramic Random Packing","item":"https:\/\/cpxzx.com\/pcategory\/random-packing\/ceramic-random-packing\/"},{"@type":"ListItem","position":4,"name":"10mm 25mm 38mm 50mm Ceramic Raschig Ring"}]},{"@type":"WebSite","@id":"https:\/\/cpxzx.com\/#website","url":"https:\/\/cpxzx.com\/","name":"Riempimento della torre di raffreddamento, Produttore di riempimenti in PVC in Cina","description":"","publisher":{"@id":"https:\/\/cpxzx.com\/#organization"},"potentialAction":[{"@type":"SearchAction","target":{"@type":"EntryPoint","urlTemplate":"https:\/\/cpxzx.com\/?s={search_term_string}"},"query-input":{"@type":"PropertyValueSpecification","valueRequired":true,"valueName":"search_term_string"}}],"inLanguage":"it-IT"},{"@type":"Organization","@id":"https:\/\/cpxzx.com\/#organization","name":"Riempimento della torre di raffreddamento, Produttore di riempimenti in PVC in Cina","url":"https:\/\/cpxzx.com\/","logo":{"@type":"ImageObject","inLanguage":"it-IT","@id":"https:\/\/cpxzx.com\/#\/schema\/logo\/image\/","url":"https:\/\/cpxzx.com\/wp-content\/uploads\/2025\/07\/1751628807-logo.png","contentUrl":"https:\/\/cpxzx.com\/wp-content\/uploads\/2025\/07\/1751628807-logo.png","width":383,"height":87,"caption":"Cooling Tower Fill, China PVC Fills Manufacturer"},"image":{"@id":"https:\/\/cpxzx.com\/#\/schema\/logo\/image\/"}}]}},"taxonomy_info":{"pcategory":[{"value":22,"label":"Random Packing"},{"value":24,"label":"Ceramic Random Packing"}]},"featured_image_src_large":["https:\/\/cpxzx.com\/wp-content\/uploads\/2025\/07\/ceramic-raschig-rings-3.jpg",550,550,false],"author_info":[],"comment_info":"","_links":{"self":[{"href":"https:\/\/cpxzx.com\/it\/wp-json\/wp\/v2\/product\/2675","targetHints":{"allow":["GET"]}}],"collection":[{"href":"https:\/\/cpxzx.com\/it\/wp-json\/wp\/v2\/product"}],"about":[{"href":"https:\/\/cpxzx.com\/it\/wp-json\/wp\/v2\/types\/product"}],"wp:featuredmedia":[{"embeddable":true,"href":"https:\/\/cpxzx.com\/it\/wp-json\/wp\/v2\/media\/2678"}],"wp:attachment":[{"href":"https:\/\/cpxzx.com\/it\/wp-json\/wp\/v2\/media?parent=2675"}],"wp:term":[{"taxonomy":"pcategory","embeddable":true,"href":"https:\/\/cpxzx.com\/it\/wp-json\/wp\/v2\/pcategory?post=2675"},{"taxonomy":"ptag","embeddable":true,"href":"https:\/\/cpxzx.com\/it\/wp-json\/wp\/v2\/ptag?post=2675"}],"curies":[{"name":"wp","href":"https:\/\/api.w.org\/{rel}","templated":true}]}}