{"id":3155,"date":"2025-10-24T04:07:53","date_gmt":"2025-10-24T04:07:53","guid":{"rendered":"https:\/\/cpxzx.com\/?post_type=product&#038;p=3155"},"modified":"2025-10-24T04:07:53","modified_gmt":"2025-10-24T04:07:53","slug":"decanteur-de-tubes","status":"publish","type":"product","link":"https:\/\/cpxzx.com\/fr\/produit\/decanteur-de-tubes\/","title":{"rendered":"D\u00e9canteur tubulaire - Clarificateur \u00e0 lamelles pour un traitement efficace de l'eau"},"content":{"rendered":"<p>A <strong>Tube Settler<\/strong> est un dispositif de traitement de l'eau tr\u00e8s efficace utilis\u00e9 pour am\u00e9liorer le processus de s\u00e9dimentation dans les clarificateurs. Il se compose d'un ensemble de plaques lamellaires inclin\u00e9es dispos\u00e9es dans une structure tubulaire verticale, ce qui favorise la d\u00e9cantation des particules de mani\u00e8re plus efficace que dans les clarificateurs conventionnels. Ce syst\u00e8me est largement utilis\u00e9 dans les usines de traitement de l'eau pour des applications municipales et industrielles, am\u00e9liorant de mani\u00e8re significative la qualit\u00e9 de l'eau trait\u00e9e.<\/p>\n<p><strong>Fonctionnalit\u00e9 :<\/strong><br \/>\n&#8211; <strong>Conception d'un clarificateur \u00e0 lamelles :<\/strong> Les d\u00e9canteurs tubulaires sont compos\u00e9s d'une s\u00e9rie de plaques lamellaires inclin\u00e9es qui maximisent la surface de s\u00e9dimentation des particules.<br \/>\n&#8211; <strong>Compact et peu encombrant :<\/strong> La structure verticale du tube minimise l'encombrement, ce qui le rend id\u00e9al pour les endroits o\u00f9 l'espace est limit\u00e9.<br \/>\n&#8211; <strong>Am\u00e9lioration de l'efficacit\u00e9 de la s\u00e9dimentation :<\/strong> La conception assure des taux de d\u00e9cantation plus rapides en r\u00e9duisant les turbulences et en augmentant la zone de d\u00e9cantation.<br \/>\n&#8211; <strong>Mat\u00e9riaux r\u00e9sistants \u00e0 la corrosion :<\/strong> Ils sont g\u00e9n\u00e9ralement fabriqu\u00e9s en PVC, PP ou PEHD de haute qualit\u00e9, ce qui garantit leur durabilit\u00e9 dans les environnements difficiles.<br \/>\n&#8211; <strong>Structure modulaire :<\/strong> Facile \u00e0 installer et \u00e0 mettre \u00e0 l'\u00e9chelle en fonction des exigences de traitement de l'eau.<\/p>\n<p><strong>Sp\u00e9cification :<\/strong><br \/>\n&#8211; <strong>Mat\u00e9riau :<\/strong> PVC, PP, HDPE<br \/>\n&#8211; <strong>Angle d'inclinaison de la plaque :<\/strong> 60\u00b0 - 80\u00b0<br \/>\n&#8211; <strong>Largeur de la plaque :<\/strong> 100 mm \u00e0 400 mm (personnalisable)<br \/>\n&#8211; <strong>Longueur de la plaque :<\/strong> Varie de 1000 mm \u00e0 3000 mm (personnalisable)<br \/>\n&#8211; <strong>Capacit\u00e9 de d\u00e9cantation :<\/strong> Ils peuvent traiter des d\u00e9bits de 100 m\u00b3\/h \u00e0 plusieurs milliers de m\u00b3\/h en fonction de la conception.<br \/>\n&#8211; <strong>R\u00e9sistance \u00e0 la temp\u00e9rature :<\/strong> Jusqu'\u00e0 60\u00b0C pour le PVC, plus pour le PEHD.<br \/>\n&#8211; <strong>Efficacit\u00e9 :<\/strong> Jusqu'\u00e0 90% d'am\u00e9lioration de l'efficacit\u00e9 de la d\u00e9cantation par rapport aux clarificateurs traditionnels.<\/p>\n<p><strong>Avantage :<\/strong><br \/>\n&#8211; <strong>Efficacit\u00e9 de s\u00e9dimentation \u00e9lev\u00e9e :<\/strong> La conception du clarificateur lamellaire permet une meilleure d\u00e9cantation des particules dans un espace compact, offrant une vitesse de d\u00e9cantation beaucoup plus \u00e9lev\u00e9e que les clarificateurs conventionnels.<br \/>\n&#8211; <strong>Gain de place :<\/strong> Gr\u00e2ce \u00e0 leur structure tubulaire verticale, les d\u00e9canteurs tubulaires occupent moins d'espace que les d\u00e9canteurs traditionnels, ce qui les rend id\u00e9aux pour les installations dans des zones limit\u00e9es.<br \/>\n&#8211; <strong>Rentable :<\/strong> R\u00e9duction des co\u00fbts de maintenance et d'exploitation gr\u00e2ce \u00e0 l'utilisation de mat\u00e9riaux durables et r\u00e9sistants \u00e0 la corrosion.<br \/>\n&#8211; <strong>\u00c9volutif :<\/strong> Les unit\u00e9s modulaires peuvent \u00eatre combin\u00e9es pour r\u00e9pondre \u00e0 la capacit\u00e9 de d\u00e9bit requise, ce qui rend le syst\u00e8me tr\u00e8s flexible.<br \/>\n&#8211; <strong>Installation facile :<\/strong> Les modules pr\u00e9fabriqu\u00e9s sont faciles \u00e0 installer, ce qui r\u00e9duit le temps et les co\u00fbts de main-d'\u0153uvre pendant le processus d'installation.<\/p>\n<p><strong>Application :<\/strong><br \/>\nLes d\u00e9canteurs tubulaires sont utilis\u00e9s dans une vari\u00e9t\u00e9 d'applications de traitement de l'eau, notamment :<br \/>\n&#8211; <strong>Traitement des eaux us\u00e9es municipales :<\/strong> Am\u00e9liore l'\u00e9limination des solides en suspension dans les eaux us\u00e9es.<br \/>\n&#8211; <strong>Traitement des eaux us\u00e9es industrielles :<\/strong> Efficace dans les industries telles que les papeteries, l'industrie alimentaire et les usines chimiques.<br \/>\n&#8211; <strong>Traitement de l'eau potable :<\/strong> Am\u00e9liore la clart\u00e9 de l'eau potable en \u00e9liminant efficacement les particules.<br \/>\n&#8211; <strong>Exploitation mini\u00e8re et traitement des minerais :<\/strong> Utilis\u00e9 pour clarifier l'eau de traitement en \u00e9liminant les solides fins et les particules en suspension.<br \/>\n&#8211; <strong>Aquaculture :<\/strong> Garantit la qualit\u00e9 de l'eau en \u00e9liminant les mati\u00e8res solides dans les fermes piscicoles et les installations d'aquaculture.<\/p>\n<p><strong>Paquet :<\/strong><br \/>\n&#8211; <strong>Emballage standard :<\/strong> Les modules de d\u00e9canteurs tubulaires sont pr\u00e9fabriqu\u00e9s et emball\u00e9s de mani\u00e8re compacte et s\u00fbre pour garantir un transport en toute s\u00e9curit\u00e9.<br \/>\n&#8211; <strong>Personnalisation :<\/strong> Les unit\u00e9s peuvent \u00eatre emball\u00e9es sur mesure en fonction des exigences de taille et de conception.<br \/>\n&#8211; <strong>Exp\u00e9dition :<\/strong> Les unit\u00e9s sont exp\u00e9di\u00e9es dans le monde entier en utilisant des services de fret fiables. Le d\u00e9lai de livraison d\u00e9pend du lieu et du volume de la commande.<\/p>","protected":false},"excerpt":{"rendered":"<p>Le d\u00e9canteur tubulaire est un syst\u00e8me de traitement de l'eau compact et tr\u00e8s efficace, con\u00e7u pour am\u00e9liorer les processus de s\u00e9dimentation. Il se compose d'une s\u00e9rie de plaques lamellaires inclin\u00e9es qui augmentent la surface de d\u00e9cantation tout en r\u00e9duisant l'espace n\u00e9cessaire \u00e0 l'installation. Id\u00e9al pour des applications telles que le traitement des eaux municipales et industrielles, le d\u00e9canteur tubulaire am\u00e9liore consid\u00e9rablement l'\u00e9limination des particules, la qualit\u00e9 de l'eau et l'utilisation de l'espace. Il est fabriqu\u00e9 \u00e0 partir de mat\u00e9riaux durables et r\u00e9sistants \u00e0 la corrosion, tels que le PVC et le PEHD, ce qui garantit des performances durables dans divers environnements de traitement de l'eau.<\/p>","protected":false},"featured_media":3156,"parent":0,"template":"","meta":{"_acf_changed":false,"_kad_blocks_custom_css":"","_kad_blocks_head_custom_js":"","_kad_blocks_body_custom_js":"","_kad_blocks_footer_custom_js":"","_kadence_starter_templates_imported_post":false,"_kad_post_transparent":"default","_kad_post_title":"","_kad_post_layout":"default","_kad_post_sidebar_id":"","_kad_post_content_style":"default","_kad_post_vertical_padding":"default","_kad_post_feature":"","_kad_post_feature_position":"","_kad_post_header":false,"_kad_post_footer":false},"pcategory":[17],"ptag":[],"class_list":["post-3155","product","type-product","status-publish","has-post-thumbnail","hentry","pcategory-tube-settler"],"acf":[],"yoast_head":"<!-- This site is optimized with the Yoast SEO plugin v27.4 - https:\/\/yoast.com\/product\/yoast-seo-wordpress\/ -->\n<title>Tube Settler<\/title>\n<meta name=\"robots\" content=\"index, follow, max-snippet:-1, max-image-preview:large, max-video-preview:-1\" \/>\n<link rel=\"canonical\" href=\"https:\/\/cpxzx.com\/fr\/produit\/decanteur-de-tubes\/\" \/>\n<meta property=\"og:locale\" content=\"fr_FR\" \/>\n<meta property=\"og:type\" content=\"article\" \/>\n<meta property=\"og:title\" content=\"Tube Settler\" \/>\n<meta property=\"og:description\" content=\"The Tube Settler is a compact and highly efficient water treatment system designed to improve sedimentation processes. It consists of a series of inclined lamella plates, which increase the settling surface area while reducing the space required for installation. Ideal for applications such as municipal and industrial water treatment, the Tube Settler significantly enhances particle removal, improves water quality, and optimizes space usage. It is made from durable, corrosion-resistant materials like PVC and HDPE, ensuring long-lasting performance in various water treatment environments.\" \/>\n<meta property=\"og:url\" content=\"https:\/\/cpxzx.com\/fr\/produit\/decanteur-de-tubes\/\" \/>\n<meta property=\"og:site_name\" content=\"Cooling Tower Fill, China PVC Fills Manufacturer\" \/>\n<meta property=\"og:image\" content=\"https:\/\/cpxzx.com\/wp-content\/uploads\/2025\/10\/tube-settler-pp.jpg\" \/>\n\t<meta property=\"og:image:width\" content=\"550\" \/>\n\t<meta property=\"og:image:height\" content=\"550\" \/>\n\t<meta property=\"og:image:type\" content=\"image\/jpeg\" \/>\n<meta name=\"twitter:card\" content=\"summary_large_image\" \/>\n<meta name=\"twitter:label1\" content=\"Dur\u00e9e de lecture estim\u00e9e\" \/>\n\t<meta name=\"twitter:data1\" content=\"3 minutes\" \/>\n<script type=\"application\/ld+json\" class=\"yoast-schema-graph\">{\"@context\":\"https:\\\/\\\/schema.org\",\"@graph\":[{\"@type\":\"WebPage\",\"@id\":\"https:\\\/\\\/cpxzx.com\\\/product\\\/tube-settler\\\/\",\"url\":\"https:\\\/\\\/cpxzx.com\\\/product\\\/tube-settler\\\/\",\"name\":\"Tube Settler\",\"isPartOf\":{\"@id\":\"https:\\\/\\\/cpxzx.com\\\/#website\"},\"primaryImageOfPage\":{\"@id\":\"https:\\\/\\\/cpxzx.com\\\/product\\\/tube-settler\\\/#primaryimage\"},\"image\":{\"@id\":\"https:\\\/\\\/cpxzx.com\\\/product\\\/tube-settler\\\/#primaryimage\"},\"thumbnailUrl\":\"https:\\\/\\\/cpxzx.com\\\/wp-content\\\/uploads\\\/2025\\\/10\\\/tube-settler-pp.jpg\",\"datePublished\":\"2025-10-24T04:07:53+00:00\",\"breadcrumb\":{\"@id\":\"https:\\\/\\\/cpxzx.com\\\/product\\\/tube-settler\\\/#breadcrumb\"},\"inLanguage\":\"fr-FR\",\"potentialAction\":[{\"@type\":\"ReadAction\",\"target\":[\"https:\\\/\\\/cpxzx.com\\\/product\\\/tube-settler\\\/\"]}]},{\"@type\":\"ImageObject\",\"inLanguage\":\"fr-FR\",\"@id\":\"https:\\\/\\\/cpxzx.com\\\/product\\\/tube-settler\\\/#primaryimage\",\"url\":\"https:\\\/\\\/cpxzx.com\\\/wp-content\\\/uploads\\\/2025\\\/10\\\/tube-settler-pp.jpg\",\"contentUrl\":\"https:\\\/\\\/cpxzx.com\\\/wp-content\\\/uploads\\\/2025\\\/10\\\/tube-settler-pp.jpg\",\"width\":550,\"height\":550,\"caption\":\"tube settler\"},{\"@type\":\"BreadcrumbList\",\"@id\":\"https:\\\/\\\/cpxzx.com\\\/product\\\/tube-settler\\\/#breadcrumb\",\"itemListElement\":[{\"@type\":\"ListItem\",\"position\":1,\"name\":\"Home\",\"item\":\"https:\\\/\\\/cpxzx.com\\\/\"},{\"@type\":\"ListItem\",\"position\":2,\"name\":\"Tube Settler\",\"item\":\"https:\\\/\\\/cpxzx.com\\\/pcategory\\\/tube-settler\\\/\"},{\"@type\":\"ListItem\",\"position\":3,\"name\":\"Tube Settler &#8211; Lamella Clarifier for Efficient Water Treatment\"}]},{\"@type\":\"WebSite\",\"@id\":\"https:\\\/\\\/cpxzx.com\\\/#website\",\"url\":\"https:\\\/\\\/cpxzx.com\\\/\",\"name\":\"Cooling Tower Fill, China PVC Fills Manufacturer\",\"description\":\"\",\"publisher\":{\"@id\":\"https:\\\/\\\/cpxzx.com\\\/#organization\"},\"potentialAction\":[{\"@type\":\"SearchAction\",\"target\":{\"@type\":\"EntryPoint\",\"urlTemplate\":\"https:\\\/\\\/cpxzx.com\\\/?s={search_term_string}\"},\"query-input\":{\"@type\":\"PropertyValueSpecification\",\"valueRequired\":true,\"valueName\":\"search_term_string\"}}],\"inLanguage\":\"fr-FR\"},{\"@type\":\"Organization\",\"@id\":\"https:\\\/\\\/cpxzx.com\\\/#organization\",\"name\":\"Cooling Tower Fill, China PVC Fills Manufacturer\",\"url\":\"https:\\\/\\\/cpxzx.com\\\/\",\"logo\":{\"@type\":\"ImageObject\",\"inLanguage\":\"fr-FR\",\"@id\":\"https:\\\/\\\/cpxzx.com\\\/#\\\/schema\\\/logo\\\/image\\\/\",\"url\":\"https:\\\/\\\/cpxzx.com\\\/wp-content\\\/uploads\\\/2025\\\/07\\\/1751628807-logo.png\",\"contentUrl\":\"https:\\\/\\\/cpxzx.com\\\/wp-content\\\/uploads\\\/2025\\\/07\\\/1751628807-logo.png\",\"width\":383,\"height\":87,\"caption\":\"Cooling Tower Fill, China PVC Fills Manufacturer\"},\"image\":{\"@id\":\"https:\\\/\\\/cpxzx.com\\\/#\\\/schema\\\/logo\\\/image\\\/\"}}]}<\/script>\n<!-- \/ Yoast SEO plugin. -->","yoast_head_json":{"title":"Tube Settler","robots":{"index":"index","follow":"follow","max-snippet":"max-snippet:-1","max-image-preview":"max-image-preview:large","max-video-preview":"max-video-preview:-1"},"canonical":"https:\/\/cpxzx.com\/fr\/produit\/decanteur-de-tubes\/","og_locale":"fr_FR","og_type":"article","og_title":"Tube Settler","og_description":"The Tube Settler is a compact and highly efficient water treatment system designed to improve sedimentation processes. It consists of a series of inclined lamella plates, which increase the settling surface area while reducing the space required for installation. Ideal for applications such as municipal and industrial water treatment, the Tube Settler significantly enhances particle removal, improves water quality, and optimizes space usage. It is made from durable, corrosion-resistant materials like PVC and HDPE, ensuring long-lasting performance in various water treatment environments.","og_url":"https:\/\/cpxzx.com\/fr\/produit\/decanteur-de-tubes\/","og_site_name":"Cooling Tower Fill, China PVC Fills Manufacturer","og_image":[{"width":550,"height":550,"url":"https:\/\/cpxzx.com\/wp-content\/uploads\/2025\/10\/tube-settler-pp.jpg","type":"image\/jpeg"}],"twitter_card":"summary_large_image","twitter_misc":{"Dur\u00e9e de lecture estim\u00e9e":"3 minutes"},"schema":{"@context":"https:\/\/schema.org","@graph":[{"@type":"WebPage","@id":"https:\/\/cpxzx.com\/product\/tube-settler\/","url":"https:\/\/cpxzx.com\/product\/tube-settler\/","name":"Tube Settler","isPartOf":{"@id":"https:\/\/cpxzx.com\/#website"},"primaryImageOfPage":{"@id":"https:\/\/cpxzx.com\/product\/tube-settler\/#primaryimage"},"image":{"@id":"https:\/\/cpxzx.com\/product\/tube-settler\/#primaryimage"},"thumbnailUrl":"https:\/\/cpxzx.com\/wp-content\/uploads\/2025\/10\/tube-settler-pp.jpg","datePublished":"2025-10-24T04:07:53+00:00","breadcrumb":{"@id":"https:\/\/cpxzx.com\/product\/tube-settler\/#breadcrumb"},"inLanguage":"fr-FR","potentialAction":[{"@type":"ReadAction","target":["https:\/\/cpxzx.com\/product\/tube-settler\/"]}]},{"@type":"ImageObject","inLanguage":"fr-FR","@id":"https:\/\/cpxzx.com\/product\/tube-settler\/#primaryimage","url":"https:\/\/cpxzx.com\/wp-content\/uploads\/2025\/10\/tube-settler-pp.jpg","contentUrl":"https:\/\/cpxzx.com\/wp-content\/uploads\/2025\/10\/tube-settler-pp.jpg","width":550,"height":550,"caption":"tube settler"},{"@type":"BreadcrumbList","@id":"https:\/\/cpxzx.com\/product\/tube-settler\/#breadcrumb","itemListElement":[{"@type":"ListItem","position":1,"name":"Home","item":"https:\/\/cpxzx.com\/"},{"@type":"ListItem","position":2,"name":"Tube Settler","item":"https:\/\/cpxzx.com\/pcategory\/tube-settler\/"},{"@type":"ListItem","position":3,"name":"Tube Settler &#8211; Lamella Clarifier for Efficient Water Treatment"}]},{"@type":"WebSite","@id":"https:\/\/cpxzx.com\/#website","url":"https:\/\/cpxzx.com\/","name":"Remplissage de tour de refroidissement, fabricant chinois de remplissages en PVC","description":"","publisher":{"@id":"https:\/\/cpxzx.com\/#organization"},"potentialAction":[{"@type":"SearchAction","target":{"@type":"EntryPoint","urlTemplate":"https:\/\/cpxzx.com\/?s={search_term_string}"},"query-input":{"@type":"PropertyValueSpecification","valueRequired":true,"valueName":"search_term_string"}}],"inLanguage":"fr-FR"},{"@type":"Organization","@id":"https:\/\/cpxzx.com\/#organization","name":"Remplissage de tour de refroidissement, fabricant chinois de remplissages en PVC","url":"https:\/\/cpxzx.com\/","logo":{"@type":"ImageObject","inLanguage":"fr-FR","@id":"https:\/\/cpxzx.com\/#\/schema\/logo\/image\/","url":"https:\/\/cpxzx.com\/wp-content\/uploads\/2025\/07\/1751628807-logo.png","contentUrl":"https:\/\/cpxzx.com\/wp-content\/uploads\/2025\/07\/1751628807-logo.png","width":383,"height":87,"caption":"Cooling Tower Fill, China PVC Fills Manufacturer"},"image":{"@id":"https:\/\/cpxzx.com\/#\/schema\/logo\/image\/"}}]}},"taxonomy_info":{"pcategory":[{"value":17,"label":"Tube Settler"}]},"featured_image_src_large":["https:\/\/cpxzx.com\/wp-content\/uploads\/2025\/10\/tube-settler-pp.jpg",550,550,false],"author_info":[],"comment_info":"","_links":{"self":[{"href":"https:\/\/cpxzx.com\/fr\/wp-json\/wp\/v2\/product\/3155","targetHints":{"allow":["GET"]}}],"collection":[{"href":"https:\/\/cpxzx.com\/fr\/wp-json\/wp\/v2\/product"}],"about":[{"href":"https:\/\/cpxzx.com\/fr\/wp-json\/wp\/v2\/types\/product"}],"wp:featuredmedia":[{"embeddable":true,"href":"https:\/\/cpxzx.com\/fr\/wp-json\/wp\/v2\/media\/3156"}],"wp:attachment":[{"href":"https:\/\/cpxzx.com\/fr\/wp-json\/wp\/v2\/media?parent=3155"}],"wp:term":[{"taxonomy":"pcategory","embeddable":true,"href":"https:\/\/cpxzx.com\/fr\/wp-json\/wp\/v2\/pcategory?post=3155"},{"taxonomy":"ptag","embeddable":true,"href":"https:\/\/cpxzx.com\/fr\/wp-json\/wp\/v2\/ptag?post=3155"}],"curies":[{"name":"wp","href":"https:\/\/api.w.org\/{rel}","templated":true}]}}