{"id":3144,"date":"2025-10-11T07:27:15","date_gmt":"2025-10-11T07:27:15","guid":{"rendered":"https:\/\/cpxzx.com\/?post_type=product&#038;p=3144"},"modified":"2025-10-11T07:27:15","modified_gmt":"2025-10-11T07:27:15","slug":"emballage-a-structure-metallique","status":"publish","type":"product","link":"https:\/\/cpxzx.com\/fr\/produit\/emballage-a-structure-metallique\/","title":{"rendered":"emballage \u00e0 structure m\u00e9tallique"},"content":{"rendered":"<p><strong>Emballage \u00e0 structure m\u00e9tallique<\/strong> est un type tr\u00e8s efficace de <strong>garniture de colonne en acier inoxydable<\/strong> en feuilles m\u00e9talliques minces et ondul\u00e9es ou en treillis m\u00e9tallique en acier inoxydable. Chaque couche est ondul\u00e9e et empil\u00e9e selon des orientations altern\u00e9es, formant une structure ouverte en nid d'abeille qui am\u00e9liore le contact entre la vapeur et le liquide. Cette conception permet une distribution uniforme des gaz et des liquides, une faible perte de charge et d'excellentes performances en mati\u00e8re de transfert de masse.<\/p>\n<p>Le <strong>emballage structur\u00e9 en filet<\/strong> est produit par poin\u00e7onnage et \u00e9tirement de plaques d'acier inoxydable en feuilles de maille en forme de losange, qui sont ensuite ondul\u00e9es et assembl\u00e9es en couches structur\u00e9es. Il combine les avantages de l'emballage en treillis m\u00e9tallique et de l'emballage ondul\u00e9 en plaques m\u00e9talliques, ce qui lui conf\u00e8re une grande efficacit\u00e9 et un bon rapport co\u00fbt-efficacit\u00e9. La structure en losange est recouverte d'un film liquide, et la surface irr\u00e9guli\u00e8re favorise les turbulences et le m\u00e9lange, augmentant ainsi le taux de renouvellement du film liquide.<\/p>\n<p><strong>Emballage en carton ondul\u00e9<\/strong> se caract\u00e9rise par une surface rainur\u00e9e et perfor\u00e9e qui am\u00e9liore la mouillabilit\u00e9 et la distribution des liquides, ce qui accro\u00eet l'efficacit\u00e9 de la s\u00e9paration et la r\u00e9sistance \u00e0 l'encrassement. Il est largement utilis\u00e9 dans les industries chimiques, p\u00e9trochimiques, des engrais et du traitement du gaz o\u00f9 une s\u00e9paration de haute performance est requise.<\/p>\n<h2>Fonctionnalit\u00e9<\/h2>\n<ul>\n<li>La surface \u00e9lev\u00e9e assure un contact efficace entre le gaz et le liquide.<\/li>\n<li>Faible perte de charge, id\u00e9al pour les op\u00e9rations sous vide et \u00e0 basse pression.<\/li>\n<li>Excellente mouillabilit\u00e9 et uniformit\u00e9 de la distribution des liquides.<\/li>\n<li>R\u00e9sistance m\u00e9canique et r\u00e9sistance \u00e0 la corrosion \u00e9lev\u00e9es.<\/li>\n<li>Disponible en diff\u00e9rentes configurations : 100Y, 125Y, 160Y, 250Y, 350Y, 450Y, etc.<\/li>\n<li>Fabriqu\u00e9s en acier inoxydable 304, 304L, 316, 316L, en acier au carbone ou en alliage d'aluminium.<\/li>\n<\/ul>\n<h2>Sp\u00e9cifications<\/h2>\n<p><strong>Mat\u00e9riau :<\/strong> Acier au carbone, acier inoxydable 304, 304L, 410, 316, 316L ou alliage d'aluminium.<\/p>\n<table border=\"1\" cellspacing=\"0\" cellpadding=\"6\">\n<tbody>\n<tr>\n<th>Mod\u00e8le<\/th>\n<th>Volume du vide (%)<\/th>\n<th>Pi\u00e8ce \u00c9paisseur (mm)<\/th>\n<th>Densit\u00e9 apparente (kg\/m\u00b3)<\/th>\n<th>Hauteur de l'onde (mm)<\/th>\n<th>Distance d'ondulation (mm)<\/th>\n<th>Forme de l'engrenage Angle (\u00b0)<\/th>\n<th>Facteur F (\u03c6)<\/th>\n<th>HETP th\u00e9orique (pi\u00e8ce\/m)<\/th>\n<\/tr>\n<tr>\n<td>450Y<\/td>\n<td>76<\/td>\n<td>1 \u00b10.2<\/td>\n<td>600<\/td>\n<td>6<\/td>\n<td>11<\/td>\n<td>80<\/td>\n<td>1.5-2<\/td>\n<td>4-5<\/td>\n<\/tr>\n<tr>\n<td>350Y<\/td>\n<td>80<\/td>\n<td>1.2 \u00b10.2<\/td>\n<td>580<\/td>\n<td>9<\/td>\n<td>15<\/td>\n<td>80<\/td>\n<td>2<\/td>\n<td>3.5-4<\/td>\n<\/tr>\n<tr>\n<td>250Y<\/td>\n<td>82<\/td>\n<td>1.4 \u00b10.2<\/td>\n<td>530<\/td>\n<td>13<\/td>\n<td>22<\/td>\n<td>80<\/td>\n<td>2.5<\/td>\n<td>2-3<\/td>\n<\/tr>\n<tr>\n<td>160Y<\/td>\n<td>84<\/td>\n<td>2.2 \u00b10.2<\/td>\n<td>500<\/td>\n<td>17<\/td>\n<td>32<\/td>\n<td>80<\/td>\n<td>2.8<\/td>\n<td>1.5-2<\/td>\n<\/tr>\n<tr>\n<td>125Y<\/td>\n<td>85<\/td>\n<td>2.5 \u00b10.5<\/td>\n<td>480<\/td>\n<td>23<\/td>\n<td>42<\/td>\n<td>80<\/td>\n<td>3<\/td>\n<td>1-1.5<\/td>\n<\/tr>\n<tr>\n<td>100Y<\/td>\n<td>87.5<\/td>\n<td>2.5 \u00b10.5<\/td>\n<td>460<\/td>\n<td>30<\/td>\n<td>50<\/td>\n<td>80<\/td>\n<td>3.5<\/td>\n<td>1<\/td>\n<\/tr>\n<\/tbody>\n<\/table>\n<h2>Avantage<\/h2>\n<ul>\n<li><strong>Grande capacit\u00e9 :<\/strong> Les nouvelles conceptions de tours peuvent r\u00e9duire le diam\u00e8tre des colonnes, tandis que les tours existantes peuvent augmenter consid\u00e9rablement leur capacit\u00e9.<\/li>\n<li><strong>Efficacit\u00e9 de s\u00e9paration \u00e9lev\u00e9e :<\/strong> Une surface sp\u00e9cifique plus importante assure un transfert de masse plus efficace par rapport \u00e0 un empaquetage al\u00e9atoire.<\/li>\n<li><strong>Faible perte de charge :<\/strong> R\u00e9duit la consommation d'\u00e9nergie et am\u00e9liore l'efficacit\u00e9 globale du processus.<\/li>\n<li><strong>Grande flexibilit\u00e9 :<\/strong> Convient \u00e0 tous les diam\u00e8tres de tour ; effets d'\u00e9chelle minimes.<\/li>\n<li><strong>R\u00e9sistance \u00e0 la corrosion :<\/strong> Excellente r\u00e9sistance \u00e0 la corrosion acide, alcaline, H\u2082S, acide napht\u00e9nique et chlorure.<\/li>\n<li>Faible r\u00e9tention de liquide et r\u00e9ponse rapide aux changements de charge.<\/li>\n<li>Durable et facile \u00e0 installer, \u00e0 retirer et \u00e0 nettoyer.<\/li>\n<\/ul>\n<h2>Application<\/h2>\n<p><strong>Emballage \u00e0 structure m\u00e9tallique<\/strong> est largement utilis\u00e9 dans diverses op\u00e9rations de transfert de masse, notamment :<\/p>\n<ul>\n<li>Colonnes de distillation chimiques et p\u00e9trochimiques<\/li>\n<li>Purification de produits chimiques fins et r\u00e9cup\u00e9ration de solvants<\/li>\n<li>Proc\u00e9d\u00e9s de raffinage des engrais et du p\u00e9trole<\/li>\n<li>Tours d'absorption et de d\u00e9sorption des gaz<\/li>\n<li>Syst\u00e8mes de rectification atmosph\u00e9rique et sous vide<\/li>\n<li>Protection de l'environnement et unit\u00e9s de traitement des gaz d'\u00e9chappement<\/li>\n<\/ul>\n<h2>Paquet<\/h2>\n<p>L'emballage est soigneusement plac\u00e9 dans des caisses en bois ou des cadres en acier afin d'\u00e9viter toute d\u00e9formation pendant le transport. Chaque couche est \u00e9tiquet\u00e9e pour faciliter l'identification, l'assemblage et l'installation sur place. L'emballage peut \u00eatre personnalis\u00e9 en fonction des besoins du client.<\/p>","protected":false},"excerpt":{"rendered":"<p>L'emballage m\u00e9tallique structur\u00e9 est un produit de haute performance <strong>garniture de colonne en acier inoxydable<\/strong> Les filtres \u00e0 air sont fabriqu\u00e9s \u00e0 partir de feuilles de m\u00e9tal ondul\u00e9es ou maill\u00e9es, con\u00e7ues pour une efficacit\u00e9 de s\u00e9paration sup\u00e9rieure et une faible perte de charge. Gr\u00e2ce \u00e0 sa structure unique en nid d'abeille et \u00e0 sa grande surface, ce filtre est tr\u00e8s efficace. <strong>emballage structur\u00e9 en filet<\/strong> assure un excellent contact vapeur-liquide et une distribution uniforme du flux. Fabriqu\u00e9s en acier inoxydable, en acier au carbone ou en alliage d'aluminium, <strong>emballage en carton ondul\u00e9<\/strong> est id\u00e9al pour les processus de distillation, d'absorption et de purification dans les industries chimiques, p\u00e9trochimiques et gazi\u00e8res.<\/p>","protected":false},"featured_media":3145,"parent":0,"template":"","meta":{"_acf_changed":false,"_kad_blocks_custom_css":"","_kad_blocks_head_custom_js":"","_kad_blocks_body_custom_js":"","_kad_blocks_footer_custom_js":"","_kadence_starter_templates_imported_post":false,"_kad_post_transparent":"default","_kad_post_title":"","_kad_post_layout":"default","_kad_post_sidebar_id":"","_kad_post_content_style":"default","_kad_post_vertical_padding":"default","_kad_post_feature":"","_kad_post_feature_position":"","_kad_post_header":false,"_kad_post_footer":false},"pcategory":[26],"ptag":[],"class_list":["post-3144","product","type-product","status-publish","has-post-thumbnail","hentry","pcategory-structured-packing"],"acf":[],"yoast_head":"<!-- This site is optimized with the Yoast SEO plugin v27.4 - https:\/\/yoast.com\/product\/yoast-seo-wordpress\/ -->\n<title>metal structured packing - Cooling Tower Fill, China PVC Fills Manufacturer<\/title>\n<meta name=\"robots\" content=\"index, follow, max-snippet:-1, max-image-preview:large, max-video-preview:-1\" \/>\n<link rel=\"canonical\" href=\"https:\/\/cpxzx.com\/fr\/produit\/emballage-a-structure-metallique\/\" \/>\n<meta property=\"og:locale\" content=\"fr_FR\" \/>\n<meta property=\"og:type\" content=\"article\" \/>\n<meta property=\"og:title\" content=\"metal structured packing - Cooling Tower Fill, China PVC Fills Manufacturer\" \/>\n<meta property=\"og:description\" content=\"Metal Structured Packing is a high-performance stainless steel column packing made from corrugated or mesh metal sheets, designed for superior separation efficiency and low pressure drop. With its unique honeycomb structure and large surface area, this mesh structured packing ensures excellent vapor-liquid contact and uniform flow distribution. Manufactured from stainless steel, carbon steel, or aluminum alloy, metal corrugate packing is ideal for distillation, absorption, and purification processes in chemical, petrochemical, and gas industries.\" \/>\n<meta property=\"og:url\" content=\"https:\/\/cpxzx.com\/fr\/produit\/emballage-a-structure-metallique\/\" \/>\n<meta property=\"og:site_name\" content=\"Cooling Tower Fill, China PVC Fills Manufacturer\" \/>\n<meta property=\"og:image\" content=\"https:\/\/cpxzx.com\/wp-content\/uploads\/2025\/10\/metal-structured-packing.jpg\" \/>\n\t<meta property=\"og:image:width\" content=\"550\" \/>\n\t<meta property=\"og:image:height\" content=\"550\" \/>\n\t<meta property=\"og:image:type\" content=\"image\/jpeg\" \/>\n<meta name=\"twitter:card\" content=\"summary_large_image\" \/>\n<meta name=\"twitter:label1\" content=\"Dur\u00e9e de lecture estim\u00e9e\" \/>\n\t<meta name=\"twitter:data1\" content=\"3 minutes\" \/>\n<script type=\"application\/ld+json\" class=\"yoast-schema-graph\">{\"@context\":\"https:\\\/\\\/schema.org\",\"@graph\":[{\"@type\":\"WebPage\",\"@id\":\"https:\\\/\\\/cpxzx.com\\\/product\\\/metal-structured-packing\\\/\",\"url\":\"https:\\\/\\\/cpxzx.com\\\/product\\\/metal-structured-packing\\\/\",\"name\":\"metal structured packing - Cooling Tower Fill, China PVC Fills Manufacturer\",\"isPartOf\":{\"@id\":\"https:\\\/\\\/cpxzx.com\\\/#website\"},\"primaryImageOfPage\":{\"@id\":\"https:\\\/\\\/cpxzx.com\\\/product\\\/metal-structured-packing\\\/#primaryimage\"},\"image\":{\"@id\":\"https:\\\/\\\/cpxzx.com\\\/product\\\/metal-structured-packing\\\/#primaryimage\"},\"thumbnailUrl\":\"https:\\\/\\\/cpxzx.com\\\/wp-content\\\/uploads\\\/2025\\\/10\\\/metal-structured-packing.jpg\",\"datePublished\":\"2025-10-11T07:27:15+00:00\",\"breadcrumb\":{\"@id\":\"https:\\\/\\\/cpxzx.com\\\/product\\\/metal-structured-packing\\\/#breadcrumb\"},\"inLanguage\":\"fr-FR\",\"potentialAction\":[{\"@type\":\"ReadAction\",\"target\":[\"https:\\\/\\\/cpxzx.com\\\/product\\\/metal-structured-packing\\\/\"]}]},{\"@type\":\"ImageObject\",\"inLanguage\":\"fr-FR\",\"@id\":\"https:\\\/\\\/cpxzx.com\\\/product\\\/metal-structured-packing\\\/#primaryimage\",\"url\":\"https:\\\/\\\/cpxzx.com\\\/wp-content\\\/uploads\\\/2025\\\/10\\\/metal-structured-packing.jpg\",\"contentUrl\":\"https:\\\/\\\/cpxzx.com\\\/wp-content\\\/uploads\\\/2025\\\/10\\\/metal-structured-packing.jpg\",\"width\":550,\"height\":550,\"caption\":\"metal structured packing\"},{\"@type\":\"BreadcrumbList\",\"@id\":\"https:\\\/\\\/cpxzx.com\\\/product\\\/metal-structured-packing\\\/#breadcrumb\",\"itemListElement\":[{\"@type\":\"ListItem\",\"position\":1,\"name\":\"Home\",\"item\":\"https:\\\/\\\/cpxzx.com\\\/\"},{\"@type\":\"ListItem\",\"position\":2,\"name\":\"Structured Packing\",\"item\":\"https:\\\/\\\/cpxzx.com\\\/pcategory\\\/structured-packing\\\/\"},{\"@type\":\"ListItem\",\"position\":3,\"name\":\"metal structured packing\"}]},{\"@type\":\"WebSite\",\"@id\":\"https:\\\/\\\/cpxzx.com\\\/#website\",\"url\":\"https:\\\/\\\/cpxzx.com\\\/\",\"name\":\"Cooling Tower Fill, China PVC Fills Manufacturer\",\"description\":\"\",\"publisher\":{\"@id\":\"https:\\\/\\\/cpxzx.com\\\/#organization\"},\"potentialAction\":[{\"@type\":\"SearchAction\",\"target\":{\"@type\":\"EntryPoint\",\"urlTemplate\":\"https:\\\/\\\/cpxzx.com\\\/?s={search_term_string}\"},\"query-input\":{\"@type\":\"PropertyValueSpecification\",\"valueRequired\":true,\"valueName\":\"search_term_string\"}}],\"inLanguage\":\"fr-FR\"},{\"@type\":\"Organization\",\"@id\":\"https:\\\/\\\/cpxzx.com\\\/#organization\",\"name\":\"Cooling Tower Fill, China PVC Fills Manufacturer\",\"url\":\"https:\\\/\\\/cpxzx.com\\\/\",\"logo\":{\"@type\":\"ImageObject\",\"inLanguage\":\"fr-FR\",\"@id\":\"https:\\\/\\\/cpxzx.com\\\/#\\\/schema\\\/logo\\\/image\\\/\",\"url\":\"https:\\\/\\\/cpxzx.com\\\/wp-content\\\/uploads\\\/2025\\\/07\\\/1751628807-logo.png\",\"contentUrl\":\"https:\\\/\\\/cpxzx.com\\\/wp-content\\\/uploads\\\/2025\\\/07\\\/1751628807-logo.png\",\"width\":383,\"height\":87,\"caption\":\"Cooling Tower Fill, China PVC Fills Manufacturer\"},\"image\":{\"@id\":\"https:\\\/\\\/cpxzx.com\\\/#\\\/schema\\\/logo\\\/image\\\/\"}}]}<\/script>\n<!-- \/ Yoast SEO plugin. -->","yoast_head_json":{"title":"metal structured packing - Cooling Tower Fill, China PVC Fills Manufacturer","robots":{"index":"index","follow":"follow","max-snippet":"max-snippet:-1","max-image-preview":"max-image-preview:large","max-video-preview":"max-video-preview:-1"},"canonical":"https:\/\/cpxzx.com\/fr\/produit\/emballage-a-structure-metallique\/","og_locale":"fr_FR","og_type":"article","og_title":"metal structured packing - Cooling Tower Fill, China PVC Fills Manufacturer","og_description":"Metal Structured Packing is a high-performance stainless steel column packing made from corrugated or mesh metal sheets, designed for superior separation efficiency and low pressure drop. With its unique honeycomb structure and large surface area, this mesh structured packing ensures excellent vapor-liquid contact and uniform flow distribution. Manufactured from stainless steel, carbon steel, or aluminum alloy, metal corrugate packing is ideal for distillation, absorption, and purification processes in chemical, petrochemical, and gas industries.","og_url":"https:\/\/cpxzx.com\/fr\/produit\/emballage-a-structure-metallique\/","og_site_name":"Cooling Tower Fill, China PVC Fills Manufacturer","og_image":[{"width":550,"height":550,"url":"https:\/\/cpxzx.com\/wp-content\/uploads\/2025\/10\/metal-structured-packing.jpg","type":"image\/jpeg"}],"twitter_card":"summary_large_image","twitter_misc":{"Dur\u00e9e de lecture estim\u00e9e":"3 minutes"},"schema":{"@context":"https:\/\/schema.org","@graph":[{"@type":"WebPage","@id":"https:\/\/cpxzx.com\/product\/metal-structured-packing\/","url":"https:\/\/cpxzx.com\/product\/metal-structured-packing\/","name":"metal structured packing - Cooling Tower Fill, China PVC Fills Manufacturer","isPartOf":{"@id":"https:\/\/cpxzx.com\/#website"},"primaryImageOfPage":{"@id":"https:\/\/cpxzx.com\/product\/metal-structured-packing\/#primaryimage"},"image":{"@id":"https:\/\/cpxzx.com\/product\/metal-structured-packing\/#primaryimage"},"thumbnailUrl":"https:\/\/cpxzx.com\/wp-content\/uploads\/2025\/10\/metal-structured-packing.jpg","datePublished":"2025-10-11T07:27:15+00:00","breadcrumb":{"@id":"https:\/\/cpxzx.com\/product\/metal-structured-packing\/#breadcrumb"},"inLanguage":"fr-FR","potentialAction":[{"@type":"ReadAction","target":["https:\/\/cpxzx.com\/product\/metal-structured-packing\/"]}]},{"@type":"ImageObject","inLanguage":"fr-FR","@id":"https:\/\/cpxzx.com\/product\/metal-structured-packing\/#primaryimage","url":"https:\/\/cpxzx.com\/wp-content\/uploads\/2025\/10\/metal-structured-packing.jpg","contentUrl":"https:\/\/cpxzx.com\/wp-content\/uploads\/2025\/10\/metal-structured-packing.jpg","width":550,"height":550,"caption":"metal structured packing"},{"@type":"BreadcrumbList","@id":"https:\/\/cpxzx.com\/product\/metal-structured-packing\/#breadcrumb","itemListElement":[{"@type":"ListItem","position":1,"name":"Home","item":"https:\/\/cpxzx.com\/"},{"@type":"ListItem","position":2,"name":"Structured Packing","item":"https:\/\/cpxzx.com\/pcategory\/structured-packing\/"},{"@type":"ListItem","position":3,"name":"metal structured packing"}]},{"@type":"WebSite","@id":"https:\/\/cpxzx.com\/#website","url":"https:\/\/cpxzx.com\/","name":"Remplissage de tour de refroidissement, fabricant chinois de remplissages en PVC","description":"","publisher":{"@id":"https:\/\/cpxzx.com\/#organization"},"potentialAction":[{"@type":"SearchAction","target":{"@type":"EntryPoint","urlTemplate":"https:\/\/cpxzx.com\/?s={search_term_string}"},"query-input":{"@type":"PropertyValueSpecification","valueRequired":true,"valueName":"search_term_string"}}],"inLanguage":"fr-FR"},{"@type":"Organization","@id":"https:\/\/cpxzx.com\/#organization","name":"Remplissage de tour de refroidissement, fabricant chinois de remplissages en PVC","url":"https:\/\/cpxzx.com\/","logo":{"@type":"ImageObject","inLanguage":"fr-FR","@id":"https:\/\/cpxzx.com\/#\/schema\/logo\/image\/","url":"https:\/\/cpxzx.com\/wp-content\/uploads\/2025\/07\/1751628807-logo.png","contentUrl":"https:\/\/cpxzx.com\/wp-content\/uploads\/2025\/07\/1751628807-logo.png","width":383,"height":87,"caption":"Cooling Tower Fill, China PVC Fills Manufacturer"},"image":{"@id":"https:\/\/cpxzx.com\/#\/schema\/logo\/image\/"}}]}},"taxonomy_info":{"pcategory":[{"value":26,"label":"Structured Packing"}]},"featured_image_src_large":["https:\/\/cpxzx.com\/wp-content\/uploads\/2025\/10\/metal-structured-packing.jpg",550,550,false],"author_info":[],"comment_info":"","_links":{"self":[{"href":"https:\/\/cpxzx.com\/fr\/wp-json\/wp\/v2\/product\/3144","targetHints":{"allow":["GET"]}}],"collection":[{"href":"https:\/\/cpxzx.com\/fr\/wp-json\/wp\/v2\/product"}],"about":[{"href":"https:\/\/cpxzx.com\/fr\/wp-json\/wp\/v2\/types\/product"}],"wp:featuredmedia":[{"embeddable":true,"href":"https:\/\/cpxzx.com\/fr\/wp-json\/wp\/v2\/media\/3145"}],"wp:attachment":[{"href":"https:\/\/cpxzx.com\/fr\/wp-json\/wp\/v2\/media?parent=3144"}],"wp:term":[{"taxonomy":"pcategory","embeddable":true,"href":"https:\/\/cpxzx.com\/fr\/wp-json\/wp\/v2\/pcategory?post=3144"},{"taxonomy":"ptag","embeddable":true,"href":"https:\/\/cpxzx.com\/fr\/wp-json\/wp\/v2\/ptag?post=3144"}],"curies":[{"name":"wp","href":"https:\/\/api.w.org\/{rel}","templated":true}]}}