{"id":3108,"date":"2025-10-01T05:57:25","date_gmt":"2025-10-01T05:57:25","guid":{"rendered":"https:\/\/cpxzx.com\/?post_type=product&#038;p=3108"},"modified":"2025-09-28T06:00:42","modified_gmt":"2025-09-28T06:00:42","slug":"counterflow-fill","status":"publish","type":"product","link":"https:\/\/cpxzx.com\/fr\/produit\/counterflow-fill\/","title":{"rendered":"Remplissage \u00e0 contre-courant"},"content":{"rendered":"<p><strong>Remplissage \u00e0 contre-courant<\/strong> est un m\u00e9dia sp\u00e9cialement con\u00e7u pour les tours de refroidissement, utilis\u00e9 dans les tours de refroidissement \u00e0 contre-courant pour maximiser les performances thermiques et l'efficacit\u00e9 de la distribution de l'eau. Il offre une grande surface de contact entre l'air et l'eau, assurant un meilleur transfert de chaleur tout en r\u00e9duisant la d\u00e9rive de l'eau et les pertes par \u00e9claboussures. Gr\u00e2ce \u00e0 sa structure optimis\u00e9e, le remplissage \u00e0 contre-courant am\u00e9liore l'efficacit\u00e9 de la tour, \u00e9conomise l'eau et r\u00e9duit les co\u00fbts d'exploitation.<\/p>\n<h2>Caract\u00e9ristiques<\/h2>\n<ul>\n<li>Haute performance thermique avec une excellente distribution de l'eau<\/li>\n<li>Construction durable r\u00e9sistant aux UV, aux produits chimiques et aux attaques biologiques<\/li>\n<li>L\u00e9ger mais solide, facile \u00e0 installer et \u00e0 remplacer<\/li>\n<li>Faible r\u00e9sistance \u00e0 l'air, favorisant un refroidissement efficace<\/li>\n<li>Con\u00e7ue pour minimiser l'entartrage, le colmatage et l'encrassement<\/li>\n<\/ul>\n<h2>Sp\u00e9cifications<\/h2>\n<ul>\n<li>Mat\u00e9riau : PVC ou PP (polypropyl\u00e8ne)<\/li>\n<li>\u00c9paisseur de la feuille : 0,25-0,5 mm (personnalisable)<\/li>\n<li>Couleur : noir, bleu ou personnalisable<\/li>\n<li>Temp\u00e9rature maximale de fonctionnement continu : 55-70\u00b0C (en fonction du mat\u00e9riau)<\/li>\n<li>Taille standard des blocs : R\u00e9glable en fonction de la conception de la tour<\/li>\n<\/ul>\n<h2>Avantages<\/h2>\n<ul>\n<li>Am\u00e9liore les performances des tours de refroidissement gr\u00e2ce \u00e0 un \u00e9change de chaleur optimis\u00e9<\/li>\n<li>Dur\u00e9e de vie plus longue que celle d'un remplissage par \u00e9claboussures traditionnel<\/li>\n<li>Efficacit\u00e9 \u00e9nerg\u00e9tique gr\u00e2ce \u00e0 la r\u00e9duction de la r\u00e9sistance \u00e0 l'air<\/li>\n<li>Compatible avec la plupart des tours de refroidissement \u00e0 contre-courant<\/li>\n<li>Rentabilit\u00e9 et facilit\u00e9 d'entretien<\/li>\n<\/ul>\n<h2>Applications<\/h2>\n<p>Le remplissage \u00e0 contre-courant est largement utilis\u00e9 dans :<\/p>\n<ul>\n<li>Tours de refroidissement industrielles \u00e0 contre-courant<\/li>\n<li>Syst\u00e8mes de refroidissement CVC<\/li>\n<li>Centrales \u00e9lectriques et installations de traitement chimique<\/li>\n<li>M\u00e9tallurgie et sid\u00e9rurgie<\/li>\n<li>Traitement de l'eau et applications de r\u00e9frig\u00e9ration<\/li>\n<\/ul>\n<h2>Emballage<\/h2>\n<ul>\n<li>Emball\u00e9s en paquets avec des sangles en PE<\/li>\n<li>Palettis\u00e9 pour un transport en toute s\u00e9curit\u00e9<\/li>\n<li>Emballage personnalis\u00e9 disponible sur demande<\/li>\n<\/ul>","protected":false},"excerpt":{"rendered":"<p>Le remplissage \u00e0 contre-courant est un produit de remplissage essentiel con\u00e7u pour les tours de refroidissement \u00e0 contre-courant. Il am\u00e9liore l'efficacit\u00e9 de l'\u00e9change thermique en offrant une grande surface de contact entre l'eau et l'air, assurant ainsi une distribution uniforme de l'eau et une r\u00e9duction de la perte de charge. Fabriqu\u00e9 en PVC ou en PP durable, le remplissage de tour de refroidissement \u00e0 contre-courant offre des performances thermiques \u00e9lev\u00e9es, une faible r\u00e9sistance \u00e0 l'air et une longue dur\u00e9e de vie, ce qui en fait une solution fiable pour les applications de refroidissement industriel.<\/p>","protected":false},"featured_media":3109,"parent":0,"template":"","meta":{"_acf_changed":false,"_kad_blocks_custom_css":"","_kad_blocks_head_custom_js":"","_kad_blocks_body_custom_js":"","_kad_blocks_footer_custom_js":"","_kadence_starter_templates_imported_post":false,"_kad_post_transparent":"default","_kad_post_title":"","_kad_post_layout":"default","_kad_post_sidebar_id":"","_kad_post_content_style":"default","_kad_post_vertical_padding":"default","_kad_post_feature":"","_kad_post_feature_position":"","_kad_post_header":false,"_kad_post_footer":false},"pcategory":[5],"ptag":[],"class_list":["post-3108","product","type-product","status-publish","has-post-thumbnail","hentry","pcategory-cooling-tower-fill"],"acf":[],"yoast_head":"<!-- This site is optimized with the Yoast SEO plugin v27.4 - https:\/\/yoast.com\/product\/yoast-seo-wordpress\/ -->\n<title>Counterflow Fill - Cooling Tower Fill, China PVC Fills Manufacturer<\/title>\n<meta name=\"robots\" content=\"index, follow, max-snippet:-1, max-image-preview:large, max-video-preview:-1\" \/>\n<link rel=\"canonical\" href=\"https:\/\/cpxzx.com\/fr\/produit\/counterflow-fill\/\" \/>\n<meta property=\"og:locale\" content=\"fr_FR\" \/>\n<meta property=\"og:type\" content=\"article\" \/>\n<meta property=\"og:title\" content=\"Counterflow Fill - Cooling Tower Fill, China PVC Fills Manufacturer\" \/>\n<meta property=\"og:description\" content=\"Counterflow fill is an essential cooling tower fill media designed for counterflow cooling towers. It improves heat exchange efficiency by providing a large contact area between water and air, ensuring uniform water distribution and reduced drift loss. Made of durable PVC or PP material, counterflow cooling tower fill offers high thermal performance, low air resistance, and long service life, making it a reliable solution for industrial cooling applications.\" \/>\n<meta property=\"og:url\" content=\"https:\/\/cpxzx.com\/fr\/produit\/counterflow-fill\/\" \/>\n<meta property=\"og:site_name\" content=\"Cooling Tower Fill, China PVC Fills Manufacturer\" \/>\n<meta property=\"og:image\" content=\"https:\/\/cpxzx.com\/wp-content\/uploads\/2025\/09\/Counterflow-Fill-2.jpg\" \/>\n\t<meta property=\"og:image:width\" content=\"503\" \/>\n\t<meta property=\"og:image:height\" content=\"361\" \/>\n\t<meta property=\"og:image:type\" content=\"image\/jpeg\" \/>\n<meta name=\"twitter:card\" content=\"summary_large_image\" \/>\n<meta name=\"twitter:label1\" content=\"Dur\u00e9e de lecture estim\u00e9e\" \/>\n\t<meta name=\"twitter:data1\" content=\"2 minutes\" \/>\n<script type=\"application\/ld+json\" class=\"yoast-schema-graph\">{\"@context\":\"https:\\\/\\\/schema.org\",\"@graph\":[{\"@type\":\"WebPage\",\"@id\":\"https:\\\/\\\/cpxzx.com\\\/product\\\/counterflow-fill\\\/\",\"url\":\"https:\\\/\\\/cpxzx.com\\\/product\\\/counterflow-fill\\\/\",\"name\":\"Counterflow Fill - Cooling Tower Fill, China PVC Fills Manufacturer\",\"isPartOf\":{\"@id\":\"https:\\\/\\\/cpxzx.com\\\/#website\"},\"primaryImageOfPage\":{\"@id\":\"https:\\\/\\\/cpxzx.com\\\/product\\\/counterflow-fill\\\/#primaryimage\"},\"image\":{\"@id\":\"https:\\\/\\\/cpxzx.com\\\/product\\\/counterflow-fill\\\/#primaryimage\"},\"thumbnailUrl\":\"https:\\\/\\\/cpxzx.com\\\/wp-content\\\/uploads\\\/2025\\\/09\\\/Counterflow-Fill-2.jpg\",\"datePublished\":\"2025-10-01T05:57:25+00:00\",\"breadcrumb\":{\"@id\":\"https:\\\/\\\/cpxzx.com\\\/product\\\/counterflow-fill\\\/#breadcrumb\"},\"inLanguage\":\"fr-FR\",\"potentialAction\":[{\"@type\":\"ReadAction\",\"target\":[\"https:\\\/\\\/cpxzx.com\\\/product\\\/counterflow-fill\\\/\"]}]},{\"@type\":\"ImageObject\",\"inLanguage\":\"fr-FR\",\"@id\":\"https:\\\/\\\/cpxzx.com\\\/product\\\/counterflow-fill\\\/#primaryimage\",\"url\":\"https:\\\/\\\/cpxzx.com\\\/wp-content\\\/uploads\\\/2025\\\/09\\\/Counterflow-Fill-2.jpg\",\"contentUrl\":\"https:\\\/\\\/cpxzx.com\\\/wp-content\\\/uploads\\\/2025\\\/09\\\/Counterflow-Fill-2.jpg\",\"width\":503,\"height\":361,\"caption\":\"Counterflow Fill\"},{\"@type\":\"BreadcrumbList\",\"@id\":\"https:\\\/\\\/cpxzx.com\\\/product\\\/counterflow-fill\\\/#breadcrumb\",\"itemListElement\":[{\"@type\":\"ListItem\",\"position\":1,\"name\":\"Home\",\"item\":\"https:\\\/\\\/cpxzx.com\\\/\"},{\"@type\":\"ListItem\",\"position\":2,\"name\":\"Cooling Tower Fill\",\"item\":\"https:\\\/\\\/cpxzx.com\\\/pcategory\\\/cooling-tower-fill\\\/\"},{\"@type\":\"ListItem\",\"position\":3,\"name\":\"Counterflow Fill\"}]},{\"@type\":\"WebSite\",\"@id\":\"https:\\\/\\\/cpxzx.com\\\/#website\",\"url\":\"https:\\\/\\\/cpxzx.com\\\/\",\"name\":\"Cooling Tower Fill, China PVC Fills Manufacturer\",\"description\":\"\",\"publisher\":{\"@id\":\"https:\\\/\\\/cpxzx.com\\\/#organization\"},\"potentialAction\":[{\"@type\":\"SearchAction\",\"target\":{\"@type\":\"EntryPoint\",\"urlTemplate\":\"https:\\\/\\\/cpxzx.com\\\/?s={search_term_string}\"},\"query-input\":{\"@type\":\"PropertyValueSpecification\",\"valueRequired\":true,\"valueName\":\"search_term_string\"}}],\"inLanguage\":\"fr-FR\"},{\"@type\":\"Organization\",\"@id\":\"https:\\\/\\\/cpxzx.com\\\/#organization\",\"name\":\"Cooling Tower Fill, China PVC Fills Manufacturer\",\"url\":\"https:\\\/\\\/cpxzx.com\\\/\",\"logo\":{\"@type\":\"ImageObject\",\"inLanguage\":\"fr-FR\",\"@id\":\"https:\\\/\\\/cpxzx.com\\\/#\\\/schema\\\/logo\\\/image\\\/\",\"url\":\"https:\\\/\\\/cpxzx.com\\\/wp-content\\\/uploads\\\/2025\\\/07\\\/1751628807-logo.png\",\"contentUrl\":\"https:\\\/\\\/cpxzx.com\\\/wp-content\\\/uploads\\\/2025\\\/07\\\/1751628807-logo.png\",\"width\":383,\"height\":87,\"caption\":\"Cooling Tower Fill, China PVC Fills Manufacturer\"},\"image\":{\"@id\":\"https:\\\/\\\/cpxzx.com\\\/#\\\/schema\\\/logo\\\/image\\\/\"}}]}<\/script>\n<!-- \/ Yoast SEO plugin. -->","yoast_head_json":{"title":"Counterflow Fill - Cooling Tower Fill, China PVC Fills Manufacturer","robots":{"index":"index","follow":"follow","max-snippet":"max-snippet:-1","max-image-preview":"max-image-preview:large","max-video-preview":"max-video-preview:-1"},"canonical":"https:\/\/cpxzx.com\/fr\/produit\/counterflow-fill\/","og_locale":"fr_FR","og_type":"article","og_title":"Counterflow Fill - Cooling Tower Fill, China PVC Fills Manufacturer","og_description":"Counterflow fill is an essential cooling tower fill media designed for counterflow cooling towers. It improves heat exchange efficiency by providing a large contact area between water and air, ensuring uniform water distribution and reduced drift loss. Made of durable PVC or PP material, counterflow cooling tower fill offers high thermal performance, low air resistance, and long service life, making it a reliable solution for industrial cooling applications.","og_url":"https:\/\/cpxzx.com\/fr\/produit\/counterflow-fill\/","og_site_name":"Cooling Tower Fill, China PVC Fills Manufacturer","og_image":[{"width":503,"height":361,"url":"https:\/\/cpxzx.com\/wp-content\/uploads\/2025\/09\/Counterflow-Fill-2.jpg","type":"image\/jpeg"}],"twitter_card":"summary_large_image","twitter_misc":{"Dur\u00e9e de lecture estim\u00e9e":"2 minutes"},"schema":{"@context":"https:\/\/schema.org","@graph":[{"@type":"WebPage","@id":"https:\/\/cpxzx.com\/product\/counterflow-fill\/","url":"https:\/\/cpxzx.com\/product\/counterflow-fill\/","name":"Counterflow Fill - Cooling Tower Fill, China PVC Fills Manufacturer","isPartOf":{"@id":"https:\/\/cpxzx.com\/#website"},"primaryImageOfPage":{"@id":"https:\/\/cpxzx.com\/product\/counterflow-fill\/#primaryimage"},"image":{"@id":"https:\/\/cpxzx.com\/product\/counterflow-fill\/#primaryimage"},"thumbnailUrl":"https:\/\/cpxzx.com\/wp-content\/uploads\/2025\/09\/Counterflow-Fill-2.jpg","datePublished":"2025-10-01T05:57:25+00:00","breadcrumb":{"@id":"https:\/\/cpxzx.com\/product\/counterflow-fill\/#breadcrumb"},"inLanguage":"fr-FR","potentialAction":[{"@type":"ReadAction","target":["https:\/\/cpxzx.com\/product\/counterflow-fill\/"]}]},{"@type":"ImageObject","inLanguage":"fr-FR","@id":"https:\/\/cpxzx.com\/product\/counterflow-fill\/#primaryimage","url":"https:\/\/cpxzx.com\/wp-content\/uploads\/2025\/09\/Counterflow-Fill-2.jpg","contentUrl":"https:\/\/cpxzx.com\/wp-content\/uploads\/2025\/09\/Counterflow-Fill-2.jpg","width":503,"height":361,"caption":"Counterflow Fill"},{"@type":"BreadcrumbList","@id":"https:\/\/cpxzx.com\/product\/counterflow-fill\/#breadcrumb","itemListElement":[{"@type":"ListItem","position":1,"name":"Home","item":"https:\/\/cpxzx.com\/"},{"@type":"ListItem","position":2,"name":"Cooling Tower Fill","item":"https:\/\/cpxzx.com\/pcategory\/cooling-tower-fill\/"},{"@type":"ListItem","position":3,"name":"Counterflow Fill"}]},{"@type":"WebSite","@id":"https:\/\/cpxzx.com\/#website","url":"https:\/\/cpxzx.com\/","name":"Remplissage de tour de refroidissement, fabricant chinois de remplissages en PVC","description":"","publisher":{"@id":"https:\/\/cpxzx.com\/#organization"},"potentialAction":[{"@type":"SearchAction","target":{"@type":"EntryPoint","urlTemplate":"https:\/\/cpxzx.com\/?s={search_term_string}"},"query-input":{"@type":"PropertyValueSpecification","valueRequired":true,"valueName":"search_term_string"}}],"inLanguage":"fr-FR"},{"@type":"Organization","@id":"https:\/\/cpxzx.com\/#organization","name":"Remplissage de tour de refroidissement, fabricant chinois de remplissages en PVC","url":"https:\/\/cpxzx.com\/","logo":{"@type":"ImageObject","inLanguage":"fr-FR","@id":"https:\/\/cpxzx.com\/#\/schema\/logo\/image\/","url":"https:\/\/cpxzx.com\/wp-content\/uploads\/2025\/07\/1751628807-logo.png","contentUrl":"https:\/\/cpxzx.com\/wp-content\/uploads\/2025\/07\/1751628807-logo.png","width":383,"height":87,"caption":"Cooling Tower Fill, China PVC Fills Manufacturer"},"image":{"@id":"https:\/\/cpxzx.com\/#\/schema\/logo\/image\/"}}]}},"taxonomy_info":{"pcategory":[{"value":5,"label":"Cooling Tower Fill"}]},"featured_image_src_large":["https:\/\/cpxzx.com\/wp-content\/uploads\/2025\/09\/Counterflow-Fill-2.jpg",503,361,false],"author_info":[],"comment_info":"","_links":{"self":[{"href":"https:\/\/cpxzx.com\/fr\/wp-json\/wp\/v2\/product\/3108","targetHints":{"allow":["GET"]}}],"collection":[{"href":"https:\/\/cpxzx.com\/fr\/wp-json\/wp\/v2\/product"}],"about":[{"href":"https:\/\/cpxzx.com\/fr\/wp-json\/wp\/v2\/types\/product"}],"wp:featuredmedia":[{"embeddable":true,"href":"https:\/\/cpxzx.com\/fr\/wp-json\/wp\/v2\/media\/3109"}],"wp:attachment":[{"href":"https:\/\/cpxzx.com\/fr\/wp-json\/wp\/v2\/media?parent=3108"}],"wp:term":[{"taxonomy":"pcategory","embeddable":true,"href":"https:\/\/cpxzx.com\/fr\/wp-json\/wp\/v2\/pcategory?post=3108"},{"taxonomy":"ptag","embeddable":true,"href":"https:\/\/cpxzx.com\/fr\/wp-json\/wp\/v2\/ptag?post=3108"}],"curies":[{"name":"wp","href":"https:\/\/api.w.org\/{rel}","templated":true}]}}