{"id":3104,"date":"2025-09-30T05:24:57","date_gmt":"2025-09-30T05:24:57","guid":{"rendered":"https:\/\/cpxzx.com\/?post_type=product&#038;p=3104"},"modified":"2025-09-28T05:54:21","modified_gmt":"2025-09-28T05:54:21","slug":"crossflow-fill","status":"publish","type":"product","link":"https:\/\/cpxzx.com\/fr\/produit\/crossflow-fill\/","title":{"rendered":"Remplissage de la tour de refroidissement \u00e0 flux crois\u00e9"},"content":{"rendered":"<p><strong>Remplissage de la tour de refroidissement \u00e0 flux crois\u00e9<\/strong> est un m\u00e9dia sp\u00e9cialement con\u00e7u pour les tours de refroidissement \u00e0 flux crois\u00e9s afin d'am\u00e9liorer l'efficacit\u00e9 du transfert de chaleur et de masse. Il offre une grande surface de contact entre l'air et l'eau, ce qui garantit d'excellentes performances de refroidissement. Ce type de remplissage de tour de refroidissement est g\u00e9n\u00e9ralement fabriqu\u00e9 en PVC ou en PP de haute qualit\u00e9, offrant une longue dur\u00e9e de vie, une grande solidit\u00e9 et une r\u00e9sistance aux produits chimiques.<\/p>\n<h2>Caract\u00e9ristiques<\/h2>\n<ul>\n<li>Conception optimis\u00e9e des tours de refroidissement \u00e0 \u00e9coulement transversal<\/li>\n<li>Construction durable en PVC ou PP avec une forte r\u00e9sistance chimique<\/li>\n<li>Grande surface pour maximiser l'efficacit\u00e9 du transfert de chaleur<\/li>\n<li>L\u00e9ger, facile \u00e0 manipuler et \u00e0 installer<\/li>\n<li>R\u00e9sistant aux UV et \u00e0 la corrosion pour une performance \u00e0 long terme<\/li>\n<\/ul>\n<h2>Sp\u00e9cifications<\/h2>\n<ul>\n<li>Mat\u00e9riau : PVC, PP<\/li>\n<li>Couleur : noir, bleu, gris, personnalis\u00e9<\/li>\n<li>\u00c9paisseur : 0,28-0,40 mm (personnalisable)<\/li>\n<li>Largeur de la feuille : 750 mm, 915 mm, ou dimensions sur mesure<\/li>\n<li>Temp\u00e9rature d'application : -35\u2103 \u00e0 +60\u2103<\/li>\n<li>Conception : Structure en nid d'abeille ou ondul\u00e9e pour les syst\u00e8mes \u00e0 \u00e9coulement transversal<\/li>\n<\/ul>\n<h2>Avantages<\/h2>\n<ul>\n<li>Am\u00e9liore l'efficacit\u00e9 et les performances des tours de refroidissement<\/li>\n<li>R\u00e9duit la consommation d'\u00e9nergie en am\u00e9liorant le contact entre l'eau et l'air<\/li>\n<li>Peu d'entretien et longue dur\u00e9e de vie<\/li>\n<li>Adaptable \u00e0 diff\u00e9rents mod\u00e8les de tours de refroidissement et conditions d'exploitation<\/li>\n<\/ul>\n<h2>Applications<\/h2>\n<p>Le remplissage de tour de refroidissement \u00e0 flux crois\u00e9 est largement utilis\u00e9 dans les tours de refroidissement industrielles et commerciales, en particulier dans les syst\u00e8mes CVC, les centrales \u00e9lectriques, les usines chimiques, la m\u00e9tallurgie, la transformation des aliments et d'autres industries n\u00e9cessitant une circulation efficace de l'eau de refroidissement. Il s'agit d'un composant essentiel pour am\u00e9liorer le fonctionnement des tours de refroidissement et prolonger la dur\u00e9e de vie des \u00e9quipements.<\/p>\n<h2>Sp\u00e9cifications techniques<\/h2>\n<table border=\"1\" cellspacing=\"0\" cellpadding=\"6\">\n<tbody>\n<tr>\n<th>Param\u00e8tres<\/th>\n<th>Sp\u00e9cifications<\/th>\n<\/tr>\n<tr>\n<td>Mat\u00e9riau<\/td>\n<td>PVC, PP<\/td>\n<\/tr>\n<tr>\n<td>Couleur<\/td>\n<td>Noir, bleu, gris, personnalis\u00e9<\/td>\n<\/tr>\n<tr>\n<td>\u00c9paisseur de la feuille<\/td>\n<td>0,28 - 0,40 mm (personnalisable)<\/td>\n<\/tr>\n<tr>\n<td>Largeur de la feuille<\/td>\n<td>750 mm, 915 mm ou sur mesure<\/td>\n<\/tr>\n<tr>\n<td>Longueur de la feuille<\/td>\n<td>1200 mm, 1500 mm, 1800 mm ou sur mesure<\/td>\n<\/tr>\n<tr>\n<td>Hauteur de la feuille<\/td>\n<td>300 mm, 600 mm, 915 mm ou sur mesure<\/td>\n<\/tr>\n<tr>\n<td>Temp\u00e9rature de fonctionnement<\/td>\n<td>-35\u2103 \u00e0 +60\u2103 (PVC), -35\u2103 \u00e0 +80\u2103 (PP)<\/td>\n<\/tr>\n<tr>\n<td>Conception de la structure<\/td>\n<td>Structure alv\u00e9olaire \/ ondul\u00e9e \u00e0 \u00e9coulement transversal<\/td>\n<\/tr>\n<tr>\n<td>Surface sp\u00e9cifique<\/td>\n<td>150-200 m\u00b2\/m\u00b3<\/td>\n<\/tr>\n<tr>\n<td>Emballage<\/td>\n<td>Fardeaux avec sangles, palettes en bois, ou sur mesure<\/td>\n<\/tr>\n<\/tbody>\n<\/table>\n<h2>Paquet<\/h2>\n<p>Les packs de remplissage des tours de refroidissement sont g\u00e9n\u00e9ralement regroup\u00e9s avec des sangles en plastique ou emball\u00e9s dans des palettes en bois pour un transport en toute s\u00e9curit\u00e9. Des emballages personnalis\u00e9s sont \u00e9galement disponibles sur demande pour r\u00e9pondre aux besoins sp\u00e9cifiques d'un projet.<\/p>","protected":false},"excerpt":{"rendered":"<p>Le Cross Flow Cooling Tower Fill est un m\u00e9dia de haute performance con\u00e7u pour maximiser le transfert de chaleur et de masse dans les tours de refroidissement \u00e0 flux crois\u00e9s. Fabriqu\u00e9 en PVC ou PP durable, ce mat\u00e9riau de remplissage pour tour de refroidissement offre une grande surface, d'excellentes performances thermiques et une forte r\u00e9sistance aux produits chimiques et au vieillissement. Il am\u00e9liore l'efficacit\u00e9 du refroidissement, r\u00e9duit la consommation d'\u00e9nergie et assure un fonctionnement fiable des syst\u00e8mes de refroidissement industriels et commerciaux.<\/p>","protected":false},"featured_media":3105,"parent":0,"template":"","meta":{"_acf_changed":false,"_kad_blocks_custom_css":"","_kad_blocks_head_custom_js":"","_kad_blocks_body_custom_js":"","_kad_blocks_footer_custom_js":"","_kadence_starter_templates_imported_post":false,"_kad_post_transparent":"default","_kad_post_title":"","_kad_post_layout":"default","_kad_post_sidebar_id":"","_kad_post_content_style":"default","_kad_post_vertical_padding":"default","_kad_post_feature":"","_kad_post_feature_position":"","_kad_post_header":false,"_kad_post_footer":false},"pcategory":[5],"ptag":[],"class_list":["post-3104","product","type-product","status-publish","has-post-thumbnail","hentry","pcategory-cooling-tower-fill"],"acf":[],"yoast_head":"<!-- This site is optimized with the Yoast SEO plugin v27.4 - https:\/\/yoast.com\/product\/yoast-seo-wordpress\/ -->\n<title>Cross Flow Cooling Tower Fill<\/title>\n<meta name=\"robots\" content=\"index, follow, max-snippet:-1, max-image-preview:large, max-video-preview:-1\" \/>\n<link rel=\"canonical\" href=\"https:\/\/cpxzx.com\/fr\/produit\/crossflow-fill\/\" \/>\n<meta property=\"og:locale\" content=\"fr_FR\" \/>\n<meta property=\"og:type\" content=\"article\" \/>\n<meta property=\"og:title\" content=\"Cross Flow Cooling Tower Fill\" \/>\n<meta property=\"og:description\" content=\"Cross Flow Cooling Tower Fill is a high-performance cooling tower media designed to maximize heat and mass transfer in crossflow cooling towers. Made of durable PVC or PP, this cooling tower fill provides large surface area, excellent thermal performance, and strong resistance to chemicals and aging. It improves cooling efficiency, reduces energy consumption, and ensures reliable operation for industrial and commercial cooling systems.\" \/>\n<meta property=\"og:url\" content=\"https:\/\/cpxzx.com\/fr\/produit\/crossflow-fill\/\" \/>\n<meta property=\"og:site_name\" content=\"Cooling Tower Fill, China PVC Fills Manufacturer\" \/>\n<meta property=\"og:image\" content=\"https:\/\/cpxzx.com\/wp-content\/uploads\/2025\/09\/Crossflow-Fill-1.jpg\" \/>\n\t<meta property=\"og:image:width\" content=\"503\" \/>\n\t<meta property=\"og:image:height\" content=\"361\" \/>\n\t<meta property=\"og:image:type\" content=\"image\/jpeg\" \/>\n<meta name=\"twitter:card\" content=\"summary_large_image\" \/>\n<meta name=\"twitter:label1\" content=\"Dur\u00e9e de lecture estim\u00e9e\" \/>\n\t<meta name=\"twitter:data1\" content=\"2 minutes\" \/>\n<script type=\"application\/ld+json\" class=\"yoast-schema-graph\">{\"@context\":\"https:\\\/\\\/schema.org\",\"@graph\":[{\"@type\":\"WebPage\",\"@id\":\"https:\\\/\\\/cpxzx.com\\\/product\\\/crossflow-fill\\\/\",\"url\":\"https:\\\/\\\/cpxzx.com\\\/product\\\/crossflow-fill\\\/\",\"name\":\"Cross Flow Cooling Tower Fill\",\"isPartOf\":{\"@id\":\"https:\\\/\\\/cpxzx.com\\\/#website\"},\"primaryImageOfPage\":{\"@id\":\"https:\\\/\\\/cpxzx.com\\\/product\\\/crossflow-fill\\\/#primaryimage\"},\"image\":{\"@id\":\"https:\\\/\\\/cpxzx.com\\\/product\\\/crossflow-fill\\\/#primaryimage\"},\"thumbnailUrl\":\"https:\\\/\\\/cpxzx.com\\\/wp-content\\\/uploads\\\/2025\\\/09\\\/Crossflow-Fill-1.jpg\",\"datePublished\":\"2025-09-30T05:24:57+00:00\",\"breadcrumb\":{\"@id\":\"https:\\\/\\\/cpxzx.com\\\/product\\\/crossflow-fill\\\/#breadcrumb\"},\"inLanguage\":\"fr-FR\",\"potentialAction\":[{\"@type\":\"ReadAction\",\"target\":[\"https:\\\/\\\/cpxzx.com\\\/product\\\/crossflow-fill\\\/\"]}]},{\"@type\":\"ImageObject\",\"inLanguage\":\"fr-FR\",\"@id\":\"https:\\\/\\\/cpxzx.com\\\/product\\\/crossflow-fill\\\/#primaryimage\",\"url\":\"https:\\\/\\\/cpxzx.com\\\/wp-content\\\/uploads\\\/2025\\\/09\\\/Crossflow-Fill-1.jpg\",\"contentUrl\":\"https:\\\/\\\/cpxzx.com\\\/wp-content\\\/uploads\\\/2025\\\/09\\\/Crossflow-Fill-1.jpg\",\"width\":503,\"height\":361,\"caption\":\"Crossflow Fill\"},{\"@type\":\"BreadcrumbList\",\"@id\":\"https:\\\/\\\/cpxzx.com\\\/product\\\/crossflow-fill\\\/#breadcrumb\",\"itemListElement\":[{\"@type\":\"ListItem\",\"position\":1,\"name\":\"Home\",\"item\":\"https:\\\/\\\/cpxzx.com\\\/\"},{\"@type\":\"ListItem\",\"position\":2,\"name\":\"Cooling Tower Fill\",\"item\":\"https:\\\/\\\/cpxzx.com\\\/pcategory\\\/cooling-tower-fill\\\/\"},{\"@type\":\"ListItem\",\"position\":3,\"name\":\"Cross Flow Cooling Tower Fill\"}]},{\"@type\":\"WebSite\",\"@id\":\"https:\\\/\\\/cpxzx.com\\\/#website\",\"url\":\"https:\\\/\\\/cpxzx.com\\\/\",\"name\":\"Cooling Tower Fill, China PVC Fills Manufacturer\",\"description\":\"\",\"publisher\":{\"@id\":\"https:\\\/\\\/cpxzx.com\\\/#organization\"},\"potentialAction\":[{\"@type\":\"SearchAction\",\"target\":{\"@type\":\"EntryPoint\",\"urlTemplate\":\"https:\\\/\\\/cpxzx.com\\\/?s={search_term_string}\"},\"query-input\":{\"@type\":\"PropertyValueSpecification\",\"valueRequired\":true,\"valueName\":\"search_term_string\"}}],\"inLanguage\":\"fr-FR\"},{\"@type\":\"Organization\",\"@id\":\"https:\\\/\\\/cpxzx.com\\\/#organization\",\"name\":\"Cooling Tower Fill, China PVC Fills Manufacturer\",\"url\":\"https:\\\/\\\/cpxzx.com\\\/\",\"logo\":{\"@type\":\"ImageObject\",\"inLanguage\":\"fr-FR\",\"@id\":\"https:\\\/\\\/cpxzx.com\\\/#\\\/schema\\\/logo\\\/image\\\/\",\"url\":\"https:\\\/\\\/cpxzx.com\\\/wp-content\\\/uploads\\\/2025\\\/07\\\/1751628807-logo.png\",\"contentUrl\":\"https:\\\/\\\/cpxzx.com\\\/wp-content\\\/uploads\\\/2025\\\/07\\\/1751628807-logo.png\",\"width\":383,\"height\":87,\"caption\":\"Cooling Tower Fill, China PVC Fills Manufacturer\"},\"image\":{\"@id\":\"https:\\\/\\\/cpxzx.com\\\/#\\\/schema\\\/logo\\\/image\\\/\"}}]}<\/script>\n<!-- \/ Yoast SEO plugin. -->","yoast_head_json":{"title":"Remplissage de la tour de refroidissement \u00e0 flux crois\u00e9","robots":{"index":"index","follow":"follow","max-snippet":"max-snippet:-1","max-image-preview":"max-image-preview:large","max-video-preview":"max-video-preview:-1"},"canonical":"https:\/\/cpxzx.com\/fr\/produit\/crossflow-fill\/","og_locale":"fr_FR","og_type":"article","og_title":"Cross Flow Cooling Tower Fill","og_description":"Cross Flow Cooling Tower Fill is a high-performance cooling tower media designed to maximize heat and mass transfer in crossflow cooling towers. Made of durable PVC or PP, this cooling tower fill provides large surface area, excellent thermal performance, and strong resistance to chemicals and aging. It improves cooling efficiency, reduces energy consumption, and ensures reliable operation for industrial and commercial cooling systems.","og_url":"https:\/\/cpxzx.com\/fr\/produit\/crossflow-fill\/","og_site_name":"Cooling Tower Fill, China PVC Fills Manufacturer","og_image":[{"width":503,"height":361,"url":"https:\/\/cpxzx.com\/wp-content\/uploads\/2025\/09\/Crossflow-Fill-1.jpg","type":"image\/jpeg"}],"twitter_card":"summary_large_image","twitter_misc":{"Dur\u00e9e de lecture estim\u00e9e":"2 minutes"},"schema":{"@context":"https:\/\/schema.org","@graph":[{"@type":"WebPage","@id":"https:\/\/cpxzx.com\/product\/crossflow-fill\/","url":"https:\/\/cpxzx.com\/product\/crossflow-fill\/","name":"Remplissage de la tour de refroidissement \u00e0 flux crois\u00e9","isPartOf":{"@id":"https:\/\/cpxzx.com\/#website"},"primaryImageOfPage":{"@id":"https:\/\/cpxzx.com\/product\/crossflow-fill\/#primaryimage"},"image":{"@id":"https:\/\/cpxzx.com\/product\/crossflow-fill\/#primaryimage"},"thumbnailUrl":"https:\/\/cpxzx.com\/wp-content\/uploads\/2025\/09\/Crossflow-Fill-1.jpg","datePublished":"2025-09-30T05:24:57+00:00","breadcrumb":{"@id":"https:\/\/cpxzx.com\/product\/crossflow-fill\/#breadcrumb"},"inLanguage":"fr-FR","potentialAction":[{"@type":"ReadAction","target":["https:\/\/cpxzx.com\/product\/crossflow-fill\/"]}]},{"@type":"ImageObject","inLanguage":"fr-FR","@id":"https:\/\/cpxzx.com\/product\/crossflow-fill\/#primaryimage","url":"https:\/\/cpxzx.com\/wp-content\/uploads\/2025\/09\/Crossflow-Fill-1.jpg","contentUrl":"https:\/\/cpxzx.com\/wp-content\/uploads\/2025\/09\/Crossflow-Fill-1.jpg","width":503,"height":361,"caption":"Crossflow Fill"},{"@type":"BreadcrumbList","@id":"https:\/\/cpxzx.com\/product\/crossflow-fill\/#breadcrumb","itemListElement":[{"@type":"ListItem","position":1,"name":"Home","item":"https:\/\/cpxzx.com\/"},{"@type":"ListItem","position":2,"name":"Cooling Tower Fill","item":"https:\/\/cpxzx.com\/pcategory\/cooling-tower-fill\/"},{"@type":"ListItem","position":3,"name":"Cross Flow Cooling Tower Fill"}]},{"@type":"WebSite","@id":"https:\/\/cpxzx.com\/#website","url":"https:\/\/cpxzx.com\/","name":"Remplissage de tour de refroidissement, fabricant chinois de remplissages en PVC","description":"","publisher":{"@id":"https:\/\/cpxzx.com\/#organization"},"potentialAction":[{"@type":"SearchAction","target":{"@type":"EntryPoint","urlTemplate":"https:\/\/cpxzx.com\/?s={search_term_string}"},"query-input":{"@type":"PropertyValueSpecification","valueRequired":true,"valueName":"search_term_string"}}],"inLanguage":"fr-FR"},{"@type":"Organization","@id":"https:\/\/cpxzx.com\/#organization","name":"Remplissage de tour de refroidissement, fabricant chinois de remplissages en PVC","url":"https:\/\/cpxzx.com\/","logo":{"@type":"ImageObject","inLanguage":"fr-FR","@id":"https:\/\/cpxzx.com\/#\/schema\/logo\/image\/","url":"https:\/\/cpxzx.com\/wp-content\/uploads\/2025\/07\/1751628807-logo.png","contentUrl":"https:\/\/cpxzx.com\/wp-content\/uploads\/2025\/07\/1751628807-logo.png","width":383,"height":87,"caption":"Cooling Tower Fill, China PVC Fills Manufacturer"},"image":{"@id":"https:\/\/cpxzx.com\/#\/schema\/logo\/image\/"}}]}},"taxonomy_info":{"pcategory":[{"value":5,"label":"Cooling Tower Fill"}]},"featured_image_src_large":["https:\/\/cpxzx.com\/wp-content\/uploads\/2025\/09\/Crossflow-Fill-1.jpg",503,361,false],"author_info":[],"comment_info":"","_links":{"self":[{"href":"https:\/\/cpxzx.com\/fr\/wp-json\/wp\/v2\/product\/3104","targetHints":{"allow":["GET"]}}],"collection":[{"href":"https:\/\/cpxzx.com\/fr\/wp-json\/wp\/v2\/product"}],"about":[{"href":"https:\/\/cpxzx.com\/fr\/wp-json\/wp\/v2\/types\/product"}],"wp:featuredmedia":[{"embeddable":true,"href":"https:\/\/cpxzx.com\/fr\/wp-json\/wp\/v2\/media\/3105"}],"wp:attachment":[{"href":"https:\/\/cpxzx.com\/fr\/wp-json\/wp\/v2\/media?parent=3104"}],"wp:term":[{"taxonomy":"pcategory","embeddable":true,"href":"https:\/\/cpxzx.com\/fr\/wp-json\/wp\/v2\/pcategory?post=3104"},{"taxonomy":"ptag","embeddable":true,"href":"https:\/\/cpxzx.com\/fr\/wp-json\/wp\/v2\/ptag?post=3104"}],"curies":[{"name":"wp","href":"https:\/\/api.w.org\/{rel}","templated":true}]}}