{"id":3032,"date":"2025-09-17T07:42:58","date_gmt":"2025-09-17T07:42:58","guid":{"rendered":"https:\/\/cpxzx.com\/?post_type=product&#038;p=3032"},"modified":"2025-09-15T07:58:45","modified_gmt":"2025-09-15T07:58:45","slug":"bille-en-ceramique-dalumine-moyenne","status":"publish","type":"product","link":"https:\/\/cpxzx.com\/fr\/produit\/bille-en-ceramique-dalumine-moyenne\/","title":{"rendered":"Billes en c\u00e9ramique d'alumine moyenne 3-10mm - Supports de broyage en alumine et billes de support en porcelaine inerte"},"content":{"rendered":"<p><strong>Boule en c\u00e9ramique d'alumine moyenne<\/strong> est un m\u00e9dia de broyage et de support de haute qualit\u00e9 largement utilis\u00e9 dans diverses applications industrielles.<br \/>\nIl s'agit d'un type efficace de billes en c\u00e9ramique qui offre une performance \u00e9quilibr\u00e9e entre le co\u00fbt et la durabilit\u00e9.<br \/>\nAvec une teneur en alumine comprise entre 65% et 75%, la bille en c\u00e9ramique d'alumine moyenne offre une meilleure r\u00e9sistance \u00e0 l'usure et une meilleure stabilit\u00e9 chimique que les billes \u00e0 faible teneur en alumine, tout en restant plus \u00e9conomique que les m\u00e9dias de broyage \u00e0 haute teneur en alumine.<br \/>\nDans de nombreuses industries, il est \u00e9galement connu sous le nom d'abrasif d'alumine ou de sph\u00e8res d'alumine.<\/p>\n<p>Les billes en c\u00e9ramique inerte d'alumine moyenne sont largement utilis\u00e9es dans diverses industries, notamment le p\u00e9trole, l'ing\u00e9nierie chimique, la production d'engrais, le gaz naturel et la protection de l'environnement.<br \/>\nLes billes en c\u00e9ramique de haute qualit\u00e9 et les mat\u00e9riaux de broyage en alumine servent \u00e0 recouvrir et \u00e0 soutenir les catalyseurs dans les cuves de r\u00e9action et \u00e0 les emballer dans les tours.<br \/>\nCes billes en c\u00e9ramique d'alumine moyenne ont des propri\u00e9t\u00e9s chimiques stables, une faible absorption d'eau, une excellente r\u00e9sistance aux temp\u00e9ratures et pressions \u00e9lev\u00e9es, et une forte r\u00e9sistance \u00e0 la corrosion contre les acides, les alcalis et certains solvants organiques.<br \/>\nIls peuvent r\u00e9sister aux fluctuations de temp\u00e9rature au cours des processus industriels.<br \/>\nLa fonction premi\u00e8re des billes c\u00e9ramiques inertes est d'am\u00e9liorer la distribution des gaz ou des liquides, tout en soutenant et en prot\u00e9geant les catalyseurs d'activation \u00e0 faible r\u00e9sistance, ce qui garantit un fonctionnement efficace et une dur\u00e9e de vie prolong\u00e9e.<\/p>\n<h2>Fonctionnalit\u00e9<\/h2>\n<ul>\n<li>Teneur en alumine : 65%-75%, offrant un \u00e9quilibre entre r\u00e9sistance et rentabilit\u00e9.<\/li>\n<li>Haute r\u00e9sistance m\u00e9canique et bonne r\u00e9sistance \u00e0 l'usure.<\/li>\n<li>Excellente stabilit\u00e9 thermique et r\u00e9sistance \u00e0 la corrosion.<\/li>\n<li>La surface lisse garantit une faible abrasion de l'\u00e9quipement.<\/li>\n<li>Disponibles dans une large gamme de diam\u00e8tres pour diverses applications de meulage et d'appui.<\/li>\n<\/ul>\n<h2>Sp\u00e9cifications<\/h2>\n<table border=\"1\" cellspacing=\"0\" cellpadding=\"8\">\n<tbody>\n<tr>\n<th>Propri\u00e9t\u00e9<\/th>\n<th>Valeur<\/th>\n<\/tr>\n<tr>\n<td>Teneur en alumine (Al2O3)<\/td>\n<td>65%-75%<\/td>\n<\/tr>\n<tr>\n<td>Densit\u00e9 en vrac<\/td>\n<td>2,2-2,6 g\/cm\u00b3<\/td>\n<\/tr>\n<tr>\n<td>R\u00e9sistance \u00e0 l'\u00e9crasement<\/td>\n<td>&gt; 4 KN (pour \u03a630mm)<\/td>\n<\/tr>\n<tr>\n<td>Absorption de l'eau<\/td>\n<td>&lt; 0,5%<\/td>\n<\/tr>\n<tr>\n<td>Temp\u00e9rature de fonctionnement<\/td>\n<td>\u2264 1100\u00b0C<\/td>\n<\/tr>\n<tr>\n<td>Tailles disponibles<\/td>\n<td>\u03a63mm-\u03a650mm<\/td>\n<\/tr>\n<\/tbody>\n<\/table>\n<h2>Force d'\u00e9crasement<\/h2>\n<table border=\"1\" cellspacing=\"0\" cellpadding=\"8\">\n<tbody>\n<tr>\n<th>Taille<\/th>\n<th>R\u00e9sistance \u00e0 l'\u00e9crasement Kgf\/particule<\/th>\n<th>R\u00e9sistance \u00e0 l'\u00e9crasement KN\/particule<\/th>\n<\/tr>\n<tr>\n<td>1\/8\u2033 (3mm)<\/td>\n<td>&gt;40<\/td>\n<td>&gt;0.4<\/td>\n<\/tr>\n<tr>\n<td>1\/4\u2033 (6mm)<\/td>\n<td>&gt;80<\/td>\n<td>&gt;0.8<\/td>\n<\/tr>\n<tr>\n<td>3\/8\u2033 (10mm)<\/td>\n<td>&gt;190<\/td>\n<td>&gt;1.90<\/td>\n<\/tr>\n<tr>\n<td>1\/2\u2033 (13mm)<\/td>\n<td>&gt;580<\/td>\n<td>&gt;5.8<\/td>\n<\/tr>\n<tr>\n<td>3\/4\u2033 (19mm)<\/td>\n<td>&gt;900<\/td>\n<td>&gt;9.0<\/td>\n<\/tr>\n<tr>\n<td>1\u2033 (25mm)<\/td>\n<td>&gt;1200<\/td>\n<td>&gt;12.0<\/td>\n<\/tr>\n<tr>\n<td>1-1\/2\u2033 (38mm)<\/td>\n<td>&gt;1800<\/td>\n<td>&gt;18.0<\/td>\n<\/tr>\n<tr>\n<td>2\u2033 (50mm)<\/td>\n<td>&gt;2150<\/td>\n<td>&gt;21.5<\/td>\n<\/tr>\n<\/tbody>\n<\/table>\n<h2>Taille et tol\u00e9rance (mm)<\/h2>\n<table border=\"1\" cellspacing=\"0\" cellpadding=\"8\">\n<tbody>\n<tr>\n<th>Taille<\/th>\n<th>3\/6\/9<\/th>\n<th>9\/13<\/th>\n<th>19\/25\/38<\/th>\n<th>50<\/th>\n<\/tr>\n<tr>\n<td>Tol\u00e9rance<\/td>\n<td>\u00b11.0<\/td>\n<td>\u00b11.5<\/td>\n<td>\u00b12<\/td>\n<td>\u00b12.5<\/td>\n<\/tr>\n<\/tbody>\n<\/table>\n<h2>Avantage<\/h2>\n<p>Les billes en c\u00e9ramique d'alumine moyenne constituent une solution rentable par rapport aux m\u00e9dias de broyage \u00e0 faible ou \u00e0 forte teneur en alumine.<br \/>\npour les industries exigeant \u00e0 la fois performance et efficacit\u00e9 \u00e9conomique. Ils offrent une plus grande durabilit\u00e9 que les m\u00e9dias c\u00e9ramiques ordinaires<br \/>\ntout en \u00e9tant plus abordables que les sph\u00e8res d'alumine de qualit\u00e9 sup\u00e9rieure. Elles constituent donc un excellent choix pour les op\u00e9rations de broyage en vrac.<\/p>\n<ul>\n<li>Alternative rentable aux m\u00e9dias de broyage \u00e0 haute teneur en alumine.<\/li>\n<li>Am\u00e9liore l'efficacit\u00e9 du broyage et r\u00e9duit les co\u00fbts de production.<\/li>\n<li>Longue dur\u00e9e de vie et faibles besoins d'entretien.<\/li>\n<li>Performances stables en fonctionnement continu.<\/li>\n<\/ul>\n<h2>Application<\/h2>\n<p>Les billes de c\u00e9ramique d'alumine moyenne sont largement utilis\u00e9es dans diff\u00e9rentes industries en tant que billes de c\u00e9ramique et m\u00e9dias de broyage d'alumine.<br \/>\nIls servent \u00e0 la fois de support de broyage et de support de catalyseur. Les applications courantes sont les suivantes<\/p>\n<ul>\n<li>Cimenteries - utilis\u00e9 comme agent de broyage dans les broyeurs \u00e0 boulets.<\/li>\n<li>Industrie c\u00e9ramique - broyage et m\u00e9lange des mati\u00e8res premi\u00e8res.<\/li>\n<li>Industrie chimique - support de catalyseur et garnissage de tour.<\/li>\n<li>Exploitation mini\u00e8re - broyage du minerai et traitement des min\u00e9raux.<\/li>\n<li>P\u00e9trole et gaz - supports dans les processus de raffinage.<\/li>\n<\/ul>\n<h2>Paquet<\/h2>\n<p>Pour garantir la s\u00e9curit\u00e9 du transport et du stockage, les billes de c\u00e9ramique d'alumine moyenne sont emball\u00e9es dans des sacs tiss\u00e9s solides, des sacs de tonne ou des f\u00fbts en acier.<br \/>\nselon les exigences du client. L'emballage standard comprend<\/p>\n<ul>\n<li>Sac tiss\u00e9 de 25 kg avec doublure int\u00e9rieure en plastique.<\/li>\n<li>Sac jumbo de 500kg-1000kg pour les commandes en vrac.<\/li>\n<li>Emballage personnalis\u00e9 disponible sur demande.<\/li>\n<\/ul>","protected":false},"excerpt":{"rendered":"<p>Les billes de c\u00e9ramique d'alumine moyenne avec 65%-75% Al2O3 offrent une excellente r\u00e9sistance \u00e0 l'usure, une r\u00e9sistance m\u00e9canique \u00e9lev\u00e9e et une stabilit\u00e9 chimique, ce qui en fait un choix id\u00e9al pour les applications industrielles. Largement utilis\u00e9e comme billes c\u00e9ramiques, agent de broyage en alumine et sph\u00e8res d'alumine, elle garantit un broyage efficace, une longue dur\u00e9e de vie et de faibles co\u00fbts de maintenance. Ces billes d'alumine moyenne conviennent aux broyeurs \u00e0 ciment, \u00e0 la production de c\u00e9ramique, au traitement chimique, \u00e0 l'exploitation mini\u00e8re et aux industries p\u00e9troli\u00e8res. Leur surface lisse r\u00e9duit l'abrasion de l'\u00e9quipement tout en maintenant des performances stables en fonctionnement continu, ce qui constitue une solution rentable entre les m\u00e9dias de broyage \u00e0 faible et \u00e0 forte teneur en alumine.<\/p>","protected":false},"featured_media":3035,"parent":0,"template":"","meta":{"_acf_changed":false,"_kad_blocks_custom_css":"","_kad_blocks_head_custom_js":"","_kad_blocks_body_custom_js":"","_kad_blocks_footer_custom_js":"","_kadence_starter_templates_imported_post":false,"_kad_post_transparent":"default","_kad_post_title":"","_kad_post_layout":"default","_kad_post_sidebar_id":"","_kad_post_content_style":"default","_kad_post_vertical_padding":"default","_kad_post_feature":"","_kad_post_feature_position":"","_kad_post_header":false,"_kad_post_footer":false},"pcategory":[27],"ptag":[],"class_list":["post-3032","product","type-product","status-publish","has-post-thumbnail","hentry","pcategory-ceramic-balls"],"acf":[],"yoast_head":"<!-- This site is optimized with the Yoast SEO plugin v27.4 - https:\/\/yoast.com\/product\/yoast-seo-wordpress\/ -->\n<title>Mid-Alumina Ceramic Ball<\/title>\n<meta name=\"robots\" content=\"index, follow, max-snippet:-1, max-image-preview:large, max-video-preview:-1\" \/>\n<link rel=\"canonical\" href=\"https:\/\/cpxzx.com\/fr\/produit\/bille-en-ceramique-dalumine-moyenne\/\" \/>\n<meta property=\"og:locale\" content=\"fr_FR\" \/>\n<meta property=\"og:type\" content=\"article\" \/>\n<meta property=\"og:title\" content=\"Mid-Alumina Ceramic Ball\" \/>\n<meta property=\"og:description\" content=\"Mid-Alumina Ceramic Ball with 65%-75% Al2O3 offers excellent wear resistance, high mechanical strength, and chemical stability, making it an ideal choice for industrial applications. Widely used as ceramic media balls, alumina grinding media, and alumina spheres, it ensures efficient grinding, long service life, and low maintenance costs. These mid-alumina balls are suitable for cement mills, ceramic production, chemical processing, mining, and petroleum industries. Their smooth surface reduces equipment abrasion while maintaining stable performance under continuous operation, providing a cost-effective solution between low and high alumina grinding media.\" \/>\n<meta property=\"og:url\" content=\"https:\/\/cpxzx.com\/fr\/produit\/bille-en-ceramique-dalumine-moyenne\/\" \/>\n<meta property=\"og:site_name\" content=\"Cooling Tower Fill, China PVC Fills Manufacturer\" \/>\n<meta property=\"og:image\" content=\"https:\/\/cpxzx.com\/wp-content\/uploads\/2025\/09\/Mid-Alumina-Inert-Ceramic-Balls.jpg\" \/>\n\t<meta property=\"og:image:width\" content=\"550\" \/>\n\t<meta property=\"og:image:height\" content=\"550\" \/>\n\t<meta property=\"og:image:type\" content=\"image\/jpeg\" \/>\n<meta name=\"twitter:card\" content=\"summary_large_image\" \/>\n<meta name=\"twitter:label1\" content=\"Dur\u00e9e de lecture estim\u00e9e\" \/>\n\t<meta name=\"twitter:data1\" content=\"3 minutes\" \/>\n<script type=\"application\/ld+json\" class=\"yoast-schema-graph\">{\"@context\":\"https:\\\/\\\/schema.org\",\"@graph\":[{\"@type\":\"WebPage\",\"@id\":\"https:\\\/\\\/cpxzx.com\\\/product\\\/mid-alumina-ceramic-ball\\\/\",\"url\":\"https:\\\/\\\/cpxzx.com\\\/product\\\/mid-alumina-ceramic-ball\\\/\",\"name\":\"Mid-Alumina Ceramic Ball\",\"isPartOf\":{\"@id\":\"https:\\\/\\\/cpxzx.com\\\/#website\"},\"primaryImageOfPage\":{\"@id\":\"https:\\\/\\\/cpxzx.com\\\/product\\\/mid-alumina-ceramic-ball\\\/#primaryimage\"},\"image\":{\"@id\":\"https:\\\/\\\/cpxzx.com\\\/product\\\/mid-alumina-ceramic-ball\\\/#primaryimage\"},\"thumbnailUrl\":\"https:\\\/\\\/cpxzx.com\\\/wp-content\\\/uploads\\\/2025\\\/09\\\/Mid-Alumina-Inert-Ceramic-Balls.jpg\",\"datePublished\":\"2025-09-17T07:42:58+00:00\",\"breadcrumb\":{\"@id\":\"https:\\\/\\\/cpxzx.com\\\/product\\\/mid-alumina-ceramic-ball\\\/#breadcrumb\"},\"inLanguage\":\"fr-FR\",\"potentialAction\":[{\"@type\":\"ReadAction\",\"target\":[\"https:\\\/\\\/cpxzx.com\\\/product\\\/mid-alumina-ceramic-ball\\\/\"]}]},{\"@type\":\"ImageObject\",\"inLanguage\":\"fr-FR\",\"@id\":\"https:\\\/\\\/cpxzx.com\\\/product\\\/mid-alumina-ceramic-ball\\\/#primaryimage\",\"url\":\"https:\\\/\\\/cpxzx.com\\\/wp-content\\\/uploads\\\/2025\\\/09\\\/Mid-Alumina-Inert-Ceramic-Balls.jpg\",\"contentUrl\":\"https:\\\/\\\/cpxzx.com\\\/wp-content\\\/uploads\\\/2025\\\/09\\\/Mid-Alumina-Inert-Ceramic-Balls.jpg\",\"width\":550,\"height\":550,\"caption\":\"Mid-Alumina Inert Ceramic Balls\"},{\"@type\":\"BreadcrumbList\",\"@id\":\"https:\\\/\\\/cpxzx.com\\\/product\\\/mid-alumina-ceramic-ball\\\/#breadcrumb\",\"itemListElement\":[{\"@type\":\"ListItem\",\"position\":1,\"name\":\"Home\",\"item\":\"https:\\\/\\\/cpxzx.com\\\/\"},{\"@type\":\"ListItem\",\"position\":2,\"name\":\"Ceramic Balls\",\"item\":\"https:\\\/\\\/cpxzx.com\\\/pcategory\\\/ceramic-balls\\\/\"},{\"@type\":\"ListItem\",\"position\":3,\"name\":\"Mid-Alumina Ceramic Balls 3-10mm \u2013 Alumina Grinding Media &#038; Inert Porcelain Support Balls\"}]},{\"@type\":\"WebSite\",\"@id\":\"https:\\\/\\\/cpxzx.com\\\/#website\",\"url\":\"https:\\\/\\\/cpxzx.com\\\/\",\"name\":\"Cooling Tower Fill, China PVC Fills Manufacturer\",\"description\":\"\",\"publisher\":{\"@id\":\"https:\\\/\\\/cpxzx.com\\\/#organization\"},\"potentialAction\":[{\"@type\":\"SearchAction\",\"target\":{\"@type\":\"EntryPoint\",\"urlTemplate\":\"https:\\\/\\\/cpxzx.com\\\/?s={search_term_string}\"},\"query-input\":{\"@type\":\"PropertyValueSpecification\",\"valueRequired\":true,\"valueName\":\"search_term_string\"}}],\"inLanguage\":\"fr-FR\"},{\"@type\":\"Organization\",\"@id\":\"https:\\\/\\\/cpxzx.com\\\/#organization\",\"name\":\"Cooling Tower Fill, China PVC Fills Manufacturer\",\"url\":\"https:\\\/\\\/cpxzx.com\\\/\",\"logo\":{\"@type\":\"ImageObject\",\"inLanguage\":\"fr-FR\",\"@id\":\"https:\\\/\\\/cpxzx.com\\\/#\\\/schema\\\/logo\\\/image\\\/\",\"url\":\"https:\\\/\\\/cpxzx.com\\\/wp-content\\\/uploads\\\/2025\\\/07\\\/1751628807-logo.png\",\"contentUrl\":\"https:\\\/\\\/cpxzx.com\\\/wp-content\\\/uploads\\\/2025\\\/07\\\/1751628807-logo.png\",\"width\":383,\"height\":87,\"caption\":\"Cooling Tower Fill, China PVC Fills Manufacturer\"},\"image\":{\"@id\":\"https:\\\/\\\/cpxzx.com\\\/#\\\/schema\\\/logo\\\/image\\\/\"}}]}<\/script>\n<!-- \/ Yoast SEO plugin. -->","yoast_head_json":{"title":"Boule en c\u00e9ramique d'alumine moyenne","robots":{"index":"index","follow":"follow","max-snippet":"max-snippet:-1","max-image-preview":"max-image-preview:large","max-video-preview":"max-video-preview:-1"},"canonical":"https:\/\/cpxzx.com\/fr\/produit\/bille-en-ceramique-dalumine-moyenne\/","og_locale":"fr_FR","og_type":"article","og_title":"Mid-Alumina Ceramic Ball","og_description":"Mid-Alumina Ceramic Ball with 65%-75% Al2O3 offers excellent wear resistance, high mechanical strength, and chemical stability, making it an ideal choice for industrial applications. Widely used as ceramic media balls, alumina grinding media, and alumina spheres, it ensures efficient grinding, long service life, and low maintenance costs. These mid-alumina balls are suitable for cement mills, ceramic production, chemical processing, mining, and petroleum industries. Their smooth surface reduces equipment abrasion while maintaining stable performance under continuous operation, providing a cost-effective solution between low and high alumina grinding media.","og_url":"https:\/\/cpxzx.com\/fr\/produit\/bille-en-ceramique-dalumine-moyenne\/","og_site_name":"Cooling Tower Fill, China PVC Fills Manufacturer","og_image":[{"width":550,"height":550,"url":"https:\/\/cpxzx.com\/wp-content\/uploads\/2025\/09\/Mid-Alumina-Inert-Ceramic-Balls.jpg","type":"image\/jpeg"}],"twitter_card":"summary_large_image","twitter_misc":{"Dur\u00e9e de lecture estim\u00e9e":"3 minutes"},"schema":{"@context":"https:\/\/schema.org","@graph":[{"@type":"WebPage","@id":"https:\/\/cpxzx.com\/product\/mid-alumina-ceramic-ball\/","url":"https:\/\/cpxzx.com\/product\/mid-alumina-ceramic-ball\/","name":"Boule en c\u00e9ramique d'alumine moyenne","isPartOf":{"@id":"https:\/\/cpxzx.com\/#website"},"primaryImageOfPage":{"@id":"https:\/\/cpxzx.com\/product\/mid-alumina-ceramic-ball\/#primaryimage"},"image":{"@id":"https:\/\/cpxzx.com\/product\/mid-alumina-ceramic-ball\/#primaryimage"},"thumbnailUrl":"https:\/\/cpxzx.com\/wp-content\/uploads\/2025\/09\/Mid-Alumina-Inert-Ceramic-Balls.jpg","datePublished":"2025-09-17T07:42:58+00:00","breadcrumb":{"@id":"https:\/\/cpxzx.com\/product\/mid-alumina-ceramic-ball\/#breadcrumb"},"inLanguage":"fr-FR","potentialAction":[{"@type":"ReadAction","target":["https:\/\/cpxzx.com\/product\/mid-alumina-ceramic-ball\/"]}]},{"@type":"ImageObject","inLanguage":"fr-FR","@id":"https:\/\/cpxzx.com\/product\/mid-alumina-ceramic-ball\/#primaryimage","url":"https:\/\/cpxzx.com\/wp-content\/uploads\/2025\/09\/Mid-Alumina-Inert-Ceramic-Balls.jpg","contentUrl":"https:\/\/cpxzx.com\/wp-content\/uploads\/2025\/09\/Mid-Alumina-Inert-Ceramic-Balls.jpg","width":550,"height":550,"caption":"Mid-Alumina Inert Ceramic Balls"},{"@type":"BreadcrumbList","@id":"https:\/\/cpxzx.com\/product\/mid-alumina-ceramic-ball\/#breadcrumb","itemListElement":[{"@type":"ListItem","position":1,"name":"Home","item":"https:\/\/cpxzx.com\/"},{"@type":"ListItem","position":2,"name":"Ceramic Balls","item":"https:\/\/cpxzx.com\/pcategory\/ceramic-balls\/"},{"@type":"ListItem","position":3,"name":"Mid-Alumina Ceramic Balls 3-10mm \u2013 Alumina Grinding Media &#038; Inert Porcelain Support Balls"}]},{"@type":"WebSite","@id":"https:\/\/cpxzx.com\/#website","url":"https:\/\/cpxzx.com\/","name":"Remplissage de tour de refroidissement, fabricant chinois de remplissages en PVC","description":"","publisher":{"@id":"https:\/\/cpxzx.com\/#organization"},"potentialAction":[{"@type":"SearchAction","target":{"@type":"EntryPoint","urlTemplate":"https:\/\/cpxzx.com\/?s={search_term_string}"},"query-input":{"@type":"PropertyValueSpecification","valueRequired":true,"valueName":"search_term_string"}}],"inLanguage":"fr-FR"},{"@type":"Organization","@id":"https:\/\/cpxzx.com\/#organization","name":"Remplissage de tour de refroidissement, fabricant chinois de remplissages en PVC","url":"https:\/\/cpxzx.com\/","logo":{"@type":"ImageObject","inLanguage":"fr-FR","@id":"https:\/\/cpxzx.com\/#\/schema\/logo\/image\/","url":"https:\/\/cpxzx.com\/wp-content\/uploads\/2025\/07\/1751628807-logo.png","contentUrl":"https:\/\/cpxzx.com\/wp-content\/uploads\/2025\/07\/1751628807-logo.png","width":383,"height":87,"caption":"Cooling Tower Fill, China PVC Fills Manufacturer"},"image":{"@id":"https:\/\/cpxzx.com\/#\/schema\/logo\/image\/"}}]}},"taxonomy_info":{"pcategory":[{"value":27,"label":"Ceramic Balls"}]},"featured_image_src_large":["https:\/\/cpxzx.com\/wp-content\/uploads\/2025\/09\/Mid-Alumina-Inert-Ceramic-Balls.jpg",550,550,false],"author_info":[],"comment_info":"","_links":{"self":[{"href":"https:\/\/cpxzx.com\/fr\/wp-json\/wp\/v2\/product\/3032","targetHints":{"allow":["GET"]}}],"collection":[{"href":"https:\/\/cpxzx.com\/fr\/wp-json\/wp\/v2\/product"}],"about":[{"href":"https:\/\/cpxzx.com\/fr\/wp-json\/wp\/v2\/types\/product"}],"wp:featuredmedia":[{"embeddable":true,"href":"https:\/\/cpxzx.com\/fr\/wp-json\/wp\/v2\/media\/3035"}],"wp:attachment":[{"href":"https:\/\/cpxzx.com\/fr\/wp-json\/wp\/v2\/media?parent=3032"}],"wp:term":[{"taxonomy":"pcategory","embeddable":true,"href":"https:\/\/cpxzx.com\/fr\/wp-json\/wp\/v2\/pcategory?post=3032"},{"taxonomy":"ptag","embeddable":true,"href":"https:\/\/cpxzx.com\/fr\/wp-json\/wp\/v2\/ptag?post=3032"}],"curies":[{"name":"wp","href":"https:\/\/api.w.org\/{rel}","templated":true}]}}