{"id":3028,"date":"2025-09-16T07:04:48","date_gmt":"2025-09-16T07:04:48","guid":{"rendered":"https:\/\/cpxzx.com\/?post_type=product&#038;p=3028"},"modified":"2025-09-15T08:04:51","modified_gmt":"2025-09-15T08:04:51","slug":"grinding-ball","status":"publish","type":"product","link":"https:\/\/cpxzx.com\/fr\/produit\/grinding-ball\/","title":{"rendered":"Boule de broyage en alumine 92% 95% Al2O3 c\u00e9ramique pour le broyage fin"},"content":{"rendered":"<p>23% Al2O3 Inerte <strong>Billes en c\u00e9ramique d'alumine<\/strong>\u00e9galement connus sous le nom de supports de catalyseurs, sont les mat\u00e9riaux de support les plus utilis\u00e9s dans les industries chimiques et p\u00e9troli\u00e8res. Elles sont fabriqu\u00e9es \u00e0 partir d'argile chimique-porcelaine de haute qualit\u00e9 pr\u00e9sentant des propri\u00e9t\u00e9s stables, une grande r\u00e9sistance m\u00e9canique et une excellente r\u00e9sistance aux chocs thermiques. Ces billes c\u00e9ramiques inertes garantissent des performances fiables dans des conditions de temp\u00e9rature et de pression \u00e9lev\u00e9es.<\/p>\n<p>Les billes en c\u00e9ramique ont une faible absorption d'eau, des propri\u00e9t\u00e9s chimiques stables et une forte r\u00e9sistance aux acides, aux alcalis et \u00e0 divers solvants organiques. Elles peuvent supporter des changements de temp\u00e9rature fr\u00e9quents au cours des processus de production. Leur fonction principale est d'augmenter la distribution des gaz ou des liquides, de soutenir les catalyseurs actifs et de prot\u00e9ger le lit de catalyseur \u00e0 l'int\u00e9rieur des r\u00e9acteurs. Gr\u00e2ce \u00e0 leur stabilit\u00e9 et \u00e0 leur durabilit\u00e9 \u00e9prouv\u00e9es, les billes inertes en c\u00e9ramique d'alumine sont largement utilis\u00e9es dans le raffinage du p\u00e9trole, le traitement chimique, la production d'engrais, le gaz naturel et les industries de protection de l'environnement.<\/p>\n<p>Les m\u00e9dias de broyage en c\u00e9ramique sont con\u00e7us pour le broyage \u00e0 sec et \u00e0 l'\u00e9tat humide. Les billes de broyage en c\u00e9ramique sont connues pour leur faible contamination et leur excellente r\u00e9sistance \u00e0 l'usure. Les billes de broyage en alumine sont largement utilis\u00e9es pour le broyage fin des mat\u00e9riaux c\u00e9ramiques, des pigments, des gla\u00e7ures et des poudres avanc\u00e9es. Ces billes de broyage garantissent des r\u00e9sultats de broyage fiables et efficaces.<\/p>\n<h2>Fonctionnalit\u00e9<\/h2>\n<ul>\n<li>Duret\u00e9 \u00e9lev\u00e9e et excellente r\u00e9sistance \u00e0 l'usure.<\/li>\n<li>Efficacit\u00e9 de broyage stable et performances constantes.<\/li>\n<li>Faible contamination, convient au broyage de mat\u00e9riaux sensibles.<\/li>\n<li>Disponibles en diff\u00e9rentes tailles et mat\u00e9riaux pour r\u00e9pondre aux besoins de l'industrie.<\/li>\n<li>Des m\u00e9dias de broyage en c\u00e9ramique fiables pour une longue dur\u00e9e de vie.<\/li>\n<\/ul>\n<h2>Sp\u00e9cifications<\/h2>\n<p>Les billes de broyage sont disponibles dans diff\u00e9rentes sp\u00e9cifications. Les types les plus courants sont les billes de broyage en c\u00e9ramique et les billes de broyage en alumine. La teneur en alumine est g\u00e9n\u00e9ralement sup\u00e9rieure \u00e0 92% ou 95%. La taille des billes de broyage varie de quelques millim\u00e8tres \u00e0 plusieurs centim\u00e8tres. Elles sont produites avec une densit\u00e9 \u00e9lev\u00e9e, une grande duret\u00e9 et une rondeur pr\u00e9cise.<\/p>\n<ul>\n<li>Mat\u00e9riau : C\u00e9ramique, alumine, zircone<\/li>\n<li>Teneur en alumine : 92%, 95%, 99%<\/li>\n<li>Densit\u00e9 : 3,6 - 3,9 g\/cm\u00b3<\/li>\n<li>Duret\u00e9 : Mohs 9<\/li>\n<li>Gamme de tailles : 1 mm - 60 mm<\/li>\n<\/ul>\n<h2>Donn\u00e9es sur la taille des produits<\/h2>\n<table border=\"1\" cellspacing=\"0\" cellpadding=\"6\">\n<thead>\n<tr>\n<th>Spec.<br \/>\n(mm)<\/th>\n<th>Volume<br \/>\n(cm\u00b3)<\/th>\n<th>Poids<br \/>\n(g\/pc)<\/th>\n<\/tr>\n<\/thead>\n<tbody>\n<tr>\n<td>\u03a630<\/td>\n<td>14 \u00b1 1.5<\/td>\n<td>43 \u00b1 2<\/td>\n<\/tr>\n<tr>\n<td>\u03a640<\/td>\n<td>25 \u00b1 1.5<\/td>\n<td>100 \u00b1 2<\/td>\n<\/tr>\n<tr>\n<td>\u03a650<\/td>\n<td>39 \u00b1 2<\/td>\n<td>193 \u00b1 2<\/td>\n<\/tr>\n<tr>\n<td>\u03a660<\/td>\n<td>58 \u00b1 2<\/td>\n<td>335 \u00b1 2<\/td>\n<\/tr>\n<\/tbody>\n<\/table>\n<h2>Avantage<\/h2>\n<ul>\n<li>Am\u00e9lioration de l'efficacit\u00e9 du broyage avec une distribution uniforme de la taille des particules.<\/li>\n<li>Un m\u00e9dia de broyage en c\u00e9ramique durable qui prolonge la dur\u00e9e de vie de l'\u00e9quipement.<\/li>\n<li>Les billes de broyage en alumine r\u00e9duisent les co\u00fbts et am\u00e9liorent la production.<\/li>\n<li>Respectueux de l'environnement, sans impuret\u00e9s nocives.<\/li>\n<li>Convient pour le broyage en laboratoire et \u00e0 l'\u00e9chelle industrielle.<\/li>\n<\/ul>\n<h2>Application<\/h2>\n<p>Les boulets de broyage sont utilis\u00e9s dans les broyeurs \u00e0 boulets, les attriteurs, les broyeurs \u00e0 vibration et d'autres \u00e9quipements de broyage. Les m\u00e9dias de broyage en c\u00e9ramique conviennent aux carreaux de c\u00e9ramique, au traitement des minerais, \u00e0 la peinture, aux rev\u00eatements et \u00e0 l'\u00e9lectronique. Les billes de broyage en c\u00e9ramique sont largement utilis\u00e9es dans les secteurs pharmaceutique, alimentaire, des pigments et de la chimie fine. Les billes de broyage en alumine sont pr\u00e9f\u00e9r\u00e9es pour les c\u00e9ramiques avanc\u00e9es, les mat\u00e9riaux r\u00e9fractaires et le broyage de poudres de pr\u00e9cision. Gr\u00e2ce \u00e0 leurs applications polyvalentes, les billes de broyage r\u00e9pondent aux exigences de nombreuses industries.<\/p>\n<h2>Paquet<\/h2>\n<p>Les boulets de broyage sont emball\u00e9s dans des emballages solides et s\u00fbrs afin de garantir la qualit\u00e9 du produit pendant le transport. Les m\u00e9thodes d'emballage les plus courantes sont les sacs tiss\u00e9s, les f\u00fbts en plastique et les f\u00fbts en acier avec palettes. L'emballage standard est de 25 kg par sac ou de 1000 kg par palette. Des emballages personnalis\u00e9s sont \u00e9galement disponibles en fonction des besoins du client. Toutes les billes de broyage, y compris les billes de broyage en c\u00e9ramique et les billes de broyage en alumine, sont soigneusement emball\u00e9es pour \u00e9viter toute contamination et tout dommage.<\/p>","protected":false},"excerpt":{"rendered":"<p><strong>Boule de broyage<\/strong> est un mat\u00e9riau essentiel pour les processus de broyage et de concassage. Il est largement utilis\u00e9 dans les mines, le ciment, les c\u00e9ramiques, les produits chimiques et d'autres industries. Les boulets de broyage am\u00e9liorent l'efficacit\u00e9 du broyage, r\u00e9duisent la consommation d'\u00e9nergie et garantissent la qualit\u00e9 du produit. Les supports de broyage en c\u00e9ramique, les billes de broyage en c\u00e9ramique et les billes de broyage en alumine sont les types les plus populaires en raison de leur grande duret\u00e9, de leur longue dur\u00e9e de vie et de leurs performances stables.<\/p>","protected":false},"featured_media":3029,"parent":0,"template":"","meta":{"_acf_changed":false,"_kad_blocks_custom_css":"","_kad_blocks_head_custom_js":"","_kad_blocks_body_custom_js":"","_kad_blocks_footer_custom_js":"","_kadence_starter_templates_imported_post":false,"_kad_post_transparent":"default","_kad_post_title":"","_kad_post_layout":"default","_kad_post_sidebar_id":"","_kad_post_content_style":"default","_kad_post_vertical_padding":"default","_kad_post_feature":"","_kad_post_feature_position":"","_kad_post_header":false,"_kad_post_footer":false},"pcategory":[27],"ptag":[],"class_list":["post-3028","product","type-product","status-publish","has-post-thumbnail","hentry","pcategory-ceramic-balls"],"acf":[],"yoast_head":"<!-- This site is optimized with the Yoast SEO plugin v27.4 - https:\/\/yoast.com\/product\/yoast-seo-wordpress\/ -->\n<title>Grinding ball<\/title>\n<meta name=\"robots\" content=\"index, follow, max-snippet:-1, max-image-preview:large, max-video-preview:-1\" \/>\n<link rel=\"canonical\" href=\"https:\/\/cpxzx.com\/fr\/produit\/grinding-ball\/\" \/>\n<meta property=\"og:locale\" content=\"fr_FR\" \/>\n<meta property=\"og:type\" content=\"article\" \/>\n<meta property=\"og:title\" content=\"Grinding ball\" \/>\n<meta property=\"og:description\" content=\"Grinding ball is a key material for grinding and milling processes. It is widely used in mining, cement, ceramics, chemicals, and other industries. Grinding balls improve grinding efficiency, reduce energy consumption, and ensure product quality. Ceramic grinding media, ceramic grinding balls, and alumina grinding balls are the most popular types due to their high hardness, long service life, and stable performance.\" \/>\n<meta property=\"og:url\" content=\"https:\/\/cpxzx.com\/fr\/produit\/grinding-ball\/\" \/>\n<meta property=\"og:site_name\" content=\"Cooling Tower Fill, China PVC Fills Manufacturer\" \/>\n<meta property=\"og:image\" content=\"https:\/\/cpxzx.com\/wp-content\/uploads\/2025\/09\/ceramic-grinding-balls.jpg\" \/>\n\t<meta property=\"og:image:width\" content=\"550\" \/>\n\t<meta property=\"og:image:height\" content=\"550\" \/>\n\t<meta property=\"og:image:type\" content=\"image\/jpeg\" \/>\n<meta name=\"twitter:card\" content=\"summary_large_image\" \/>\n<meta name=\"twitter:label1\" content=\"Dur\u00e9e de lecture estim\u00e9e\" \/>\n\t<meta name=\"twitter:data1\" content=\"3 minutes\" \/>\n<script type=\"application\/ld+json\" class=\"yoast-schema-graph\">{\"@context\":\"https:\\\/\\\/schema.org\",\"@graph\":[{\"@type\":\"WebPage\",\"@id\":\"https:\\\/\\\/cpxzx.com\\\/product\\\/grinding-ball\\\/\",\"url\":\"https:\\\/\\\/cpxzx.com\\\/product\\\/grinding-ball\\\/\",\"name\":\"Grinding ball\",\"isPartOf\":{\"@id\":\"https:\\\/\\\/cpxzx.com\\\/#website\"},\"primaryImageOfPage\":{\"@id\":\"https:\\\/\\\/cpxzx.com\\\/product\\\/grinding-ball\\\/#primaryimage\"},\"image\":{\"@id\":\"https:\\\/\\\/cpxzx.com\\\/product\\\/grinding-ball\\\/#primaryimage\"},\"thumbnailUrl\":\"https:\\\/\\\/cpxzx.com\\\/wp-content\\\/uploads\\\/2025\\\/09\\\/ceramic-grinding-balls.jpg\",\"datePublished\":\"2025-09-16T07:04:48+00:00\",\"breadcrumb\":{\"@id\":\"https:\\\/\\\/cpxzx.com\\\/product\\\/grinding-ball\\\/#breadcrumb\"},\"inLanguage\":\"fr-FR\",\"potentialAction\":[{\"@type\":\"ReadAction\",\"target\":[\"https:\\\/\\\/cpxzx.com\\\/product\\\/grinding-ball\\\/\"]}]},{\"@type\":\"ImageObject\",\"inLanguage\":\"fr-FR\",\"@id\":\"https:\\\/\\\/cpxzx.com\\\/product\\\/grinding-ball\\\/#primaryimage\",\"url\":\"https:\\\/\\\/cpxzx.com\\\/wp-content\\\/uploads\\\/2025\\\/09\\\/ceramic-grinding-balls.jpg\",\"contentUrl\":\"https:\\\/\\\/cpxzx.com\\\/wp-content\\\/uploads\\\/2025\\\/09\\\/ceramic-grinding-balls.jpg\",\"width\":550,\"height\":550,\"caption\":\"ceramic grinding balls\"},{\"@type\":\"BreadcrumbList\",\"@id\":\"https:\\\/\\\/cpxzx.com\\\/product\\\/grinding-ball\\\/#breadcrumb\",\"itemListElement\":[{\"@type\":\"ListItem\",\"position\":1,\"name\":\"Home\",\"item\":\"https:\\\/\\\/cpxzx.com\\\/\"},{\"@type\":\"ListItem\",\"position\":2,\"name\":\"Ceramic Balls\",\"item\":\"https:\\\/\\\/cpxzx.com\\\/pcategory\\\/ceramic-balls\\\/\"},{\"@type\":\"ListItem\",\"position\":3,\"name\":\"Alumina Grinding Ball 92% 95% Al2O3 Ceramic Media for Fine Grinding\"}]},{\"@type\":\"WebSite\",\"@id\":\"https:\\\/\\\/cpxzx.com\\\/#website\",\"url\":\"https:\\\/\\\/cpxzx.com\\\/\",\"name\":\"Cooling Tower Fill, China PVC Fills Manufacturer\",\"description\":\"\",\"publisher\":{\"@id\":\"https:\\\/\\\/cpxzx.com\\\/#organization\"},\"potentialAction\":[{\"@type\":\"SearchAction\",\"target\":{\"@type\":\"EntryPoint\",\"urlTemplate\":\"https:\\\/\\\/cpxzx.com\\\/?s={search_term_string}\"},\"query-input\":{\"@type\":\"PropertyValueSpecification\",\"valueRequired\":true,\"valueName\":\"search_term_string\"}}],\"inLanguage\":\"fr-FR\"},{\"@type\":\"Organization\",\"@id\":\"https:\\\/\\\/cpxzx.com\\\/#organization\",\"name\":\"Cooling Tower Fill, China PVC Fills Manufacturer\",\"url\":\"https:\\\/\\\/cpxzx.com\\\/\",\"logo\":{\"@type\":\"ImageObject\",\"inLanguage\":\"fr-FR\",\"@id\":\"https:\\\/\\\/cpxzx.com\\\/#\\\/schema\\\/logo\\\/image\\\/\",\"url\":\"https:\\\/\\\/cpxzx.com\\\/wp-content\\\/uploads\\\/2025\\\/07\\\/1751628807-logo.png\",\"contentUrl\":\"https:\\\/\\\/cpxzx.com\\\/wp-content\\\/uploads\\\/2025\\\/07\\\/1751628807-logo.png\",\"width\":383,\"height\":87,\"caption\":\"Cooling Tower Fill, China PVC Fills Manufacturer\"},\"image\":{\"@id\":\"https:\\\/\\\/cpxzx.com\\\/#\\\/schema\\\/logo\\\/image\\\/\"}}]}<\/script>\n<!-- \/ Yoast SEO plugin. -->","yoast_head_json":{"title":"Boule de broyage","robots":{"index":"index","follow":"follow","max-snippet":"max-snippet:-1","max-image-preview":"max-image-preview:large","max-video-preview":"max-video-preview:-1"},"canonical":"https:\/\/cpxzx.com\/fr\/produit\/grinding-ball\/","og_locale":"fr_FR","og_type":"article","og_title":"Grinding ball","og_description":"Grinding ball is a key material for grinding and milling processes. It is widely used in mining, cement, ceramics, chemicals, and other industries. Grinding balls improve grinding efficiency, reduce energy consumption, and ensure product quality. Ceramic grinding media, ceramic grinding balls, and alumina grinding balls are the most popular types due to their high hardness, long service life, and stable performance.","og_url":"https:\/\/cpxzx.com\/fr\/produit\/grinding-ball\/","og_site_name":"Cooling Tower Fill, China PVC Fills Manufacturer","og_image":[{"width":550,"height":550,"url":"https:\/\/cpxzx.com\/wp-content\/uploads\/2025\/09\/ceramic-grinding-balls.jpg","type":"image\/jpeg"}],"twitter_card":"summary_large_image","twitter_misc":{"Dur\u00e9e de lecture estim\u00e9e":"3 minutes"},"schema":{"@context":"https:\/\/schema.org","@graph":[{"@type":"WebPage","@id":"https:\/\/cpxzx.com\/product\/grinding-ball\/","url":"https:\/\/cpxzx.com\/product\/grinding-ball\/","name":"Boule de broyage","isPartOf":{"@id":"https:\/\/cpxzx.com\/#website"},"primaryImageOfPage":{"@id":"https:\/\/cpxzx.com\/product\/grinding-ball\/#primaryimage"},"image":{"@id":"https:\/\/cpxzx.com\/product\/grinding-ball\/#primaryimage"},"thumbnailUrl":"https:\/\/cpxzx.com\/wp-content\/uploads\/2025\/09\/ceramic-grinding-balls.jpg","datePublished":"2025-09-16T07:04:48+00:00","breadcrumb":{"@id":"https:\/\/cpxzx.com\/product\/grinding-ball\/#breadcrumb"},"inLanguage":"fr-FR","potentialAction":[{"@type":"ReadAction","target":["https:\/\/cpxzx.com\/product\/grinding-ball\/"]}]},{"@type":"ImageObject","inLanguage":"fr-FR","@id":"https:\/\/cpxzx.com\/product\/grinding-ball\/#primaryimage","url":"https:\/\/cpxzx.com\/wp-content\/uploads\/2025\/09\/ceramic-grinding-balls.jpg","contentUrl":"https:\/\/cpxzx.com\/wp-content\/uploads\/2025\/09\/ceramic-grinding-balls.jpg","width":550,"height":550,"caption":"ceramic grinding balls"},{"@type":"BreadcrumbList","@id":"https:\/\/cpxzx.com\/product\/grinding-ball\/#breadcrumb","itemListElement":[{"@type":"ListItem","position":1,"name":"Home","item":"https:\/\/cpxzx.com\/"},{"@type":"ListItem","position":2,"name":"Ceramic Balls","item":"https:\/\/cpxzx.com\/pcategory\/ceramic-balls\/"},{"@type":"ListItem","position":3,"name":"Alumina Grinding Ball 92% 95% Al2O3 Ceramic Media for Fine Grinding"}]},{"@type":"WebSite","@id":"https:\/\/cpxzx.com\/#website","url":"https:\/\/cpxzx.com\/","name":"Remplissage de tour de refroidissement, fabricant chinois de remplissages en PVC","description":"","publisher":{"@id":"https:\/\/cpxzx.com\/#organization"},"potentialAction":[{"@type":"SearchAction","target":{"@type":"EntryPoint","urlTemplate":"https:\/\/cpxzx.com\/?s={search_term_string}"},"query-input":{"@type":"PropertyValueSpecification","valueRequired":true,"valueName":"search_term_string"}}],"inLanguage":"fr-FR"},{"@type":"Organization","@id":"https:\/\/cpxzx.com\/#organization","name":"Remplissage de tour de refroidissement, fabricant chinois de remplissages en PVC","url":"https:\/\/cpxzx.com\/","logo":{"@type":"ImageObject","inLanguage":"fr-FR","@id":"https:\/\/cpxzx.com\/#\/schema\/logo\/image\/","url":"https:\/\/cpxzx.com\/wp-content\/uploads\/2025\/07\/1751628807-logo.png","contentUrl":"https:\/\/cpxzx.com\/wp-content\/uploads\/2025\/07\/1751628807-logo.png","width":383,"height":87,"caption":"Cooling Tower Fill, China PVC Fills Manufacturer"},"image":{"@id":"https:\/\/cpxzx.com\/#\/schema\/logo\/image\/"}}]}},"taxonomy_info":{"pcategory":[{"value":27,"label":"Ceramic Balls"}]},"featured_image_src_large":["https:\/\/cpxzx.com\/wp-content\/uploads\/2025\/09\/ceramic-grinding-balls.jpg",550,550,false],"author_info":[],"comment_info":"","_links":{"self":[{"href":"https:\/\/cpxzx.com\/fr\/wp-json\/wp\/v2\/product\/3028","targetHints":{"allow":["GET"]}}],"collection":[{"href":"https:\/\/cpxzx.com\/fr\/wp-json\/wp\/v2\/product"}],"about":[{"href":"https:\/\/cpxzx.com\/fr\/wp-json\/wp\/v2\/types\/product"}],"wp:featuredmedia":[{"embeddable":true,"href":"https:\/\/cpxzx.com\/fr\/wp-json\/wp\/v2\/media\/3029"}],"wp:attachment":[{"href":"https:\/\/cpxzx.com\/fr\/wp-json\/wp\/v2\/media?parent=3028"}],"wp:term":[{"taxonomy":"pcategory","embeddable":true,"href":"https:\/\/cpxzx.com\/fr\/wp-json\/wp\/v2\/pcategory?post=3028"},{"taxonomy":"ptag","embeddable":true,"href":"https:\/\/cpxzx.com\/fr\/wp-json\/wp\/v2\/ptag?post=3028"}],"curies":[{"name":"wp","href":"https:\/\/api.w.org\/{rel}","templated":true}]}}