{"id":3003,"date":"2025-09-13T07:07:04","date_gmt":"2025-09-13T07:07:04","guid":{"rendered":"https:\/\/cpxzx.com\/?post_type=product&#038;p=3003"},"modified":"2025-09-10T07:20:06","modified_gmt":"2025-09-10T07:20:06","slug":"super-selle-en-metal","status":"publish","type":"product","link":"https:\/\/cpxzx.com\/fr\/produit\/super-selle-en-metal\/","title":{"rendered":"SS304 SS316 Selle m\u00e9tallique pour l'absorption et la distillation"},"content":{"rendered":"<p><strong>Super selle en m\u00e9tal<\/strong> est un type de garniture de tour al\u00e9atoire \u00e0 haute performance. Il est con\u00e7u avec une structure unique en forme de selle qui combine des arcs lisses et de grandes ouvertures, offrant un excellent espace vide et une grande efficacit\u00e9 de contact gaz-liquide. Par rapport au garnissage en forme de selle traditionnel, le Metal Super Saddle r\u00e9duit la perte de charge, minimise la canalisation et am\u00e9liore les performances de transfert de masse. Il est largement utilis\u00e9 dans les processus d'absorption, de lavage, de d\u00e9capage et de distillation.<\/p>\n<h2>Caract\u00e9ristiques<\/h2>\n<ul>\n<li>Disponible en acier au carbone, en acier inoxydable (SS304, SS316, SS316L), en aluminium, en titane, en alliage Monel et dans d'autres mat\u00e9riaux.<\/li>\n<li>Haute r\u00e9sistance m\u00e9canique et r\u00e9sistance \u00e0 la corrosion.<\/li>\n<li>Rapport de vide important avec une faible r\u00e9sistance au lit.<\/li>\n<li>La conception de l'arc lisse emp\u00eache le colmatage et l'accumulation de liquide.<\/li>\n<li>Structure l\u00e9g\u00e8re, facile \u00e0 installer et \u00e0 entretenir.<\/li>\n<\/ul>\n<h2>Avantages<\/h2>\n<ul>\n<li>Efficacit\u00e9 de s\u00e9paration \u00e9lev\u00e9e avec d'excellentes performances de transfert de masse.<\/li>\n<li>Grande capacit\u00e9 de traitement et faible consommation d'\u00e9nergie.<\/li>\n<li>Forte r\u00e9sistance \u00e0 l'encrassement et \u00e0 l'entartrage.<\/li>\n<li>Fonctionnement flexible dans diff\u00e9rentes conditions de traitement.<\/li>\n<li>Solution durable et rentable pour les tours industrielles.<\/li>\n<\/ul>\n<h2>Applications<\/h2>\n<p>La super-selle m\u00e9tallique est largement utilis\u00e9e dans les industries chimiques, p\u00e9trochimiques, des engrais et de la protection de l'environnement. Elle est utilis\u00e9e dans :<\/p>\n<ul>\n<li>Tours d'absorption<\/li>\n<li>Tours de lavage<\/li>\n<li>D\u00e9coupage des colonnes<\/li>\n<li>Tours de distillation<\/li>\n<li>Syst\u00e8mes de purification des gaz<\/li>\n<\/ul>\n<p>Il est particuli\u00e8rement adapt\u00e9 aux proc\u00e9d\u00e9s n\u00e9cessitant une capacit\u00e9 \u00e9lev\u00e9e avec une faible perte de charge, tels que les syst\u00e8mes de lavage et de purification des gaz \u00e0 grande \u00e9chelle.<\/p>\n<h2>Propri\u00e9t\u00e9s physiques et chimiques<\/h2>\n<table border=\"1\" cellspacing=\"0\" cellpadding=\"6\">\n<tbody>\n<tr>\n<th>Taille (mm)<\/th>\n<th>Nombre de pi\u00e8ces en vrac (pcs\/m\u00b3)<\/th>\n<th>Surface sp\u00e9cifique (m\u00b2\/m\u00b3)<\/th>\n<th>Porosit\u00e9 (m\u00b3\/m\u00b3)<\/th>\n<th>Densit\u00e9 apparente (kg\/m\u00b3)<\/th>\n<th>Note<\/th>\n<\/tr>\n<tr>\n<td>25<\/td>\n<td>51000<\/td>\n<td>210<\/td>\n<td>0.92<\/td>\n<td>420<\/td>\n<td rowspan=\"3\">Ils peuvent \u00eatre fabriqu\u00e9s en acier au carbone, en acier inoxydable, en aluminium, en titane, en alliage Monel et dans d'autres mat\u00e9riaux sp\u00e9ciaux selon les besoins du client.<\/td>\n<\/tr>\n<tr>\n<td>38<\/td>\n<td>18500<\/td>\n<td>145<\/td>\n<td>0.94<\/td>\n<td>390<\/td>\n<\/tr>\n<tr>\n<td>50<\/td>\n<td>9300<\/td>\n<td>105<\/td>\n<td>0.95<\/td>\n<td>360<\/td>\n<\/tr>\n<\/tbody>\n<\/table>\n<h2>Emballage<\/h2>\n<p>La selle m\u00e9tallique Super Saddle est g\u00e9n\u00e9ralement emball\u00e9e dans des sacs tiss\u00e9s, des sacs jumbo ou des caisses en bois. Des emballages personnalis\u00e9s sont disponibles pour garantir un transport s\u00fbr et une manipulation ais\u00e9e lors de l'installation.<\/p>","protected":false},"excerpt":{"rendered":"<p>Le Metal Super Saddle est un type avanc\u00e9 de garniture de tour al\u00e9atoire avec une structure unique en forme de selle. Ses arcs lisses et ses grandes ouvertures offrent un espace vide important, une faible perte de charge et une excellente efficacit\u00e9 de contact gaz-liquide. Par rapport aux garnitures en forme de selle traditionnelles, le Metal Super Saddle r\u00e9duit la formation de canaux, am\u00e9liore les performances de transfert de masse et garantit un fonctionnement stable dans diverses conditions de traitement. Il est largement utilis\u00e9 dans les applications d'absorption, de lavage, de d\u00e9capage et de distillation dans les industries chimiques, p\u00e9trochimiques et environnementales.<\/p>","protected":false},"featured_media":3005,"parent":0,"template":"","meta":{"_acf_changed":false,"_kad_blocks_custom_css":"","_kad_blocks_head_custom_js":"","_kad_blocks_body_custom_js":"","_kad_blocks_footer_custom_js":"","_kadence_starter_templates_imported_post":false,"_kad_post_transparent":"default","_kad_post_title":"","_kad_post_layout":"default","_kad_post_sidebar_id":"","_kad_post_content_style":"default","_kad_post_vertical_padding":"default","_kad_post_feature":"","_kad_post_feature_position":"","_kad_post_header":false,"_kad_post_footer":false},"pcategory":[22,23],"ptag":[],"class_list":["post-3003","product","type-product","status-publish","has-post-thumbnail","hentry","pcategory-random-packing","pcategory-metal-random-packing"],"acf":[],"yoast_head":"<!-- This site is optimized with the Yoast SEO plugin v27.4 - https:\/\/yoast.com\/product\/yoast-seo-wordpress\/ -->\n<title>Metal Super Saddle<\/title>\n<meta name=\"robots\" content=\"index, follow, max-snippet:-1, max-image-preview:large, max-video-preview:-1\" \/>\n<link rel=\"canonical\" href=\"https:\/\/cpxzx.com\/fr\/produit\/super-selle-en-metal\/\" \/>\n<meta property=\"og:locale\" content=\"fr_FR\" \/>\n<meta property=\"og:type\" content=\"article\" \/>\n<meta property=\"og:title\" content=\"Metal Super Saddle\" \/>\n<meta property=\"og:description\" content=\"Metal Super Saddle is an advanced type of random tower packing with a unique saddle-shaped structure. Its smooth arcs and large openings provide high void space, low pressure drop, and excellent gas-liquid contact efficiency. Compared with traditional saddle packings, Metal Super Saddle reduces channeling, enhances mass transfer performance, and ensures stable operation under various process conditions. It is widely used in absorption, scrubbing, stripping, and distillation applications across chemical, petrochemical, and environmental industries.\" \/>\n<meta property=\"og:url\" content=\"https:\/\/cpxzx.com\/fr\/produit\/super-selle-en-metal\/\" \/>\n<meta property=\"og:site_name\" content=\"Cooling Tower Fill, China PVC Fills Manufacturer\" \/>\n<meta property=\"og:image\" content=\"https:\/\/cpxzx.com\/wp-content\/uploads\/2025\/09\/304-316L-Metal-Intalox-Super-Saddles.jpg\" \/>\n\t<meta property=\"og:image:width\" content=\"550\" \/>\n\t<meta property=\"og:image:height\" content=\"550\" \/>\n\t<meta property=\"og:image:type\" content=\"image\/jpeg\" \/>\n<meta name=\"twitter:card\" content=\"summary_large_image\" \/>\n<meta name=\"twitter:label1\" content=\"Dur\u00e9e de lecture estim\u00e9e\" \/>\n\t<meta name=\"twitter:data1\" content=\"2 minutes\" \/>\n<script type=\"application\/ld+json\" class=\"yoast-schema-graph\">{\"@context\":\"https:\\\/\\\/schema.org\",\"@graph\":[{\"@type\":\"WebPage\",\"@id\":\"https:\\\/\\\/cpxzx.com\\\/product\\\/metal-super-saddle\\\/\",\"url\":\"https:\\\/\\\/cpxzx.com\\\/product\\\/metal-super-saddle\\\/\",\"name\":\"Metal Super Saddle\",\"isPartOf\":{\"@id\":\"https:\\\/\\\/cpxzx.com\\\/#website\"},\"primaryImageOfPage\":{\"@id\":\"https:\\\/\\\/cpxzx.com\\\/product\\\/metal-super-saddle\\\/#primaryimage\"},\"image\":{\"@id\":\"https:\\\/\\\/cpxzx.com\\\/product\\\/metal-super-saddle\\\/#primaryimage\"},\"thumbnailUrl\":\"https:\\\/\\\/cpxzx.com\\\/wp-content\\\/uploads\\\/2025\\\/09\\\/304-316L-Metal-Intalox-Super-Saddles.jpg\",\"datePublished\":\"2025-09-13T07:07:04+00:00\",\"breadcrumb\":{\"@id\":\"https:\\\/\\\/cpxzx.com\\\/product\\\/metal-super-saddle\\\/#breadcrumb\"},\"inLanguage\":\"fr-FR\",\"potentialAction\":[{\"@type\":\"ReadAction\",\"target\":[\"https:\\\/\\\/cpxzx.com\\\/product\\\/metal-super-saddle\\\/\"]}]},{\"@type\":\"ImageObject\",\"inLanguage\":\"fr-FR\",\"@id\":\"https:\\\/\\\/cpxzx.com\\\/product\\\/metal-super-saddle\\\/#primaryimage\",\"url\":\"https:\\\/\\\/cpxzx.com\\\/wp-content\\\/uploads\\\/2025\\\/09\\\/304-316L-Metal-Intalox-Super-Saddles.jpg\",\"contentUrl\":\"https:\\\/\\\/cpxzx.com\\\/wp-content\\\/uploads\\\/2025\\\/09\\\/304-316L-Metal-Intalox-Super-Saddles.jpg\",\"width\":550,\"height\":550,\"caption\":\"304-316L-Metal-Intalox-Super-Saddles\"},{\"@type\":\"BreadcrumbList\",\"@id\":\"https:\\\/\\\/cpxzx.com\\\/product\\\/metal-super-saddle\\\/#breadcrumb\",\"itemListElement\":[{\"@type\":\"ListItem\",\"position\":1,\"name\":\"Home\",\"item\":\"https:\\\/\\\/cpxzx.com\\\/\"},{\"@type\":\"ListItem\",\"position\":2,\"name\":\"Random Packing\",\"item\":\"https:\\\/\\\/cpxzx.com\\\/pcategory\\\/random-packing\\\/\"},{\"@type\":\"ListItem\",\"position\":3,\"name\":\"Metal Random Packing\",\"item\":\"https:\\\/\\\/cpxzx.com\\\/pcategory\\\/random-packing\\\/metal-random-packing\\\/\"},{\"@type\":\"ListItem\",\"position\":4,\"name\":\"SS304 SS316 Metal Super Saddle for Absorption and Distillation\"}]},{\"@type\":\"WebSite\",\"@id\":\"https:\\\/\\\/cpxzx.com\\\/#website\",\"url\":\"https:\\\/\\\/cpxzx.com\\\/\",\"name\":\"Cooling Tower Fill, China PVC Fills Manufacturer\",\"description\":\"\",\"publisher\":{\"@id\":\"https:\\\/\\\/cpxzx.com\\\/#organization\"},\"potentialAction\":[{\"@type\":\"SearchAction\",\"target\":{\"@type\":\"EntryPoint\",\"urlTemplate\":\"https:\\\/\\\/cpxzx.com\\\/?s={search_term_string}\"},\"query-input\":{\"@type\":\"PropertyValueSpecification\",\"valueRequired\":true,\"valueName\":\"search_term_string\"}}],\"inLanguage\":\"fr-FR\"},{\"@type\":\"Organization\",\"@id\":\"https:\\\/\\\/cpxzx.com\\\/#organization\",\"name\":\"Cooling Tower Fill, China PVC Fills Manufacturer\",\"url\":\"https:\\\/\\\/cpxzx.com\\\/\",\"logo\":{\"@type\":\"ImageObject\",\"inLanguage\":\"fr-FR\",\"@id\":\"https:\\\/\\\/cpxzx.com\\\/#\\\/schema\\\/logo\\\/image\\\/\",\"url\":\"https:\\\/\\\/cpxzx.com\\\/wp-content\\\/uploads\\\/2025\\\/07\\\/1751628807-logo.png\",\"contentUrl\":\"https:\\\/\\\/cpxzx.com\\\/wp-content\\\/uploads\\\/2025\\\/07\\\/1751628807-logo.png\",\"width\":383,\"height\":87,\"caption\":\"Cooling Tower Fill, China PVC Fills Manufacturer\"},\"image\":{\"@id\":\"https:\\\/\\\/cpxzx.com\\\/#\\\/schema\\\/logo\\\/image\\\/\"}}]}<\/script>\n<!-- \/ Yoast SEO plugin. -->","yoast_head_json":{"title":"Super selle en m\u00e9tal","robots":{"index":"index","follow":"follow","max-snippet":"max-snippet:-1","max-image-preview":"max-image-preview:large","max-video-preview":"max-video-preview:-1"},"canonical":"https:\/\/cpxzx.com\/fr\/produit\/super-selle-en-metal\/","og_locale":"fr_FR","og_type":"article","og_title":"Metal Super Saddle","og_description":"Metal Super Saddle is an advanced type of random tower packing with a unique saddle-shaped structure. Its smooth arcs and large openings provide high void space, low pressure drop, and excellent gas-liquid contact efficiency. Compared with traditional saddle packings, Metal Super Saddle reduces channeling, enhances mass transfer performance, and ensures stable operation under various process conditions. It is widely used in absorption, scrubbing, stripping, and distillation applications across chemical, petrochemical, and environmental industries.","og_url":"https:\/\/cpxzx.com\/fr\/produit\/super-selle-en-metal\/","og_site_name":"Cooling Tower Fill, China PVC Fills Manufacturer","og_image":[{"width":550,"height":550,"url":"https:\/\/cpxzx.com\/wp-content\/uploads\/2025\/09\/304-316L-Metal-Intalox-Super-Saddles.jpg","type":"image\/jpeg"}],"twitter_card":"summary_large_image","twitter_misc":{"Dur\u00e9e de lecture estim\u00e9e":"2 minutes"},"schema":{"@context":"https:\/\/schema.org","@graph":[{"@type":"WebPage","@id":"https:\/\/cpxzx.com\/product\/metal-super-saddle\/","url":"https:\/\/cpxzx.com\/product\/metal-super-saddle\/","name":"Super selle en m\u00e9tal","isPartOf":{"@id":"https:\/\/cpxzx.com\/#website"},"primaryImageOfPage":{"@id":"https:\/\/cpxzx.com\/product\/metal-super-saddle\/#primaryimage"},"image":{"@id":"https:\/\/cpxzx.com\/product\/metal-super-saddle\/#primaryimage"},"thumbnailUrl":"https:\/\/cpxzx.com\/wp-content\/uploads\/2025\/09\/304-316L-Metal-Intalox-Super-Saddles.jpg","datePublished":"2025-09-13T07:07:04+00:00","breadcrumb":{"@id":"https:\/\/cpxzx.com\/product\/metal-super-saddle\/#breadcrumb"},"inLanguage":"fr-FR","potentialAction":[{"@type":"ReadAction","target":["https:\/\/cpxzx.com\/product\/metal-super-saddle\/"]}]},{"@type":"ImageObject","inLanguage":"fr-FR","@id":"https:\/\/cpxzx.com\/product\/metal-super-saddle\/#primaryimage","url":"https:\/\/cpxzx.com\/wp-content\/uploads\/2025\/09\/304-316L-Metal-Intalox-Super-Saddles.jpg","contentUrl":"https:\/\/cpxzx.com\/wp-content\/uploads\/2025\/09\/304-316L-Metal-Intalox-Super-Saddles.jpg","width":550,"height":550,"caption":"304-316L-Metal-Intalox-Super-Saddles"},{"@type":"BreadcrumbList","@id":"https:\/\/cpxzx.com\/product\/metal-super-saddle\/#breadcrumb","itemListElement":[{"@type":"ListItem","position":1,"name":"Home","item":"https:\/\/cpxzx.com\/"},{"@type":"ListItem","position":2,"name":"Random Packing","item":"https:\/\/cpxzx.com\/pcategory\/random-packing\/"},{"@type":"ListItem","position":3,"name":"Metal Random Packing","item":"https:\/\/cpxzx.com\/pcategory\/random-packing\/metal-random-packing\/"},{"@type":"ListItem","position":4,"name":"SS304 SS316 Metal Super Saddle for Absorption and Distillation"}]},{"@type":"WebSite","@id":"https:\/\/cpxzx.com\/#website","url":"https:\/\/cpxzx.com\/","name":"Remplissage de tour de refroidissement, fabricant chinois de remplissages en PVC","description":"","publisher":{"@id":"https:\/\/cpxzx.com\/#organization"},"potentialAction":[{"@type":"SearchAction","target":{"@type":"EntryPoint","urlTemplate":"https:\/\/cpxzx.com\/?s={search_term_string}"},"query-input":{"@type":"PropertyValueSpecification","valueRequired":true,"valueName":"search_term_string"}}],"inLanguage":"fr-FR"},{"@type":"Organization","@id":"https:\/\/cpxzx.com\/#organization","name":"Remplissage de tour de refroidissement, fabricant chinois de remplissages en PVC","url":"https:\/\/cpxzx.com\/","logo":{"@type":"ImageObject","inLanguage":"fr-FR","@id":"https:\/\/cpxzx.com\/#\/schema\/logo\/image\/","url":"https:\/\/cpxzx.com\/wp-content\/uploads\/2025\/07\/1751628807-logo.png","contentUrl":"https:\/\/cpxzx.com\/wp-content\/uploads\/2025\/07\/1751628807-logo.png","width":383,"height":87,"caption":"Cooling Tower Fill, China PVC Fills Manufacturer"},"image":{"@id":"https:\/\/cpxzx.com\/#\/schema\/logo\/image\/"}}]}},"taxonomy_info":{"pcategory":[{"value":22,"label":"Random Packing"},{"value":23,"label":"Metal Random Packing"}]},"featured_image_src_large":["https:\/\/cpxzx.com\/wp-content\/uploads\/2025\/09\/304-316L-Metal-Intalox-Super-Saddles.jpg",550,550,false],"author_info":[],"comment_info":"","_links":{"self":[{"href":"https:\/\/cpxzx.com\/fr\/wp-json\/wp\/v2\/product\/3003","targetHints":{"allow":["GET"]}}],"collection":[{"href":"https:\/\/cpxzx.com\/fr\/wp-json\/wp\/v2\/product"}],"about":[{"href":"https:\/\/cpxzx.com\/fr\/wp-json\/wp\/v2\/types\/product"}],"wp:featuredmedia":[{"embeddable":true,"href":"https:\/\/cpxzx.com\/fr\/wp-json\/wp\/v2\/media\/3005"}],"wp:attachment":[{"href":"https:\/\/cpxzx.com\/fr\/wp-json\/wp\/v2\/media?parent=3003"}],"wp:term":[{"taxonomy":"pcategory","embeddable":true,"href":"https:\/\/cpxzx.com\/fr\/wp-json\/wp\/v2\/pcategory?post=3003"},{"taxonomy":"ptag","embeddable":true,"href":"https:\/\/cpxzx.com\/fr\/wp-json\/wp\/v2\/ptag?post=3003"}],"curies":[{"name":"wp","href":"https:\/\/api.w.org\/{rel}","templated":true}]}}