{"id":2998,"date":"2025-09-12T06:18:40","date_gmt":"2025-09-12T06:18:40","guid":{"rendered":"https:\/\/cpxzx.com\/?post_type=product&#038;p=2998"},"modified":"2025-09-10T06:23:33","modified_gmt":"2025-09-10T06:23:33","slug":"metal-super-mini-ring","status":"publish","type":"product","link":"https:\/\/cpxzx.com\/fr\/produit\/metal-super-mini-ring\/","title":{"rendered":"SS316 Metal Super Mini Ring"},"content":{"rendered":"<p><strong>Bague Super Mini en m\u00e9tal<\/strong> est largement utilis\u00e9 dans les industries chimiques et p\u00e9trochimiques en raison de ses excellents avantages structurels. La paroi mince et le grand rapport de vide permettent d'obtenir un flux \u00e9lev\u00e9 et une faible r\u00e9sistance. Ses ailettes arqu\u00e9es sym\u00e9triques am\u00e9liorent la distribution du liquide, r\u00e9duisent l'agglom\u00e9ration des gouttelettes et favorisent la dispersion et la redispersion r\u00e9p\u00e9t\u00e9es des groupes de gouttelettes. Ce processus unique augmente l'efficacit\u00e9 de la s\u00e9paration, r\u00e9duit le rem\u00e9lange axial et garantit un fonctionnement stable dans les syst\u00e8mes gaz-liquide et liquide-liquide.<\/p>\n<h2>Caract\u00e9ristiques<\/h2>\n<ul>\n<li>Mat\u00e9riaux disponibles : acier au carbone, SS304, SS304L, SS410, SS316, SS316L, etc.<\/li>\n<li>Force de broyage \u00e9lev\u00e9e et facilit\u00e9 d'utilisation<\/li>\n<li>Flux important avec faible perte de charge<\/li>\n<li>Efficacit\u00e9 de s\u00e9paration \u00e9lev\u00e9e et faible r\u00e9sistance du lit<\/li>\n<li>Fonctionnement flexible adapt\u00e9 \u00e0 diff\u00e9rentes applications de transfert de masse<\/li>\n<\/ul>\n<h2>Avantages<\/h2>\n<ul>\n<li>Grand d\u00e9bit avec faible perte de charge<\/li>\n<li>Efficacit\u00e9 \u00e9lev\u00e9e du transfert de masse<\/li>\n<li>Grande souplesse d'utilisation<\/li>\n<li>Stabilit\u00e9 accrue et r\u00e9duction de la tendance \u00e0 l'\u00e9caillage<\/li>\n<\/ul>\n<h2>Applications<\/h2>\n<p>Le Super Mini Ring en m\u00e9tal est particuli\u00e8rement adapt\u00e9 aux processus d'extraction liquide-liquide. Les ailettes en arc sym\u00e9trique am\u00e9liorent l'homog\u00e9n\u00e9it\u00e9 du flux, r\u00e9duisent l'agglom\u00e9ration des gouttelettes et augmentent l'efficacit\u00e9 globale des tours d'extraction. Il est \u00e9galement largement utilis\u00e9 dans la s\u00e9paration gaz-liquide, notamment dans les tours d'absorption et de d\u00e9sorption.<\/p>\n<p>Cet emballage est fortement recommand\u00e9 pour les colonnes de distillation sous vide, en particulier pour le traitement des mat\u00e9riaux sensibles \u00e0 la chaleur, facilement d\u00e9compos\u00e9s, facilement polym\u00e9ris\u00e9s et formant du carbone. Il est couramment utilis\u00e9 dans l'ing\u00e9nierie p\u00e9trochimique, la production d'engrais et les industries de protection de l'environnement. Les \u00e9quipements typiques comprennent les tours de lavage des vapeurs, les tours de purification et les tours \u00e0 haute pression.<\/p>\n<h2>Propri\u00e9t\u00e9s physiques et chimiques<\/h2>\n<table border=\"1\" cellspacing=\"0\" cellpadding=\"6\">\n<tbody>\n<tr>\n<th>Type<\/th>\n<th>Sp\u00e9cifications (mm)<\/th>\n<th>Nombre de pi\u00e8ces en vrac (pcs\/m\u00b3)<\/th>\n<th>Surface sp\u00e9cifique (m\u00b2\/m\u00b3)<\/th>\n<th>Porosit\u00e9 (m\u00b3\/m\u00b3)<\/th>\n<th>Densit\u00e9 apparente (kg\/m\u00b3)<\/th>\n<th>Note<\/th>\n<\/tr>\n<tr>\n<td>16<\/td>\n<td>16\u00d75.5\u00d70.6<\/td>\n<td>378000<\/td>\n<td>348<\/td>\n<td>0.923<\/td>\n<td>492<\/td>\n<td rowspan=\"4\">Ils peuvent \u00eatre fabriqu\u00e9s selon les exigences du client en acier au carbone, en acier inoxydable, en cuivre, en aluminium, en alliage Monel, en nickel (Ni) et en titane (Ti).<\/td>\n<\/tr>\n<tr>\n<td>25<\/td>\n<td>25\u00d79.0\u00d70.6<\/td>\n<td>155000<\/td>\n<td>228<\/td>\n<td>0.936<\/td>\n<td>516<\/td>\n<\/tr>\n<tr>\n<td>38<\/td>\n<td>38\u00d712.7\u00d70.8<\/td>\n<td>48000<\/td>\n<td>150<\/td>\n<td>0.95<\/td>\n<td>400<\/td>\n<\/tr>\n<tr>\n<td>50<\/td>\n<td>50\u00d717\u00d70.8<\/td>\n<td>21500<\/td>\n<td>120<\/td>\n<td>0.965<\/td>\n<td>360<\/td>\n<\/tr>\n<\/tbody>\n<\/table>\n<h2>Emballage<\/h2>\n<p>Les anneaux m\u00e9talliques Super Mini Ring sont g\u00e9n\u00e9ralement emball\u00e9s dans des sacs tiss\u00e9s, des sacs jumbo ou selon les besoins du client. Un emballage ad\u00e9quat garantit un transport et un stockage s\u00fbrs avant l'installation.<\/p>","protected":false},"excerpt":{"rendered":"<p>Le Super Mini Anneau M\u00e9tallique, \u00e9galement appel\u00e9 anneau plat m\u00e9tallique, est un type avanc\u00e9 d'emballage de tour al\u00e9atoire. Il est con\u00e7u avec une courte structure en anneau ouvert et un rapport hauteur\/diam\u00e8tre d'environ 0,2-0,4. Les nervures en arc incurv\u00e9es vers l'int\u00e9rieur renforcent la r\u00e9sistance et la stabilit\u00e9, tout en assurant un transfert de masse efficace. Compar\u00e9 au Pall Ring traditionnel, le Metal Super Mini Ring peut am\u00e9liorer les effets de transfert de masse de plus de 20%.<\/p>","protected":false},"featured_media":3001,"parent":0,"template":"","meta":{"_acf_changed":false,"_kad_blocks_custom_css":"","_kad_blocks_head_custom_js":"","_kad_blocks_body_custom_js":"","_kad_blocks_footer_custom_js":"","_kadence_starter_templates_imported_post":false,"_kad_post_transparent":"default","_kad_post_title":"","_kad_post_layout":"default","_kad_post_sidebar_id":"","_kad_post_content_style":"default","_kad_post_vertical_padding":"default","_kad_post_feature":"","_kad_post_feature_position":"","_kad_post_header":false,"_kad_post_footer":false},"pcategory":[22,23],"ptag":[],"class_list":["post-2998","product","type-product","status-publish","has-post-thumbnail","hentry","pcategory-random-packing","pcategory-metal-random-packing"],"acf":[],"yoast_head":"<!-- This site is optimized with the Yoast SEO plugin v27.4 - https:\/\/yoast.com\/product\/yoast-seo-wordpress\/ -->\n<title>Metal Super Mini Ring<\/title>\n<meta name=\"robots\" content=\"index, follow, max-snippet:-1, max-image-preview:large, max-video-preview:-1\" \/>\n<link rel=\"canonical\" href=\"https:\/\/cpxzx.com\/fr\/produit\/metal-super-mini-ring\/\" \/>\n<meta property=\"og:locale\" content=\"fr_FR\" \/>\n<meta property=\"og:type\" content=\"article\" \/>\n<meta property=\"og:title\" content=\"Metal Super Mini Ring\" \/>\n<meta property=\"og:description\" content=\"Metal Super Mini Ring, also called metal flat ring, is an advanced type of random tower packing. It is designed with a short open-ring structure and a height-to-diameter ratio of about 0.2\u20130.4. The unique inward-curved arc ribs enhance strength and stability, while also ensuring efficient mass transfer. Compared with traditional Pall Ring, Metal Super Mini Ring can improve mass transfer effects by more than 20%.\" \/>\n<meta property=\"og:url\" content=\"https:\/\/cpxzx.com\/fr\/produit\/metal-super-mini-ring\/\" \/>\n<meta property=\"og:site_name\" content=\"Cooling Tower Fill, China PVC Fills Manufacturer\" \/>\n<meta property=\"og:image\" content=\"https:\/\/cpxzx.com\/wp-content\/uploads\/2025\/09\/Tower-Packing-Metal-Super-Mini-Ring.jpg\" \/>\n\t<meta property=\"og:image:width\" content=\"550\" \/>\n\t<meta property=\"og:image:height\" content=\"550\" \/>\n\t<meta property=\"og:image:type\" content=\"image\/jpeg\" \/>\n<meta name=\"twitter:card\" content=\"summary_large_image\" \/>\n<meta name=\"twitter:label1\" content=\"Dur\u00e9e de lecture estim\u00e9e\" \/>\n\t<meta name=\"twitter:data1\" content=\"2 minutes\" \/>\n<script type=\"application\/ld+json\" class=\"yoast-schema-graph\">{\"@context\":\"https:\\\/\\\/schema.org\",\"@graph\":[{\"@type\":\"WebPage\",\"@id\":\"https:\\\/\\\/cpxzx.com\\\/product\\\/metal-super-mini-ring\\\/\",\"url\":\"https:\\\/\\\/cpxzx.com\\\/product\\\/metal-super-mini-ring\\\/\",\"name\":\"Metal Super Mini Ring\",\"isPartOf\":{\"@id\":\"https:\\\/\\\/cpxzx.com\\\/#website\"},\"primaryImageOfPage\":{\"@id\":\"https:\\\/\\\/cpxzx.com\\\/product\\\/metal-super-mini-ring\\\/#primaryimage\"},\"image\":{\"@id\":\"https:\\\/\\\/cpxzx.com\\\/product\\\/metal-super-mini-ring\\\/#primaryimage\"},\"thumbnailUrl\":\"https:\\\/\\\/cpxzx.com\\\/wp-content\\\/uploads\\\/2025\\\/09\\\/Tower-Packing-Metal-Super-Mini-Ring.jpg\",\"datePublished\":\"2025-09-12T06:18:40+00:00\",\"breadcrumb\":{\"@id\":\"https:\\\/\\\/cpxzx.com\\\/product\\\/metal-super-mini-ring\\\/#breadcrumb\"},\"inLanguage\":\"fr-FR\",\"potentialAction\":[{\"@type\":\"ReadAction\",\"target\":[\"https:\\\/\\\/cpxzx.com\\\/product\\\/metal-super-mini-ring\\\/\"]}]},{\"@type\":\"ImageObject\",\"inLanguage\":\"fr-FR\",\"@id\":\"https:\\\/\\\/cpxzx.com\\\/product\\\/metal-super-mini-ring\\\/#primaryimage\",\"url\":\"https:\\\/\\\/cpxzx.com\\\/wp-content\\\/uploads\\\/2025\\\/09\\\/Tower-Packing-Metal-Super-Mini-Ring.jpg\",\"contentUrl\":\"https:\\\/\\\/cpxzx.com\\\/wp-content\\\/uploads\\\/2025\\\/09\\\/Tower-Packing-Metal-Super-Mini-Ring.jpg\",\"width\":550,\"height\":550,\"caption\":\"Tower-Packing-Metal-Super-Mini-Ring\"},{\"@type\":\"BreadcrumbList\",\"@id\":\"https:\\\/\\\/cpxzx.com\\\/product\\\/metal-super-mini-ring\\\/#breadcrumb\",\"itemListElement\":[{\"@type\":\"ListItem\",\"position\":1,\"name\":\"Home\",\"item\":\"https:\\\/\\\/cpxzx.com\\\/\"},{\"@type\":\"ListItem\",\"position\":2,\"name\":\"Random Packing\",\"item\":\"https:\\\/\\\/cpxzx.com\\\/pcategory\\\/random-packing\\\/\"},{\"@type\":\"ListItem\",\"position\":3,\"name\":\"Metal Random Packing\",\"item\":\"https:\\\/\\\/cpxzx.com\\\/pcategory\\\/random-packing\\\/metal-random-packing\\\/\"},{\"@type\":\"ListItem\",\"position\":4,\"name\":\"SS316 Metal Super Mini Ring\"}]},{\"@type\":\"WebSite\",\"@id\":\"https:\\\/\\\/cpxzx.com\\\/#website\",\"url\":\"https:\\\/\\\/cpxzx.com\\\/\",\"name\":\"Cooling Tower Fill, China PVC Fills Manufacturer\",\"description\":\"\",\"publisher\":{\"@id\":\"https:\\\/\\\/cpxzx.com\\\/#organization\"},\"potentialAction\":[{\"@type\":\"SearchAction\",\"target\":{\"@type\":\"EntryPoint\",\"urlTemplate\":\"https:\\\/\\\/cpxzx.com\\\/?s={search_term_string}\"},\"query-input\":{\"@type\":\"PropertyValueSpecification\",\"valueRequired\":true,\"valueName\":\"search_term_string\"}}],\"inLanguage\":\"fr-FR\"},{\"@type\":\"Organization\",\"@id\":\"https:\\\/\\\/cpxzx.com\\\/#organization\",\"name\":\"Cooling Tower Fill, China PVC Fills Manufacturer\",\"url\":\"https:\\\/\\\/cpxzx.com\\\/\",\"logo\":{\"@type\":\"ImageObject\",\"inLanguage\":\"fr-FR\",\"@id\":\"https:\\\/\\\/cpxzx.com\\\/#\\\/schema\\\/logo\\\/image\\\/\",\"url\":\"https:\\\/\\\/cpxzx.com\\\/wp-content\\\/uploads\\\/2025\\\/07\\\/1751628807-logo.png\",\"contentUrl\":\"https:\\\/\\\/cpxzx.com\\\/wp-content\\\/uploads\\\/2025\\\/07\\\/1751628807-logo.png\",\"width\":383,\"height\":87,\"caption\":\"Cooling Tower Fill, China PVC Fills Manufacturer\"},\"image\":{\"@id\":\"https:\\\/\\\/cpxzx.com\\\/#\\\/schema\\\/logo\\\/image\\\/\"}}]}<\/script>\n<!-- \/ Yoast SEO plugin. -->","yoast_head_json":{"title":"Bague Super Mini en m\u00e9tal","robots":{"index":"index","follow":"follow","max-snippet":"max-snippet:-1","max-image-preview":"max-image-preview:large","max-video-preview":"max-video-preview:-1"},"canonical":"https:\/\/cpxzx.com\/fr\/produit\/metal-super-mini-ring\/","og_locale":"fr_FR","og_type":"article","og_title":"Metal Super Mini Ring","og_description":"Metal Super Mini Ring, also called metal flat ring, is an advanced type of random tower packing. It is designed with a short open-ring structure and a height-to-diameter ratio of about 0.2\u20130.4. The unique inward-curved arc ribs enhance strength and stability, while also ensuring efficient mass transfer. Compared with traditional Pall Ring, Metal Super Mini Ring can improve mass transfer effects by more than 20%.","og_url":"https:\/\/cpxzx.com\/fr\/produit\/metal-super-mini-ring\/","og_site_name":"Cooling Tower Fill, China PVC Fills Manufacturer","og_image":[{"width":550,"height":550,"url":"https:\/\/cpxzx.com\/wp-content\/uploads\/2025\/09\/Tower-Packing-Metal-Super-Mini-Ring.jpg","type":"image\/jpeg"}],"twitter_card":"summary_large_image","twitter_misc":{"Dur\u00e9e de lecture estim\u00e9e":"2 minutes"},"schema":{"@context":"https:\/\/schema.org","@graph":[{"@type":"WebPage","@id":"https:\/\/cpxzx.com\/product\/metal-super-mini-ring\/","url":"https:\/\/cpxzx.com\/product\/metal-super-mini-ring\/","name":"Bague Super Mini en m\u00e9tal","isPartOf":{"@id":"https:\/\/cpxzx.com\/#website"},"primaryImageOfPage":{"@id":"https:\/\/cpxzx.com\/product\/metal-super-mini-ring\/#primaryimage"},"image":{"@id":"https:\/\/cpxzx.com\/product\/metal-super-mini-ring\/#primaryimage"},"thumbnailUrl":"https:\/\/cpxzx.com\/wp-content\/uploads\/2025\/09\/Tower-Packing-Metal-Super-Mini-Ring.jpg","datePublished":"2025-09-12T06:18:40+00:00","breadcrumb":{"@id":"https:\/\/cpxzx.com\/product\/metal-super-mini-ring\/#breadcrumb"},"inLanguage":"fr-FR","potentialAction":[{"@type":"ReadAction","target":["https:\/\/cpxzx.com\/product\/metal-super-mini-ring\/"]}]},{"@type":"ImageObject","inLanguage":"fr-FR","@id":"https:\/\/cpxzx.com\/product\/metal-super-mini-ring\/#primaryimage","url":"https:\/\/cpxzx.com\/wp-content\/uploads\/2025\/09\/Tower-Packing-Metal-Super-Mini-Ring.jpg","contentUrl":"https:\/\/cpxzx.com\/wp-content\/uploads\/2025\/09\/Tower-Packing-Metal-Super-Mini-Ring.jpg","width":550,"height":550,"caption":"Tower-Packing-Metal-Super-Mini-Ring"},{"@type":"BreadcrumbList","@id":"https:\/\/cpxzx.com\/product\/metal-super-mini-ring\/#breadcrumb","itemListElement":[{"@type":"ListItem","position":1,"name":"Home","item":"https:\/\/cpxzx.com\/"},{"@type":"ListItem","position":2,"name":"Random Packing","item":"https:\/\/cpxzx.com\/pcategory\/random-packing\/"},{"@type":"ListItem","position":3,"name":"Metal Random Packing","item":"https:\/\/cpxzx.com\/pcategory\/random-packing\/metal-random-packing\/"},{"@type":"ListItem","position":4,"name":"SS316 Metal Super Mini Ring"}]},{"@type":"WebSite","@id":"https:\/\/cpxzx.com\/#website","url":"https:\/\/cpxzx.com\/","name":"Remplissage de tour de refroidissement, fabricant chinois de remplissages en PVC","description":"","publisher":{"@id":"https:\/\/cpxzx.com\/#organization"},"potentialAction":[{"@type":"SearchAction","target":{"@type":"EntryPoint","urlTemplate":"https:\/\/cpxzx.com\/?s={search_term_string}"},"query-input":{"@type":"PropertyValueSpecification","valueRequired":true,"valueName":"search_term_string"}}],"inLanguage":"fr-FR"},{"@type":"Organization","@id":"https:\/\/cpxzx.com\/#organization","name":"Remplissage de tour de refroidissement, fabricant chinois de remplissages en PVC","url":"https:\/\/cpxzx.com\/","logo":{"@type":"ImageObject","inLanguage":"fr-FR","@id":"https:\/\/cpxzx.com\/#\/schema\/logo\/image\/","url":"https:\/\/cpxzx.com\/wp-content\/uploads\/2025\/07\/1751628807-logo.png","contentUrl":"https:\/\/cpxzx.com\/wp-content\/uploads\/2025\/07\/1751628807-logo.png","width":383,"height":87,"caption":"Cooling Tower Fill, China PVC Fills Manufacturer"},"image":{"@id":"https:\/\/cpxzx.com\/#\/schema\/logo\/image\/"}}]}},"taxonomy_info":{"pcategory":[{"value":22,"label":"Random Packing"},{"value":23,"label":"Metal Random Packing"}]},"featured_image_src_large":["https:\/\/cpxzx.com\/wp-content\/uploads\/2025\/09\/Tower-Packing-Metal-Super-Mini-Ring.jpg",550,550,false],"author_info":[],"comment_info":"","_links":{"self":[{"href":"https:\/\/cpxzx.com\/fr\/wp-json\/wp\/v2\/product\/2998","targetHints":{"allow":["GET"]}}],"collection":[{"href":"https:\/\/cpxzx.com\/fr\/wp-json\/wp\/v2\/product"}],"about":[{"href":"https:\/\/cpxzx.com\/fr\/wp-json\/wp\/v2\/types\/product"}],"wp:featuredmedia":[{"embeddable":true,"href":"https:\/\/cpxzx.com\/fr\/wp-json\/wp\/v2\/media\/3001"}],"wp:attachment":[{"href":"https:\/\/cpxzx.com\/fr\/wp-json\/wp\/v2\/media?parent=2998"}],"wp:term":[{"taxonomy":"pcategory","embeddable":true,"href":"https:\/\/cpxzx.com\/fr\/wp-json\/wp\/v2\/pcategory?post=2998"},{"taxonomy":"ptag","embeddable":true,"href":"https:\/\/cpxzx.com\/fr\/wp-json\/wp\/v2\/ptag?post=2998"}],"curies":[{"name":"wp","href":"https:\/\/api.w.org\/{rel}","templated":true}]}}