{"id":2977,"date":"2025-09-11T08:30:27","date_gmt":"2025-09-11T08:30:27","guid":{"rendered":"https:\/\/cpxzx.com\/?post_type=product&#038;p=2977"},"modified":"2025-09-08T03:17:51","modified_gmt":"2025-09-08T03:17:51","slug":"anneau-metallique-vsp","status":"publish","type":"product","link":"https:\/\/cpxzx.com\/fr\/produit\/anneau-metallique-vsp\/","title":{"rendered":"Anneau VSP en m\u00e9tal Ss304 (25mm 38mm 50mm 76mm)"},"content":{"rendered":"<p><strong>Anneau m\u00e9tallique VSP<\/strong> (Vertical Spiral Partition Ring), \u00e9galement connu dans le monde entier sous le nom de Mella Ring, est un emballage al\u00e9atoire \u00e0 haut rendement largement utilis\u00e9 dans les industries chimiques et p\u00e9trochimiques. Il est con\u00e7u avec une structure en spirale unique qui assure une sym\u00e9trie g\u00e9om\u00e9trique uniforme, un taux de vide \u00e9lev\u00e9 et une excellente distribution des liquides. Par rapport \u00e0 l'anneau m\u00e9tallique Pall traditionnel, l'anneau m\u00e9tallique VSP offre un d\u00e9bit de liquide et de gaz sup\u00e9rieur de 15-30%, tout en r\u00e9duisant la perte de charge de 20-30%.<\/p>\n<p>Fabriqu\u00e9 en acier inoxydable, en acier au carbone ou en alliage d'aluminium de haute qualit\u00e9, l'anneau m\u00e9tallique VSP a des parois minces, une forte r\u00e9sistance m\u00e9canique, une r\u00e9sistance \u00e9lev\u00e9e \u00e0 la chaleur et une r\u00e9sistance sup\u00e9rieure \u00e0 la corrosion. Cette garniture sp\u00e9ciale est particuli\u00e8rement efficace pour les processus qui n\u00e9cessitent une capacit\u00e9 \u00e9lev\u00e9e, une faible r\u00e9sistance et une excellente efficacit\u00e9 de s\u00e9paration.<\/p>\n<h2>Caract\u00e9ristiques de l'anneau m\u00e9tallique VSP<\/h2>\n<ul>\n<li>Mat\u00e9riaux disponibles : acier au carbone, SS304, SS304L, SS316, SS316L, SS410, alliage d'aluminium.<\/li>\n<li>R\u00e9sistance \u00e9lev\u00e9e \u00e0 l'\u00e9crasement et facilit\u00e9 d'installation.<\/li>\n<li>Excellente r\u00e9sistance \u00e0 la temp\u00e9rature pour les conditions de travail difficiles.<\/li>\n<li>Point d'inondation \u00e9lev\u00e9 et point de mouillage bas pour un fonctionnement efficace.<\/li>\n<li>Grand volume libre et grande efficacit\u00e9 de s\u00e9paration.<\/li>\n<\/ul>\n<p>Ces caract\u00e9ristiques font de l'anneau m\u00e9tallique VSP la solution id\u00e9ale pour les applications chimiques standard et exigeantes.<\/p>\n<h2>Sp\u00e9cifications et performances techniques<\/h2>\n<p>La structure de l'anneau m\u00e9tallique VSP est constitu\u00e9e d'arcs int\u00e9rieurs r\u00e9guli\u00e8rement repli\u00e9s et dispos\u00e9s alternativement le long de la direction axiale. Cette g\u00e9om\u00e9trie unique augmente la surface de contact entre le liquide et le gaz, assurant ainsi un meilleur transfert de masse.<\/p>\n<h3>Param\u00e8tres du produit<\/h3>\n<table border=\"1\" cellspacing=\"0\" cellpadding=\"6\">\n<tbody>\n<tr>\n<th>Sp\u00e9cification (mm)<\/th>\n<th>Taille (mm)<\/th>\n<th>Nombre d'unit\u00e9s en vrac (par\/m\u00b3)<\/th>\n<th>Surface (m\u00b2\/m\u00b3)<\/th>\n<th>Densit\u00e9 apparente (kg\/m\u00b3)<\/th>\n<th>Volume libre (%)<\/th>\n<th>Facteur d'empaquetage \u00e0 sec (m-\u00b9)<\/th>\n<\/tr>\n<tr>\n<td>\u03a625<\/td>\n<td>25\u00d725\u00d70.6<\/td>\n<td>59,200<\/td>\n<td>250<\/td>\n<td>420<\/td>\n<td>93<\/td>\n<td>310<\/td>\n<\/tr>\n<tr>\n<td>\u03a638<\/td>\n<td>38\u00d738\u00d70.6<\/td>\n<td>14,500<\/td>\n<td>138<\/td>\n<td>350<\/td>\n<td>94.7<\/td>\n<td>163<\/td>\n<\/tr>\n<tr>\n<td>\u03a650<\/td>\n<td>50\u00d750\u00d70.8<\/td>\n<td>7,000<\/td>\n<td>121<\/td>\n<td>300<\/td>\n<td>95<\/td>\n<td>144<\/td>\n<\/tr>\n<tr>\n<td>\u03a676<\/td>\n<td>76\u00d776\u00d71.0<\/td>\n<td>1,950<\/td>\n<td>75<\/td>\n<td>280<\/td>\n<td>95<\/td>\n<td>86<\/td>\n<\/tr>\n<\/tbody>\n<\/table>\n<p>Ces donn\u00e9es montrent que l'anneau m\u00e9tallique VSP offre une surface \u00e9lev\u00e9e, une faible densit\u00e9 apparente et un excellent volume libre, ce qui garantit un transfert de masse efficace et une chute de pression r\u00e9duite.<\/p>\n<h2>Avantages de l'anneau m\u00e9tallique VSP<\/h2>\n<ul>\n<li>Paroi mince et conception l\u00e9g\u00e8re.<\/li>\n<li>Grand volume libre et grande capacit\u00e9.<\/li>\n<li>Faible r\u00e9sistance, r\u00e9duisant la consommation d'\u00e9nergie.<\/li>\n<li>Caract\u00e9ristiques autonettoyantes, \u00e9vitant l'encrassement et l'obstruction.<\/li>\n<li>Excellente r\u00e9sistance \u00e0 la chaleur, adapt\u00e9e \u00e0 la distillation sous vide de mat\u00e9riaux sensibles \u00e0 la chaleur.<\/li>\n<li>Longue dur\u00e9e de vie gr\u00e2ce \u00e0 des mat\u00e9riaux r\u00e9sistants \u00e0 la corrosion.<\/li>\n<\/ul>\n<p>En utilisant Metal VSP Ring, les utilisateurs b\u00e9n\u00e9ficient de performances stables, d'une productivit\u00e9 accrue et de co\u00fbts op\u00e9rationnels r\u00e9duits.<\/p>\n<h2>Applications de l'anneau m\u00e9tallique VSP<\/h2>\n<ul>\n<li>Proc\u00e9d\u00e9s de distillation et d'absorption de l'industrie p\u00e9trochimique.<\/li>\n<li>Traitement des gaz de raffinerie et s\u00e9paration des hydrocarbures.<\/li>\n<li>Syst\u00e8mes de protection de l'environnement et de r\u00e9duction des \u00e9missions.<\/li>\n<li>Production d'engrais et traitement de produits chimiques fins.<\/li>\n<li>Industrie pharmaceutique pour la s\u00e9paration de haute puret\u00e9.<\/li>\n<li>Industries des nouvelles \u00e9nergies et des mat\u00e9riaux avanc\u00e9s.<\/li>\n<\/ul>\n<p>Sa polyvalence fait du Metal VSP Ring un choix privil\u00e9gi\u00e9 pour am\u00e9liorer l'efficacit\u00e9 des tours \u00e0 garnissage, des colonnes d'absorption et des unit\u00e9s de stripping.<\/p>\n<h2>Emballage et approvisionnement<\/h2>\n<p>L'anneau m\u00e9tallique VSP est soigneusement emball\u00e9 pour \u00e9viter tout dommage pendant le transport. Il peut \u00eatre fourni dans des sacs tiss\u00e9s, des cartons ou des bo\u00eetes en bois, en fonction de la quantit\u00e9 command\u00e9e et des exigences du client. Des emballages en vrac et des solutions d'emballage personnalis\u00e9es sont \u00e9galement disponibles.<\/p>","protected":false},"excerpt":{"rendered":"<p>L'anneau m\u00e9tallique VSP est une garniture al\u00e9atoire \u00e0 haut rendement con\u00e7ue avec des cloisons verticales en spirale pour un meilleur transfert de masse, une faible perte de charge et une grande capacit\u00e9. Fabriqu\u00e9 en acier inoxydable, en acier au carbone ou en alliage d'aluminium, il offre une excellente r\u00e9sistance \u00e0 la corrosion et une grande durabilit\u00e9. Largement utilis\u00e9 dans les processus de distillation, d'absorption et de d\u00e9capage, l'anneau m\u00e9tallique VSP est id\u00e9al pour les industries p\u00e9trochimiques, les engrais, les produits pharmaceutiques et l'environnement.<\/p>","protected":false},"featured_media":2979,"parent":0,"template":"","meta":{"_acf_changed":false,"_kad_blocks_custom_css":"","_kad_blocks_head_custom_js":"","_kad_blocks_body_custom_js":"","_kad_blocks_footer_custom_js":"","_kadence_starter_templates_imported_post":false,"_kad_post_transparent":"default","_kad_post_title":"","_kad_post_layout":"default","_kad_post_sidebar_id":"","_kad_post_content_style":"default","_kad_post_vertical_padding":"default","_kad_post_feature":"","_kad_post_feature_position":"","_kad_post_header":false,"_kad_post_footer":false},"pcategory":[22,23],"ptag":[],"class_list":["post-2977","product","type-product","status-publish","has-post-thumbnail","hentry","pcategory-random-packing","pcategory-metal-random-packing"],"acf":[],"yoast_head":"<!-- This site is optimized with the Yoast SEO plugin v27.4 - https:\/\/yoast.com\/product\/yoast-seo-wordpress\/ -->\n<title>Metal VSP Ring-High Efficiency Random Packing Supplier<\/title>\n<meta name=\"robots\" content=\"index, follow, max-snippet:-1, max-image-preview:large, max-video-preview:-1\" \/>\n<link rel=\"canonical\" href=\"https:\/\/cpxzx.com\/fr\/produit\/anneau-metallique-vsp\/\" \/>\n<meta property=\"og:locale\" content=\"fr_FR\" \/>\n<meta property=\"og:type\" content=\"article\" \/>\n<meta property=\"og:title\" content=\"Metal VSP Ring-High Efficiency Random Packing Supplier\" \/>\n<meta property=\"og:description\" content=\"Metal VSP Ring is a high-efficiency random packing designed with vertical spiral partitions for improved mass transfer, low pressure drop, and large capacity. Made from stainless steel, carbon steel, or aluminum alloy, it offers excellent corrosion resistance and durability. Widely used in distillation, absorption, and stripping processes, Metal VSP Ring is ideal for petrochemical, fertilizer, pharmaceutical, and environmental industries.\" \/>\n<meta property=\"og:url\" content=\"https:\/\/cpxzx.com\/fr\/produit\/anneau-metallique-vsp\/\" \/>\n<meta property=\"og:site_name\" content=\"Cooling Tower Fill, China PVC Fills Manufacturer\" \/>\n<meta property=\"og:image\" content=\"https:\/\/cpxzx.com\/wp-content\/uploads\/2025\/09\/Chemical-Random-Packaging-SS316L-SS304L-Metal-Vsp-Ring.webp.jpg\" \/>\n\t<meta property=\"og:image:width\" content=\"550\" \/>\n\t<meta property=\"og:image:height\" content=\"550\" \/>\n\t<meta property=\"og:image:type\" content=\"image\/jpeg\" \/>\n<meta name=\"twitter:card\" content=\"summary_large_image\" \/>\n<meta name=\"twitter:label1\" content=\"Dur\u00e9e de lecture estim\u00e9e\" \/>\n\t<meta name=\"twitter:data1\" content=\"3 minutes\" \/>\n<script type=\"application\/ld+json\" class=\"yoast-schema-graph\">{\"@context\":\"https:\\\/\\\/schema.org\",\"@graph\":[{\"@type\":\"WebPage\",\"@id\":\"https:\\\/\\\/cpxzx.com\\\/product\\\/metal-vsp-ring\\\/\",\"url\":\"https:\\\/\\\/cpxzx.com\\\/product\\\/metal-vsp-ring\\\/\",\"name\":\"Metal VSP Ring-High Efficiency Random Packing Supplier\",\"isPartOf\":{\"@id\":\"https:\\\/\\\/cpxzx.com\\\/#website\"},\"primaryImageOfPage\":{\"@id\":\"https:\\\/\\\/cpxzx.com\\\/product\\\/metal-vsp-ring\\\/#primaryimage\"},\"image\":{\"@id\":\"https:\\\/\\\/cpxzx.com\\\/product\\\/metal-vsp-ring\\\/#primaryimage\"},\"thumbnailUrl\":\"https:\\\/\\\/cpxzx.com\\\/wp-content\\\/uploads\\\/2025\\\/09\\\/Chemical-Random-Packaging-SS316L-SS304L-Metal-Vsp-Ring.webp.jpg\",\"datePublished\":\"2025-09-11T08:30:27+00:00\",\"breadcrumb\":{\"@id\":\"https:\\\/\\\/cpxzx.com\\\/product\\\/metal-vsp-ring\\\/#breadcrumb\"},\"inLanguage\":\"fr-FR\",\"potentialAction\":[{\"@type\":\"ReadAction\",\"target\":[\"https:\\\/\\\/cpxzx.com\\\/product\\\/metal-vsp-ring\\\/\"]}]},{\"@type\":\"ImageObject\",\"inLanguage\":\"fr-FR\",\"@id\":\"https:\\\/\\\/cpxzx.com\\\/product\\\/metal-vsp-ring\\\/#primaryimage\",\"url\":\"https:\\\/\\\/cpxzx.com\\\/wp-content\\\/uploads\\\/2025\\\/09\\\/Chemical-Random-Packaging-SS316L-SS304L-Metal-Vsp-Ring.webp.jpg\",\"contentUrl\":\"https:\\\/\\\/cpxzx.com\\\/wp-content\\\/uploads\\\/2025\\\/09\\\/Chemical-Random-Packaging-SS316L-SS304L-Metal-Vsp-Ring.webp.jpg\",\"width\":550,\"height\":550,\"caption\":\"Ring-Metal-Vsp\"},{\"@type\":\"BreadcrumbList\",\"@id\":\"https:\\\/\\\/cpxzx.com\\\/product\\\/metal-vsp-ring\\\/#breadcrumb\",\"itemListElement\":[{\"@type\":\"ListItem\",\"position\":1,\"name\":\"Home\",\"item\":\"https:\\\/\\\/cpxzx.com\\\/\"},{\"@type\":\"ListItem\",\"position\":2,\"name\":\"Random Packing\",\"item\":\"https:\\\/\\\/cpxzx.com\\\/pcategory\\\/random-packing\\\/\"},{\"@type\":\"ListItem\",\"position\":3,\"name\":\"Metal Random Packing\",\"item\":\"https:\\\/\\\/cpxzx.com\\\/pcategory\\\/random-packing\\\/metal-random-packing\\\/\"},{\"@type\":\"ListItem\",\"position\":4,\"name\":\"Ss304 Metal VSP Ring(25mm 38mm 50mm 76mm)\"}]},{\"@type\":\"WebSite\",\"@id\":\"https:\\\/\\\/cpxzx.com\\\/#website\",\"url\":\"https:\\\/\\\/cpxzx.com\\\/\",\"name\":\"Cooling Tower Fill, China PVC Fills Manufacturer\",\"description\":\"\",\"publisher\":{\"@id\":\"https:\\\/\\\/cpxzx.com\\\/#organization\"},\"potentialAction\":[{\"@type\":\"SearchAction\",\"target\":{\"@type\":\"EntryPoint\",\"urlTemplate\":\"https:\\\/\\\/cpxzx.com\\\/?s={search_term_string}\"},\"query-input\":{\"@type\":\"PropertyValueSpecification\",\"valueRequired\":true,\"valueName\":\"search_term_string\"}}],\"inLanguage\":\"fr-FR\"},{\"@type\":\"Organization\",\"@id\":\"https:\\\/\\\/cpxzx.com\\\/#organization\",\"name\":\"Cooling Tower Fill, China PVC Fills Manufacturer\",\"url\":\"https:\\\/\\\/cpxzx.com\\\/\",\"logo\":{\"@type\":\"ImageObject\",\"inLanguage\":\"fr-FR\",\"@id\":\"https:\\\/\\\/cpxzx.com\\\/#\\\/schema\\\/logo\\\/image\\\/\",\"url\":\"https:\\\/\\\/cpxzx.com\\\/wp-content\\\/uploads\\\/2025\\\/07\\\/1751628807-logo.png\",\"contentUrl\":\"https:\\\/\\\/cpxzx.com\\\/wp-content\\\/uploads\\\/2025\\\/07\\\/1751628807-logo.png\",\"width\":383,\"height\":87,\"caption\":\"Cooling Tower Fill, China PVC Fills Manufacturer\"},\"image\":{\"@id\":\"https:\\\/\\\/cpxzx.com\\\/#\\\/schema\\\/logo\\\/image\\\/\"}}]}<\/script>\n<!-- \/ Yoast SEO plugin. -->","yoast_head_json":{"title":"Anneau m\u00e9tallique VSP - Fournisseur d'emballages al\u00e9atoires \u00e0 haute efficacit\u00e9","robots":{"index":"index","follow":"follow","max-snippet":"max-snippet:-1","max-image-preview":"max-image-preview:large","max-video-preview":"max-video-preview:-1"},"canonical":"https:\/\/cpxzx.com\/fr\/produit\/anneau-metallique-vsp\/","og_locale":"fr_FR","og_type":"article","og_title":"Metal VSP Ring-High Efficiency Random Packing Supplier","og_description":"Metal VSP Ring is a high-efficiency random packing designed with vertical spiral partitions for improved mass transfer, low pressure drop, and large capacity. Made from stainless steel, carbon steel, or aluminum alloy, it offers excellent corrosion resistance and durability. Widely used in distillation, absorption, and stripping processes, Metal VSP Ring is ideal for petrochemical, fertilizer, pharmaceutical, and environmental industries.","og_url":"https:\/\/cpxzx.com\/fr\/produit\/anneau-metallique-vsp\/","og_site_name":"Cooling Tower Fill, China PVC Fills Manufacturer","og_image":[{"width":550,"height":550,"url":"https:\/\/cpxzx.com\/wp-content\/uploads\/2025\/09\/Chemical-Random-Packaging-SS316L-SS304L-Metal-Vsp-Ring.webp.jpg","type":"image\/jpeg"}],"twitter_card":"summary_large_image","twitter_misc":{"Dur\u00e9e de lecture estim\u00e9e":"3 minutes"},"schema":{"@context":"https:\/\/schema.org","@graph":[{"@type":"WebPage","@id":"https:\/\/cpxzx.com\/product\/metal-vsp-ring\/","url":"https:\/\/cpxzx.com\/product\/metal-vsp-ring\/","name":"Anneau m\u00e9tallique VSP - Fournisseur d'emballages al\u00e9atoires \u00e0 haute efficacit\u00e9","isPartOf":{"@id":"https:\/\/cpxzx.com\/#website"},"primaryImageOfPage":{"@id":"https:\/\/cpxzx.com\/product\/metal-vsp-ring\/#primaryimage"},"image":{"@id":"https:\/\/cpxzx.com\/product\/metal-vsp-ring\/#primaryimage"},"thumbnailUrl":"https:\/\/cpxzx.com\/wp-content\/uploads\/2025\/09\/Chemical-Random-Packaging-SS316L-SS304L-Metal-Vsp-Ring.webp.jpg","datePublished":"2025-09-11T08:30:27+00:00","breadcrumb":{"@id":"https:\/\/cpxzx.com\/product\/metal-vsp-ring\/#breadcrumb"},"inLanguage":"fr-FR","potentialAction":[{"@type":"ReadAction","target":["https:\/\/cpxzx.com\/product\/metal-vsp-ring\/"]}]},{"@type":"ImageObject","inLanguage":"fr-FR","@id":"https:\/\/cpxzx.com\/product\/metal-vsp-ring\/#primaryimage","url":"https:\/\/cpxzx.com\/wp-content\/uploads\/2025\/09\/Chemical-Random-Packaging-SS316L-SS304L-Metal-Vsp-Ring.webp.jpg","contentUrl":"https:\/\/cpxzx.com\/wp-content\/uploads\/2025\/09\/Chemical-Random-Packaging-SS316L-SS304L-Metal-Vsp-Ring.webp.jpg","width":550,"height":550,"caption":"Ring-Metal-Vsp"},{"@type":"BreadcrumbList","@id":"https:\/\/cpxzx.com\/product\/metal-vsp-ring\/#breadcrumb","itemListElement":[{"@type":"ListItem","position":1,"name":"Home","item":"https:\/\/cpxzx.com\/"},{"@type":"ListItem","position":2,"name":"Random Packing","item":"https:\/\/cpxzx.com\/pcategory\/random-packing\/"},{"@type":"ListItem","position":3,"name":"Metal Random Packing","item":"https:\/\/cpxzx.com\/pcategory\/random-packing\/metal-random-packing\/"},{"@type":"ListItem","position":4,"name":"Ss304 Metal VSP Ring(25mm 38mm 50mm 76mm)"}]},{"@type":"WebSite","@id":"https:\/\/cpxzx.com\/#website","url":"https:\/\/cpxzx.com\/","name":"Remplissage de tour de refroidissement, fabricant chinois de remplissages en PVC","description":"","publisher":{"@id":"https:\/\/cpxzx.com\/#organization"},"potentialAction":[{"@type":"SearchAction","target":{"@type":"EntryPoint","urlTemplate":"https:\/\/cpxzx.com\/?s={search_term_string}"},"query-input":{"@type":"PropertyValueSpecification","valueRequired":true,"valueName":"search_term_string"}}],"inLanguage":"fr-FR"},{"@type":"Organization","@id":"https:\/\/cpxzx.com\/#organization","name":"Remplissage de tour de refroidissement, fabricant chinois de remplissages en PVC","url":"https:\/\/cpxzx.com\/","logo":{"@type":"ImageObject","inLanguage":"fr-FR","@id":"https:\/\/cpxzx.com\/#\/schema\/logo\/image\/","url":"https:\/\/cpxzx.com\/wp-content\/uploads\/2025\/07\/1751628807-logo.png","contentUrl":"https:\/\/cpxzx.com\/wp-content\/uploads\/2025\/07\/1751628807-logo.png","width":383,"height":87,"caption":"Cooling Tower Fill, China PVC Fills Manufacturer"},"image":{"@id":"https:\/\/cpxzx.com\/#\/schema\/logo\/image\/"}}]}},"taxonomy_info":{"pcategory":[{"value":22,"label":"Random Packing"},{"value":23,"label":"Metal Random Packing"}]},"featured_image_src_large":["https:\/\/cpxzx.com\/wp-content\/uploads\/2025\/09\/Chemical-Random-Packaging-SS316L-SS304L-Metal-Vsp-Ring.webp.jpg",550,550,false],"author_info":[],"comment_info":"","_links":{"self":[{"href":"https:\/\/cpxzx.com\/fr\/wp-json\/wp\/v2\/product\/2977","targetHints":{"allow":["GET"]}}],"collection":[{"href":"https:\/\/cpxzx.com\/fr\/wp-json\/wp\/v2\/product"}],"about":[{"href":"https:\/\/cpxzx.com\/fr\/wp-json\/wp\/v2\/types\/product"}],"wp:featuredmedia":[{"embeddable":true,"href":"https:\/\/cpxzx.com\/fr\/wp-json\/wp\/v2\/media\/2979"}],"wp:attachment":[{"href":"https:\/\/cpxzx.com\/fr\/wp-json\/wp\/v2\/media?parent=2977"}],"wp:term":[{"taxonomy":"pcategory","embeddable":true,"href":"https:\/\/cpxzx.com\/fr\/wp-json\/wp\/v2\/pcategory?post=2977"},{"taxonomy":"ptag","embeddable":true,"href":"https:\/\/cpxzx.com\/fr\/wp-json\/wp\/v2\/ptag?post=2977"}],"curies":[{"name":"wp","href":"https:\/\/api.w.org\/{rel}","templated":true}]}}