{"id":2976,"date":"2025-09-10T09:30:16","date_gmt":"2025-09-10T09:30:16","guid":{"rendered":"https:\/\/cpxzx.com\/?post_type=product&#038;p=2976"},"modified":"2025-09-07T07:32:10","modified_gmt":"2025-09-07T07:32:10","slug":"anneau-en-metal","status":"publish","type":"product","link":"https:\/\/cpxzx.com\/fr\/produit\/anneau-en-metal\/","title":{"rendered":"Anneau en m\u00e9tal (SS304, SS316, SS316L, SS410)"},"content":{"rendered":"<p>Le <strong>Anneau de m\u00e9tal Nutter<\/strong> a \u00e9t\u00e9 con\u00e7u par Dale Nutter en 1984 comme un nouveau type d'emballage al\u00e9atoire \u00e0 haute performance.<br \/>\nIl a une forme unique de selle avec des nervures renforc\u00e9es des deux c\u00f4t\u00e9s et plusieurs trous au dos.<br \/>\nCette structure sp\u00e9ciale am\u00e9liore l'utilisation de la surface et renforce l'efficacit\u00e9 des processus de transfert de masse.<\/p>\n<p>Par rapport aux garnitures traditionnelles, la bague Nutter en m\u00e9tal offre une grande r\u00e9sistance m\u00e9canique et une excellente distribution des liquides,<br \/>\net un contact de surface sup\u00e9rieur. Ces caract\u00e9ristiques permettent d'obtenir des lits plus courts, des pertes de charge r\u00e9duites et une plus grande efficacit\u00e9 op\u00e9rationnelle.<br \/>\nIl est largement utilis\u00e9 dans les tours de s\u00e9chage, les tours d'absorption et les tours de lavage.<\/p>\n<p>En tant que fabricant professionnel d'emballages al\u00e9atoires, nous fournissons des anneaux de Nutter en m\u00e9tal en acier inoxydable (SS304, SS316, SS316L, SS410) et en acier au carbone.<br \/>\nDiff\u00e9rents mat\u00e9riaux sont disponibles pour r\u00e9pondre aux diverses exigences des processus dans les industries chimiques, p\u00e9trochimiques et environnementales.<\/p>\n<h2>Caract\u00e9ristiques<\/h2>\n<ul>\n<li>Mat\u00e9riaux disponibles : Aluminium, SS304, SS304L, SS316, SS316L, SS410, acier au carbone.<\/li>\n<li>Capacit\u00e9 de chargement \u00e9lev\u00e9e avec une faible perte de charge.<\/li>\n<li>Excellente r\u00e9sistance \u00e0 la corrosion et aux temp\u00e9ratures \u00e9lev\u00e9es.<\/li>\n<li>Forte r\u00e9sistance m\u00e9canique et longue dur\u00e9e de vie.<\/li>\n<li>Installation facile et fonctionnement pratique.<\/li>\n<li>Efficacit\u00e9 de s\u00e9paration \u00e9lev\u00e9e et performance fiable.<\/li>\n<\/ul>\n<h2>Sp\u00e9cifications<\/h2>\n<p>L'anneau de m\u00e9tal Nutter est consid\u00e9r\u00e9 comme l'un des emballages al\u00e9atoires les plus efficaces.<br \/>\nGr\u00e2ce \u00e0 une utilisation sup\u00e9rieure de la surface, il assure un transfert optimal de masse et de chaleur tout en r\u00e9duisant les exigences en mati\u00e8re de hauteur du lit compact\u00e9.<\/p>\n<table class=\"spec-table\">\n<thead>\n<tr>\n<th>Taille (mm)<\/th>\n<th>\u00c9paisseur (mm)<\/th>\n<th>Densit\u00e9 apparente (kg\/m\u00b3)<\/th>\n<th>Nombre (par m\u00b3)<\/th>\n<th>Volume libre (%)<\/th>\n<th>Surface (m\u00b2\/m\u00b3)<\/th>\n<th>Facteur de tassement (m-\u00b9)<\/th>\n<\/tr>\n<\/thead>\n<tbody>\n<tr>\n<td>15<\/td>\n<td>0.25<\/td>\n<td>280<\/td>\n<td>347000<\/td>\n<td>96.5<\/td>\n<td>305<\/td>\n<td>167<\/td>\n<\/tr>\n<tr>\n<td>25<\/td>\n<td>0.3<\/td>\n<td>255<\/td>\n<td>135000<\/td>\n<td>96.8<\/td>\n<td>241<\/td>\n<td>135<\/td>\n<\/tr>\n<tr>\n<td>40<\/td>\n<td>0.4<\/td>\n<td>231<\/td>\n<td>50200<\/td>\n<td>97.1<\/td>\n<td>161<\/td>\n<td>79<\/td>\n<\/tr>\n<tr>\n<td>50<\/td>\n<td>0.4<\/td>\n<td>149<\/td>\n<td>15000<\/td>\n<td>98.1<\/td>\n<td>104<\/td>\n<td>59<\/td>\n<\/tr>\n<tr>\n<td>60<\/td>\n<td>0.4<\/td>\n<td>142<\/td>\n<td>8400<\/td>\n<td>98.2<\/td>\n<td>85<\/td>\n<td>50<\/td>\n<\/tr>\n<\/tbody>\n<\/table>\n<h2>Avantages<\/h2>\n<ul>\n<li>Garniture polyvalente convenant aux syst\u00e8mes de distillation, d'absorption et de r\u00e9g\u00e9n\u00e9ration.<\/li>\n<li>Il fonctionne bien dans des conditions de vide pouss\u00e9 et de haute pression.<\/li>\n<li>Grand d\u00e9bit, faible perte de charge et excellente efficacit\u00e9 du transfert de masse.<\/li>\n<li>Grande souplesse d'utilisation, id\u00e9ale pour les tours de petit et de grand diam\u00e8tre.<\/li>\n<li>Performance prouv\u00e9e dans les op\u00e9rations critiques o\u00f9 les plateaux conventionnels sont moins efficaces.<\/li>\n<\/ul>\n<p>En choisissant l'anneau m\u00e9tallique Nutter, les utilisateurs b\u00e9n\u00e9ficient d'une performance fiable et d'une consommation d'\u00e9nergie r\u00e9duite,<br \/>\net une dur\u00e9e de vie plus longue que les autres types de garnitures al\u00e9atoires.<\/p>\n<h2>Applications<\/h2>\n<ul>\n<li>Tours de distillation<\/li>\n<li>Tours d'absorption et de lavage<\/li>\n<li>Syst\u00e8mes de d\u00e9sorption et de r\u00e9g\u00e9n\u00e9ration<\/li>\n<li>Proc\u00e9d\u00e9s d'ing\u00e9nierie environnementale<\/li>\n<li>Installations de traitement du gaz et de traitement chimique<\/li>\n<\/ul>\n<p>Sa structure solide et sa conception avanc\u00e9e en font un choix privil\u00e9gi\u00e9 pour les \u00e9quipements de transfert de masse dans des secteurs tels que<br \/>\nle raffinage du p\u00e9trole, la production d'engrais chimiques et la lutte contre la pollution atmosph\u00e9rique.<\/p>\n<h2>Paquet<\/h2>\n<p>Pour garantir une livraison en toute s\u00e9curit\u00e9, les Metal Nutter Rings sont emball\u00e9s selon des m\u00e9thodes professionnelles, respectueuses de l'environnement et efficaces.<br \/>\nDes solutions d'emballage personnalis\u00e9es sont disponibles pour prot\u00e9ger les produits pendant le transport et le stockage.<\/p>","protected":false},"excerpt":{"rendered":"<p>L'anneau m\u00e9tallique Nutter a \u00e9t\u00e9 con\u00e7u par Dale Nutter en 1984 comme un nouveau type d'emballage al\u00e9atoire de haute performance. Il a une forme unique de selle avec des nervures renforc\u00e9es des deux c\u00f4t\u00e9s et plusieurs trous \u00e0 l'arri\u00e8re. Cette structure sp\u00e9ciale am\u00e9liore l'utilisation de la surface et renforce l'efficacit\u00e9 des processus de transfert de masse. Par rapport aux garnitures traditionnelles,...<\/p>","protected":false},"featured_media":0,"parent":0,"template":"","meta":{"_acf_changed":false,"_kad_blocks_custom_css":"","_kad_blocks_head_custom_js":"","_kad_blocks_body_custom_js":"","_kad_blocks_footer_custom_js":"","_kadence_starter_templates_imported_post":false,"_kad_post_transparent":"default","_kad_post_title":"","_kad_post_layout":"default","_kad_post_sidebar_id":"","_kad_post_content_style":"default","_kad_post_vertical_padding":"default","_kad_post_feature":"","_kad_post_feature_position":"","_kad_post_header":false,"_kad_post_footer":false},"pcategory":[22,23],"ptag":[],"class_list":["post-2976","product","type-product","status-publish","hentry","pcategory-random-packing","pcategory-metal-random-packing"],"acf":[],"yoast_head":"<!-- This site is optimized with the Yoast SEO plugin v27.4 - https:\/\/yoast.com\/product\/yoast-seo-wordpress\/ -->\n<title>Metal Nutter Ring<\/title>\n<meta name=\"robots\" content=\"index, follow, max-snippet:-1, max-image-preview:large, max-video-preview:-1\" \/>\n<link rel=\"canonical\" href=\"https:\/\/cpxzx.com\/fr\/produit\/anneau-en-metal\/\" \/>\n<meta property=\"og:locale\" content=\"fr_FR\" \/>\n<meta property=\"og:type\" content=\"article\" \/>\n<meta property=\"og:title\" content=\"Metal Nutter Ring\" \/>\n<meta property=\"og:description\" content=\"The Metal Nutter Ring was designed by Dale Nutter in 1984 as a new type of high-performance random packing. It has a unique saddle-shaped design with flanging reinforced ribs on both sides and several holes on the back. This special structure improves surface utilization and enhances efficiency in mass transfer processes. Compared with traditional packings,...\" \/>\n<meta property=\"og:url\" content=\"https:\/\/cpxzx.com\/fr\/produit\/anneau-en-metal\/\" \/>\n<meta property=\"og:site_name\" content=\"Cooling Tower Fill, China PVC Fills Manufacturer\" \/>\n<meta name=\"twitter:card\" content=\"summary_large_image\" \/>\n<meta name=\"twitter:label1\" content=\"Dur\u00e9e de lecture estim\u00e9e\" \/>\n\t<meta name=\"twitter:data1\" content=\"2 minutes\" \/>\n<script type=\"application\/ld+json\" class=\"yoast-schema-graph\">{\"@context\":\"https:\\\/\\\/schema.org\",\"@graph\":[{\"@type\":\"WebPage\",\"@id\":\"https:\\\/\\\/cpxzx.com\\\/product\\\/metal-nutter-ring\\\/\",\"url\":\"https:\\\/\\\/cpxzx.com\\\/product\\\/metal-nutter-ring\\\/\",\"name\":\"Metal Nutter Ring\",\"isPartOf\":{\"@id\":\"https:\\\/\\\/cpxzx.com\\\/#website\"},\"datePublished\":\"2025-09-10T09:30:16+00:00\",\"breadcrumb\":{\"@id\":\"https:\\\/\\\/cpxzx.com\\\/product\\\/metal-nutter-ring\\\/#breadcrumb\"},\"inLanguage\":\"fr-FR\",\"potentialAction\":[{\"@type\":\"ReadAction\",\"target\":[\"https:\\\/\\\/cpxzx.com\\\/product\\\/metal-nutter-ring\\\/\"]}]},{\"@type\":\"BreadcrumbList\",\"@id\":\"https:\\\/\\\/cpxzx.com\\\/product\\\/metal-nutter-ring\\\/#breadcrumb\",\"itemListElement\":[{\"@type\":\"ListItem\",\"position\":1,\"name\":\"Home\",\"item\":\"https:\\\/\\\/cpxzx.com\\\/\"},{\"@type\":\"ListItem\",\"position\":2,\"name\":\"Random Packing\",\"item\":\"https:\\\/\\\/cpxzx.com\\\/pcategory\\\/random-packing\\\/\"},{\"@type\":\"ListItem\",\"position\":3,\"name\":\"Metal Random Packing\",\"item\":\"https:\\\/\\\/cpxzx.com\\\/pcategory\\\/random-packing\\\/metal-random-packing\\\/\"},{\"@type\":\"ListItem\",\"position\":4,\"name\":\"Metal Nutter Ring(SS304, SS316, SS316L, SS410)\"}]},{\"@type\":\"WebSite\",\"@id\":\"https:\\\/\\\/cpxzx.com\\\/#website\",\"url\":\"https:\\\/\\\/cpxzx.com\\\/\",\"name\":\"Cooling Tower Fill, China PVC Fills Manufacturer\",\"description\":\"\",\"publisher\":{\"@id\":\"https:\\\/\\\/cpxzx.com\\\/#organization\"},\"potentialAction\":[{\"@type\":\"SearchAction\",\"target\":{\"@type\":\"EntryPoint\",\"urlTemplate\":\"https:\\\/\\\/cpxzx.com\\\/?s={search_term_string}\"},\"query-input\":{\"@type\":\"PropertyValueSpecification\",\"valueRequired\":true,\"valueName\":\"search_term_string\"}}],\"inLanguage\":\"fr-FR\"},{\"@type\":\"Organization\",\"@id\":\"https:\\\/\\\/cpxzx.com\\\/#organization\",\"name\":\"Cooling Tower Fill, China PVC Fills Manufacturer\",\"url\":\"https:\\\/\\\/cpxzx.com\\\/\",\"logo\":{\"@type\":\"ImageObject\",\"inLanguage\":\"fr-FR\",\"@id\":\"https:\\\/\\\/cpxzx.com\\\/#\\\/schema\\\/logo\\\/image\\\/\",\"url\":\"https:\\\/\\\/cpxzx.com\\\/wp-content\\\/uploads\\\/2025\\\/07\\\/1751628807-logo.png\",\"contentUrl\":\"https:\\\/\\\/cpxzx.com\\\/wp-content\\\/uploads\\\/2025\\\/07\\\/1751628807-logo.png\",\"width\":383,\"height\":87,\"caption\":\"Cooling Tower Fill, China PVC Fills Manufacturer\"},\"image\":{\"@id\":\"https:\\\/\\\/cpxzx.com\\\/#\\\/schema\\\/logo\\\/image\\\/\"}}]}<\/script>\n<!-- \/ Yoast SEO plugin. -->","yoast_head_json":{"title":"Anneau de m\u00e9tal Nutter","robots":{"index":"index","follow":"follow","max-snippet":"max-snippet:-1","max-image-preview":"max-image-preview:large","max-video-preview":"max-video-preview:-1"},"canonical":"https:\/\/cpxzx.com\/fr\/produit\/anneau-en-metal\/","og_locale":"fr_FR","og_type":"article","og_title":"Metal Nutter Ring","og_description":"The Metal Nutter Ring was designed by Dale Nutter in 1984 as a new type of high-performance random packing. It has a unique saddle-shaped design with flanging reinforced ribs on both sides and several holes on the back. This special structure improves surface utilization and enhances efficiency in mass transfer processes. Compared with traditional packings,...","og_url":"https:\/\/cpxzx.com\/fr\/produit\/anneau-en-metal\/","og_site_name":"Cooling Tower Fill, China PVC Fills Manufacturer","twitter_card":"summary_large_image","twitter_misc":{"Dur\u00e9e de lecture estim\u00e9e":"2 minutes"},"schema":{"@context":"https:\/\/schema.org","@graph":[{"@type":"WebPage","@id":"https:\/\/cpxzx.com\/product\/metal-nutter-ring\/","url":"https:\/\/cpxzx.com\/product\/metal-nutter-ring\/","name":"Anneau de m\u00e9tal Nutter","isPartOf":{"@id":"https:\/\/cpxzx.com\/#website"},"datePublished":"2025-09-10T09:30:16+00:00","breadcrumb":{"@id":"https:\/\/cpxzx.com\/product\/metal-nutter-ring\/#breadcrumb"},"inLanguage":"fr-FR","potentialAction":[{"@type":"ReadAction","target":["https:\/\/cpxzx.com\/product\/metal-nutter-ring\/"]}]},{"@type":"BreadcrumbList","@id":"https:\/\/cpxzx.com\/product\/metal-nutter-ring\/#breadcrumb","itemListElement":[{"@type":"ListItem","position":1,"name":"Home","item":"https:\/\/cpxzx.com\/"},{"@type":"ListItem","position":2,"name":"Random Packing","item":"https:\/\/cpxzx.com\/pcategory\/random-packing\/"},{"@type":"ListItem","position":3,"name":"Metal Random Packing","item":"https:\/\/cpxzx.com\/pcategory\/random-packing\/metal-random-packing\/"},{"@type":"ListItem","position":4,"name":"Metal Nutter Ring(SS304, SS316, SS316L, SS410)"}]},{"@type":"WebSite","@id":"https:\/\/cpxzx.com\/#website","url":"https:\/\/cpxzx.com\/","name":"Remplissage de tour de refroidissement, fabricant chinois de remplissages en PVC","description":"","publisher":{"@id":"https:\/\/cpxzx.com\/#organization"},"potentialAction":[{"@type":"SearchAction","target":{"@type":"EntryPoint","urlTemplate":"https:\/\/cpxzx.com\/?s={search_term_string}"},"query-input":{"@type":"PropertyValueSpecification","valueRequired":true,"valueName":"search_term_string"}}],"inLanguage":"fr-FR"},{"@type":"Organization","@id":"https:\/\/cpxzx.com\/#organization","name":"Remplissage de tour de refroidissement, fabricant chinois de remplissages en PVC","url":"https:\/\/cpxzx.com\/","logo":{"@type":"ImageObject","inLanguage":"fr-FR","@id":"https:\/\/cpxzx.com\/#\/schema\/logo\/image\/","url":"https:\/\/cpxzx.com\/wp-content\/uploads\/2025\/07\/1751628807-logo.png","contentUrl":"https:\/\/cpxzx.com\/wp-content\/uploads\/2025\/07\/1751628807-logo.png","width":383,"height":87,"caption":"Cooling Tower Fill, China PVC Fills Manufacturer"},"image":{"@id":"https:\/\/cpxzx.com\/#\/schema\/logo\/image\/"}}]}},"taxonomy_info":{"pcategory":[{"value":22,"label":"Random Packing"},{"value":23,"label":"Metal Random Packing"}]},"featured_image_src_large":false,"author_info":[],"comment_info":"","_links":{"self":[{"href":"https:\/\/cpxzx.com\/fr\/wp-json\/wp\/v2\/product\/2976","targetHints":{"allow":["GET"]}}],"collection":[{"href":"https:\/\/cpxzx.com\/fr\/wp-json\/wp\/v2\/product"}],"about":[{"href":"https:\/\/cpxzx.com\/fr\/wp-json\/wp\/v2\/types\/product"}],"wp:attachment":[{"href":"https:\/\/cpxzx.com\/fr\/wp-json\/wp\/v2\/media?parent=2976"}],"wp:term":[{"taxonomy":"pcategory","embeddable":true,"href":"https:\/\/cpxzx.com\/fr\/wp-json\/wp\/v2\/pcategory?post=2976"},{"taxonomy":"ptag","embeddable":true,"href":"https:\/\/cpxzx.com\/fr\/wp-json\/wp\/v2\/ptag?post=2976"}],"curies":[{"name":"wp","href":"https:\/\/api.w.org\/{rel}","templated":true}]}}