{"id":2972,"date":"2025-09-09T09:00:02","date_gmt":"2025-09-09T09:00:02","guid":{"rendered":"https:\/\/cpxzx.com\/?post_type=product&#038;p=2972"},"modified":"2025-09-07T07:19:57","modified_gmt":"2025-09-07T07:19:57","slug":"selle-metallique-intalox","status":"publish","type":"product","link":"https:\/\/cpxzx.com\/fr\/produit\/selle-metallique-intalox\/","title":{"rendered":"Selle m\u00e9tallique Intalox"},"content":{"rendered":"<p><strong>Selle m\u00e9tallique Intalox<\/strong> est un type de garniture al\u00e9atoire tr\u00e8s efficace con\u00e7u pour am\u00e9liorer les performances des tours \u00e0 garnissage dans les industries chimiques, p\u00e9trochimiques et environnementales. Il a d'abord \u00e9t\u00e9 d\u00e9velopp\u00e9 par Norton aux \u00c9tats-Unis et a depuis \u00e9t\u00e9 reconnu au niveau international comme l'un des garnissages de tour les plus efficaces qui soient.<\/p>\n<p>La structure de la selle m\u00e9tallique Intalox combine les avantages d'un anneau et d'une selle. Son corps en forme de selle avec des nervures annulaires suppl\u00e9mentaires offre une grande r\u00e9sistance m\u00e9canique, r\u00e9duit le risque de chevauchement et am\u00e9liore la rigidit\u00e9. Les petites griffes \u00e0 la surface cr\u00e9ent des turbulences, augmentent le contact gaz-liquide et renforcent l'efficacit\u00e9 du transfert de masse. Cette conception permet d'obtenir des performances de s\u00e9paration sup\u00e9rieures \u00e0 celles des garnitures traditionnelles telles que les anneaux de pall.<\/p>\n<p>L'utilisation de la selle m\u00e9tallique Intalox offre plusieurs avantages. La hauteur de la tour peut \u00eatre r\u00e9duite de 35%, le diam\u00e8tre de la colonne de 30% et l'efficacit\u00e9 am\u00e9lior\u00e9e de 10-30%. En outre, la chute de pression peut \u00eatre r\u00e9duite de 20 \u00e0 60%, ce qui diminue la consommation d'\u00e9nergie et r\u00e9duit les co\u00fbts d'exploitation. Des essais pilotes ont d\u00e9montr\u00e9 que l'adoption de la selle Metal Intalox dans les processus de distillation peut \u00e9galement r\u00e9duire l'investissement en capital d'environ 20%.<\/p>\n<p>La selle m\u00e9tallique Intalox peut \u00eatre fabriqu\u00e9e \u00e0 partir de diff\u00e9rents mat\u00e9riaux afin de s'adapter \u00e0 diff\u00e9rentes conditions de travail, notamment l'acier au carbone, l'acier inoxydable 304, 304L, 410, 316 et 316L. Cette flexibilit\u00e9 lui permet de s'adapter \u00e0 de nombreux types d'environnements corrosifs ou \u00e0 haute temp\u00e9rature.<\/p>\n<h2>Caract\u00e9ristiques<\/h2>\n<ul>\n<li>Excellente efficacit\u00e9 du transfert de masse avec une meilleure distribution du liquide et un renouvellement du film.<\/li>\n<li>La r\u00e9duction de la hauteur du lit emball\u00e9 r\u00e9duit la taille globale de la tour.<\/li>\n<li>Rapport r\u00e9sistance\/poids \u00e9lev\u00e9, adapt\u00e9 aux lits d'une hauteur maximale de 15 m\u00e8tres.<\/li>\n<li>L'emballage al\u00e9atoire uniforme garantit des performances constantes et pr\u00e9visibles.<\/li>\n<li>La conception des particules \u00e0 \u00e9coulement libre facilite l'installation et le retrait.<\/li>\n<li>Capacit\u00e9 \u00e9lev\u00e9e avec une faible perte de charge, m\u00eame dans les applications exigeantes.<\/li>\n<li>Une grande surface interfaciale am\u00e9liore les performances de s\u00e9paration.<\/li>\n<li>Disponibles dans de nombreux mat\u00e9riaux tels que l'acier au carbone, SS304, SS304L, SS410, SS316 et SS316L.<\/li>\n<\/ul>\n<h2>Sp\u00e9cifications<\/h2>\n<p>La forme de la selle m\u00e9tallique Intalox est un hybride unique d'anneau et de selle. Cet avantage structurel am\u00e9liore la distribution des gaz et des liquides \u00e0 l'int\u00e9rieur de la colonne et augmente le nombre de passages de gaz. Il en r\u00e9sulte une r\u00e9sistance moindre, un d\u00e9bit plus \u00e9lev\u00e9 et une efficacit\u00e9 accrue par rapport aux anneaux de pall. En raison de sa grande r\u00e9sistance et de sa durabilit\u00e9, il est consid\u00e9r\u00e9 comme l'une des garnitures al\u00e9atoires les plus utilis\u00e9es dans le monde.<\/p>\n<p>La selle m\u00e9tallique Intalox est fr\u00e9quemment utilis\u00e9e dans l'ing\u00e9nierie p\u00e9trochimique, la production d'engrais et les domaines de la protection de l'environnement. Elle est utilis\u00e9e dans les tours d'absorption, les tours de purification, les tours de lavage, les syst\u00e8mes de rectification et d'autres colonnes \u00e0 garnissage o\u00f9 une efficacit\u00e9 et une fiabilit\u00e9 \u00e9lev\u00e9es sont requises.<\/p>\n<h2>Param\u00e8tres techniques de la selle m\u00e9tallique Intalox<\/h2>\n<table border=\"1\" cellspacing=\"0\" cellpadding=\"6\">\n<tbody>\n<tr>\n<th>Taille (mm)<\/th>\n<th>Densit\u00e9 apparente (304, kg\/m\u00b3)<\/th>\n<th>Nombre (par m\u00b3)<\/th>\n<th>Surface (m\u00b2\/m\u00b3)<\/th>\n<th>Volume libre (%)<\/th>\n<th>Facteur de garnissage \u00e0 sec m-\u00b9<\/th>\n<\/tr>\n<tr>\n<td>15mm 16.5*10.6*0.3<\/td>\n<td>263<\/td>\n<td>324110<\/td>\n<td>275<\/td>\n<td>96.7<\/td>\n<td>304.9<\/td>\n<\/tr>\n<tr>\n<td>25mm 25.9*12.6*0.3<\/td>\n<td>192<\/td>\n<td>127180<\/td>\n<td>344<\/td>\n<td>95.5<\/td>\n<td>393.2<\/td>\n<\/tr>\n<tr>\n<td>40mm 35.4*18.8*0.3<\/td>\n<td>146<\/td>\n<td>51180<\/td>\n<td>151<\/td>\n<td>98.1<\/td>\n<td>159.7<\/td>\n<\/tr>\n<tr>\n<td>50mm 48.5*28.6*0.3<\/td>\n<td>95<\/td>\n<td>15550<\/td>\n<td>97<\/td>\n<td>98.8<\/td>\n<td>101.0<\/td>\n<\/tr>\n<tr>\n<td>50mm 48.5*28.6*0.4<\/td>\n<td>132<\/td>\n<td>15550<\/td>\n<td>97<\/td>\n<td>98.3<\/td>\n<td>102.5<\/td>\n<\/tr>\n<tr>\n<td>60mm 67*37*0.4<\/td>\n<td>113<\/td>\n<td>9000<\/td>\n<td>84<\/td>\n<td>98.6<\/td>\n<td>87.3<\/td>\n<\/tr>\n<tr>\n<td>60mm 67*37*0.5<\/td>\n<td>145<\/td>\n<td>9000<\/td>\n<td>84<\/td>\n<td>98.2<\/td>\n<td>88.4<\/td>\n<\/tr>\n<tr>\n<td>70mm 76.5*42.5*0.4<\/td>\n<td>83<\/td>\n<td>4690<\/td>\n<td>61<\/td>\n<td>99.0<\/td>\n<td>62.9<\/td>\n<\/tr>\n<\/tbody>\n<\/table>\n<h2>Avantages<\/h2>\n<ul>\n<li>Emballage al\u00e9atoire polyvalent convenant aux syst\u00e8mes de distillation, d'absorption, de stripping, de r\u00e9g\u00e9n\u00e9ration et de d\u00e9sorption.<\/li>\n<li>Applicable dans les tours \u00e0 vide profond et les colonnes \u00e0 haute pression.<\/li>\n<li>Utilisation sup\u00e9rieure de la surface et grande souplesse d'utilisation.<\/li>\n<li>Grande capacit\u00e9 et faible perte de charge par rapport aux plateaux conventionnels.<\/li>\n<li>Le fonctionnement stable r\u00e9duit la consommation d'\u00e9nergie et les co\u00fbts d'exploitation.<\/li>\n<li>Une grande fiabilit\u00e9 garantit une longue dur\u00e9e de vie et des performances de s\u00e9paration constantes.<\/li>\n<\/ul>\n<h2>Application<\/h2>\n<p>La selle Metal Intalox est largement utilis\u00e9e dans un large \u00e9ventail d'industries en raison de son efficacit\u00e9 et de son adaptabilit\u00e9 sup\u00e9rieures. Dans les usines p\u00e9trochimiques, elle est utilis\u00e9e dans les syst\u00e8mes de s\u00e9paration et de purification. Dans le traitement des gaz, elle est utilis\u00e9e pour les op\u00e9rations d'absorption et de d\u00e9sorption. On le trouve \u00e9galement dans les tours de rectification et de distillation pour les processus de raffinage. Dans le domaine de l'ing\u00e9nierie environnementale, il est utilis\u00e9 dans les tours d'\u00e9puration et les syst\u00e8mes de traitement des gaz d'\u00e9chappement. En outre, la selle Metal Intalox est un composant essentiel dans la production d'engrais et le traitement chimique o\u00f9 une efficacit\u00e9 fiable du transfert de masse est requise.<\/p>\n<h2>Paquet<\/h2>\n<p>La selle m\u00e9tallique Intalox est emball\u00e9e dans des sacs tiss\u00e9s durables, des sacs jumbo ou des emballages personnalis\u00e9s pour r\u00e9pondre aux besoins des clients. L'emballage est con\u00e7u pour prot\u00e9ger l'emballage contre les dommages pendant le transport et la manutention. Il permet \u00e9galement un stockage facile et une installation s\u00fbre sur le site du projet. Un emballage sp\u00e9cial pour l'exportation peut \u00eatre fourni pour les envois \u00e0 l'\u00e9tranger afin de garantir l'int\u00e9grit\u00e9 du produit \u00e0 la livraison.<\/p>","protected":false},"excerpt":{"rendered":"<p>Le m\u00e9tal Intalox Saddle est un type efficace de garniture al\u00e9atoire largement utilis\u00e9 dans les industries chimiques, p\u00e9trochimiques et environnementales. Sa conception unique en forme de selle avec des nervures ajout\u00e9es lui conf\u00e8re une grande r\u00e9sistance, une faible perte de charge et d'excellentes performances en mati\u00e8re de transfert de masse. Par rapport aux garnitures traditionnelles, il offre une plus grande capacit\u00e9, une hauteur de tour plus courte et une meilleure efficacit\u00e9 de s\u00e9paration. La selle m\u00e9tallique Intalox est disponible dans des mat\u00e9riaux tels que l'acier au carbone, SS304, SS316 et autres, ce qui la rend adapt\u00e9e \u00e0 une large gamme d'applications, y compris les processus de distillation, d'absorption et de purification.<\/p>","protected":false},"featured_media":2973,"parent":0,"template":"","meta":{"_acf_changed":false,"_kad_blocks_custom_css":"","_kad_blocks_head_custom_js":"","_kad_blocks_body_custom_js":"","_kad_blocks_footer_custom_js":"","_kadence_starter_templates_imported_post":false,"_kad_post_transparent":"default","_kad_post_title":"","_kad_post_layout":"default","_kad_post_sidebar_id":"","_kad_post_content_style":"default","_kad_post_vertical_padding":"default","_kad_post_feature":"","_kad_post_feature_position":"","_kad_post_header":false,"_kad_post_footer":false},"pcategory":[22,23],"ptag":[],"class_list":["post-2972","product","type-product","status-publish","has-post-thumbnail","hentry","pcategory-random-packing","pcategory-metal-random-packing"],"acf":[],"yoast_head":"<!-- This site is optimized with the Yoast SEO plugin v27.4 - https:\/\/yoast.com\/product\/yoast-seo-wordpress\/ -->\n<title>Metal Intalox Saddle<\/title>\n<meta name=\"robots\" content=\"index, follow, max-snippet:-1, max-image-preview:large, max-video-preview:-1\" \/>\n<link rel=\"canonical\" href=\"https:\/\/cpxzx.com\/fr\/produit\/selle-metallique-intalox\/\" \/>\n<meta property=\"og:locale\" content=\"fr_FR\" \/>\n<meta property=\"og:type\" content=\"article\" \/>\n<meta property=\"og:title\" content=\"Metal Intalox Saddle\" \/>\n<meta property=\"og:description\" content=\"Metal Intalox Saddle is an efficient type of random packing widely used in chemical, petrochemical, and environmental industries. Its unique saddle-shaped design with added ribs provides high strength, low pressure drop, and excellent mass transfer performance. Compared with traditional packings, it offers higher capacity, shorter tower height, and improved separation efficiency. Metal Intalox Saddle is available in materials such as carbon steel, SS304, SS316, and others, making it suitable for a wide range of applications including distillation, absorption, and purification processes.\" \/>\n<meta property=\"og:url\" content=\"https:\/\/cpxzx.com\/fr\/produit\/selle-metallique-intalox\/\" \/>\n<meta property=\"og:site_name\" content=\"Cooling Tower Fill, China PVC Fills Manufacturer\" \/>\n<meta property=\"og:image\" content=\"https:\/\/cpxzx.com\/wp-content\/uploads\/2025\/09\/Metal-Intalox-Saddle.jpg\" \/>\n\t<meta property=\"og:image:width\" content=\"550\" \/>\n\t<meta property=\"og:image:height\" content=\"550\" \/>\n\t<meta property=\"og:image:type\" content=\"image\/jpeg\" \/>\n<meta name=\"twitter:card\" content=\"summary_large_image\" \/>\n<meta name=\"twitter:label1\" content=\"Dur\u00e9e de lecture estim\u00e9e\" \/>\n\t<meta name=\"twitter:data1\" content=\"4 minutes\" \/>\n<script type=\"application\/ld+json\" class=\"yoast-schema-graph\">{\"@context\":\"https:\\\/\\\/schema.org\",\"@graph\":[{\"@type\":\"WebPage\",\"@id\":\"https:\\\/\\\/cpxzx.com\\\/product\\\/metal-intalox-saddle\\\/\",\"url\":\"https:\\\/\\\/cpxzx.com\\\/product\\\/metal-intalox-saddle\\\/\",\"name\":\"Metal Intalox Saddle\",\"isPartOf\":{\"@id\":\"https:\\\/\\\/cpxzx.com\\\/#website\"},\"primaryImageOfPage\":{\"@id\":\"https:\\\/\\\/cpxzx.com\\\/product\\\/metal-intalox-saddle\\\/#primaryimage\"},\"image\":{\"@id\":\"https:\\\/\\\/cpxzx.com\\\/product\\\/metal-intalox-saddle\\\/#primaryimage\"},\"thumbnailUrl\":\"https:\\\/\\\/cpxzx.com\\\/wp-content\\\/uploads\\\/2025\\\/09\\\/Metal-Intalox-Saddle.jpg\",\"datePublished\":\"2025-09-09T09:00:02+00:00\",\"breadcrumb\":{\"@id\":\"https:\\\/\\\/cpxzx.com\\\/product\\\/metal-intalox-saddle\\\/#breadcrumb\"},\"inLanguage\":\"fr-FR\",\"potentialAction\":[{\"@type\":\"ReadAction\",\"target\":[\"https:\\\/\\\/cpxzx.com\\\/product\\\/metal-intalox-saddle\\\/\"]}]},{\"@type\":\"ImageObject\",\"inLanguage\":\"fr-FR\",\"@id\":\"https:\\\/\\\/cpxzx.com\\\/product\\\/metal-intalox-saddle\\\/#primaryimage\",\"url\":\"https:\\\/\\\/cpxzx.com\\\/wp-content\\\/uploads\\\/2025\\\/09\\\/Metal-Intalox-Saddle.jpg\",\"contentUrl\":\"https:\\\/\\\/cpxzx.com\\\/wp-content\\\/uploads\\\/2025\\\/09\\\/Metal-Intalox-Saddle.jpg\",\"width\":550,\"height\":550,\"caption\":\"Metal Intalox Saddle\"},{\"@type\":\"BreadcrumbList\",\"@id\":\"https:\\\/\\\/cpxzx.com\\\/product\\\/metal-intalox-saddle\\\/#breadcrumb\",\"itemListElement\":[{\"@type\":\"ListItem\",\"position\":1,\"name\":\"Home\",\"item\":\"https:\\\/\\\/cpxzx.com\\\/\"},{\"@type\":\"ListItem\",\"position\":2,\"name\":\"Random Packing\",\"item\":\"https:\\\/\\\/cpxzx.com\\\/pcategory\\\/random-packing\\\/\"},{\"@type\":\"ListItem\",\"position\":3,\"name\":\"Metal Random Packing\",\"item\":\"https:\\\/\\\/cpxzx.com\\\/pcategory\\\/random-packing\\\/metal-random-packing\\\/\"},{\"@type\":\"ListItem\",\"position\":4,\"name\":\"Metal Intalox Saddle\"}]},{\"@type\":\"WebSite\",\"@id\":\"https:\\\/\\\/cpxzx.com\\\/#website\",\"url\":\"https:\\\/\\\/cpxzx.com\\\/\",\"name\":\"Cooling Tower Fill, China PVC Fills Manufacturer\",\"description\":\"\",\"publisher\":{\"@id\":\"https:\\\/\\\/cpxzx.com\\\/#organization\"},\"potentialAction\":[{\"@type\":\"SearchAction\",\"target\":{\"@type\":\"EntryPoint\",\"urlTemplate\":\"https:\\\/\\\/cpxzx.com\\\/?s={search_term_string}\"},\"query-input\":{\"@type\":\"PropertyValueSpecification\",\"valueRequired\":true,\"valueName\":\"search_term_string\"}}],\"inLanguage\":\"fr-FR\"},{\"@type\":\"Organization\",\"@id\":\"https:\\\/\\\/cpxzx.com\\\/#organization\",\"name\":\"Cooling Tower Fill, China PVC Fills Manufacturer\",\"url\":\"https:\\\/\\\/cpxzx.com\\\/\",\"logo\":{\"@type\":\"ImageObject\",\"inLanguage\":\"fr-FR\",\"@id\":\"https:\\\/\\\/cpxzx.com\\\/#\\\/schema\\\/logo\\\/image\\\/\",\"url\":\"https:\\\/\\\/cpxzx.com\\\/wp-content\\\/uploads\\\/2025\\\/07\\\/1751628807-logo.png\",\"contentUrl\":\"https:\\\/\\\/cpxzx.com\\\/wp-content\\\/uploads\\\/2025\\\/07\\\/1751628807-logo.png\",\"width\":383,\"height\":87,\"caption\":\"Cooling Tower Fill, China PVC Fills Manufacturer\"},\"image\":{\"@id\":\"https:\\\/\\\/cpxzx.com\\\/#\\\/schema\\\/logo\\\/image\\\/\"}}]}<\/script>\n<!-- \/ Yoast SEO plugin. -->","yoast_head_json":{"title":"Selle m\u00e9tallique Intalox","robots":{"index":"index","follow":"follow","max-snippet":"max-snippet:-1","max-image-preview":"max-image-preview:large","max-video-preview":"max-video-preview:-1"},"canonical":"https:\/\/cpxzx.com\/fr\/produit\/selle-metallique-intalox\/","og_locale":"fr_FR","og_type":"article","og_title":"Metal Intalox Saddle","og_description":"Metal Intalox Saddle is an efficient type of random packing widely used in chemical, petrochemical, and environmental industries. Its unique saddle-shaped design with added ribs provides high strength, low pressure drop, and excellent mass transfer performance. Compared with traditional packings, it offers higher capacity, shorter tower height, and improved separation efficiency. Metal Intalox Saddle is available in materials such as carbon steel, SS304, SS316, and others, making it suitable for a wide range of applications including distillation, absorption, and purification processes.","og_url":"https:\/\/cpxzx.com\/fr\/produit\/selle-metallique-intalox\/","og_site_name":"Cooling Tower Fill, China PVC Fills Manufacturer","og_image":[{"width":550,"height":550,"url":"https:\/\/cpxzx.com\/wp-content\/uploads\/2025\/09\/Metal-Intalox-Saddle.jpg","type":"image\/jpeg"}],"twitter_card":"summary_large_image","twitter_misc":{"Dur\u00e9e de lecture estim\u00e9e":"4 minutes"},"schema":{"@context":"https:\/\/schema.org","@graph":[{"@type":"WebPage","@id":"https:\/\/cpxzx.com\/product\/metal-intalox-saddle\/","url":"https:\/\/cpxzx.com\/product\/metal-intalox-saddle\/","name":"Selle m\u00e9tallique Intalox","isPartOf":{"@id":"https:\/\/cpxzx.com\/#website"},"primaryImageOfPage":{"@id":"https:\/\/cpxzx.com\/product\/metal-intalox-saddle\/#primaryimage"},"image":{"@id":"https:\/\/cpxzx.com\/product\/metal-intalox-saddle\/#primaryimage"},"thumbnailUrl":"https:\/\/cpxzx.com\/wp-content\/uploads\/2025\/09\/Metal-Intalox-Saddle.jpg","datePublished":"2025-09-09T09:00:02+00:00","breadcrumb":{"@id":"https:\/\/cpxzx.com\/product\/metal-intalox-saddle\/#breadcrumb"},"inLanguage":"fr-FR","potentialAction":[{"@type":"ReadAction","target":["https:\/\/cpxzx.com\/product\/metal-intalox-saddle\/"]}]},{"@type":"ImageObject","inLanguage":"fr-FR","@id":"https:\/\/cpxzx.com\/product\/metal-intalox-saddle\/#primaryimage","url":"https:\/\/cpxzx.com\/wp-content\/uploads\/2025\/09\/Metal-Intalox-Saddle.jpg","contentUrl":"https:\/\/cpxzx.com\/wp-content\/uploads\/2025\/09\/Metal-Intalox-Saddle.jpg","width":550,"height":550,"caption":"Metal Intalox Saddle"},{"@type":"BreadcrumbList","@id":"https:\/\/cpxzx.com\/product\/metal-intalox-saddle\/#breadcrumb","itemListElement":[{"@type":"ListItem","position":1,"name":"Home","item":"https:\/\/cpxzx.com\/"},{"@type":"ListItem","position":2,"name":"Random Packing","item":"https:\/\/cpxzx.com\/pcategory\/random-packing\/"},{"@type":"ListItem","position":3,"name":"Metal Random Packing","item":"https:\/\/cpxzx.com\/pcategory\/random-packing\/metal-random-packing\/"},{"@type":"ListItem","position":4,"name":"Metal Intalox Saddle"}]},{"@type":"WebSite","@id":"https:\/\/cpxzx.com\/#website","url":"https:\/\/cpxzx.com\/","name":"Remplissage de tour de refroidissement, fabricant chinois de remplissages en PVC","description":"","publisher":{"@id":"https:\/\/cpxzx.com\/#organization"},"potentialAction":[{"@type":"SearchAction","target":{"@type":"EntryPoint","urlTemplate":"https:\/\/cpxzx.com\/?s={search_term_string}"},"query-input":{"@type":"PropertyValueSpecification","valueRequired":true,"valueName":"search_term_string"}}],"inLanguage":"fr-FR"},{"@type":"Organization","@id":"https:\/\/cpxzx.com\/#organization","name":"Remplissage de tour de refroidissement, fabricant chinois de remplissages en PVC","url":"https:\/\/cpxzx.com\/","logo":{"@type":"ImageObject","inLanguage":"fr-FR","@id":"https:\/\/cpxzx.com\/#\/schema\/logo\/image\/","url":"https:\/\/cpxzx.com\/wp-content\/uploads\/2025\/07\/1751628807-logo.png","contentUrl":"https:\/\/cpxzx.com\/wp-content\/uploads\/2025\/07\/1751628807-logo.png","width":383,"height":87,"caption":"Cooling Tower Fill, China PVC Fills Manufacturer"},"image":{"@id":"https:\/\/cpxzx.com\/#\/schema\/logo\/image\/"}}]}},"taxonomy_info":{"pcategory":[{"value":22,"label":"Random Packing"},{"value":23,"label":"Metal Random Packing"}]},"featured_image_src_large":["https:\/\/cpxzx.com\/wp-content\/uploads\/2025\/09\/Metal-Intalox-Saddle.jpg",550,550,false],"author_info":[],"comment_info":"","_links":{"self":[{"href":"https:\/\/cpxzx.com\/fr\/wp-json\/wp\/v2\/product\/2972","targetHints":{"allow":["GET"]}}],"collection":[{"href":"https:\/\/cpxzx.com\/fr\/wp-json\/wp\/v2\/product"}],"about":[{"href":"https:\/\/cpxzx.com\/fr\/wp-json\/wp\/v2\/types\/product"}],"wp:featuredmedia":[{"embeddable":true,"href":"https:\/\/cpxzx.com\/fr\/wp-json\/wp\/v2\/media\/2973"}],"wp:attachment":[{"href":"https:\/\/cpxzx.com\/fr\/wp-json\/wp\/v2\/media?parent=2972"}],"wp:term":[{"taxonomy":"pcategory","embeddable":true,"href":"https:\/\/cpxzx.com\/fr\/wp-json\/wp\/v2\/pcategory?post=2972"},{"taxonomy":"ptag","embeddable":true,"href":"https:\/\/cpxzx.com\/fr\/wp-json\/wp\/v2\/ptag?post=2972"}],"curies":[{"name":"wp","href":"https:\/\/api.w.org\/{rel}","templated":true}]}}