{"id":2943,"date":"2025-09-03T07:52:11","date_gmt":"2025-09-03T07:52:11","guid":{"rendered":"https:\/\/cpxzx.com\/?post_type=product&#038;p=2943"},"modified":"2025-09-03T08:05:28","modified_gmt":"2025-09-03T08:05:28","slug":"metal-teller-rosette-ring","status":"publish","type":"product","link":"https:\/\/cpxzx.com\/fr\/produit\/metal-teller-rosette-ring\/","title":{"rendered":"Ss304 SS316 Metal Teller Rosette Ring"},"content":{"rendered":"<p><strong>Bague \u00e0 rosette en m\u00e9tal<\/strong> est constitu\u00e9 de nombreux cirques enlac\u00e9s, estampill\u00e9s d'une fine feuille de m\u00e9tal et \u00e9tir\u00e9s dans une maille de calandrage sp\u00e9cifique. La surface forme un maillage r\u00e9gulier en forme de losange. Gr\u00e2ce \u00e0 sa structure sp\u00e9ciale, il pr\u00e9sente les avantages d'un stockage \u00e9lev\u00e9 de liquide, d'un grand vide, d'une faible perte de charge, d'un contact gaz-liquide suffisant, d'un faible poids et d'une excellente efficacit\u00e9.<\/p>\n<p>En tant que fabricant de premier plan d'anneaux m\u00e9talliques al\u00e9atoires, nous proposons une large gamme d'anneaux de rosette en acier inoxydable ou en acier au carbone de qualit\u00e9. Ce produit est con\u00e7u avec pr\u00e9cision \u00e0 partir d'une t\u00f4le de qualit\u00e9 sup\u00e9rieure, m\u00e9ticuleusement estamp\u00e9e et \u00e9tir\u00e9e pour obtenir une forme tr\u00e8s performante. Avec sa surface \u00e0 mailles losanges et sa configuration ondul\u00e9e, il offre une polyvalence et une r\u00e9silience exceptionnelles.<\/p>\n<p>Fabriqu\u00e9 \u00e0 partir de mat\u00e9riaux de premi\u00e8re qualit\u00e9, notamment l'acier inoxydable, l'acier au carbone, l'aluminium, le cuivre et le titane, le Metal Teller Rosette Ring offre une r\u00e9sistance exceptionnelle \u00e0 la corrosion. Il est largement utilis\u00e9 dans les applications d'absorption, de purification et de refroidissement des gaz. Des variantes en m\u00e9tal et en plastique sont disponibles, l'option plastique \u00e9tant souvent utilis\u00e9e dans les tours de lavage et de purification des gaz.<\/p>\n<h2>Caract\u00e9ristiques<\/h2>\n<ul>\n<li>Mat\u00e9riaux : Acier au carbone, acier inoxydable, cuivre, aluminium, titane, etc.<\/li>\n<li>Point d'inondation \u00e9lev\u00e9<\/li>\n<li>Force de broyage \u00e9lev\u00e9e et facilit\u00e9 d'utilisation<\/li>\n<li>Capacit\u00e9 de chargement \u00e9lev\u00e9e<\/li>\n<li>Efficacit\u00e9 de s\u00e9paration \u00e9lev\u00e9e<\/li>\n<\/ul>\n<h2>Sp\u00e9cifications<\/h2>\n<p>La structure \u00e0 anneaux multiples du Metal Teller Rosette Ring assure une forte r\u00e9tention du liquide, qui reste ainsi plus longtemps \u00e0 l'int\u00e9rieur de la garniture. Le temps de contact entre le gaz et le liquide s'en trouve augment\u00e9, ce qui accro\u00eet l'efficacit\u00e9 du transfert. Il peut \u00eatre largement utilis\u00e9 dans les tours de lavage, les tours de refroidissement, les tours de d\u00e9sulfuration, les d\u00e9gazeurs, les tours de s\u00e9chage, les tours de d\u00e9carbonisation et les installations de traitement des eaux us\u00e9es.<\/p>\n<table border=\"1\" cellspacing=\"0\" cellpadding=\"6\">\n<tbody>\n<tr>\n<th>Taille (pouces)<\/th>\n<th>Taille (mm)<\/th>\n<th>Nombre (par m\u00b3)<\/th>\n<th>Surface (m\u00b2\/m\u00b3)<\/th>\n<th>Volume libre (%)<\/th>\n<\/tr>\n<tr>\n<td>2\"<\/td>\n<td>50 \u00d7 25 \u00d7 0.8<\/td>\n<td>19180<\/td>\n<td>112.8<\/td>\n<td>96.2<\/td>\n<\/tr>\n<tr>\n<td>3\"<\/td>\n<td>75 \u00d7 75 \u00d7 1.0<\/td>\n<td>5460<\/td>\n<td>64.1<\/td>\n<td>97.3<\/td>\n<\/tr>\n<tr>\n<td>4\"<\/td>\n<td>100 \u00d7 45 \u00d7 1.2<\/td>\n<td>2520<\/td>\n<td>53.4<\/td>\n<td>97.3<\/td>\n<\/tr>\n<\/tbody>\n<\/table>\n<h2>Avantages<\/h2>\n<p>Le Metal Teller Rosette Ring a la forme \u00e9l\u00e9gante d'une ellipse et se compose de cercles entrelac\u00e9s de mani\u00e8re complexe. Sa conception garantit une r\u00e9tention exceptionnelle du liquide \u00e0 l'int\u00e9rieur des vides de remplissage, ce qui prolonge consid\u00e9rablement le temps d'interaction gaz-liquide et am\u00e9liore l'efficacit\u00e9 du transfert. Il offre un espace vide remarquable, une chute de pression minimale, un contact gaz-liquide optimal et une structure l\u00e9g\u00e8re. Ces avantages en font l'un des types d'emballage al\u00e9atoire les plus efficaces.<\/p>\n<h2>Applications<\/h2>\n<p>Le Metal Teller Rosette Ring est largement utilis\u00e9 dans le traitement chimique, le raffinage du p\u00e9trole, la protection de l'environnement et le traitement des eaux us\u00e9es. Il est particuli\u00e8rement adapt\u00e9 \u00e0 l'absorption de gaz, au refroidissement, \u00e0 la purification, \u00e0 la d\u00e9sulfuration, au s\u00e9chage et aux processus de d\u00e9capage dans les tours \u00e0 garnissage.<\/p>\n<h2>Paquet<\/h2>\n<p>Les anneaux de rosette en m\u00e9tal sont emball\u00e9s dans des sacs tiss\u00e9s solides, des cartons ou des sacs g\u00e9ants. L'emballage peut \u00eatre personnalis\u00e9 en fonction des exigences du client afin de garantir une livraison s\u00fbre et une manipulation ais\u00e9e.<\/p>\n<h2>FAQ - Bague \u00e0 rosette en m\u00e9tal<\/h2>\n<h2>Q1 : \u00c0 quoi sert une bague \u00e0 rosette pour distributeur de m\u00e9taux ?<\/h2>\n<p>Il est utilis\u00e9 pour l'absorption de gaz, la distillation, le refroidissement et les processus de purification. Les applications comprennent les tours chimiques, les tours de refroidissement, les syst\u00e8mes de d\u00e9sulfuration et les installations de traitement des eaux us\u00e9es.<\/p>\n<h2>Q2 : Quels sont les mat\u00e9riaux disponibles pour la bague rosette Metal Teller ?<\/h2>\n<p>Il peut \u00eatre fabriqu\u00e9 en acier inoxydable, en acier au carbone, en cuivre, en aluminium et en titane. L'acier inoxydable est le plus courant en raison de sa r\u00e9sistance \u00e0 la corrosion, tandis que le titane convient aux temp\u00e9ratures \u00e9lev\u00e9es et aux environnements acides.<\/p>\n<h2>Q3 : Quels sont les avantages par rapport \u00e0 l'anneau Pall ou \u00e0 l'anneau Raschig ?<\/h2>\n<p>Par rapport \u00e0 l'emballage al\u00e9atoire traditionnel, le Metal Teller Rosette Ring offre un vide plus important, une chute de pression plus faible, une meilleure r\u00e9tention des liquides et un temps de contact gaz-liquide plus long. Cela permet d'am\u00e9liorer l'efficacit\u00e9 du transfert de masse et de r\u00e9aliser des \u00e9conomies d'\u00e9nergie.<\/p>\n<h2>Q4 : Comment la structure am\u00e9liore-t-elle l'efficacit\u00e9 ?<\/h2>\n<p>Les cercles interconnect\u00e9s et la surface de la maille en diamant augmentent la surface, am\u00e9liorent la distribution des liquides et emp\u00eachent le colmatage, ce qui garantit une interaction gaz-liquide efficace.<\/p>\n<h2>Q5 : O\u00f9 puis-je acheter une bague rosette en m\u00e9tal de haute qualit\u00e9 ?<\/h2>\n<p>Nous sommes un fabricant professionnel qui propose des bagues \u00e0 rosettes en m\u00e9tal dans diff\u00e9rentes tailles et diff\u00e9rents mat\u00e9riaux. Nous proposons des solutions personnalis\u00e9es, une qualit\u00e9 fiable, des prix comp\u00e9titifs et des livraisons dans le monde entier.<\/p>","protected":false},"excerpt":{"rendered":"<p>Le Metal Teller Rosette Ring est un emballage al\u00e9atoire \u00e0 haut rendement fabriqu\u00e9 \u00e0 partir d'une fine feuille de m\u00e9tal estamp\u00e9e et \u00e9tir\u00e9e en une structure \u00e0 mailles de diamant de cercles interconnect\u00e9s. Avec un stockage \u00e9lev\u00e9 de liquide, un grand vide, une faible perte de charge, un excellent contact gaz-liquide et une grande l\u00e9g\u00e8ret\u00e9, il est largement utilis\u00e9 dans les processus d'absorption, de distillation, de purification et d'environnement. Disponible en acier inoxydable, en acier au carbone et dans d'autres mat\u00e9riaux, cette garniture de pr\u00e9cision offre une r\u00e9sistance sup\u00e9rieure \u00e0 la corrosion et convient aux tours de lavage des gaz, aux tours de refroidissement, aux syst\u00e8mes de d\u00e9sulfuration et aux applications de traitement des eaux us\u00e9es.<\/p>","protected":false},"featured_media":2944,"parent":0,"template":"","meta":{"_acf_changed":false,"_kad_blocks_custom_css":"","_kad_blocks_head_custom_js":"","_kad_blocks_body_custom_js":"","_kad_blocks_footer_custom_js":"","_kadence_starter_templates_imported_post":false,"_kad_post_transparent":"default","_kad_post_title":"","_kad_post_layout":"default","_kad_post_sidebar_id":"","_kad_post_content_style":"default","_kad_post_vertical_padding":"default","_kad_post_feature":"","_kad_post_feature_position":"","_kad_post_header":false,"_kad_post_footer":false},"pcategory":[22,23],"ptag":[],"class_list":["post-2943","product","type-product","status-publish","has-post-thumbnail","hentry","pcategory-random-packing","pcategory-metal-random-packing"],"acf":[],"yoast_head":"<!-- This site is optimized with the Yoast SEO plugin v27.4 - https:\/\/yoast.com\/product\/yoast-seo-wordpress\/ -->\n<title>Metal Teller Rosette Ring<\/title>\n<meta name=\"robots\" content=\"index, follow, max-snippet:-1, max-image-preview:large, max-video-preview:-1\" \/>\n<link rel=\"canonical\" href=\"https:\/\/cpxzx.com\/fr\/produit\/metal-teller-rosette-ring\/\" \/>\n<meta property=\"og:locale\" content=\"fr_FR\" \/>\n<meta property=\"og:type\" content=\"article\" \/>\n<meta property=\"og:title\" content=\"Metal Teller Rosette Ring\" \/>\n<meta property=\"og:description\" content=\"Metal Teller Rosette Ring is a high-efficiency random packing made from thin sheet metal stamped and stretched into a diamond-mesh structure of interconnected circles. With high liquid storage, large voidage, low pressure drop, excellent gas\u2013liquid contact, and lightweight performance, it is widely used in absorption, distillation, purification, and environmental processes. Available in stainless steel, carbon steel, and other materials, this precision-engineered packing offers superior corrosion resistance and is suitable for gas washing towers, cooling towers, desulphurization systems, and wastewater treatment applications.\" \/>\n<meta property=\"og:url\" content=\"https:\/\/cpxzx.com\/fr\/produit\/metal-teller-rosette-ring\/\" \/>\n<meta property=\"og:site_name\" content=\"Cooling Tower Fill, China PVC Fills Manufacturer\" \/>\n<meta property=\"article:modified_time\" content=\"2025-09-03T08:05:28+00:00\" \/>\n<meta property=\"og:image\" content=\"https:\/\/cpxzx.com\/wp-content\/uploads\/2025\/09\/Metal-Teller-Rosette-Ring.jpg\" \/>\n\t<meta property=\"og:image:width\" content=\"550\" \/>\n\t<meta property=\"og:image:height\" content=\"550\" \/>\n\t<meta property=\"og:image:type\" content=\"image\/jpeg\" \/>\n<meta name=\"twitter:card\" content=\"summary_large_image\" \/>\n<meta name=\"twitter:label1\" content=\"Dur\u00e9e de lecture estim\u00e9e\" \/>\n\t<meta name=\"twitter:data1\" content=\"3 minutes\" \/>\n<script type=\"application\/ld+json\" class=\"yoast-schema-graph\">{\"@context\":\"https:\\\/\\\/schema.org\",\"@graph\":[{\"@type\":\"WebPage\",\"@id\":\"https:\\\/\\\/cpxzx.com\\\/product\\\/metal-teller-rosette-ring\\\/\",\"url\":\"https:\\\/\\\/cpxzx.com\\\/product\\\/metal-teller-rosette-ring\\\/\",\"name\":\"Metal Teller Rosette Ring\",\"isPartOf\":{\"@id\":\"https:\\\/\\\/cpxzx.com\\\/#website\"},\"primaryImageOfPage\":{\"@id\":\"https:\\\/\\\/cpxzx.com\\\/product\\\/metal-teller-rosette-ring\\\/#primaryimage\"},\"image\":{\"@id\":\"https:\\\/\\\/cpxzx.com\\\/product\\\/metal-teller-rosette-ring\\\/#primaryimage\"},\"thumbnailUrl\":\"https:\\\/\\\/cpxzx.com\\\/wp-content\\\/uploads\\\/2025\\\/09\\\/Metal-Teller-Rosette-Ring.jpg\",\"datePublished\":\"2025-09-03T07:52:11+00:00\",\"dateModified\":\"2025-09-03T08:05:28+00:00\",\"breadcrumb\":{\"@id\":\"https:\\\/\\\/cpxzx.com\\\/product\\\/metal-teller-rosette-ring\\\/#breadcrumb\"},\"inLanguage\":\"fr-FR\",\"potentialAction\":[{\"@type\":\"ReadAction\",\"target\":[\"https:\\\/\\\/cpxzx.com\\\/product\\\/metal-teller-rosette-ring\\\/\"]}]},{\"@type\":\"ImageObject\",\"inLanguage\":\"fr-FR\",\"@id\":\"https:\\\/\\\/cpxzx.com\\\/product\\\/metal-teller-rosette-ring\\\/#primaryimage\",\"url\":\"https:\\\/\\\/cpxzx.com\\\/wp-content\\\/uploads\\\/2025\\\/09\\\/Metal-Teller-Rosette-Ring.jpg\",\"contentUrl\":\"https:\\\/\\\/cpxzx.com\\\/wp-content\\\/uploads\\\/2025\\\/09\\\/Metal-Teller-Rosette-Ring.jpg\",\"width\":550,\"height\":550,\"caption\":\"Metal-Teller-Rosette-Ring\"},{\"@type\":\"BreadcrumbList\",\"@id\":\"https:\\\/\\\/cpxzx.com\\\/product\\\/metal-teller-rosette-ring\\\/#breadcrumb\",\"itemListElement\":[{\"@type\":\"ListItem\",\"position\":1,\"name\":\"Home\",\"item\":\"https:\\\/\\\/cpxzx.com\\\/\"},{\"@type\":\"ListItem\",\"position\":2,\"name\":\"Random Packing\",\"item\":\"https:\\\/\\\/cpxzx.com\\\/pcategory\\\/random-packing\\\/\"},{\"@type\":\"ListItem\",\"position\":3,\"name\":\"Metal Random Packing\",\"item\":\"https:\\\/\\\/cpxzx.com\\\/pcategory\\\/random-packing\\\/metal-random-packing\\\/\"},{\"@type\":\"ListItem\",\"position\":4,\"name\":\"Ss304 SS316 Metal Teller Rosette Ring\"}]},{\"@type\":\"WebSite\",\"@id\":\"https:\\\/\\\/cpxzx.com\\\/#website\",\"url\":\"https:\\\/\\\/cpxzx.com\\\/\",\"name\":\"Cooling Tower Fill, China PVC Fills Manufacturer\",\"description\":\"\",\"publisher\":{\"@id\":\"https:\\\/\\\/cpxzx.com\\\/#organization\"},\"potentialAction\":[{\"@type\":\"SearchAction\",\"target\":{\"@type\":\"EntryPoint\",\"urlTemplate\":\"https:\\\/\\\/cpxzx.com\\\/?s={search_term_string}\"},\"query-input\":{\"@type\":\"PropertyValueSpecification\",\"valueRequired\":true,\"valueName\":\"search_term_string\"}}],\"inLanguage\":\"fr-FR\"},{\"@type\":\"Organization\",\"@id\":\"https:\\\/\\\/cpxzx.com\\\/#organization\",\"name\":\"Cooling Tower Fill, China PVC Fills Manufacturer\",\"url\":\"https:\\\/\\\/cpxzx.com\\\/\",\"logo\":{\"@type\":\"ImageObject\",\"inLanguage\":\"fr-FR\",\"@id\":\"https:\\\/\\\/cpxzx.com\\\/#\\\/schema\\\/logo\\\/image\\\/\",\"url\":\"https:\\\/\\\/cpxzx.com\\\/wp-content\\\/uploads\\\/2025\\\/07\\\/1751628807-logo.png\",\"contentUrl\":\"https:\\\/\\\/cpxzx.com\\\/wp-content\\\/uploads\\\/2025\\\/07\\\/1751628807-logo.png\",\"width\":383,\"height\":87,\"caption\":\"Cooling Tower Fill, China PVC Fills Manufacturer\"},\"image\":{\"@id\":\"https:\\\/\\\/cpxzx.com\\\/#\\\/schema\\\/logo\\\/image\\\/\"}}]}<\/script>\n<!-- \/ Yoast SEO plugin. -->","yoast_head_json":{"title":"Bague \u00e0 rosette en m\u00e9tal","robots":{"index":"index","follow":"follow","max-snippet":"max-snippet:-1","max-image-preview":"max-image-preview:large","max-video-preview":"max-video-preview:-1"},"canonical":"https:\/\/cpxzx.com\/fr\/produit\/metal-teller-rosette-ring\/","og_locale":"fr_FR","og_type":"article","og_title":"Metal Teller Rosette Ring","og_description":"Metal Teller Rosette Ring is a high-efficiency random packing made from thin sheet metal stamped and stretched into a diamond-mesh structure of interconnected circles. With high liquid storage, large voidage, low pressure drop, excellent gas\u2013liquid contact, and lightweight performance, it is widely used in absorption, distillation, purification, and environmental processes. Available in stainless steel, carbon steel, and other materials, this precision-engineered packing offers superior corrosion resistance and is suitable for gas washing towers, cooling towers, desulphurization systems, and wastewater treatment applications.","og_url":"https:\/\/cpxzx.com\/fr\/produit\/metal-teller-rosette-ring\/","og_site_name":"Cooling Tower Fill, China PVC Fills Manufacturer","article_modified_time":"2025-09-03T08:05:28+00:00","og_image":[{"width":550,"height":550,"url":"https:\/\/cpxzx.com\/wp-content\/uploads\/2025\/09\/Metal-Teller-Rosette-Ring.jpg","type":"image\/jpeg"}],"twitter_card":"summary_large_image","twitter_misc":{"Dur\u00e9e de lecture estim\u00e9e":"3 minutes"},"schema":{"@context":"https:\/\/schema.org","@graph":[{"@type":"WebPage","@id":"https:\/\/cpxzx.com\/product\/metal-teller-rosette-ring\/","url":"https:\/\/cpxzx.com\/product\/metal-teller-rosette-ring\/","name":"Bague \u00e0 rosette en m\u00e9tal","isPartOf":{"@id":"https:\/\/cpxzx.com\/#website"},"primaryImageOfPage":{"@id":"https:\/\/cpxzx.com\/product\/metal-teller-rosette-ring\/#primaryimage"},"image":{"@id":"https:\/\/cpxzx.com\/product\/metal-teller-rosette-ring\/#primaryimage"},"thumbnailUrl":"https:\/\/cpxzx.com\/wp-content\/uploads\/2025\/09\/Metal-Teller-Rosette-Ring.jpg","datePublished":"2025-09-03T07:52:11+00:00","dateModified":"2025-09-03T08:05:28+00:00","breadcrumb":{"@id":"https:\/\/cpxzx.com\/product\/metal-teller-rosette-ring\/#breadcrumb"},"inLanguage":"fr-FR","potentialAction":[{"@type":"ReadAction","target":["https:\/\/cpxzx.com\/product\/metal-teller-rosette-ring\/"]}]},{"@type":"ImageObject","inLanguage":"fr-FR","@id":"https:\/\/cpxzx.com\/product\/metal-teller-rosette-ring\/#primaryimage","url":"https:\/\/cpxzx.com\/wp-content\/uploads\/2025\/09\/Metal-Teller-Rosette-Ring.jpg","contentUrl":"https:\/\/cpxzx.com\/wp-content\/uploads\/2025\/09\/Metal-Teller-Rosette-Ring.jpg","width":550,"height":550,"caption":"Metal-Teller-Rosette-Ring"},{"@type":"BreadcrumbList","@id":"https:\/\/cpxzx.com\/product\/metal-teller-rosette-ring\/#breadcrumb","itemListElement":[{"@type":"ListItem","position":1,"name":"Home","item":"https:\/\/cpxzx.com\/"},{"@type":"ListItem","position":2,"name":"Random Packing","item":"https:\/\/cpxzx.com\/pcategory\/random-packing\/"},{"@type":"ListItem","position":3,"name":"Metal Random Packing","item":"https:\/\/cpxzx.com\/pcategory\/random-packing\/metal-random-packing\/"},{"@type":"ListItem","position":4,"name":"Ss304 SS316 Metal Teller Rosette Ring"}]},{"@type":"WebSite","@id":"https:\/\/cpxzx.com\/#website","url":"https:\/\/cpxzx.com\/","name":"Remplissage de tour de refroidissement, fabricant chinois de remplissages en PVC","description":"","publisher":{"@id":"https:\/\/cpxzx.com\/#organization"},"potentialAction":[{"@type":"SearchAction","target":{"@type":"EntryPoint","urlTemplate":"https:\/\/cpxzx.com\/?s={search_term_string}"},"query-input":{"@type":"PropertyValueSpecification","valueRequired":true,"valueName":"search_term_string"}}],"inLanguage":"fr-FR"},{"@type":"Organization","@id":"https:\/\/cpxzx.com\/#organization","name":"Remplissage de tour de refroidissement, fabricant chinois de remplissages en PVC","url":"https:\/\/cpxzx.com\/","logo":{"@type":"ImageObject","inLanguage":"fr-FR","@id":"https:\/\/cpxzx.com\/#\/schema\/logo\/image\/","url":"https:\/\/cpxzx.com\/wp-content\/uploads\/2025\/07\/1751628807-logo.png","contentUrl":"https:\/\/cpxzx.com\/wp-content\/uploads\/2025\/07\/1751628807-logo.png","width":383,"height":87,"caption":"Cooling Tower Fill, China PVC Fills Manufacturer"},"image":{"@id":"https:\/\/cpxzx.com\/#\/schema\/logo\/image\/"}}]}},"taxonomy_info":{"pcategory":[{"value":22,"label":"Random Packing"},{"value":23,"label":"Metal Random Packing"}]},"featured_image_src_large":["https:\/\/cpxzx.com\/wp-content\/uploads\/2025\/09\/Metal-Teller-Rosette-Ring.jpg",550,550,false],"author_info":[],"comment_info":"","_links":{"self":[{"href":"https:\/\/cpxzx.com\/fr\/wp-json\/wp\/v2\/product\/2943","targetHints":{"allow":["GET"]}}],"collection":[{"href":"https:\/\/cpxzx.com\/fr\/wp-json\/wp\/v2\/product"}],"about":[{"href":"https:\/\/cpxzx.com\/fr\/wp-json\/wp\/v2\/types\/product"}],"wp:featuredmedia":[{"embeddable":true,"href":"https:\/\/cpxzx.com\/fr\/wp-json\/wp\/v2\/media\/2944"}],"wp:attachment":[{"href":"https:\/\/cpxzx.com\/fr\/wp-json\/wp\/v2\/media?parent=2943"}],"wp:term":[{"taxonomy":"pcategory","embeddable":true,"href":"https:\/\/cpxzx.com\/fr\/wp-json\/wp\/v2\/pcategory?post=2943"},{"taxonomy":"ptag","embeddable":true,"href":"https:\/\/cpxzx.com\/fr\/wp-json\/wp\/v2\/ptag?post=2943"}],"curies":[{"name":"wp","href":"https:\/\/api.w.org\/{rel}","templated":true}]}}