{"id":2939,"date":"2025-09-08T09:00:58","date_gmt":"2025-09-08T09:00:58","guid":{"rendered":"https:\/\/cpxzx.com\/?post_type=product&#038;p=2939"},"modified":"2025-09-07T07:15:30","modified_gmt":"2025-09-07T07:15:30","slug":"anneau-a-six-losanges-en-plastique","status":"publish","type":"product","link":"https:\/\/cpxzx.com\/fr\/produit\/anneau-a-six-losanges-en-plastique\/","title":{"rendered":"Anneau \u00e0 six losanges en plastique"},"content":{"rendered":"<p><strong>Anneau \u00e0 six losanges en plastique<\/strong> est un nouveau type de garniture al\u00e9atoire de haute performance largement utilis\u00e9e dans les industries chimiques, p\u00e9trochimiques et de protection de l'environnement.<br \/>\nIl est con\u00e7u avec une structure en treillis \u00e0 six losanges, qui offre une grande surface, une faible perte de charge et une excellente efficacit\u00e9 de transfert de masse.<br \/>\nFabriqu\u00e9s \u00e0 partir de mat\u00e9riaux plastiques de haute qualit\u00e9 tels que PP, PE, PVC, CPVC et PVDF, ces emballages sont l\u00e9gers, r\u00e9sistants \u00e0 la corrosion et durables,<br \/>\nce qui le rend adapt\u00e9 \u00e0 divers processus d'absorption, de lavage et de d\u00e9capage des gaz.<\/p>\n<h2>Fonctionnalit\u00e9<\/h2>\n<ul>\n<li>Conception structurelle unique \u00e0 six losanges pour une meilleure distribution des liquides<\/li>\n<li>Rapport de vide important pour minimiser la perte de charge<\/li>\n<li>R\u00e9sistance m\u00e9canique \u00e9lev\u00e9e et longue dur\u00e9e de vie<\/li>\n<li>Excellente r\u00e9sistance aux produits chimiques et \u00e0 la corrosion<\/li>\n<li>L\u00e9ger et facile \u00e0 installer et \u00e0 manipuler<\/li>\n<\/ul>\n<h2>Sp\u00e9cifications<\/h2>\n<table border=\"1\" cellspacing=\"0\" cellpadding=\"6\">\n<tbody>\n<tr>\n<th>Taille (mm)<\/th>\n<th>Densit\u00e9 apparente (kg\/m\u00b3)<\/th>\n<th>Surface (m\u00b2\/m\u00b3)<\/th>\n<th>Taux de vide (%)<\/th>\n<th>Options de mat\u00e9riaux<\/th>\n<th>Temp\u00e9rature de fonctionnement max. Temp\u00e9rature de fonctionnement (\u00b0C)<\/th>\n<\/tr>\n<tr>\n<td>25<\/td>\n<td>120<\/td>\n<td>210<\/td>\n<td>\u2265 87<\/td>\n<td rowspan=\"4\">PP, PE, PVC, CPVC, PVDF<\/td>\n<td rowspan=\"4\">PP : \u2264 100\u00b0C<br \/>\nPE : \u2264 90\u00b0C<br \/>\nPVC : \u2264 60\u00b0C<br \/>\nCPVC : \u2264 120\u00b0C<br \/>\nPVDF : \u2264 150\u00b0C<\/td>\n<\/tr>\n<tr>\n<td>38<\/td>\n<td>95<\/td>\n<td>160<\/td>\n<td>\u2265 88<\/td>\n<\/tr>\n<tr>\n<td>50<\/td>\n<td>75<\/td>\n<td>125<\/td>\n<td>\u2265 89<\/td>\n<\/tr>\n<tr>\n<td>76<\/td>\n<td>48<\/td>\n<td>100<\/td>\n<td>\u2265 90<\/td>\n<\/tr>\n<\/tbody>\n<\/table>\n<h2>Avantage<\/h2>\n<ul>\n<li>Am\u00e9liore l'efficacit\u00e9 du transfert de masse gr\u00e2ce \u00e0 un contact optimis\u00e9 entre le liquide et le gaz<\/li>\n<li>R\u00e9duit la consommation d'\u00e9nergie en diminuant la perte de charge<\/li>\n<li>Emp\u00eache le colmatage et l'encrassement gr\u00e2ce \u00e0 sa conception en treillis ouvert<\/li>\n<li>Rentabilit\u00e9, durabilit\u00e9 \u00e9lev\u00e9e et performances \u00e0 long terme<\/li>\n<li>Respectueux de l'environnement, fabriqu\u00e9 \u00e0 partir de mat\u00e9riaux plastiques recyclables<\/li>\n<\/ul>\n<h2>Application<\/h2>\n<ul>\n<li>Syst\u00e8mes d'absorption et de d\u00e9sorption des gaz<\/li>\n<li>Tours de refroidissement et tours de lavage<\/li>\n<li>Proc\u00e9d\u00e9s de d\u00e9capage et de purification<\/li>\n<li>Syst\u00e8mes de traitement des gaz r\u00e9siduaires<\/li>\n<li>Projets de traitement des eaux et de protection de l'environnement<\/li>\n<\/ul>\n<h2>Paquet<\/h2>\n<ul>\n<li>Emball\u00e9s dans des sacs tiss\u00e9s, des sacs jumbo ou des bo\u00eetes en carton<\/li>\n<li>Emballage personnalis\u00e9 disponible sur demande<\/li>\n<li>Assurer la s\u00e9curit\u00e9 de la manipulation et du transport<\/li>\n<\/ul>","protected":false},"excerpt":{"rendered":"<p>L'anneau \u00e0 six losanges en plastique est un emballage al\u00e9atoire en plastique avanc\u00e9 dot\u00e9 d'une structure en treillis \u00e0 six losanges qui offre une grande surface, une faible perte de charge et une excellente efficacit\u00e9 de transfert de masse. Fabriqu\u00e9 \u00e0 partir de mat\u00e9riaux de haute qualit\u00e9 tels que le PP, le PE, le PVC, le CPVC et le PVDF, il offre une forte r\u00e9sistance \u00e0 la corrosion, une grande l\u00e9g\u00e8ret\u00e9 et une grande durabilit\u00e9. Il est largement utilis\u00e9 dans les applications d'absorption de gaz, de lavage, de d\u00e9capage et de traitement des eaux us\u00e9es.<\/p>","protected":false},"featured_media":0,"parent":0,"template":"","meta":{"_acf_changed":false,"_kad_blocks_custom_css":"","_kad_blocks_head_custom_js":"","_kad_blocks_body_custom_js":"","_kad_blocks_footer_custom_js":"","_kadence_starter_templates_imported_post":false,"_kad_post_transparent":"default","_kad_post_title":"","_kad_post_layout":"default","_kad_post_sidebar_id":"","_kad_post_content_style":"default","_kad_post_vertical_padding":"default","_kad_post_feature":"","_kad_post_feature_position":"","_kad_post_header":false,"_kad_post_footer":false},"pcategory":[22,25],"ptag":[],"class_list":["post-2939","product","type-product","status-publish","hentry","pcategory-random-packing","pcategory-plastic-random-packing"],"acf":[],"yoast_head":"<!-- This site is optimized with the Yoast SEO plugin v27.4 - https:\/\/yoast.com\/product\/yoast-seo-wordpress\/ -->\n<title>Plastic Six-Lozenge Ring<\/title>\n<meta name=\"robots\" content=\"index, follow, max-snippet:-1, max-image-preview:large, max-video-preview:-1\" \/>\n<link rel=\"canonical\" href=\"https:\/\/cpxzx.com\/fr\/produit\/anneau-a-six-losanges-en-plastique\/\" \/>\n<meta property=\"og:locale\" content=\"fr_FR\" \/>\n<meta property=\"og:type\" content=\"article\" \/>\n<meta property=\"og:title\" content=\"Plastic Six-Lozenge Ring\" \/>\n<meta property=\"og:description\" content=\"Plastic Six-Lozenge Ring is an advanced plastic random packing featuring a six-lozenge lattice structure that provides large surface area, low pressure drop, and excellent mass transfer efficiency. Made from high-quality materials such as PP, PE, PVC, CPVC, and PVDF, it offers strong corrosion resistance, lightweight performance, and durability. It is widely used in gas absorption, scrubbing, stripping, and wastewater treatment applications.\" \/>\n<meta property=\"og:url\" content=\"https:\/\/cpxzx.com\/fr\/produit\/anneau-a-six-losanges-en-plastique\/\" \/>\n<meta property=\"og:site_name\" content=\"Cooling Tower Fill, China PVC Fills Manufacturer\" \/>\n<meta name=\"twitter:card\" content=\"summary_large_image\" \/>\n<meta name=\"twitter:label1\" content=\"Dur\u00e9e de lecture estim\u00e9e\" \/>\n\t<meta name=\"twitter:data1\" content=\"2 minutes\" \/>\n<script type=\"application\/ld+json\" class=\"yoast-schema-graph\">{\"@context\":\"https:\\\/\\\/schema.org\",\"@graph\":[{\"@type\":\"WebPage\",\"@id\":\"https:\\\/\\\/cpxzx.com\\\/product\\\/plastic-six-lozenge-ring\\\/\",\"url\":\"https:\\\/\\\/cpxzx.com\\\/product\\\/plastic-six-lozenge-ring\\\/\",\"name\":\"Plastic Six-Lozenge Ring\",\"isPartOf\":{\"@id\":\"https:\\\/\\\/cpxzx.com\\\/#website\"},\"datePublished\":\"2025-09-08T09:00:58+00:00\",\"breadcrumb\":{\"@id\":\"https:\\\/\\\/cpxzx.com\\\/product\\\/plastic-six-lozenge-ring\\\/#breadcrumb\"},\"inLanguage\":\"fr-FR\",\"potentialAction\":[{\"@type\":\"ReadAction\",\"target\":[\"https:\\\/\\\/cpxzx.com\\\/product\\\/plastic-six-lozenge-ring\\\/\"]}]},{\"@type\":\"BreadcrumbList\",\"@id\":\"https:\\\/\\\/cpxzx.com\\\/product\\\/plastic-six-lozenge-ring\\\/#breadcrumb\",\"itemListElement\":[{\"@type\":\"ListItem\",\"position\":1,\"name\":\"Home\",\"item\":\"https:\\\/\\\/cpxzx.com\\\/\"},{\"@type\":\"ListItem\",\"position\":2,\"name\":\"Random Packing\",\"item\":\"https:\\\/\\\/cpxzx.com\\\/pcategory\\\/random-packing\\\/\"},{\"@type\":\"ListItem\",\"position\":3,\"name\":\"Plastic Random Packing\",\"item\":\"https:\\\/\\\/cpxzx.com\\\/pcategory\\\/random-packing\\\/plastic-random-packing\\\/\"},{\"@type\":\"ListItem\",\"position\":4,\"name\":\"Plastic Six-Lozenge Ring\"}]},{\"@type\":\"WebSite\",\"@id\":\"https:\\\/\\\/cpxzx.com\\\/#website\",\"url\":\"https:\\\/\\\/cpxzx.com\\\/\",\"name\":\"Cooling Tower Fill, China PVC Fills Manufacturer\",\"description\":\"\",\"publisher\":{\"@id\":\"https:\\\/\\\/cpxzx.com\\\/#organization\"},\"potentialAction\":[{\"@type\":\"SearchAction\",\"target\":{\"@type\":\"EntryPoint\",\"urlTemplate\":\"https:\\\/\\\/cpxzx.com\\\/?s={search_term_string}\"},\"query-input\":{\"@type\":\"PropertyValueSpecification\",\"valueRequired\":true,\"valueName\":\"search_term_string\"}}],\"inLanguage\":\"fr-FR\"},{\"@type\":\"Organization\",\"@id\":\"https:\\\/\\\/cpxzx.com\\\/#organization\",\"name\":\"Cooling Tower Fill, China PVC Fills Manufacturer\",\"url\":\"https:\\\/\\\/cpxzx.com\\\/\",\"logo\":{\"@type\":\"ImageObject\",\"inLanguage\":\"fr-FR\",\"@id\":\"https:\\\/\\\/cpxzx.com\\\/#\\\/schema\\\/logo\\\/image\\\/\",\"url\":\"https:\\\/\\\/cpxzx.com\\\/wp-content\\\/uploads\\\/2025\\\/07\\\/1751628807-logo.png\",\"contentUrl\":\"https:\\\/\\\/cpxzx.com\\\/wp-content\\\/uploads\\\/2025\\\/07\\\/1751628807-logo.png\",\"width\":383,\"height\":87,\"caption\":\"Cooling Tower Fill, China PVC Fills Manufacturer\"},\"image\":{\"@id\":\"https:\\\/\\\/cpxzx.com\\\/#\\\/schema\\\/logo\\\/image\\\/\"}}]}<\/script>\n<!-- \/ Yoast SEO plugin. -->","yoast_head_json":{"title":"Anneau \u00e0 six losanges en plastique","robots":{"index":"index","follow":"follow","max-snippet":"max-snippet:-1","max-image-preview":"max-image-preview:large","max-video-preview":"max-video-preview:-1"},"canonical":"https:\/\/cpxzx.com\/fr\/produit\/anneau-a-six-losanges-en-plastique\/","og_locale":"fr_FR","og_type":"article","og_title":"Plastic Six-Lozenge Ring","og_description":"Plastic Six-Lozenge Ring is an advanced plastic random packing featuring a six-lozenge lattice structure that provides large surface area, low pressure drop, and excellent mass transfer efficiency. Made from high-quality materials such as PP, PE, PVC, CPVC, and PVDF, it offers strong corrosion resistance, lightweight performance, and durability. It is widely used in gas absorption, scrubbing, stripping, and wastewater treatment applications.","og_url":"https:\/\/cpxzx.com\/fr\/produit\/anneau-a-six-losanges-en-plastique\/","og_site_name":"Cooling Tower Fill, China PVC Fills Manufacturer","twitter_card":"summary_large_image","twitter_misc":{"Dur\u00e9e de lecture estim\u00e9e":"2 minutes"},"schema":{"@context":"https:\/\/schema.org","@graph":[{"@type":"WebPage","@id":"https:\/\/cpxzx.com\/product\/plastic-six-lozenge-ring\/","url":"https:\/\/cpxzx.com\/product\/plastic-six-lozenge-ring\/","name":"Anneau \u00e0 six losanges en plastique","isPartOf":{"@id":"https:\/\/cpxzx.com\/#website"},"datePublished":"2025-09-08T09:00:58+00:00","breadcrumb":{"@id":"https:\/\/cpxzx.com\/product\/plastic-six-lozenge-ring\/#breadcrumb"},"inLanguage":"fr-FR","potentialAction":[{"@type":"ReadAction","target":["https:\/\/cpxzx.com\/product\/plastic-six-lozenge-ring\/"]}]},{"@type":"BreadcrumbList","@id":"https:\/\/cpxzx.com\/product\/plastic-six-lozenge-ring\/#breadcrumb","itemListElement":[{"@type":"ListItem","position":1,"name":"Home","item":"https:\/\/cpxzx.com\/"},{"@type":"ListItem","position":2,"name":"Random Packing","item":"https:\/\/cpxzx.com\/pcategory\/random-packing\/"},{"@type":"ListItem","position":3,"name":"Plastic Random Packing","item":"https:\/\/cpxzx.com\/pcategory\/random-packing\/plastic-random-packing\/"},{"@type":"ListItem","position":4,"name":"Plastic Six-Lozenge Ring"}]},{"@type":"WebSite","@id":"https:\/\/cpxzx.com\/#website","url":"https:\/\/cpxzx.com\/","name":"Remplissage de tour de refroidissement, fabricant chinois de remplissages en PVC","description":"","publisher":{"@id":"https:\/\/cpxzx.com\/#organization"},"potentialAction":[{"@type":"SearchAction","target":{"@type":"EntryPoint","urlTemplate":"https:\/\/cpxzx.com\/?s={search_term_string}"},"query-input":{"@type":"PropertyValueSpecification","valueRequired":true,"valueName":"search_term_string"}}],"inLanguage":"fr-FR"},{"@type":"Organization","@id":"https:\/\/cpxzx.com\/#organization","name":"Remplissage de tour de refroidissement, fabricant chinois de remplissages en PVC","url":"https:\/\/cpxzx.com\/","logo":{"@type":"ImageObject","inLanguage":"fr-FR","@id":"https:\/\/cpxzx.com\/#\/schema\/logo\/image\/","url":"https:\/\/cpxzx.com\/wp-content\/uploads\/2025\/07\/1751628807-logo.png","contentUrl":"https:\/\/cpxzx.com\/wp-content\/uploads\/2025\/07\/1751628807-logo.png","width":383,"height":87,"caption":"Cooling Tower Fill, China PVC Fills Manufacturer"},"image":{"@id":"https:\/\/cpxzx.com\/#\/schema\/logo\/image\/"}}]}},"taxonomy_info":{"pcategory":[{"value":22,"label":"Random Packing"},{"value":25,"label":"Plastic Random Packing"}]},"featured_image_src_large":false,"author_info":[],"comment_info":"","_links":{"self":[{"href":"https:\/\/cpxzx.com\/fr\/wp-json\/wp\/v2\/product\/2939","targetHints":{"allow":["GET"]}}],"collection":[{"href":"https:\/\/cpxzx.com\/fr\/wp-json\/wp\/v2\/product"}],"about":[{"href":"https:\/\/cpxzx.com\/fr\/wp-json\/wp\/v2\/types\/product"}],"wp:attachment":[{"href":"https:\/\/cpxzx.com\/fr\/wp-json\/wp\/v2\/media?parent=2939"}],"wp:term":[{"taxonomy":"pcategory","embeddable":true,"href":"https:\/\/cpxzx.com\/fr\/wp-json\/wp\/v2\/pcategory?post=2939"},{"taxonomy":"ptag","embeddable":true,"href":"https:\/\/cpxzx.com\/fr\/wp-json\/wp\/v2\/ptag?post=2939"}],"curies":[{"name":"wp","href":"https:\/\/api.w.org\/{rel}","templated":true}]}}