{"id":2938,"date":"2025-08-30T04:54:47","date_gmt":"2025-08-30T04:54:47","guid":{"rendered":"https:\/\/cpxzx.com\/?post_type=product&#038;p=2938"},"modified":"2025-09-03T08:02:51","modified_gmt":"2025-09-03T08:02:51","slug":"plastic-cross-spherical-ring","status":"publish","type":"product","link":"https:\/\/cpxzx.com\/fr\/produit\/plastic-cross-spherical-ring\/","title":{"rendered":"Anneau sph\u00e9rique en plastique en forme de croix 50mm 90mm"},"content":{"rendered":"<p>L'anneau sph\u00e9rique crois\u00e9 en plastique est un type avanc\u00e9 d'emballage al\u00e9atoire con\u00e7u avec une structure sph\u00e9rique crois\u00e9e unique.<br \/>\nLa g\u00e9om\u00e9trie sp\u00e9ciale offre un grand espace vide, une faible perte de charge et une excellente efficacit\u00e9 de transfert de masse.<br \/>\nIl est largement utilis\u00e9 dans les industries chimiques, p\u00e9trochimiques et de protection de l'environnement pour l'absorption de gaz, le stripping,<br \/>\net le traitement des eaux us\u00e9es.<\/p>\n<h2>Fonctionnalit\u00e9<\/h2>\n<ul>\n<li>Fabriqu\u00e9 en thermoplastiques de haute qualit\u00e9 tels que PP, PE, PVC, CPVC, PVDF.<\/li>\n<li>La conception sph\u00e9rique crois\u00e9e garantit une r\u00e9sistance m\u00e9canique et une stabilit\u00e9 \u00e9lev\u00e9es.<\/li>\n<li>Fraction de vide importante pour une meilleure distribution gaz-liquide.<\/li>\n<li>Excellente r\u00e9sistance \u00e0 la corrosion, au vieillissement et aux attaques chimiques.<\/li>\n<li>Structure l\u00e9g\u00e8re, facile \u00e0 installer et \u00e0 remplacer.<\/li>\n<\/ul>\n<h2>Sp\u00e9cifications<\/h2>\n<table border=\"1\" cellspacing=\"0\" cellpadding=\"6\">\n<tbody>\n<tr>\n<th>Objet<\/th>\n<th>D\u00e9tails<\/th>\n<\/tr>\n<tr>\n<td>Tailles disponibles<\/td>\n<td>25mm, 38mm, 50mm, 76mm, 100mm<\/td>\n<\/tr>\n<tr>\n<td>Mat\u00e9riaux<\/td>\n<td>PP, PE, PVC, CPVC, PVDF, autres plastiques personnalis\u00e9s<\/td>\n<\/tr>\n<tr>\n<td>R\u00e9sistance \u00e0 la temp\u00e9rature<\/td>\n<td>PP : jusqu'\u00e0 100\u00b0C<br \/>\nPVC : jusqu'\u00e0 60\u00b0C<br \/>\nPVDF : jusqu'\u00e0 150\u00b0C<\/td>\n<\/tr>\n<tr>\n<td>Densit\u00e9 en vrac<\/td>\n<td>60-120 kg\/m\u00b3 (en fonction de la taille et du mat\u00e9riau)<\/td>\n<\/tr>\n<tr>\n<td>Surface<\/td>\n<td>100-200 m\u00b2\/m\u00b3 (environ, en fonction de la taille)<\/td>\n<\/tr>\n<\/tbody>\n<\/table>\n<h2>Donn\u00e9es techniques<\/h2>\n<table border=\"1\" cellspacing=\"0\" cellpadding=\"0\">\n<tbody>\n<tr>\n<td>Taille (mm)<\/td>\n<td>Mat\u00e9riau<\/td>\n<td>Surface sp\u00e9cifique (m<sup>2<\/sup>\/m<sup>3<\/sup>)<\/td>\n<td>Volume libre (%)<\/td>\n<td>Indice de masse (n\/m<sup>3<\/sup>)<\/td>\n<td>Densit\u00e9 apparente (kg\/m<sup>3<\/sup>)<\/td>\n<\/tr>\n<tr>\n<td>\u03a650\u00d72<\/td>\n<td>PP<\/td>\n<td>145<\/td>\n<td>92<\/td>\n<td>9200<\/td>\n<td>63<\/td>\n<\/tr>\n<tr>\n<td>\u03a690\u00d73<\/td>\n<td>PP<\/td>\n<td>130<\/td>\n<td>95<\/td>\n<td>1320<\/td>\n<td>58<\/td>\n<\/tr>\n<\/tbody>\n<\/table>\n<h2>Avantage<\/h2>\n<ul>\n<li>Haute efficacit\u00e9 dans le transfert de masse gaz-liquide.<\/li>\n<li>Faible perte de charge et hautes performances hydrauliques.<\/li>\n<li>Risque r\u00e9duit de colmatage et d'encrassement gr\u00e2ce \u00e0 la structure transversale sph\u00e9rique.<\/li>\n<li>Longue dur\u00e9e de vie avec une durabilit\u00e9 chimique et thermique.<\/li>\n<li>Emballage rentable, facile \u00e0 manipuler et \u00e0 entretenir.<\/li>\n<\/ul>\n<h2>Application<\/h2>\n<ul>\n<li>Tours d'absorption et de lavage des gaz<\/li>\n<li>Syst\u00e8mes de traitement et de d\u00e9sodorisation des gaz r\u00e9siduaires<\/li>\n<li>Proc\u00e9d\u00e9s de d\u00e9sulfuration et de d\u00e9nitrification<\/li>\n<li>Traitement biologique et chimique des eaux us\u00e9es<\/li>\n<li>Colonnes de distillation et de s\u00e9paration<\/li>\n<li>Syst\u00e8mes d'\u00e9change de chaleur et de refroidissement<\/li>\n<\/ul>\n<h2>Paquet<\/h2>\n<ul>\n<li>Emball\u00e9s dans des sacs tiss\u00e9s, des sacs jumbo ou des cartons.<\/li>\n<li>Disponible en emballage en vrac ou en emballage personnalis\u00e9 sur demande.<\/li>\n<li>Livr\u00e9 avec une protection ad\u00e9quate pour \u00e9viter toute d\u00e9formation pendant le transport.<\/li>\n<\/ul>","protected":false},"excerpt":{"rendered":"<p>L'anneau sph\u00e9rique crois\u00e9 en plastique est un type de garniture al\u00e9atoire de haute performance avec une conception unique de sph\u00e8re crois\u00e9e qui offre un grand espace vide, une faible perte de charge et une excellente efficacit\u00e9 de transfert de masse. Fabriqu\u00e9 \u00e0 partir de plastiques durables tels que le PP, le PVC et le PVDF, il offre une r\u00e9sistance exceptionnelle \u00e0 la corrosion et aux attaques chimiques, ce qui le rend largement utilis\u00e9 dans l'absorption des gaz, le lavage, le traitement des eaux us\u00e9es et divers processus de s\u00e9paration.<\/p>","protected":false},"featured_media":2945,"parent":0,"template":"","meta":{"_acf_changed":false,"_kad_blocks_custom_css":"","_kad_blocks_head_custom_js":"","_kad_blocks_body_custom_js":"","_kad_blocks_footer_custom_js":"","_kadence_starter_templates_imported_post":false,"_kad_post_transparent":"default","_kad_post_title":"","_kad_post_layout":"default","_kad_post_sidebar_id":"","_kad_post_content_style":"default","_kad_post_vertical_padding":"default","_kad_post_feature":"","_kad_post_feature_position":"","_kad_post_header":false,"_kad_post_footer":false},"pcategory":[22,25],"ptag":[],"class_list":["post-2938","product","type-product","status-publish","has-post-thumbnail","hentry","pcategory-random-packing","pcategory-plastic-random-packing"],"acf":[],"yoast_head":"<!-- This site is optimized with the Yoast SEO plugin v27.4 - https:\/\/yoast.com\/product\/yoast-seo-wordpress\/ -->\n<title>Plastic Cross Spherical Ring<\/title>\n<meta name=\"robots\" content=\"index, follow, max-snippet:-1, max-image-preview:large, max-video-preview:-1\" \/>\n<link rel=\"canonical\" href=\"https:\/\/cpxzx.com\/fr\/produit\/plastic-cross-spherical-ring\/\" \/>\n<meta property=\"og:locale\" content=\"fr_FR\" \/>\n<meta property=\"og:type\" content=\"article\" \/>\n<meta property=\"og:title\" content=\"Plastic Cross Spherical Ring\" \/>\n<meta property=\"og:description\" content=\"Plastic Cross Spherical Ring is a type of high-performance random packing with a unique cross-sphere design that provides large void space, low pressure drop, and excellent mass transfer efficiency. Made from durable plastics such as PP, PVC, and PVDF, it offers outstanding resistance to corrosion and chemical attack, making it widely used in gas absorption, scrubbing, wastewater treatment, and various separation processes.\" \/>\n<meta property=\"og:url\" content=\"https:\/\/cpxzx.com\/fr\/produit\/plastic-cross-spherical-ring\/\" \/>\n<meta property=\"og:site_name\" content=\"Cooling Tower Fill, China PVC Fills Manufacturer\" \/>\n<meta property=\"article:modified_time\" content=\"2025-09-03T08:02:51+00:00\" \/>\n<meta property=\"og:image\" content=\"https:\/\/cpxzx.com\/wp-content\/uploads\/2025\/08\/Plastic-Cross-Spherical-Ring.jpg\" \/>\n\t<meta property=\"og:image:width\" content=\"550\" \/>\n\t<meta property=\"og:image:height\" content=\"550\" \/>\n\t<meta property=\"og:image:type\" content=\"image\/jpeg\" \/>\n<meta name=\"twitter:card\" content=\"summary_large_image\" \/>\n<meta name=\"twitter:label1\" content=\"Dur\u00e9e de lecture estim\u00e9e\" \/>\n\t<meta name=\"twitter:data1\" content=\"2 minutes\" \/>\n<script type=\"application\/ld+json\" class=\"yoast-schema-graph\">{\"@context\":\"https:\\\/\\\/schema.org\",\"@graph\":[{\"@type\":\"WebPage\",\"@id\":\"https:\\\/\\\/cpxzx.com\\\/product\\\/plastic-cross-spherical-ring\\\/\",\"url\":\"https:\\\/\\\/cpxzx.com\\\/product\\\/plastic-cross-spherical-ring\\\/\",\"name\":\"Plastic Cross Spherical Ring\",\"isPartOf\":{\"@id\":\"https:\\\/\\\/cpxzx.com\\\/#website\"},\"primaryImageOfPage\":{\"@id\":\"https:\\\/\\\/cpxzx.com\\\/product\\\/plastic-cross-spherical-ring\\\/#primaryimage\"},\"image\":{\"@id\":\"https:\\\/\\\/cpxzx.com\\\/product\\\/plastic-cross-spherical-ring\\\/#primaryimage\"},\"thumbnailUrl\":\"https:\\\/\\\/cpxzx.com\\\/wp-content\\\/uploads\\\/2025\\\/08\\\/Plastic-Cross-Spherical-Ring.jpg\",\"datePublished\":\"2025-08-30T04:54:47+00:00\",\"dateModified\":\"2025-09-03T08:02:51+00:00\",\"breadcrumb\":{\"@id\":\"https:\\\/\\\/cpxzx.com\\\/product\\\/plastic-cross-spherical-ring\\\/#breadcrumb\"},\"inLanguage\":\"fr-FR\",\"potentialAction\":[{\"@type\":\"ReadAction\",\"target\":[\"https:\\\/\\\/cpxzx.com\\\/product\\\/plastic-cross-spherical-ring\\\/\"]}]},{\"@type\":\"ImageObject\",\"inLanguage\":\"fr-FR\",\"@id\":\"https:\\\/\\\/cpxzx.com\\\/product\\\/plastic-cross-spherical-ring\\\/#primaryimage\",\"url\":\"https:\\\/\\\/cpxzx.com\\\/wp-content\\\/uploads\\\/2025\\\/08\\\/Plastic-Cross-Spherical-Ring.jpg\",\"contentUrl\":\"https:\\\/\\\/cpxzx.com\\\/wp-content\\\/uploads\\\/2025\\\/08\\\/Plastic-Cross-Spherical-Ring.jpg\",\"width\":550,\"height\":550,\"caption\":\"Plastic-Cross-Spherical-Ring\"},{\"@type\":\"BreadcrumbList\",\"@id\":\"https:\\\/\\\/cpxzx.com\\\/product\\\/plastic-cross-spherical-ring\\\/#breadcrumb\",\"itemListElement\":[{\"@type\":\"ListItem\",\"position\":1,\"name\":\"Home\",\"item\":\"https:\\\/\\\/cpxzx.com\\\/\"},{\"@type\":\"ListItem\",\"position\":2,\"name\":\"Random Packing\",\"item\":\"https:\\\/\\\/cpxzx.com\\\/pcategory\\\/random-packing\\\/\"},{\"@type\":\"ListItem\",\"position\":3,\"name\":\"Plastic Random Packing\",\"item\":\"https:\\\/\\\/cpxzx.com\\\/pcategory\\\/random-packing\\\/plastic-random-packing\\\/\"},{\"@type\":\"ListItem\",\"position\":4,\"name\":\"Plastic Cross Spherical Ring 50mm 90mm\"}]},{\"@type\":\"WebSite\",\"@id\":\"https:\\\/\\\/cpxzx.com\\\/#website\",\"url\":\"https:\\\/\\\/cpxzx.com\\\/\",\"name\":\"Cooling Tower Fill, China PVC Fills Manufacturer\",\"description\":\"\",\"publisher\":{\"@id\":\"https:\\\/\\\/cpxzx.com\\\/#organization\"},\"potentialAction\":[{\"@type\":\"SearchAction\",\"target\":{\"@type\":\"EntryPoint\",\"urlTemplate\":\"https:\\\/\\\/cpxzx.com\\\/?s={search_term_string}\"},\"query-input\":{\"@type\":\"PropertyValueSpecification\",\"valueRequired\":true,\"valueName\":\"search_term_string\"}}],\"inLanguage\":\"fr-FR\"},{\"@type\":\"Organization\",\"@id\":\"https:\\\/\\\/cpxzx.com\\\/#organization\",\"name\":\"Cooling Tower Fill, China PVC Fills Manufacturer\",\"url\":\"https:\\\/\\\/cpxzx.com\\\/\",\"logo\":{\"@type\":\"ImageObject\",\"inLanguage\":\"fr-FR\",\"@id\":\"https:\\\/\\\/cpxzx.com\\\/#\\\/schema\\\/logo\\\/image\\\/\",\"url\":\"https:\\\/\\\/cpxzx.com\\\/wp-content\\\/uploads\\\/2025\\\/07\\\/1751628807-logo.png\",\"contentUrl\":\"https:\\\/\\\/cpxzx.com\\\/wp-content\\\/uploads\\\/2025\\\/07\\\/1751628807-logo.png\",\"width\":383,\"height\":87,\"caption\":\"Cooling Tower Fill, China PVC Fills Manufacturer\"},\"image\":{\"@id\":\"https:\\\/\\\/cpxzx.com\\\/#\\\/schema\\\/logo\\\/image\\\/\"}}]}<\/script>\n<!-- \/ Yoast SEO plugin. -->","yoast_head_json":{"title":"Plastic Cross Spherical Ring","robots":{"index":"index","follow":"follow","max-snippet":"max-snippet:-1","max-image-preview":"max-image-preview:large","max-video-preview":"max-video-preview:-1"},"canonical":"https:\/\/cpxzx.com\/fr\/produit\/plastic-cross-spherical-ring\/","og_locale":"fr_FR","og_type":"article","og_title":"Plastic Cross Spherical Ring","og_description":"Plastic Cross Spherical Ring is a type of high-performance random packing with a unique cross-sphere design that provides large void space, low pressure drop, and excellent mass transfer efficiency. Made from durable plastics such as PP, PVC, and PVDF, it offers outstanding resistance to corrosion and chemical attack, making it widely used in gas absorption, scrubbing, wastewater treatment, and various separation processes.","og_url":"https:\/\/cpxzx.com\/fr\/produit\/plastic-cross-spherical-ring\/","og_site_name":"Cooling Tower Fill, China PVC Fills Manufacturer","article_modified_time":"2025-09-03T08:02:51+00:00","og_image":[{"width":550,"height":550,"url":"https:\/\/cpxzx.com\/wp-content\/uploads\/2025\/08\/Plastic-Cross-Spherical-Ring.jpg","type":"image\/jpeg"}],"twitter_card":"summary_large_image","twitter_misc":{"Dur\u00e9e de lecture estim\u00e9e":"2 minutes"},"schema":{"@context":"https:\/\/schema.org","@graph":[{"@type":"WebPage","@id":"https:\/\/cpxzx.com\/product\/plastic-cross-spherical-ring\/","url":"https:\/\/cpxzx.com\/product\/plastic-cross-spherical-ring\/","name":"Plastic Cross Spherical Ring","isPartOf":{"@id":"https:\/\/cpxzx.com\/#website"},"primaryImageOfPage":{"@id":"https:\/\/cpxzx.com\/product\/plastic-cross-spherical-ring\/#primaryimage"},"image":{"@id":"https:\/\/cpxzx.com\/product\/plastic-cross-spherical-ring\/#primaryimage"},"thumbnailUrl":"https:\/\/cpxzx.com\/wp-content\/uploads\/2025\/08\/Plastic-Cross-Spherical-Ring.jpg","datePublished":"2025-08-30T04:54:47+00:00","dateModified":"2025-09-03T08:02:51+00:00","breadcrumb":{"@id":"https:\/\/cpxzx.com\/product\/plastic-cross-spherical-ring\/#breadcrumb"},"inLanguage":"fr-FR","potentialAction":[{"@type":"ReadAction","target":["https:\/\/cpxzx.com\/product\/plastic-cross-spherical-ring\/"]}]},{"@type":"ImageObject","inLanguage":"fr-FR","@id":"https:\/\/cpxzx.com\/product\/plastic-cross-spherical-ring\/#primaryimage","url":"https:\/\/cpxzx.com\/wp-content\/uploads\/2025\/08\/Plastic-Cross-Spherical-Ring.jpg","contentUrl":"https:\/\/cpxzx.com\/wp-content\/uploads\/2025\/08\/Plastic-Cross-Spherical-Ring.jpg","width":550,"height":550,"caption":"Plastic-Cross-Spherical-Ring"},{"@type":"BreadcrumbList","@id":"https:\/\/cpxzx.com\/product\/plastic-cross-spherical-ring\/#breadcrumb","itemListElement":[{"@type":"ListItem","position":1,"name":"Home","item":"https:\/\/cpxzx.com\/"},{"@type":"ListItem","position":2,"name":"Random Packing","item":"https:\/\/cpxzx.com\/pcategory\/random-packing\/"},{"@type":"ListItem","position":3,"name":"Plastic Random Packing","item":"https:\/\/cpxzx.com\/pcategory\/random-packing\/plastic-random-packing\/"},{"@type":"ListItem","position":4,"name":"Plastic Cross Spherical Ring 50mm 90mm"}]},{"@type":"WebSite","@id":"https:\/\/cpxzx.com\/#website","url":"https:\/\/cpxzx.com\/","name":"Remplissage de tour de refroidissement, fabricant chinois de remplissages en PVC","description":"","publisher":{"@id":"https:\/\/cpxzx.com\/#organization"},"potentialAction":[{"@type":"SearchAction","target":{"@type":"EntryPoint","urlTemplate":"https:\/\/cpxzx.com\/?s={search_term_string}"},"query-input":{"@type":"PropertyValueSpecification","valueRequired":true,"valueName":"search_term_string"}}],"inLanguage":"fr-FR"},{"@type":"Organization","@id":"https:\/\/cpxzx.com\/#organization","name":"Remplissage de tour de refroidissement, fabricant chinois de remplissages en PVC","url":"https:\/\/cpxzx.com\/","logo":{"@type":"ImageObject","inLanguage":"fr-FR","@id":"https:\/\/cpxzx.com\/#\/schema\/logo\/image\/","url":"https:\/\/cpxzx.com\/wp-content\/uploads\/2025\/07\/1751628807-logo.png","contentUrl":"https:\/\/cpxzx.com\/wp-content\/uploads\/2025\/07\/1751628807-logo.png","width":383,"height":87,"caption":"Cooling Tower Fill, China PVC Fills Manufacturer"},"image":{"@id":"https:\/\/cpxzx.com\/#\/schema\/logo\/image\/"}}]}},"taxonomy_info":{"pcategory":[{"value":22,"label":"Random Packing"},{"value":25,"label":"Plastic Random Packing"}]},"featured_image_src_large":["https:\/\/cpxzx.com\/wp-content\/uploads\/2025\/08\/Plastic-Cross-Spherical-Ring.jpg",550,550,false],"author_info":[],"comment_info":"","_links":{"self":[{"href":"https:\/\/cpxzx.com\/fr\/wp-json\/wp\/v2\/product\/2938","targetHints":{"allow":["GET"]}}],"collection":[{"href":"https:\/\/cpxzx.com\/fr\/wp-json\/wp\/v2\/product"}],"about":[{"href":"https:\/\/cpxzx.com\/fr\/wp-json\/wp\/v2\/types\/product"}],"wp:featuredmedia":[{"embeddable":true,"href":"https:\/\/cpxzx.com\/fr\/wp-json\/wp\/v2\/media\/2945"}],"wp:attachment":[{"href":"https:\/\/cpxzx.com\/fr\/wp-json\/wp\/v2\/media?parent=2938"}],"wp:term":[{"taxonomy":"pcategory","embeddable":true,"href":"https:\/\/cpxzx.com\/fr\/wp-json\/wp\/v2\/pcategory?post=2938"},{"taxonomy":"ptag","embeddable":true,"href":"https:\/\/cpxzx.com\/fr\/wp-json\/wp\/v2\/ptag?post=2938"}],"curies":[{"name":"wp","href":"https:\/\/api.w.org\/{rel}","templated":true}]}}