{"id":2893,"date":"2025-08-12T05:36:56","date_gmt":"2025-08-12T05:36:56","guid":{"rendered":"https:\/\/cpxzx.com\/?post_type=product&#038;p=2893"},"modified":"2025-08-17T14:32:13","modified_gmt":"2025-08-17T14:32:13","slug":"plastic-conjugate-ring-pe-pp-rpp-pvc-cpvc-pvdf","status":"publish","type":"product","link":"https:\/\/cpxzx.com\/fr\/produit\/plastic-conjugate-ring-pe-pp-rpp-pvc-cpvc-pvdf\/","title":{"rendered":"Anneau conjugu\u00e9 en plastique PE, PP, RPP, PVC, CPVC, PVDF"},"content":{"rendered":"<p>Le <strong>anneau conjugu\u00e9 en plastique<\/strong> est une garniture de tour \u00e0 haute performance qui int\u00e8gre les avantages de la garniture al\u00e9atoire annulaire et de l'anneau de selle en plastique Intalox. Avec sa structure de nervures \u00e0 courbes conjugu\u00e9es et sa longueur optimale, l'anneau conjugu\u00e9 en plastique offre plus de points de contact et une plus grande surface de contact gaz-liquide que les garnitures al\u00e9atoires traditionnelles. Cette structure unique garantit un transfert de masse efficace et d'excellentes performances de s\u00e9paration.<\/p>\n<h2>Caract\u00e9ristiques de l'anneau conjugu\u00e9 en plastique<\/h2>\n<ul>\n<li>Mat\u00e9riaux : PE, PP, RPP, PVC, CPVC, PVDF, etc.<\/li>\n<li>Taux de vide \u00e9lev\u00e9 et faible perte de charge<\/li>\n<li>Efficacit\u00e9 \u00e9lev\u00e9e du transfert de masse et faible poids sp\u00e9cifique<\/li>\n<li>Excellente r\u00e9sistance \u00e0 la corrosion<\/li>\n<li>Efficacit\u00e9 de s\u00e9paration \u00e9lev\u00e9e et longue dur\u00e9e de vie<\/li>\n<\/ul>\n<h2>Sp\u00e9cifications<\/h2>\n<p>Propri\u00e9t\u00e9s physiques et chimiques :<\/p>\n<table style=\"height: 233px;\" border=\"1\" width=\"1277\" cellspacing=\"0\" cellpadding=\"5\">\n<tbody>\n<tr>\n<td>Sp\u00e9cifications<br \/>\n(mm)<\/td>\n<td>Num\u00e9ros en vrac<br \/>\n(par m3)<\/td>\n<td>Surface<br \/>\n(m\u00b2\/m\u00b3)<\/td>\n<td>Volume libre<br \/>\n(%)<\/td>\n<\/tr>\n<tr>\n<td>\u03c625<\/td>\n<td>75000<\/td>\n<td>185<\/td>\n<td>95.3<\/td>\n<\/tr>\n<tr>\n<td>\u03c638<\/td>\n<td>16000<\/td>\n<td>116<\/td>\n<td>95.7<\/td>\n<\/tr>\n<tr>\n<td>\u03c650<\/td>\n<td>9700<\/td>\n<td>86<\/td>\n<td>96.6<\/td>\n<\/tr>\n<tr>\n<td>\u03c676<\/td>\n<td>2480<\/td>\n<td>81<\/td>\n<td>94.8<\/td>\n<\/tr>\n<tr>\n<td>\u03c6100<\/td>\n<td>1800<\/td>\n<td>76<\/td>\n<td>94.1<\/td>\n<\/tr>\n<\/tbody>\n<\/table>\n<p>&nbsp;<\/p>\n<table border=\"1\" cellspacing=\"0\" cellpadding=\"5\">\n<tbody>\n<tr>\n<th>Mat\u00e9riau<\/th>\n<th>Densit\u00e9<br \/>\n(g\/cm\u00b3)<\/th>\n<th>Temp\u00e9rature de fonctionnement<br \/>\n(\u00b0C)<\/th>\n<th>R\u00e9sistance \u00e0 la corrosion chimique<\/th>\n<th>R\u00e9sistance \u00e0 la compression<br \/>\n(MPa)<\/th>\n<\/tr>\n<tr>\n<td>PE<\/td>\n<td>0.94-0.96<\/td>\n<td>90<\/td>\n<td>Bon<\/td>\n<td>&gt;6.0<\/td>\n<\/tr>\n<tr>\n<td>PP<\/td>\n<td>0.89-0.91<\/td>\n<td>&gt;100<\/td>\n<td>Bon<\/td>\n<td>&gt;6.5<\/td>\n<\/tr>\n<tr>\n<td>RPP<\/td>\n<td>0.93-0.94<\/td>\n<td>&gt;120<\/td>\n<td>Bon<\/td>\n<td>&gt;7.0<\/td>\n<\/tr>\n<tr>\n<td>PVC<\/td>\n<td>1.32-1.44<\/td>\n<td>&gt;60<\/td>\n<td>Bon<\/td>\n<td>&gt;6.0<\/td>\n<\/tr>\n<tr>\n<td>CPVC<\/td>\n<td>1.50-1.54<\/td>\n<td>&gt;90<\/td>\n<td>Bon<\/td>\n<td>&gt;8.0<\/td>\n<\/tr>\n<tr>\n<td>PVDF<\/td>\n<td>1.75-1.78<\/td>\n<td>&gt;150<\/td>\n<td>Bon<\/td>\n<td>&gt;10.0<\/td>\n<\/tr>\n<\/tbody>\n<\/table>\n<h2>Avantages de l'anneau conjugu\u00e9 en plastique<\/h2>\n<ul>\n<li>Conception structurelle sp\u00e9ciale pour un flux important et une faible perte de charge<\/li>\n<li>Bonne capacit\u00e9 de r\u00e9sistance aux chocs et longue dur\u00e9e de vie<\/li>\n<li>Forte r\u00e9sistance \u00e0 la corrosion chimique<\/li>\n<li>Grand espace vide pour une grande efficacit\u00e9<\/li>\n<li>\u00c9conomie d'\u00e9nergie, faible co\u00fbt d'exploitation et facilit\u00e9 de chargement\/d\u00e9chargement<\/li>\n<\/ul>\n<h2>Applications de l'anneau conjugu\u00e9 en plastique<\/h2>\n<p>Les anneaux conjugu\u00e9s en plastique sont largement utilis\u00e9s dans le raffinage du p\u00e9trole, le traitement chimique, la production de chlorure alcalin, le traitement des gaz et les industries de protection de l'environnement.<br \/>\nIls conviennent \u00e0 des applications o\u00f9 les temp\u00e9ratures de fonctionnement peuvent atteindre 280\u00b0C, en fonction du mat\u00e9riau choisi.<br \/>\nDans les tours \u00e0 garnissage, les laveurs et les colonnes de distillation, l'anneau conjugu\u00e9 en plastique permet une s\u00e9paration efficace tout en maintenant une faible consommation d'\u00e9nergie.<\/p>\n<h2>Paquet<\/h2>\n<p>Les anneaux conjugu\u00e9s en plastique sont emball\u00e9s de mani\u00e8re s\u00fbre afin d'\u00e9viter tout dommage pendant le transport, ce qui garantit qu'ils sont pr\u00eats \u00e0 \u00eatre utilis\u00e9s imm\u00e9diatement dans votre \u00e9quipement de traitement.<\/p>","protected":false},"excerpt":{"rendered":"<p>L'anneau conjugu\u00e9 en plastique est largement reconnu pour son flux important, sa faible r\u00e9sistance aux fluides et sa flexibilit\u00e9 op\u00e9rationnelle exceptionnelle. Il est con\u00e7u pour optimiser les performances des colonnes dans une grande vari\u00e9t\u00e9 d'applications chimiques, p\u00e9troli\u00e8res et environnementales. En am\u00e9liorant l'efficacit\u00e9 du contact, l'anneau conjugu\u00e9 en plastique augmente le d\u00e9bit tout en minimisant la perte de charge, ce qui en fait un choix privil\u00e9gi\u00e9 pour les proc\u00e9d\u00e9s industriels.<\/p>","protected":false},"featured_media":2894,"parent":0,"template":"","meta":{"_acf_changed":false,"_kad_blocks_custom_css":"","_kad_blocks_head_custom_js":"","_kad_blocks_body_custom_js":"","_kad_blocks_footer_custom_js":"","_kadence_starter_templates_imported_post":false,"_kad_post_transparent":"default","_kad_post_title":"","_kad_post_layout":"default","_kad_post_sidebar_id":"","_kad_post_content_style":"default","_kad_post_vertical_padding":"default","_kad_post_feature":"","_kad_post_feature_position":"","_kad_post_header":false,"_kad_post_footer":false},"pcategory":[22,25],"ptag":[],"class_list":["post-2893","product","type-product","status-publish","has-post-thumbnail","hentry","pcategory-random-packing","pcategory-plastic-random-packing"],"acf":[],"yoast_head":"<!-- This site is optimized with the Yoast SEO plugin v27.4 - https:\/\/yoast.com\/product\/yoast-seo-wordpress\/ -->\n<title>Plastic Conjugate Ring<\/title>\n<meta name=\"robots\" content=\"index, follow, max-snippet:-1, max-image-preview:large, max-video-preview:-1\" \/>\n<link rel=\"canonical\" href=\"https:\/\/cpxzx.com\/fr\/produit\/plastic-conjugate-ring-pe-pp-rpp-pvc-cpvc-pvdf\/\" \/>\n<meta property=\"og:locale\" content=\"fr_FR\" \/>\n<meta property=\"og:type\" content=\"article\" \/>\n<meta property=\"og:title\" content=\"Plastic Conjugate Ring\" \/>\n<meta property=\"og:description\" content=\"The plastic conjugate ring is widely recognized for its large flux, low fluid resistance, and outstanding operational flexibility. It is designed to optimize column performance in a variety of chemical, petroleum, and environmental applications. By improving contact efficiency, the plastic conjugate ring enhances throughput while minimizing pressure drop, making it a preferred choice for industrial processes.\" \/>\n<meta property=\"og:url\" content=\"https:\/\/cpxzx.com\/fr\/produit\/plastic-conjugate-ring-pe-pp-rpp-pvc-cpvc-pvdf\/\" \/>\n<meta property=\"og:site_name\" content=\"Cooling Tower Fill, China PVC Fills Manufacturer\" \/>\n<meta property=\"article:modified_time\" content=\"2025-08-17T14:32:13+00:00\" \/>\n<meta property=\"og:image\" content=\"https:\/\/cpxzx.com\/wp-content\/uploads\/2025\/08\/Plastic-Conjugate-Ring-2.jpg\" \/>\n\t<meta property=\"og:image:width\" content=\"550\" \/>\n\t<meta property=\"og:image:height\" content=\"550\" \/>\n\t<meta property=\"og:image:type\" content=\"image\/jpeg\" \/>\n<meta name=\"twitter:card\" content=\"summary_large_image\" \/>\n<meta name=\"twitter:label1\" content=\"Dur\u00e9e de lecture estim\u00e9e\" \/>\n\t<meta name=\"twitter:data1\" content=\"2 minutes\" \/>\n<script type=\"application\/ld+json\" class=\"yoast-schema-graph\">{\"@context\":\"https:\\\/\\\/schema.org\",\"@graph\":[{\"@type\":\"WebPage\",\"@id\":\"https:\\\/\\\/cpxzx.com\\\/product\\\/plastic-conjugate-ring-pe-pp-rpp-pvc-cpvc-pvdf\\\/\",\"url\":\"https:\\\/\\\/cpxzx.com\\\/product\\\/plastic-conjugate-ring-pe-pp-rpp-pvc-cpvc-pvdf\\\/\",\"name\":\"Plastic Conjugate Ring\",\"isPartOf\":{\"@id\":\"https:\\\/\\\/cpxzx.com\\\/#website\"},\"primaryImageOfPage\":{\"@id\":\"https:\\\/\\\/cpxzx.com\\\/product\\\/plastic-conjugate-ring-pe-pp-rpp-pvc-cpvc-pvdf\\\/#primaryimage\"},\"image\":{\"@id\":\"https:\\\/\\\/cpxzx.com\\\/product\\\/plastic-conjugate-ring-pe-pp-rpp-pvc-cpvc-pvdf\\\/#primaryimage\"},\"thumbnailUrl\":\"https:\\\/\\\/cpxzx.com\\\/wp-content\\\/uploads\\\/2025\\\/08\\\/Plastic-Conjugate-Ring-2.jpg\",\"datePublished\":\"2025-08-12T05:36:56+00:00\",\"dateModified\":\"2025-08-17T14:32:13+00:00\",\"breadcrumb\":{\"@id\":\"https:\\\/\\\/cpxzx.com\\\/product\\\/plastic-conjugate-ring-pe-pp-rpp-pvc-cpvc-pvdf\\\/#breadcrumb\"},\"inLanguage\":\"fr-FR\",\"potentialAction\":[{\"@type\":\"ReadAction\",\"target\":[\"https:\\\/\\\/cpxzx.com\\\/product\\\/plastic-conjugate-ring-pe-pp-rpp-pvc-cpvc-pvdf\\\/\"]}]},{\"@type\":\"ImageObject\",\"inLanguage\":\"fr-FR\",\"@id\":\"https:\\\/\\\/cpxzx.com\\\/product\\\/plastic-conjugate-ring-pe-pp-rpp-pvc-cpvc-pvdf\\\/#primaryimage\",\"url\":\"https:\\\/\\\/cpxzx.com\\\/wp-content\\\/uploads\\\/2025\\\/08\\\/Plastic-Conjugate-Ring-2.jpg\",\"contentUrl\":\"https:\\\/\\\/cpxzx.com\\\/wp-content\\\/uploads\\\/2025\\\/08\\\/Plastic-Conjugate-Ring-2.jpg\",\"width\":550,\"height\":550},{\"@type\":\"BreadcrumbList\",\"@id\":\"https:\\\/\\\/cpxzx.com\\\/product\\\/plastic-conjugate-ring-pe-pp-rpp-pvc-cpvc-pvdf\\\/#breadcrumb\",\"itemListElement\":[{\"@type\":\"ListItem\",\"position\":1,\"name\":\"Home\",\"item\":\"https:\\\/\\\/cpxzx.com\\\/\"},{\"@type\":\"ListItem\",\"position\":2,\"name\":\"Random Packing\",\"item\":\"https:\\\/\\\/cpxzx.com\\\/pcategory\\\/random-packing\\\/\"},{\"@type\":\"ListItem\",\"position\":3,\"name\":\"Plastic Conjugate Ring PE, PP, RPP, PVC, CPVC, PVDF\"}]},{\"@type\":\"WebSite\",\"@id\":\"https:\\\/\\\/cpxzx.com\\\/#website\",\"url\":\"https:\\\/\\\/cpxzx.com\\\/\",\"name\":\"Cooling Tower Fill, China PVC Fills Manufacturer\",\"description\":\"\",\"publisher\":{\"@id\":\"https:\\\/\\\/cpxzx.com\\\/#organization\"},\"potentialAction\":[{\"@type\":\"SearchAction\",\"target\":{\"@type\":\"EntryPoint\",\"urlTemplate\":\"https:\\\/\\\/cpxzx.com\\\/?s={search_term_string}\"},\"query-input\":{\"@type\":\"PropertyValueSpecification\",\"valueRequired\":true,\"valueName\":\"search_term_string\"}}],\"inLanguage\":\"fr-FR\"},{\"@type\":\"Organization\",\"@id\":\"https:\\\/\\\/cpxzx.com\\\/#organization\",\"name\":\"Cooling Tower Fill, China PVC Fills Manufacturer\",\"url\":\"https:\\\/\\\/cpxzx.com\\\/\",\"logo\":{\"@type\":\"ImageObject\",\"inLanguage\":\"fr-FR\",\"@id\":\"https:\\\/\\\/cpxzx.com\\\/#\\\/schema\\\/logo\\\/image\\\/\",\"url\":\"https:\\\/\\\/cpxzx.com\\\/wp-content\\\/uploads\\\/2025\\\/07\\\/1751628807-logo.png\",\"contentUrl\":\"https:\\\/\\\/cpxzx.com\\\/wp-content\\\/uploads\\\/2025\\\/07\\\/1751628807-logo.png\",\"width\":383,\"height\":87,\"caption\":\"Cooling Tower Fill, China PVC Fills Manufacturer\"},\"image\":{\"@id\":\"https:\\\/\\\/cpxzx.com\\\/#\\\/schema\\\/logo\\\/image\\\/\"}}]}<\/script>\n<!-- \/ Yoast SEO plugin. -->","yoast_head_json":{"title":"Plastic Conjugate Ring","robots":{"index":"index","follow":"follow","max-snippet":"max-snippet:-1","max-image-preview":"max-image-preview:large","max-video-preview":"max-video-preview:-1"},"canonical":"https:\/\/cpxzx.com\/fr\/produit\/plastic-conjugate-ring-pe-pp-rpp-pvc-cpvc-pvdf\/","og_locale":"fr_FR","og_type":"article","og_title":"Plastic Conjugate Ring","og_description":"The plastic conjugate ring is widely recognized for its large flux, low fluid resistance, and outstanding operational flexibility. It is designed to optimize column performance in a variety of chemical, petroleum, and environmental applications. By improving contact efficiency, the plastic conjugate ring enhances throughput while minimizing pressure drop, making it a preferred choice for industrial processes.","og_url":"https:\/\/cpxzx.com\/fr\/produit\/plastic-conjugate-ring-pe-pp-rpp-pvc-cpvc-pvdf\/","og_site_name":"Cooling Tower Fill, China PVC Fills Manufacturer","article_modified_time":"2025-08-17T14:32:13+00:00","og_image":[{"width":550,"height":550,"url":"https:\/\/cpxzx.com\/wp-content\/uploads\/2025\/08\/Plastic-Conjugate-Ring-2.jpg","type":"image\/jpeg"}],"twitter_card":"summary_large_image","twitter_misc":{"Dur\u00e9e de lecture estim\u00e9e":"2 minutes"},"schema":{"@context":"https:\/\/schema.org","@graph":[{"@type":"WebPage","@id":"https:\/\/cpxzx.com\/product\/plastic-conjugate-ring-pe-pp-rpp-pvc-cpvc-pvdf\/","url":"https:\/\/cpxzx.com\/product\/plastic-conjugate-ring-pe-pp-rpp-pvc-cpvc-pvdf\/","name":"Plastic Conjugate Ring","isPartOf":{"@id":"https:\/\/cpxzx.com\/#website"},"primaryImageOfPage":{"@id":"https:\/\/cpxzx.com\/product\/plastic-conjugate-ring-pe-pp-rpp-pvc-cpvc-pvdf\/#primaryimage"},"image":{"@id":"https:\/\/cpxzx.com\/product\/plastic-conjugate-ring-pe-pp-rpp-pvc-cpvc-pvdf\/#primaryimage"},"thumbnailUrl":"https:\/\/cpxzx.com\/wp-content\/uploads\/2025\/08\/Plastic-Conjugate-Ring-2.jpg","datePublished":"2025-08-12T05:36:56+00:00","dateModified":"2025-08-17T14:32:13+00:00","breadcrumb":{"@id":"https:\/\/cpxzx.com\/product\/plastic-conjugate-ring-pe-pp-rpp-pvc-cpvc-pvdf\/#breadcrumb"},"inLanguage":"fr-FR","potentialAction":[{"@type":"ReadAction","target":["https:\/\/cpxzx.com\/product\/plastic-conjugate-ring-pe-pp-rpp-pvc-cpvc-pvdf\/"]}]},{"@type":"ImageObject","inLanguage":"fr-FR","@id":"https:\/\/cpxzx.com\/product\/plastic-conjugate-ring-pe-pp-rpp-pvc-cpvc-pvdf\/#primaryimage","url":"https:\/\/cpxzx.com\/wp-content\/uploads\/2025\/08\/Plastic-Conjugate-Ring-2.jpg","contentUrl":"https:\/\/cpxzx.com\/wp-content\/uploads\/2025\/08\/Plastic-Conjugate-Ring-2.jpg","width":550,"height":550},{"@type":"BreadcrumbList","@id":"https:\/\/cpxzx.com\/product\/plastic-conjugate-ring-pe-pp-rpp-pvc-cpvc-pvdf\/#breadcrumb","itemListElement":[{"@type":"ListItem","position":1,"name":"Home","item":"https:\/\/cpxzx.com\/"},{"@type":"ListItem","position":2,"name":"Random Packing","item":"https:\/\/cpxzx.com\/pcategory\/random-packing\/"},{"@type":"ListItem","position":3,"name":"Plastic Conjugate Ring PE, PP, RPP, PVC, CPVC, PVDF"}]},{"@type":"WebSite","@id":"https:\/\/cpxzx.com\/#website","url":"https:\/\/cpxzx.com\/","name":"Remplissage de tour de refroidissement, fabricant chinois de remplissages en PVC","description":"","publisher":{"@id":"https:\/\/cpxzx.com\/#organization"},"potentialAction":[{"@type":"SearchAction","target":{"@type":"EntryPoint","urlTemplate":"https:\/\/cpxzx.com\/?s={search_term_string}"},"query-input":{"@type":"PropertyValueSpecification","valueRequired":true,"valueName":"search_term_string"}}],"inLanguage":"fr-FR"},{"@type":"Organization","@id":"https:\/\/cpxzx.com\/#organization","name":"Remplissage de tour de refroidissement, fabricant chinois de remplissages en PVC","url":"https:\/\/cpxzx.com\/","logo":{"@type":"ImageObject","inLanguage":"fr-FR","@id":"https:\/\/cpxzx.com\/#\/schema\/logo\/image\/","url":"https:\/\/cpxzx.com\/wp-content\/uploads\/2025\/07\/1751628807-logo.png","contentUrl":"https:\/\/cpxzx.com\/wp-content\/uploads\/2025\/07\/1751628807-logo.png","width":383,"height":87,"caption":"Cooling Tower Fill, China PVC Fills Manufacturer"},"image":{"@id":"https:\/\/cpxzx.com\/#\/schema\/logo\/image\/"}}]}},"taxonomy_info":{"pcategory":[{"value":22,"label":"Random Packing"},{"value":25,"label":"Plastic Random Packing"}]},"featured_image_src_large":["https:\/\/cpxzx.com\/wp-content\/uploads\/2025\/08\/Plastic-Conjugate-Ring-2.jpg",550,550,false],"author_info":[],"comment_info":"","_links":{"self":[{"href":"https:\/\/cpxzx.com\/fr\/wp-json\/wp\/v2\/product\/2893","targetHints":{"allow":["GET"]}}],"collection":[{"href":"https:\/\/cpxzx.com\/fr\/wp-json\/wp\/v2\/product"}],"about":[{"href":"https:\/\/cpxzx.com\/fr\/wp-json\/wp\/v2\/types\/product"}],"wp:featuredmedia":[{"embeddable":true,"href":"https:\/\/cpxzx.com\/fr\/wp-json\/wp\/v2\/media\/2894"}],"wp:attachment":[{"href":"https:\/\/cpxzx.com\/fr\/wp-json\/wp\/v2\/media?parent=2893"}],"wp:term":[{"taxonomy":"pcategory","embeddable":true,"href":"https:\/\/cpxzx.com\/fr\/wp-json\/wp\/v2\/pcategory?post=2893"},{"taxonomy":"ptag","embeddable":true,"href":"https:\/\/cpxzx.com\/fr\/wp-json\/wp\/v2\/ptag?post=2893"}],"curies":[{"name":"wp","href":"https:\/\/api.w.org\/{rel}","templated":true}]}}