{"id":2891,"date":"2025-08-15T03:23:30","date_gmt":"2025-08-15T03:23:30","guid":{"rendered":"https:\/\/cpxzx.com\/?post_type=product&#038;p=2891"},"modified":"2025-08-15T03:23:30","modified_gmt":"2025-08-15T03:23:30","slug":"plastic-heilex-ring","status":"publish","type":"product","link":"https:\/\/cpxzx.com\/fr\/produit\/plastic-heilex-ring\/","title":{"rendered":"Plastique Heilex Ring PE, PP, RPP, PVC, CPVC, PVDF"},"content":{"rendered":"<p><strong>Anneau en plastique Heilex<\/strong> est une tour de conditionnement \u00e0 cellules ouvertes tr\u00e8s efficace pour le transfert de masse des gaz et des liquides.<br \/>\nLa conception est bas\u00e9e sur une structure en forme de selle et produite par moulage par injection afin d'agrandir la surface.<br \/>\net d'augmenter le taux de vide. L'anneau en plastique Heilex assure une distribution uniforme des gaz et des liquides, et permet d'obtenir des films liquides minces,<br \/>\nlongue dur\u00e9e de contact et faible r\u00e9sistance \u00e0 l'air, ce qui le rend adapt\u00e9 \u00e0 l'absorption, au refroidissement et \u00e0 la purification,<br \/>\net le traitement des eaux us\u00e9es.<\/p>\n<h2>Caract\u00e9ristiques<\/h2>\n<ul>\n<li>Mat\u00e9riaux : PE, PP, RPP, PVC, CPVC, PVDF, etc.<\/li>\n<li>Capacit\u00e9 \u00e9lev\u00e9e avec faible perte de charge<\/li>\n<li>Efficacit\u00e9 \u00e9lev\u00e9e du transfert de masse et faible poids sp\u00e9cifique<\/li>\n<li>Forte r\u00e9sistance \u00e0 la corrosion chimique<\/li>\n<li>\u00c9conomie d'\u00e9nergie et facilit\u00e9 d'utilisation<\/li>\n<\/ul>\n<h2>Sp\u00e9cifications<\/h2>\n<table style=\"border-collapse: collapse; width: 100%; text-align: center;\" border=\"1\" cellspacing=\"0\" cellpadding=\"8\">\n<thead>\n<tr>\n<th>Sp\u00e9cifications<br \/>\n(mm)<\/th>\n<th>Num\u00e9ros en vrac<br \/>\n(par\/m\u00b3)<\/th>\n<th>Surface<br \/>\n(m\u00b2\/m\u00b3)<\/th>\n<th>Volume libre<br \/>\n(%)<\/th>\n<th>Facteur d'empaquetage \u00e0 sec<br \/>\n(m-\u00b9)<\/th>\n<\/tr>\n<\/thead>\n<tbody>\n<tr>\n<td>50\u00d750<\/td>\n<td>8000<\/td>\n<td>110<\/td>\n<td>94<\/td>\n<td>133<\/td>\n<\/tr>\n<tr>\n<td>76\u00d776<\/td>\n<td>3420<\/td>\n<td>92<\/td>\n<td>94.5<\/td>\n<td>105<\/td>\n<\/tr>\n<tr>\n<td>100\u00d7100<\/td>\n<td>1680<\/td>\n<td>76<\/td>\n<td>95<\/td>\n<td>76<\/td>\n<\/tr>\n<\/tbody>\n<\/table>\n<h2>Avantages de l'anneau en plastique Heilex<\/h2>\n<p>L'anneau Heilex en plastique offre un taux de vide \u00e9lev\u00e9 pour une perte de charge plus faible et une am\u00e9lioration de l'hydraulique.<br \/>\nSa g\u00e9om\u00e9trie \u00e0 cellules ouvertes favorise une r\u00e9partition uniforme des liquides et emp\u00eache la formation de canaux.<br \/>\nLa construction l\u00e9g\u00e8re facilite l'installation, tandis que les polym\u00e8res durables offrent d'excellentes performances.<br \/>\nr\u00e9sistance aux produits chimiques et une longue dur\u00e9e de vie. L'anneau en plastique Heilex r\u00e9duit la fr\u00e9quence des entretiens<br \/>\net les co\u00fbts d'exploitation dans diverses conditions.<\/p>\n<h2>Applications<\/h2>\n<ul>\n<li>Traitement des eaux us\u00e9es : une plus grande surface sp\u00e9cifique am\u00e9liore le contact entre les eaux us\u00e9es et les micro-organismes, ce qui accro\u00eet l'efficacit\u00e9 du traitement biologique.<\/li>\n<li>Purification des gaz et processus de r\u00e9action chimique dans les laveurs, les absorbeurs et les tours de stripage.<\/li>\n<li>Syst\u00e8mes de refroidissement industriels et ing\u00e9nierie de la protection de l'environnement pour l'\u00e9limination des polluants.<\/li>\n<li>Services g\u00e9n\u00e9raux de transfert de masse n\u00e9cessitant des performances stables et une faible consommation d'\u00e9nergie.<\/li>\n<\/ul>\n<h2>Emballage<\/h2>\n<p>L'anneau en plastique Heilex est fourni dans des sacs tiss\u00e9s ou des conteneurs en vrac, et des emballages personnalis\u00e9s sont disponibles.<br \/>\npour garantir un transport s\u00fbr et une manipulation ais\u00e9e avant l'installation.<\/p>\n<h2>Pourquoi choisir l'anneau en plastique Heilex<\/h2>\n<p>Choisissez l'anneau en plastique Heilex pour une performance de transfert de masse fiable, une faible perte de charge et une large gamme de produits.<br \/>\ncompatibilit\u00e9 chimique. Sa structure \u00e0 base de selle, moul\u00e9e par injection, offre une qualit\u00e9 constante,<br \/>\nfaisant de la bague en plastique Heilex une solution fiable pour le traitement de l'eau, le traitement chimique,<br \/>\net les syst\u00e8mes de contr\u00f4le de la pollution de l'air.<\/p>","protected":false},"excerpt":{"rendered":"<p>The characteristics of Plastic Heilex Ring include large surface area, high porosity, small volume,<br \/>\nlow air resistance, thin liquid film thickness, and long contact time of liquid flow on the packing.<br \/>\nIt is suitable for all kinds of gas and liquid mass transfer processes. The filler also has strong<br \/>\ncorrosion resistance, high strength, high plugging resistance, and long service life. Plastic Heilex Ring<br \/>\nmaintains stable operation while reducing energy consumption.<\/p>","protected":false},"featured_media":2892,"parent":0,"template":"","meta":{"_acf_changed":false,"_kad_blocks_custom_css":"","_kad_blocks_head_custom_js":"","_kad_blocks_body_custom_js":"","_kad_blocks_footer_custom_js":"","_kadence_starter_templates_imported_post":false,"_kad_post_transparent":"default","_kad_post_title":"","_kad_post_layout":"default","_kad_post_sidebar_id":"","_kad_post_content_style":"default","_kad_post_vertical_padding":"default","_kad_post_feature":"","_kad_post_feature_position":"","_kad_post_header":false,"_kad_post_footer":false},"pcategory":[22,25],"ptag":[],"class_list":["post-2891","product","type-product","status-publish","has-post-thumbnail","hentry","pcategory-random-packing","pcategory-plastic-random-packing"],"acf":[],"yoast_head":"<!-- This site is optimized with the Yoast SEO plugin v27.4 - https:\/\/yoast.com\/product\/yoast-seo-wordpress\/ -->\n<title>Plastic Heilex Ring<\/title>\n<meta name=\"robots\" content=\"index, follow, max-snippet:-1, max-image-preview:large, max-video-preview:-1\" \/>\n<link rel=\"canonical\" href=\"https:\/\/cpxzx.com\/fr\/produit\/plastic-heilex-ring\/\" \/>\n<meta property=\"og:locale\" content=\"fr_FR\" \/>\n<meta property=\"og:type\" content=\"article\" \/>\n<meta property=\"og:title\" content=\"Plastic Heilex Ring\" \/>\n<meta property=\"og:description\" content=\"The characteristics of Plastic Heilex Ring include large surface area, high porosity, small volume, low air resistance, thin liquid film thickness, and long contact time of liquid flow on the packing. It is suitable for all kinds of gas and liquid mass transfer processes. The filler also has strong corrosion resistance, high strength, high plugging resistance, and long service life. Plastic Heilex Ring maintains stable operation while reducing energy consumption.\" \/>\n<meta property=\"og:url\" content=\"https:\/\/cpxzx.com\/fr\/produit\/plastic-heilex-ring\/\" \/>\n<meta property=\"og:site_name\" content=\"Cooling Tower Fill, China PVC Fills Manufacturer\" \/>\n<meta property=\"og:image\" content=\"https:\/\/cpxzx.com\/wp-content\/uploads\/2025\/08\/Plastic-Heilex-Ring.jpg\" \/>\n\t<meta property=\"og:image:width\" content=\"550\" \/>\n\t<meta property=\"og:image:height\" content=\"550\" \/>\n\t<meta property=\"og:image:type\" content=\"image\/jpeg\" \/>\n<meta name=\"twitter:card\" content=\"summary_large_image\" \/>\n<meta name=\"twitter:label1\" content=\"Dur\u00e9e de lecture estim\u00e9e\" \/>\n\t<meta name=\"twitter:data1\" content=\"2 minutes\" \/>\n<script type=\"application\/ld+json\" class=\"yoast-schema-graph\">{\"@context\":\"https:\\\/\\\/schema.org\",\"@graph\":[{\"@type\":\"WebPage\",\"@id\":\"https:\\\/\\\/cpxzx.com\\\/product\\\/plastic-heilex-ring\\\/\",\"url\":\"https:\\\/\\\/cpxzx.com\\\/product\\\/plastic-heilex-ring\\\/\",\"name\":\"Plastic Heilex Ring\",\"isPartOf\":{\"@id\":\"https:\\\/\\\/cpxzx.com\\\/#website\"},\"primaryImageOfPage\":{\"@id\":\"https:\\\/\\\/cpxzx.com\\\/product\\\/plastic-heilex-ring\\\/#primaryimage\"},\"image\":{\"@id\":\"https:\\\/\\\/cpxzx.com\\\/product\\\/plastic-heilex-ring\\\/#primaryimage\"},\"thumbnailUrl\":\"https:\\\/\\\/cpxzx.com\\\/wp-content\\\/uploads\\\/2025\\\/08\\\/Plastic-Heilex-Ring.jpg\",\"datePublished\":\"2025-08-15T03:23:30+00:00\",\"breadcrumb\":{\"@id\":\"https:\\\/\\\/cpxzx.com\\\/product\\\/plastic-heilex-ring\\\/#breadcrumb\"},\"inLanguage\":\"fr-FR\",\"potentialAction\":[{\"@type\":\"ReadAction\",\"target\":[\"https:\\\/\\\/cpxzx.com\\\/product\\\/plastic-heilex-ring\\\/\"]}]},{\"@type\":\"ImageObject\",\"inLanguage\":\"fr-FR\",\"@id\":\"https:\\\/\\\/cpxzx.com\\\/product\\\/plastic-heilex-ring\\\/#primaryimage\",\"url\":\"https:\\\/\\\/cpxzx.com\\\/wp-content\\\/uploads\\\/2025\\\/08\\\/Plastic-Heilex-Ring.jpg\",\"contentUrl\":\"https:\\\/\\\/cpxzx.com\\\/wp-content\\\/uploads\\\/2025\\\/08\\\/Plastic-Heilex-Ring.jpg\",\"width\":550,\"height\":550},{\"@type\":\"BreadcrumbList\",\"@id\":\"https:\\\/\\\/cpxzx.com\\\/product\\\/plastic-heilex-ring\\\/#breadcrumb\",\"itemListElement\":[{\"@type\":\"ListItem\",\"position\":1,\"name\":\"Home\",\"item\":\"https:\\\/\\\/cpxzx.com\\\/\"},{\"@type\":\"ListItem\",\"position\":2,\"name\":\"Random Packing\",\"item\":\"https:\\\/\\\/cpxzx.com\\\/pcategory\\\/random-packing\\\/\"},{\"@type\":\"ListItem\",\"position\":3,\"name\":\"Plastic Heilex Ring PE, PP, RPP, PVC, CPVC, PVDF\"}]},{\"@type\":\"WebSite\",\"@id\":\"https:\\\/\\\/cpxzx.com\\\/#website\",\"url\":\"https:\\\/\\\/cpxzx.com\\\/\",\"name\":\"Cooling Tower Fill, China PVC Fills Manufacturer\",\"description\":\"\",\"publisher\":{\"@id\":\"https:\\\/\\\/cpxzx.com\\\/#organization\"},\"potentialAction\":[{\"@type\":\"SearchAction\",\"target\":{\"@type\":\"EntryPoint\",\"urlTemplate\":\"https:\\\/\\\/cpxzx.com\\\/?s={search_term_string}\"},\"query-input\":{\"@type\":\"PropertyValueSpecification\",\"valueRequired\":true,\"valueName\":\"search_term_string\"}}],\"inLanguage\":\"fr-FR\"},{\"@type\":\"Organization\",\"@id\":\"https:\\\/\\\/cpxzx.com\\\/#organization\",\"name\":\"Cooling Tower Fill, China PVC Fills Manufacturer\",\"url\":\"https:\\\/\\\/cpxzx.com\\\/\",\"logo\":{\"@type\":\"ImageObject\",\"inLanguage\":\"fr-FR\",\"@id\":\"https:\\\/\\\/cpxzx.com\\\/#\\\/schema\\\/logo\\\/image\\\/\",\"url\":\"https:\\\/\\\/cpxzx.com\\\/wp-content\\\/uploads\\\/2025\\\/07\\\/1751628807-logo.png\",\"contentUrl\":\"https:\\\/\\\/cpxzx.com\\\/wp-content\\\/uploads\\\/2025\\\/07\\\/1751628807-logo.png\",\"width\":383,\"height\":87,\"caption\":\"Cooling Tower Fill, China PVC Fills Manufacturer\"},\"image\":{\"@id\":\"https:\\\/\\\/cpxzx.com\\\/#\\\/schema\\\/logo\\\/image\\\/\"}}]}<\/script>\n<!-- \/ Yoast SEO plugin. -->","yoast_head_json":{"title":"Anneau en plastique Heilex","robots":{"index":"index","follow":"follow","max-snippet":"max-snippet:-1","max-image-preview":"max-image-preview:large","max-video-preview":"max-video-preview:-1"},"canonical":"https:\/\/cpxzx.com\/fr\/produit\/plastic-heilex-ring\/","og_locale":"fr_FR","og_type":"article","og_title":"Plastic Heilex Ring","og_description":"The characteristics of Plastic Heilex Ring include large surface area, high porosity, small volume, low air resistance, thin liquid film thickness, and long contact time of liquid flow on the packing. It is suitable for all kinds of gas and liquid mass transfer processes. The filler also has strong corrosion resistance, high strength, high plugging resistance, and long service life. Plastic Heilex Ring maintains stable operation while reducing energy consumption.","og_url":"https:\/\/cpxzx.com\/fr\/produit\/plastic-heilex-ring\/","og_site_name":"Cooling Tower Fill, China PVC Fills Manufacturer","og_image":[{"width":550,"height":550,"url":"https:\/\/cpxzx.com\/wp-content\/uploads\/2025\/08\/Plastic-Heilex-Ring.jpg","type":"image\/jpeg"}],"twitter_card":"summary_large_image","twitter_misc":{"Dur\u00e9e de lecture estim\u00e9e":"2 minutes"},"schema":{"@context":"https:\/\/schema.org","@graph":[{"@type":"WebPage","@id":"https:\/\/cpxzx.com\/product\/plastic-heilex-ring\/","url":"https:\/\/cpxzx.com\/product\/plastic-heilex-ring\/","name":"Anneau en plastique Heilex","isPartOf":{"@id":"https:\/\/cpxzx.com\/#website"},"primaryImageOfPage":{"@id":"https:\/\/cpxzx.com\/product\/plastic-heilex-ring\/#primaryimage"},"image":{"@id":"https:\/\/cpxzx.com\/product\/plastic-heilex-ring\/#primaryimage"},"thumbnailUrl":"https:\/\/cpxzx.com\/wp-content\/uploads\/2025\/08\/Plastic-Heilex-Ring.jpg","datePublished":"2025-08-15T03:23:30+00:00","breadcrumb":{"@id":"https:\/\/cpxzx.com\/product\/plastic-heilex-ring\/#breadcrumb"},"inLanguage":"fr-FR","potentialAction":[{"@type":"ReadAction","target":["https:\/\/cpxzx.com\/product\/plastic-heilex-ring\/"]}]},{"@type":"ImageObject","inLanguage":"fr-FR","@id":"https:\/\/cpxzx.com\/product\/plastic-heilex-ring\/#primaryimage","url":"https:\/\/cpxzx.com\/wp-content\/uploads\/2025\/08\/Plastic-Heilex-Ring.jpg","contentUrl":"https:\/\/cpxzx.com\/wp-content\/uploads\/2025\/08\/Plastic-Heilex-Ring.jpg","width":550,"height":550},{"@type":"BreadcrumbList","@id":"https:\/\/cpxzx.com\/product\/plastic-heilex-ring\/#breadcrumb","itemListElement":[{"@type":"ListItem","position":1,"name":"Home","item":"https:\/\/cpxzx.com\/"},{"@type":"ListItem","position":2,"name":"Random Packing","item":"https:\/\/cpxzx.com\/pcategory\/random-packing\/"},{"@type":"ListItem","position":3,"name":"Plastic Heilex Ring PE, PP, RPP, PVC, CPVC, PVDF"}]},{"@type":"WebSite","@id":"https:\/\/cpxzx.com\/#website","url":"https:\/\/cpxzx.com\/","name":"Remplissage de tour de refroidissement, fabricant chinois de remplissages en PVC","description":"","publisher":{"@id":"https:\/\/cpxzx.com\/#organization"},"potentialAction":[{"@type":"SearchAction","target":{"@type":"EntryPoint","urlTemplate":"https:\/\/cpxzx.com\/?s={search_term_string}"},"query-input":{"@type":"PropertyValueSpecification","valueRequired":true,"valueName":"search_term_string"}}],"inLanguage":"fr-FR"},{"@type":"Organization","@id":"https:\/\/cpxzx.com\/#organization","name":"Remplissage de tour de refroidissement, fabricant chinois de remplissages en PVC","url":"https:\/\/cpxzx.com\/","logo":{"@type":"ImageObject","inLanguage":"fr-FR","@id":"https:\/\/cpxzx.com\/#\/schema\/logo\/image\/","url":"https:\/\/cpxzx.com\/wp-content\/uploads\/2025\/07\/1751628807-logo.png","contentUrl":"https:\/\/cpxzx.com\/wp-content\/uploads\/2025\/07\/1751628807-logo.png","width":383,"height":87,"caption":"Cooling Tower Fill, China PVC Fills Manufacturer"},"image":{"@id":"https:\/\/cpxzx.com\/#\/schema\/logo\/image\/"}}]}},"taxonomy_info":{"pcategory":[{"value":22,"label":"Random Packing"},{"value":25,"label":"Plastic Random Packing"}]},"featured_image_src_large":["https:\/\/cpxzx.com\/wp-content\/uploads\/2025\/08\/Plastic-Heilex-Ring.jpg",550,550,false],"author_info":[],"comment_info":"","_links":{"self":[{"href":"https:\/\/cpxzx.com\/fr\/wp-json\/wp\/v2\/product\/2891","targetHints":{"allow":["GET"]}}],"collection":[{"href":"https:\/\/cpxzx.com\/fr\/wp-json\/wp\/v2\/product"}],"about":[{"href":"https:\/\/cpxzx.com\/fr\/wp-json\/wp\/v2\/types\/product"}],"wp:featuredmedia":[{"embeddable":true,"href":"https:\/\/cpxzx.com\/fr\/wp-json\/wp\/v2\/media\/2892"}],"wp:attachment":[{"href":"https:\/\/cpxzx.com\/fr\/wp-json\/wp\/v2\/media?parent=2891"}],"wp:term":[{"taxonomy":"pcategory","embeddable":true,"href":"https:\/\/cpxzx.com\/fr\/wp-json\/wp\/v2\/pcategory?post=2891"},{"taxonomy":"ptag","embeddable":true,"href":"https:\/\/cpxzx.com\/fr\/wp-json\/wp\/v2\/ptag?post=2891"}],"curies":[{"name":"wp","href":"https:\/\/api.w.org\/{rel}","templated":true}]}}