{"id":2888,"date":"2025-08-11T08:59:41","date_gmt":"2025-08-11T08:59:41","guid":{"rendered":"https:\/\/cpxzx.com\/?post_type=product&#038;p=2888"},"modified":"2025-08-11T08:59:41","modified_gmt":"2025-08-11T08:59:41","slug":"plastic-hollow-floatation","status":"publish","type":"product","link":"https:\/\/cpxzx.com\/fr\/produit\/plastic-hollow-floatation\/","title":{"rendered":"Boule de flottaison creuse en plastique PE,PP,RPP,PVC,CPVC"},"content":{"rendered":"<p><strong>Boule de flottaison creuse en plastique<\/strong> est un mat\u00e9riau de garnissage efficace et polyvalent, largement utilis\u00e9 dans diverses applications industrielles. Il offre un volume libre \u00e9lev\u00e9, une faible perte de charge et une grande efficacit\u00e9 de transfert de masse. Le produit est con\u00e7u pour offrir un excellent contact gaz-liquide et des performances fiables dans diff\u00e9rentes conditions de travail. Gr\u00e2ce \u00e0 une technologie de fabrication avanc\u00e9e, la bille creuse de flottaison en plastique r\u00e9pond aux exigences op\u00e9rationnelles et aux normes de conformit\u00e9 des industries du monde entier.<\/p>\n<h2>Caract\u00e9ristiques de la boule de flottaison creuse en plastique<\/h2>\n<p>La boule de flottaison creuse en plastique est fabriqu\u00e9e \u00e0 partir de mati\u00e8res plastiques r\u00e9sistantes \u00e0 la chaleur et \u00e0 la corrosion chimique, telles que le poly\u00e9thyl\u00e8ne (PE), le polypropyl\u00e8ne (PP), le polypropyl\u00e8ne renforc\u00e9 (RPP), le chlorure de polyvinyle (PVC), le chlorure de polyvinyle chlor\u00e9 (CPVC) et le fluorure de polyvinylid\u00e8ne (PVDF). Il est l\u00e9ger, durable et facile \u00e0 installer. La temp\u00e9rature d'application dans les milieux varie de 60\u00b0C \u00e0 150\u00b0C, ce qui le rend adapt\u00e9 \u00e0 un large \u00e9ventail d'environnements. La structure unique offre des points d'inondation \u00e9lev\u00e9s, un contact gaz-liquide uniforme et une excellente stabilit\u00e9 op\u00e9rationnelle.<\/p>\n<ul>\n<li>Volume libre \u00e9lev\u00e9 et faible perte de charge<\/li>\n<li>Efficacit\u00e9 \u00e9lev\u00e9e de la s\u00e9paration et du transfert de masse<\/li>\n<li>Forte r\u00e9sistance \u00e0 la corrosion chimique<\/li>\n<li>\u00c9conomie d'\u00e9nergie et facilit\u00e9 d'utilisation<\/li>\n<li>Longue dur\u00e9e de vie dans les environnements difficiles<\/li>\n<\/ul>\n<h2>Sp\u00e9cifications<\/h2>\n<p>Vous trouverez ci-dessous les donn\u00e9es techniques de l'emballage de la boule creuse de flottaison en plastique.<\/p>\n<table border=\"1\" cellspacing=\"0\" cellpadding=\"5\">\n<tbody>\n<tr>\n<th>Sp\u00e9cifications<br \/>\n(mm)<\/th>\n<th>Surface<br \/>\n(m\u00b2\/m\u00b3)<\/th>\n<th>Volume libre<br \/>\n(%)<\/th>\n<th>Densit\u00e9 apparente<br \/>\n(kg\/m\u00b3)<\/th>\n<th>Nombre par<br \/>\nm\u00b3<\/th>\n<\/tr>\n<tr>\n<td>\u00f8 25*1.0<\/td>\n<td>200<\/td>\n<td>40<\/td>\n<td>125<\/td>\n<td>41500<\/td>\n<\/tr>\n<tr>\n<td>\u00f8 38*1.2<\/td>\n<td>150<\/td>\n<td>40<\/td>\n<td>121<\/td>\n<td>22000<\/td>\n<\/tr>\n<tr>\n<td>\u00f8 50*1.5<\/td>\n<td>120<\/td>\n<td>40<\/td>\n<td>73<\/td>\n<td>10480<\/td>\n<\/tr>\n<\/tbody>\n<\/table>\n<h2>Avantages<\/h2>\n<p>Les avantages de l'utilisation de la boule de flottaison creuse en plastique sont les suivants :<\/p>\n<ul>\n<li>Excellente efficacit\u00e9 du contact gaz-liquide<\/li>\n<li>Centre de gravit\u00e9 stable et conception des bords qui se chevauchent<\/li>\n<li>Bon effet couvrant pour les surfaces des r\u00e9servoirs<\/li>\n<li>R\u00e9duction des pertes de chaleur et de l'\u00e9vaporation<\/li>\n<li>Contr\u00f4le efficace des odeurs et du brouillard<\/li>\n<\/ul>\n<h2>Applications<\/h2>\n<p>La bille creuse de flottaison en plastique est largement utilis\u00e9e dans l'industrie p\u00e9troli\u00e8re, l'industrie chimique, l'industrie des chlorures alcalins, l'industrie du gaz de charbon et la protection de l'environnement. Elle est particuli\u00e8rement efficace pour la purification des gaz d'\u00e9chappement chimiques, le d\u00e9poussi\u00e9rage des gaz de combustion, la r\u00e9cup\u00e9ration des gaz d'\u00e9chappement et la purification des brouillards d'acide. Le produit est \u00e9galement utilis\u00e9 dans les r\u00e9servoirs horizontaux de stockage d'acide, les r\u00e9servoirs de stockage de condensat et les r\u00e9servoirs d'eau d\u00e9min\u00e9ralis\u00e9e dans les installations de traitement de l'eau. Il r\u00e9duit la pollution par le brouillard acide, emp\u00eache la contamination par le CO\u2082 et l'O\u2082, prot\u00e8ge la sant\u00e9 des op\u00e9rateurs et contribue \u00e0 pr\u00e9server la qualit\u00e9 de l'eau.<\/p>\n<p>Les autres applications de la boule de flottaison creuse en plastique sont les suivantes :<\/p>\n<ul>\n<li>Recouvrement des surfaces liquides dans les r\u00e9servoirs de stockage pour r\u00e9duire les pertes de chaleur<\/li>\n<li>Minimiser l'\u00e9vaporation et am\u00e9liorer la s\u00e9curit\u00e9<\/li>\n<li>Servant de clapet anti-retour dans les syst\u00e8mes de contr\u00f4le du d\u00e9bit<\/li>\n<\/ul>\n<h2>Options de mat\u00e9riaux<\/h2>\n<p>Les boules de flottaison creuses en plastique peuvent \u00eatre fabriqu\u00e9es en PE, PP, RPP, PVC, CPVC et PVDF en fonction des besoins op\u00e9rationnels sp\u00e9cifiques. Ces mat\u00e9riaux offrent une excellente durabilit\u00e9, une stabilit\u00e9 chimique et des performances \u00e0 long terme dans les environnements acides et alcalins.<\/p>\n<h2>Emballage<\/h2>\n<p>Nous proposons un emballage s\u00fbr et professionnel pour les boules de flottaison creuses en plastique afin de garantir une livraison en toute s\u00e9curit\u00e9. Notre \u00e9quipe vous aidera \u00e0 s\u00e9lectionner la bonne taille et le bon mat\u00e9riau en fonction de vos besoins industriels.<\/p>\n<p>En tant que fabricant leader de billes creuses de flottaison en plastique, nous fournissons des produits de haute qualit\u00e9 \u00e0 des prix comp\u00e9titifs et un service fiable. Contactez-nous d\u00e8s aujourd'hui pour discuter des besoins de votre application et obtenir des recommandations d'experts pour obtenir les meilleures performances dans votre processus.<\/p>","protected":false},"excerpt":{"rendered":"<p>Plastic Hollow Floatation Ball is a lightweight, durable packing material made from corrosion-resistant plastics such as PE, PP, PVC, and PVDF.<br \/>\nIt offers high free volume, low pressure drop, and excellent gas-liquid contact, making it ideal for reducing heat loss, controlling evaporation, and improving separation efficiency in industries such as chemical, petroleum, environmental protection, and water treatment.<\/p>","protected":false},"featured_media":2890,"parent":0,"template":"","meta":{"_acf_changed":false,"_kad_blocks_custom_css":"","_kad_blocks_head_custom_js":"","_kad_blocks_body_custom_js":"","_kad_blocks_footer_custom_js":"","_kadence_starter_templates_imported_post":false,"_kad_post_transparent":"default","_kad_post_title":"","_kad_post_layout":"default","_kad_post_sidebar_id":"","_kad_post_content_style":"default","_kad_post_vertical_padding":"default","_kad_post_feature":"","_kad_post_feature_position":"","_kad_post_header":false,"_kad_post_footer":false},"pcategory":[22,25],"ptag":[],"class_list":["post-2888","product","type-product","status-publish","has-post-thumbnail","hentry","pcategory-random-packing","pcategory-plastic-random-packing"],"acf":[],"yoast_head":"<!-- This site is optimized with the Yoast SEO plugin v27.4 - https:\/\/yoast.com\/product\/yoast-seo-wordpress\/ -->\n<title>Plastic Hollow Floatation Ball<\/title>\n<meta name=\"robots\" content=\"index, follow, max-snippet:-1, max-image-preview:large, max-video-preview:-1\" \/>\n<link rel=\"canonical\" href=\"https:\/\/cpxzx.com\/fr\/produit\/plastic-hollow-floatation\/\" \/>\n<meta property=\"og:locale\" content=\"fr_FR\" \/>\n<meta property=\"og:type\" content=\"article\" \/>\n<meta property=\"og:title\" content=\"Plastic Hollow Floatation Ball\" \/>\n<meta property=\"og:description\" content=\"Plastic Hollow Floatation Ball is a lightweight, durable packing material made from corrosion-resistant plastics such as PE, PP, PVC, and PVDF. It offers high free volume, low pressure drop, and excellent gas-liquid contact, making it ideal for reducing heat loss, controlling evaporation, and improving separation efficiency in industries such as chemical, petroleum, environmental protection, and water treatment.\" \/>\n<meta property=\"og:url\" content=\"https:\/\/cpxzx.com\/fr\/produit\/plastic-hollow-floatation\/\" \/>\n<meta property=\"og:site_name\" content=\"Cooling Tower Fill, China PVC Fills Manufacturer\" \/>\n<meta property=\"og:image\" content=\"https:\/\/cpxzx.com\/wp-content\/uploads\/2025\/08\/Plastic-Hollow-Floatation-Ball.jpg\" \/>\n\t<meta property=\"og:image:width\" content=\"550\" \/>\n\t<meta property=\"og:image:height\" content=\"550\" \/>\n\t<meta property=\"og:image:type\" content=\"image\/jpeg\" \/>\n<meta name=\"twitter:card\" content=\"summary_large_image\" \/>\n<meta name=\"twitter:label1\" content=\"Dur\u00e9e de lecture estim\u00e9e\" \/>\n\t<meta name=\"twitter:data1\" content=\"3 minutes\" \/>\n<script type=\"application\/ld+json\" class=\"yoast-schema-graph\">{\"@context\":\"https:\\\/\\\/schema.org\",\"@graph\":[{\"@type\":\"WebPage\",\"@id\":\"https:\\\/\\\/cpxzx.com\\\/product\\\/plastic-hollow-floatation\\\/\",\"url\":\"https:\\\/\\\/cpxzx.com\\\/product\\\/plastic-hollow-floatation\\\/\",\"name\":\"Plastic Hollow Floatation Ball\",\"isPartOf\":{\"@id\":\"https:\\\/\\\/cpxzx.com\\\/#website\"},\"primaryImageOfPage\":{\"@id\":\"https:\\\/\\\/cpxzx.com\\\/product\\\/plastic-hollow-floatation\\\/#primaryimage\"},\"image\":{\"@id\":\"https:\\\/\\\/cpxzx.com\\\/product\\\/plastic-hollow-floatation\\\/#primaryimage\"},\"thumbnailUrl\":\"https:\\\/\\\/cpxzx.com\\\/wp-content\\\/uploads\\\/2025\\\/08\\\/Plastic-Hollow-Floatation-Ball.jpg\",\"datePublished\":\"2025-08-11T08:59:41+00:00\",\"breadcrumb\":{\"@id\":\"https:\\\/\\\/cpxzx.com\\\/product\\\/plastic-hollow-floatation\\\/#breadcrumb\"},\"inLanguage\":\"fr-FR\",\"potentialAction\":[{\"@type\":\"ReadAction\",\"target\":[\"https:\\\/\\\/cpxzx.com\\\/product\\\/plastic-hollow-floatation\\\/\"]}]},{\"@type\":\"ImageObject\",\"inLanguage\":\"fr-FR\",\"@id\":\"https:\\\/\\\/cpxzx.com\\\/product\\\/plastic-hollow-floatation\\\/#primaryimage\",\"url\":\"https:\\\/\\\/cpxzx.com\\\/wp-content\\\/uploads\\\/2025\\\/08\\\/Plastic-Hollow-Floatation-Ball.jpg\",\"contentUrl\":\"https:\\\/\\\/cpxzx.com\\\/wp-content\\\/uploads\\\/2025\\\/08\\\/Plastic-Hollow-Floatation-Ball.jpg\",\"width\":550,\"height\":550},{\"@type\":\"BreadcrumbList\",\"@id\":\"https:\\\/\\\/cpxzx.com\\\/product\\\/plastic-hollow-floatation\\\/#breadcrumb\",\"itemListElement\":[{\"@type\":\"ListItem\",\"position\":1,\"name\":\"Home\",\"item\":\"https:\\\/\\\/cpxzx.com\\\/\"},{\"@type\":\"ListItem\",\"position\":2,\"name\":\"Random Packing\",\"item\":\"https:\\\/\\\/cpxzx.com\\\/pcategory\\\/random-packing\\\/\"},{\"@type\":\"ListItem\",\"position\":3,\"name\":\"Plastic Hollow Floatation Ball PE,PP,RPP,PVC,CPVC\"}]},{\"@type\":\"WebSite\",\"@id\":\"https:\\\/\\\/cpxzx.com\\\/#website\",\"url\":\"https:\\\/\\\/cpxzx.com\\\/\",\"name\":\"Cooling Tower Fill, China PVC Fills Manufacturer\",\"description\":\"\",\"publisher\":{\"@id\":\"https:\\\/\\\/cpxzx.com\\\/#organization\"},\"potentialAction\":[{\"@type\":\"SearchAction\",\"target\":{\"@type\":\"EntryPoint\",\"urlTemplate\":\"https:\\\/\\\/cpxzx.com\\\/?s={search_term_string}\"},\"query-input\":{\"@type\":\"PropertyValueSpecification\",\"valueRequired\":true,\"valueName\":\"search_term_string\"}}],\"inLanguage\":\"fr-FR\"},{\"@type\":\"Organization\",\"@id\":\"https:\\\/\\\/cpxzx.com\\\/#organization\",\"name\":\"Cooling Tower Fill, China PVC Fills Manufacturer\",\"url\":\"https:\\\/\\\/cpxzx.com\\\/\",\"logo\":{\"@type\":\"ImageObject\",\"inLanguage\":\"fr-FR\",\"@id\":\"https:\\\/\\\/cpxzx.com\\\/#\\\/schema\\\/logo\\\/image\\\/\",\"url\":\"https:\\\/\\\/cpxzx.com\\\/wp-content\\\/uploads\\\/2025\\\/07\\\/1751628807-logo.png\",\"contentUrl\":\"https:\\\/\\\/cpxzx.com\\\/wp-content\\\/uploads\\\/2025\\\/07\\\/1751628807-logo.png\",\"width\":383,\"height\":87,\"caption\":\"Cooling Tower Fill, China PVC Fills Manufacturer\"},\"image\":{\"@id\":\"https:\\\/\\\/cpxzx.com\\\/#\\\/schema\\\/logo\\\/image\\\/\"}}]}<\/script>\n<!-- \/ Yoast SEO plugin. -->","yoast_head_json":{"title":"Boule de flottaison creuse en plastique","robots":{"index":"index","follow":"follow","max-snippet":"max-snippet:-1","max-image-preview":"max-image-preview:large","max-video-preview":"max-video-preview:-1"},"canonical":"https:\/\/cpxzx.com\/fr\/produit\/plastic-hollow-floatation\/","og_locale":"fr_FR","og_type":"article","og_title":"Plastic Hollow Floatation Ball","og_description":"Plastic Hollow Floatation Ball is a lightweight, durable packing material made from corrosion-resistant plastics such as PE, PP, PVC, and PVDF. It offers high free volume, low pressure drop, and excellent gas-liquid contact, making it ideal for reducing heat loss, controlling evaporation, and improving separation efficiency in industries such as chemical, petroleum, environmental protection, and water treatment.","og_url":"https:\/\/cpxzx.com\/fr\/produit\/plastic-hollow-floatation\/","og_site_name":"Cooling Tower Fill, China PVC Fills Manufacturer","og_image":[{"width":550,"height":550,"url":"https:\/\/cpxzx.com\/wp-content\/uploads\/2025\/08\/Plastic-Hollow-Floatation-Ball.jpg","type":"image\/jpeg"}],"twitter_card":"summary_large_image","twitter_misc":{"Dur\u00e9e de lecture estim\u00e9e":"3 minutes"},"schema":{"@context":"https:\/\/schema.org","@graph":[{"@type":"WebPage","@id":"https:\/\/cpxzx.com\/product\/plastic-hollow-floatation\/","url":"https:\/\/cpxzx.com\/product\/plastic-hollow-floatation\/","name":"Boule de flottaison creuse en plastique","isPartOf":{"@id":"https:\/\/cpxzx.com\/#website"},"primaryImageOfPage":{"@id":"https:\/\/cpxzx.com\/product\/plastic-hollow-floatation\/#primaryimage"},"image":{"@id":"https:\/\/cpxzx.com\/product\/plastic-hollow-floatation\/#primaryimage"},"thumbnailUrl":"https:\/\/cpxzx.com\/wp-content\/uploads\/2025\/08\/Plastic-Hollow-Floatation-Ball.jpg","datePublished":"2025-08-11T08:59:41+00:00","breadcrumb":{"@id":"https:\/\/cpxzx.com\/product\/plastic-hollow-floatation\/#breadcrumb"},"inLanguage":"fr-FR","potentialAction":[{"@type":"ReadAction","target":["https:\/\/cpxzx.com\/product\/plastic-hollow-floatation\/"]}]},{"@type":"ImageObject","inLanguage":"fr-FR","@id":"https:\/\/cpxzx.com\/product\/plastic-hollow-floatation\/#primaryimage","url":"https:\/\/cpxzx.com\/wp-content\/uploads\/2025\/08\/Plastic-Hollow-Floatation-Ball.jpg","contentUrl":"https:\/\/cpxzx.com\/wp-content\/uploads\/2025\/08\/Plastic-Hollow-Floatation-Ball.jpg","width":550,"height":550},{"@type":"BreadcrumbList","@id":"https:\/\/cpxzx.com\/product\/plastic-hollow-floatation\/#breadcrumb","itemListElement":[{"@type":"ListItem","position":1,"name":"Home","item":"https:\/\/cpxzx.com\/"},{"@type":"ListItem","position":2,"name":"Random Packing","item":"https:\/\/cpxzx.com\/pcategory\/random-packing\/"},{"@type":"ListItem","position":3,"name":"Plastic Hollow Floatation Ball PE,PP,RPP,PVC,CPVC"}]},{"@type":"WebSite","@id":"https:\/\/cpxzx.com\/#website","url":"https:\/\/cpxzx.com\/","name":"Remplissage de tour de refroidissement, fabricant chinois de remplissages en PVC","description":"","publisher":{"@id":"https:\/\/cpxzx.com\/#organization"},"potentialAction":[{"@type":"SearchAction","target":{"@type":"EntryPoint","urlTemplate":"https:\/\/cpxzx.com\/?s={search_term_string}"},"query-input":{"@type":"PropertyValueSpecification","valueRequired":true,"valueName":"search_term_string"}}],"inLanguage":"fr-FR"},{"@type":"Organization","@id":"https:\/\/cpxzx.com\/#organization","name":"Remplissage de tour de refroidissement, fabricant chinois de remplissages en PVC","url":"https:\/\/cpxzx.com\/","logo":{"@type":"ImageObject","inLanguage":"fr-FR","@id":"https:\/\/cpxzx.com\/#\/schema\/logo\/image\/","url":"https:\/\/cpxzx.com\/wp-content\/uploads\/2025\/07\/1751628807-logo.png","contentUrl":"https:\/\/cpxzx.com\/wp-content\/uploads\/2025\/07\/1751628807-logo.png","width":383,"height":87,"caption":"Cooling Tower Fill, China PVC Fills Manufacturer"},"image":{"@id":"https:\/\/cpxzx.com\/#\/schema\/logo\/image\/"}}]}},"taxonomy_info":{"pcategory":[{"value":22,"label":"Random Packing"},{"value":25,"label":"Plastic Random Packing"}]},"featured_image_src_large":["https:\/\/cpxzx.com\/wp-content\/uploads\/2025\/08\/Plastic-Hollow-Floatation-Ball.jpg",550,550,false],"author_info":[],"comment_info":"","_links":{"self":[{"href":"https:\/\/cpxzx.com\/fr\/wp-json\/wp\/v2\/product\/2888","targetHints":{"allow":["GET"]}}],"collection":[{"href":"https:\/\/cpxzx.com\/fr\/wp-json\/wp\/v2\/product"}],"about":[{"href":"https:\/\/cpxzx.com\/fr\/wp-json\/wp\/v2\/types\/product"}],"wp:featuredmedia":[{"embeddable":true,"href":"https:\/\/cpxzx.com\/fr\/wp-json\/wp\/v2\/media\/2890"}],"wp:attachment":[{"href":"https:\/\/cpxzx.com\/fr\/wp-json\/wp\/v2\/media?parent=2888"}],"wp:term":[{"taxonomy":"pcategory","embeddable":true,"href":"https:\/\/cpxzx.com\/fr\/wp-json\/wp\/v2\/pcategory?post=2888"},{"taxonomy":"ptag","embeddable":true,"href":"https:\/\/cpxzx.com\/fr\/wp-json\/wp\/v2\/ptag?post=2888"}],"curies":[{"name":"wp","href":"https:\/\/api.w.org\/{rel}","templated":true}]}}