{"id":2867,"date":"2025-08-04T03:15:04","date_gmt":"2025-08-04T03:15:04","guid":{"rendered":"https:\/\/cpxzx.com\/?post_type=product&#038;p=2867"},"modified":"2025-08-04T03:15:04","modified_gmt":"2025-08-04T03:15:04","slug":"plastic-tellerette-rosette-ring","status":"publish","type":"product","link":"https:\/\/cpxzx.com\/fr\/produit\/plastic-tellerette-rosette-ring\/","title":{"rendered":"Anneau de rosette en plastique PP, PE, RPP, PVC, CPVC, PVDF"},"content":{"rendered":"<p>\u00c9galement connu sous le nom de <strong>Bague rosette Teller<\/strong> ou <strong>Bague rosette Telleratte<\/strong>Cet emballage a \u00e9t\u00e9 con\u00e7u pour la premi\u00e8re fois par A. J. Teller en 1954. Il pr\u00e9sente une structure en forme de fleur compos\u00e9e d'au moins 12 petites boucles dispos\u00e9es \u00e0 l'int\u00e9rieur d'un anneau plus large. Cette g\u00e9om\u00e9trie garantit une excellente distribution du liquide et une efficacit\u00e9 \u00e9lev\u00e9e du transfert de masse.<\/p>\n<h2>Structure et mat\u00e9riaux<\/h2>\n<p>Ils sont disponibles dans des mat\u00e9riaux tels que le PP, le PE, le RPP, le PVC, le CPVC et le PVDF, chacun \u00e9tant adapt\u00e9 \u00e0 des temp\u00e9ratures et \u00e0 des environnements chimiques sp\u00e9cifiques. La plage de temp\u00e9rature de fonctionnement est g\u00e9n\u00e9ralement comprise entre 60 et 150\u00b0C, le PVDF offrant la r\u00e9sistance la plus \u00e9lev\u00e9e.<\/p>\n<p>Les diam\u00e8tres courants sont 25 mm, 47 mm, 51 mm, 59 mm, 73 mm, 95 mm et 145 mm, chacun avec un nombre d'anneaux et des profils de performance diff\u00e9rents.<\/p>\n<h2>Caract\u00e9ristiques principales<\/h2>\n<ul class=\"list-paddingleft-2\">\n<li><strong>Taux de vide \u00e9lev\u00e9 :<\/strong> Typiquement 82-95%, garantissant un faible risque de blocage et un excellent \u00e9coulement du fluide.<\/li>\n<li><strong>Faible perte de charge :<\/strong> Les canaux profil\u00e9s r\u00e9duisent la r\u00e9sistance et \u00e9conomisent de l'\u00e9nergie.<\/li>\n<li><strong>Contact gaz-liquide sup\u00e9rieur :<\/strong> Retient plus de liquide pour une interaction prolong\u00e9e du transfert de masse.<\/li>\n<li><strong>Point d'inondation \u00e9lev\u00e9 :<\/strong> Performance efficace m\u00eame dans des conditions de charge \u00e9lev\u00e9e.<\/li>\n<li><strong>R\u00e9sistance \u00e0 la corrosion et l\u00e9g\u00e8ret\u00e9 :<\/strong> Facile \u00e0 transporter, \u00e0 installer et r\u00e9sistant aux attaques chimiques.<\/li>\n<\/ul>\n<h2>Sp\u00e9cifications typiques<\/h2>\n<table border=\"1\" cellspacing=\"0\" cellpadding=\"6\">\n<thead>\n<tr>\n<th>Mod\u00e8le (D\u00d7H mm)<\/th>\n<th>Nombre de boucles<\/th>\n<th>Surface (m\u00b2\/m\u00b3)<\/th>\n<th>Fraction de vide (%)<\/th>\n<th>Pcs\/m\u00b3<\/th>\n<th>Densit\u00e9 apparente (kg\/m\u00b3)<\/th>\n<th>Facteur d'empaquetage (1\/m)<\/th>\n<\/tr>\n<\/thead>\n<tbody>\n<tr>\n<td>25\u00d79<\/td>\n<td>5<\/td>\n<td>\u2248195<\/td>\n<td>\u224882<\/td>\n<td>170,000<\/td>\n<td>~85<\/td>\n<td>~488<\/td>\n<\/tr>\n<tr>\n<td>47\u00d719<\/td>\n<td>9<\/td>\n<td>\u2248185<\/td>\n<td>\u224888<\/td>\n<td>32,500<\/td>\n<td>~58<\/td>\n<td>~271<\/td>\n<\/tr>\n<tr>\n<td>59\u00d719<\/td>\n<td>12<\/td>\n<td>\u2248150<\/td>\n<td>\u224892<\/td>\n<td>17,500<\/td>\n<td>~48<\/td>\n<td>~213<\/td>\n<\/tr>\n<tr>\n<td>95\u00d737<\/td>\n<td>18<\/td>\n<td>\u224894<\/td>\n<td>\u224892<\/td>\n<td>3,900<\/td>\n<td>~52<\/td>\n<td>~129<\/td>\n<\/tr>\n<tr>\n<td>145\u00d748<\/td>\n<td>20<\/td>\n<td>\u224865<\/td>\n<td>\u224895<\/td>\n<td>1,100<\/td>\n<td>~46<\/td>\n<td>~76<\/td>\n<\/tr>\n<\/tbody>\n<\/table>\n<h2>Applications<\/h2>\n<ul class=\"list-paddingleft-2\">\n<li>Syst\u00e8mes d'absorption, de lavage et de d\u00e9sulfuration des gaz<\/li>\n<li>Tours de contact gaz-liquide telles que les tours de purification, les tours de refroidissement et les d\u00e9soxydants<\/li>\n<li>Utilis\u00e9 dans les industries chimiques, le raffinage du p\u00e9trole, les centrales \u00e9lectriques et l'ing\u00e9nierie environnementale.<\/li>\n<\/ul>\n<h2>R\u00e9sum\u00e9 des avantages<\/h2>\n<ul class=\"list-paddingleft-2\">\n<li>D\u00e9bit \u00e9lev\u00e9 et faible consommation d'\u00e9nergie<\/li>\n<li>Forte r\u00e9sistance \u00e0 l'encrassement et au colmatage<\/li>\n<li>Options r\u00e9sistantes \u00e0 la corrosion pour les environnements difficiles<\/li>\n<li>L\u00e9ger et facile \u00e0 installer, rentable<\/li>\n<\/ul>\n<h2>Recommandations d'utilisation<\/h2>\n<p>Choisir le mat\u00e9riau en fonction des conditions de fonctionnement - utiliser le PP pour un usage g\u00e9n\u00e9ral, le PVDF pour les hautes temp\u00e9ratures ou les milieux corrosifs. Choisissez la taille de l'anneau en fonction du compromis entre la surface, la perte de charge et la capacit\u00e9 de la tour. Pour les conditions d'utilisation difficiles, utilisez des anneaux avec une fraction de vide et une tol\u00e9rance de charge plus \u00e9lev\u00e9es.<\/p>","protected":false},"excerpt":{"rendered":"<p>Plastic Tellerette Rosette Ring, also known as Plastic Teller Rosette Ring, was invented by Tell A.J. in 1956. It features several small rings arranged within a larger ring to increase liquid holdup and enhance gas-liquid contact time.<\/p>\n<p>This packing offers high free volume, low pressure drop, uniform gas-liquid distribution, and high mass transfer efficiency. It is available in various materials, shapes, and sizes to suit different applications.<\/p>","protected":false},"featured_media":2869,"parent":0,"template":"","meta":{"_acf_changed":false,"_kad_blocks_custom_css":"","_kad_blocks_head_custom_js":"","_kad_blocks_body_custom_js":"","_kad_blocks_footer_custom_js":"","_kadence_starter_templates_imported_post":false,"_kad_post_transparent":"default","_kad_post_title":"","_kad_post_layout":"default","_kad_post_sidebar_id":"","_kad_post_content_style":"default","_kad_post_vertical_padding":"default","_kad_post_feature":"","_kad_post_feature_position":"","_kad_post_header":false,"_kad_post_footer":false},"pcategory":[22,25],"ptag":[],"class_list":["post-2867","product","type-product","status-publish","has-post-thumbnail","hentry","pcategory-random-packing","pcategory-plastic-random-packing"],"acf":[],"yoast_head":"<!-- This site is optimized with the Yoast SEO plugin v27.4 - https:\/\/yoast.com\/product\/yoast-seo-wordpress\/ -->\n<title>Plastic Tellerette Rosette Ring<\/title>\n<meta name=\"robots\" content=\"index, follow, max-snippet:-1, max-image-preview:large, max-video-preview:-1\" \/>\n<link rel=\"canonical\" href=\"https:\/\/cpxzx.com\/fr\/produit\/plastic-tellerette-rosette-ring\/\" \/>\n<meta property=\"og:locale\" content=\"fr_FR\" \/>\n<meta property=\"og:type\" content=\"article\" \/>\n<meta property=\"og:title\" content=\"Plastic Tellerette Rosette Ring\" \/>\n<meta property=\"og:description\" content=\"Plastic Tellerette Rosette Ring, also known as Plastic Teller Rosette Ring, was invented by Tell A.J. in 1956. It features several small rings arranged within a larger ring to increase liquid holdup and enhance gas-liquid contact time.  This packing offers high free volume, low pressure drop, uniform gas-liquid distribution, and high mass transfer efficiency. It is available in various materials, shapes, and sizes to suit different applications.\" \/>\n<meta property=\"og:url\" content=\"https:\/\/cpxzx.com\/fr\/produit\/plastic-tellerette-rosette-ring\/\" \/>\n<meta property=\"og:site_name\" content=\"Cooling Tower Fill, China PVC Fills Manufacturer\" \/>\n<meta property=\"og:image\" content=\"https:\/\/cpxzx.com\/wp-content\/uploads\/2025\/08\/Plastic-Tellerette-Rosette-Ring1-1.jpg\" \/>\n\t<meta property=\"og:image:width\" content=\"550\" \/>\n\t<meta property=\"og:image:height\" content=\"550\" \/>\n\t<meta property=\"og:image:type\" content=\"image\/jpeg\" \/>\n<meta name=\"twitter:card\" content=\"summary_large_image\" \/>\n<meta name=\"twitter:label1\" content=\"Dur\u00e9e de lecture estim\u00e9e\" \/>\n\t<meta name=\"twitter:data1\" content=\"2 minutes\" \/>\n<script type=\"application\/ld+json\" class=\"yoast-schema-graph\">{\"@context\":\"https:\\\/\\\/schema.org\",\"@graph\":[{\"@type\":\"WebPage\",\"@id\":\"https:\\\/\\\/cpxzx.com\\\/product\\\/plastic-tellerette-rosette-ring\\\/\",\"url\":\"https:\\\/\\\/cpxzx.com\\\/product\\\/plastic-tellerette-rosette-ring\\\/\",\"name\":\"Plastic Tellerette Rosette Ring\",\"isPartOf\":{\"@id\":\"https:\\\/\\\/cpxzx.com\\\/#website\"},\"primaryImageOfPage\":{\"@id\":\"https:\\\/\\\/cpxzx.com\\\/product\\\/plastic-tellerette-rosette-ring\\\/#primaryimage\"},\"image\":{\"@id\":\"https:\\\/\\\/cpxzx.com\\\/product\\\/plastic-tellerette-rosette-ring\\\/#primaryimage\"},\"thumbnailUrl\":\"https:\\\/\\\/cpxzx.com\\\/wp-content\\\/uploads\\\/2025\\\/08\\\/Plastic-Tellerette-Rosette-Ring1-1.jpg\",\"datePublished\":\"2025-08-04T03:15:04+00:00\",\"breadcrumb\":{\"@id\":\"https:\\\/\\\/cpxzx.com\\\/product\\\/plastic-tellerette-rosette-ring\\\/#breadcrumb\"},\"inLanguage\":\"fr-FR\",\"potentialAction\":[{\"@type\":\"ReadAction\",\"target\":[\"https:\\\/\\\/cpxzx.com\\\/product\\\/plastic-tellerette-rosette-ring\\\/\"]}]},{\"@type\":\"ImageObject\",\"inLanguage\":\"fr-FR\",\"@id\":\"https:\\\/\\\/cpxzx.com\\\/product\\\/plastic-tellerette-rosette-ring\\\/#primaryimage\",\"url\":\"https:\\\/\\\/cpxzx.com\\\/wp-content\\\/uploads\\\/2025\\\/08\\\/Plastic-Tellerette-Rosette-Ring1-1.jpg\",\"contentUrl\":\"https:\\\/\\\/cpxzx.com\\\/wp-content\\\/uploads\\\/2025\\\/08\\\/Plastic-Tellerette-Rosette-Ring1-1.jpg\",\"width\":550,\"height\":550},{\"@type\":\"BreadcrumbList\",\"@id\":\"https:\\\/\\\/cpxzx.com\\\/product\\\/plastic-tellerette-rosette-ring\\\/#breadcrumb\",\"itemListElement\":[{\"@type\":\"ListItem\",\"position\":1,\"name\":\"Home\",\"item\":\"https:\\\/\\\/cpxzx.com\\\/\"},{\"@type\":\"ListItem\",\"position\":2,\"name\":\"Random Packing\",\"item\":\"https:\\\/\\\/cpxzx.com\\\/pcategory\\\/random-packing\\\/\"},{\"@type\":\"ListItem\",\"position\":3,\"name\":\"Plastic Random Packing\",\"item\":\"https:\\\/\\\/cpxzx.com\\\/pcategory\\\/random-packing\\\/plastic-random-packing\\\/\"},{\"@type\":\"ListItem\",\"position\":4,\"name\":\"Plastic Tellerette Rosette Ring PP, PE, RPP, PVC, CPVC,PVDF\"}]},{\"@type\":\"WebSite\",\"@id\":\"https:\\\/\\\/cpxzx.com\\\/#website\",\"url\":\"https:\\\/\\\/cpxzx.com\\\/\",\"name\":\"Cooling Tower Fill, China PVC Fills Manufacturer\",\"description\":\"\",\"publisher\":{\"@id\":\"https:\\\/\\\/cpxzx.com\\\/#organization\"},\"potentialAction\":[{\"@type\":\"SearchAction\",\"target\":{\"@type\":\"EntryPoint\",\"urlTemplate\":\"https:\\\/\\\/cpxzx.com\\\/?s={search_term_string}\"},\"query-input\":{\"@type\":\"PropertyValueSpecification\",\"valueRequired\":true,\"valueName\":\"search_term_string\"}}],\"inLanguage\":\"fr-FR\"},{\"@type\":\"Organization\",\"@id\":\"https:\\\/\\\/cpxzx.com\\\/#organization\",\"name\":\"Cooling Tower Fill, China PVC Fills Manufacturer\",\"url\":\"https:\\\/\\\/cpxzx.com\\\/\",\"logo\":{\"@type\":\"ImageObject\",\"inLanguage\":\"fr-FR\",\"@id\":\"https:\\\/\\\/cpxzx.com\\\/#\\\/schema\\\/logo\\\/image\\\/\",\"url\":\"https:\\\/\\\/cpxzx.com\\\/wp-content\\\/uploads\\\/2025\\\/07\\\/1751628807-logo.png\",\"contentUrl\":\"https:\\\/\\\/cpxzx.com\\\/wp-content\\\/uploads\\\/2025\\\/07\\\/1751628807-logo.png\",\"width\":383,\"height\":87,\"caption\":\"Cooling Tower Fill, China PVC Fills Manufacturer\"},\"image\":{\"@id\":\"https:\\\/\\\/cpxzx.com\\\/#\\\/schema\\\/logo\\\/image\\\/\"}}]}<\/script>\n<!-- \/ Yoast SEO plugin. -->","yoast_head_json":{"title":"Plastic Tellerette Rosette Ring","robots":{"index":"index","follow":"follow","max-snippet":"max-snippet:-1","max-image-preview":"max-image-preview:large","max-video-preview":"max-video-preview:-1"},"canonical":"https:\/\/cpxzx.com\/fr\/produit\/plastic-tellerette-rosette-ring\/","og_locale":"fr_FR","og_type":"article","og_title":"Plastic Tellerette Rosette Ring","og_description":"Plastic Tellerette Rosette Ring, also known as Plastic Teller Rosette Ring, was invented by Tell A.J. in 1956. It features several small rings arranged within a larger ring to increase liquid holdup and enhance gas-liquid contact time.  This packing offers high free volume, low pressure drop, uniform gas-liquid distribution, and high mass transfer efficiency. It is available in various materials, shapes, and sizes to suit different applications.","og_url":"https:\/\/cpxzx.com\/fr\/produit\/plastic-tellerette-rosette-ring\/","og_site_name":"Cooling Tower Fill, China PVC Fills Manufacturer","og_image":[{"width":550,"height":550,"url":"https:\/\/cpxzx.com\/wp-content\/uploads\/2025\/08\/Plastic-Tellerette-Rosette-Ring1-1.jpg","type":"image\/jpeg"}],"twitter_card":"summary_large_image","twitter_misc":{"Dur\u00e9e de lecture estim\u00e9e":"2 minutes"},"schema":{"@context":"https:\/\/schema.org","@graph":[{"@type":"WebPage","@id":"https:\/\/cpxzx.com\/product\/plastic-tellerette-rosette-ring\/","url":"https:\/\/cpxzx.com\/product\/plastic-tellerette-rosette-ring\/","name":"Plastic Tellerette Rosette Ring","isPartOf":{"@id":"https:\/\/cpxzx.com\/#website"},"primaryImageOfPage":{"@id":"https:\/\/cpxzx.com\/product\/plastic-tellerette-rosette-ring\/#primaryimage"},"image":{"@id":"https:\/\/cpxzx.com\/product\/plastic-tellerette-rosette-ring\/#primaryimage"},"thumbnailUrl":"https:\/\/cpxzx.com\/wp-content\/uploads\/2025\/08\/Plastic-Tellerette-Rosette-Ring1-1.jpg","datePublished":"2025-08-04T03:15:04+00:00","breadcrumb":{"@id":"https:\/\/cpxzx.com\/product\/plastic-tellerette-rosette-ring\/#breadcrumb"},"inLanguage":"fr-FR","potentialAction":[{"@type":"ReadAction","target":["https:\/\/cpxzx.com\/product\/plastic-tellerette-rosette-ring\/"]}]},{"@type":"ImageObject","inLanguage":"fr-FR","@id":"https:\/\/cpxzx.com\/product\/plastic-tellerette-rosette-ring\/#primaryimage","url":"https:\/\/cpxzx.com\/wp-content\/uploads\/2025\/08\/Plastic-Tellerette-Rosette-Ring1-1.jpg","contentUrl":"https:\/\/cpxzx.com\/wp-content\/uploads\/2025\/08\/Plastic-Tellerette-Rosette-Ring1-1.jpg","width":550,"height":550},{"@type":"BreadcrumbList","@id":"https:\/\/cpxzx.com\/product\/plastic-tellerette-rosette-ring\/#breadcrumb","itemListElement":[{"@type":"ListItem","position":1,"name":"Home","item":"https:\/\/cpxzx.com\/"},{"@type":"ListItem","position":2,"name":"Random Packing","item":"https:\/\/cpxzx.com\/pcategory\/random-packing\/"},{"@type":"ListItem","position":3,"name":"Plastic Random Packing","item":"https:\/\/cpxzx.com\/pcategory\/random-packing\/plastic-random-packing\/"},{"@type":"ListItem","position":4,"name":"Plastic Tellerette Rosette Ring PP, PE, RPP, PVC, CPVC,PVDF"}]},{"@type":"WebSite","@id":"https:\/\/cpxzx.com\/#website","url":"https:\/\/cpxzx.com\/","name":"Remplissage de tour de refroidissement, fabricant chinois de remplissages en PVC","description":"","publisher":{"@id":"https:\/\/cpxzx.com\/#organization"},"potentialAction":[{"@type":"SearchAction","target":{"@type":"EntryPoint","urlTemplate":"https:\/\/cpxzx.com\/?s={search_term_string}"},"query-input":{"@type":"PropertyValueSpecification","valueRequired":true,"valueName":"search_term_string"}}],"inLanguage":"fr-FR"},{"@type":"Organization","@id":"https:\/\/cpxzx.com\/#organization","name":"Remplissage de tour de refroidissement, fabricant chinois de remplissages en PVC","url":"https:\/\/cpxzx.com\/","logo":{"@type":"ImageObject","inLanguage":"fr-FR","@id":"https:\/\/cpxzx.com\/#\/schema\/logo\/image\/","url":"https:\/\/cpxzx.com\/wp-content\/uploads\/2025\/07\/1751628807-logo.png","contentUrl":"https:\/\/cpxzx.com\/wp-content\/uploads\/2025\/07\/1751628807-logo.png","width":383,"height":87,"caption":"Cooling Tower Fill, China PVC Fills Manufacturer"},"image":{"@id":"https:\/\/cpxzx.com\/#\/schema\/logo\/image\/"}}]}},"taxonomy_info":{"pcategory":[{"value":22,"label":"Random Packing"},{"value":25,"label":"Plastic Random Packing"}]},"featured_image_src_large":["https:\/\/cpxzx.com\/wp-content\/uploads\/2025\/08\/Plastic-Tellerette-Rosette-Ring1-1.jpg",550,550,false],"author_info":[],"comment_info":"","_links":{"self":[{"href":"https:\/\/cpxzx.com\/fr\/wp-json\/wp\/v2\/product\/2867","targetHints":{"allow":["GET"]}}],"collection":[{"href":"https:\/\/cpxzx.com\/fr\/wp-json\/wp\/v2\/product"}],"about":[{"href":"https:\/\/cpxzx.com\/fr\/wp-json\/wp\/v2\/types\/product"}],"wp:featuredmedia":[{"embeddable":true,"href":"https:\/\/cpxzx.com\/fr\/wp-json\/wp\/v2\/media\/2869"}],"wp:attachment":[{"href":"https:\/\/cpxzx.com\/fr\/wp-json\/wp\/v2\/media?parent=2867"}],"wp:term":[{"taxonomy":"pcategory","embeddable":true,"href":"https:\/\/cpxzx.com\/fr\/wp-json\/wp\/v2\/pcategory?post=2867"},{"taxonomy":"ptag","embeddable":true,"href":"https:\/\/cpxzx.com\/fr\/wp-json\/wp\/v2\/ptag?post=2867"}],"curies":[{"name":"wp","href":"https:\/\/api.w.org\/{rel}","templated":true}]}}