{"id":2838,"date":"2025-07-25T14:36:25","date_gmt":"2025-07-25T14:36:25","guid":{"rendered":"https:\/\/cpxzx.com\/?post_type=product&#038;p=2838"},"modified":"2025-07-30T11:05:01","modified_gmt":"2025-07-30T11:05:01","slug":"ceramic-cross-partition-ring","status":"publish","type":"product","link":"https:\/\/cpxzx.com\/fr\/produit\/ceramic-cross-partition-ring\/","title":{"rendered":"50mm 80mm 100mm 120mm 150mm Anneau de s\u00e9paration en croix en c\u00e9ramique"},"content":{"rendered":"<p>Le <strong>Bague de s\u00e9paration en c\u00e9ramique<\/strong> est un mat\u00e9riau de garnissage avanc\u00e9 con\u00e7u pour am\u00e9liorer l'efficacit\u00e9 du transfert de masse dans diverses applications industrielles. Il s'agit d'une am\u00e9lioration de l'anneau de Raschig traditionnel, qui incorpore des cloisons transversales pour augmenter la surface. Cette surface suppl\u00e9mentaire permet un meilleur transfert de masse, ce qui est crucial pour les processus tels que l'absorption, le refroidissement et le s\u00e9chage dans les industries chimiques, m\u00e9tallurgiques et de production d'oxyg\u00e8ne.<\/p>\n<h2>Caract\u00e9ristiques principales<\/h2>\n<ul>\n<li>R\u00e9sistance aux acides et aux alcalins pour une meilleure durabilit\u00e9<\/li>\n<li>Excellente r\u00e9sistance \u00e0 la chaleur, ce qui permet de l'utiliser dans des environnements \u00e0 haute temp\u00e9rature<\/li>\n<li>Surface sp\u00e9cifique \u00e9lev\u00e9e qui augmente l'efficacit\u00e9 du transfert de masse<\/li>\n<li>Faibles co\u00fbts d'exploitation, \u00e9conomies d'\u00e9nergie et facilit\u00e9 d'installation<\/li>\n<li>R\u00e9sistance m\u00e9canique \u00e9lev\u00e9e garantissant des performances durables<\/li>\n<\/ul>\n<h2>Sp\u00e9cifications<\/h2>\n<table>\n<thead>\n<tr>\n<th>Taille<br \/>\n(mm)<\/th>\n<th>\u00c9paisseur<br \/>\n(mm)<\/th>\n<th>Surface<br \/>\n(m\u00b2\/m\u00b3)<\/th>\n<th>Section vide<br \/>\n(%)<\/th>\n<th>Nombre<br \/>\n(par m\u00b3)<\/th>\n<th>Densit\u00e9 en vrac<br \/>\n(Kg\/m\u00b3)<\/th>\n<\/tr>\n<\/thead>\n<tbody>\n<tr>\n<td>80<\/td>\n<td>8<\/td>\n<td>120<\/td>\n<td>54<\/td>\n<td>1950<\/td>\n<td>916<\/td>\n<\/tr>\n<tr>\n<td>100<\/td>\n<td>10<\/td>\n<td>110<\/td>\n<td>53<\/td>\n<td>1000<\/td>\n<td>930<\/td>\n<\/tr>\n<tr>\n<td>150<\/td>\n<td>15<\/td>\n<td>60<\/td>\n<td>58<\/td>\n<td>296<\/td>\n<td>960<\/td>\n<\/tr>\n<\/tbody>\n<\/table>\n<h2>Avantages<\/h2>\n<ul>\n<li>Perte de charge plus faible que les autres types de garnitures<\/li>\n<li>Excellente r\u00e9partition liquide\/gaz qui am\u00e9liore l'efficacit\u00e9 du transfert de masse<\/li>\n<li>Polyvalent et facilement mouillable, il offre une grande r\u00e9sistance \u00e0 l'encrassement.<\/li>\n<li>Convient aux lits profonds gr\u00e2ce \u00e0 sa r\u00e9sistance m\u00e9canique \u00e9lev\u00e9e.<\/li>\n<\/ul>\n<h2>Applications<\/h2>\n<p>Le <strong>Bague de s\u00e9paration en c\u00e9ramique<\/strong> est principalement utilis\u00e9 dans les industries qui n\u00e9cessitent un transfert de masse efficace, comme dans les tours de s\u00e9chage, d'absorption, de refroidissement et de lavage. Sa conception lui permet de fonctionner efficacement dans les secteurs de la chimie, de la m\u00e9tallurgie, du gaz de charbon et de la production industrielle d'oxyg\u00e8ne, o\u00f9 des performances \u00e9lev\u00e9es sont essentielles.<\/p>\n<h2>Emballage<\/h2>\n<p>Les anneaux de cloison transversale en c\u00e9ramique sont solidement emball\u00e9s pour garantir un transport s\u00fbr et une manipulation ais\u00e9e. Ils sont disponibles en diff\u00e9rentes tailles, notamment 50 mm, 80 mm, 100 mm, 120 mm et 150 mm, pour r\u00e9pondre aux diff\u00e9rents besoins industriels.<\/p>","protected":false},"excerpt":{"rendered":"<p>L'anneau \u00e0 cloisons crois\u00e9es en c\u00e9ramique est une version am\u00e9lior\u00e9e de l'anneau de Raschig, avec des cloisons crois\u00e9es \u00e0 l'int\u00e9rieur pour augmenter sa surface et am\u00e9liorer l'efficacit\u00e9 du transfert de masse entre la vapeur et le liquide. En raison de sa grande taille, il doit \u00eatre empil\u00e9 de mani\u00e8re ordonn\u00e9e dans la colonne. Les anneaux \u00e0 cloisons transversales, dont le diam\u00e8tre est g\u00e9n\u00e9ralement compris entre 80 et 150 mm, sont utilis\u00e9s pour soutenir d'autres garnissages al\u00e9atoires au fond de la colonne, avec un vide de plus de 60%.<\/p>","protected":false},"featured_media":2841,"parent":0,"template":"","meta":{"_acf_changed":false,"_kad_blocks_custom_css":"","_kad_blocks_head_custom_js":"","_kad_blocks_body_custom_js":"","_kad_blocks_footer_custom_js":"","_kadence_starter_templates_imported_post":false,"_kad_post_transparent":"default","_kad_post_title":"","_kad_post_layout":"default","_kad_post_sidebar_id":"","_kad_post_content_style":"default","_kad_post_vertical_padding":"default","_kad_post_feature":"","_kad_post_feature_position":"","_kad_post_header":false,"_kad_post_footer":false},"pcategory":[22,24],"ptag":[],"class_list":["post-2838","product","type-product","status-publish","has-post-thumbnail","hentry","pcategory-random-packing","pcategory-ceramic-random-packing"],"acf":[],"yoast_head":"<!-- This site is optimized with the Yoast SEO plugin v27.4 - https:\/\/yoast.com\/product\/yoast-seo-wordpress\/ -->\n<title>Ceramic Cross Partition Ring50mm 80mm 100mm 120mm 150mm<\/title>\n<meta name=\"robots\" content=\"index, follow, max-snippet:-1, max-image-preview:large, max-video-preview:-1\" \/>\n<link rel=\"canonical\" href=\"https:\/\/cpxzx.com\/fr\/produit\/ceramic-cross-partition-ring\/\" \/>\n<meta property=\"og:locale\" content=\"fr_FR\" \/>\n<meta property=\"og:type\" content=\"article\" \/>\n<meta property=\"og:title\" content=\"Ceramic Cross Partition Ring50mm 80mm 100mm 120mm 150mm\" \/>\n<meta property=\"og:description\" content=\"The ceramic cross partition ring is an enhanced version of the Raschig ring, featuring cross partitions inside to increase its surface area and improve mass transfer efficiency between vapor and liquid. Due to its large size, it must be stacked in an orderly manner within the column. Cross partition rings, typically with diameters between 80-150mm, are used to support other random packing at the column&#039;s bottom, with a voidage of over 60%.\" \/>\n<meta property=\"og:url\" content=\"https:\/\/cpxzx.com\/fr\/produit\/ceramic-cross-partition-ring\/\" \/>\n<meta property=\"og:site_name\" content=\"Cooling Tower Fill, China PVC Fills Manufacturer\" \/>\n<meta property=\"article:modified_time\" content=\"2025-07-30T11:05:01+00:00\" \/>\n<meta property=\"og:image\" content=\"https:\/\/cpxzx.com\/wp-content\/uploads\/2025\/07\/ceramic-cross-partition-ring1.jpg\" \/>\n\t<meta property=\"og:image:width\" content=\"550\" \/>\n\t<meta property=\"og:image:height\" content=\"550\" \/>\n\t<meta property=\"og:image:type\" content=\"image\/jpeg\" \/>\n<meta name=\"twitter:card\" content=\"summary_large_image\" \/>\n<meta name=\"twitter:label1\" content=\"Dur\u00e9e de lecture estim\u00e9e\" \/>\n\t<meta name=\"twitter:data1\" content=\"2 minutes\" \/>\n<script type=\"application\/ld+json\" class=\"yoast-schema-graph\">{\"@context\":\"https:\\\/\\\/schema.org\",\"@graph\":[{\"@type\":\"WebPage\",\"@id\":\"https:\\\/\\\/cpxzx.com\\\/product\\\/ceramic-cross-partition-ring\\\/\",\"url\":\"https:\\\/\\\/cpxzx.com\\\/product\\\/ceramic-cross-partition-ring\\\/\",\"name\":\"Ceramic Cross Partition Ring50mm 80mm 100mm 120mm 150mm\",\"isPartOf\":{\"@id\":\"https:\\\/\\\/cpxzx.com\\\/#website\"},\"primaryImageOfPage\":{\"@id\":\"https:\\\/\\\/cpxzx.com\\\/product\\\/ceramic-cross-partition-ring\\\/#primaryimage\"},\"image\":{\"@id\":\"https:\\\/\\\/cpxzx.com\\\/product\\\/ceramic-cross-partition-ring\\\/#primaryimage\"},\"thumbnailUrl\":\"https:\\\/\\\/cpxzx.com\\\/wp-content\\\/uploads\\\/2025\\\/07\\\/ceramic-cross-partition-ring1.jpg\",\"datePublished\":\"2025-07-25T14:36:25+00:00\",\"dateModified\":\"2025-07-30T11:05:01+00:00\",\"breadcrumb\":{\"@id\":\"https:\\\/\\\/cpxzx.com\\\/product\\\/ceramic-cross-partition-ring\\\/#breadcrumb\"},\"inLanguage\":\"fr-FR\",\"potentialAction\":[{\"@type\":\"ReadAction\",\"target\":[\"https:\\\/\\\/cpxzx.com\\\/product\\\/ceramic-cross-partition-ring\\\/\"]}]},{\"@type\":\"ImageObject\",\"inLanguage\":\"fr-FR\",\"@id\":\"https:\\\/\\\/cpxzx.com\\\/product\\\/ceramic-cross-partition-ring\\\/#primaryimage\",\"url\":\"https:\\\/\\\/cpxzx.com\\\/wp-content\\\/uploads\\\/2025\\\/07\\\/ceramic-cross-partition-ring1.jpg\",\"contentUrl\":\"https:\\\/\\\/cpxzx.com\\\/wp-content\\\/uploads\\\/2025\\\/07\\\/ceramic-cross-partition-ring1.jpg\",\"width\":550,\"height\":550},{\"@type\":\"BreadcrumbList\",\"@id\":\"https:\\\/\\\/cpxzx.com\\\/product\\\/ceramic-cross-partition-ring\\\/#breadcrumb\",\"itemListElement\":[{\"@type\":\"ListItem\",\"position\":1,\"name\":\"Home\",\"item\":\"https:\\\/\\\/cpxzx.com\\\/\"},{\"@type\":\"ListItem\",\"position\":2,\"name\":\"Random Packing\",\"item\":\"https:\\\/\\\/cpxzx.com\\\/pcategory\\\/random-packing\\\/\"},{\"@type\":\"ListItem\",\"position\":3,\"name\":\"Ceramic Random Packing\",\"item\":\"https:\\\/\\\/cpxzx.com\\\/pcategory\\\/random-packing\\\/ceramic-random-packing\\\/\"},{\"@type\":\"ListItem\",\"position\":4,\"name\":\"50mm 80mm 100mm 120mm 150mm Ceramic Cross Partition Ring\"}]},{\"@type\":\"WebSite\",\"@id\":\"https:\\\/\\\/cpxzx.com\\\/#website\",\"url\":\"https:\\\/\\\/cpxzx.com\\\/\",\"name\":\"Cooling Tower Fill, China PVC Fills Manufacturer\",\"description\":\"\",\"publisher\":{\"@id\":\"https:\\\/\\\/cpxzx.com\\\/#organization\"},\"potentialAction\":[{\"@type\":\"SearchAction\",\"target\":{\"@type\":\"EntryPoint\",\"urlTemplate\":\"https:\\\/\\\/cpxzx.com\\\/?s={search_term_string}\"},\"query-input\":{\"@type\":\"PropertyValueSpecification\",\"valueRequired\":true,\"valueName\":\"search_term_string\"}}],\"inLanguage\":\"fr-FR\"},{\"@type\":\"Organization\",\"@id\":\"https:\\\/\\\/cpxzx.com\\\/#organization\",\"name\":\"Cooling Tower Fill, China PVC Fills Manufacturer\",\"url\":\"https:\\\/\\\/cpxzx.com\\\/\",\"logo\":{\"@type\":\"ImageObject\",\"inLanguage\":\"fr-FR\",\"@id\":\"https:\\\/\\\/cpxzx.com\\\/#\\\/schema\\\/logo\\\/image\\\/\",\"url\":\"https:\\\/\\\/cpxzx.com\\\/wp-content\\\/uploads\\\/2025\\\/07\\\/1751628807-logo.png\",\"contentUrl\":\"https:\\\/\\\/cpxzx.com\\\/wp-content\\\/uploads\\\/2025\\\/07\\\/1751628807-logo.png\",\"width\":383,\"height\":87,\"caption\":\"Cooling Tower Fill, China PVC Fills Manufacturer\"},\"image\":{\"@id\":\"https:\\\/\\\/cpxzx.com\\\/#\\\/schema\\\/logo\\\/image\\\/\"}}]}<\/script>\n<!-- \/ Yoast SEO plugin. -->","yoast_head_json":{"title":"Ceramic Cross Partition Ring50mm 80mm 100mm 120mm 150mm","robots":{"index":"index","follow":"follow","max-snippet":"max-snippet:-1","max-image-preview":"max-image-preview:large","max-video-preview":"max-video-preview:-1"},"canonical":"https:\/\/cpxzx.com\/fr\/produit\/ceramic-cross-partition-ring\/","og_locale":"fr_FR","og_type":"article","og_title":"Ceramic Cross Partition Ring50mm 80mm 100mm 120mm 150mm","og_description":"The ceramic cross partition ring is an enhanced version of the Raschig ring, featuring cross partitions inside to increase its surface area and improve mass transfer efficiency between vapor and liquid. Due to its large size, it must be stacked in an orderly manner within the column. Cross partition rings, typically with diameters between 80-150mm, are used to support other random packing at the column's bottom, with a voidage of over 60%.","og_url":"https:\/\/cpxzx.com\/fr\/produit\/ceramic-cross-partition-ring\/","og_site_name":"Cooling Tower Fill, China PVC Fills Manufacturer","article_modified_time":"2025-07-30T11:05:01+00:00","og_image":[{"width":550,"height":550,"url":"https:\/\/cpxzx.com\/wp-content\/uploads\/2025\/07\/ceramic-cross-partition-ring1.jpg","type":"image\/jpeg"}],"twitter_card":"summary_large_image","twitter_misc":{"Dur\u00e9e de lecture estim\u00e9e":"2 minutes"},"schema":{"@context":"https:\/\/schema.org","@graph":[{"@type":"WebPage","@id":"https:\/\/cpxzx.com\/product\/ceramic-cross-partition-ring\/","url":"https:\/\/cpxzx.com\/product\/ceramic-cross-partition-ring\/","name":"Ceramic Cross Partition Ring50mm 80mm 100mm 120mm 150mm","isPartOf":{"@id":"https:\/\/cpxzx.com\/#website"},"primaryImageOfPage":{"@id":"https:\/\/cpxzx.com\/product\/ceramic-cross-partition-ring\/#primaryimage"},"image":{"@id":"https:\/\/cpxzx.com\/product\/ceramic-cross-partition-ring\/#primaryimage"},"thumbnailUrl":"https:\/\/cpxzx.com\/wp-content\/uploads\/2025\/07\/ceramic-cross-partition-ring1.jpg","datePublished":"2025-07-25T14:36:25+00:00","dateModified":"2025-07-30T11:05:01+00:00","breadcrumb":{"@id":"https:\/\/cpxzx.com\/product\/ceramic-cross-partition-ring\/#breadcrumb"},"inLanguage":"fr-FR","potentialAction":[{"@type":"ReadAction","target":["https:\/\/cpxzx.com\/product\/ceramic-cross-partition-ring\/"]}]},{"@type":"ImageObject","inLanguage":"fr-FR","@id":"https:\/\/cpxzx.com\/product\/ceramic-cross-partition-ring\/#primaryimage","url":"https:\/\/cpxzx.com\/wp-content\/uploads\/2025\/07\/ceramic-cross-partition-ring1.jpg","contentUrl":"https:\/\/cpxzx.com\/wp-content\/uploads\/2025\/07\/ceramic-cross-partition-ring1.jpg","width":550,"height":550},{"@type":"BreadcrumbList","@id":"https:\/\/cpxzx.com\/product\/ceramic-cross-partition-ring\/#breadcrumb","itemListElement":[{"@type":"ListItem","position":1,"name":"Home","item":"https:\/\/cpxzx.com\/"},{"@type":"ListItem","position":2,"name":"Random Packing","item":"https:\/\/cpxzx.com\/pcategory\/random-packing\/"},{"@type":"ListItem","position":3,"name":"Ceramic Random Packing","item":"https:\/\/cpxzx.com\/pcategory\/random-packing\/ceramic-random-packing\/"},{"@type":"ListItem","position":4,"name":"50mm 80mm 100mm 120mm 150mm Ceramic Cross Partition Ring"}]},{"@type":"WebSite","@id":"https:\/\/cpxzx.com\/#website","url":"https:\/\/cpxzx.com\/","name":"Remplissage de tour de refroidissement, fabricant chinois de remplissages en PVC","description":"","publisher":{"@id":"https:\/\/cpxzx.com\/#organization"},"potentialAction":[{"@type":"SearchAction","target":{"@type":"EntryPoint","urlTemplate":"https:\/\/cpxzx.com\/?s={search_term_string}"},"query-input":{"@type":"PropertyValueSpecification","valueRequired":true,"valueName":"search_term_string"}}],"inLanguage":"fr-FR"},{"@type":"Organization","@id":"https:\/\/cpxzx.com\/#organization","name":"Remplissage de tour de refroidissement, fabricant chinois de remplissages en PVC","url":"https:\/\/cpxzx.com\/","logo":{"@type":"ImageObject","inLanguage":"fr-FR","@id":"https:\/\/cpxzx.com\/#\/schema\/logo\/image\/","url":"https:\/\/cpxzx.com\/wp-content\/uploads\/2025\/07\/1751628807-logo.png","contentUrl":"https:\/\/cpxzx.com\/wp-content\/uploads\/2025\/07\/1751628807-logo.png","width":383,"height":87,"caption":"Cooling Tower Fill, China PVC Fills Manufacturer"},"image":{"@id":"https:\/\/cpxzx.com\/#\/schema\/logo\/image\/"}}]}},"taxonomy_info":{"pcategory":[{"value":22,"label":"Random Packing"},{"value":24,"label":"Ceramic Random Packing"}]},"featured_image_src_large":["https:\/\/cpxzx.com\/wp-content\/uploads\/2025\/07\/ceramic-cross-partition-ring1.jpg",550,550,false],"author_info":[],"comment_info":"","_links":{"self":[{"href":"https:\/\/cpxzx.com\/fr\/wp-json\/wp\/v2\/product\/2838","targetHints":{"allow":["GET"]}}],"collection":[{"href":"https:\/\/cpxzx.com\/fr\/wp-json\/wp\/v2\/product"}],"about":[{"href":"https:\/\/cpxzx.com\/fr\/wp-json\/wp\/v2\/types\/product"}],"wp:featuredmedia":[{"embeddable":true,"href":"https:\/\/cpxzx.com\/fr\/wp-json\/wp\/v2\/media\/2841"}],"wp:attachment":[{"href":"https:\/\/cpxzx.com\/fr\/wp-json\/wp\/v2\/media?parent=2838"}],"wp:term":[{"taxonomy":"pcategory","embeddable":true,"href":"https:\/\/cpxzx.com\/fr\/wp-json\/wp\/v2\/pcategory?post=2838"},{"taxonomy":"ptag","embeddable":true,"href":"https:\/\/cpxzx.com\/fr\/wp-json\/wp\/v2\/ptag?post=2838"}],"curies":[{"name":"wp","href":"https:\/\/api.w.org\/{rel}","templated":true}]}}