{"id":2831,"date":"2025-07-24T08:37:02","date_gmt":"2025-07-24T08:37:02","guid":{"rendered":"https:\/\/cpxzx.com\/?post_type=product&#038;p=2831"},"modified":"2025-07-30T11:05:56","modified_gmt":"2025-07-30T11:05:56","slug":"ceramic-butterfly-ring","status":"publish","type":"product","link":"https:\/\/cpxzx.com\/fr\/produit\/ceramic-butterfly-ring\/","title":{"rendered":"Anneau papillon en c\u00e9ramique 19mm 25mm 38mm"},"content":{"rendered":"<p><strong>Bague papillon en c\u00e9ramique<\/strong> est un type avanc\u00e9 de m\u00e9dia d'emballage al\u00e9atoire largement utilis\u00e9 dans les syst\u00e8mes de transfert de chaleur \u00e0 haute efficacit\u00e9. Gr\u00e2ce \u00e0 sa structure unique et \u00e0 son mat\u00e9riau haute performance, l'anneau papillon en c\u00e9ramique offre une efficacit\u00e9 de transfert de masse sup\u00e9rieure, une faible perte de charge et une forte r\u00e9sistance chimique. Ces caract\u00e9ristiques le rendent id\u00e9al pour les applications dans des environnements chimiques et thermiques difficiles.<\/p>\n<h2>Qu'est-ce qui rend la bague papillon en c\u00e9ramique exceptionnelle ?<\/h2>\n<p>L'anneau papillon en c\u00e9ramique, \u00e9galement appel\u00e9 fluide caloporteur Ty-Pak, est sp\u00e9cialement con\u00e7u pour les applications de conditionnement al\u00e9atoire. Compar\u00e9 aux selles en c\u00e9ramique traditionnelles, le m\u00e9dia Ty-Pak offre une perte de charge jusqu'\u00e0 20% inf\u00e9rieure. Cela rend l'anneau papillon en c\u00e9ramique tr\u00e8s efficace dans les op\u00e9rations \u00e0 haute temp\u00e9rature. Fabriqu\u00e9 en porcelaine de silicate press\u00e9e solide avec 17-23% Al<sub>2<\/sub>O<sub>3<\/sub>Il offre une r\u00e9sistance sup\u00e9rieure aux chocs thermiques et une durabilit\u00e9 chimique.<\/p>\n<h2>Efficacit\u00e9 \u00e9lev\u00e9e et performance \u00e0 long terme<\/h2>\n<p>L'anneau papillon en c\u00e9ramique est con\u00e7u pour emp\u00eacher la formation de canaux, acc\u00e9l\u00e9rer le processus de chargement et r\u00e9duire le tassement. Sa structure stable garantit des performances d'\u00e9change thermique constantes dans le temps. C'est l'un des meilleurs choix pour am\u00e9liorer les syst\u00e8mes d'oxydation thermique r\u00e9g\u00e9n\u00e9rative (RTO). L'anneau papillon en c\u00e9ramique r\u00e9duit la consommation d'\u00e9nergie et am\u00e9liore les performances globales de votre unit\u00e9. Il est \u00e9galement simple \u00e0 installer et offre une longue dur\u00e9e de vie dans les applications industrielles.<\/p>\n<h2>Principales caract\u00e9ristiques de la bague papillon en c\u00e9ramique<\/h2>\n<ul class=\"list-paddingleft-2\">\n<li>Grande stabilit\u00e9 chimique et r\u00e9sistance aux acides<\/li>\n<li>Excellente r\u00e9sistance \u00e0 la chaleur pour les applications thermiques<\/li>\n<li>Faible perte de charge et efficacit\u00e9 \u00e9lev\u00e9e du transfert de masse<\/li>\n<li>Faible absorption d'humidit\u00e9 pour une meilleure durabilit\u00e9<\/li>\n<li>Rentable et adapt\u00e9 \u00e0 de nombreux secteurs d'activit\u00e9<\/li>\n<\/ul>\n<h2>Sp\u00e9cifications de la bague papillon en c\u00e9ramique<\/h2>\n<table border=\"1\" cellspacing=\"0\" cellpadding=\"6\">\n<thead>\n<tr>\n<th>Taille nominale<br \/>\n(mm)<\/th>\n<th>L*L*H*T<br \/>\n(mm)<\/th>\n<th>Surface sp\u00e9cifique<br \/>\n(m<sup>2<\/sup>\/m<sup>3<\/sup>)<\/th>\n<th>Volume du vide<br \/>\n(%)<\/th>\n<th>Densit\u00e9 de l'emballage<br \/>\n(kg\/m<sup>3<\/sup>)<\/th>\n<th>Facteur d'emballage<br \/>\n(m<sup>-1<\/sup>)<\/th>\n<\/tr>\n<\/thead>\n<tbody>\n<tr>\n<td>19<\/td>\n<td>38*26*11*4.5<\/td>\n<td>335<\/td>\n<td>71<\/td>\n<td>570<\/td>\n<td>934<\/td>\n<\/tr>\n<tr>\n<td>25<\/td>\n<td>52*28*12.5*5<\/td>\n<td>255<\/td>\n<td>72<\/td>\n<td>620<\/td>\n<td>683<\/td>\n<\/tr>\n<tr>\n<td>38<\/td>\n<td>62*41*15*5.5<\/td>\n<td>160<\/td>\n<td>74<\/td>\n<td>630<\/td>\n<td>935<\/td>\n<\/tr>\n<\/tbody>\n<\/table>\n<h2>Applications de l'anneau papillon en c\u00e9ramique<\/h2>\n<p>Gr\u00e2ce \u00e0 son excellente r\u00e9sistance m\u00e9canique et thermique, l'anneau papillon en c\u00e9ramique est largement utilis\u00e9 dans diverses colonnes et tours industrielles. Il s'agit notamment de<\/p>\n<ul class=\"list-paddingleft-2\">\n<li>Colonnes de s\u00e9chage<\/li>\n<li>Colonnes absorbantes<\/li>\n<li>Tours de refroidissement<\/li>\n<li>Tours de lavage<\/li>\n<\/ul>\n<p>Il est couramment utilis\u00e9 dans les secteurs de la chimie, de la m\u00e9tallurgie, du gaz de charbon et de la production d'oxyg\u00e8ne. Partout o\u00f9 une r\u00e9sistance \u00e9lev\u00e9e \u00e0 la chaleur et une efficacit\u00e9 de transfert de masse sont requises, l'anneau papillon en c\u00e9ramique s'av\u00e8re \u00eatre un choix fiable.<br \/>\nLa bague papillon en c\u00e9ramique offre une solution \u00e9prouv\u00e9e pour am\u00e9liorer l'efficacit\u00e9 \u00e9nerg\u00e9tique et la fiabilit\u00e9 op\u00e9rationnelle. Il se distingue par son faible co\u00fbt, ses performances \u00e9lev\u00e9es et sa longue dur\u00e9e de vie. Que vous modernisiez un syst\u00e8me RTO existant ou que vous en conceviez un nouveau, le m\u00e9dia de garniture \u00e0 anneau papillon en c\u00e9ramique fournit les r\u00e9sultats dont vous avez besoin.<\/p>\n<h2>Emballage<\/h2>\n<p>Les anneaux papillon en c\u00e9ramique sont solidement emball\u00e9s pour \u00e9viter tout dommage pendant le transport. Des emballages personnalis\u00e9s sont \u00e9galement disponibles en fonction de vos besoins en termes de volume et d'application.<\/p>","protected":false},"excerpt":{"rendered":"<p>Les anneaux papillons en c\u00e9ramique se chevauchent dans le sens axial pour former une structure conjugu\u00e9e. Cette forme sp\u00e9ciale permet au liquide d'\u00eatre r\u00e9parti uniform\u00e9ment sur la surface de remplissage. Lorsque la vapeur et le liquide s'\u00e9coulent \u00e0 travers le lit de garnissage \u00e0 anneaux papillon en c\u00e9ramique, la r\u00e9sistance \u00e0 la vapeur est consid\u00e9rablement r\u00e9duite et le flux est fortement augment\u00e9. La r\u00e9partition uniforme de la vapeur et du liquide am\u00e9liore l'interface de contact, ce qui se traduit par un meilleur transfert de masse.<\/p>","protected":false},"featured_media":2832,"parent":0,"template":"","meta":{"_acf_changed":false,"_kad_blocks_custom_css":"","_kad_blocks_head_custom_js":"","_kad_blocks_body_custom_js":"","_kad_blocks_footer_custom_js":"","_kadence_starter_templates_imported_post":false,"_kad_post_transparent":"default","_kad_post_title":"","_kad_post_layout":"default","_kad_post_sidebar_id":"","_kad_post_content_style":"default","_kad_post_vertical_padding":"default","_kad_post_feature":"","_kad_post_feature_position":"","_kad_post_header":false,"_kad_post_footer":false},"pcategory":[22,24],"ptag":[],"class_list":["post-2831","product","type-product","status-publish","has-post-thumbnail","hentry","pcategory-random-packing","pcategory-ceramic-random-packing"],"acf":[],"yoast_head":"<!-- This site is optimized with the Yoast SEO plugin v27.4 - https:\/\/yoast.com\/product\/yoast-seo-wordpress\/ -->\n<title>Ceramic Butterfly Ring<\/title>\n<meta name=\"robots\" content=\"index, follow, max-snippet:-1, max-image-preview:large, max-video-preview:-1\" \/>\n<link rel=\"canonical\" href=\"https:\/\/cpxzx.com\/fr\/produit\/ceramic-butterfly-ring\/\" \/>\n<meta property=\"og:locale\" content=\"fr_FR\" \/>\n<meta property=\"og:type\" content=\"article\" \/>\n<meta property=\"og:title\" content=\"Ceramic Butterfly Ring\" \/>\n<meta property=\"og:description\" content=\"The ceramic butterfly rings are overlapped along the axial direction to form a conjugated structure. This special shape allows liquid to be evenly distributed across the filler surface. As vapor-liquid flows through the ceramic butterfly ring packing bed, resistance to vapor is significantly reduced, and the flux is greatly increased. The even distribution of vapor and liquid improves the contact interface, leading to enhanced mass transfer performance.\" \/>\n<meta property=\"og:url\" content=\"https:\/\/cpxzx.com\/fr\/produit\/ceramic-butterfly-ring\/\" \/>\n<meta property=\"og:site_name\" content=\"Cooling Tower Fill, China PVC Fills Manufacturer\" \/>\n<meta property=\"article:modified_time\" content=\"2025-07-30T11:05:56+00:00\" \/>\n<meta property=\"og:image\" content=\"https:\/\/cpxzx.com\/wp-content\/uploads\/2025\/07\/Ceramic-Butterfly-Ring-Tower-Filling-Packing.jpg\" \/>\n\t<meta property=\"og:image:width\" content=\"550\" \/>\n\t<meta property=\"og:image:height\" content=\"550\" \/>\n\t<meta property=\"og:image:type\" content=\"image\/jpeg\" \/>\n<meta name=\"twitter:card\" content=\"summary_large_image\" \/>\n<meta name=\"twitter:label1\" content=\"Dur\u00e9e de lecture estim\u00e9e\" \/>\n\t<meta name=\"twitter:data1\" content=\"3 minutes\" \/>\n<script type=\"application\/ld+json\" class=\"yoast-schema-graph\">{\"@context\":\"https:\\\/\\\/schema.org\",\"@graph\":[{\"@type\":\"WebPage\",\"@id\":\"https:\\\/\\\/cpxzx.com\\\/product\\\/ceramic-butterfly-ring\\\/\",\"url\":\"https:\\\/\\\/cpxzx.com\\\/product\\\/ceramic-butterfly-ring\\\/\",\"name\":\"Ceramic Butterfly Ring\",\"isPartOf\":{\"@id\":\"https:\\\/\\\/cpxzx.com\\\/#website\"},\"primaryImageOfPage\":{\"@id\":\"https:\\\/\\\/cpxzx.com\\\/product\\\/ceramic-butterfly-ring\\\/#primaryimage\"},\"image\":{\"@id\":\"https:\\\/\\\/cpxzx.com\\\/product\\\/ceramic-butterfly-ring\\\/#primaryimage\"},\"thumbnailUrl\":\"https:\\\/\\\/cpxzx.com\\\/wp-content\\\/uploads\\\/2025\\\/07\\\/Ceramic-Butterfly-Ring-Tower-Filling-Packing.jpg\",\"datePublished\":\"2025-07-24T08:37:02+00:00\",\"dateModified\":\"2025-07-30T11:05:56+00:00\",\"breadcrumb\":{\"@id\":\"https:\\\/\\\/cpxzx.com\\\/product\\\/ceramic-butterfly-ring\\\/#breadcrumb\"},\"inLanguage\":\"fr-FR\",\"potentialAction\":[{\"@type\":\"ReadAction\",\"target\":[\"https:\\\/\\\/cpxzx.com\\\/product\\\/ceramic-butterfly-ring\\\/\"]}]},{\"@type\":\"ImageObject\",\"inLanguage\":\"fr-FR\",\"@id\":\"https:\\\/\\\/cpxzx.com\\\/product\\\/ceramic-butterfly-ring\\\/#primaryimage\",\"url\":\"https:\\\/\\\/cpxzx.com\\\/wp-content\\\/uploads\\\/2025\\\/07\\\/Ceramic-Butterfly-Ring-Tower-Filling-Packing.jpg\",\"contentUrl\":\"https:\\\/\\\/cpxzx.com\\\/wp-content\\\/uploads\\\/2025\\\/07\\\/Ceramic-Butterfly-Ring-Tower-Filling-Packing.jpg\",\"width\":550,\"height\":550},{\"@type\":\"BreadcrumbList\",\"@id\":\"https:\\\/\\\/cpxzx.com\\\/product\\\/ceramic-butterfly-ring\\\/#breadcrumb\",\"itemListElement\":[{\"@type\":\"ListItem\",\"position\":1,\"name\":\"Home\",\"item\":\"https:\\\/\\\/cpxzx.com\\\/\"},{\"@type\":\"ListItem\",\"position\":2,\"name\":\"Random Packing\",\"item\":\"https:\\\/\\\/cpxzx.com\\\/pcategory\\\/random-packing\\\/\"},{\"@type\":\"ListItem\",\"position\":3,\"name\":\"Ceramic Random Packing\",\"item\":\"https:\\\/\\\/cpxzx.com\\\/pcategory\\\/random-packing\\\/ceramic-random-packing\\\/\"},{\"@type\":\"ListItem\",\"position\":4,\"name\":\"Ceramic Butterfly Ring 19mm 25mm 38mm\"}]},{\"@type\":\"WebSite\",\"@id\":\"https:\\\/\\\/cpxzx.com\\\/#website\",\"url\":\"https:\\\/\\\/cpxzx.com\\\/\",\"name\":\"Cooling Tower Fill, China PVC Fills Manufacturer\",\"description\":\"\",\"publisher\":{\"@id\":\"https:\\\/\\\/cpxzx.com\\\/#organization\"},\"potentialAction\":[{\"@type\":\"SearchAction\",\"target\":{\"@type\":\"EntryPoint\",\"urlTemplate\":\"https:\\\/\\\/cpxzx.com\\\/?s={search_term_string}\"},\"query-input\":{\"@type\":\"PropertyValueSpecification\",\"valueRequired\":true,\"valueName\":\"search_term_string\"}}],\"inLanguage\":\"fr-FR\"},{\"@type\":\"Organization\",\"@id\":\"https:\\\/\\\/cpxzx.com\\\/#organization\",\"name\":\"Cooling Tower Fill, China PVC Fills Manufacturer\",\"url\":\"https:\\\/\\\/cpxzx.com\\\/\",\"logo\":{\"@type\":\"ImageObject\",\"inLanguage\":\"fr-FR\",\"@id\":\"https:\\\/\\\/cpxzx.com\\\/#\\\/schema\\\/logo\\\/image\\\/\",\"url\":\"https:\\\/\\\/cpxzx.com\\\/wp-content\\\/uploads\\\/2025\\\/07\\\/1751628807-logo.png\",\"contentUrl\":\"https:\\\/\\\/cpxzx.com\\\/wp-content\\\/uploads\\\/2025\\\/07\\\/1751628807-logo.png\",\"width\":383,\"height\":87,\"caption\":\"Cooling Tower Fill, China PVC Fills Manufacturer\"},\"image\":{\"@id\":\"https:\\\/\\\/cpxzx.com\\\/#\\\/schema\\\/logo\\\/image\\\/\"}}]}<\/script>\n<!-- \/ Yoast SEO plugin. -->","yoast_head_json":{"title":"Bague papillon en c\u00e9ramique","robots":{"index":"index","follow":"follow","max-snippet":"max-snippet:-1","max-image-preview":"max-image-preview:large","max-video-preview":"max-video-preview:-1"},"canonical":"https:\/\/cpxzx.com\/fr\/produit\/ceramic-butterfly-ring\/","og_locale":"fr_FR","og_type":"article","og_title":"Ceramic Butterfly Ring","og_description":"The ceramic butterfly rings are overlapped along the axial direction to form a conjugated structure. This special shape allows liquid to be evenly distributed across the filler surface. As vapor-liquid flows through the ceramic butterfly ring packing bed, resistance to vapor is significantly reduced, and the flux is greatly increased. The even distribution of vapor and liquid improves the contact interface, leading to enhanced mass transfer performance.","og_url":"https:\/\/cpxzx.com\/fr\/produit\/ceramic-butterfly-ring\/","og_site_name":"Cooling Tower Fill, China PVC Fills Manufacturer","article_modified_time":"2025-07-30T11:05:56+00:00","og_image":[{"width":550,"height":550,"url":"https:\/\/cpxzx.com\/wp-content\/uploads\/2025\/07\/Ceramic-Butterfly-Ring-Tower-Filling-Packing.jpg","type":"image\/jpeg"}],"twitter_card":"summary_large_image","twitter_misc":{"Dur\u00e9e de lecture estim\u00e9e":"3 minutes"},"schema":{"@context":"https:\/\/schema.org","@graph":[{"@type":"WebPage","@id":"https:\/\/cpxzx.com\/product\/ceramic-butterfly-ring\/","url":"https:\/\/cpxzx.com\/product\/ceramic-butterfly-ring\/","name":"Bague papillon en c\u00e9ramique","isPartOf":{"@id":"https:\/\/cpxzx.com\/#website"},"primaryImageOfPage":{"@id":"https:\/\/cpxzx.com\/product\/ceramic-butterfly-ring\/#primaryimage"},"image":{"@id":"https:\/\/cpxzx.com\/product\/ceramic-butterfly-ring\/#primaryimage"},"thumbnailUrl":"https:\/\/cpxzx.com\/wp-content\/uploads\/2025\/07\/Ceramic-Butterfly-Ring-Tower-Filling-Packing.jpg","datePublished":"2025-07-24T08:37:02+00:00","dateModified":"2025-07-30T11:05:56+00:00","breadcrumb":{"@id":"https:\/\/cpxzx.com\/product\/ceramic-butterfly-ring\/#breadcrumb"},"inLanguage":"fr-FR","potentialAction":[{"@type":"ReadAction","target":["https:\/\/cpxzx.com\/product\/ceramic-butterfly-ring\/"]}]},{"@type":"ImageObject","inLanguage":"fr-FR","@id":"https:\/\/cpxzx.com\/product\/ceramic-butterfly-ring\/#primaryimage","url":"https:\/\/cpxzx.com\/wp-content\/uploads\/2025\/07\/Ceramic-Butterfly-Ring-Tower-Filling-Packing.jpg","contentUrl":"https:\/\/cpxzx.com\/wp-content\/uploads\/2025\/07\/Ceramic-Butterfly-Ring-Tower-Filling-Packing.jpg","width":550,"height":550},{"@type":"BreadcrumbList","@id":"https:\/\/cpxzx.com\/product\/ceramic-butterfly-ring\/#breadcrumb","itemListElement":[{"@type":"ListItem","position":1,"name":"Home","item":"https:\/\/cpxzx.com\/"},{"@type":"ListItem","position":2,"name":"Random Packing","item":"https:\/\/cpxzx.com\/pcategory\/random-packing\/"},{"@type":"ListItem","position":3,"name":"Ceramic Random Packing","item":"https:\/\/cpxzx.com\/pcategory\/random-packing\/ceramic-random-packing\/"},{"@type":"ListItem","position":4,"name":"Ceramic Butterfly Ring 19mm 25mm 38mm"}]},{"@type":"WebSite","@id":"https:\/\/cpxzx.com\/#website","url":"https:\/\/cpxzx.com\/","name":"Remplissage de tour de refroidissement, fabricant chinois de remplissages en PVC","description":"","publisher":{"@id":"https:\/\/cpxzx.com\/#organization"},"potentialAction":[{"@type":"SearchAction","target":{"@type":"EntryPoint","urlTemplate":"https:\/\/cpxzx.com\/?s={search_term_string}"},"query-input":{"@type":"PropertyValueSpecification","valueRequired":true,"valueName":"search_term_string"}}],"inLanguage":"fr-FR"},{"@type":"Organization","@id":"https:\/\/cpxzx.com\/#organization","name":"Remplissage de tour de refroidissement, fabricant chinois de remplissages en PVC","url":"https:\/\/cpxzx.com\/","logo":{"@type":"ImageObject","inLanguage":"fr-FR","@id":"https:\/\/cpxzx.com\/#\/schema\/logo\/image\/","url":"https:\/\/cpxzx.com\/wp-content\/uploads\/2025\/07\/1751628807-logo.png","contentUrl":"https:\/\/cpxzx.com\/wp-content\/uploads\/2025\/07\/1751628807-logo.png","width":383,"height":87,"caption":"Cooling Tower Fill, China PVC Fills Manufacturer"},"image":{"@id":"https:\/\/cpxzx.com\/#\/schema\/logo\/image\/"}}]}},"taxonomy_info":{"pcategory":[{"value":22,"label":"Random Packing"},{"value":24,"label":"Ceramic Random Packing"}]},"featured_image_src_large":["https:\/\/cpxzx.com\/wp-content\/uploads\/2025\/07\/Ceramic-Butterfly-Ring-Tower-Filling-Packing.jpg",550,550,false],"author_info":[],"comment_info":"","_links":{"self":[{"href":"https:\/\/cpxzx.com\/fr\/wp-json\/wp\/v2\/product\/2831","targetHints":{"allow":["GET"]}}],"collection":[{"href":"https:\/\/cpxzx.com\/fr\/wp-json\/wp\/v2\/product"}],"about":[{"href":"https:\/\/cpxzx.com\/fr\/wp-json\/wp\/v2\/types\/product"}],"wp:featuredmedia":[{"embeddable":true,"href":"https:\/\/cpxzx.com\/fr\/wp-json\/wp\/v2\/media\/2832"}],"wp:attachment":[{"href":"https:\/\/cpxzx.com\/fr\/wp-json\/wp\/v2\/media?parent=2831"}],"wp:term":[{"taxonomy":"pcategory","embeddable":true,"href":"https:\/\/cpxzx.com\/fr\/wp-json\/wp\/v2\/pcategory?post=2831"},{"taxonomy":"ptag","embeddable":true,"href":"https:\/\/cpxzx.com\/fr\/wp-json\/wp\/v2\/ptag?post=2831"}],"curies":[{"name":"wp","href":"https:\/\/api.w.org\/{rel}","templated":true}]}}