{"id":2814,"date":"2025-07-19T09:57:17","date_gmt":"2025-07-19T09:57:17","guid":{"rendered":"https:\/\/cpxzx.com\/?post_type=product&#038;p=2814"},"modified":"2025-07-30T11:07:35","modified_gmt":"2025-07-30T11:07:35","slug":"ceramic-intalox-saddles","status":"publish","type":"product","link":"https:\/\/cpxzx.com\/fr\/produit\/ceramic-intalox-saddles\/","title":{"rendered":"Selles Intalox en c\u00e9ramique (25mm, 38mm, 50mm, 76mm)"},"content":{"rendered":"<p><strong>Selles en c\u00e9ramique Intalox<\/strong> repr\u00e9sentent une am\u00e9lioration significative par rapport aux selles traditionnelles en c\u00e9ramique. Gr\u00e2ce \u00e0 leur conception avanc\u00e9e, qui modifie la surface de l'arc et le rayon de courbure int\u00e9rieur, ces selles r\u00e9solvent le probl\u00e8me d'embo\u00eetement qui affecte souvent les selles conventionnelles. Les selles c\u00e9ramiques Intalox sont con\u00e7ues pour offrir une excellente mouillabilit\u00e9, ce qui les rend id\u00e9ales pour diverses applications. Ils permettent un \u00e9coulement plus al\u00e9atoire des fluides tout en emp\u00eachant la formation de voies ou de canaux pr\u00e9f\u00e9rentiels, qui peuvent r\u00e9duire l'efficacit\u00e9 des processus chimiques.<\/p>\n<h2>Caract\u00e9ristiques principales des selles en c\u00e9ramique Intalox<\/h2>\n<ul>\n<li><strong>Excellente r\u00e9sistance aux acides<\/strong>: Les selles c\u00e9ramiques Intalox sont con\u00e7ues pour r\u00e9sister \u00e0 des environnements tr\u00e8s acides, ce qui garantit leur durabilit\u00e9 dans des industries telles que le traitement chimique et le raffinage p\u00e9trochimique.<\/li>\n<li><strong>R\u00e9sistance sup\u00e9rieure \u00e0 la chaleur<\/strong>: Ces selles supportent des temp\u00e9ratures extr\u00eames, ce qui les rend aptes \u00e0 \u00eatre utilis\u00e9es dans des processus \u00e0 haute temp\u00e9rature.<\/li>\n<li><strong>Surface sp\u00e9cifique \u00e9lev\u00e9e<\/strong>: Gr\u00e2ce \u00e0 leur surface \u00e9lev\u00e9e, ces selles permettent une meilleure interaction entre les phases gazeuse et liquide dans diverses applications de transfert de masse, am\u00e9liorant ainsi l'efficacit\u00e9.<\/li>\n<li><strong>Faible co\u00fbt<\/strong>: Malgr\u00e9 leurs propri\u00e9t\u00e9s sup\u00e9rieures, les selles en c\u00e9ramique Intalox sont rentables et offrent un \u00e9quilibre entre haute performance et prix abordable.<\/li>\n<li><strong>R\u00e9sistance m\u00e9canique \u00e9lev\u00e9e<\/strong>: La r\u00e9sistance m\u00e9canique de ces selles leur permet de supporter la pression et les contraintes m\u00e9caniques pendant le fonctionnement.<\/li>\n<li><strong>\u00c9conomies d'\u00e9nergie<\/strong>: Les selles c\u00e9ramiques Intalox sont \u00e9conomes en \u00e9nergie, ce qui permet de r\u00e9duire les co\u00fbts d'exploitation au fil du temps.<\/li>\n<li><strong>Facilit\u00e9 de manipulation<\/strong>: La conception l\u00e9g\u00e8re et durable de ces selles les rend faciles \u00e0 charger et \u00e0 d\u00e9charger, ce qui r\u00e9duit le temps et les efforts de manutention.<\/li>\n<\/ul>\n<h2>Sp\u00e9cifications des selles Ceramic Intalox<\/h2>\n<table border=\"1\">\n<thead>\n<tr>\n<th>Sp\u00e9cification (mm)<\/th>\n<th>Taille (mm)<\/th>\n<th>Surface (m2\/m3)<\/th>\n<th>Volume libre (%)<\/th>\n<th>Nombres en vrac (par\/m3)<\/th>\n<th>Densit\u00e9 apparente (kg\/m3)<\/th>\n<th>Facteur de tassement \u00e0 sec (m-1)<\/th>\n<\/tr>\n<\/thead>\n<tbody>\n<tr>\n<td>\u03c625<\/td>\n<td>25*25*3<\/td>\n<td>238<\/td>\n<td>73<\/td>\n<td>53,500<\/td>\n<td>600<\/td>\n<td>565<\/td>\n<\/tr>\n<tr>\n<td>\u03c638<\/td>\n<td>38*38*4<\/td>\n<td>197<\/td>\n<td>75<\/td>\n<td>13,400<\/td>\n<td>570<\/td>\n<td>365<\/td>\n<\/tr>\n<tr>\n<td>\u03c650<\/td>\n<td>50*50*5<\/td>\n<td>120<\/td>\n<td>78<\/td>\n<td>6,800<\/td>\n<td>550<\/td>\n<td>252<\/td>\n<\/tr>\n<tr>\n<td>\u03c680<\/td>\n<td>80*80*8<\/td>\n<td>75<\/td>\n<td>80<\/td>\n<td>1,930<\/td>\n<td>520<\/td>\n<td>146<\/td>\n<\/tr>\n<\/tbody>\n<\/table>\n<h2>Applications des selles c\u00e9ramiques Intalox<\/h2>\n<p>Les selles c\u00e9ramiques Intalox sont largement utilis\u00e9es dans les industries qui ont besoin de mat\u00e9riaux d'emballage tr\u00e8s efficaces pour les op\u00e9rations de transfert de masse. Il s'agit notamment des anneaux anisellaires en plastique, du raffinage de l'huile de d\u00e9paraffinage, du d\u00e9m\u00e9thane, du raffinage de l'anhydride benz\u00e9nique, etc. En outre, ils sont couramment utilis\u00e9s dans les tours de s\u00e9chage et les tours d'absorption pour la production d'acide sulfurique.<\/p>\n<p>La conception de la selle Intalox en c\u00e9ramique garantit qu'elle reste efficace m\u00eame dans des environnements difficiles, offrant des performances constantes tout au long de la dur\u00e9e de vie de l'application. Qu'il s'agisse de traitement chimique, de raffinage p\u00e9trochimique ou d'absorption de gaz, ces selles permettent de maintenir des performances optimales et de r\u00e9duire les temps d'arr\u00eat.<\/p>\n<h2>Avantages de l'utilisation des selles en c\u00e9ramique Intalox<\/h2>\n<ul>\n<li><strong>Am\u00e9lioration de l'efficacit\u00e9<\/strong>: La conception unique des selles c\u00e9ramiques Intalox permet un remplissage plus al\u00e9atoire, am\u00e9liorant l'efficacit\u00e9 de la circulation des fluides et r\u00e9duisant les effets de canalisation.<\/li>\n<li><strong>Durabilit\u00e9<\/strong>: Ces selles sont tr\u00e8s r\u00e9sistantes aux chocs thermiques et aux attaques chimiques, ce qui garantit une durabilit\u00e9 \u00e0 long terme dans des environnements exigeants.<\/li>\n<li><strong>Rapport co\u00fbt-efficacit\u00e9<\/strong>: Les selles c\u00e9ramiques Intalox offrent un \u00e9quilibre entre des performances sup\u00e9rieures et un prix abordable, ce qui en fait un excellent choix pour une large gamme d'applications.<\/li>\n<li><strong>\u00c9conomies d'\u00e9nergie<\/strong>: Leurs propri\u00e9t\u00e9s d'efficacit\u00e9 \u00e9nerg\u00e9tique contribuent \u00e0 r\u00e9duire les co\u00fbts op\u00e9rationnels, ce qui constitue un avantage cl\u00e9 pour les industries qui cherchent \u00e0 r\u00e9duire leurs d\u00e9penses globales.<\/li>\n<\/ul>\n<h2>Pourquoi choisir les selles en c\u00e9ramique Intalox ?<\/h2>\n<p>Les selles en c\u00e9ramique Intalox offrent plusieurs avantages par rapport aux mat\u00e9riaux de garniture traditionnels. Leur capacit\u00e9 \u00e0 r\u00e9sister aux temp\u00e9ratures extr\u00eames et aux substances corrosives les rend id\u00e9ales pour les industries telles que la p\u00e9trochimie, la production chimique et l'absorption de gaz. La conception de la selle permet une meilleure circulation des fluides, ce qui r\u00e9duit le risque de blocage et garantit une plus grande efficacit\u00e9 dans les op\u00e9rations de transfert de masse. En choisissant les selles c\u00e9ramiques Intalox, vous pouvez vous assurer que vos op\u00e9rations se d\u00e9roulent en douceur avec moins d'interruptions de maintenance, ce qui se traduit par des \u00e9conomies significatives \u00e0 long terme, tant en termes de temps que de co\u00fbts.<\/p>\n<p>Les selles c\u00e9ramiques Intalox sont \u00e9galement un choix durable, contribuant aux \u00e9conomies d'\u00e9nergie et \u00e0 la r\u00e9duction de l'empreinte carbone. Leur surface sp\u00e9cifique \u00e9lev\u00e9e am\u00e9liore leurs capacit\u00e9s de transfert de masse, ce qui les rend id\u00e9ales pour les processus n\u00e9cessitant une performance \u00e0 haut rendement.<\/p>\n<h2>Conclusion<\/h2>\n<p>Les selles Intalox en c\u00e9ramique sont un composant essentiel dans diverses applications industrielles, car elles offrent une r\u00e9sistance sup\u00e9rieure \u00e0 la chaleur, aux produits chimiques et aux chocs thermiques. Leur r\u00e9sistance m\u00e9canique \u00e9lev\u00e9e et leur rentabilit\u00e9 en font un choix id\u00e9al pour les applications dans les industries chimiques et p\u00e9trochimiques. Qu'elles soient utilis\u00e9es dans des anneaux anisellaires en plastique, dans le raffinage du p\u00e9trole par d\u00e9paraffinage ou dans la production d'acide sulfurique, les selles c\u00e9ramiques Intalox offrent des performances et une efficacit\u00e9 durables. Gr\u00e2ce \u00e0 leurs capacit\u00e9s d'\u00e9conomie d'\u00e9nergie et \u00e0 leur facilit\u00e9 de manipulation, ces selles constituent une solution d'emballage fiable et performante.<\/p>\n<p>En r\u00e9sum\u00e9, si vous recherchez un mat\u00e9riau de garnissage durable, rentable et efficace pour vos proc\u00e9d\u00e9s de transfert de masse, les selles c\u00e9ramiques Intalox sont la solution qu'il vous faut.<\/p>","protected":false},"excerpt":{"rendered":"<p>Ces selles en c\u00e9ramique sont tr\u00e8s r\u00e9sistantes aux chocs thermiques et aux attaques chimiques, ce qui en fait un choix id\u00e9al pour les environnements industriels difficiles. Leur r\u00e9sistance sup\u00e9rieure \u00e0 la chaleur et \u00e0 l'exposition aux produits chimiques garantit des performances durables dans les applications exigeantes, r\u00e9duisant ainsi le besoin de remplacements fr\u00e9quents.<\/p>","protected":false},"featured_media":2816,"parent":0,"template":"","meta":{"_acf_changed":false,"_kad_blocks_custom_css":"","_kad_blocks_head_custom_js":"","_kad_blocks_body_custom_js":"","_kad_blocks_footer_custom_js":"","_kadence_starter_templates_imported_post":false,"_kad_post_transparent":"default","_kad_post_title":"","_kad_post_layout":"default","_kad_post_sidebar_id":"","_kad_post_content_style":"default","_kad_post_vertical_padding":"default","_kad_post_feature":"","_kad_post_feature_position":"","_kad_post_header":false,"_kad_post_footer":false},"pcategory":[],"ptag":[],"class_list":["post-2814","product","type-product","status-publish","has-post-thumbnail","hentry"],"acf":[],"yoast_head":"<!-- This site is optimized with the Yoast SEO plugin v27.4 - https:\/\/yoast.com\/product\/yoast-seo-wordpress\/ -->\n<title>Ceramic Intalox Saddles (25mm, 38mm, 50mm, 76mm)<\/title>\n<meta name=\"robots\" content=\"index, follow, max-snippet:-1, max-image-preview:large, max-video-preview:-1\" \/>\n<link rel=\"canonical\" href=\"https:\/\/cpxzx.com\/fr\/produit\/ceramic-intalox-saddles\/\" \/>\n<meta property=\"og:locale\" content=\"fr_FR\" \/>\n<meta property=\"og:type\" content=\"article\" \/>\n<meta property=\"og:title\" content=\"Ceramic Intalox Saddles (25mm, 38mm, 50mm, 76mm)\" \/>\n<meta property=\"og:description\" content=\"These ceramic saddles are highly resistant to thermal shock and chemical attack, making them an ideal choice for use in harsh industrial environments. Their superior resistance to both heat and chemical exposure ensures long-lasting performance in demanding applications, reducing the need for frequent replacements.\" \/>\n<meta property=\"og:url\" content=\"https:\/\/cpxzx.com\/fr\/produit\/ceramic-intalox-saddles\/\" \/>\n<meta property=\"og:site_name\" content=\"Cooling Tower Fill, China PVC Fills Manufacturer\" \/>\n<meta property=\"article:modified_time\" content=\"2025-07-30T11:07:35+00:00\" \/>\n<meta property=\"og:image\" content=\"https:\/\/cpxzx.com\/wp-content\/uploads\/2025\/07\/Ceramic-Intalox-Saddles-26.jpg\" \/>\n\t<meta property=\"og:image:width\" content=\"550\" \/>\n\t<meta property=\"og:image:height\" content=\"550\" \/>\n\t<meta property=\"og:image:type\" content=\"image\/jpeg\" \/>\n<meta name=\"twitter:card\" content=\"summary_large_image\" \/>\n<meta name=\"twitter:label1\" content=\"Dur\u00e9e de lecture estim\u00e9e\" \/>\n\t<meta name=\"twitter:data1\" content=\"4 minutes\" \/>\n<script type=\"application\/ld+json\" class=\"yoast-schema-graph\">{\"@context\":\"https:\\\/\\\/schema.org\",\"@graph\":[{\"@type\":\"WebPage\",\"@id\":\"https:\\\/\\\/cpxzx.com\\\/product\\\/ceramic-intalox-saddles\\\/\",\"url\":\"https:\\\/\\\/cpxzx.com\\\/product\\\/ceramic-intalox-saddles\\\/\",\"name\":\"Ceramic Intalox Saddles (25mm, 38mm, 50mm, 76mm)\",\"isPartOf\":{\"@id\":\"https:\\\/\\\/cpxzx.com\\\/#website\"},\"primaryImageOfPage\":{\"@id\":\"https:\\\/\\\/cpxzx.com\\\/product\\\/ceramic-intalox-saddles\\\/#primaryimage\"},\"image\":{\"@id\":\"https:\\\/\\\/cpxzx.com\\\/product\\\/ceramic-intalox-saddles\\\/#primaryimage\"},\"thumbnailUrl\":\"https:\\\/\\\/cpxzx.com\\\/wp-content\\\/uploads\\\/2025\\\/07\\\/Ceramic-Intalox-Saddles-26.jpg\",\"datePublished\":\"2025-07-19T09:57:17+00:00\",\"dateModified\":\"2025-07-30T11:07:35+00:00\",\"breadcrumb\":{\"@id\":\"https:\\\/\\\/cpxzx.com\\\/product\\\/ceramic-intalox-saddles\\\/#breadcrumb\"},\"inLanguage\":\"fr-FR\",\"potentialAction\":[{\"@type\":\"ReadAction\",\"target\":[\"https:\\\/\\\/cpxzx.com\\\/product\\\/ceramic-intalox-saddles\\\/\"]}]},{\"@type\":\"ImageObject\",\"inLanguage\":\"fr-FR\",\"@id\":\"https:\\\/\\\/cpxzx.com\\\/product\\\/ceramic-intalox-saddles\\\/#primaryimage\",\"url\":\"https:\\\/\\\/cpxzx.com\\\/wp-content\\\/uploads\\\/2025\\\/07\\\/Ceramic-Intalox-Saddles-26.jpg\",\"contentUrl\":\"https:\\\/\\\/cpxzx.com\\\/wp-content\\\/uploads\\\/2025\\\/07\\\/Ceramic-Intalox-Saddles-26.jpg\",\"width\":550,\"height\":550},{\"@type\":\"BreadcrumbList\",\"@id\":\"https:\\\/\\\/cpxzx.com\\\/product\\\/ceramic-intalox-saddles\\\/#breadcrumb\",\"itemListElement\":[{\"@type\":\"ListItem\",\"position\":1,\"name\":\"Home\",\"item\":\"https:\\\/\\\/cpxzx.com\\\/\"},{\"@type\":\"ListItem\",\"position\":2,\"name\":\"Ceramic Intalox Saddles (25mm, 38mm, 50mm, 76mm)\"}]},{\"@type\":\"WebSite\",\"@id\":\"https:\\\/\\\/cpxzx.com\\\/#website\",\"url\":\"https:\\\/\\\/cpxzx.com\\\/\",\"name\":\"Cooling Tower Fill, China PVC Fills Manufacturer\",\"description\":\"\",\"publisher\":{\"@id\":\"https:\\\/\\\/cpxzx.com\\\/#organization\"},\"potentialAction\":[{\"@type\":\"SearchAction\",\"target\":{\"@type\":\"EntryPoint\",\"urlTemplate\":\"https:\\\/\\\/cpxzx.com\\\/?s={search_term_string}\"},\"query-input\":{\"@type\":\"PropertyValueSpecification\",\"valueRequired\":true,\"valueName\":\"search_term_string\"}}],\"inLanguage\":\"fr-FR\"},{\"@type\":\"Organization\",\"@id\":\"https:\\\/\\\/cpxzx.com\\\/#organization\",\"name\":\"Cooling Tower Fill, China PVC Fills Manufacturer\",\"url\":\"https:\\\/\\\/cpxzx.com\\\/\",\"logo\":{\"@type\":\"ImageObject\",\"inLanguage\":\"fr-FR\",\"@id\":\"https:\\\/\\\/cpxzx.com\\\/#\\\/schema\\\/logo\\\/image\\\/\",\"url\":\"https:\\\/\\\/cpxzx.com\\\/wp-content\\\/uploads\\\/2025\\\/07\\\/1751628807-logo.png\",\"contentUrl\":\"https:\\\/\\\/cpxzx.com\\\/wp-content\\\/uploads\\\/2025\\\/07\\\/1751628807-logo.png\",\"width\":383,\"height\":87,\"caption\":\"Cooling Tower Fill, China PVC Fills Manufacturer\"},\"image\":{\"@id\":\"https:\\\/\\\/cpxzx.com\\\/#\\\/schema\\\/logo\\\/image\\\/\"}}]}<\/script>\n<!-- \/ Yoast SEO plugin. -->","yoast_head_json":{"title":"Selles Intalox en c\u00e9ramique (25mm, 38mm, 50mm, 76mm)","robots":{"index":"index","follow":"follow","max-snippet":"max-snippet:-1","max-image-preview":"max-image-preview:large","max-video-preview":"max-video-preview:-1"},"canonical":"https:\/\/cpxzx.com\/fr\/produit\/ceramic-intalox-saddles\/","og_locale":"fr_FR","og_type":"article","og_title":"Ceramic Intalox Saddles (25mm, 38mm, 50mm, 76mm)","og_description":"These ceramic saddles are highly resistant to thermal shock and chemical attack, making them an ideal choice for use in harsh industrial environments. Their superior resistance to both heat and chemical exposure ensures long-lasting performance in demanding applications, reducing the need for frequent replacements.","og_url":"https:\/\/cpxzx.com\/fr\/produit\/ceramic-intalox-saddles\/","og_site_name":"Cooling Tower Fill, China PVC Fills Manufacturer","article_modified_time":"2025-07-30T11:07:35+00:00","og_image":[{"width":550,"height":550,"url":"https:\/\/cpxzx.com\/wp-content\/uploads\/2025\/07\/Ceramic-Intalox-Saddles-26.jpg","type":"image\/jpeg"}],"twitter_card":"summary_large_image","twitter_misc":{"Dur\u00e9e de lecture estim\u00e9e":"4 minutes"},"schema":{"@context":"https:\/\/schema.org","@graph":[{"@type":"WebPage","@id":"https:\/\/cpxzx.com\/product\/ceramic-intalox-saddles\/","url":"https:\/\/cpxzx.com\/product\/ceramic-intalox-saddles\/","name":"Selles Intalox en c\u00e9ramique (25mm, 38mm, 50mm, 76mm)","isPartOf":{"@id":"https:\/\/cpxzx.com\/#website"},"primaryImageOfPage":{"@id":"https:\/\/cpxzx.com\/product\/ceramic-intalox-saddles\/#primaryimage"},"image":{"@id":"https:\/\/cpxzx.com\/product\/ceramic-intalox-saddles\/#primaryimage"},"thumbnailUrl":"https:\/\/cpxzx.com\/wp-content\/uploads\/2025\/07\/Ceramic-Intalox-Saddles-26.jpg","datePublished":"2025-07-19T09:57:17+00:00","dateModified":"2025-07-30T11:07:35+00:00","breadcrumb":{"@id":"https:\/\/cpxzx.com\/product\/ceramic-intalox-saddles\/#breadcrumb"},"inLanguage":"fr-FR","potentialAction":[{"@type":"ReadAction","target":["https:\/\/cpxzx.com\/product\/ceramic-intalox-saddles\/"]}]},{"@type":"ImageObject","inLanguage":"fr-FR","@id":"https:\/\/cpxzx.com\/product\/ceramic-intalox-saddles\/#primaryimage","url":"https:\/\/cpxzx.com\/wp-content\/uploads\/2025\/07\/Ceramic-Intalox-Saddles-26.jpg","contentUrl":"https:\/\/cpxzx.com\/wp-content\/uploads\/2025\/07\/Ceramic-Intalox-Saddles-26.jpg","width":550,"height":550},{"@type":"BreadcrumbList","@id":"https:\/\/cpxzx.com\/product\/ceramic-intalox-saddles\/#breadcrumb","itemListElement":[{"@type":"ListItem","position":1,"name":"Home","item":"https:\/\/cpxzx.com\/"},{"@type":"ListItem","position":2,"name":"Ceramic Intalox Saddles (25mm, 38mm, 50mm, 76mm)"}]},{"@type":"WebSite","@id":"https:\/\/cpxzx.com\/#website","url":"https:\/\/cpxzx.com\/","name":"Remplissage de tour de refroidissement, fabricant chinois de remplissages en PVC","description":"","publisher":{"@id":"https:\/\/cpxzx.com\/#organization"},"potentialAction":[{"@type":"SearchAction","target":{"@type":"EntryPoint","urlTemplate":"https:\/\/cpxzx.com\/?s={search_term_string}"},"query-input":{"@type":"PropertyValueSpecification","valueRequired":true,"valueName":"search_term_string"}}],"inLanguage":"fr-FR"},{"@type":"Organization","@id":"https:\/\/cpxzx.com\/#organization","name":"Remplissage de tour de refroidissement, fabricant chinois de remplissages en PVC","url":"https:\/\/cpxzx.com\/","logo":{"@type":"ImageObject","inLanguage":"fr-FR","@id":"https:\/\/cpxzx.com\/#\/schema\/logo\/image\/","url":"https:\/\/cpxzx.com\/wp-content\/uploads\/2025\/07\/1751628807-logo.png","contentUrl":"https:\/\/cpxzx.com\/wp-content\/uploads\/2025\/07\/1751628807-logo.png","width":383,"height":87,"caption":"Cooling Tower Fill, China PVC Fills Manufacturer"},"image":{"@id":"https:\/\/cpxzx.com\/#\/schema\/logo\/image\/"}}]}},"taxonomy_info":[],"featured_image_src_large":["https:\/\/cpxzx.com\/wp-content\/uploads\/2025\/07\/Ceramic-Intalox-Saddles-26.jpg",550,550,false],"author_info":[],"comment_info":"","_links":{"self":[{"href":"https:\/\/cpxzx.com\/fr\/wp-json\/wp\/v2\/product\/2814","targetHints":{"allow":["GET"]}}],"collection":[{"href":"https:\/\/cpxzx.com\/fr\/wp-json\/wp\/v2\/product"}],"about":[{"href":"https:\/\/cpxzx.com\/fr\/wp-json\/wp\/v2\/types\/product"}],"wp:featuredmedia":[{"embeddable":true,"href":"https:\/\/cpxzx.com\/fr\/wp-json\/wp\/v2\/media\/2816"}],"wp:attachment":[{"href":"https:\/\/cpxzx.com\/fr\/wp-json\/wp\/v2\/media?parent=2814"}],"wp:term":[{"taxonomy":"pcategory","embeddable":true,"href":"https:\/\/cpxzx.com\/fr\/wp-json\/wp\/v2\/pcategory?post=2814"},{"taxonomy":"ptag","embeddable":true,"href":"https:\/\/cpxzx.com\/fr\/wp-json\/wp\/v2\/ptag?post=2814"}],"curies":[{"name":"wp","href":"https:\/\/api.w.org\/{rel}","templated":true}]}}