{"id":2791,"date":"2025-07-17T12:10:35","date_gmt":"2025-07-17T12:10:35","guid":{"rendered":"https:\/\/cpxzx.com\/?post_type=product&#038;p=2791"},"modified":"2025-07-30T11:04:37","modified_gmt":"2025-07-30T11:04:37","slug":"metal-raschig-rings","status":"publish","type":"product","link":"https:\/\/cpxzx.com\/fr\/produit\/metal-raschig-rings\/","title":{"rendered":"25mm 38mm 50mm-M\u00e9tal Anneaux de Raschig"},"content":{"rendered":"<p><strong>Anneaux de Raschig en m\u00e9tal<\/strong> sont un type de garnissage al\u00e9atoire utilis\u00e9 dans les tours pour diverses applications, notamment la distillation, l'absorption et les r\u00e9actions catalytiques. La structure de ces anneaux, g\u00e9n\u00e9ralement de longueur et de diam\u00e8tre \u00e9gaux, contribue \u00e0 la distribution efficace des liquides et des gaz dans le syst\u00e8me, optimisant ainsi le processus de transfert de masse. Compar\u00e9s \u00e0 leurs homologues en plastique, les anneaux de Raschig en m\u00e9tal peuvent supporter des charges plus lourdes, ce qui les rend id\u00e9aux pour les processus industriels exigeants.<\/p>\n<h2>Principales caract\u00e9ristiques et avantages des anneaux de Raschig en m\u00e9tal<\/h2>\n<ul>\n<li><strong>Mat\u00e9riaux durables<\/strong>: Fabriqu\u00e9s \u00e0 partir de mat\u00e9riaux tels que l'acier au carbone, SS304, SS304L, SS410, SS316 et SS316L, les anneaux de Raschig en m\u00e9tal sont con\u00e7us pour r\u00e9sister \u00e0 des environnements chimiques difficiles et \u00e0 des temp\u00e9ratures \u00e9lev\u00e9es.<\/li>\n<li><strong>R\u00e9sistance \u00e9lev\u00e9e \u00e0 l'\u00e9crasement<\/strong>: Ces bagues pr\u00e9sentent une r\u00e9sistance m\u00e9canique \u00e9lev\u00e9e, leur permettant de supporter une pression importante sans se d\u00e9former, ce qui les rend adapt\u00e9es aux applications \u00e0 forte charge.<\/li>\n<li><strong>Transfert de masse efficace<\/strong>: Gr\u00e2ce \u00e0 leur volume de vide important et \u00e0 leur surface \u00e9lev\u00e9e, les anneaux m\u00e9talliques de Raschig permettent un excellent contact entre le liquide et le gaz, assurant ainsi un transfert de masse efficace dans les processus chimiques.<\/li>\n<li><strong>Applications polyvalentes<\/strong>: Les anneaux de Raschig en m\u00e9tal sont largement utilis\u00e9s dans les industries telles que la p\u00e9trochimie, le traitement de l'eau et le traitement du gaz. Ils sont parfaits pour des t\u00e2ches telles que le soutien des catalyseurs, la s\u00e9paration, la distillation et l'extraction.<\/li>\n<\/ul>\n<h2>Sp\u00e9cifications des anneaux de Raschig en m\u00e9tal<\/h2>\n<table border=\"1\">\n<thead>\n<tr>\n<th>Taille<br \/>\n(mm)<\/th>\n<th>Densit\u00e9 en vrac<br \/>\n(kg\/m\u00b3)<\/th>\n<th>Quantit\u00e9<br \/>\n(par m\u00b3)<\/th>\n<th>Surface<br \/>\n(m\u00b2\/m\u00b3)<\/th>\n<th>Volume libre<br \/>\n(%)<\/th>\n<\/tr>\n<\/thead>\n<tbody>\n<tr>\n<td>15\u00d715\u00d70.3<\/td>\n<td>379<\/td>\n<td>230000<\/td>\n<td>350<\/td>\n<td>95<\/td>\n<\/tr>\n<tr>\n<td>25\u00d725\u00d70.4<\/td>\n<td>318<\/td>\n<td>51000<\/td>\n<td>216<\/td>\n<td>96<\/td>\n<\/tr>\n<tr>\n<td>25\u00d725\u00d70.5<\/td>\n<td>400<\/td>\n<td>51000<\/td>\n<td>220<\/td>\n<td>95<\/td>\n<\/tr>\n<tr>\n<td>35\u00d735\u00d70.8<\/td>\n<td>430<\/td>\n<td>19000<\/td>\n<td>150<\/td>\n<td>93<\/td>\n<\/tr>\n<tr>\n<td>50\u00d750\u00d70.5<\/td>\n<td>203<\/td>\n<td>6500<\/td>\n<td>106<\/td>\n<td>97.4<\/td>\n<\/tr>\n<tr>\n<td>50\u00d750\u00d70.7<\/td>\n<td>285<\/td>\n<td>6500<\/td>\n<td>108<\/td>\n<td>96.4<\/td>\n<\/tr>\n<tr>\n<td>50\u00d750\u00d70.8<\/td>\n<td>325<\/td>\n<td>7000<\/td>\n<td>109<\/td>\n<td>95<\/td>\n<\/tr>\n<tr>\n<td>76\u00d776\u00d70.8<\/td>\n<td>212<\/td>\n<td>1830<\/td>\n<td>69<\/td>\n<td>97.3<\/td>\n<\/tr>\n<tr>\n<td>80\u00d780\u00d71.2<\/td>\n<td>300<\/td>\n<td>1600<\/td>\n<td>65<\/td>\n<td>96<\/td>\n<\/tr>\n<tr>\n<td>90\u00d790\u00d71.0<\/td>\n<td>236<\/td>\n<td>1160<\/td>\n<td>62<\/td>\n<td>97<\/td>\n<\/tr>\n<\/tbody>\n<\/table>\n<h2>Applications des anneaux de Raschig en m\u00e9tal<\/h2>\n<p>Les anneaux de Raschig en m\u00e9tal sont utilis\u00e9s dans diverses industries, notamment :<\/p>\n<ul>\n<li><strong>Industrie p\u00e9trochimique<\/strong>: Essentiel pour les processus de distillation et d'absorption.<\/li>\n<li><strong>Traitement de l'eau<\/strong>: Utilis\u00e9 dans les tours de filtration et de traitement.<\/li>\n<li><strong>Traitement du gaz<\/strong>: Aide \u00e0 la s\u00e9paration et \u00e0 la d\u00e9sorption.<\/li>\n<\/ul>\n<h2>Anneaux de Raschig dans la distillation<\/h2>\n<p>Les anneaux de Raschig sont particuli\u00e8rement efficaces dans les colonnes de distillation, o\u00f9 ils am\u00e9liorent le contact entre les phases vapeur et liquide. Leur forme uniforme et leur surface \u00e9lev\u00e9e offrent des conditions id\u00e9ales pour une s\u00e9paration efficace des compos\u00e9s dans le processus de distillation. En incorporant des anneaux de Raschig dans les syst\u00e8mes de distillation, les industries peuvent obtenir une plus grande efficacit\u00e9 et r\u00e9duire les co\u00fbts d'exploitation.<\/p>\n<h2>Conclusion<\/h2>\n<p>Les anneaux de Raschig en m\u00e9tal constituent une solution fiable, durable et tr\u00e8s efficace pour les applications de traitement chimique. Leur capacit\u00e9 \u00e0 supporter de lourdes charges et \u00e0 r\u00e9sister \u00e0 la corrosion les rend indispensables dans des industries telles que la p\u00e9trochimie, le traitement de l'eau et le traitement du gaz. Si vous recherchez une solution de garnissage robuste et efficace pour vos op\u00e9rations de transfert de masse, les anneaux de Raschig en m\u00e9tal constituent un choix de premier ordre.<\/p>","protected":false},"excerpt":{"rendered":"<p>Les anneaux de Raschig en m\u00e9tal sont des composants tubulaires couramment utilis\u00e9s comme mat\u00e9riaux d'emballage dans les op\u00e9rations de traitement chimique et de transfert de masse. Ces anneaux sont g\u00e9n\u00e9ralement fabriqu\u00e9s en acier au carbone ou en acier inoxydable, ce qui leur conf\u00e8re une excellente r\u00e9sistance m\u00e9canique et une grande durabilit\u00e9. En raison de leur nature robuste, les anneaux de Raschig en m\u00e9tal sont privil\u00e9gi\u00e9s dans les industries o\u00f9 la manipulation de charges lourdes et la s\u00e9paration \u00e0 haute efficacit\u00e9 sont cruciales.<\/p>","protected":false},"featured_media":2792,"parent":0,"template":"","meta":{"_acf_changed":false,"_kad_blocks_custom_css":"","_kad_blocks_head_custom_js":"","_kad_blocks_body_custom_js":"","_kad_blocks_footer_custom_js":"","_kadence_starter_templates_imported_post":false,"_kad_post_transparent":"default","_kad_post_title":"","_kad_post_layout":"default","_kad_post_sidebar_id":"","_kad_post_content_style":"default","_kad_post_vertical_padding":"default","_kad_post_feature":"","_kad_post_feature_position":"","_kad_post_header":false,"_kad_post_footer":false},"pcategory":[22,23],"ptag":[],"class_list":["post-2791","product","type-product","status-publish","has-post-thumbnail","hentry","pcategory-random-packing","pcategory-metal-random-packing"],"acf":[],"yoast_head":"<!-- This site is optimized with the Yoast SEO plugin v27.4 - https:\/\/yoast.com\/product\/yoast-seo-wordpress\/ -->\n<title>25mm 38mm 50mm-Metal Raschig Rings<\/title>\n<meta name=\"robots\" content=\"index, follow, max-snippet:-1, max-image-preview:large, max-video-preview:-1\" \/>\n<link rel=\"canonical\" href=\"https:\/\/cpxzx.com\/fr\/produit\/metal-raschig-rings\/\" \/>\n<meta property=\"og:locale\" content=\"fr_FR\" \/>\n<meta property=\"og:type\" content=\"article\" \/>\n<meta property=\"og:title\" content=\"25mm 38mm 50mm-Metal Raschig Rings\" \/>\n<meta property=\"og:description\" content=\"Metal Raschig rings are tubular components commonly used as packing materials in chemical processing and mass transfer operations. These rings are typically manufactured from carbon steel or stainless steel, offering excellent mechanical strength and durability. Due to their robust nature, metal Raschig rings are favored in industries where heavy load handling and high-efficiency separation are crucial.\" \/>\n<meta property=\"og:url\" content=\"https:\/\/cpxzx.com\/fr\/produit\/metal-raschig-rings\/\" \/>\n<meta property=\"og:site_name\" content=\"Cooling Tower Fill, China PVC Fills Manufacturer\" \/>\n<meta property=\"article:modified_time\" content=\"2025-07-30T11:04:37+00:00\" \/>\n<meta property=\"og:image\" content=\"https:\/\/cpxzx.com\/wp-content\/uploads\/2025\/07\/metal-raschig-ring-1.jpg\" \/>\n\t<meta property=\"og:image:width\" content=\"550\" \/>\n\t<meta property=\"og:image:height\" content=\"550\" \/>\n\t<meta property=\"og:image:type\" content=\"image\/jpeg\" \/>\n<meta name=\"twitter:card\" content=\"summary_large_image\" \/>\n<meta name=\"twitter:label1\" content=\"Dur\u00e9e de lecture estim\u00e9e\" \/>\n\t<meta name=\"twitter:data1\" content=\"2 minutes\" \/>\n<script type=\"application\/ld+json\" class=\"yoast-schema-graph\">{\"@context\":\"https:\\\/\\\/schema.org\",\"@graph\":[{\"@type\":\"WebPage\",\"@id\":\"https:\\\/\\\/cpxzx.com\\\/product\\\/metal-raschig-rings\\\/\",\"url\":\"https:\\\/\\\/cpxzx.com\\\/product\\\/metal-raschig-rings\\\/\",\"name\":\"25mm 38mm 50mm-Metal Raschig Rings\",\"isPartOf\":{\"@id\":\"https:\\\/\\\/cpxzx.com\\\/#website\"},\"primaryImageOfPage\":{\"@id\":\"https:\\\/\\\/cpxzx.com\\\/product\\\/metal-raschig-rings\\\/#primaryimage\"},\"image\":{\"@id\":\"https:\\\/\\\/cpxzx.com\\\/product\\\/metal-raschig-rings\\\/#primaryimage\"},\"thumbnailUrl\":\"https:\\\/\\\/cpxzx.com\\\/wp-content\\\/uploads\\\/2025\\\/07\\\/metal-raschig-ring-1.jpg\",\"datePublished\":\"2025-07-17T12:10:35+00:00\",\"dateModified\":\"2025-07-30T11:04:37+00:00\",\"breadcrumb\":{\"@id\":\"https:\\\/\\\/cpxzx.com\\\/product\\\/metal-raschig-rings\\\/#breadcrumb\"},\"inLanguage\":\"fr-FR\",\"potentialAction\":[{\"@type\":\"ReadAction\",\"target\":[\"https:\\\/\\\/cpxzx.com\\\/product\\\/metal-raschig-rings\\\/\"]}]},{\"@type\":\"ImageObject\",\"inLanguage\":\"fr-FR\",\"@id\":\"https:\\\/\\\/cpxzx.com\\\/product\\\/metal-raschig-rings\\\/#primaryimage\",\"url\":\"https:\\\/\\\/cpxzx.com\\\/wp-content\\\/uploads\\\/2025\\\/07\\\/metal-raschig-ring-1.jpg\",\"contentUrl\":\"https:\\\/\\\/cpxzx.com\\\/wp-content\\\/uploads\\\/2025\\\/07\\\/metal-raschig-ring-1.jpg\",\"width\":550,\"height\":550},{\"@type\":\"BreadcrumbList\",\"@id\":\"https:\\\/\\\/cpxzx.com\\\/product\\\/metal-raschig-rings\\\/#breadcrumb\",\"itemListElement\":[{\"@type\":\"ListItem\",\"position\":1,\"name\":\"Home\",\"item\":\"https:\\\/\\\/cpxzx.com\\\/\"},{\"@type\":\"ListItem\",\"position\":2,\"name\":\"Random Packing\",\"item\":\"https:\\\/\\\/cpxzx.com\\\/pcategory\\\/random-packing\\\/\"},{\"@type\":\"ListItem\",\"position\":3,\"name\":\"Metal Random Packing\",\"item\":\"https:\\\/\\\/cpxzx.com\\\/pcategory\\\/random-packing\\\/metal-random-packing\\\/\"},{\"@type\":\"ListItem\",\"position\":4,\"name\":\"25mm 38mm 50mm-Metal Raschig Rings\"}]},{\"@type\":\"WebSite\",\"@id\":\"https:\\\/\\\/cpxzx.com\\\/#website\",\"url\":\"https:\\\/\\\/cpxzx.com\\\/\",\"name\":\"Cooling Tower Fill, China PVC Fills Manufacturer\",\"description\":\"\",\"publisher\":{\"@id\":\"https:\\\/\\\/cpxzx.com\\\/#organization\"},\"potentialAction\":[{\"@type\":\"SearchAction\",\"target\":{\"@type\":\"EntryPoint\",\"urlTemplate\":\"https:\\\/\\\/cpxzx.com\\\/?s={search_term_string}\"},\"query-input\":{\"@type\":\"PropertyValueSpecification\",\"valueRequired\":true,\"valueName\":\"search_term_string\"}}],\"inLanguage\":\"fr-FR\"},{\"@type\":\"Organization\",\"@id\":\"https:\\\/\\\/cpxzx.com\\\/#organization\",\"name\":\"Cooling Tower Fill, China PVC Fills Manufacturer\",\"url\":\"https:\\\/\\\/cpxzx.com\\\/\",\"logo\":{\"@type\":\"ImageObject\",\"inLanguage\":\"fr-FR\",\"@id\":\"https:\\\/\\\/cpxzx.com\\\/#\\\/schema\\\/logo\\\/image\\\/\",\"url\":\"https:\\\/\\\/cpxzx.com\\\/wp-content\\\/uploads\\\/2025\\\/07\\\/1751628807-logo.png\",\"contentUrl\":\"https:\\\/\\\/cpxzx.com\\\/wp-content\\\/uploads\\\/2025\\\/07\\\/1751628807-logo.png\",\"width\":383,\"height\":87,\"caption\":\"Cooling Tower Fill, China PVC Fills Manufacturer\"},\"image\":{\"@id\":\"https:\\\/\\\/cpxzx.com\\\/#\\\/schema\\\/logo\\\/image\\\/\"}}]}<\/script>\n<!-- \/ Yoast SEO plugin. -->","yoast_head_json":{"title":"25mm 38mm 50mm-M\u00e9tal Anneaux de Raschig","robots":{"index":"index","follow":"follow","max-snippet":"max-snippet:-1","max-image-preview":"max-image-preview:large","max-video-preview":"max-video-preview:-1"},"canonical":"https:\/\/cpxzx.com\/fr\/produit\/metal-raschig-rings\/","og_locale":"fr_FR","og_type":"article","og_title":"25mm 38mm 50mm-Metal Raschig Rings","og_description":"Metal Raschig rings are tubular components commonly used as packing materials in chemical processing and mass transfer operations. These rings are typically manufactured from carbon steel or stainless steel, offering excellent mechanical strength and durability. Due to their robust nature, metal Raschig rings are favored in industries where heavy load handling and high-efficiency separation are crucial.","og_url":"https:\/\/cpxzx.com\/fr\/produit\/metal-raschig-rings\/","og_site_name":"Cooling Tower Fill, China PVC Fills Manufacturer","article_modified_time":"2025-07-30T11:04:37+00:00","og_image":[{"width":550,"height":550,"url":"https:\/\/cpxzx.com\/wp-content\/uploads\/2025\/07\/metal-raschig-ring-1.jpg","type":"image\/jpeg"}],"twitter_card":"summary_large_image","twitter_misc":{"Dur\u00e9e de lecture estim\u00e9e":"2 minutes"},"schema":{"@context":"https:\/\/schema.org","@graph":[{"@type":"WebPage","@id":"https:\/\/cpxzx.com\/product\/metal-raschig-rings\/","url":"https:\/\/cpxzx.com\/product\/metal-raschig-rings\/","name":"25mm 38mm 50mm-M\u00e9tal Anneaux de Raschig","isPartOf":{"@id":"https:\/\/cpxzx.com\/#website"},"primaryImageOfPage":{"@id":"https:\/\/cpxzx.com\/product\/metal-raschig-rings\/#primaryimage"},"image":{"@id":"https:\/\/cpxzx.com\/product\/metal-raschig-rings\/#primaryimage"},"thumbnailUrl":"https:\/\/cpxzx.com\/wp-content\/uploads\/2025\/07\/metal-raschig-ring-1.jpg","datePublished":"2025-07-17T12:10:35+00:00","dateModified":"2025-07-30T11:04:37+00:00","breadcrumb":{"@id":"https:\/\/cpxzx.com\/product\/metal-raschig-rings\/#breadcrumb"},"inLanguage":"fr-FR","potentialAction":[{"@type":"ReadAction","target":["https:\/\/cpxzx.com\/product\/metal-raschig-rings\/"]}]},{"@type":"ImageObject","inLanguage":"fr-FR","@id":"https:\/\/cpxzx.com\/product\/metal-raschig-rings\/#primaryimage","url":"https:\/\/cpxzx.com\/wp-content\/uploads\/2025\/07\/metal-raschig-ring-1.jpg","contentUrl":"https:\/\/cpxzx.com\/wp-content\/uploads\/2025\/07\/metal-raschig-ring-1.jpg","width":550,"height":550},{"@type":"BreadcrumbList","@id":"https:\/\/cpxzx.com\/product\/metal-raschig-rings\/#breadcrumb","itemListElement":[{"@type":"ListItem","position":1,"name":"Home","item":"https:\/\/cpxzx.com\/"},{"@type":"ListItem","position":2,"name":"Random Packing","item":"https:\/\/cpxzx.com\/pcategory\/random-packing\/"},{"@type":"ListItem","position":3,"name":"Metal Random Packing","item":"https:\/\/cpxzx.com\/pcategory\/random-packing\/metal-random-packing\/"},{"@type":"ListItem","position":4,"name":"25mm 38mm 50mm-Metal Raschig Rings"}]},{"@type":"WebSite","@id":"https:\/\/cpxzx.com\/#website","url":"https:\/\/cpxzx.com\/","name":"Remplissage de tour de refroidissement, fabricant chinois de remplissages en PVC","description":"","publisher":{"@id":"https:\/\/cpxzx.com\/#organization"},"potentialAction":[{"@type":"SearchAction","target":{"@type":"EntryPoint","urlTemplate":"https:\/\/cpxzx.com\/?s={search_term_string}"},"query-input":{"@type":"PropertyValueSpecification","valueRequired":true,"valueName":"search_term_string"}}],"inLanguage":"fr-FR"},{"@type":"Organization","@id":"https:\/\/cpxzx.com\/#organization","name":"Remplissage de tour de refroidissement, fabricant chinois de remplissages en PVC","url":"https:\/\/cpxzx.com\/","logo":{"@type":"ImageObject","inLanguage":"fr-FR","@id":"https:\/\/cpxzx.com\/#\/schema\/logo\/image\/","url":"https:\/\/cpxzx.com\/wp-content\/uploads\/2025\/07\/1751628807-logo.png","contentUrl":"https:\/\/cpxzx.com\/wp-content\/uploads\/2025\/07\/1751628807-logo.png","width":383,"height":87,"caption":"Cooling Tower Fill, China PVC Fills Manufacturer"},"image":{"@id":"https:\/\/cpxzx.com\/#\/schema\/logo\/image\/"}}]}},"taxonomy_info":{"pcategory":[{"value":22,"label":"Random Packing"},{"value":23,"label":"Metal Random Packing"}]},"featured_image_src_large":["https:\/\/cpxzx.com\/wp-content\/uploads\/2025\/07\/metal-raschig-ring-1.jpg",550,550,false],"author_info":[],"comment_info":"","_links":{"self":[{"href":"https:\/\/cpxzx.com\/fr\/wp-json\/wp\/v2\/product\/2791","targetHints":{"allow":["GET"]}}],"collection":[{"href":"https:\/\/cpxzx.com\/fr\/wp-json\/wp\/v2\/product"}],"about":[{"href":"https:\/\/cpxzx.com\/fr\/wp-json\/wp\/v2\/types\/product"}],"wp:featuredmedia":[{"embeddable":true,"href":"https:\/\/cpxzx.com\/fr\/wp-json\/wp\/v2\/media\/2792"}],"wp:attachment":[{"href":"https:\/\/cpxzx.com\/fr\/wp-json\/wp\/v2\/media?parent=2791"}],"wp:term":[{"taxonomy":"pcategory","embeddable":true,"href":"https:\/\/cpxzx.com\/fr\/wp-json\/wp\/v2\/pcategory?post=2791"},{"taxonomy":"ptag","embeddable":true,"href":"https:\/\/cpxzx.com\/fr\/wp-json\/wp\/v2\/ptag?post=2791"}],"curies":[{"name":"wp","href":"https:\/\/api.w.org\/{rel}","templated":true}]}}