{"id":2675,"date":"2025-07-16T12:41:30","date_gmt":"2025-07-16T12:41:30","guid":{"rendered":"https:\/\/cpxzx.com\/?post_type=product&#038;p=2675"},"modified":"2025-07-30T11:03:17","modified_gmt":"2025-07-30T11:03:17","slug":"ceramic-raschig-ring","status":"publish","type":"product","link":"https:\/\/cpxzx.com\/fr\/produit\/ceramic-raschig-ring\/","title":{"rendered":"10mm 25mm 38mm 50mm Anneau Raschig en c\u00e9ramique"},"content":{"rendered":"<p>Le <strong>Bague Raschig en c\u00e9ramique<\/strong> est un type d'emballage al\u00e9atoire de forme cylindrique. Il a \u00e9t\u00e9 initialement con\u00e7u pour augmenter la surface disponible pour le transfert de masse dans les tours. Il a \u00e9t\u00e9 prouv\u00e9 que les anneaux de Raschig en c\u00e9ramique offrent une excellente r\u00e9sistance \u00e0 divers acides inorganiques et organiques, ainsi qu'aux solvants organiques, \u00e0 l'exception de l'acide fluorhydrique. Ils sont id\u00e9aux pour les environnements \u00e0 haute et basse temp\u00e9rature, ce qui les rend adapt\u00e9s \u00e0 une large gamme d'applications dans des industries telles que la chimie, la m\u00e9tallurgie et la production de gaz de charbon.<\/p>\n<p>Ces anneaux sont disponibles en diff\u00e9rentes tailles, les options standard comprenant des anneaux de Raschig en c\u00e9ramique de 10 mm, 25 mm et 50 mm. La hauteur et le diam\u00e8tre de ces anneaux sont \u00e9gaux, ce qui en fait un choix populaire pour le garnissage al\u00e9atoire dans les colonnes garnies. Malgr\u00e9 des taux de transfert de masse inf\u00e9rieurs \u00e0 ceux d'autres mat\u00e9riaux de garnissage, les anneaux de Raschig en c\u00e9ramique sont abordables et continuent d'\u00eatre largement accept\u00e9s dans les processus industriels.<\/p>\n<h2>Caract\u00e9ristiques des anneaux de Raschig en c\u00e9ramique<\/h2>\n<ul>\n<li><strong>R\u00e9sistance aux acides et aux alcalis<\/strong>: Le mat\u00e9riau c\u00e9ramique offre une excellente r\u00e9sistance \u00e0 divers acides et alcalis, ce qui le rend adapt\u00e9 aux environnements chimiques difficiles.<\/li>\n<li><strong>R\u00e9sistance \u00e0 la chaleur<\/strong>: Les anneaux de Raschig en c\u00e9ramique peuvent r\u00e9sister \u00e0 des temp\u00e9ratures \u00e9lev\u00e9es sans se d\u00e9grader, ce qui est essentiel pour les applications \u00e0 haute temp\u00e9rature.<\/li>\n<li><strong>R\u00e9sistance m\u00e9canique \u00e9lev\u00e9e<\/strong>: Ces bagues sont con\u00e7ues pour r\u00e9sister aux contraintes m\u00e9caniques des processus industriels, garantissant long\u00e9vit\u00e9 et fiabilit\u00e9.<\/li>\n<li><strong>\u00c9conomies d'\u00e9nergie et faibles co\u00fbts de fonctionnement<\/strong>: Les anneaux de Raschig en c\u00e9ramique constituent un choix \u00e9nerg\u00e9tiquement efficace en raison de leurs faibles co\u00fbts d'exploitation et de leur facilit\u00e9 de manipulation lors de l'installation et de la maintenance.<\/li>\n<li><strong>Rentabilit\u00e9<\/strong>: Compar\u00e9s \u00e0 d'autres mat\u00e9riaux d'emballage al\u00e9atoires, les anneaux de Raschig en c\u00e9ramique sont une option abordable sans compromis sur les performances.<\/li>\n<\/ul>\n<h2>Sp\u00e9cification des anneaux de Raschig en c\u00e9ramique<\/h2>\n<table border=\"1\">\n<thead>\n<tr>\n<th>Taille<br \/>\n(mm)<\/th>\n<th>\u00c9paisseur<br \/>\n(mm)<\/th>\n<th>Surface<br \/>\n(m\u00b2\/m\u00b3)<\/th>\n<th>Volume libre<br \/>\n(%)<\/th>\n<th>Num\u00e9ros en vrac<br \/>\n(par\/m\u00b3)<\/th>\n<th>Densit\u00e9 en vrac<br \/>\n(kg\/m\u00b3)<\/th>\n<th>Facteur d'emballage \u00e0 sec<br \/>\n(m-l)<\/th>\n<\/tr>\n<\/thead>\n<tbody>\n<tr>\n<td>6\u00d76<\/td>\n<td>1.6<\/td>\n<td>712<\/td>\n<td>62<\/td>\n<td>3022935<\/td>\n<td>1050<\/td>\n<td>5249<\/td>\n<\/tr>\n<tr>\n<td>13\u00d713<\/td>\n<td>2.4<\/td>\n<td>367<\/td>\n<td>64<\/td>\n<td>377867<\/td>\n<td>800<\/td>\n<td>1903<\/td>\n<\/tr>\n<tr>\n<td>16\u00d716<\/td>\n<td>2.5<\/td>\n<td>305<\/td>\n<td>73<\/td>\n<td>192500<\/td>\n<td>800<\/td>\n<td>900<\/td>\n<\/tr>\n<tr>\n<td>25\u00d725<\/td>\n<td>3<\/td>\n<td>190<\/td>\n<td>74<\/td>\n<td>52000<\/td>\n<td>650<\/td>\n<td>508<\/td>\n<\/tr>\n<tr>\n<td>38\u00d738<\/td>\n<td>5<\/td>\n<td>121<\/td>\n<td>73<\/td>\n<td>15800<\/td>\n<td>650<\/td>\n<td>312<\/td>\n<\/tr>\n<tr>\n<td>50\u00d750<\/td>\n<td>6<\/td>\n<td>92<\/td>\n<td>74<\/td>\n<td>6500<\/td>\n<td>600<\/td>\n<td>213<\/td>\n<\/tr>\n<tr>\n<td>80\u00d780<\/td>\n<td>9.5<\/td>\n<td>46<\/td>\n<td>80<\/td>\n<td>1953<\/td>\n<td>660<\/td>\n<td>280<\/td>\n<\/tr>\n<tr>\n<td>100\u00d7100<\/td>\n<td>10<\/td>\n<td>70<\/td>\n<td>70<\/td>\n<td>1000<\/td>\n<td>600<\/td>\n<td>172<\/td>\n<\/tr>\n<\/tbody>\n<\/table>\n<h2>Applications des anneaux de Raschig en c\u00e9ramique<\/h2>\n<p>Les anneaux de Raschig en c\u00e9ramique sont largement utilis\u00e9s dans divers processus industriels :<\/p>\n<ul>\n<li><strong>Industrie chimique<\/strong>: Dans les tours de s\u00e9chage, les tours d'absorption et les r\u00e9acteurs, ces anneaux facilitent le transfert de masse des gaz et des liquides.<\/li>\n<li><strong>M\u00e9tallurgie<\/strong>: Les anneaux de Raschig en c\u00e9ramique sont utilis\u00e9s dans les laveurs de gaz et autres proc\u00e9d\u00e9s m\u00e9tallurgiques o\u00f9 la r\u00e9sistance \u00e0 la chaleur et aux acides est cruciale.<\/li>\n<li><strong>Production de gaz de houille et d'oxyg\u00e8ne<\/strong>: Leur r\u00e9sistance aux temp\u00e9ratures \u00e9lev\u00e9es et \u00e0 la corrosion chimique les rend id\u00e9ales pour les applications li\u00e9es au traitement des gaz et \u00e0 la production industrielle d'oxyg\u00e8ne.<\/li>\n<\/ul>\n<h2>Pourquoi choisir les anneaux de Raschig en c\u00e9ramique ?<\/h2>\n<p>Les principaux avantages des anneaux de Raschig en c\u00e9ramique sont leur rentabilit\u00e9, leur durabilit\u00e9 et leur fiabilit\u00e9 dans des conditions difficiles. Bien que le taux de transfert de masse des anneaux de Raschig en c\u00e9ramique puisse \u00eatre inf\u00e9rieur \u00e0 celui d'autres mat\u00e9riaux de garnissage, ils offrent n\u00e9anmoins des avantages substantiels en termes d'utilisation \u00e0 long terme et de r\u00e9duction des co\u00fbts de maintenance.<\/p>\n<p>Pour ceux qui recherchent des solutions d'emballage abordables mais efficaces pour les applications industrielles, l'anneau de Raschig en c\u00e9ramique reste un choix de premier ordre. Que vous ayez besoin d'anneaux de Raschig en c\u00e9ramique de 10 mm, 25 mm ou 50 mm, ces mat\u00e9riaux offrent l'\u00e9quilibre n\u00e9cessaire entre durabilit\u00e9, co\u00fbt et performance.<\/p>\n<p>En choisissant des anneaux de Raschig en c\u00e9ramique, les industries peuvent r\u00e9duire leurs co\u00fbts d'exploitation tout en maintenant la performance de leurs processus. Ils offrent une solution fiable et \u00e9conome en \u00e9nergie, avec un temps d'arr\u00eat minimal et une longue dur\u00e9e de vie.<\/p>","protected":false},"excerpt":{"rendered":"<p>Les anneaux de Raschig en c\u00e9ramique sont largement utilis\u00e9s dans diverses industries depuis des d\u00e9cennies. Connus pour leur grande r\u00e9sistance aux acides et \u00e0 la chaleur, ils constituent une solution id\u00e9ale pour les processus chimiques, notamment dans les tours de s\u00e9chage, les tours d'absorption, les tours de refroidissement et les tours de lavage. L'anneau de Raschig en c\u00e9ramique est l'une des premi\u00e8res g\u00e9n\u00e9rations de mat\u00e9riaux d'emballage al\u00e9atoires et reste un choix rentable pour de nombreuses applications industrielles en raison de son excellente durabilit\u00e9 et de ses faibles co\u00fbts d'exploitation.<\/p>","protected":false},"featured_media":2678,"parent":0,"template":"","meta":{"_acf_changed":false,"_kad_blocks_custom_css":"","_kad_blocks_head_custom_js":"","_kad_blocks_body_custom_js":"","_kad_blocks_footer_custom_js":"","_kadence_starter_templates_imported_post":false,"_kad_post_transparent":"default","_kad_post_title":"","_kad_post_layout":"default","_kad_post_sidebar_id":"","_kad_post_content_style":"default","_kad_post_vertical_padding":"default","_kad_post_feature":"","_kad_post_feature_position":"","_kad_post_header":false,"_kad_post_footer":false},"pcategory":[22,24],"ptag":[],"class_list":["post-2675","product","type-product","status-publish","has-post-thumbnail","hentry","pcategory-random-packing","pcategory-ceramic-random-packing"],"acf":[],"yoast_head":"<!-- This site is optimized with the Yoast SEO plugin v27.4 - https:\/\/yoast.com\/product\/yoast-seo-wordpress\/ -->\n<title>10mm 25mm 38mm 50mm Ceramic Raschig Ring<\/title>\n<meta name=\"robots\" content=\"index, follow, max-snippet:-1, max-image-preview:large, max-video-preview:-1\" \/>\n<link rel=\"canonical\" href=\"https:\/\/cpxzx.com\/fr\/produit\/ceramic-raschig-ring\/\" \/>\n<meta property=\"og:locale\" content=\"fr_FR\" \/>\n<meta property=\"og:type\" content=\"article\" \/>\n<meta property=\"og:title\" content=\"10mm 25mm 38mm 50mm Ceramic Raschig Ring\" \/>\n<meta property=\"og:description\" content=\"Ceramic Raschig rings have been widely used in various industries for decades. Known for their high acid and heat resistance, they are an ideal solution for chemical processes, including in drying towers, absorption towers, cooling towers, and washing towers. The Ceramic Raschig Ring is one of the earliest generations of random packing materials and remains a cost-effective choice for many industrial applications due to its excellent durability and low operational costs.\" \/>\n<meta property=\"og:url\" content=\"https:\/\/cpxzx.com\/fr\/produit\/ceramic-raschig-ring\/\" \/>\n<meta property=\"og:site_name\" content=\"Cooling Tower Fill, China PVC Fills Manufacturer\" \/>\n<meta property=\"article:modified_time\" content=\"2025-07-30T11:03:17+00:00\" \/>\n<meta property=\"og:image\" content=\"https:\/\/cpxzx.com\/wp-content\/uploads\/2025\/07\/ceramic-raschig-rings-3.jpg\" \/>\n\t<meta property=\"og:image:width\" content=\"550\" \/>\n\t<meta property=\"og:image:height\" content=\"550\" \/>\n\t<meta property=\"og:image:type\" content=\"image\/jpeg\" \/>\n<meta name=\"twitter:card\" content=\"summary_large_image\" \/>\n<meta name=\"twitter:label1\" content=\"Dur\u00e9e de lecture estim\u00e9e\" \/>\n\t<meta name=\"twitter:data1\" content=\"3 minutes\" \/>\n<script type=\"application\/ld+json\" class=\"yoast-schema-graph\">{\"@context\":\"https:\\\/\\\/schema.org\",\"@graph\":[{\"@type\":\"WebPage\",\"@id\":\"https:\\\/\\\/cpxzx.com\\\/product\\\/ceramic-raschig-ring\\\/\",\"url\":\"https:\\\/\\\/cpxzx.com\\\/product\\\/ceramic-raschig-ring\\\/\",\"name\":\"10mm 25mm 38mm 50mm Ceramic Raschig Ring\",\"isPartOf\":{\"@id\":\"https:\\\/\\\/cpxzx.com\\\/#website\"},\"primaryImageOfPage\":{\"@id\":\"https:\\\/\\\/cpxzx.com\\\/product\\\/ceramic-raschig-ring\\\/#primaryimage\"},\"image\":{\"@id\":\"https:\\\/\\\/cpxzx.com\\\/product\\\/ceramic-raschig-ring\\\/#primaryimage\"},\"thumbnailUrl\":\"https:\\\/\\\/cpxzx.com\\\/wp-content\\\/uploads\\\/2025\\\/07\\\/ceramic-raschig-rings-3.jpg\",\"datePublished\":\"2025-07-16T12:41:30+00:00\",\"dateModified\":\"2025-07-30T11:03:17+00:00\",\"breadcrumb\":{\"@id\":\"https:\\\/\\\/cpxzx.com\\\/product\\\/ceramic-raschig-ring\\\/#breadcrumb\"},\"inLanguage\":\"fr-FR\",\"potentialAction\":[{\"@type\":\"ReadAction\",\"target\":[\"https:\\\/\\\/cpxzx.com\\\/product\\\/ceramic-raschig-ring\\\/\"]}]},{\"@type\":\"ImageObject\",\"inLanguage\":\"fr-FR\",\"@id\":\"https:\\\/\\\/cpxzx.com\\\/product\\\/ceramic-raschig-ring\\\/#primaryimage\",\"url\":\"https:\\\/\\\/cpxzx.com\\\/wp-content\\\/uploads\\\/2025\\\/07\\\/ceramic-raschig-rings-3.jpg\",\"contentUrl\":\"https:\\\/\\\/cpxzx.com\\\/wp-content\\\/uploads\\\/2025\\\/07\\\/ceramic-raschig-rings-3.jpg\",\"width\":550,\"height\":550,\"caption\":\"ceramic raschig rings\"},{\"@type\":\"BreadcrumbList\",\"@id\":\"https:\\\/\\\/cpxzx.com\\\/product\\\/ceramic-raschig-ring\\\/#breadcrumb\",\"itemListElement\":[{\"@type\":\"ListItem\",\"position\":1,\"name\":\"Home\",\"item\":\"https:\\\/\\\/cpxzx.com\\\/\"},{\"@type\":\"ListItem\",\"position\":2,\"name\":\"Random Packing\",\"item\":\"https:\\\/\\\/cpxzx.com\\\/pcategory\\\/random-packing\\\/\"},{\"@type\":\"ListItem\",\"position\":3,\"name\":\"Ceramic Random Packing\",\"item\":\"https:\\\/\\\/cpxzx.com\\\/pcategory\\\/random-packing\\\/ceramic-random-packing\\\/\"},{\"@type\":\"ListItem\",\"position\":4,\"name\":\"10mm 25mm 38mm 50mm Ceramic Raschig Ring\"}]},{\"@type\":\"WebSite\",\"@id\":\"https:\\\/\\\/cpxzx.com\\\/#website\",\"url\":\"https:\\\/\\\/cpxzx.com\\\/\",\"name\":\"Cooling Tower Fill, China PVC Fills Manufacturer\",\"description\":\"\",\"publisher\":{\"@id\":\"https:\\\/\\\/cpxzx.com\\\/#organization\"},\"potentialAction\":[{\"@type\":\"SearchAction\",\"target\":{\"@type\":\"EntryPoint\",\"urlTemplate\":\"https:\\\/\\\/cpxzx.com\\\/?s={search_term_string}\"},\"query-input\":{\"@type\":\"PropertyValueSpecification\",\"valueRequired\":true,\"valueName\":\"search_term_string\"}}],\"inLanguage\":\"fr-FR\"},{\"@type\":\"Organization\",\"@id\":\"https:\\\/\\\/cpxzx.com\\\/#organization\",\"name\":\"Cooling Tower Fill, China PVC Fills Manufacturer\",\"url\":\"https:\\\/\\\/cpxzx.com\\\/\",\"logo\":{\"@type\":\"ImageObject\",\"inLanguage\":\"fr-FR\",\"@id\":\"https:\\\/\\\/cpxzx.com\\\/#\\\/schema\\\/logo\\\/image\\\/\",\"url\":\"https:\\\/\\\/cpxzx.com\\\/wp-content\\\/uploads\\\/2025\\\/07\\\/1751628807-logo.png\",\"contentUrl\":\"https:\\\/\\\/cpxzx.com\\\/wp-content\\\/uploads\\\/2025\\\/07\\\/1751628807-logo.png\",\"width\":383,\"height\":87,\"caption\":\"Cooling Tower Fill, China PVC Fills Manufacturer\"},\"image\":{\"@id\":\"https:\\\/\\\/cpxzx.com\\\/#\\\/schema\\\/logo\\\/image\\\/\"}}]}<\/script>\n<!-- \/ Yoast SEO plugin. -->","yoast_head_json":{"title":"10mm 25mm 38mm 50mm Anneau Raschig en c\u00e9ramique","robots":{"index":"index","follow":"follow","max-snippet":"max-snippet:-1","max-image-preview":"max-image-preview:large","max-video-preview":"max-video-preview:-1"},"canonical":"https:\/\/cpxzx.com\/fr\/produit\/ceramic-raschig-ring\/","og_locale":"fr_FR","og_type":"article","og_title":"10mm 25mm 38mm 50mm Ceramic Raschig Ring","og_description":"Ceramic Raschig rings have been widely used in various industries for decades. Known for their high acid and heat resistance, they are an ideal solution for chemical processes, including in drying towers, absorption towers, cooling towers, and washing towers. The Ceramic Raschig Ring is one of the earliest generations of random packing materials and remains a cost-effective choice for many industrial applications due to its excellent durability and low operational costs.","og_url":"https:\/\/cpxzx.com\/fr\/produit\/ceramic-raschig-ring\/","og_site_name":"Cooling Tower Fill, China PVC Fills Manufacturer","article_modified_time":"2025-07-30T11:03:17+00:00","og_image":[{"width":550,"height":550,"url":"https:\/\/cpxzx.com\/wp-content\/uploads\/2025\/07\/ceramic-raschig-rings-3.jpg","type":"image\/jpeg"}],"twitter_card":"summary_large_image","twitter_misc":{"Dur\u00e9e de lecture estim\u00e9e":"3 minutes"},"schema":{"@context":"https:\/\/schema.org","@graph":[{"@type":"WebPage","@id":"https:\/\/cpxzx.com\/product\/ceramic-raschig-ring\/","url":"https:\/\/cpxzx.com\/product\/ceramic-raschig-ring\/","name":"10mm 25mm 38mm 50mm Anneau Raschig en c\u00e9ramique","isPartOf":{"@id":"https:\/\/cpxzx.com\/#website"},"primaryImageOfPage":{"@id":"https:\/\/cpxzx.com\/product\/ceramic-raschig-ring\/#primaryimage"},"image":{"@id":"https:\/\/cpxzx.com\/product\/ceramic-raschig-ring\/#primaryimage"},"thumbnailUrl":"https:\/\/cpxzx.com\/wp-content\/uploads\/2025\/07\/ceramic-raschig-rings-3.jpg","datePublished":"2025-07-16T12:41:30+00:00","dateModified":"2025-07-30T11:03:17+00:00","breadcrumb":{"@id":"https:\/\/cpxzx.com\/product\/ceramic-raschig-ring\/#breadcrumb"},"inLanguage":"fr-FR","potentialAction":[{"@type":"ReadAction","target":["https:\/\/cpxzx.com\/product\/ceramic-raschig-ring\/"]}]},{"@type":"ImageObject","inLanguage":"fr-FR","@id":"https:\/\/cpxzx.com\/product\/ceramic-raschig-ring\/#primaryimage","url":"https:\/\/cpxzx.com\/wp-content\/uploads\/2025\/07\/ceramic-raschig-rings-3.jpg","contentUrl":"https:\/\/cpxzx.com\/wp-content\/uploads\/2025\/07\/ceramic-raschig-rings-3.jpg","width":550,"height":550,"caption":"ceramic raschig rings"},{"@type":"BreadcrumbList","@id":"https:\/\/cpxzx.com\/product\/ceramic-raschig-ring\/#breadcrumb","itemListElement":[{"@type":"ListItem","position":1,"name":"Home","item":"https:\/\/cpxzx.com\/"},{"@type":"ListItem","position":2,"name":"Random Packing","item":"https:\/\/cpxzx.com\/pcategory\/random-packing\/"},{"@type":"ListItem","position":3,"name":"Ceramic Random Packing","item":"https:\/\/cpxzx.com\/pcategory\/random-packing\/ceramic-random-packing\/"},{"@type":"ListItem","position":4,"name":"10mm 25mm 38mm 50mm Ceramic Raschig Ring"}]},{"@type":"WebSite","@id":"https:\/\/cpxzx.com\/#website","url":"https:\/\/cpxzx.com\/","name":"Remplissage de tour de refroidissement, fabricant chinois de remplissages en PVC","description":"","publisher":{"@id":"https:\/\/cpxzx.com\/#organization"},"potentialAction":[{"@type":"SearchAction","target":{"@type":"EntryPoint","urlTemplate":"https:\/\/cpxzx.com\/?s={search_term_string}"},"query-input":{"@type":"PropertyValueSpecification","valueRequired":true,"valueName":"search_term_string"}}],"inLanguage":"fr-FR"},{"@type":"Organization","@id":"https:\/\/cpxzx.com\/#organization","name":"Remplissage de tour de refroidissement, fabricant chinois de remplissages en PVC","url":"https:\/\/cpxzx.com\/","logo":{"@type":"ImageObject","inLanguage":"fr-FR","@id":"https:\/\/cpxzx.com\/#\/schema\/logo\/image\/","url":"https:\/\/cpxzx.com\/wp-content\/uploads\/2025\/07\/1751628807-logo.png","contentUrl":"https:\/\/cpxzx.com\/wp-content\/uploads\/2025\/07\/1751628807-logo.png","width":383,"height":87,"caption":"Cooling Tower Fill, China PVC Fills Manufacturer"},"image":{"@id":"https:\/\/cpxzx.com\/#\/schema\/logo\/image\/"}}]}},"taxonomy_info":{"pcategory":[{"value":22,"label":"Random Packing"},{"value":24,"label":"Ceramic Random Packing"}]},"featured_image_src_large":["https:\/\/cpxzx.com\/wp-content\/uploads\/2025\/07\/ceramic-raschig-rings-3.jpg",550,550,false],"author_info":[],"comment_info":"","_links":{"self":[{"href":"https:\/\/cpxzx.com\/fr\/wp-json\/wp\/v2\/product\/2675","targetHints":{"allow":["GET"]}}],"collection":[{"href":"https:\/\/cpxzx.com\/fr\/wp-json\/wp\/v2\/product"}],"about":[{"href":"https:\/\/cpxzx.com\/fr\/wp-json\/wp\/v2\/types\/product"}],"wp:featuredmedia":[{"embeddable":true,"href":"https:\/\/cpxzx.com\/fr\/wp-json\/wp\/v2\/media\/2678"}],"wp:attachment":[{"href":"https:\/\/cpxzx.com\/fr\/wp-json\/wp\/v2\/media?parent=2675"}],"wp:term":[{"taxonomy":"pcategory","embeddable":true,"href":"https:\/\/cpxzx.com\/fr\/wp-json\/wp\/v2\/pcategory?post=2675"},{"taxonomy":"ptag","embeddable":true,"href":"https:\/\/cpxzx.com\/fr\/wp-json\/wp\/v2\/ptag?post=2675"}],"curies":[{"name":"wp","href":"https:\/\/api.w.org\/{rel}","templated":true}]}}