{"id":2569,"date":"2025-07-16T03:31:10","date_gmt":"2025-07-16T03:31:10","guid":{"rendered":"https:\/\/cpxzx.com\/?post_type=product&#038;p=2569"},"modified":"2025-07-30T11:07:59","modified_gmt":"2025-07-30T11:07:59","slug":"anneau-en-ceramique","status":"publish","type":"product","link":"https:\/\/cpxzx.com\/fr\/produit\/anneau-en-ceramique\/","title":{"rendered":"Anneau Pall en c\u00e9ramique (25mm 38mm 50mm, 76mm)"},"content":{"rendered":"<p>L'anneau Pall en c\u00e9ramique est un mat\u00e9riau d'emballage avanc\u00e9 et tr\u00e8s efficace, d\u00e9velopp\u00e9 \u00e0 partir de l'anneau de Raschig traditionnel, con\u00e7u avec deux couches de fen\u00eatres le long de la paroi du tube. Chaque couche contient cinq ligules qui se replient vers l'int\u00e9rieur, comme les anneaux m\u00e9talliques et plastiques. La conception des ligules varie en fonction de la hauteur et du diam\u00e8tre de l'anneau. Les anneaux Pall en c\u00e9ramique sont tr\u00e8s appr\u00e9ci\u00e9s pour leurs solides propri\u00e9t\u00e9s m\u00e9caniques, leur grande stabilit\u00e9 thermique et leur r\u00e9sistance \u00e0 la corrosion chimique.<\/p>\n<h2>Caract\u00e9ristiques des bagues Pall en c\u00e9ramique<\/h2>\n<ul>\n<li><strong>Bonne r\u00e9sistance m\u00e9canique<\/strong>: Les anneaux Pall en c\u00e9ramique pr\u00e9sentent une excellente durabilit\u00e9 et peuvent r\u00e9sister \u00e0 des conditions d'utilisation difficiles.<\/li>\n<li><strong>R\u00e9sistance aux temp\u00e9ratures \u00e9lev\u00e9es<\/strong>: Ces bagues peuvent supporter des temp\u00e9ratures extr\u00eames, ce qui les rend id\u00e9ales pour une utilisation dans des environnements \u00e0 haute temp\u00e9rature tels que les tours d'acide sulfurique.<\/li>\n<li><strong>R\u00e9sistance \u00e0 la corrosion<\/strong>: D\u00e9pourvu de fer et inerte, le mat\u00e9riau c\u00e9ramique offre une excellente r\u00e9sistance aux acides, aux alcalis, aux sels et \u00e0 divers solvants organiques.<\/li>\n<li><strong>Rentabilit\u00e9<\/strong>: Gr\u00e2ce \u00e0 leur efficacit\u00e9 et \u00e0 leur longue dur\u00e9e de vie, les anneaux c\u00e9ramiques constituent une solution rentable pour de nombreuses industries.<\/li>\n<li><strong>Perte de charge minimale<\/strong>: Gr\u00e2ce \u00e0 une distribution homog\u00e8ne du liquide et du gaz, les anneaux en c\u00e9ramique maintiennent une faible perte de charge, ce qui contribue \u00e0 l'efficacit\u00e9 globale du processus.<\/li>\n<\/ul>\n<h2>Sp\u00e9cifications et propri\u00e9t\u00e9s physiques<\/h2>\n<table>\n<tbody>\n<tr>\n<th>Dimensions (mm)<\/th>\n<th>\u00c9paisseur (mm)<\/th>\n<th>Surface (m\u00b2\/m\u00b3)<\/th>\n<th>Volume libre (%)<\/th>\n<th>Nombre par m\u00b3<\/th>\n<th>Densit\u00e9 apparente (kg\/m\u00b3)<\/th>\n<\/tr>\n<tr>\n<td>25<\/td>\n<td>3<\/td>\n<td>210<\/td>\n<td>73<\/td>\n<td>53,500<\/td>\n<td>700<\/td>\n<\/tr>\n<tr>\n<td>38<\/td>\n<td>4<\/td>\n<td>180<\/td>\n<td>75<\/td>\n<td>15,000<\/td>\n<td>650<\/td>\n<\/tr>\n<tr>\n<td>50<\/td>\n<td>5<\/td>\n<td>130<\/td>\n<td>78<\/td>\n<td>6,800<\/td>\n<td>600<\/td>\n<\/tr>\n<tr>\n<td>80<\/td>\n<td>8<\/td>\n<td>110<\/td>\n<td>81<\/td>\n<td>1,950<\/td>\n<td>550<\/td>\n<\/tr>\n<\/tbody>\n<\/table>\n<p>Les anneaux c\u00e9ramiques Pall sont disponibles en diff\u00e9rentes tailles et configurations, avec des options personnalis\u00e9es pour r\u00e9pondre \u00e0 des exigences industrielles sp\u00e9cifiques. Leur fraction de vide \u00e9lev\u00e9e favorise une bonne distribution gaz-liquide, r\u00e9duisant ainsi le risque de blocage ou de r\u00e9tention de liquide.<\/p>\n<p><img loading=\"lazy\" decoding=\"async\" class=\"size-full wp-image-2581\" src=\"https:\/\/cpxzx.com\/wp-content\/uploads\/2025\/07\/PALL-RING.jpg\" alt=\"PALL-RING\" width=\"750\" height=\"390\" srcset=\"https:\/\/cpxzx.com\/wp-content\/uploads\/2025\/07\/PALL-RING.jpg 750w, https:\/\/cpxzx.com\/wp-content\/uploads\/2025\/07\/PALL-RING-300x156.jpg 300w, https:\/\/cpxzx.com\/wp-content\/uploads\/2025\/07\/PALL-RING-18x9.jpg 18w\" sizes=\"auto, (max-width: 750px) 100vw, 750px\" \/><\/p>\n<h2>Avantages de l'utilisation des bagues Pall en c\u00e9ramique<\/h2>\n<ul>\n<li><strong>Efficacit\u00e9 accrue du transfert de masse<\/strong>: La conception ouverte des anneaux Pall augmente la surface de contact gaz-liquide, optimisant ainsi le processus de transfert de masse.<\/li>\n<li><strong>Faible perte de charge<\/strong>: Leur conception unique permet de r\u00e9duire la perte de charge par rapport \u00e0 d'autres mat\u00e9riaux de garnissage, ce qui r\u00e9duit les co\u00fbts d'exploitation.<\/li>\n<li><strong>Grande flexibilit\u00e9 op\u00e9rationnelle<\/strong>: Ces anneaux peuvent fonctionner efficacement dans une large gamme de conditions, telles que des d\u00e9bits et des temp\u00e9ratures variables.<\/li>\n<li><strong>Facilit\u00e9 d'entretien<\/strong>: Les anneaux c\u00e9ramiques Pall sont faciles \u00e0 nettoyer et \u00e0 remplacer, ce qui permet de r\u00e9duire les co\u00fbts de maintenance \u00e0 long terme.<\/li>\n<li><strong>Adaptabilit\u00e9<\/strong>: Ils peuvent \u00eatre fabriqu\u00e9s \u00e0 partir de diff\u00e9rents mat\u00e9riaux tels que le plastique, le m\u00e9tal et la c\u00e9ramique, en fonction des conditions chimiques et physiques auxquelles ils seront expos\u00e9s.<\/li>\n<\/ul>\n<h2>Applications des anneaux c\u00e9ramiques Pall<\/h2>\n<p>Les anneaux c\u00e9ramiques Pall sont largement utilis\u00e9s dans les secteurs de la chimie et de l'industrie, en particulier dans les applications impliquant des temp\u00e9ratures \u00e9lev\u00e9es et des environnements corrosifs. Ils sont particuli\u00e8rement efficaces dans les tours d'acide sulfurique, les colonnes de s\u00e9chage, les colonnes d'absorption, les tours de refroidissement et les tours de lavage. Les anneaux sont utilis\u00e9s pour am\u00e9liorer le contact gaz-liquide, ce qui est crucial pour des r\u00e9actions chimiques efficaces.<\/p>\n<p>Leur r\u00e9sistance \u00e0 la corrosion en fait un excellent choix pour la manipulation de l'acide sulfurique et d'autres produits chimiques agressifs. L'industrie chimique, la m\u00e9tallurgie, la production de gaz de charbon et la production industrielle d'oxyg\u00e8ne sont autant d'industries qui b\u00e9n\u00e9ficient de l'utilisation d'anneaux de palladium en c\u00e9ramique.<\/p>\n<h2>Pourquoi choisir les anneaux Pall en c\u00e9ramique pour les tours d'acide sulfurique ?<\/h2>\n<p>Les anneaux c\u00e9ramiques Pall sont parfaits pour les tours d'acide sulfurique en raison de leur haute r\u00e9sistance aux acides, \u00e0 la chaleur et \u00e0 d'autres conditions difficiles. La conception unique des anneaux am\u00e9liore les taux de transfert de masse tout en minimisant les pertes de charge, ce qui am\u00e9liore l'efficacit\u00e9 de la tour. En outre, ils sont rentables, durables et faciles \u00e0 entretenir, ce qui en fait la solution id\u00e9ale pour les environnements industriels exigeant des performances \u00e9lev\u00e9es.<\/p>\n<p>En tant que fournisseur de produits de remplissage r\u00e9sistants \u00e0 la corrosion et aux temp\u00e9ratures \u00e9lev\u00e9es, nous proposons des anneaux de palladium en c\u00e9ramique con\u00e7us pour r\u00e9pondre aux normes industrielles les plus strictes. Nos garnitures de tour en c\u00e9ramique garantissent des performances fiables, m\u00eame dans les applications les plus exigeantes. Si vous \u00eates \u00e0 la recherche d'une garniture pour tour d'acide, nos anneaux de palladium en c\u00e9ramique offrent la combinaison parfaite de solidit\u00e9, de r\u00e9sistance et de rentabilit\u00e9 pour votre tour d'acide sulfurique ou d'autres besoins de traitement chimique.<\/p>\n<p>En conclusion, les anneaux en c\u00e9ramique Pall constituent un excellent choix pour ceux qui recherchent une solution fiable, efficace et rentable dans les environnements corrosifs et \u00e0 haute temp\u00e9rature. Leurs propri\u00e9t\u00e9s m\u00e9caniques sup\u00e9rieures et leur r\u00e9sistance \u00e0 la corrosion chimique garantissent des performances optimales dans les tours d'acide sulfurique et d'autres applications industrielles.<\/p>\n<p><img loading=\"lazy\" decoding=\"async\" class=\"wp-image-2580 size-full\" src=\"https:\/\/cpxzx.com\/wp-content\/uploads\/2025\/07\/packing.jpg\" alt=\"packing\" width=\"1000\" height=\"560\" srcset=\"https:\/\/cpxzx.com\/wp-content\/uploads\/2025\/07\/packing.jpg 1000w, https:\/\/cpxzx.com\/wp-content\/uploads\/2025\/07\/packing-300x168.jpg 300w, https:\/\/cpxzx.com\/wp-content\/uploads\/2025\/07\/packing-768x430.jpg 768w, https:\/\/cpxzx.com\/wp-content\/uploads\/2025\/07\/packing-18x10.jpg 18w\" sizes=\"auto, (max-width: 1000px) 100vw, 1000px\" \/><\/p>","protected":false},"excerpt":{"rendered":"<p>Le Ceramic Pall Ring est un mat\u00e9riau de garnissage avanc\u00e9 et tr\u00e8s efficace, principalement utilis\u00e9 dans les tours d'acide sulfurique pour divers processus chimiques. Ce mat\u00e9riau unique offre des performances exceptionnelles dans des conditions o\u00f9 les temp\u00e9ratures \u00e9lev\u00e9es et la r\u00e9sistance \u00e0 la corrosion sont critiques. Il est consid\u00e9r\u00e9 comme l'une des options les plus appropri\u00e9es pour les applications industrielles, en particulier dans les industries chimiques o\u00f9 les conditions d'exploitation sont s\u00e9v\u00e8res.<\/p>","protected":false},"featured_media":2571,"parent":0,"template":"","meta":{"_acf_changed":false,"_kad_blocks_custom_css":"","_kad_blocks_head_custom_js":"","_kad_blocks_body_custom_js":"","_kad_blocks_footer_custom_js":"","_kadence_starter_templates_imported_post":false,"_kad_post_transparent":"default","_kad_post_title":"","_kad_post_layout":"default","_kad_post_sidebar_id":"","_kad_post_content_style":"default","_kad_post_vertical_padding":"default","_kad_post_feature":"","_kad_post_feature_position":"","_kad_post_header":false,"_kad_post_footer":false},"pcategory":[22,24],"ptag":[],"class_list":["post-2569","product","type-product","status-publish","has-post-thumbnail","hentry","pcategory-random-packing","pcategory-ceramic-random-packing"],"acf":[],"yoast_head":"<!-- This site is optimized with the Yoast SEO plugin v27.4 - https:\/\/yoast.com\/product\/yoast-seo-wordpress\/ -->\n<title>Ceramic Pall Ring-25mm-38mm-50mm-76mm<\/title>\n<meta name=\"robots\" content=\"index, follow, max-snippet:-1, max-image-preview:large, max-video-preview:-1\" \/>\n<link rel=\"canonical\" href=\"https:\/\/cpxzx.com\/fr\/produit\/anneau-en-ceramique\/\" \/>\n<meta property=\"og:locale\" content=\"fr_FR\" \/>\n<meta property=\"og:type\" content=\"article\" \/>\n<meta property=\"og:title\" content=\"Ceramic Pall Ring-25mm-38mm-50mm-76mm\" \/>\n<meta property=\"og:description\" content=\"Ceramic Pall Ring is an advanced and highly efficient packing material, primarily used in sulfuric acid towers for various chemical processes. This unique material offers exceptional performance in conditions where high temperature and corrosion resistance are critical. It is considered one of the most suitable options for industrial applications, especially in chemical industries where severe operating conditions exist.\" \/>\n<meta property=\"og:url\" content=\"https:\/\/cpxzx.com\/fr\/produit\/anneau-en-ceramique\/\" \/>\n<meta property=\"og:site_name\" content=\"Cooling Tower Fill, China PVC Fills Manufacturer\" \/>\n<meta property=\"article:modified_time\" content=\"2025-07-30T11:07:59+00:00\" \/>\n<meta property=\"og:image\" content=\"https:\/\/cpxzx.com\/wp-content\/uploads\/2025\/07\/ceramic-pall-ring-2.jpg\" \/>\n\t<meta property=\"og:image:width\" content=\"550\" \/>\n\t<meta property=\"og:image:height\" content=\"550\" \/>\n\t<meta property=\"og:image:type\" content=\"image\/jpeg\" \/>\n<meta name=\"twitter:card\" content=\"summary_large_image\" \/>\n<meta name=\"twitter:label1\" content=\"Dur\u00e9e de lecture estim\u00e9e\" \/>\n\t<meta name=\"twitter:data1\" content=\"4 minutes\" \/>\n<script type=\"application\/ld+json\" class=\"yoast-schema-graph\">{\"@context\":\"https:\\\/\\\/schema.org\",\"@graph\":[{\"@type\":\"WebPage\",\"@id\":\"https:\\\/\\\/cpxzx.com\\\/product\\\/ceramic-pall-ring\\\/\",\"url\":\"https:\\\/\\\/cpxzx.com\\\/product\\\/ceramic-pall-ring\\\/\",\"name\":\"Ceramic Pall Ring-25mm-38mm-50mm-76mm\",\"isPartOf\":{\"@id\":\"https:\\\/\\\/cpxzx.com\\\/#website\"},\"primaryImageOfPage\":{\"@id\":\"https:\\\/\\\/cpxzx.com\\\/product\\\/ceramic-pall-ring\\\/#primaryimage\"},\"image\":{\"@id\":\"https:\\\/\\\/cpxzx.com\\\/product\\\/ceramic-pall-ring\\\/#primaryimage\"},\"thumbnailUrl\":\"https:\\\/\\\/cpxzx.com\\\/wp-content\\\/uploads\\\/2025\\\/07\\\/ceramic-pall-ring-2.jpg\",\"datePublished\":\"2025-07-16T03:31:10+00:00\",\"dateModified\":\"2025-07-30T11:07:59+00:00\",\"breadcrumb\":{\"@id\":\"https:\\\/\\\/cpxzx.com\\\/product\\\/ceramic-pall-ring\\\/#breadcrumb\"},\"inLanguage\":\"fr-FR\",\"potentialAction\":[{\"@type\":\"ReadAction\",\"target\":[\"https:\\\/\\\/cpxzx.com\\\/product\\\/ceramic-pall-ring\\\/\"]}]},{\"@type\":\"ImageObject\",\"inLanguage\":\"fr-FR\",\"@id\":\"https:\\\/\\\/cpxzx.com\\\/product\\\/ceramic-pall-ring\\\/#primaryimage\",\"url\":\"https:\\\/\\\/cpxzx.com\\\/wp-content\\\/uploads\\\/2025\\\/07\\\/ceramic-pall-ring-2.jpg\",\"contentUrl\":\"https:\\\/\\\/cpxzx.com\\\/wp-content\\\/uploads\\\/2025\\\/07\\\/ceramic-pall-ring-2.jpg\",\"width\":550,\"height\":550,\"caption\":\"ceramic pall ring\"},{\"@type\":\"BreadcrumbList\",\"@id\":\"https:\\\/\\\/cpxzx.com\\\/product\\\/ceramic-pall-ring\\\/#breadcrumb\",\"itemListElement\":[{\"@type\":\"ListItem\",\"position\":1,\"name\":\"Home\",\"item\":\"https:\\\/\\\/cpxzx.com\\\/\"},{\"@type\":\"ListItem\",\"position\":2,\"name\":\"Random Packing\",\"item\":\"https:\\\/\\\/cpxzx.com\\\/pcategory\\\/random-packing\\\/\"},{\"@type\":\"ListItem\",\"position\":3,\"name\":\"Ceramic Random Packing\",\"item\":\"https:\\\/\\\/cpxzx.com\\\/pcategory\\\/random-packing\\\/ceramic-random-packing\\\/\"},{\"@type\":\"ListItem\",\"position\":4,\"name\":\"Ceramic Pall Ring (25mm 38mm 50mm, 76mm)\"}]},{\"@type\":\"WebSite\",\"@id\":\"https:\\\/\\\/cpxzx.com\\\/#website\",\"url\":\"https:\\\/\\\/cpxzx.com\\\/\",\"name\":\"Cooling Tower Fill, China PVC Fills Manufacturer\",\"description\":\"\",\"publisher\":{\"@id\":\"https:\\\/\\\/cpxzx.com\\\/#organization\"},\"potentialAction\":[{\"@type\":\"SearchAction\",\"target\":{\"@type\":\"EntryPoint\",\"urlTemplate\":\"https:\\\/\\\/cpxzx.com\\\/?s={search_term_string}\"},\"query-input\":{\"@type\":\"PropertyValueSpecification\",\"valueRequired\":true,\"valueName\":\"search_term_string\"}}],\"inLanguage\":\"fr-FR\"},{\"@type\":\"Organization\",\"@id\":\"https:\\\/\\\/cpxzx.com\\\/#organization\",\"name\":\"Cooling Tower Fill, China PVC Fills Manufacturer\",\"url\":\"https:\\\/\\\/cpxzx.com\\\/\",\"logo\":{\"@type\":\"ImageObject\",\"inLanguage\":\"fr-FR\",\"@id\":\"https:\\\/\\\/cpxzx.com\\\/#\\\/schema\\\/logo\\\/image\\\/\",\"url\":\"https:\\\/\\\/cpxzx.com\\\/wp-content\\\/uploads\\\/2025\\\/07\\\/1751628807-logo.png\",\"contentUrl\":\"https:\\\/\\\/cpxzx.com\\\/wp-content\\\/uploads\\\/2025\\\/07\\\/1751628807-logo.png\",\"width\":383,\"height\":87,\"caption\":\"Cooling Tower Fill, China PVC Fills Manufacturer\"},\"image\":{\"@id\":\"https:\\\/\\\/cpxzx.com\\\/#\\\/schema\\\/logo\\\/image\\\/\"}}]}<\/script>\n<!-- \/ Yoast SEO plugin. -->","yoast_head_json":{"title":"Ceramic Pall Ring-25mm-38mm-50mm-76mm","robots":{"index":"index","follow":"follow","max-snippet":"max-snippet:-1","max-image-preview":"max-image-preview:large","max-video-preview":"max-video-preview:-1"},"canonical":"https:\/\/cpxzx.com\/fr\/produit\/anneau-en-ceramique\/","og_locale":"fr_FR","og_type":"article","og_title":"Ceramic Pall Ring-25mm-38mm-50mm-76mm","og_description":"Ceramic Pall Ring is an advanced and highly efficient packing material, primarily used in sulfuric acid towers for various chemical processes. This unique material offers exceptional performance in conditions where high temperature and corrosion resistance are critical. It is considered one of the most suitable options for industrial applications, especially in chemical industries where severe operating conditions exist.","og_url":"https:\/\/cpxzx.com\/fr\/produit\/anneau-en-ceramique\/","og_site_name":"Cooling Tower Fill, China PVC Fills Manufacturer","article_modified_time":"2025-07-30T11:07:59+00:00","og_image":[{"width":550,"height":550,"url":"https:\/\/cpxzx.com\/wp-content\/uploads\/2025\/07\/ceramic-pall-ring-2.jpg","type":"image\/jpeg"}],"twitter_card":"summary_large_image","twitter_misc":{"Dur\u00e9e de lecture estim\u00e9e":"4 minutes"},"schema":{"@context":"https:\/\/schema.org","@graph":[{"@type":"WebPage","@id":"https:\/\/cpxzx.com\/product\/ceramic-pall-ring\/","url":"https:\/\/cpxzx.com\/product\/ceramic-pall-ring\/","name":"Ceramic Pall Ring-25mm-38mm-50mm-76mm","isPartOf":{"@id":"https:\/\/cpxzx.com\/#website"},"primaryImageOfPage":{"@id":"https:\/\/cpxzx.com\/product\/ceramic-pall-ring\/#primaryimage"},"image":{"@id":"https:\/\/cpxzx.com\/product\/ceramic-pall-ring\/#primaryimage"},"thumbnailUrl":"https:\/\/cpxzx.com\/wp-content\/uploads\/2025\/07\/ceramic-pall-ring-2.jpg","datePublished":"2025-07-16T03:31:10+00:00","dateModified":"2025-07-30T11:07:59+00:00","breadcrumb":{"@id":"https:\/\/cpxzx.com\/product\/ceramic-pall-ring\/#breadcrumb"},"inLanguage":"fr-FR","potentialAction":[{"@type":"ReadAction","target":["https:\/\/cpxzx.com\/product\/ceramic-pall-ring\/"]}]},{"@type":"ImageObject","inLanguage":"fr-FR","@id":"https:\/\/cpxzx.com\/product\/ceramic-pall-ring\/#primaryimage","url":"https:\/\/cpxzx.com\/wp-content\/uploads\/2025\/07\/ceramic-pall-ring-2.jpg","contentUrl":"https:\/\/cpxzx.com\/wp-content\/uploads\/2025\/07\/ceramic-pall-ring-2.jpg","width":550,"height":550,"caption":"ceramic pall ring"},{"@type":"BreadcrumbList","@id":"https:\/\/cpxzx.com\/product\/ceramic-pall-ring\/#breadcrumb","itemListElement":[{"@type":"ListItem","position":1,"name":"Home","item":"https:\/\/cpxzx.com\/"},{"@type":"ListItem","position":2,"name":"Random Packing","item":"https:\/\/cpxzx.com\/pcategory\/random-packing\/"},{"@type":"ListItem","position":3,"name":"Ceramic Random Packing","item":"https:\/\/cpxzx.com\/pcategory\/random-packing\/ceramic-random-packing\/"},{"@type":"ListItem","position":4,"name":"Ceramic Pall Ring (25mm 38mm 50mm, 76mm)"}]},{"@type":"WebSite","@id":"https:\/\/cpxzx.com\/#website","url":"https:\/\/cpxzx.com\/","name":"Remplissage de tour de refroidissement, fabricant chinois de remplissages en PVC","description":"","publisher":{"@id":"https:\/\/cpxzx.com\/#organization"},"potentialAction":[{"@type":"SearchAction","target":{"@type":"EntryPoint","urlTemplate":"https:\/\/cpxzx.com\/?s={search_term_string}"},"query-input":{"@type":"PropertyValueSpecification","valueRequired":true,"valueName":"search_term_string"}}],"inLanguage":"fr-FR"},{"@type":"Organization","@id":"https:\/\/cpxzx.com\/#organization","name":"Remplissage de tour de refroidissement, fabricant chinois de remplissages en PVC","url":"https:\/\/cpxzx.com\/","logo":{"@type":"ImageObject","inLanguage":"fr-FR","@id":"https:\/\/cpxzx.com\/#\/schema\/logo\/image\/","url":"https:\/\/cpxzx.com\/wp-content\/uploads\/2025\/07\/1751628807-logo.png","contentUrl":"https:\/\/cpxzx.com\/wp-content\/uploads\/2025\/07\/1751628807-logo.png","width":383,"height":87,"caption":"Cooling Tower Fill, China PVC Fills Manufacturer"},"image":{"@id":"https:\/\/cpxzx.com\/#\/schema\/logo\/image\/"}}]}},"taxonomy_info":{"pcategory":[{"value":22,"label":"Random Packing"},{"value":24,"label":"Ceramic Random Packing"}]},"featured_image_src_large":["https:\/\/cpxzx.com\/wp-content\/uploads\/2025\/07\/ceramic-pall-ring-2.jpg",550,550,false],"author_info":[],"comment_info":"","_links":{"self":[{"href":"https:\/\/cpxzx.com\/fr\/wp-json\/wp\/v2\/product\/2569","targetHints":{"allow":["GET"]}}],"collection":[{"href":"https:\/\/cpxzx.com\/fr\/wp-json\/wp\/v2\/product"}],"about":[{"href":"https:\/\/cpxzx.com\/fr\/wp-json\/wp\/v2\/types\/product"}],"wp:featuredmedia":[{"embeddable":true,"href":"https:\/\/cpxzx.com\/fr\/wp-json\/wp\/v2\/media\/2571"}],"wp:attachment":[{"href":"https:\/\/cpxzx.com\/fr\/wp-json\/wp\/v2\/media?parent=2569"}],"wp:term":[{"taxonomy":"pcategory","embeddable":true,"href":"https:\/\/cpxzx.com\/fr\/wp-json\/wp\/v2\/pcategory?post=2569"},{"taxonomy":"ptag","embeddable":true,"href":"https:\/\/cpxzx.com\/fr\/wp-json\/wp\/v2\/ptag?post=2569"}],"curies":[{"name":"wp","href":"https:\/\/api.w.org\/{rel}","templated":true}]}}