{"id":2509,"date":"2025-07-15T10:48:46","date_gmt":"2025-07-15T10:48:46","guid":{"rendered":"https:\/\/cpxzx.com\/?post_type=product&#038;p=2509"},"modified":"2025-07-15T15:21:14","modified_gmt":"2025-07-15T15:21:14","slug":"metal-pall-ring","status":"publish","type":"product","link":"https:\/\/cpxzx.com\/fr\/produit\/metal-pall-ring\/","title":{"rendered":"Garniture m\u00e9tallique \u00e0 anneau ( 304,321,316L )"},"content":{"rendered":"<p><strong>Emballage de l'anneau en m\u00e9tal Pall<\/strong> est un composant essentiel dans divers processus industriels, en particulier pour les applications n\u00e9cessitant une s\u00e9paration, une distillation, une absorption et un d\u00e9capage efficaces. L'innovation derri\u00e8re l'anneau m\u00e9tallique Pall r\u00e9side dans sa conception avanc\u00e9e, qui offre des performances sup\u00e9rieures \u00e0 celles des mat\u00e9riaux de garnissage traditionnels dans les processus \u00e0 haute temp\u00e9rature et \u00e0 grand volume. L'anneau m\u00e9tallique Pall est un type de garniture de tour, am\u00e9lior\u00e9 par rapport \u00e0 la conception classique de l'anneau m\u00e9tallique Raschig par l'ajout de languettes tourn\u00e9es vers l'int\u00e9rieur. Ces languettes augmentent la capacit\u00e9 d'\u00e9coulement et am\u00e9liorent l'efficacit\u00e9 du transfert de masse, ce qui fait de l'anneau Metal Pall un choix id\u00e9al pour les op\u00e9rations industrielles exigeantes. Avec une longueur et un diam\u00e8tre \u00e9gaux, ce mat\u00e9riau de garnissage fournit un support robuste aux colonnes de distillation et autres \u00e9quipements de s\u00e9paration utilis\u00e9s dans diverses industries chimiques et p\u00e9trochimiques.<\/p>\n<p><strong>Avantages des bagues m\u00e9talliques Pall<\/strong><\/p>\n<p>L'anneau m\u00e9tallique Pall offre plusieurs avantages cl\u00e9s par rapport \u00e0 d'autres mat\u00e9riaux d'emballage, tels que les anneaux en plastique Pall. Les principaux avantages sont les suivants :<\/p>\n<ul>\n<li><strong>R\u00e9sistance \u00e0 la corrosion et \u00e0 la rouille :<\/strong> Contrairement aux anneaux Pall en plastique, les anneaux Pall en m\u00e9tal peuvent r\u00e9sister \u00e0 des environnements difficiles, ce qui les rend parfaits pour les processus qui impliquent une exposition \u00e0 des substances corrosives, \u00e0 des temp\u00e9ratures \u00e9lev\u00e9es ou \u00e0 des conditions de fonctionnement extr\u00eames.<\/li>\n<li><strong>Propri\u00e9t\u00e9s de mouillage am\u00e9lior\u00e9es :<\/strong> L'anneau Metal Pall est plus facilement mouill\u00e9 que ses homologues en plastique, ce qui assure une meilleure distribution des fluides dans le syst\u00e8me.<\/li>\n<li><strong>R\u00e9sistance \u00e9lev\u00e9e \u00e0 l'\u00e9crasement :<\/strong> Ces anneaux sont con\u00e7us pour durer. Ils peuvent supporter des contraintes m\u00e9caniques importantes, ce qui les rend fiables pour un fonctionnement \u00e0 long terme avec une usure minimale.<\/li>\n<li><strong>Rendement et efficacit\u00e9 \u00e9lev\u00e9s :<\/strong> L'anneau Metal Pall peut supporter des d\u00e9bits plus \u00e9lev\u00e9s et am\u00e9liorer l'efficacit\u00e9 du transfert de masse, tout en maintenant une faible perte de charge. Ils sont donc tr\u00e8s efficaces pour les applications industrielles \u00e0 grande \u00e9chelle.<\/li>\n<li><strong>Longue dur\u00e9e de vie :<\/strong> Gr\u00e2ce \u00e0 la robustesse de leurs mat\u00e9riaux et de leur conception, les anneaux Metal Pall sont r\u00e9put\u00e9s pour leur longue dur\u00e9e de vie, ce qui r\u00e9duit les besoins de remplacement et d'entretien fr\u00e9quents.<\/li>\n<\/ul>\n<p><strong>Sp\u00e9cifications et tailles des anneaux m\u00e9talliques Pall<\/strong><\/p>\n<table style=\"width: 100%; margin: 20px 0; text-align: center; border: 1px solid #666; border-collapse: collapse;\">\n<thead>\n<tr style=\"border: 1px solid #666;\">\n<th style=\"border: 1px solid #666;\">Taille<br \/>\n(pouces\/mm)<\/th>\n<th style=\"border: 1px solid #666;\">Densit\u00e9 en vrac<br \/>\n(kg\/m3)<\/th>\n<th style=\"border: 1px solid #666;\">Nombre<br \/>\n(par m3)<\/th>\n<th style=\"border: 1px solid #666;\">Surface<br \/>\n(m2\/m3)<\/th>\n<th style=\"border: 1px solid #666;\">Volume libre<br \/>\n(%)<\/th>\n<th style=\"border: 1px solid #666;\">Facteur d'emballage \u00e0 sec<br \/>\n(m-1)<\/th>\n<\/tr>\n<\/thead>\n<tbody>\n<tr style=\"border: 1px solid #666;\">\n<td>1\/4\"<\/td>\n<td>900<\/td>\n<td>4,000,000<\/td>\n<td>904<\/td>\n<td>88.6<\/td>\n<td>1307.4<\/td>\n<\/tr>\n<tr style=\"border: 1px solid #666;\">\n<td>3\/8\"<\/td>\n<td>480<\/td>\n<td>768,000<\/td>\n<td>482<\/td>\n<td>93.8<\/td>\n<td>583.8<\/td>\n<\/tr>\n<tr style=\"border: 1px solid #666;\">\n<td>1\/2\"<\/td>\n<td>420<\/td>\n<td>410,000<\/td>\n<td>415<\/td>\n<td>95.5<\/td>\n<td>393.2<\/td>\n<\/tr>\n<tr style=\"border: 1px solid #666;\">\n<td>5\/8\"<\/td>\n<td>348<\/td>\n<td>201,000<\/td>\n<td>344<\/td>\n<td>95.5<\/td>\n<td>393.2<\/td>\n<\/tr>\n<tr style=\"border: 1px solid #666;\">\n<td>1\"<\/td>\n<td>288<\/td>\n<td>53,500<\/td>\n<td>212<\/td>\n<td>96.2<\/td>\n<td>229.8<\/td>\n<\/tr>\n<tr style=\"border: 1px solid #666;\">\n<td>1\"<\/td>\n<td>367<\/td>\n<td>53,500<\/td>\n<td>216<\/td>\n<td>95<\/td>\n<td>237.2<\/td>\n<\/tr>\n<tr style=\"border: 1px solid #666;\">\n<td>1\"<\/td>\n<td>439<\/td>\n<td>53,500<\/td>\n<td>219<\/td>\n<td>94.2<\/td>\n<td>244.1<\/td>\n<\/tr>\n<tr style=\"border: 1px solid #666;\">\n<td>1.5\"<\/td>\n<td>193<\/td>\n<td>15,180<\/td>\n<td>143<\/td>\n<td>97.2<\/td>\n<td>148.4<\/td>\n<\/tr>\n<tr style=\"border: 1px solid #666;\">\n<td>1.5\"<\/td>\n<td>246<\/td>\n<td>15,180<\/td>\n<td>145<\/td>\n<td>96.7<\/td>\n<td>151.7<\/td>\n<\/tr>\n<tr style=\"border: 1px solid #666;\">\n<td>1.5\"<\/td>\n<td>328<\/td>\n<td>15,000<\/td>\n<td>146<\/td>\n<td>95.9<\/td>\n<td>154.6<\/td>\n<\/tr>\n<tr style=\"border: 1px solid #666;\">\n<td>2\"<\/td>\n<td>185<\/td>\n<td>6,500<\/td>\n<td>106<\/td>\n<td>97.5<\/td>\n<td>128.5<\/td>\n<\/tr>\n<tr style=\"border: 1px solid #666;\">\n<td>2\"<\/td>\n<td>315<\/td>\n<td>6,500<\/td>\n<td>108<\/td>\n<td>96.8<\/td>\n<td>130.5<\/td>\n<\/tr>\n<tr style=\"border: 1px solid #666;\">\n<td>2\"<\/td>\n<td>380<\/td>\n<td>6,500<\/td>\n<td>132.5<\/td>\n<td>96.0<\/td>\n<td>134.0<\/td>\n<\/tr>\n<tr style=\"border: 1px solid #666;\">\n<td>3\"<\/td>\n<td>265<\/td>\n<td>1,920<\/td>\n<td>69<\/td>\n<td>97.4<\/td>\n<td>79.6<\/td>\n<\/tr>\n<tr style=\"border: 1px solid #666;\">\n<td>3.5\"<\/td>\n<td>224<\/td>\n<td>1,220<\/td>\n<td>61<\/td>\n<td>97.1<\/td>\n<td>66.2<\/td>\n<\/tr>\n<\/tbody>\n<\/table>\n<p>&nbsp;<\/p>\n<p><strong>Applications des anneaux m\u00e9talliques Pall<\/strong><br \/>\nL'anneau Metal Pall est utilis\u00e9 dans une large gamme d'applications industrielles. Il joue notamment un r\u00f4le crucial dans les processus de s\u00e9paration, tels que <strong>s\u00e9paration du tolu\u00e8ne<\/strong>, <strong>s\u00e9paration de l'\u00e9thylbenz\u00e8ne<\/strong>et <strong>syst\u00e8mes de d\u00e9sulfuration<\/strong>. Ces mat\u00e9riaux de garnissage sont con\u00e7us pour fonctionner efficacement dans des environnements \u00e0 haute pression et \u00e0 haute temp\u00e9rature, ce qui les rend essentiels dans des industries telles que la p\u00e9trochimie, les produits chimiques et le gaz naturel.<br \/>\n<strong>Pourquoi choisir Metal Pall Ring Packing ?<\/strong><\/p>\n<ul>\n<li><strong>Haute efficacit\u00e9 dans le transfert de masse :<\/strong> La conception et la structure uniques de l'anneau Metal Pall lui permettent d'offrir une grande efficacit\u00e9 de transfert de masse dans les phases liquide et gazeuse, ce qui en fait le choix id\u00e9al pour les applications n\u00e9cessitant une s\u00e9paration optimale.<\/li>\n<li><strong>Durabilit\u00e9 dans les environnements difficiles :<\/strong> La garniture annulaire Metal Pall est r\u00e9sistante \u00e0 la corrosion et \u00e0 la rouille, ce qui garantit une stabilit\u00e9 \u00e0 long terme, m\u00eame dans des environnements chimiques agressifs.<\/li>\n<li><strong>Polyvalence :<\/strong> Qu'il s'agisse de tolu\u00e8ne, d'\u00e9thylbenz\u00e8ne ou d'autres m\u00e9langes complexes, les anneaux Metal Pall offrent la polyvalence n\u00e9cessaire pour mener \u00e0 bien une grande vari\u00e9t\u00e9 de t\u00e2ches de s\u00e9paration.<\/li>\n<li><strong>Perte de charge r\u00e9duite :<\/strong> Les anneaux Metal Pall ont une faible perte de charge, ce qui signifie qu'ils contribuent \u00e0 maintenir l'efficacit\u00e9 \u00e9nerg\u00e9tique tout en assurant un d\u00e9bit \u00e9lev\u00e9.<\/li>\n<\/ul>\n<p>En r\u00e9sum\u00e9, les anneaux m\u00e9talliques Pall offrent des avantages in\u00e9gal\u00e9s en termes d'efficacit\u00e9, de durabilit\u00e9 et de performance dans les processus de s\u00e9paration industriels. Que vous utilisiez l'anneau Pall en m\u00e9tal 316L, l'anneau Pall en m\u00e9tal 304 ou un autre mat\u00e9riau, vous pouvez compter sur ces mat\u00e9riaux de garniture pour des performances robustes dans les applications les plus exigeantes. Avec une efficacit\u00e9 de transfert de masse \u00e9lev\u00e9e, une faible perte de charge et une r\u00e9sistance aux environnements difficiles, l'anneau Pall en m\u00e9tal est un composant fondamental qui garantit un fonctionnement optimal dans les processus de distillation, d'absorption et de d\u00e9capage. En choisissant notre anneau m\u00e9tallique Pall, les industries peuvent atteindre une meilleure productivit\u00e9, une efficacit\u00e9 accrue et des co\u00fbts de maintenance r\u00e9duits, ce qui conduit \u00e0 un succ\u00e8s op\u00e9rationnel \u00e0 long terme.<\/p>","protected":false},"excerpt":{"rendered":"<p>Les anneaux Metal Pall offrent des performances sup\u00e9rieures pour les applications industrielles exigeantes. Avec une capacit\u00e9 de charge \u00e9lev\u00e9e et une faible perte de charge, ils assurent une s\u00e9paration fiable et efficace dans les processus chimiques complexes.<\/p>","protected":false},"featured_media":2540,"parent":0,"template":"","meta":{"_acf_changed":false,"_kad_blocks_custom_css":"","_kad_blocks_head_custom_js":"","_kad_blocks_body_custom_js":"","_kad_blocks_footer_custom_js":"","_kadence_starter_templates_imported_post":false,"_kad_post_transparent":"default","_kad_post_title":"","_kad_post_layout":"default","_kad_post_sidebar_id":"","_kad_post_content_style":"default","_kad_post_vertical_padding":"default","_kad_post_feature":"","_kad_post_feature_position":"","_kad_post_header":false,"_kad_post_footer":false},"pcategory":[22,23],"ptag":[],"class_list":["post-2509","product","type-product","status-publish","has-post-thumbnail","hentry","pcategory-random-packing","pcategory-metal-random-packing"],"acf":[],"yoast_head":"<!-- This site is optimized with the Yoast SEO plugin v27.4 - https:\/\/yoast.com\/product\/yoast-seo-wordpress\/ -->\n<title>Metal Pall Ring Packing ( 304,321,316L )<\/title>\n<meta name=\"description\" content=\"Engineered for optimal efficiency, Metal Pall Ring Packing ( 304,321,316L ) improves fluid distribution, reduces pressure drop, and provides long-lasting performance in aggressive chemical environments.\" \/>\n<meta name=\"robots\" content=\"index, follow, max-snippet:-1, max-image-preview:large, max-video-preview:-1\" \/>\n<link rel=\"canonical\" href=\"https:\/\/cpxzx.com\/fr\/produit\/metal-pall-ring\/\" \/>\n<meta property=\"og:locale\" content=\"fr_FR\" \/>\n<meta property=\"og:type\" content=\"article\" \/>\n<meta property=\"og:title\" content=\"Metal Pall Ring Packing ( 304,321,316L )\" \/>\n<meta property=\"og:description\" content=\"Engineered for optimal efficiency, Metal Pall Ring Packing ( 304,321,316L ) improves fluid distribution, reduces pressure drop, and provides long-lasting performance in aggressive chemical environments.\" \/>\n<meta property=\"og:url\" content=\"https:\/\/cpxzx.com\/fr\/produit\/metal-pall-ring\/\" \/>\n<meta property=\"og:site_name\" content=\"Cooling Tower Fill, China PVC Fills Manufacturer\" \/>\n<meta property=\"article:modified_time\" content=\"2025-07-15T15:21:14+00:00\" \/>\n<meta property=\"og:image\" content=\"https:\/\/cpxzx.com\/wp-content\/uploads\/2025\/07\/metal-pall-ring-6.jpg\" \/>\n\t<meta property=\"og:image:width\" content=\"550\" \/>\n\t<meta property=\"og:image:height\" content=\"550\" \/>\n\t<meta property=\"og:image:type\" content=\"image\/jpeg\" \/>\n<meta name=\"twitter:card\" content=\"summary_large_image\" \/>\n<meta name=\"twitter:label1\" content=\"Dur\u00e9e de lecture estim\u00e9e\" \/>\n\t<meta name=\"twitter:data1\" content=\"4 minutes\" \/>\n<script type=\"application\/ld+json\" class=\"yoast-schema-graph\">{\"@context\":\"https:\\\/\\\/schema.org\",\"@graph\":[{\"@type\":\"WebPage\",\"@id\":\"https:\\\/\\\/cpxzx.com\\\/product\\\/metal-pall-ring\\\/\",\"url\":\"https:\\\/\\\/cpxzx.com\\\/product\\\/metal-pall-ring\\\/\",\"name\":\"Metal Pall Ring Packing ( 304,321,316L )\",\"isPartOf\":{\"@id\":\"https:\\\/\\\/cpxzx.com\\\/#website\"},\"primaryImageOfPage\":{\"@id\":\"https:\\\/\\\/cpxzx.com\\\/product\\\/metal-pall-ring\\\/#primaryimage\"},\"image\":{\"@id\":\"https:\\\/\\\/cpxzx.com\\\/product\\\/metal-pall-ring\\\/#primaryimage\"},\"thumbnailUrl\":\"https:\\\/\\\/cpxzx.com\\\/wp-content\\\/uploads\\\/2025\\\/07\\\/metal-pall-ring-6.jpg\",\"datePublished\":\"2025-07-15T10:48:46+00:00\",\"dateModified\":\"2025-07-15T15:21:14+00:00\",\"description\":\"Engineered for optimal efficiency, Metal Pall Ring Packing ( 304,321,316L ) improves fluid distribution, reduces pressure drop, and provides long-lasting performance in aggressive chemical environments.\",\"breadcrumb\":{\"@id\":\"https:\\\/\\\/cpxzx.com\\\/product\\\/metal-pall-ring\\\/#breadcrumb\"},\"inLanguage\":\"fr-FR\",\"potentialAction\":[{\"@type\":\"ReadAction\",\"target\":[\"https:\\\/\\\/cpxzx.com\\\/product\\\/metal-pall-ring\\\/\"]}]},{\"@type\":\"ImageObject\",\"inLanguage\":\"fr-FR\",\"@id\":\"https:\\\/\\\/cpxzx.com\\\/product\\\/metal-pall-ring\\\/#primaryimage\",\"url\":\"https:\\\/\\\/cpxzx.com\\\/wp-content\\\/uploads\\\/2025\\\/07\\\/metal-pall-ring-6.jpg\",\"contentUrl\":\"https:\\\/\\\/cpxzx.com\\\/wp-content\\\/uploads\\\/2025\\\/07\\\/metal-pall-ring-6.jpg\",\"width\":550,\"height\":550},{\"@type\":\"BreadcrumbList\",\"@id\":\"https:\\\/\\\/cpxzx.com\\\/product\\\/metal-pall-ring\\\/#breadcrumb\",\"itemListElement\":[{\"@type\":\"ListItem\",\"position\":1,\"name\":\"Home\",\"item\":\"https:\\\/\\\/cpxzx.com\\\/\"},{\"@type\":\"ListItem\",\"position\":2,\"name\":\"Random Packing\",\"item\":\"https:\\\/\\\/cpxzx.com\\\/pcategory\\\/random-packing\\\/\"},{\"@type\":\"ListItem\",\"position\":3,\"name\":\"Metal Pall Ring Packing ( 304,321,316L )\"}]},{\"@type\":\"WebSite\",\"@id\":\"https:\\\/\\\/cpxzx.com\\\/#website\",\"url\":\"https:\\\/\\\/cpxzx.com\\\/\",\"name\":\"Cooling Tower Fill, China PVC Fills Manufacturer\",\"description\":\"\",\"publisher\":{\"@id\":\"https:\\\/\\\/cpxzx.com\\\/#organization\"},\"potentialAction\":[{\"@type\":\"SearchAction\",\"target\":{\"@type\":\"EntryPoint\",\"urlTemplate\":\"https:\\\/\\\/cpxzx.com\\\/?s={search_term_string}\"},\"query-input\":{\"@type\":\"PropertyValueSpecification\",\"valueRequired\":true,\"valueName\":\"search_term_string\"}}],\"inLanguage\":\"fr-FR\"},{\"@type\":\"Organization\",\"@id\":\"https:\\\/\\\/cpxzx.com\\\/#organization\",\"name\":\"Cooling Tower Fill, China PVC Fills Manufacturer\",\"url\":\"https:\\\/\\\/cpxzx.com\\\/\",\"logo\":{\"@type\":\"ImageObject\",\"inLanguage\":\"fr-FR\",\"@id\":\"https:\\\/\\\/cpxzx.com\\\/#\\\/schema\\\/logo\\\/image\\\/\",\"url\":\"https:\\\/\\\/cpxzx.com\\\/wp-content\\\/uploads\\\/2025\\\/07\\\/1751628807-logo.png\",\"contentUrl\":\"https:\\\/\\\/cpxzx.com\\\/wp-content\\\/uploads\\\/2025\\\/07\\\/1751628807-logo.png\",\"width\":383,\"height\":87,\"caption\":\"Cooling Tower Fill, China PVC Fills Manufacturer\"},\"image\":{\"@id\":\"https:\\\/\\\/cpxzx.com\\\/#\\\/schema\\\/logo\\\/image\\\/\"}}]}<\/script>\n<!-- \/ Yoast SEO plugin. -->","yoast_head_json":{"title":"Garniture m\u00e9tallique \u00e0 anneau ( 304,321,316L )","description":"Engineered for optimal efficiency, Metal Pall Ring Packing ( 304,321,316L ) improves fluid distribution, reduces pressure drop, and provides long-lasting performance in aggressive chemical environments.","robots":{"index":"index","follow":"follow","max-snippet":"max-snippet:-1","max-image-preview":"max-image-preview:large","max-video-preview":"max-video-preview:-1"},"canonical":"https:\/\/cpxzx.com\/fr\/produit\/metal-pall-ring\/","og_locale":"fr_FR","og_type":"article","og_title":"Metal Pall Ring Packing ( 304,321,316L )","og_description":"Engineered for optimal efficiency, Metal Pall Ring Packing ( 304,321,316L ) improves fluid distribution, reduces pressure drop, and provides long-lasting performance in aggressive chemical environments.","og_url":"https:\/\/cpxzx.com\/fr\/produit\/metal-pall-ring\/","og_site_name":"Cooling Tower Fill, China PVC Fills Manufacturer","article_modified_time":"2025-07-15T15:21:14+00:00","og_image":[{"width":550,"height":550,"url":"https:\/\/cpxzx.com\/wp-content\/uploads\/2025\/07\/metal-pall-ring-6.jpg","type":"image\/jpeg"}],"twitter_card":"summary_large_image","twitter_misc":{"Dur\u00e9e de lecture estim\u00e9e":"4 minutes"},"schema":{"@context":"https:\/\/schema.org","@graph":[{"@type":"WebPage","@id":"https:\/\/cpxzx.com\/product\/metal-pall-ring\/","url":"https:\/\/cpxzx.com\/product\/metal-pall-ring\/","name":"Garniture m\u00e9tallique \u00e0 anneau ( 304,321,316L )","isPartOf":{"@id":"https:\/\/cpxzx.com\/#website"},"primaryImageOfPage":{"@id":"https:\/\/cpxzx.com\/product\/metal-pall-ring\/#primaryimage"},"image":{"@id":"https:\/\/cpxzx.com\/product\/metal-pall-ring\/#primaryimage"},"thumbnailUrl":"https:\/\/cpxzx.com\/wp-content\/uploads\/2025\/07\/metal-pall-ring-6.jpg","datePublished":"2025-07-15T10:48:46+00:00","dateModified":"2025-07-15T15:21:14+00:00","description":"Engineered for optimal efficiency, Metal Pall Ring Packing ( 304,321,316L ) improves fluid distribution, reduces pressure drop, and provides long-lasting performance in aggressive chemical environments.","breadcrumb":{"@id":"https:\/\/cpxzx.com\/product\/metal-pall-ring\/#breadcrumb"},"inLanguage":"fr-FR","potentialAction":[{"@type":"ReadAction","target":["https:\/\/cpxzx.com\/product\/metal-pall-ring\/"]}]},{"@type":"ImageObject","inLanguage":"fr-FR","@id":"https:\/\/cpxzx.com\/product\/metal-pall-ring\/#primaryimage","url":"https:\/\/cpxzx.com\/wp-content\/uploads\/2025\/07\/metal-pall-ring-6.jpg","contentUrl":"https:\/\/cpxzx.com\/wp-content\/uploads\/2025\/07\/metal-pall-ring-6.jpg","width":550,"height":550},{"@type":"BreadcrumbList","@id":"https:\/\/cpxzx.com\/product\/metal-pall-ring\/#breadcrumb","itemListElement":[{"@type":"ListItem","position":1,"name":"Home","item":"https:\/\/cpxzx.com\/"},{"@type":"ListItem","position":2,"name":"Random Packing","item":"https:\/\/cpxzx.com\/pcategory\/random-packing\/"},{"@type":"ListItem","position":3,"name":"Metal Pall Ring Packing ( 304,321,316L )"}]},{"@type":"WebSite","@id":"https:\/\/cpxzx.com\/#website","url":"https:\/\/cpxzx.com\/","name":"Remplissage de tour de refroidissement, fabricant chinois de remplissages en PVC","description":"","publisher":{"@id":"https:\/\/cpxzx.com\/#organization"},"potentialAction":[{"@type":"SearchAction","target":{"@type":"EntryPoint","urlTemplate":"https:\/\/cpxzx.com\/?s={search_term_string}"},"query-input":{"@type":"PropertyValueSpecification","valueRequired":true,"valueName":"search_term_string"}}],"inLanguage":"fr-FR"},{"@type":"Organization","@id":"https:\/\/cpxzx.com\/#organization","name":"Remplissage de tour de refroidissement, fabricant chinois de remplissages en PVC","url":"https:\/\/cpxzx.com\/","logo":{"@type":"ImageObject","inLanguage":"fr-FR","@id":"https:\/\/cpxzx.com\/#\/schema\/logo\/image\/","url":"https:\/\/cpxzx.com\/wp-content\/uploads\/2025\/07\/1751628807-logo.png","contentUrl":"https:\/\/cpxzx.com\/wp-content\/uploads\/2025\/07\/1751628807-logo.png","width":383,"height":87,"caption":"Cooling Tower Fill, China PVC Fills Manufacturer"},"image":{"@id":"https:\/\/cpxzx.com\/#\/schema\/logo\/image\/"}}]}},"taxonomy_info":{"pcategory":[{"value":22,"label":"Random Packing"},{"value":23,"label":"Metal Random Packing"}]},"featured_image_src_large":["https:\/\/cpxzx.com\/wp-content\/uploads\/2025\/07\/metal-pall-ring-6.jpg",550,550,false],"author_info":[],"comment_info":"","_links":{"self":[{"href":"https:\/\/cpxzx.com\/fr\/wp-json\/wp\/v2\/product\/2509","targetHints":{"allow":["GET"]}}],"collection":[{"href":"https:\/\/cpxzx.com\/fr\/wp-json\/wp\/v2\/product"}],"about":[{"href":"https:\/\/cpxzx.com\/fr\/wp-json\/wp\/v2\/types\/product"}],"wp:featuredmedia":[{"embeddable":true,"href":"https:\/\/cpxzx.com\/fr\/wp-json\/wp\/v2\/media\/2540"}],"wp:attachment":[{"href":"https:\/\/cpxzx.com\/fr\/wp-json\/wp\/v2\/media?parent=2509"}],"wp:term":[{"taxonomy":"pcategory","embeddable":true,"href":"https:\/\/cpxzx.com\/fr\/wp-json\/wp\/v2\/pcategory?post=2509"},{"taxonomy":"ptag","embeddable":true,"href":"https:\/\/cpxzx.com\/fr\/wp-json\/wp\/v2\/ptag?post=2509"}],"curies":[{"name":"wp","href":"https:\/\/api.w.org\/{rel}","templated":true}]}}