{"id":2150,"date":"2025-07-08T10:14:56","date_gmt":"2025-07-08T10:14:56","guid":{"rendered":"https:\/\/cpxzx.com\/?post_type=product&#038;p=2150"},"modified":"2025-07-13T08:11:10","modified_gmt":"2025-07-13T08:11:10","slug":"anneau-en-plastique","status":"publish","type":"product","link":"https:\/\/cpxzx.com\/fr\/produit\/anneau-en-plastique\/","title":{"rendered":"Garnitures annulaires en plastique Pall ( ptfe, pvc, pvdf, polypropyl\u00e8ne\uff09)"},"content":{"rendered":"<p><strong>garnitures annulaires en plastique ( ptfe, pvc, pvdf, polypropyl\u00e8ne)<\/strong>\uff09est une forme tr\u00e8s efficace d'emballage al\u00e9atoire utilis\u00e9e dans les applications de transfert de masse. Par rapport aux anneaux de Raschig traditionnels, l'anneau de pall en plastique pr\u00e9sente une conception unique avec des ouvertures rectangulaires et des lames orient\u00e9es vers l'int\u00e9rieur. Ces am\u00e9liorations structurelles augmentent la surface interne, favorisent l'agitation gaz-liquide et am\u00e9liorent l'efficacit\u00e9 du contact gaz-liquide. Sa conception permet d'obtenir des taux de transfert de masse \u00e9lev\u00e9s tout en maintenant une faible perte de charge, ce qui le rend adapt\u00e9 \u00e0 une grande vari\u00e9t\u00e9 de proc\u00e9d\u00e9s chimiques.<\/p>\n<p>La structure de l'anneau en plastique comporte un taux de vide \u00e9lev\u00e9 et des ouvertures uniform\u00e9ment r\u00e9parties. Ces caract\u00e9ristiques permettent un \u00e9coulement fluide des gaz et des liquides, r\u00e9duisant la r\u00e9sistance et favorisant un transfert de masse efficace. Chaque anneau de palladium en plastique est dot\u00e9 de lames \u00e0 fen\u00eatre qui am\u00e9liorent la dispersion des liquides, r\u00e9duisant ainsi le risque d'obstruction et assurant une distribution uniforme des fluides dans la section transversale de la tour.<\/p>\n<p>Les garnitures en plastique sont disponibles en plusieurs mat\u00e9riaux, notamment en polypropyl\u00e8ne, en ptfe, en pvc et en pvdf. Ces mat\u00e9riaux offrent divers avantages tels qu'une excellente r\u00e9sistance \u00e0 la corrosion, une structure l\u00e9g\u00e8re, une r\u00e9sistance m\u00e9canique \u00e9lev\u00e9e et une adaptabilit\u00e9 \u00e0 diff\u00e9rentes conditions de temp\u00e9rature. Avec un large choix de diam\u00e8tres et d'\u00e9paisseurs, les anneaux pall en plastique peuvent \u00eatre personnalis\u00e9s pour r\u00e9pondre aux exigences sp\u00e9cifiques de votre syst\u00e8me.<\/p>\n<p><img loading=\"lazy\" decoding=\"async\" class=\"alignnone wp-image-2153 size-full\" src=\"https:\/\/cpxzx.com\/wp-content\/uploads\/2025\/07\/plastic-pall-ring-products.jpg\" alt=\"\" width=\"720\" height=\"242\" srcset=\"https:\/\/cpxzx.com\/wp-content\/uploads\/2025\/07\/plastic-pall-ring-products.jpg 720w, https:\/\/cpxzx.com\/wp-content\/uploads\/2025\/07\/plastic-pall-ring-products-300x101.jpg 300w\" sizes=\"auto, (max-width: 720px) 100vw, 720px\" \/><\/p>\n<h3>Principales caract\u00e9ristiques de l'emballage \u00e0 bague en plastique<\/h3>\n<ul>\n<li>Taux de vide \u00e9lev\u00e9 et faible perte de charge.<\/li>\n<li>Le contact uniforme entre le gaz et le liquide am\u00e9liore l'efficacit\u00e9 du transfert de masse.<\/li>\n<li>Faible hauteur de l'unit\u00e9 de transfert de masse, point d'inondation \u00e9lev\u00e9.<\/li>\n<li>Conception durable avec une forte r\u00e9sistance aux chocs.<\/li>\n<li>Mat\u00e9riaux r\u00e9sistants \u00e0 la corrosion et adapt\u00e9s aux environnements chimiques agressifs.<\/li>\n<li>Facile \u00e0 charger, \u00e0 d\u00e9charger et \u00e0 nettoyer.<\/li>\n<\/ul>\n<h3>Options et performances des mat\u00e9riaux<\/h3>\n<p>Les anneaux de palladium en plastique sont fabriqu\u00e9s \u00e0 partir de divers mat\u00e9riaux. Les anneaux en polypropyl\u00e8ne offrent une excellente r\u00e9sistance chimique et peuvent supporter des temp\u00e9ratures sup\u00e9rieures \u00e0 100\u00b0C. Les anneaux en PTFE sont id\u00e9aux pour les environnements hautement corrosifs, avec des temp\u00e9ratures de fonctionnement sup\u00e9rieures \u00e0 150\u00b0C. Les anneaux en PVC conviennent aux applications chimiques g\u00e9n\u00e9rales, tandis que les anneaux en PVDF allient une grande solidit\u00e9 \u00e0 une r\u00e9sistance sup\u00e9rieure aux produits chimiques agressifs.<\/p>\n<p>Les diff\u00e9rentes tailles d'anneaux en plastique permettent d'obtenir des densit\u00e9s et des surfaces vari\u00e9es pour r\u00e9pondre aux besoins des diff\u00e9rentes conceptions de tours. Les variations structurelles entre les tailles permettent d'assurer un contact optimal entre les phases gazeuse et liquide.<\/p>\n<h3>Param\u00e8tres techniques<\/h3>\n<table border=\"1\" cellspacing=\"0\" cellpadding=\"5\">\n<tbody>\n<tr>\n<th>Objet<\/th>\n<th>Taille (D \u00d7 T \u00d7 H mm)<\/th>\n<th>Densit\u00e9 apparente (kg\/m\u00b3)<\/th>\n<th>Quantit\u00e9 de remplissage<\/th>\n<th>Surface (m\u00b2\/m\u00b3)<\/th>\n<th>Voidage (%)<\/th>\n<\/tr>\n<tr>\n<td>PRPT-01<\/td>\n<td>16 \u00d7 1 \u00d7 16<\/td>\n<td>141<\/td>\n<td>230000<\/td>\n<td>260<\/td>\n<td>91<\/td>\n<\/tr>\n<tr>\n<td>PRPT-02<\/td>\n<td>25 \u00d7 1.2 \u00d7 25<\/td>\n<td>85<\/td>\n<td>48300<\/td>\n<td>213<\/td>\n<td>91<\/td>\n<\/tr>\n<tr>\n<td>PRPT-03<\/td>\n<td>38 \u00d7 1.4 \u00d7 38<\/td>\n<td>82<\/td>\n<td>15800<\/td>\n<td>151<\/td>\n<td>91<\/td>\n<\/tr>\n<tr>\n<td>PRPT-04<\/td>\n<td>50 \u00d7 1.5 \u00d7 50<\/td>\n<td>60<\/td>\n<td>6300<\/td>\n<td>100<\/td>\n<td>92<\/td>\n<\/tr>\n<tr>\n<td>PRPT-05<\/td>\n<td>76 \u00d7 2.6 \u00d7 76<\/td>\n<td>62<\/td>\n<td>1930<\/td>\n<td>72<\/td>\n<td>92<\/td>\n<\/tr>\n<\/tbody>\n<\/table>\n<p>&nbsp;<\/p>\n<p>Remarque :<\/p>\n<p>Mat\u00e9riau : PE, PP, RPP, PVC, CPVC, PVDF<\/p>\n<p>Diam\u00e8tre : 16 mm, 25 mm, 38 mm, 50 mm, 76 mm.<\/p>\n<p>\u00c9paisseur : 1 mm, 1,2 mm, 1,4 mm, 1,5 mm, 2,6 mm.<\/p>\n<h3>Avantages de l'anneau en plastique Pall Ring<\/h3>\n<ul>\n<li>La structure sp\u00e9ciale assure un d\u00e9bit \u00e9lev\u00e9 avec une perte de charge minimale.<\/li>\n<li>Forte r\u00e9sistance \u00e0 la corrosion chimique dans divers environnements industriels.<\/li>\n<li>Grande surface pour un transfert de masse efficace.<\/li>\n<li>La conception l\u00e9g\u00e8re et \u00e9conome en \u00e9nergie r\u00e9duit les co\u00fbts d'exploitation.<\/li>\n<li>Facile \u00e0 installer et \u00e0 retirer des tours emball\u00e9es.<\/li>\n<\/ul>\n<h3>Applications<\/h3>\n<p>Les garnitures annulaires en plastique sont largement utilis\u00e9es dans les tours d'absorption, de lavage, de d\u00e9capage et de distillation. Il s'agit d'un choix privil\u00e9gi\u00e9 dans des industries telles que le traitement chimique, le traitement du gaz, le raffinage du p\u00e9trole, la production de chlore et de soude caustique et l'ing\u00e9nierie environnementale. Sa durabilit\u00e9 et son adaptabilit\u00e9 en font un produit id\u00e9al pour les op\u00e9rations \u00e0 forte ou faible charge.<\/p>\n<p>Que vous recherchiez un anneau pall fiable en polypropyl\u00e8ne pour les applications chimiques g\u00e9n\u00e9rales, un anneau ptfe pour les syst\u00e8mes corrosifs agressifs ou un anneau pvdf haute performance pour les conditions extr\u00eames, les garnitures \u00e0 anneau pall en plastique offrent une solution flexible et efficace pour vos besoins en mati\u00e8re de processus. C'est l'un des types de garniture \u00e0 anneau pall les plus largement utilis\u00e9s, qui offre des performances optimales dans de nombreux proc\u00e9d\u00e9s de s\u00e9paration gaz-liquide.<\/p>","protected":false},"excerpt":{"rendered":"<p>L'anneau de Raschig en plastique ( ptfe, pvc, pvdf, polypropyl\u00e8ne\uff09 est une forme tr\u00e8s efficace de garniture al\u00e9atoire utilis\u00e9e dans les applications de transfert de masse. Compar\u00e9 aux anneaux de Raschig traditionnels, l'anneau de Pall en plastique pr\u00e9sente une conception unique avec des ouvertures rectangulaires et des lames orient\u00e9es vers l'int\u00e9rieur. Ces am\u00e9liorations structurelles augmentent la surface interne, favorisent l'agitation gaz-liquide et am\u00e9liorent l'efficacit\u00e9 du transfert...<\/p>","protected":false},"featured_media":2408,"parent":0,"template":"","meta":{"_acf_changed":false,"_kad_blocks_custom_css":"","_kad_blocks_head_custom_js":"","_kad_blocks_body_custom_js":"","_kad_blocks_footer_custom_js":"","_kadence_starter_templates_imported_post":false,"_kad_post_transparent":"default","_kad_post_title":"","_kad_post_layout":"default","_kad_post_sidebar_id":"","_kad_post_content_style":"default","_kad_post_vertical_padding":"default","_kad_post_feature":"","_kad_post_feature_position":"","_kad_post_header":false,"_kad_post_footer":false},"pcategory":[22,25],"ptag":[],"class_list":["post-2150","product","type-product","status-publish","has-post-thumbnail","hentry","pcategory-random-packing","pcategory-plastic-random-packing"],"acf":[],"yoast_head":"<!-- This site is optimized with the Yoast SEO plugin v27.4 - https:\/\/yoast.com\/product\/yoast-seo-wordpress\/ -->\n<title>Plastic Pall ring packings ( ptfe,pvc,pvdf, polypropylene\uff09<\/title>\n<meta name=\"robots\" content=\"index, follow, max-snippet:-1, max-image-preview:large, max-video-preview:-1\" \/>\n<link rel=\"canonical\" href=\"https:\/\/cpxzx.com\/fr\/produit\/anneau-en-plastique\/\" \/>\n<meta property=\"og:locale\" content=\"fr_FR\" \/>\n<meta property=\"og:type\" content=\"article\" \/>\n<meta property=\"og:title\" content=\"Plastic Pall ring packings ( ptfe,pvc,pvdf, polypropylene\uff09\" \/>\n<meta property=\"og:description\" content=\"plastic pall ring packings ( ptfe,pvc,pvdf, polypropylene\uff09is a highly efficient form of random packing used in mass transfer applications. Compared to traditional Raschig Rings, the plastic pall ring features a unique design with rectangular openings and inward-facing blades. These structural improvements increase the internal surface area, enhance gas-liquid agitation, and improve the efficiency of gas-liquid...\" \/>\n<meta property=\"og:url\" content=\"https:\/\/cpxzx.com\/fr\/produit\/anneau-en-plastique\/\" \/>\n<meta property=\"og:site_name\" content=\"Cooling Tower Fill, China PVC Fills Manufacturer\" \/>\n<meta property=\"article:modified_time\" content=\"2025-07-13T08:11:10+00:00\" \/>\n<meta property=\"og:image\" content=\"https:\/\/cpxzx.com\/wp-content\/uploads\/2025\/07\/plastic-pall-ring-.jpg\" \/>\n\t<meta property=\"og:image:width\" content=\"720\" \/>\n\t<meta property=\"og:image:height\" content=\"720\" \/>\n\t<meta property=\"og:image:type\" content=\"image\/jpeg\" \/>\n<meta name=\"twitter:card\" content=\"summary_large_image\" \/>\n<meta name=\"twitter:label1\" content=\"Dur\u00e9e de lecture estim\u00e9e\" \/>\n\t<meta name=\"twitter:data1\" content=\"4 minutes\" \/>\n<script type=\"application\/ld+json\" class=\"yoast-schema-graph\">{\"@context\":\"https:\\\/\\\/schema.org\",\"@graph\":[{\"@type\":\"WebPage\",\"@id\":\"https:\\\/\\\/cpxzx.com\\\/product\\\/plastic-pall-ring\\\/\",\"url\":\"https:\\\/\\\/cpxzx.com\\\/product\\\/plastic-pall-ring\\\/\",\"name\":\"Plastic Pall ring packings ( ptfe,pvc,pvdf, polypropylene\uff09\",\"isPartOf\":{\"@id\":\"https:\\\/\\\/cpxzx.com\\\/#website\"},\"primaryImageOfPage\":{\"@id\":\"https:\\\/\\\/cpxzx.com\\\/product\\\/plastic-pall-ring\\\/#primaryimage\"},\"image\":{\"@id\":\"https:\\\/\\\/cpxzx.com\\\/product\\\/plastic-pall-ring\\\/#primaryimage\"},\"thumbnailUrl\":\"https:\\\/\\\/cpxzx.com\\\/wp-content\\\/uploads\\\/2025\\\/07\\\/plastic-pall-ring-.jpg\",\"datePublished\":\"2025-07-08T10:14:56+00:00\",\"dateModified\":\"2025-07-13T08:11:10+00:00\",\"breadcrumb\":{\"@id\":\"https:\\\/\\\/cpxzx.com\\\/product\\\/plastic-pall-ring\\\/#breadcrumb\"},\"inLanguage\":\"fr-FR\",\"potentialAction\":[{\"@type\":\"ReadAction\",\"target\":[\"https:\\\/\\\/cpxzx.com\\\/product\\\/plastic-pall-ring\\\/\"]}]},{\"@type\":\"ImageObject\",\"inLanguage\":\"fr-FR\",\"@id\":\"https:\\\/\\\/cpxzx.com\\\/product\\\/plastic-pall-ring\\\/#primaryimage\",\"url\":\"https:\\\/\\\/cpxzx.com\\\/wp-content\\\/uploads\\\/2025\\\/07\\\/plastic-pall-ring-.jpg\",\"contentUrl\":\"https:\\\/\\\/cpxzx.com\\\/wp-content\\\/uploads\\\/2025\\\/07\\\/plastic-pall-ring-.jpg\",\"width\":720,\"height\":720,\"caption\":\"plastic-pall-ring-\"},{\"@type\":\"BreadcrumbList\",\"@id\":\"https:\\\/\\\/cpxzx.com\\\/product\\\/plastic-pall-ring\\\/#breadcrumb\",\"itemListElement\":[{\"@type\":\"ListItem\",\"position\":1,\"name\":\"Home\",\"item\":\"https:\\\/\\\/cpxzx.com\\\/\"},{\"@type\":\"ListItem\",\"position\":2,\"name\":\"Random Packing\",\"item\":\"https:\\\/\\\/cpxzx.com\\\/pcategory\\\/random-packing\\\/\"},{\"@type\":\"ListItem\",\"position\":3,\"name\":\"Plastic Random Packing\",\"item\":\"https:\\\/\\\/cpxzx.com\\\/pcategory\\\/random-packing\\\/plastic-random-packing\\\/\"},{\"@type\":\"ListItem\",\"position\":4,\"name\":\"Plastic Pall Ring Packings ( ptfe,pvc,pvdf, polypropylene\uff09\"}]},{\"@type\":\"WebSite\",\"@id\":\"https:\\\/\\\/cpxzx.com\\\/#website\",\"url\":\"https:\\\/\\\/cpxzx.com\\\/\",\"name\":\"Cooling Tower Fill, China PVC Fills Manufacturer\",\"description\":\"\",\"publisher\":{\"@id\":\"https:\\\/\\\/cpxzx.com\\\/#organization\"},\"potentialAction\":[{\"@type\":\"SearchAction\",\"target\":{\"@type\":\"EntryPoint\",\"urlTemplate\":\"https:\\\/\\\/cpxzx.com\\\/?s={search_term_string}\"},\"query-input\":{\"@type\":\"PropertyValueSpecification\",\"valueRequired\":true,\"valueName\":\"search_term_string\"}}],\"inLanguage\":\"fr-FR\"},{\"@type\":\"Organization\",\"@id\":\"https:\\\/\\\/cpxzx.com\\\/#organization\",\"name\":\"Cooling Tower Fill, China PVC Fills Manufacturer\",\"url\":\"https:\\\/\\\/cpxzx.com\\\/\",\"logo\":{\"@type\":\"ImageObject\",\"inLanguage\":\"fr-FR\",\"@id\":\"https:\\\/\\\/cpxzx.com\\\/#\\\/schema\\\/logo\\\/image\\\/\",\"url\":\"https:\\\/\\\/cpxzx.com\\\/wp-content\\\/uploads\\\/2025\\\/07\\\/1751628807-logo.png\",\"contentUrl\":\"https:\\\/\\\/cpxzx.com\\\/wp-content\\\/uploads\\\/2025\\\/07\\\/1751628807-logo.png\",\"width\":383,\"height\":87,\"caption\":\"Cooling Tower Fill, China PVC Fills Manufacturer\"},\"image\":{\"@id\":\"https:\\\/\\\/cpxzx.com\\\/#\\\/schema\\\/logo\\\/image\\\/\"}}]}<\/script>\n<!-- \/ Yoast SEO plugin. -->","yoast_head_json":{"title":"Garnitures annulaires en plastique Pall ( ptfe, pvc, pvdf, polypropyl\u00e8ne\uff09)","robots":{"index":"index","follow":"follow","max-snippet":"max-snippet:-1","max-image-preview":"max-image-preview:large","max-video-preview":"max-video-preview:-1"},"canonical":"https:\/\/cpxzx.com\/fr\/produit\/anneau-en-plastique\/","og_locale":"fr_FR","og_type":"article","og_title":"Plastic Pall ring packings ( ptfe,pvc,pvdf, polypropylene\uff09","og_description":"plastic pall ring packings ( ptfe,pvc,pvdf, polypropylene\uff09is a highly efficient form of random packing used in mass transfer applications. Compared to traditional Raschig Rings, the plastic pall ring features a unique design with rectangular openings and inward-facing blades. These structural improvements increase the internal surface area, enhance gas-liquid agitation, and improve the efficiency of gas-liquid...","og_url":"https:\/\/cpxzx.com\/fr\/produit\/anneau-en-plastique\/","og_site_name":"Cooling Tower Fill, China PVC Fills Manufacturer","article_modified_time":"2025-07-13T08:11:10+00:00","og_image":[{"width":720,"height":720,"url":"https:\/\/cpxzx.com\/wp-content\/uploads\/2025\/07\/plastic-pall-ring-.jpg","type":"image\/jpeg"}],"twitter_card":"summary_large_image","twitter_misc":{"Dur\u00e9e de lecture estim\u00e9e":"4 minutes"},"schema":{"@context":"https:\/\/schema.org","@graph":[{"@type":"WebPage","@id":"https:\/\/cpxzx.com\/product\/plastic-pall-ring\/","url":"https:\/\/cpxzx.com\/product\/plastic-pall-ring\/","name":"Garnitures annulaires en plastique Pall ( ptfe, pvc, pvdf, polypropyl\u00e8ne\uff09)","isPartOf":{"@id":"https:\/\/cpxzx.com\/#website"},"primaryImageOfPage":{"@id":"https:\/\/cpxzx.com\/product\/plastic-pall-ring\/#primaryimage"},"image":{"@id":"https:\/\/cpxzx.com\/product\/plastic-pall-ring\/#primaryimage"},"thumbnailUrl":"https:\/\/cpxzx.com\/wp-content\/uploads\/2025\/07\/plastic-pall-ring-.jpg","datePublished":"2025-07-08T10:14:56+00:00","dateModified":"2025-07-13T08:11:10+00:00","breadcrumb":{"@id":"https:\/\/cpxzx.com\/product\/plastic-pall-ring\/#breadcrumb"},"inLanguage":"fr-FR","potentialAction":[{"@type":"ReadAction","target":["https:\/\/cpxzx.com\/product\/plastic-pall-ring\/"]}]},{"@type":"ImageObject","inLanguage":"fr-FR","@id":"https:\/\/cpxzx.com\/product\/plastic-pall-ring\/#primaryimage","url":"https:\/\/cpxzx.com\/wp-content\/uploads\/2025\/07\/plastic-pall-ring-.jpg","contentUrl":"https:\/\/cpxzx.com\/wp-content\/uploads\/2025\/07\/plastic-pall-ring-.jpg","width":720,"height":720,"caption":"plastic-pall-ring-"},{"@type":"BreadcrumbList","@id":"https:\/\/cpxzx.com\/product\/plastic-pall-ring\/#breadcrumb","itemListElement":[{"@type":"ListItem","position":1,"name":"Home","item":"https:\/\/cpxzx.com\/"},{"@type":"ListItem","position":2,"name":"Random Packing","item":"https:\/\/cpxzx.com\/pcategory\/random-packing\/"},{"@type":"ListItem","position":3,"name":"Plastic Random Packing","item":"https:\/\/cpxzx.com\/pcategory\/random-packing\/plastic-random-packing\/"},{"@type":"ListItem","position":4,"name":"Plastic Pall Ring Packings ( ptfe,pvc,pvdf, polypropylene\uff09"}]},{"@type":"WebSite","@id":"https:\/\/cpxzx.com\/#website","url":"https:\/\/cpxzx.com\/","name":"Remplissage de tour de refroidissement, fabricant chinois de remplissages en PVC","description":"","publisher":{"@id":"https:\/\/cpxzx.com\/#organization"},"potentialAction":[{"@type":"SearchAction","target":{"@type":"EntryPoint","urlTemplate":"https:\/\/cpxzx.com\/?s={search_term_string}"},"query-input":{"@type":"PropertyValueSpecification","valueRequired":true,"valueName":"search_term_string"}}],"inLanguage":"fr-FR"},{"@type":"Organization","@id":"https:\/\/cpxzx.com\/#organization","name":"Remplissage de tour de refroidissement, fabricant chinois de remplissages en PVC","url":"https:\/\/cpxzx.com\/","logo":{"@type":"ImageObject","inLanguage":"fr-FR","@id":"https:\/\/cpxzx.com\/#\/schema\/logo\/image\/","url":"https:\/\/cpxzx.com\/wp-content\/uploads\/2025\/07\/1751628807-logo.png","contentUrl":"https:\/\/cpxzx.com\/wp-content\/uploads\/2025\/07\/1751628807-logo.png","width":383,"height":87,"caption":"Cooling Tower Fill, China PVC Fills Manufacturer"},"image":{"@id":"https:\/\/cpxzx.com\/#\/schema\/logo\/image\/"}}]}},"taxonomy_info":{"pcategory":[{"value":22,"label":"Random Packing"},{"value":25,"label":"Plastic Random Packing"}]},"featured_image_src_large":["https:\/\/cpxzx.com\/wp-content\/uploads\/2025\/07\/plastic-pall-ring-.jpg",720,720,false],"author_info":[],"comment_info":"","_links":{"self":[{"href":"https:\/\/cpxzx.com\/fr\/wp-json\/wp\/v2\/product\/2150","targetHints":{"allow":["GET"]}}],"collection":[{"href":"https:\/\/cpxzx.com\/fr\/wp-json\/wp\/v2\/product"}],"about":[{"href":"https:\/\/cpxzx.com\/fr\/wp-json\/wp\/v2\/types\/product"}],"wp:featuredmedia":[{"embeddable":true,"href":"https:\/\/cpxzx.com\/fr\/wp-json\/wp\/v2\/media\/2408"}],"wp:attachment":[{"href":"https:\/\/cpxzx.com\/fr\/wp-json\/wp\/v2\/media?parent=2150"}],"wp:term":[{"taxonomy":"pcategory","embeddable":true,"href":"https:\/\/cpxzx.com\/fr\/wp-json\/wp\/v2\/pcategory?post=2150"},{"taxonomy":"ptag","embeddable":true,"href":"https:\/\/cpxzx.com\/fr\/wp-json\/wp\/v2\/ptag?post=2150"}],"curies":[{"name":"wp","href":"https:\/\/api.w.org\/{rel}","templated":true}]}}