{"id":3155,"date":"2025-10-24T04:07:53","date_gmt":"2025-10-24T04:07:53","guid":{"rendered":"https:\/\/cpxzx.com\/?post_type=product&#038;p=3155"},"modified":"2025-10-24T04:07:53","modified_gmt":"2025-10-24T04:07:53","slug":"sedimentador-tubular","status":"publish","type":"product","link":"https:\/\/cpxzx.com\/es\/producto\/sedimentador-tubular\/","title":{"rendered":"Sedimentador tubular - Clarificador de lamelas para un tratamiento eficaz del agua"},"content":{"rendered":"<p>A <strong>Colocador de tubos<\/strong> es un dispositivo de tratamiento de aguas muy eficaz que se utiliza para mejorar el proceso de sedimentaci\u00f3n en los clarificadores. Cuenta con un conjunto de placas laminares inclinadas dispuestas en una estructura tubular vertical, lo que favorece la sedimentaci\u00f3n de part\u00edculas de forma m\u00e1s eficaz en comparaci\u00f3n con los clarificadores convencionales. Este sistema se utiliza ampliamente en plantas de tratamiento de aguas tanto municipales como industriales, mejorando significativamente la calidad del agua tratada.<\/p>\n<p><strong>Caracter\u00edstica:<\/strong><br \/>\n&#8211; <strong>Dise\u00f1o del clarificador de lamelas:<\/strong> Los decantadores tubulares est\u00e1n compuestos por una serie de placas laminares inclinadas que maximizan la superficie de sedimentaci\u00f3n de las part\u00edculas.<br \/>\n&#8211; <strong>Compacto y eficiente en el espacio:<\/strong> La estructura de tubo vertical minimiza el espacio ocupado, por lo que es ideal para zonas con espacio limitado.<br \/>\n&#8211; <strong>Mejora de la eficacia de la sedimentaci\u00f3n:<\/strong> El dise\u00f1o garantiza velocidades de sedimentaci\u00f3n m\u00e1s r\u00e1pidas al reducir las turbulencias y aumentar la superficie de sedimentaci\u00f3n.<br \/>\n&#8211; <strong>Materiales resistentes a la corrosi\u00f3n:<\/strong> Suelen fabricarse con PVC, PP o HDPE de alta calidad, lo que garantiza su durabilidad en entornos dif\u00edciles.<br \/>\n&#8211; <strong>Estructura modular:<\/strong> F\u00e1cil de instalar y ampliar seg\u00fan las necesidades de tratamiento del agua.<\/p>\n<p><strong>Especificaci\u00f3n:<\/strong><br \/>\n&#8211; <strong>Material:<\/strong> PVC, PP, HDPE<br \/>\n&#8211; <strong>\u00c1ngulo de inclinaci\u00f3n de la placa:<\/strong> 60\u00b0 - 80\u00b0<br \/>\n&#8211; <strong>Ancho de la placa:<\/strong> De 100 mm a 400 mm (personalizable)<br \/>\n&#8211; <strong>Longitud de la placa:<\/strong> Var\u00eda de 1000 mm a 3000 mm (personalizable)<br \/>\n&#8211; <strong>Capacidad de sedimentaci\u00f3n:<\/strong> Puede manejar caudales desde 100 m\u00b3\/h hasta varios miles de m\u00b3\/h, dependiendo del dise\u00f1o.<br \/>\n&#8211; <strong>Resistencia a la temperatura:<\/strong> Hasta 60\u00b0C para PVC, superior para material HDPE.<br \/>\n&#8211; <strong>Eficiencia:<\/strong> Hasta 90% de mejora en la eficiencia de sedimentaci\u00f3n en comparaci\u00f3n con los clarificadores tradicionales.<\/p>\n<p><strong>Ventaja:<\/strong><br \/>\n&#8211; <strong>Alta eficacia de sedimentaci\u00f3n:<\/strong> El dise\u00f1o del decantador lamelar permite mejorar la sedimentaci\u00f3n de part\u00edculas en un espacio compacto, proporcionando una velocidad de sedimentaci\u00f3n mucho mayor que la de los decantadores convencionales.<br \/>\n&#8211; <strong>Ahorro de espacio:<\/strong> Gracias a su estructura tubular vertical, los decantadores tubulares ocupan menos espacio que los tanques de decantaci\u00f3n tradicionales, lo que los hace ideales para instalaciones en zonas limitadas.<br \/>\n&#8211; <strong>Rentable:<\/strong> Menores costes de mantenimiento y funcionamiento gracias al uso de materiales duraderos y resistentes a la corrosi\u00f3n.<br \/>\n&#8211; <strong>Escalable:<\/strong> Las unidades modulares pueden combinarse para satisfacer la capacidad de caudal necesaria, lo que hace que el sistema sea muy flexible.<br \/>\n&#8211; <strong>F\u00e1cil instalaci\u00f3n:<\/strong> Los m\u00f3dulos prefabricados son f\u00e1ciles de instalar, lo que reduce el tiempo y los costes de mano de obra durante el proceso de instalaci\u00f3n.<\/p>\n<p><strong>Aplicaci\u00f3n:<\/strong><br \/>\nLos decantadores tubulares se utilizan en una gran variedad de aplicaciones de tratamiento de aguas, entre las que se incluyen:<br \/>\n&#8211; <strong>Tratamiento de aguas residuales municipales:<\/strong> Mejora la eliminaci\u00f3n de s\u00f3lidos en suspensi\u00f3n de las aguas residuales.<br \/>\n&#8211; <strong>Tratamiento de aguas residuales industriales:<\/strong> Eficaz en industrias como f\u00e1bricas de papel, procesamiento de alimentos y plantas qu\u00edmicas.<br \/>\n&#8211; <strong>Tratamiento del agua potable:<\/strong> Mejora la claridad del agua potable al eliminar eficazmente las part\u00edculas.<br \/>\n&#8211; <strong>Miner\u00eda y tratamiento de minerales:<\/strong> Se utiliza para clarificar el agua de proceso mediante la eliminaci\u00f3n de s\u00f3lidos finos y part\u00edculas en suspensi\u00f3n.<br \/>\n&#8211; <strong>Acuicultura:<\/strong> Garantiza la calidad del agua mediante la eliminaci\u00f3n de s\u00f3lidos en piscifactor\u00edas e instalaciones acu\u00edcolas.<\/p>\n<p><strong>Paquete:<\/strong><br \/>\n&#8211; <strong>Embalaje est\u00e1ndar:<\/strong> Los m\u00f3dulos de sedimentaci\u00f3n tubular est\u00e1n prefabricados y embalados de forma compacta y segura para garantizar un transporte seguro.<br \/>\n&#8211; <strong>Personalizaci\u00f3n:<\/strong> Las unidades se pueden embalar a medida en funci\u00f3n de los requisitos de tama\u00f1o y dise\u00f1o.<br \/>\n&#8211; <strong>Env\u00edo:<\/strong> Las unidades se env\u00edan a todo el mundo mediante servicios de transporte fiables. El plazo de entrega depende de la ubicaci\u00f3n y del volumen del pedido.<\/p>","protected":false},"excerpt":{"rendered":"<p>El sedimentador tubular es un sistema de tratamiento de aguas compacto y muy eficaz dise\u00f1ado para mejorar los procesos de sedimentaci\u00f3n. Consiste en una serie de placas laminares inclinadas que aumentan la superficie de sedimentaci\u00f3n al tiempo que reducen el espacio necesario para su instalaci\u00f3n. Ideal para aplicaciones como el tratamiento de aguas municipales e industriales, el decantador tubular aumenta significativamente la eliminaci\u00f3n de part\u00edculas, mejora la calidad del agua y optimiza el uso del espacio. Est\u00e1 fabricado con materiales duraderos y resistentes a la corrosi\u00f3n, como PVC y HDPE, que garantizan un rendimiento duradero en diversos entornos de tratamiento de aguas.<\/p>","protected":false},"featured_media":3156,"parent":0,"template":"","meta":{"_acf_changed":false,"_kad_blocks_custom_css":"","_kad_blocks_head_custom_js":"","_kad_blocks_body_custom_js":"","_kad_blocks_footer_custom_js":"","_kadence_starter_templates_imported_post":false,"_kad_post_transparent":"default","_kad_post_title":"","_kad_post_layout":"default","_kad_post_sidebar_id":"","_kad_post_content_style":"default","_kad_post_vertical_padding":"default","_kad_post_feature":"","_kad_post_feature_position":"","_kad_post_header":false,"_kad_post_footer":false},"pcategory":[17],"ptag":[],"class_list":["post-3155","product","type-product","status-publish","has-post-thumbnail","hentry","pcategory-tube-settler"],"acf":[],"yoast_head":"<!-- This site is optimized with the Yoast SEO plugin v27.4 - https:\/\/yoast.com\/product\/yoast-seo-wordpress\/ -->\n<title>Tube Settler<\/title>\n<meta name=\"robots\" content=\"index, follow, max-snippet:-1, max-image-preview:large, max-video-preview:-1\" \/>\n<link rel=\"canonical\" href=\"https:\/\/cpxzx.com\/es\/producto\/sedimentador-tubular\/\" \/>\n<meta property=\"og:locale\" content=\"es_ES\" \/>\n<meta property=\"og:type\" content=\"article\" \/>\n<meta property=\"og:title\" content=\"Tube Settler\" \/>\n<meta property=\"og:description\" content=\"The Tube Settler is a compact and highly efficient water treatment system designed to improve sedimentation processes. It consists of a series of inclined lamella plates, which increase the settling surface area while reducing the space required for installation. Ideal for applications such as municipal and industrial water treatment, the Tube Settler significantly enhances particle removal, improves water quality, and optimizes space usage. It is made from durable, corrosion-resistant materials like PVC and HDPE, ensuring long-lasting performance in various water treatment environments.\" \/>\n<meta property=\"og:url\" content=\"https:\/\/cpxzx.com\/es\/producto\/sedimentador-tubular\/\" \/>\n<meta property=\"og:site_name\" content=\"Cooling Tower Fill, China PVC Fills Manufacturer\" \/>\n<meta property=\"og:image\" content=\"https:\/\/cpxzx.com\/wp-content\/uploads\/2025\/10\/tube-settler-pp.jpg\" \/>\n\t<meta property=\"og:image:width\" content=\"550\" \/>\n\t<meta property=\"og:image:height\" content=\"550\" \/>\n\t<meta property=\"og:image:type\" content=\"image\/jpeg\" \/>\n<meta name=\"twitter:card\" content=\"summary_large_image\" \/>\n<meta name=\"twitter:label1\" content=\"Tiempo de lectura\" \/>\n\t<meta name=\"twitter:data1\" content=\"3 minutos\" \/>\n<script type=\"application\/ld+json\" class=\"yoast-schema-graph\">{\"@context\":\"https:\\\/\\\/schema.org\",\"@graph\":[{\"@type\":\"WebPage\",\"@id\":\"https:\\\/\\\/cpxzx.com\\\/product\\\/tube-settler\\\/\",\"url\":\"https:\\\/\\\/cpxzx.com\\\/product\\\/tube-settler\\\/\",\"name\":\"Tube Settler\",\"isPartOf\":{\"@id\":\"https:\\\/\\\/cpxzx.com\\\/#website\"},\"primaryImageOfPage\":{\"@id\":\"https:\\\/\\\/cpxzx.com\\\/product\\\/tube-settler\\\/#primaryimage\"},\"image\":{\"@id\":\"https:\\\/\\\/cpxzx.com\\\/product\\\/tube-settler\\\/#primaryimage\"},\"thumbnailUrl\":\"https:\\\/\\\/cpxzx.com\\\/wp-content\\\/uploads\\\/2025\\\/10\\\/tube-settler-pp.jpg\",\"datePublished\":\"2025-10-24T04:07:53+00:00\",\"breadcrumb\":{\"@id\":\"https:\\\/\\\/cpxzx.com\\\/product\\\/tube-settler\\\/#breadcrumb\"},\"inLanguage\":\"es\",\"potentialAction\":[{\"@type\":\"ReadAction\",\"target\":[\"https:\\\/\\\/cpxzx.com\\\/product\\\/tube-settler\\\/\"]}]},{\"@type\":\"ImageObject\",\"inLanguage\":\"es\",\"@id\":\"https:\\\/\\\/cpxzx.com\\\/product\\\/tube-settler\\\/#primaryimage\",\"url\":\"https:\\\/\\\/cpxzx.com\\\/wp-content\\\/uploads\\\/2025\\\/10\\\/tube-settler-pp.jpg\",\"contentUrl\":\"https:\\\/\\\/cpxzx.com\\\/wp-content\\\/uploads\\\/2025\\\/10\\\/tube-settler-pp.jpg\",\"width\":550,\"height\":550,\"caption\":\"tube settler\"},{\"@type\":\"BreadcrumbList\",\"@id\":\"https:\\\/\\\/cpxzx.com\\\/product\\\/tube-settler\\\/#breadcrumb\",\"itemListElement\":[{\"@type\":\"ListItem\",\"position\":1,\"name\":\"Home\",\"item\":\"https:\\\/\\\/cpxzx.com\\\/\"},{\"@type\":\"ListItem\",\"position\":2,\"name\":\"Tube Settler\",\"item\":\"https:\\\/\\\/cpxzx.com\\\/pcategory\\\/tube-settler\\\/\"},{\"@type\":\"ListItem\",\"position\":3,\"name\":\"Tube Settler &#8211; Lamella Clarifier for Efficient Water Treatment\"}]},{\"@type\":\"WebSite\",\"@id\":\"https:\\\/\\\/cpxzx.com\\\/#website\",\"url\":\"https:\\\/\\\/cpxzx.com\\\/\",\"name\":\"Cooling Tower Fill, China PVC Fills Manufacturer\",\"description\":\"\",\"publisher\":{\"@id\":\"https:\\\/\\\/cpxzx.com\\\/#organization\"},\"potentialAction\":[{\"@type\":\"SearchAction\",\"target\":{\"@type\":\"EntryPoint\",\"urlTemplate\":\"https:\\\/\\\/cpxzx.com\\\/?s={search_term_string}\"},\"query-input\":{\"@type\":\"PropertyValueSpecification\",\"valueRequired\":true,\"valueName\":\"search_term_string\"}}],\"inLanguage\":\"es\"},{\"@type\":\"Organization\",\"@id\":\"https:\\\/\\\/cpxzx.com\\\/#organization\",\"name\":\"Cooling Tower Fill, China PVC Fills Manufacturer\",\"url\":\"https:\\\/\\\/cpxzx.com\\\/\",\"logo\":{\"@type\":\"ImageObject\",\"inLanguage\":\"es\",\"@id\":\"https:\\\/\\\/cpxzx.com\\\/#\\\/schema\\\/logo\\\/image\\\/\",\"url\":\"https:\\\/\\\/cpxzx.com\\\/wp-content\\\/uploads\\\/2025\\\/07\\\/1751628807-logo.png\",\"contentUrl\":\"https:\\\/\\\/cpxzx.com\\\/wp-content\\\/uploads\\\/2025\\\/07\\\/1751628807-logo.png\",\"width\":383,\"height\":87,\"caption\":\"Cooling Tower Fill, China PVC Fills Manufacturer\"},\"image\":{\"@id\":\"https:\\\/\\\/cpxzx.com\\\/#\\\/schema\\\/logo\\\/image\\\/\"}}]}<\/script>\n<!-- \/ Yoast SEO plugin. -->","yoast_head_json":{"title":"Colocador de tubos","robots":{"index":"index","follow":"follow","max-snippet":"max-snippet:-1","max-image-preview":"max-image-preview:large","max-video-preview":"max-video-preview:-1"},"canonical":"https:\/\/cpxzx.com\/es\/producto\/sedimentador-tubular\/","og_locale":"es_ES","og_type":"article","og_title":"Tube Settler","og_description":"The Tube Settler is a compact and highly efficient water treatment system designed to improve sedimentation processes. It consists of a series of inclined lamella plates, which increase the settling surface area while reducing the space required for installation. Ideal for applications such as municipal and industrial water treatment, the Tube Settler significantly enhances particle removal, improves water quality, and optimizes space usage. It is made from durable, corrosion-resistant materials like PVC and HDPE, ensuring long-lasting performance in various water treatment environments.","og_url":"https:\/\/cpxzx.com\/es\/producto\/sedimentador-tubular\/","og_site_name":"Cooling Tower Fill, China PVC Fills Manufacturer","og_image":[{"width":550,"height":550,"url":"https:\/\/cpxzx.com\/wp-content\/uploads\/2025\/10\/tube-settler-pp.jpg","type":"image\/jpeg"}],"twitter_card":"summary_large_image","twitter_misc":{"Tiempo de lectura":"3 minutos"},"schema":{"@context":"https:\/\/schema.org","@graph":[{"@type":"WebPage","@id":"https:\/\/cpxzx.com\/product\/tube-settler\/","url":"https:\/\/cpxzx.com\/product\/tube-settler\/","name":"Colocador de tubos","isPartOf":{"@id":"https:\/\/cpxzx.com\/#website"},"primaryImageOfPage":{"@id":"https:\/\/cpxzx.com\/product\/tube-settler\/#primaryimage"},"image":{"@id":"https:\/\/cpxzx.com\/product\/tube-settler\/#primaryimage"},"thumbnailUrl":"https:\/\/cpxzx.com\/wp-content\/uploads\/2025\/10\/tube-settler-pp.jpg","datePublished":"2025-10-24T04:07:53+00:00","breadcrumb":{"@id":"https:\/\/cpxzx.com\/product\/tube-settler\/#breadcrumb"},"inLanguage":"es","potentialAction":[{"@type":"ReadAction","target":["https:\/\/cpxzx.com\/product\/tube-settler\/"]}]},{"@type":"ImageObject","inLanguage":"es","@id":"https:\/\/cpxzx.com\/product\/tube-settler\/#primaryimage","url":"https:\/\/cpxzx.com\/wp-content\/uploads\/2025\/10\/tube-settler-pp.jpg","contentUrl":"https:\/\/cpxzx.com\/wp-content\/uploads\/2025\/10\/tube-settler-pp.jpg","width":550,"height":550,"caption":"tube settler"},{"@type":"BreadcrumbList","@id":"https:\/\/cpxzx.com\/product\/tube-settler\/#breadcrumb","itemListElement":[{"@type":"ListItem","position":1,"name":"Home","item":"https:\/\/cpxzx.com\/"},{"@type":"ListItem","position":2,"name":"Tube Settler","item":"https:\/\/cpxzx.com\/pcategory\/tube-settler\/"},{"@type":"ListItem","position":3,"name":"Tube Settler &#8211; Lamella Clarifier for Efficient Water Treatment"}]},{"@type":"WebSite","@id":"https:\/\/cpxzx.com\/#website","url":"https:\/\/cpxzx.com\/","name":"Relleno de torre de refrigeraci\u00f3n, Fabricante de rellenos de PVC en China","description":"","publisher":{"@id":"https:\/\/cpxzx.com\/#organization"},"potentialAction":[{"@type":"SearchAction","target":{"@type":"EntryPoint","urlTemplate":"https:\/\/cpxzx.com\/?s={search_term_string}"},"query-input":{"@type":"PropertyValueSpecification","valueRequired":true,"valueName":"search_term_string"}}],"inLanguage":"es"},{"@type":"Organization","@id":"https:\/\/cpxzx.com\/#organization","name":"Relleno de torre de refrigeraci\u00f3n, Fabricante de rellenos de PVC en China","url":"https:\/\/cpxzx.com\/","logo":{"@type":"ImageObject","inLanguage":"es","@id":"https:\/\/cpxzx.com\/#\/schema\/logo\/image\/","url":"https:\/\/cpxzx.com\/wp-content\/uploads\/2025\/07\/1751628807-logo.png","contentUrl":"https:\/\/cpxzx.com\/wp-content\/uploads\/2025\/07\/1751628807-logo.png","width":383,"height":87,"caption":"Cooling Tower Fill, China PVC Fills Manufacturer"},"image":{"@id":"https:\/\/cpxzx.com\/#\/schema\/logo\/image\/"}}]}},"taxonomy_info":{"pcategory":[{"value":17,"label":"Tube Settler"}]},"featured_image_src_large":["https:\/\/cpxzx.com\/wp-content\/uploads\/2025\/10\/tube-settler-pp.jpg",550,550,false],"author_info":[],"comment_info":"","_links":{"self":[{"href":"https:\/\/cpxzx.com\/es\/wp-json\/wp\/v2\/product\/3155","targetHints":{"allow":["GET"]}}],"collection":[{"href":"https:\/\/cpxzx.com\/es\/wp-json\/wp\/v2\/product"}],"about":[{"href":"https:\/\/cpxzx.com\/es\/wp-json\/wp\/v2\/types\/product"}],"wp:featuredmedia":[{"embeddable":true,"href":"https:\/\/cpxzx.com\/es\/wp-json\/wp\/v2\/media\/3156"}],"wp:attachment":[{"href":"https:\/\/cpxzx.com\/es\/wp-json\/wp\/v2\/media?parent=3155"}],"wp:term":[{"taxonomy":"pcategory","embeddable":true,"href":"https:\/\/cpxzx.com\/es\/wp-json\/wp\/v2\/pcategory?post=3155"},{"taxonomy":"ptag","embeddable":true,"href":"https:\/\/cpxzx.com\/es\/wp-json\/wp\/v2\/ptag?post=3155"}],"curies":[{"name":"wp","href":"https:\/\/api.w.org\/{rel}","templated":true}]}}