{"id":3144,"date":"2025-10-11T07:27:15","date_gmt":"2025-10-11T07:27:15","guid":{"rendered":"https:\/\/cpxzx.com\/?post_type=product&#038;p=3144"},"modified":"2025-10-11T07:27:15","modified_gmt":"2025-10-11T07:27:15","slug":"envases-de-estructura-metalica","status":"publish","type":"product","link":"https:\/\/cpxzx.com\/es\/producto\/envases-de-estructura-metalica\/","title":{"rendered":"envases de estructura met\u00e1lica"},"content":{"rendered":"<p><strong>Embalaje con estructura met\u00e1lica<\/strong> es un tipo de <strong>empaquetadura de columna de acero inoxidable<\/strong> de finas l\u00e1minas met\u00e1licas onduladas o de malla met\u00e1lica de acero inoxidable. Cada capa est\u00e1 ondulada y apilada en orientaciones alternas, formando una estructura de panal abierta que mejora el contacto vapor-l\u00edquido. Este dise\u00f1o permite una distribuci\u00f3n uniforme del gas y el l\u00edquido, una baja ca\u00edda de presi\u00f3n y un excelente rendimiento en la transferencia de masa.<\/p>\n<p>En <strong>embalaje estructurado de malla<\/strong> se fabrica punzonando y estirando chapas de acero inoxidable para formar l\u00e1minas de malla con forma de diamante, que luego se ondulan y ensamblan en capas estructuradas. Combina las ventajas de la empaquetadura de malla met\u00e1lica y de la empaquetadura corrugada de chapa met\u00e1lica, ofreciendo una alta eficacia y un rendimiento rentable. La estructura de malla en forma de diamante est\u00e1 cubierta por una pel\u00edcula de l\u00edquido, y la superficie irregular favorece la turbulencia y la mezcla, aumentando la tasa de renovaci\u00f3n de la pel\u00edcula de l\u00edquido.<\/p>\n<p><strong>Embalaje met\u00e1lico ondulado<\/strong> presenta un dise\u00f1o de superficie acanalada y perforada que mejora la humectabilidad y la distribuci\u00f3n del l\u00edquido, proporcionando una mayor eficacia de separaci\u00f3n y resistencia al ensuciamiento. Se utiliza ampliamente en las industrias qu\u00edmica, petroqu\u00edmica, de fertilizantes y de procesamiento de gas, donde se requiere una separaci\u00f3n de alto rendimiento.<\/p>\n<h2>Caracter\u00edstica<\/h2>\n<ul>\n<li>Su elevada superficie garantiza un contacto eficaz entre el gas y el l\u00edquido.<\/li>\n<li>Baja ca\u00edda de presi\u00f3n, ideal para operaciones de vac\u00edo y baja presi\u00f3n.<\/li>\n<li>Excelente humectabilidad y uniformidad de distribuci\u00f3n del l\u00edquido.<\/li>\n<li>Alta resistencia mec\u00e1nica y a la corrosi\u00f3n.<\/li>\n<li>Disponible en varias configuraciones: 100Y, 125Y, 160Y, 250Y, 350Y, 450Y, etc.<\/li>\n<li>Fabricadas en acero inoxidable 304, 304L, 316, 316L, acero al carbono o aleaci\u00f3n de aluminio.<\/li>\n<\/ul>\n<h2>Especificaci\u00f3n<\/h2>\n<p><strong>Material:<\/strong> Acero al carbono, acero inoxidable 304, 304L, 410, 316, 316L o aleaci\u00f3n de aluminio.<\/p>\n<table border=\"1\" cellspacing=\"0\" cellpadding=\"6\">\n<tbody>\n<tr>\n<th>Modelo<\/th>\n<th>Volumen vac\u00edo (%)<\/th>\n<th>Espesor de la pieza (mm)<\/th>\n<th>Densidad aparente (kg\/m\u00b3)<\/th>\n<th>Altura ondulada (mm)<\/th>\n<th>Distancia ondulada (mm)<\/th>\n<th>\u00c1ngulo del engranaje (\u00b0)<\/th>\n<th>Factor F (\u03c6)<\/th>\n<th>HETP te\u00f3rico (pieza\/m)<\/th>\n<\/tr>\n<tr>\n<td>450Y<\/td>\n<td>76<\/td>\n<td>1 \u00b10.2<\/td>\n<td>600<\/td>\n<td>6<\/td>\n<td>11<\/td>\n<td>80<\/td>\n<td>1.5-2<\/td>\n<td>4-5<\/td>\n<\/tr>\n<tr>\n<td>350Y<\/td>\n<td>80<\/td>\n<td>1.2 \u00b10.2<\/td>\n<td>580<\/td>\n<td>9<\/td>\n<td>15<\/td>\n<td>80<\/td>\n<td>2<\/td>\n<td>3.5-4<\/td>\n<\/tr>\n<tr>\n<td>250Y<\/td>\n<td>82<\/td>\n<td>1.4 \u00b10.2<\/td>\n<td>530<\/td>\n<td>13<\/td>\n<td>22<\/td>\n<td>80<\/td>\n<td>2.5<\/td>\n<td>2-3<\/td>\n<\/tr>\n<tr>\n<td>160Y<\/td>\n<td>84<\/td>\n<td>2.2 \u00b10.2<\/td>\n<td>500<\/td>\n<td>17<\/td>\n<td>32<\/td>\n<td>80<\/td>\n<td>2.8<\/td>\n<td>1.5-2<\/td>\n<\/tr>\n<tr>\n<td>125Y<\/td>\n<td>85<\/td>\n<td>2.5 \u00b10.5<\/td>\n<td>480<\/td>\n<td>23<\/td>\n<td>42<\/td>\n<td>80<\/td>\n<td>3<\/td>\n<td>1-1.5<\/td>\n<\/tr>\n<tr>\n<td>100Y<\/td>\n<td>87.5<\/td>\n<td>2.5 \u00b10.5<\/td>\n<td>460<\/td>\n<td>30<\/td>\n<td>50<\/td>\n<td>80<\/td>\n<td>3.5<\/td>\n<td>1<\/td>\n<\/tr>\n<\/tbody>\n<\/table>\n<h2>Ventaja<\/h2>\n<ul>\n<li><strong>Gran capacidad:<\/strong> Los nuevos dise\u00f1os de torre pueden reducir el di\u00e1metro de la columna, mientras que las torres existentes pueden aumentar significativamente su capacidad.<\/li>\n<li><strong>Alta eficacia de separaci\u00f3n:<\/strong> Una mayor superficie espec\u00edfica garantiza una transferencia de masa m\u00e1s eficaz en comparaci\u00f3n con el empaquetamiento aleatorio.<\/li>\n<li><strong>Baja ca\u00edda de presi\u00f3n:<\/strong> Reduce el consumo de energ\u00eda y mejora la eficacia general del proceso.<\/li>\n<li><strong>Gran flexibilidad:<\/strong> Adecuado para todos los di\u00e1metros de torre; efectos de escalado m\u00ednimos.<\/li>\n<li><strong>Resistencia a la corrosi\u00f3n:<\/strong> Excelente resistencia a la corrosi\u00f3n por \u00e1cidos, \u00e1lcalis, H\u2082S, \u00e1cido naft\u00e9nico y cloruros.<\/li>\n<li>Baja retenci\u00f3n de l\u00edquidos y r\u00e1pida respuesta a los cambios de carga.<\/li>\n<li>Duradero y f\u00e1cil de instalar, quitar y limpiar.<\/li>\n<\/ul>\n<h2>Aplicaci\u00f3n<\/h2>\n<p><strong>Embalaje de estructura met\u00e1lica<\/strong> se utiliza ampliamente en diversas operaciones de transferencia de masa, entre ellas:<\/p>\n<ul>\n<li>Columnas de destilaci\u00f3n qu\u00edmica y petroqu\u00edmica<\/li>\n<li>Depuraci\u00f3n de qu\u00edmica fina y recuperaci\u00f3n de disolventes<\/li>\n<li>Procesos de refinado de fertilizantes y petr\u00f3leo<\/li>\n<li>Torres de absorci\u00f3n y desorci\u00f3n de gases<\/li>\n<li>Sistemas de rectificaci\u00f3n atmosf\u00e9rica y de vac\u00edo<\/li>\n<li>Protecci\u00f3n del medio ambiente y unidades de tratamiento de gases de escape<\/li>\n<\/ul>\n<h2>Paquete<\/h2>\n<p>El embalaje se realiza cuidadosamente en cajas de madera o marcos de acero para evitar deformaciones durante el transporte. Cada capa est\u00e1 etiquetada para facilitar la identificaci\u00f3n, el montaje y la instalaci\u00f3n in situ. Se pueden hacer embalajes a medida seg\u00fan los requisitos del cliente.<\/p>","protected":false},"excerpt":{"rendered":"<p>La envoltura met\u00e1lica estructurada es un producto de alto rendimiento. <strong>empaquetadura de columna de acero inoxidable<\/strong> fabricado con chapas met\u00e1licas onduladas o de malla, dise\u00f1ado para ofrecer una eficacia de separaci\u00f3n superior y una baja ca\u00edda de presi\u00f3n. Con su exclusiva estructura de panal y su gran superficie, esta <strong>embalaje estructurado de malla<\/strong> garantiza un excelente contacto vapor-l\u00edquido y una distribuci\u00f3n uniforme del flujo. Fabricadas en acero inoxidable, acero al carbono o aleaci\u00f3n de aluminio, <strong>envases met\u00e1licos de cart\u00f3n ondulado<\/strong> es ideal para procesos de destilaci\u00f3n, absorci\u00f3n y purificaci\u00f3n en las industrias qu\u00edmica, petroqu\u00edmica y del gas.<\/p>","protected":false},"featured_media":3145,"parent":0,"template":"","meta":{"_acf_changed":false,"_kad_blocks_custom_css":"","_kad_blocks_head_custom_js":"","_kad_blocks_body_custom_js":"","_kad_blocks_footer_custom_js":"","_kadence_starter_templates_imported_post":false,"_kad_post_transparent":"default","_kad_post_title":"","_kad_post_layout":"default","_kad_post_sidebar_id":"","_kad_post_content_style":"default","_kad_post_vertical_padding":"default","_kad_post_feature":"","_kad_post_feature_position":"","_kad_post_header":false,"_kad_post_footer":false},"pcategory":[26],"ptag":[],"class_list":["post-3144","product","type-product","status-publish","has-post-thumbnail","hentry","pcategory-structured-packing"],"acf":[],"yoast_head":"<!-- This site is optimized with the Yoast SEO plugin v27.4 - https:\/\/yoast.com\/product\/yoast-seo-wordpress\/ -->\n<title>metal structured packing - Cooling Tower Fill, China PVC Fills Manufacturer<\/title>\n<meta name=\"robots\" content=\"index, follow, max-snippet:-1, max-image-preview:large, max-video-preview:-1\" \/>\n<link rel=\"canonical\" href=\"https:\/\/cpxzx.com\/es\/producto\/envases-de-estructura-metalica\/\" \/>\n<meta property=\"og:locale\" content=\"es_ES\" \/>\n<meta property=\"og:type\" content=\"article\" \/>\n<meta property=\"og:title\" content=\"metal structured packing - Cooling Tower Fill, China PVC Fills Manufacturer\" \/>\n<meta property=\"og:description\" content=\"Metal Structured Packing is a high-performance stainless steel column packing made from corrugated or mesh metal sheets, designed for superior separation efficiency and low pressure drop. With its unique honeycomb structure and large surface area, this mesh structured packing ensures excellent vapor-liquid contact and uniform flow distribution. Manufactured from stainless steel, carbon steel, or aluminum alloy, metal corrugate packing is ideal for distillation, absorption, and purification processes in chemical, petrochemical, and gas industries.\" \/>\n<meta property=\"og:url\" content=\"https:\/\/cpxzx.com\/es\/producto\/envases-de-estructura-metalica\/\" \/>\n<meta property=\"og:site_name\" content=\"Cooling Tower Fill, China PVC Fills Manufacturer\" \/>\n<meta property=\"og:image\" content=\"https:\/\/cpxzx.com\/wp-content\/uploads\/2025\/10\/metal-structured-packing.jpg\" \/>\n\t<meta property=\"og:image:width\" content=\"550\" \/>\n\t<meta property=\"og:image:height\" content=\"550\" \/>\n\t<meta property=\"og:image:type\" content=\"image\/jpeg\" \/>\n<meta name=\"twitter:card\" content=\"summary_large_image\" \/>\n<meta name=\"twitter:label1\" content=\"Tiempo de lectura\" \/>\n\t<meta name=\"twitter:data1\" content=\"3 minutos\" \/>\n<script type=\"application\/ld+json\" class=\"yoast-schema-graph\">{\"@context\":\"https:\\\/\\\/schema.org\",\"@graph\":[{\"@type\":\"WebPage\",\"@id\":\"https:\\\/\\\/cpxzx.com\\\/product\\\/metal-structured-packing\\\/\",\"url\":\"https:\\\/\\\/cpxzx.com\\\/product\\\/metal-structured-packing\\\/\",\"name\":\"metal structured packing - Cooling Tower Fill, China PVC Fills Manufacturer\",\"isPartOf\":{\"@id\":\"https:\\\/\\\/cpxzx.com\\\/#website\"},\"primaryImageOfPage\":{\"@id\":\"https:\\\/\\\/cpxzx.com\\\/product\\\/metal-structured-packing\\\/#primaryimage\"},\"image\":{\"@id\":\"https:\\\/\\\/cpxzx.com\\\/product\\\/metal-structured-packing\\\/#primaryimage\"},\"thumbnailUrl\":\"https:\\\/\\\/cpxzx.com\\\/wp-content\\\/uploads\\\/2025\\\/10\\\/metal-structured-packing.jpg\",\"datePublished\":\"2025-10-11T07:27:15+00:00\",\"breadcrumb\":{\"@id\":\"https:\\\/\\\/cpxzx.com\\\/product\\\/metal-structured-packing\\\/#breadcrumb\"},\"inLanguage\":\"es\",\"potentialAction\":[{\"@type\":\"ReadAction\",\"target\":[\"https:\\\/\\\/cpxzx.com\\\/product\\\/metal-structured-packing\\\/\"]}]},{\"@type\":\"ImageObject\",\"inLanguage\":\"es\",\"@id\":\"https:\\\/\\\/cpxzx.com\\\/product\\\/metal-structured-packing\\\/#primaryimage\",\"url\":\"https:\\\/\\\/cpxzx.com\\\/wp-content\\\/uploads\\\/2025\\\/10\\\/metal-structured-packing.jpg\",\"contentUrl\":\"https:\\\/\\\/cpxzx.com\\\/wp-content\\\/uploads\\\/2025\\\/10\\\/metal-structured-packing.jpg\",\"width\":550,\"height\":550,\"caption\":\"metal structured packing\"},{\"@type\":\"BreadcrumbList\",\"@id\":\"https:\\\/\\\/cpxzx.com\\\/product\\\/metal-structured-packing\\\/#breadcrumb\",\"itemListElement\":[{\"@type\":\"ListItem\",\"position\":1,\"name\":\"Home\",\"item\":\"https:\\\/\\\/cpxzx.com\\\/\"},{\"@type\":\"ListItem\",\"position\":2,\"name\":\"Structured Packing\",\"item\":\"https:\\\/\\\/cpxzx.com\\\/pcategory\\\/structured-packing\\\/\"},{\"@type\":\"ListItem\",\"position\":3,\"name\":\"metal structured packing\"}]},{\"@type\":\"WebSite\",\"@id\":\"https:\\\/\\\/cpxzx.com\\\/#website\",\"url\":\"https:\\\/\\\/cpxzx.com\\\/\",\"name\":\"Cooling Tower Fill, China PVC Fills Manufacturer\",\"description\":\"\",\"publisher\":{\"@id\":\"https:\\\/\\\/cpxzx.com\\\/#organization\"},\"potentialAction\":[{\"@type\":\"SearchAction\",\"target\":{\"@type\":\"EntryPoint\",\"urlTemplate\":\"https:\\\/\\\/cpxzx.com\\\/?s={search_term_string}\"},\"query-input\":{\"@type\":\"PropertyValueSpecification\",\"valueRequired\":true,\"valueName\":\"search_term_string\"}}],\"inLanguage\":\"es\"},{\"@type\":\"Organization\",\"@id\":\"https:\\\/\\\/cpxzx.com\\\/#organization\",\"name\":\"Cooling Tower Fill, China PVC Fills Manufacturer\",\"url\":\"https:\\\/\\\/cpxzx.com\\\/\",\"logo\":{\"@type\":\"ImageObject\",\"inLanguage\":\"es\",\"@id\":\"https:\\\/\\\/cpxzx.com\\\/#\\\/schema\\\/logo\\\/image\\\/\",\"url\":\"https:\\\/\\\/cpxzx.com\\\/wp-content\\\/uploads\\\/2025\\\/07\\\/1751628807-logo.png\",\"contentUrl\":\"https:\\\/\\\/cpxzx.com\\\/wp-content\\\/uploads\\\/2025\\\/07\\\/1751628807-logo.png\",\"width\":383,\"height\":87,\"caption\":\"Cooling Tower Fill, China PVC Fills Manufacturer\"},\"image\":{\"@id\":\"https:\\\/\\\/cpxzx.com\\\/#\\\/schema\\\/logo\\\/image\\\/\"}}]}<\/script>\n<!-- \/ Yoast SEO plugin. -->","yoast_head_json":{"title":"metal structured packing - Cooling Tower Fill, China PVC Fills Manufacturer","robots":{"index":"index","follow":"follow","max-snippet":"max-snippet:-1","max-image-preview":"max-image-preview:large","max-video-preview":"max-video-preview:-1"},"canonical":"https:\/\/cpxzx.com\/es\/producto\/envases-de-estructura-metalica\/","og_locale":"es_ES","og_type":"article","og_title":"metal structured packing - Cooling Tower Fill, China PVC Fills Manufacturer","og_description":"Metal Structured Packing is a high-performance stainless steel column packing made from corrugated or mesh metal sheets, designed for superior separation efficiency and low pressure drop. With its unique honeycomb structure and large surface area, this mesh structured packing ensures excellent vapor-liquid contact and uniform flow distribution. Manufactured from stainless steel, carbon steel, or aluminum alloy, metal corrugate packing is ideal for distillation, absorption, and purification processes in chemical, petrochemical, and gas industries.","og_url":"https:\/\/cpxzx.com\/es\/producto\/envases-de-estructura-metalica\/","og_site_name":"Cooling Tower Fill, China PVC Fills Manufacturer","og_image":[{"width":550,"height":550,"url":"https:\/\/cpxzx.com\/wp-content\/uploads\/2025\/10\/metal-structured-packing.jpg","type":"image\/jpeg"}],"twitter_card":"summary_large_image","twitter_misc":{"Tiempo de lectura":"3 minutos"},"schema":{"@context":"https:\/\/schema.org","@graph":[{"@type":"WebPage","@id":"https:\/\/cpxzx.com\/product\/metal-structured-packing\/","url":"https:\/\/cpxzx.com\/product\/metal-structured-packing\/","name":"metal structured packing - Cooling Tower Fill, China PVC Fills Manufacturer","isPartOf":{"@id":"https:\/\/cpxzx.com\/#website"},"primaryImageOfPage":{"@id":"https:\/\/cpxzx.com\/product\/metal-structured-packing\/#primaryimage"},"image":{"@id":"https:\/\/cpxzx.com\/product\/metal-structured-packing\/#primaryimage"},"thumbnailUrl":"https:\/\/cpxzx.com\/wp-content\/uploads\/2025\/10\/metal-structured-packing.jpg","datePublished":"2025-10-11T07:27:15+00:00","breadcrumb":{"@id":"https:\/\/cpxzx.com\/product\/metal-structured-packing\/#breadcrumb"},"inLanguage":"es","potentialAction":[{"@type":"ReadAction","target":["https:\/\/cpxzx.com\/product\/metal-structured-packing\/"]}]},{"@type":"ImageObject","inLanguage":"es","@id":"https:\/\/cpxzx.com\/product\/metal-structured-packing\/#primaryimage","url":"https:\/\/cpxzx.com\/wp-content\/uploads\/2025\/10\/metal-structured-packing.jpg","contentUrl":"https:\/\/cpxzx.com\/wp-content\/uploads\/2025\/10\/metal-structured-packing.jpg","width":550,"height":550,"caption":"metal structured packing"},{"@type":"BreadcrumbList","@id":"https:\/\/cpxzx.com\/product\/metal-structured-packing\/#breadcrumb","itemListElement":[{"@type":"ListItem","position":1,"name":"Home","item":"https:\/\/cpxzx.com\/"},{"@type":"ListItem","position":2,"name":"Structured Packing","item":"https:\/\/cpxzx.com\/pcategory\/structured-packing\/"},{"@type":"ListItem","position":3,"name":"metal structured packing"}]},{"@type":"WebSite","@id":"https:\/\/cpxzx.com\/#website","url":"https:\/\/cpxzx.com\/","name":"Relleno de torre de refrigeraci\u00f3n, Fabricante de rellenos de PVC en China","description":"","publisher":{"@id":"https:\/\/cpxzx.com\/#organization"},"potentialAction":[{"@type":"SearchAction","target":{"@type":"EntryPoint","urlTemplate":"https:\/\/cpxzx.com\/?s={search_term_string}"},"query-input":{"@type":"PropertyValueSpecification","valueRequired":true,"valueName":"search_term_string"}}],"inLanguage":"es"},{"@type":"Organization","@id":"https:\/\/cpxzx.com\/#organization","name":"Relleno de torre de refrigeraci\u00f3n, Fabricante de rellenos de PVC en China","url":"https:\/\/cpxzx.com\/","logo":{"@type":"ImageObject","inLanguage":"es","@id":"https:\/\/cpxzx.com\/#\/schema\/logo\/image\/","url":"https:\/\/cpxzx.com\/wp-content\/uploads\/2025\/07\/1751628807-logo.png","contentUrl":"https:\/\/cpxzx.com\/wp-content\/uploads\/2025\/07\/1751628807-logo.png","width":383,"height":87,"caption":"Cooling Tower Fill, China PVC Fills Manufacturer"},"image":{"@id":"https:\/\/cpxzx.com\/#\/schema\/logo\/image\/"}}]}},"taxonomy_info":{"pcategory":[{"value":26,"label":"Structured Packing"}]},"featured_image_src_large":["https:\/\/cpxzx.com\/wp-content\/uploads\/2025\/10\/metal-structured-packing.jpg",550,550,false],"author_info":[],"comment_info":"","_links":{"self":[{"href":"https:\/\/cpxzx.com\/es\/wp-json\/wp\/v2\/product\/3144","targetHints":{"allow":["GET"]}}],"collection":[{"href":"https:\/\/cpxzx.com\/es\/wp-json\/wp\/v2\/product"}],"about":[{"href":"https:\/\/cpxzx.com\/es\/wp-json\/wp\/v2\/types\/product"}],"wp:featuredmedia":[{"embeddable":true,"href":"https:\/\/cpxzx.com\/es\/wp-json\/wp\/v2\/media\/3145"}],"wp:attachment":[{"href":"https:\/\/cpxzx.com\/es\/wp-json\/wp\/v2\/media?parent=3144"}],"wp:term":[{"taxonomy":"pcategory","embeddable":true,"href":"https:\/\/cpxzx.com\/es\/wp-json\/wp\/v2\/pcategory?post=3144"},{"taxonomy":"ptag","embeddable":true,"href":"https:\/\/cpxzx.com\/es\/wp-json\/wp\/v2\/ptag?post=3144"}],"curies":[{"name":"wp","href":"https:\/\/api.w.org\/{rel}","templated":true}]}}