{"id":3104,"date":"2025-09-30T05:24:57","date_gmt":"2025-09-30T05:24:57","guid":{"rendered":"https:\/\/cpxzx.com\/?post_type=product&#038;p=3104"},"modified":"2025-09-28T05:54:21","modified_gmt":"2025-09-28T05:54:21","slug":"crossflow-fill","status":"publish","type":"product","link":"https:\/\/cpxzx.com\/es\/producto\/crossflow-fill\/","title":{"rendered":"Llenado de torres de refrigeraci\u00f3n de flujo cruzado"},"content":{"rendered":"<p><strong>Llenado de torres de refrigeraci\u00f3n de flujo cruzado<\/strong> es un medio especialmente dise\u00f1ado que se utiliza en torres de refrigeraci\u00f3n de flujo cruzado para mejorar la eficacia de la transferencia de calor y masa. Proporciona una gran superficie de contacto entre el aire y el agua, garantizando un excelente rendimiento de refrigeraci\u00f3n. Este tipo de relleno para torres de refrigeraci\u00f3n suele fabricarse con material de PVC o PP de alta calidad, que ofrece una larga vida \u00fatil, alta resistencia y resistencia qu\u00edmica.<\/p>\n<h2>Caracter\u00edsticas<\/h2>\n<ul>\n<li>Dise\u00f1o optimizado para torres de refrigeraci\u00f3n de flujo cruzado<\/li>\n<li>Construcci\u00f3n duradera de PVC o PP con gran resistencia qu\u00edmica<\/li>\n<li>Gran superficie para maximizar la eficacia de la transferencia de calor<\/li>\n<li>Ligero, f\u00e1cil de manejar e instalar<\/li>\n<li>Resistente a los rayos UV y a la corrosi\u00f3n para un rendimiento a largo plazo<\/li>\n<\/ul>\n<h2>Especificaciones<\/h2>\n<ul>\n<li>Material: PVC, PP<\/li>\n<li>Color: Negro, Azul, Gris, Personalizado<\/li>\n<li>Grosor: 0,28-0,40 mm (personalizable)<\/li>\n<li>Anchura de la hoja: 750 mm, 915 mm o tama\u00f1os a medida<\/li>\n<li>Temperatura de aplicaci\u00f3n: -35\u2103 a +60\u2103<\/li>\n<li>Dise\u00f1o: Estructura de nido de abeja u ondulada para sistemas de flujo cruzado<\/li>\n<\/ul>\n<h2>Ventajas<\/h2>\n<ul>\n<li>Mejora la eficiencia y el rendimiento de las torres de refrigeraci\u00f3n<\/li>\n<li>Reduce el consumo de energ\u00eda al mejorar el contacto agua-aire<\/li>\n<li>Bajo mantenimiento y larga vida \u00fatil<\/li>\n<li>Adaptable a varios modelos de torres de refrigeraci\u00f3n y condiciones de funcionamiento<\/li>\n<\/ul>\n<h2>Aplicaciones<\/h2>\n<p>El relleno de torres de refrigeraci\u00f3n de flujo cruzado se utiliza ampliamente en torres de refrigeraci\u00f3n industriales y comerciales, especialmente en sistemas HVAC, centrales el\u00e9ctricas, plantas qu\u00edmicas, metalurgia, procesamiento de alimentos y otras industrias que requieren una circulaci\u00f3n eficiente del agua de refrigeraci\u00f3n. Es un componente esencial para mejorar el funcionamiento de las torres de refrigeraci\u00f3n y prolongar la vida \u00fatil de los equipos.<\/p>\n<h2>Especificaciones t\u00e9cnicas<\/h2>\n<table border=\"1\" cellspacing=\"0\" cellpadding=\"6\">\n<tbody>\n<tr>\n<th>Par\u00e1metro<\/th>\n<th>Especificaci\u00f3n<\/th>\n<\/tr>\n<tr>\n<td>Material<\/td>\n<td>PVC, PP<\/td>\n<\/tr>\n<tr>\n<td>Color<\/td>\n<td>Negro, Azul, Gris, Personalizado<\/td>\n<\/tr>\n<tr>\n<td>Espesor de la chapa<\/td>\n<td>0,28 - 0,40 mm (personalizable)<\/td>\n<\/tr>\n<tr>\n<td>Anchura de la hoja<\/td>\n<td>750 mm, 915 mm o personalizado<\/td>\n<\/tr>\n<tr>\n<td>Longitud de la hoja<\/td>\n<td>1200 mm, 1500 mm, 1800 mm, o personalizado<\/td>\n<\/tr>\n<tr>\n<td>Altura de la hoja<\/td>\n<td>300 mm, 600 mm, 915 mm o personalizado<\/td>\n<\/tr>\n<tr>\n<td>Temperatura de trabajo<\/td>\n<td>-35\u2103 a +60\u2103 (PVC), -35\u2103 a +80\u2103 (PP)<\/td>\n<\/tr>\n<tr>\n<td>Dise\u00f1o de la estructura<\/td>\n<td>Estructura de flujo transversal de nido de abeja \/ ondulada<\/td>\n<\/tr>\n<tr>\n<td>Superficie espec\u00edfica<\/td>\n<td>150-200 m\u00b2\/m\u00b3<\/td>\n<\/tr>\n<tr>\n<td>Embalaje<\/td>\n<td>Paquetes con correas, pal\u00e9 de madera o personalizados<\/td>\n<\/tr>\n<\/tbody>\n<\/table>\n<h2>Paquete<\/h2>\n<p>Los paquetes de relleno de torres de refrigeraci\u00f3n suelen embalarse con flejes de pl\u00e1stico o en pal\u00e9s de madera para un transporte seguro. Tambi\u00e9n se pueden solicitar embalajes personalizados para satisfacer las necesidades espec\u00edficas de cada proyecto.<\/p>","protected":false},"excerpt":{"rendered":"<p>El relleno de torres de refrigeraci\u00f3n de flujo cruzado es un material de alto rendimiento dise\u00f1ado para maximizar la transferencia de calor y masa en torres de refrigeraci\u00f3n de flujo cruzado. Fabricado en PVC o PP duradero, este relleno para torres de refrigeraci\u00f3n ofrece una gran superficie, un excelente rendimiento t\u00e9rmico y una gran resistencia a los productos qu\u00edmicos y al envejecimiento. Mejora la eficacia de la refrigeraci\u00f3n, reduce el consumo de energ\u00eda y garantiza un funcionamiento fiable de los sistemas de refrigeraci\u00f3n industriales y comerciales.<\/p>","protected":false},"featured_media":3105,"parent":0,"template":"","meta":{"_acf_changed":false,"_kad_blocks_custom_css":"","_kad_blocks_head_custom_js":"","_kad_blocks_body_custom_js":"","_kad_blocks_footer_custom_js":"","_kadence_starter_templates_imported_post":false,"_kad_post_transparent":"default","_kad_post_title":"","_kad_post_layout":"default","_kad_post_sidebar_id":"","_kad_post_content_style":"default","_kad_post_vertical_padding":"default","_kad_post_feature":"","_kad_post_feature_position":"","_kad_post_header":false,"_kad_post_footer":false},"pcategory":[5],"ptag":[],"class_list":["post-3104","product","type-product","status-publish","has-post-thumbnail","hentry","pcategory-cooling-tower-fill"],"acf":[],"yoast_head":"<!-- This site is optimized with the Yoast SEO plugin v27.4 - https:\/\/yoast.com\/product\/yoast-seo-wordpress\/ -->\n<title>Cross Flow Cooling Tower Fill<\/title>\n<meta name=\"robots\" content=\"index, follow, max-snippet:-1, max-image-preview:large, max-video-preview:-1\" \/>\n<link rel=\"canonical\" href=\"https:\/\/cpxzx.com\/es\/producto\/crossflow-fill\/\" \/>\n<meta property=\"og:locale\" content=\"es_ES\" \/>\n<meta property=\"og:type\" content=\"article\" \/>\n<meta property=\"og:title\" content=\"Cross Flow Cooling Tower Fill\" \/>\n<meta property=\"og:description\" content=\"Cross Flow Cooling Tower Fill is a high-performance cooling tower media designed to maximize heat and mass transfer in crossflow cooling towers. Made of durable PVC or PP, this cooling tower fill provides large surface area, excellent thermal performance, and strong resistance to chemicals and aging. It improves cooling efficiency, reduces energy consumption, and ensures reliable operation for industrial and commercial cooling systems.\" \/>\n<meta property=\"og:url\" content=\"https:\/\/cpxzx.com\/es\/producto\/crossflow-fill\/\" \/>\n<meta property=\"og:site_name\" content=\"Cooling Tower Fill, China PVC Fills Manufacturer\" \/>\n<meta property=\"og:image\" content=\"https:\/\/cpxzx.com\/wp-content\/uploads\/2025\/09\/Crossflow-Fill-1.jpg\" \/>\n\t<meta property=\"og:image:width\" content=\"503\" \/>\n\t<meta property=\"og:image:height\" content=\"361\" \/>\n\t<meta property=\"og:image:type\" content=\"image\/jpeg\" \/>\n<meta name=\"twitter:card\" content=\"summary_large_image\" \/>\n<meta name=\"twitter:label1\" content=\"Tiempo de lectura\" \/>\n\t<meta name=\"twitter:data1\" content=\"2 minutos\" \/>\n<script type=\"application\/ld+json\" class=\"yoast-schema-graph\">{\"@context\":\"https:\\\/\\\/schema.org\",\"@graph\":[{\"@type\":\"WebPage\",\"@id\":\"https:\\\/\\\/cpxzx.com\\\/product\\\/crossflow-fill\\\/\",\"url\":\"https:\\\/\\\/cpxzx.com\\\/product\\\/crossflow-fill\\\/\",\"name\":\"Cross Flow Cooling Tower Fill\",\"isPartOf\":{\"@id\":\"https:\\\/\\\/cpxzx.com\\\/#website\"},\"primaryImageOfPage\":{\"@id\":\"https:\\\/\\\/cpxzx.com\\\/product\\\/crossflow-fill\\\/#primaryimage\"},\"image\":{\"@id\":\"https:\\\/\\\/cpxzx.com\\\/product\\\/crossflow-fill\\\/#primaryimage\"},\"thumbnailUrl\":\"https:\\\/\\\/cpxzx.com\\\/wp-content\\\/uploads\\\/2025\\\/09\\\/Crossflow-Fill-1.jpg\",\"datePublished\":\"2025-09-30T05:24:57+00:00\",\"breadcrumb\":{\"@id\":\"https:\\\/\\\/cpxzx.com\\\/product\\\/crossflow-fill\\\/#breadcrumb\"},\"inLanguage\":\"es\",\"potentialAction\":[{\"@type\":\"ReadAction\",\"target\":[\"https:\\\/\\\/cpxzx.com\\\/product\\\/crossflow-fill\\\/\"]}]},{\"@type\":\"ImageObject\",\"inLanguage\":\"es\",\"@id\":\"https:\\\/\\\/cpxzx.com\\\/product\\\/crossflow-fill\\\/#primaryimage\",\"url\":\"https:\\\/\\\/cpxzx.com\\\/wp-content\\\/uploads\\\/2025\\\/09\\\/Crossflow-Fill-1.jpg\",\"contentUrl\":\"https:\\\/\\\/cpxzx.com\\\/wp-content\\\/uploads\\\/2025\\\/09\\\/Crossflow-Fill-1.jpg\",\"width\":503,\"height\":361,\"caption\":\"Crossflow Fill\"},{\"@type\":\"BreadcrumbList\",\"@id\":\"https:\\\/\\\/cpxzx.com\\\/product\\\/crossflow-fill\\\/#breadcrumb\",\"itemListElement\":[{\"@type\":\"ListItem\",\"position\":1,\"name\":\"Home\",\"item\":\"https:\\\/\\\/cpxzx.com\\\/\"},{\"@type\":\"ListItem\",\"position\":2,\"name\":\"Cooling Tower Fill\",\"item\":\"https:\\\/\\\/cpxzx.com\\\/pcategory\\\/cooling-tower-fill\\\/\"},{\"@type\":\"ListItem\",\"position\":3,\"name\":\"Cross Flow Cooling Tower Fill\"}]},{\"@type\":\"WebSite\",\"@id\":\"https:\\\/\\\/cpxzx.com\\\/#website\",\"url\":\"https:\\\/\\\/cpxzx.com\\\/\",\"name\":\"Cooling Tower Fill, China PVC Fills Manufacturer\",\"description\":\"\",\"publisher\":{\"@id\":\"https:\\\/\\\/cpxzx.com\\\/#organization\"},\"potentialAction\":[{\"@type\":\"SearchAction\",\"target\":{\"@type\":\"EntryPoint\",\"urlTemplate\":\"https:\\\/\\\/cpxzx.com\\\/?s={search_term_string}\"},\"query-input\":{\"@type\":\"PropertyValueSpecification\",\"valueRequired\":true,\"valueName\":\"search_term_string\"}}],\"inLanguage\":\"es\"},{\"@type\":\"Organization\",\"@id\":\"https:\\\/\\\/cpxzx.com\\\/#organization\",\"name\":\"Cooling Tower Fill, China PVC Fills Manufacturer\",\"url\":\"https:\\\/\\\/cpxzx.com\\\/\",\"logo\":{\"@type\":\"ImageObject\",\"inLanguage\":\"es\",\"@id\":\"https:\\\/\\\/cpxzx.com\\\/#\\\/schema\\\/logo\\\/image\\\/\",\"url\":\"https:\\\/\\\/cpxzx.com\\\/wp-content\\\/uploads\\\/2025\\\/07\\\/1751628807-logo.png\",\"contentUrl\":\"https:\\\/\\\/cpxzx.com\\\/wp-content\\\/uploads\\\/2025\\\/07\\\/1751628807-logo.png\",\"width\":383,\"height\":87,\"caption\":\"Cooling Tower Fill, China PVC Fills Manufacturer\"},\"image\":{\"@id\":\"https:\\\/\\\/cpxzx.com\\\/#\\\/schema\\\/logo\\\/image\\\/\"}}]}<\/script>\n<!-- \/ Yoast SEO plugin. -->","yoast_head_json":{"title":"Llenado de torres de refrigeraci\u00f3n de flujo cruzado","robots":{"index":"index","follow":"follow","max-snippet":"max-snippet:-1","max-image-preview":"max-image-preview:large","max-video-preview":"max-video-preview:-1"},"canonical":"https:\/\/cpxzx.com\/es\/producto\/crossflow-fill\/","og_locale":"es_ES","og_type":"article","og_title":"Cross Flow Cooling Tower Fill","og_description":"Cross Flow Cooling Tower Fill is a high-performance cooling tower media designed to maximize heat and mass transfer in crossflow cooling towers. Made of durable PVC or PP, this cooling tower fill provides large surface area, excellent thermal performance, and strong resistance to chemicals and aging. It improves cooling efficiency, reduces energy consumption, and ensures reliable operation for industrial and commercial cooling systems.","og_url":"https:\/\/cpxzx.com\/es\/producto\/crossflow-fill\/","og_site_name":"Cooling Tower Fill, China PVC Fills Manufacturer","og_image":[{"width":503,"height":361,"url":"https:\/\/cpxzx.com\/wp-content\/uploads\/2025\/09\/Crossflow-Fill-1.jpg","type":"image\/jpeg"}],"twitter_card":"summary_large_image","twitter_misc":{"Tiempo de lectura":"2 minutos"},"schema":{"@context":"https:\/\/schema.org","@graph":[{"@type":"WebPage","@id":"https:\/\/cpxzx.com\/product\/crossflow-fill\/","url":"https:\/\/cpxzx.com\/product\/crossflow-fill\/","name":"Llenado de torres de refrigeraci\u00f3n de flujo cruzado","isPartOf":{"@id":"https:\/\/cpxzx.com\/#website"},"primaryImageOfPage":{"@id":"https:\/\/cpxzx.com\/product\/crossflow-fill\/#primaryimage"},"image":{"@id":"https:\/\/cpxzx.com\/product\/crossflow-fill\/#primaryimage"},"thumbnailUrl":"https:\/\/cpxzx.com\/wp-content\/uploads\/2025\/09\/Crossflow-Fill-1.jpg","datePublished":"2025-09-30T05:24:57+00:00","breadcrumb":{"@id":"https:\/\/cpxzx.com\/product\/crossflow-fill\/#breadcrumb"},"inLanguage":"es","potentialAction":[{"@type":"ReadAction","target":["https:\/\/cpxzx.com\/product\/crossflow-fill\/"]}]},{"@type":"ImageObject","inLanguage":"es","@id":"https:\/\/cpxzx.com\/product\/crossflow-fill\/#primaryimage","url":"https:\/\/cpxzx.com\/wp-content\/uploads\/2025\/09\/Crossflow-Fill-1.jpg","contentUrl":"https:\/\/cpxzx.com\/wp-content\/uploads\/2025\/09\/Crossflow-Fill-1.jpg","width":503,"height":361,"caption":"Crossflow Fill"},{"@type":"BreadcrumbList","@id":"https:\/\/cpxzx.com\/product\/crossflow-fill\/#breadcrumb","itemListElement":[{"@type":"ListItem","position":1,"name":"Home","item":"https:\/\/cpxzx.com\/"},{"@type":"ListItem","position":2,"name":"Cooling Tower Fill","item":"https:\/\/cpxzx.com\/pcategory\/cooling-tower-fill\/"},{"@type":"ListItem","position":3,"name":"Cross Flow Cooling Tower Fill"}]},{"@type":"WebSite","@id":"https:\/\/cpxzx.com\/#website","url":"https:\/\/cpxzx.com\/","name":"Relleno de torre de refrigeraci\u00f3n, Fabricante de rellenos de PVC en China","description":"","publisher":{"@id":"https:\/\/cpxzx.com\/#organization"},"potentialAction":[{"@type":"SearchAction","target":{"@type":"EntryPoint","urlTemplate":"https:\/\/cpxzx.com\/?s={search_term_string}"},"query-input":{"@type":"PropertyValueSpecification","valueRequired":true,"valueName":"search_term_string"}}],"inLanguage":"es"},{"@type":"Organization","@id":"https:\/\/cpxzx.com\/#organization","name":"Relleno de torre de refrigeraci\u00f3n, Fabricante de rellenos de PVC en China","url":"https:\/\/cpxzx.com\/","logo":{"@type":"ImageObject","inLanguage":"es","@id":"https:\/\/cpxzx.com\/#\/schema\/logo\/image\/","url":"https:\/\/cpxzx.com\/wp-content\/uploads\/2025\/07\/1751628807-logo.png","contentUrl":"https:\/\/cpxzx.com\/wp-content\/uploads\/2025\/07\/1751628807-logo.png","width":383,"height":87,"caption":"Cooling Tower Fill, China PVC Fills Manufacturer"},"image":{"@id":"https:\/\/cpxzx.com\/#\/schema\/logo\/image\/"}}]}},"taxonomy_info":{"pcategory":[{"value":5,"label":"Cooling Tower Fill"}]},"featured_image_src_large":["https:\/\/cpxzx.com\/wp-content\/uploads\/2025\/09\/Crossflow-Fill-1.jpg",503,361,false],"author_info":[],"comment_info":"","_links":{"self":[{"href":"https:\/\/cpxzx.com\/es\/wp-json\/wp\/v2\/product\/3104","targetHints":{"allow":["GET"]}}],"collection":[{"href":"https:\/\/cpxzx.com\/es\/wp-json\/wp\/v2\/product"}],"about":[{"href":"https:\/\/cpxzx.com\/es\/wp-json\/wp\/v2\/types\/product"}],"wp:featuredmedia":[{"embeddable":true,"href":"https:\/\/cpxzx.com\/es\/wp-json\/wp\/v2\/media\/3105"}],"wp:attachment":[{"href":"https:\/\/cpxzx.com\/es\/wp-json\/wp\/v2\/media?parent=3104"}],"wp:term":[{"taxonomy":"pcategory","embeddable":true,"href":"https:\/\/cpxzx.com\/es\/wp-json\/wp\/v2\/pcategory?post=3104"},{"taxonomy":"ptag","embeddable":true,"href":"https:\/\/cpxzx.com\/es\/wp-json\/wp\/v2\/ptag?post=3104"}],"curies":[{"name":"wp","href":"https:\/\/api.w.org\/{rel}","templated":true}]}}