{"id":3037,"date":"2025-09-18T08:24:40","date_gmt":"2025-09-18T08:24:40","guid":{"rendered":"https:\/\/cpxzx.com\/?post_type=product&#038;p=3037"},"modified":"2025-09-15T08:31:57","modified_gmt":"2025-09-15T08:31:57","slug":"inert-alumina-ceramic-ball","status":"publish","type":"product","link":"https:\/\/cpxzx.com\/es\/producto\/inert-alumina-ceramic-ball\/","title":{"rendered":"Bola cer\u00e1mica de al\u00famina inerte - Medio de soporte de catalizadores de gran pureza"},"content":{"rendered":"<p><strong>Bolas cer\u00e1micas de al\u00famina inerte<\/strong>Las bolas de al\u00famina, tambi\u00e9n llamadas bolas de cer\u00e1mica, bolas de cer\u00e1mica de al\u00famina o bolas de cer\u00e1mica inerte, se utilizan ampliamente como medio de soporte de catalizadores y empaquetadura de torres en procesos industriales. Est\u00e1n fabricadas con polvo de al\u00famina de gran pureza y bajo contenido en silicio, lo que les confiere una excelente estabilidad t\u00e9rmica, resistencia mec\u00e1nica y resistencia qu\u00edmica.<\/p>\n<p>Estas bolas de cer\u00e1mica de al\u00famina inerte son ideales para las industrias petrolera, qu\u00edmica, de fertilizantes, gas natural y protecci\u00f3n medioambiental. Sirven como materiales de recubrimiento y soporte para catalizadores en reactores, mejoran la distribuci\u00f3n de gases y l\u00edquidos en los sistemas de producci\u00f3n y aumentan la eficacia de los procesos.<\/p>\n<p>Las principales propiedades de estas bolas cer\u00e1micas de al\u00famina son su resistencia a altas temperaturas y presiones, su baja absorci\u00f3n de agua y su estabilidad qu\u00edmica. Soportan la corrosi\u00f3n de \u00e1cidos, \u00e1lcalis y diversos disolventes org\u00e1nicos, y permanecen inalterables a las fluctuaciones t\u00e9rmicas durante las operaciones industriales.<\/p>\n<p>Las bolas cer\u00e1micas inertes tambi\u00e9n est\u00e1n dise\u00f1adas para proteger los catalizadores de la contaminaci\u00f3n y evitar las reacciones de lixiviaci\u00f3n en las torres de s\u00edlice. Garantizan que los catalizadores mantengan su actividad y longevidad a la vez que proporcionan soporte para diversos tipos de medios catalizadores.<\/p>\n<h2>Caracter\u00edsticas principales:<\/h2>\n<ul>\n<li>Al\u00famina de gran pureza (\u226599% Al2O3)<\/li>\n<li>Excelente resistencia mec\u00e1nica y estabilidad t\u00e9rmica<\/li>\n<li>Baja absorci\u00f3n de agua y estabilidad qu\u00edmica<\/li>\n<li>Resistente a la corrosi\u00f3n por \u00e1cidos, \u00e1lcalis y disolventes org\u00e1nicos<\/li>\n<li>Ampliamente utilizado como medio de soporte de catalizadores y embalaje de torres.<\/li>\n<\/ul>\n<h2>Aplicaciones:<\/h2>\n<ul>\n<li>Refino de petr\u00f3leo<\/li>\n<li>Tratamiento qu\u00edmico<\/li>\n<li>Producci\u00f3n de fertilizantes<\/li>\n<li>Tratamiento del gas natural<\/li>\n<li>Protecci\u00f3n del medio ambiente y tratamiento de aguas residuales<\/li>\n<\/ul>\n<h2>Ventajas:<\/h2>\n<ul>\n<li>Mejora la distribuci\u00f3n de gases y l\u00edquidos en los reactores<\/li>\n<li>Protege los catalizadores y evita la contaminaci\u00f3n<\/li>\n<li>Gran durabilidad a temperaturas y presiones extremas<\/li>\n<li>Prolonga la vida \u00fatil y la eficacia del catalizador<\/li>\n<li>Adecuado para diversos reactores y torres industriales<\/li>\n<\/ul>\n<h2>Especificaciones del producto:<\/h2>\n<table border=\"1\" cellspacing=\"0\" cellpadding=\"5\">\n<tbody>\n<tr>\n<th>Art\u00edculo<\/th>\n<th>Especificaci\u00f3n<\/th>\n<th>Unidad<\/th>\n<\/tr>\n<tr>\n<td>Contenido de Al2O3<\/td>\n<td>\u226599%<\/td>\n<td>%<\/td>\n<\/tr>\n<tr>\n<td>Di\u00e1metro<\/td>\n<td>5-50<\/td>\n<td>mm<\/td>\n<\/tr>\n<tr>\n<td>Densidad aparente<\/td>\n<td>1.9-2.0<\/td>\n<td>g\/cm\u00b3<\/td>\n<\/tr>\n<tr>\n<td>Porosidad<\/td>\n<td>\u226410<\/td>\n<td>%<\/td>\n<\/tr>\n<tr>\n<td>Absorci\u00f3n de agua<\/td>\n<td>\u22640.5<\/td>\n<td>%<\/td>\n<\/tr>\n<tr>\n<td>Temperatura m\u00e1xima de servicio<\/td>\n<td>1600<\/td>\n<td>\u00b0C<\/td>\n<\/tr>\n<tr>\n<td>Resistencia a la compresi\u00f3n<\/td>\n<td>\u2265200<\/td>\n<td>MPa<\/td>\n<\/tr>\n<\/tbody>\n<\/table>","protected":false},"excerpt":{"rendered":"<p>Las bolas cer\u00e1micas de al\u00famina inerte, tambi\u00e9n llamadas bolas cer\u00e1micas, bolas cer\u00e1micas de al\u00famina o bolas cer\u00e1micas inertes, se utilizan ampliamente como medio de soporte de catalizadores y empaquetadura de torres en procesos industriales. Est\u00e1n fabricadas con polvo de al\u00famina de gran pureza y bajo contenido en silicio, lo que les confiere una excelente estabilidad t\u00e9rmica, resistencia mec\u00e1nica y resistencia qu\u00edmica. Estas bolas de cer\u00e1mica de al\u00famina inerte son ideales...<\/p>","protected":false},"featured_media":3038,"parent":0,"template":"","meta":{"_acf_changed":false,"_kad_blocks_custom_css":"","_kad_blocks_head_custom_js":"","_kad_blocks_body_custom_js":"","_kad_blocks_footer_custom_js":"","_kadence_starter_templates_imported_post":false,"_kad_post_transparent":"default","_kad_post_title":"","_kad_post_layout":"default","_kad_post_sidebar_id":"","_kad_post_content_style":"default","_kad_post_vertical_padding":"default","_kad_post_feature":"","_kad_post_feature_position":"","_kad_post_header":false,"_kad_post_footer":false},"pcategory":[27],"ptag":[],"class_list":["post-3037","product","type-product","status-publish","has-post-thumbnail","hentry","pcategory-ceramic-balls"],"acf":[],"yoast_head":"<!-- This site is optimized with the Yoast SEO plugin v27.4 - https:\/\/yoast.com\/product\/yoast-seo-wordpress\/ -->\n<title>Inert Alumina Ceramic Ball - High Purity Catalyst Support Media<\/title>\n<meta name=\"robots\" content=\"index, follow, max-snippet:-1, max-image-preview:large, max-video-preview:-1\" \/>\n<link rel=\"canonical\" href=\"https:\/\/cpxzx.com\/es\/producto\/inert-alumina-ceramic-ball\/\" \/>\n<meta property=\"og:locale\" content=\"es_ES\" \/>\n<meta property=\"og:type\" content=\"article\" \/>\n<meta property=\"og:title\" content=\"Inert Alumina Ceramic Ball - High Purity Catalyst Support Media\" \/>\n<meta property=\"og:description\" content=\"Inert Alumina Ceramic Balls, also called ceramic balls, alumina ceramic balls, or inert ceramic balls, are widely used as catalyst support media and tower packing in industrial processes. They are made from high-purity alumina powder with low silicon content, providing excellent thermal stability, mechanical strength, and chemical resistance. These inert alumina ceramic balls are ideal...\" \/>\n<meta property=\"og:url\" content=\"https:\/\/cpxzx.com\/es\/producto\/inert-alumina-ceramic-ball\/\" \/>\n<meta property=\"og:site_name\" content=\"Cooling Tower Fill, China PVC Fills Manufacturer\" \/>\n<meta property=\"og:image\" content=\"https:\/\/cpxzx.com\/wp-content\/uploads\/2025\/09\/Media-Tower-Filling-99-Al2O3-Inert-Alumina-Ceramic-Ball.jpg\" \/>\n\t<meta property=\"og:image:width\" content=\"550\" \/>\n\t<meta property=\"og:image:height\" content=\"550\" \/>\n\t<meta property=\"og:image:type\" content=\"image\/jpeg\" \/>\n<meta name=\"twitter:card\" content=\"summary_large_image\" \/>\n<meta name=\"twitter:label1\" content=\"Tiempo de lectura\" \/>\n\t<meta name=\"twitter:data1\" content=\"2 minutos\" \/>\n<script type=\"application\/ld+json\" class=\"yoast-schema-graph\">{\"@context\":\"https:\\\/\\\/schema.org\",\"@graph\":[{\"@type\":\"WebPage\",\"@id\":\"https:\\\/\\\/cpxzx.com\\\/product\\\/inert-alumina-ceramic-ball\\\/\",\"url\":\"https:\\\/\\\/cpxzx.com\\\/product\\\/inert-alumina-ceramic-ball\\\/\",\"name\":\"Inert Alumina Ceramic Ball - High Purity Catalyst Support Media\",\"isPartOf\":{\"@id\":\"https:\\\/\\\/cpxzx.com\\\/#website\"},\"primaryImageOfPage\":{\"@id\":\"https:\\\/\\\/cpxzx.com\\\/product\\\/inert-alumina-ceramic-ball\\\/#primaryimage\"},\"image\":{\"@id\":\"https:\\\/\\\/cpxzx.com\\\/product\\\/inert-alumina-ceramic-ball\\\/#primaryimage\"},\"thumbnailUrl\":\"https:\\\/\\\/cpxzx.com\\\/wp-content\\\/uploads\\\/2025\\\/09\\\/Media-Tower-Filling-99-Al2O3-Inert-Alumina-Ceramic-Ball.jpg\",\"datePublished\":\"2025-09-18T08:24:40+00:00\",\"breadcrumb\":{\"@id\":\"https:\\\/\\\/cpxzx.com\\\/product\\\/inert-alumina-ceramic-ball\\\/#breadcrumb\"},\"inLanguage\":\"es\",\"potentialAction\":[{\"@type\":\"ReadAction\",\"target\":[\"https:\\\/\\\/cpxzx.com\\\/product\\\/inert-alumina-ceramic-ball\\\/\"]}]},{\"@type\":\"ImageObject\",\"inLanguage\":\"es\",\"@id\":\"https:\\\/\\\/cpxzx.com\\\/product\\\/inert-alumina-ceramic-ball\\\/#primaryimage\",\"url\":\"https:\\\/\\\/cpxzx.com\\\/wp-content\\\/uploads\\\/2025\\\/09\\\/Media-Tower-Filling-99-Al2O3-Inert-Alumina-Ceramic-Ball.jpg\",\"contentUrl\":\"https:\\\/\\\/cpxzx.com\\\/wp-content\\\/uploads\\\/2025\\\/09\\\/Media-Tower-Filling-99-Al2O3-Inert-Alumina-Ceramic-Ball.jpg\",\"width\":550,\"height\":550,\"caption\":\"Media-Tower-Filling-99-Al2O3-Inert-Alumina-Ceramic-Ball\"},{\"@type\":\"BreadcrumbList\",\"@id\":\"https:\\\/\\\/cpxzx.com\\\/product\\\/inert-alumina-ceramic-ball\\\/#breadcrumb\",\"itemListElement\":[{\"@type\":\"ListItem\",\"position\":1,\"name\":\"Home\",\"item\":\"https:\\\/\\\/cpxzx.com\\\/\"},{\"@type\":\"ListItem\",\"position\":2,\"name\":\"Ceramic Balls\",\"item\":\"https:\\\/\\\/cpxzx.com\\\/pcategory\\\/ceramic-balls\\\/\"},{\"@type\":\"ListItem\",\"position\":3,\"name\":\"Inert Alumina Ceramic Ball &#8211; High Purity Catalyst Support Media\"}]},{\"@type\":\"WebSite\",\"@id\":\"https:\\\/\\\/cpxzx.com\\\/#website\",\"url\":\"https:\\\/\\\/cpxzx.com\\\/\",\"name\":\"Cooling Tower Fill, China PVC Fills Manufacturer\",\"description\":\"\",\"publisher\":{\"@id\":\"https:\\\/\\\/cpxzx.com\\\/#organization\"},\"potentialAction\":[{\"@type\":\"SearchAction\",\"target\":{\"@type\":\"EntryPoint\",\"urlTemplate\":\"https:\\\/\\\/cpxzx.com\\\/?s={search_term_string}\"},\"query-input\":{\"@type\":\"PropertyValueSpecification\",\"valueRequired\":true,\"valueName\":\"search_term_string\"}}],\"inLanguage\":\"es\"},{\"@type\":\"Organization\",\"@id\":\"https:\\\/\\\/cpxzx.com\\\/#organization\",\"name\":\"Cooling Tower Fill, China PVC Fills Manufacturer\",\"url\":\"https:\\\/\\\/cpxzx.com\\\/\",\"logo\":{\"@type\":\"ImageObject\",\"inLanguage\":\"es\",\"@id\":\"https:\\\/\\\/cpxzx.com\\\/#\\\/schema\\\/logo\\\/image\\\/\",\"url\":\"https:\\\/\\\/cpxzx.com\\\/wp-content\\\/uploads\\\/2025\\\/07\\\/1751628807-logo.png\",\"contentUrl\":\"https:\\\/\\\/cpxzx.com\\\/wp-content\\\/uploads\\\/2025\\\/07\\\/1751628807-logo.png\",\"width\":383,\"height\":87,\"caption\":\"Cooling Tower Fill, China PVC Fills Manufacturer\"},\"image\":{\"@id\":\"https:\\\/\\\/cpxzx.com\\\/#\\\/schema\\\/logo\\\/image\\\/\"}}]}<\/script>\n<!-- \/ Yoast SEO plugin. -->","yoast_head_json":{"title":"Inert Alumina Ceramic Ball - High Purity Catalyst Support Media","robots":{"index":"index","follow":"follow","max-snippet":"max-snippet:-1","max-image-preview":"max-image-preview:large","max-video-preview":"max-video-preview:-1"},"canonical":"https:\/\/cpxzx.com\/es\/producto\/inert-alumina-ceramic-ball\/","og_locale":"es_ES","og_type":"article","og_title":"Inert Alumina Ceramic Ball - High Purity Catalyst Support Media","og_description":"Inert Alumina Ceramic Balls, also called ceramic balls, alumina ceramic balls, or inert ceramic balls, are widely used as catalyst support media and tower packing in industrial processes. They are made from high-purity alumina powder with low silicon content, providing excellent thermal stability, mechanical strength, and chemical resistance. These inert alumina ceramic balls are ideal...","og_url":"https:\/\/cpxzx.com\/es\/producto\/inert-alumina-ceramic-ball\/","og_site_name":"Cooling Tower Fill, China PVC Fills Manufacturer","og_image":[{"width":550,"height":550,"url":"https:\/\/cpxzx.com\/wp-content\/uploads\/2025\/09\/Media-Tower-Filling-99-Al2O3-Inert-Alumina-Ceramic-Ball.jpg","type":"image\/jpeg"}],"twitter_card":"summary_large_image","twitter_misc":{"Tiempo de lectura":"2 minutos"},"schema":{"@context":"https:\/\/schema.org","@graph":[{"@type":"WebPage","@id":"https:\/\/cpxzx.com\/product\/inert-alumina-ceramic-ball\/","url":"https:\/\/cpxzx.com\/product\/inert-alumina-ceramic-ball\/","name":"Inert Alumina Ceramic Ball - High Purity Catalyst Support Media","isPartOf":{"@id":"https:\/\/cpxzx.com\/#website"},"primaryImageOfPage":{"@id":"https:\/\/cpxzx.com\/product\/inert-alumina-ceramic-ball\/#primaryimage"},"image":{"@id":"https:\/\/cpxzx.com\/product\/inert-alumina-ceramic-ball\/#primaryimage"},"thumbnailUrl":"https:\/\/cpxzx.com\/wp-content\/uploads\/2025\/09\/Media-Tower-Filling-99-Al2O3-Inert-Alumina-Ceramic-Ball.jpg","datePublished":"2025-09-18T08:24:40+00:00","breadcrumb":{"@id":"https:\/\/cpxzx.com\/product\/inert-alumina-ceramic-ball\/#breadcrumb"},"inLanguage":"es","potentialAction":[{"@type":"ReadAction","target":["https:\/\/cpxzx.com\/product\/inert-alumina-ceramic-ball\/"]}]},{"@type":"ImageObject","inLanguage":"es","@id":"https:\/\/cpxzx.com\/product\/inert-alumina-ceramic-ball\/#primaryimage","url":"https:\/\/cpxzx.com\/wp-content\/uploads\/2025\/09\/Media-Tower-Filling-99-Al2O3-Inert-Alumina-Ceramic-Ball.jpg","contentUrl":"https:\/\/cpxzx.com\/wp-content\/uploads\/2025\/09\/Media-Tower-Filling-99-Al2O3-Inert-Alumina-Ceramic-Ball.jpg","width":550,"height":550,"caption":"Media-Tower-Filling-99-Al2O3-Inert-Alumina-Ceramic-Ball"},{"@type":"BreadcrumbList","@id":"https:\/\/cpxzx.com\/product\/inert-alumina-ceramic-ball\/#breadcrumb","itemListElement":[{"@type":"ListItem","position":1,"name":"Home","item":"https:\/\/cpxzx.com\/"},{"@type":"ListItem","position":2,"name":"Ceramic Balls","item":"https:\/\/cpxzx.com\/pcategory\/ceramic-balls\/"},{"@type":"ListItem","position":3,"name":"Inert Alumina Ceramic Ball &#8211; High Purity Catalyst Support Media"}]},{"@type":"WebSite","@id":"https:\/\/cpxzx.com\/#website","url":"https:\/\/cpxzx.com\/","name":"Relleno de torre de refrigeraci\u00f3n, Fabricante de rellenos de PVC en China","description":"","publisher":{"@id":"https:\/\/cpxzx.com\/#organization"},"potentialAction":[{"@type":"SearchAction","target":{"@type":"EntryPoint","urlTemplate":"https:\/\/cpxzx.com\/?s={search_term_string}"},"query-input":{"@type":"PropertyValueSpecification","valueRequired":true,"valueName":"search_term_string"}}],"inLanguage":"es"},{"@type":"Organization","@id":"https:\/\/cpxzx.com\/#organization","name":"Relleno de torre de refrigeraci\u00f3n, Fabricante de rellenos de PVC en China","url":"https:\/\/cpxzx.com\/","logo":{"@type":"ImageObject","inLanguage":"es","@id":"https:\/\/cpxzx.com\/#\/schema\/logo\/image\/","url":"https:\/\/cpxzx.com\/wp-content\/uploads\/2025\/07\/1751628807-logo.png","contentUrl":"https:\/\/cpxzx.com\/wp-content\/uploads\/2025\/07\/1751628807-logo.png","width":383,"height":87,"caption":"Cooling Tower Fill, China PVC Fills Manufacturer"},"image":{"@id":"https:\/\/cpxzx.com\/#\/schema\/logo\/image\/"}}]}},"taxonomy_info":{"pcategory":[{"value":27,"label":"Ceramic Balls"}]},"featured_image_src_large":["https:\/\/cpxzx.com\/wp-content\/uploads\/2025\/09\/Media-Tower-Filling-99-Al2O3-Inert-Alumina-Ceramic-Ball.jpg",550,550,false],"author_info":[],"comment_info":"","_links":{"self":[{"href":"https:\/\/cpxzx.com\/es\/wp-json\/wp\/v2\/product\/3037","targetHints":{"allow":["GET"]}}],"collection":[{"href":"https:\/\/cpxzx.com\/es\/wp-json\/wp\/v2\/product"}],"about":[{"href":"https:\/\/cpxzx.com\/es\/wp-json\/wp\/v2\/types\/product"}],"wp:featuredmedia":[{"embeddable":true,"href":"https:\/\/cpxzx.com\/es\/wp-json\/wp\/v2\/media\/3038"}],"wp:attachment":[{"href":"https:\/\/cpxzx.com\/es\/wp-json\/wp\/v2\/media?parent=3037"}],"wp:term":[{"taxonomy":"pcategory","embeddable":true,"href":"https:\/\/cpxzx.com\/es\/wp-json\/wp\/v2\/pcategory?post=3037"},{"taxonomy":"ptag","embeddable":true,"href":"https:\/\/cpxzx.com\/es\/wp-json\/wp\/v2\/ptag?post=3037"}],"curies":[{"name":"wp","href":"https:\/\/api.w.org\/{rel}","templated":true}]}}