{"id":3032,"date":"2025-09-17T07:42:58","date_gmt":"2025-09-17T07:42:58","guid":{"rendered":"https:\/\/cpxzx.com\/?post_type=product&#038;p=3032"},"modified":"2025-09-15T07:58:45","modified_gmt":"2025-09-15T07:58:45","slug":"bola-ceramica-de-alumina-media","status":"publish","type":"product","link":"https:\/\/cpxzx.com\/es\/producto\/bola-ceramica-de-alumina-media\/","title":{"rendered":"Bolas cer\u00e1micas de al\u00famina media 3-10mm - Bolas de soporte de al\u00famina y porcelana inerte"},"content":{"rendered":"<p><strong>Bola cer\u00e1mica de al\u00famina media<\/strong> es un medio de molienda y soporte de alta calidad ampliamente utilizado en diversas aplicaciones industriales.<br \/>\nComo tipo eficaz de bolas de cer\u00e1mica, ofrece un rendimiento equilibrado entre coste y durabilidad.<br \/>\nCon un contenido de al\u00famina entre 65% y 75%, la bola cer\u00e1mica de al\u00famina media proporciona una mayor resistencia al desgaste y estabilidad qu\u00edmica en comparaci\u00f3n con las bolas de al\u00famina baja, al tiempo que resulta m\u00e1s econ\u00f3mica que las bolas de molienda de al\u00famina alta.<br \/>\nEn muchas industrias tambi\u00e9n se conoce como bolas de molienda de al\u00famina o esferas de al\u00famina.<\/p>\n<p>Las bolas cer\u00e1micas inertes de al\u00famina media se utilizan ampliamente en diversas industrias, como el petr\u00f3leo, la ingenier\u00eda qu\u00edmica, la producci\u00f3n de fertilizantes, el gas natural y la protecci\u00f3n del medio ambiente.<br \/>\nComo bolas cer\u00e1micas de alta calidad y bolas de molienda de al\u00famina, sirven como materiales de recubrimiento y soporte para catalizadores en recipientes de reacci\u00f3n y como empaquetaduras en torres.<br \/>\nEstas bolas cer\u00e1micas de al\u00famina media tienen propiedades qu\u00edmicas estables, baja absorci\u00f3n de agua, excelente resistencia a altas temperaturas y alta presi\u00f3n, y fuerte resistencia a la corrosi\u00f3n frente a \u00e1cidos, \u00e1lcalis y determinados disolventes org\u00e1nicos.<br \/>\nPueden soportar fluctuaciones de temperatura durante los procesos industriales.<br \/>\nLa funci\u00f3n principal de las bolas cer\u00e1micas inertes es mejorar la distribuci\u00f3n de gas o l\u00edquido, al tiempo que soportan y protegen los catalizadores activadores de baja resistencia, garantizando un funcionamiento eficaz y una vida \u00fatil prolongada.<\/p>\n<h2>Caracter\u00edstica<\/h2>\n<ul>\n<li>Contenido de al\u00famina: 65%-75%, proporcionando un equilibrio entre resistencia y rentabilidad.<\/li>\n<li>Alta resistencia mec\u00e1nica y buena resistencia al desgaste.<\/li>\n<li>Excelente estabilidad t\u00e9rmica y resistencia a la corrosi\u00f3n.<\/li>\n<li>La superficie lisa garantiza una baja abrasi\u00f3n de los equipos.<\/li>\n<li>Disponibles en una amplia gama de di\u00e1metros para diversas aplicaciones de rectificado y soporte.<\/li>\n<\/ul>\n<h2>Especificaci\u00f3n<\/h2>\n<table border=\"1\" cellspacing=\"0\" cellpadding=\"8\">\n<tbody>\n<tr>\n<th>Propiedad<\/th>\n<th>Valor<\/th>\n<\/tr>\n<tr>\n<td>Contenido de al\u00famina (Al2O3)<\/td>\n<td>65%-75%<\/td>\n<\/tr>\n<tr>\n<td>Densidad aparente<\/td>\n<td>2,2-2,6 g\/cm\u00b3<\/td>\n<\/tr>\n<tr>\n<td>Resistencia al aplastamiento<\/td>\n<td>&gt; 4 KN (para \u03a630mm)<\/td>\n<\/tr>\n<tr>\n<td>Absorci\u00f3n de agua<\/td>\n<td>&lt; 0,5%<\/td>\n<\/tr>\n<tr>\n<td>Temperatura de funcionamiento<\/td>\n<td>\u2264 1100\u00b0C<\/td>\n<\/tr>\n<tr>\n<td>Tama\u00f1os disponibles<\/td>\n<td>\u03a63mm-\u03a650mm<\/td>\n<\/tr>\n<\/tbody>\n<\/table>\n<h2>Fuerza de aplastamiento<\/h2>\n<table border=\"1\" cellspacing=\"0\" cellpadding=\"8\">\n<tbody>\n<tr>\n<th>Talla<\/th>\n<th>Resistencia al aplastamiento Kgf\/part\u00edcula<\/th>\n<th>Resistencia al aplastamiento KN\/part\u00edcula<\/th>\n<\/tr>\n<tr>\n<td>1\/8\u2033 (3 mm)<\/td>\n<td>&gt;40<\/td>\n<td>&gt;0.4<\/td>\n<\/tr>\n<tr>\n<td>1\/4\u2033 (6 mm)<\/td>\n<td>&gt;80<\/td>\n<td>&gt;0.8<\/td>\n<\/tr>\n<tr>\n<td>3\/8\u2033 (10 mm)<\/td>\n<td>&gt;190<\/td>\n<td>&gt;1.90<\/td>\n<\/tr>\n<tr>\n<td>1\/2\u2033 (13mm)<\/td>\n<td>&gt;580<\/td>\n<td>&gt;5.8<\/td>\n<\/tr>\n<tr>\n<td>3\/4\u2033 (19mm)<\/td>\n<td>&gt;900<\/td>\n<td>&gt;9.0<\/td>\n<\/tr>\n<tr>\n<td>1\u2033 (25 mm)<\/td>\n<td>&gt;1200<\/td>\n<td>&gt;12.0<\/td>\n<\/tr>\n<tr>\n<td>1-1\/2\u2033 (38 mm)<\/td>\n<td>&gt;1800<\/td>\n<td>&gt;18.0<\/td>\n<\/tr>\n<tr>\n<td>2\u2033 (50 mm)<\/td>\n<td>&gt;2150<\/td>\n<td>&gt;21.5<\/td>\n<\/tr>\n<\/tbody>\n<\/table>\n<h2>Tama\u00f1o y tolerancia (mm)<\/h2>\n<table border=\"1\" cellspacing=\"0\" cellpadding=\"8\">\n<tbody>\n<tr>\n<th>Talla<\/th>\n<th>3\/6\/9<\/th>\n<th>9\/13<\/th>\n<th>19\/25\/38<\/th>\n<th>50<\/th>\n<\/tr>\n<tr>\n<td>Tolerancia<\/td>\n<td>\u00b11.0<\/td>\n<td>\u00b11.5<\/td>\n<td>\u00b12<\/td>\n<td>\u00b12.5<\/td>\n<\/tr>\n<\/tbody>\n<\/table>\n<h2>Ventaja<\/h2>\n<p>En comparaci\u00f3n con los medios de molienda de baja al\u00famina y alta al\u00famina, las bolas cer\u00e1micas de al\u00famina media proporcionan una soluci\u00f3n rentable<br \/>\npara industrias que requieren tanto rendimiento como eficiencia econ\u00f3mica. Ofrecen mayor durabilidad que los medios cer\u00e1micos normales<br \/>\na la vez que son m\u00e1s asequibles que las esferas de al\u00famina de primera calidad. Esto las convierte en una opci\u00f3n excelente para operaciones de molienda a granel.<\/p>\n<ul>\n<li>Alternativa rentable a los medios de molienda con alto contenido en al\u00famina.<\/li>\n<li>Mejora la eficacia de la molienda y reduce los costes de producci\u00f3n.<\/li>\n<li>Larga vida \u00fatil y bajo mantenimiento.<\/li>\n<li>Rendimiento estable en funcionamiento continuo.<\/li>\n<\/ul>\n<h2>Aplicaci\u00f3n<\/h2>\n<p>Las bolas cer\u00e1micas de al\u00famina media se aplican ampliamente en diferentes industrias como bolas de medios cer\u00e1micos y medios de molienda de al\u00famina.<br \/>\nSirven tanto de medios de molienda como de materiales de soporte de catalizadores. Las aplicaciones m\u00e1s comunes son:<\/p>\n<ul>\n<li>Cementeras - se utiliza como medio de molienda en molinos de bolas.<\/li>\n<li>Industria cer\u00e1mica - molienda y mezcla de materias primas.<\/li>\n<li>Industria qu\u00edmica: soporte de catalizadores y embalaje de torres.<\/li>\n<li>Miner\u00eda - molienda de minerales y tratamiento de minerales.<\/li>\n<li>Petr\u00f3leo y gas - medios de apoyo en los procesos de refinado.<\/li>\n<\/ul>\n<h2>Paquete<\/h2>\n<p>Para garantizar un transporte y almacenamiento seguros, las bolas cer\u00e1micas de al\u00famina media se envasan en resistentes bolsas tejidas, sacos de tonelada o bidones de acero.<br \/>\nseg\u00fan los requisitos del cliente. El embalaje est\u00e1ndar incluye:<\/p>\n<ul>\n<li>Bolsa tejida de 25 kg con forro interior de pl\u00e1stico.<\/li>\n<li>Saco jumbo de 500kg-1000kg para pedidos a granel.<\/li>\n<li>Envases personalizados disponibles previa solicitud.<\/li>\n<\/ul>","protected":false},"excerpt":{"rendered":"<p>La bola cer\u00e1mica de al\u00famina media con 65%-75% Al2O3 ofrece una excelente resistencia al desgaste, alta resistencia mec\u00e1nica y estabilidad qu\u00edmica, por lo que es una opci\u00f3n ideal para aplicaciones industriales. Ampliamente utilizadas como bolas cer\u00e1micas, medios de molienda de al\u00famina y esferas de al\u00famina, garantizan una molienda eficaz, una larga vida \u00fatil y bajos costes de mantenimiento. Estas bolas de al\u00famina media son adecuadas para molinos de cemento, producci\u00f3n de cer\u00e1mica, procesamiento qu\u00edmico, miner\u00eda e industrias petrol\u00edferas. Su superficie lisa reduce la abrasi\u00f3n del equipo a la vez que mantiene un rendimiento estable en funcionamiento continuo, proporcionando una soluci\u00f3n rentable entre las bolas de molienda de baja y alta al\u00famina.<\/p>","protected":false},"featured_media":3035,"parent":0,"template":"","meta":{"_acf_changed":false,"_kad_blocks_custom_css":"","_kad_blocks_head_custom_js":"","_kad_blocks_body_custom_js":"","_kad_blocks_footer_custom_js":"","_kadence_starter_templates_imported_post":false,"_kad_post_transparent":"default","_kad_post_title":"","_kad_post_layout":"default","_kad_post_sidebar_id":"","_kad_post_content_style":"default","_kad_post_vertical_padding":"default","_kad_post_feature":"","_kad_post_feature_position":"","_kad_post_header":false,"_kad_post_footer":false},"pcategory":[27],"ptag":[],"class_list":["post-3032","product","type-product","status-publish","has-post-thumbnail","hentry","pcategory-ceramic-balls"],"acf":[],"yoast_head":"<!-- This site is optimized with the Yoast SEO plugin v27.4 - https:\/\/yoast.com\/product\/yoast-seo-wordpress\/ -->\n<title>Mid-Alumina Ceramic Ball<\/title>\n<meta name=\"robots\" content=\"index, follow, max-snippet:-1, max-image-preview:large, max-video-preview:-1\" \/>\n<link rel=\"canonical\" href=\"https:\/\/cpxzx.com\/es\/producto\/bola-ceramica-de-alumina-media\/\" \/>\n<meta property=\"og:locale\" content=\"es_ES\" \/>\n<meta property=\"og:type\" content=\"article\" \/>\n<meta property=\"og:title\" content=\"Mid-Alumina Ceramic Ball\" \/>\n<meta property=\"og:description\" content=\"Mid-Alumina Ceramic Ball with 65%-75% Al2O3 offers excellent wear resistance, high mechanical strength, and chemical stability, making it an ideal choice for industrial applications. Widely used as ceramic media balls, alumina grinding media, and alumina spheres, it ensures efficient grinding, long service life, and low maintenance costs. These mid-alumina balls are suitable for cement mills, ceramic production, chemical processing, mining, and petroleum industries. Their smooth surface reduces equipment abrasion while maintaining stable performance under continuous operation, providing a cost-effective solution between low and high alumina grinding media.\" \/>\n<meta property=\"og:url\" content=\"https:\/\/cpxzx.com\/es\/producto\/bola-ceramica-de-alumina-media\/\" \/>\n<meta property=\"og:site_name\" content=\"Cooling Tower Fill, China PVC Fills Manufacturer\" \/>\n<meta property=\"og:image\" content=\"https:\/\/cpxzx.com\/wp-content\/uploads\/2025\/09\/Mid-Alumina-Inert-Ceramic-Balls.jpg\" \/>\n\t<meta property=\"og:image:width\" content=\"550\" \/>\n\t<meta property=\"og:image:height\" content=\"550\" \/>\n\t<meta property=\"og:image:type\" content=\"image\/jpeg\" \/>\n<meta name=\"twitter:card\" content=\"summary_large_image\" \/>\n<meta name=\"twitter:label1\" content=\"Tiempo de lectura\" \/>\n\t<meta name=\"twitter:data1\" content=\"3 minutos\" \/>\n<script type=\"application\/ld+json\" class=\"yoast-schema-graph\">{\"@context\":\"https:\\\/\\\/schema.org\",\"@graph\":[{\"@type\":\"WebPage\",\"@id\":\"https:\\\/\\\/cpxzx.com\\\/product\\\/mid-alumina-ceramic-ball\\\/\",\"url\":\"https:\\\/\\\/cpxzx.com\\\/product\\\/mid-alumina-ceramic-ball\\\/\",\"name\":\"Mid-Alumina Ceramic Ball\",\"isPartOf\":{\"@id\":\"https:\\\/\\\/cpxzx.com\\\/#website\"},\"primaryImageOfPage\":{\"@id\":\"https:\\\/\\\/cpxzx.com\\\/product\\\/mid-alumina-ceramic-ball\\\/#primaryimage\"},\"image\":{\"@id\":\"https:\\\/\\\/cpxzx.com\\\/product\\\/mid-alumina-ceramic-ball\\\/#primaryimage\"},\"thumbnailUrl\":\"https:\\\/\\\/cpxzx.com\\\/wp-content\\\/uploads\\\/2025\\\/09\\\/Mid-Alumina-Inert-Ceramic-Balls.jpg\",\"datePublished\":\"2025-09-17T07:42:58+00:00\",\"breadcrumb\":{\"@id\":\"https:\\\/\\\/cpxzx.com\\\/product\\\/mid-alumina-ceramic-ball\\\/#breadcrumb\"},\"inLanguage\":\"es\",\"potentialAction\":[{\"@type\":\"ReadAction\",\"target\":[\"https:\\\/\\\/cpxzx.com\\\/product\\\/mid-alumina-ceramic-ball\\\/\"]}]},{\"@type\":\"ImageObject\",\"inLanguage\":\"es\",\"@id\":\"https:\\\/\\\/cpxzx.com\\\/product\\\/mid-alumina-ceramic-ball\\\/#primaryimage\",\"url\":\"https:\\\/\\\/cpxzx.com\\\/wp-content\\\/uploads\\\/2025\\\/09\\\/Mid-Alumina-Inert-Ceramic-Balls.jpg\",\"contentUrl\":\"https:\\\/\\\/cpxzx.com\\\/wp-content\\\/uploads\\\/2025\\\/09\\\/Mid-Alumina-Inert-Ceramic-Balls.jpg\",\"width\":550,\"height\":550,\"caption\":\"Mid-Alumina Inert Ceramic Balls\"},{\"@type\":\"BreadcrumbList\",\"@id\":\"https:\\\/\\\/cpxzx.com\\\/product\\\/mid-alumina-ceramic-ball\\\/#breadcrumb\",\"itemListElement\":[{\"@type\":\"ListItem\",\"position\":1,\"name\":\"Home\",\"item\":\"https:\\\/\\\/cpxzx.com\\\/\"},{\"@type\":\"ListItem\",\"position\":2,\"name\":\"Ceramic Balls\",\"item\":\"https:\\\/\\\/cpxzx.com\\\/pcategory\\\/ceramic-balls\\\/\"},{\"@type\":\"ListItem\",\"position\":3,\"name\":\"Mid-Alumina Ceramic Balls 3-10mm \u2013 Alumina Grinding Media &#038; Inert Porcelain Support Balls\"}]},{\"@type\":\"WebSite\",\"@id\":\"https:\\\/\\\/cpxzx.com\\\/#website\",\"url\":\"https:\\\/\\\/cpxzx.com\\\/\",\"name\":\"Cooling Tower Fill, China PVC Fills Manufacturer\",\"description\":\"\",\"publisher\":{\"@id\":\"https:\\\/\\\/cpxzx.com\\\/#organization\"},\"potentialAction\":[{\"@type\":\"SearchAction\",\"target\":{\"@type\":\"EntryPoint\",\"urlTemplate\":\"https:\\\/\\\/cpxzx.com\\\/?s={search_term_string}\"},\"query-input\":{\"@type\":\"PropertyValueSpecification\",\"valueRequired\":true,\"valueName\":\"search_term_string\"}}],\"inLanguage\":\"es\"},{\"@type\":\"Organization\",\"@id\":\"https:\\\/\\\/cpxzx.com\\\/#organization\",\"name\":\"Cooling Tower Fill, China PVC Fills Manufacturer\",\"url\":\"https:\\\/\\\/cpxzx.com\\\/\",\"logo\":{\"@type\":\"ImageObject\",\"inLanguage\":\"es\",\"@id\":\"https:\\\/\\\/cpxzx.com\\\/#\\\/schema\\\/logo\\\/image\\\/\",\"url\":\"https:\\\/\\\/cpxzx.com\\\/wp-content\\\/uploads\\\/2025\\\/07\\\/1751628807-logo.png\",\"contentUrl\":\"https:\\\/\\\/cpxzx.com\\\/wp-content\\\/uploads\\\/2025\\\/07\\\/1751628807-logo.png\",\"width\":383,\"height\":87,\"caption\":\"Cooling Tower Fill, China PVC Fills Manufacturer\"},\"image\":{\"@id\":\"https:\\\/\\\/cpxzx.com\\\/#\\\/schema\\\/logo\\\/image\\\/\"}}]}<\/script>\n<!-- \/ Yoast SEO plugin. -->","yoast_head_json":{"title":"Bola cer\u00e1mica de al\u00famina media","robots":{"index":"index","follow":"follow","max-snippet":"max-snippet:-1","max-image-preview":"max-image-preview:large","max-video-preview":"max-video-preview:-1"},"canonical":"https:\/\/cpxzx.com\/es\/producto\/bola-ceramica-de-alumina-media\/","og_locale":"es_ES","og_type":"article","og_title":"Mid-Alumina Ceramic Ball","og_description":"Mid-Alumina Ceramic Ball with 65%-75% Al2O3 offers excellent wear resistance, high mechanical strength, and chemical stability, making it an ideal choice for industrial applications. Widely used as ceramic media balls, alumina grinding media, and alumina spheres, it ensures efficient grinding, long service life, and low maintenance costs. These mid-alumina balls are suitable for cement mills, ceramic production, chemical processing, mining, and petroleum industries. Their smooth surface reduces equipment abrasion while maintaining stable performance under continuous operation, providing a cost-effective solution between low and high alumina grinding media.","og_url":"https:\/\/cpxzx.com\/es\/producto\/bola-ceramica-de-alumina-media\/","og_site_name":"Cooling Tower Fill, China PVC Fills Manufacturer","og_image":[{"width":550,"height":550,"url":"https:\/\/cpxzx.com\/wp-content\/uploads\/2025\/09\/Mid-Alumina-Inert-Ceramic-Balls.jpg","type":"image\/jpeg"}],"twitter_card":"summary_large_image","twitter_misc":{"Tiempo de lectura":"3 minutos"},"schema":{"@context":"https:\/\/schema.org","@graph":[{"@type":"WebPage","@id":"https:\/\/cpxzx.com\/product\/mid-alumina-ceramic-ball\/","url":"https:\/\/cpxzx.com\/product\/mid-alumina-ceramic-ball\/","name":"Bola cer\u00e1mica de al\u00famina media","isPartOf":{"@id":"https:\/\/cpxzx.com\/#website"},"primaryImageOfPage":{"@id":"https:\/\/cpxzx.com\/product\/mid-alumina-ceramic-ball\/#primaryimage"},"image":{"@id":"https:\/\/cpxzx.com\/product\/mid-alumina-ceramic-ball\/#primaryimage"},"thumbnailUrl":"https:\/\/cpxzx.com\/wp-content\/uploads\/2025\/09\/Mid-Alumina-Inert-Ceramic-Balls.jpg","datePublished":"2025-09-17T07:42:58+00:00","breadcrumb":{"@id":"https:\/\/cpxzx.com\/product\/mid-alumina-ceramic-ball\/#breadcrumb"},"inLanguage":"es","potentialAction":[{"@type":"ReadAction","target":["https:\/\/cpxzx.com\/product\/mid-alumina-ceramic-ball\/"]}]},{"@type":"ImageObject","inLanguage":"es","@id":"https:\/\/cpxzx.com\/product\/mid-alumina-ceramic-ball\/#primaryimage","url":"https:\/\/cpxzx.com\/wp-content\/uploads\/2025\/09\/Mid-Alumina-Inert-Ceramic-Balls.jpg","contentUrl":"https:\/\/cpxzx.com\/wp-content\/uploads\/2025\/09\/Mid-Alumina-Inert-Ceramic-Balls.jpg","width":550,"height":550,"caption":"Mid-Alumina Inert Ceramic Balls"},{"@type":"BreadcrumbList","@id":"https:\/\/cpxzx.com\/product\/mid-alumina-ceramic-ball\/#breadcrumb","itemListElement":[{"@type":"ListItem","position":1,"name":"Home","item":"https:\/\/cpxzx.com\/"},{"@type":"ListItem","position":2,"name":"Ceramic Balls","item":"https:\/\/cpxzx.com\/pcategory\/ceramic-balls\/"},{"@type":"ListItem","position":3,"name":"Mid-Alumina Ceramic Balls 3-10mm \u2013 Alumina Grinding Media &#038; Inert Porcelain Support Balls"}]},{"@type":"WebSite","@id":"https:\/\/cpxzx.com\/#website","url":"https:\/\/cpxzx.com\/","name":"Relleno de torre de refrigeraci\u00f3n, Fabricante de rellenos de PVC en China","description":"","publisher":{"@id":"https:\/\/cpxzx.com\/#organization"},"potentialAction":[{"@type":"SearchAction","target":{"@type":"EntryPoint","urlTemplate":"https:\/\/cpxzx.com\/?s={search_term_string}"},"query-input":{"@type":"PropertyValueSpecification","valueRequired":true,"valueName":"search_term_string"}}],"inLanguage":"es"},{"@type":"Organization","@id":"https:\/\/cpxzx.com\/#organization","name":"Relleno de torre de refrigeraci\u00f3n, Fabricante de rellenos de PVC en China","url":"https:\/\/cpxzx.com\/","logo":{"@type":"ImageObject","inLanguage":"es","@id":"https:\/\/cpxzx.com\/#\/schema\/logo\/image\/","url":"https:\/\/cpxzx.com\/wp-content\/uploads\/2025\/07\/1751628807-logo.png","contentUrl":"https:\/\/cpxzx.com\/wp-content\/uploads\/2025\/07\/1751628807-logo.png","width":383,"height":87,"caption":"Cooling Tower Fill, China PVC Fills Manufacturer"},"image":{"@id":"https:\/\/cpxzx.com\/#\/schema\/logo\/image\/"}}]}},"taxonomy_info":{"pcategory":[{"value":27,"label":"Ceramic Balls"}]},"featured_image_src_large":["https:\/\/cpxzx.com\/wp-content\/uploads\/2025\/09\/Mid-Alumina-Inert-Ceramic-Balls.jpg",550,550,false],"author_info":[],"comment_info":"","_links":{"self":[{"href":"https:\/\/cpxzx.com\/es\/wp-json\/wp\/v2\/product\/3032","targetHints":{"allow":["GET"]}}],"collection":[{"href":"https:\/\/cpxzx.com\/es\/wp-json\/wp\/v2\/product"}],"about":[{"href":"https:\/\/cpxzx.com\/es\/wp-json\/wp\/v2\/types\/product"}],"wp:featuredmedia":[{"embeddable":true,"href":"https:\/\/cpxzx.com\/es\/wp-json\/wp\/v2\/media\/3035"}],"wp:attachment":[{"href":"https:\/\/cpxzx.com\/es\/wp-json\/wp\/v2\/media?parent=3032"}],"wp:term":[{"taxonomy":"pcategory","embeddable":true,"href":"https:\/\/cpxzx.com\/es\/wp-json\/wp\/v2\/pcategory?post=3032"},{"taxonomy":"ptag","embeddable":true,"href":"https:\/\/cpxzx.com\/es\/wp-json\/wp\/v2\/ptag?post=3032"}],"curies":[{"name":"wp","href":"https:\/\/api.w.org\/{rel}","templated":true}]}}