{"id":3028,"date":"2025-09-16T07:04:48","date_gmt":"2025-09-16T07:04:48","guid":{"rendered":"https:\/\/cpxzx.com\/?post_type=product&#038;p=3028"},"modified":"2025-09-15T08:04:51","modified_gmt":"2025-09-15T08:04:51","slug":"grinding-ball","status":"publish","type":"product","link":"https:\/\/cpxzx.com\/es\/producto\/grinding-ball\/","title":{"rendered":"Bolas de Al\u00famina 92% 95% Al2O3 para molienda fina"},"content":{"rendered":"<p>23% Al2O3 Inerte <strong>Bolas cer\u00e1micas de al\u00famina<\/strong>conocidos tambi\u00e9n como medios de soporte de catalizadores, son los materiales de soporte m\u00e1s utilizados en las industrias qu\u00edmica y petrolera. Se fabrican a partir de arcilla qu\u00edmico-porcel\u00e1nica de alta calidad con propiedades estables, alta resistencia mec\u00e1nica y excelente resistencia al choque t\u00e9rmico. Estas bolas cer\u00e1micas inertes garantizan un rendimiento fiable en condiciones de alta temperatura y alta presi\u00f3n.<\/p>\n<p>Las bolas de cer\u00e1mica tienen baja absorci\u00f3n de agua, propiedades qu\u00edmicas estables y gran resistencia a \u00e1cidos, \u00e1lcalis y diversos disolventes org\u00e1nicos. Pueden soportar frecuentes cambios de temperatura durante los procesos de producci\u00f3n. Su funci\u00f3n principal es aumentar la distribuci\u00f3n de gases o l\u00edquidos, servir de soporte a los catalizadores activos y proteger el lecho catal\u00edtico dentro de los reactores. Con una estabilidad y durabilidad demostradas, las bolas de cer\u00e1mica de al\u00famina inerte se aplican ampliamente en las industrias de refinado de petr\u00f3leo, procesamiento qu\u00edmico, producci\u00f3n de fertilizantes, gas natural y protecci\u00f3n del medio ambiente.<\/p>\n<p>Las bolas de molienda de cer\u00e1mica est\u00e1n dise\u00f1adas para la molienda en seco y en h\u00famedo. Las bolas de molienda de cer\u00e1mica son conocidas por su baja contaminaci\u00f3n y su excelente resistencia al desgaste. Las bolas de molienda de al\u00famina se aplican ampliamente en la molienda fina de materiales cer\u00e1micos, pigmentos, esmaltes y polvos avanzados. Estas bolas de molienda garantizan unos resultados de molienda fiables y eficaces.<\/p>\n<h2>Caracter\u00edstica<\/h2>\n<ul>\n<li>Gran dureza y excelente resistencia al desgaste.<\/li>\n<li>Eficacia de molienda estable con un rendimiento constante.<\/li>\n<li>Baja contaminaci\u00f3n, adecuada para el rectificado de materiales sensibles.<\/li>\n<li>Disponibles en diferentes tama\u00f1os y materiales para satisfacer las necesidades industriales.<\/li>\n<li>Medios de molienda cer\u00e1micos fiables para una larga vida \u00fatil.<\/li>\n<\/ul>\n<h2>Especificaci\u00f3n<\/h2>\n<p>Las bolas de molienda est\u00e1n disponibles en diferentes especificaciones. Los tipos m\u00e1s comunes son las bolas de molienda de cer\u00e1mica y las bolas de molienda de al\u00famina. El contenido de al\u00famina suele ser superior a 92% o 95%. Los tama\u00f1os de las bolas oscilan entre unos pocos mil\u00edmetros y varios cent\u00edmetros. Se fabrican con alta densidad, gran dureza y redondez precisa.<\/p>\n<ul>\n<li>Material: Cer\u00e1mica, al\u00famina, circonio<\/li>\n<li>Contenido de al\u00famina: 92%, 95%, 99%<\/li>\n<li>Densidad: 3,6 - 3,9 g\/cm\u00b3<\/li>\n<li>Dureza: Mohs 9<\/li>\n<li>Gama de tama\u00f1os: 1 mm - 60 mm<\/li>\n<\/ul>\n<h2>Datos sobre el tama\u00f1o de los productos<\/h2>\n<table border=\"1\" cellspacing=\"0\" cellpadding=\"6\">\n<thead>\n<tr>\n<th>Espec.<br \/>\n(mm)<\/th>\n<th>Volumen<br \/>\n(cm\u00b3)<\/th>\n<th>Peso<br \/>\n(g\/pc)<\/th>\n<\/tr>\n<\/thead>\n<tbody>\n<tr>\n<td>\u03a630<\/td>\n<td>14 \u00b1 1.5<\/td>\n<td>43 \u00b1 2<\/td>\n<\/tr>\n<tr>\n<td>\u03a640<\/td>\n<td>25 \u00b1 1.5<\/td>\n<td>100 \u00b1 2<\/td>\n<\/tr>\n<tr>\n<td>\u03a650<\/td>\n<td>39 \u00b1 2<\/td>\n<td>193 \u00b1 2<\/td>\n<\/tr>\n<tr>\n<td>\u03a660<\/td>\n<td>58 \u00b1 2<\/td>\n<td>335 \u00b1 2<\/td>\n<\/tr>\n<\/tbody>\n<\/table>\n<h2>Ventaja<\/h2>\n<ul>\n<li>Mejora de la eficacia de la molienda con una distribuci\u00f3n uniforme del tama\u00f1o de las part\u00edculas.<\/li>\n<li>Medios de molienda cer\u00e1micos duraderos que prolongan la vida \u00fatil del equipo.<\/li>\n<li>Las bolas de molienda de al\u00famina reducen los costes y mejoran el rendimiento de la producci\u00f3n.<\/li>\n<li>Respetuoso con el medio ambiente y sin impurezas nocivas.<\/li>\n<li>Adecuado tanto para la molienda a escala de laboratorio como industrial.<\/li>\n<\/ul>\n<h2>Aplicaci\u00f3n<\/h2>\n<p>Las bolas de molienda se utilizan en molinos de bolas, molinos Attritor, molinos vibratorios y otros equipos de molienda. Los medios de molienda de cer\u00e1mica son adecuados para baldosas de cer\u00e1mica, procesamiento de minerales, pintura, revestimientos y electr\u00f3nica. Las bolas de molienda de cer\u00e1mica se aplican ampliamente en productos farmac\u00e9uticos, alimentos, pigmentos y qu\u00edmica fina. Las bolas de al\u00famina son las preferidas para la cer\u00e1mica avanzada, los materiales refractarios y la molienda de polvo de precisi\u00f3n. Con aplicaciones vers\u00e1tiles, las bolas de molienda cumplen los requisitos de m\u00faltiples industrias.<\/p>\n<h2>Paquete<\/h2>\n<p>Las bolas de molienda se embalan con envases resistentes y seguros para garantizar la calidad del producto durante el transporte. Entre los m\u00e9todos de envasado m\u00e1s comunes se encuentran los sacos tejidos, los bidones de pl\u00e1stico y los bidones de acero con pal\u00e9s. El embalaje est\u00e1ndar es de 25 kg por bolsa o 1000 kg por pal\u00e9. Embalaje personalizado tambi\u00e9n est\u00e1 disponible de acuerdo a los requerimientos del cliente. Todas las bolas de molienda, incluidos los medios de molienda de cer\u00e1mica y las bolas de molienda de al\u00famina, se embalan cuidadosamente para evitar la contaminaci\u00f3n y los da\u00f1os.<\/p>","protected":false},"excerpt":{"rendered":"<p><strong>Bola de molienda<\/strong> es un material clave para los procesos de trituraci\u00f3n y molienda. Se utiliza ampliamente en miner\u00eda, cemento, cer\u00e1mica, productos qu\u00edmicos y otras industrias. Las bolas de molienda mejoran la eficacia de la molienda, reducen el consumo de energ\u00eda y garantizan la calidad del producto. Los medios de molienda de cer\u00e1mica, las bolas de molienda de cer\u00e1mica y las bolas de molienda de al\u00famina son los tipos m\u00e1s populares debido a su alta dureza, larga vida \u00fatil y rendimiento estable.<\/p>","protected":false},"featured_media":3029,"parent":0,"template":"","meta":{"_acf_changed":false,"_kad_blocks_custom_css":"","_kad_blocks_head_custom_js":"","_kad_blocks_body_custom_js":"","_kad_blocks_footer_custom_js":"","_kadence_starter_templates_imported_post":false,"_kad_post_transparent":"default","_kad_post_title":"","_kad_post_layout":"default","_kad_post_sidebar_id":"","_kad_post_content_style":"default","_kad_post_vertical_padding":"default","_kad_post_feature":"","_kad_post_feature_position":"","_kad_post_header":false,"_kad_post_footer":false},"pcategory":[27],"ptag":[],"class_list":["post-3028","product","type-product","status-publish","has-post-thumbnail","hentry","pcategory-ceramic-balls"],"acf":[],"yoast_head":"<!-- This site is optimized with the Yoast SEO plugin v27.4 - https:\/\/yoast.com\/product\/yoast-seo-wordpress\/ -->\n<title>Grinding ball<\/title>\n<meta name=\"robots\" content=\"index, follow, max-snippet:-1, max-image-preview:large, max-video-preview:-1\" \/>\n<link rel=\"canonical\" href=\"https:\/\/cpxzx.com\/es\/producto\/grinding-ball\/\" \/>\n<meta property=\"og:locale\" content=\"es_ES\" \/>\n<meta property=\"og:type\" content=\"article\" \/>\n<meta property=\"og:title\" content=\"Grinding ball\" \/>\n<meta property=\"og:description\" content=\"Grinding ball is a key material for grinding and milling processes. It is widely used in mining, cement, ceramics, chemicals, and other industries. Grinding balls improve grinding efficiency, reduce energy consumption, and ensure product quality. Ceramic grinding media, ceramic grinding balls, and alumina grinding balls are the most popular types due to their high hardness, long service life, and stable performance.\" \/>\n<meta property=\"og:url\" content=\"https:\/\/cpxzx.com\/es\/producto\/grinding-ball\/\" \/>\n<meta property=\"og:site_name\" content=\"Cooling Tower Fill, China PVC Fills Manufacturer\" \/>\n<meta property=\"og:image\" content=\"https:\/\/cpxzx.com\/wp-content\/uploads\/2025\/09\/ceramic-grinding-balls.jpg\" \/>\n\t<meta property=\"og:image:width\" content=\"550\" \/>\n\t<meta property=\"og:image:height\" content=\"550\" \/>\n\t<meta property=\"og:image:type\" content=\"image\/jpeg\" \/>\n<meta name=\"twitter:card\" content=\"summary_large_image\" \/>\n<meta name=\"twitter:label1\" content=\"Tiempo de lectura\" \/>\n\t<meta name=\"twitter:data1\" content=\"3 minutos\" \/>\n<script type=\"application\/ld+json\" class=\"yoast-schema-graph\">{\"@context\":\"https:\\\/\\\/schema.org\",\"@graph\":[{\"@type\":\"WebPage\",\"@id\":\"https:\\\/\\\/cpxzx.com\\\/product\\\/grinding-ball\\\/\",\"url\":\"https:\\\/\\\/cpxzx.com\\\/product\\\/grinding-ball\\\/\",\"name\":\"Grinding ball\",\"isPartOf\":{\"@id\":\"https:\\\/\\\/cpxzx.com\\\/#website\"},\"primaryImageOfPage\":{\"@id\":\"https:\\\/\\\/cpxzx.com\\\/product\\\/grinding-ball\\\/#primaryimage\"},\"image\":{\"@id\":\"https:\\\/\\\/cpxzx.com\\\/product\\\/grinding-ball\\\/#primaryimage\"},\"thumbnailUrl\":\"https:\\\/\\\/cpxzx.com\\\/wp-content\\\/uploads\\\/2025\\\/09\\\/ceramic-grinding-balls.jpg\",\"datePublished\":\"2025-09-16T07:04:48+00:00\",\"breadcrumb\":{\"@id\":\"https:\\\/\\\/cpxzx.com\\\/product\\\/grinding-ball\\\/#breadcrumb\"},\"inLanguage\":\"es\",\"potentialAction\":[{\"@type\":\"ReadAction\",\"target\":[\"https:\\\/\\\/cpxzx.com\\\/product\\\/grinding-ball\\\/\"]}]},{\"@type\":\"ImageObject\",\"inLanguage\":\"es\",\"@id\":\"https:\\\/\\\/cpxzx.com\\\/product\\\/grinding-ball\\\/#primaryimage\",\"url\":\"https:\\\/\\\/cpxzx.com\\\/wp-content\\\/uploads\\\/2025\\\/09\\\/ceramic-grinding-balls.jpg\",\"contentUrl\":\"https:\\\/\\\/cpxzx.com\\\/wp-content\\\/uploads\\\/2025\\\/09\\\/ceramic-grinding-balls.jpg\",\"width\":550,\"height\":550,\"caption\":\"ceramic grinding balls\"},{\"@type\":\"BreadcrumbList\",\"@id\":\"https:\\\/\\\/cpxzx.com\\\/product\\\/grinding-ball\\\/#breadcrumb\",\"itemListElement\":[{\"@type\":\"ListItem\",\"position\":1,\"name\":\"Home\",\"item\":\"https:\\\/\\\/cpxzx.com\\\/\"},{\"@type\":\"ListItem\",\"position\":2,\"name\":\"Ceramic Balls\",\"item\":\"https:\\\/\\\/cpxzx.com\\\/pcategory\\\/ceramic-balls\\\/\"},{\"@type\":\"ListItem\",\"position\":3,\"name\":\"Alumina Grinding Ball 92% 95% Al2O3 Ceramic Media for Fine Grinding\"}]},{\"@type\":\"WebSite\",\"@id\":\"https:\\\/\\\/cpxzx.com\\\/#website\",\"url\":\"https:\\\/\\\/cpxzx.com\\\/\",\"name\":\"Cooling Tower Fill, China PVC Fills Manufacturer\",\"description\":\"\",\"publisher\":{\"@id\":\"https:\\\/\\\/cpxzx.com\\\/#organization\"},\"potentialAction\":[{\"@type\":\"SearchAction\",\"target\":{\"@type\":\"EntryPoint\",\"urlTemplate\":\"https:\\\/\\\/cpxzx.com\\\/?s={search_term_string}\"},\"query-input\":{\"@type\":\"PropertyValueSpecification\",\"valueRequired\":true,\"valueName\":\"search_term_string\"}}],\"inLanguage\":\"es\"},{\"@type\":\"Organization\",\"@id\":\"https:\\\/\\\/cpxzx.com\\\/#organization\",\"name\":\"Cooling Tower Fill, China PVC Fills Manufacturer\",\"url\":\"https:\\\/\\\/cpxzx.com\\\/\",\"logo\":{\"@type\":\"ImageObject\",\"inLanguage\":\"es\",\"@id\":\"https:\\\/\\\/cpxzx.com\\\/#\\\/schema\\\/logo\\\/image\\\/\",\"url\":\"https:\\\/\\\/cpxzx.com\\\/wp-content\\\/uploads\\\/2025\\\/07\\\/1751628807-logo.png\",\"contentUrl\":\"https:\\\/\\\/cpxzx.com\\\/wp-content\\\/uploads\\\/2025\\\/07\\\/1751628807-logo.png\",\"width\":383,\"height\":87,\"caption\":\"Cooling Tower Fill, China PVC Fills Manufacturer\"},\"image\":{\"@id\":\"https:\\\/\\\/cpxzx.com\\\/#\\\/schema\\\/logo\\\/image\\\/\"}}]}<\/script>\n<!-- \/ Yoast SEO plugin. -->","yoast_head_json":{"title":"Bola de molienda","robots":{"index":"index","follow":"follow","max-snippet":"max-snippet:-1","max-image-preview":"max-image-preview:large","max-video-preview":"max-video-preview:-1"},"canonical":"https:\/\/cpxzx.com\/es\/producto\/grinding-ball\/","og_locale":"es_ES","og_type":"article","og_title":"Grinding ball","og_description":"Grinding ball is a key material for grinding and milling processes. It is widely used in mining, cement, ceramics, chemicals, and other industries. Grinding balls improve grinding efficiency, reduce energy consumption, and ensure product quality. Ceramic grinding media, ceramic grinding balls, and alumina grinding balls are the most popular types due to their high hardness, long service life, and stable performance.","og_url":"https:\/\/cpxzx.com\/es\/producto\/grinding-ball\/","og_site_name":"Cooling Tower Fill, China PVC Fills Manufacturer","og_image":[{"width":550,"height":550,"url":"https:\/\/cpxzx.com\/wp-content\/uploads\/2025\/09\/ceramic-grinding-balls.jpg","type":"image\/jpeg"}],"twitter_card":"summary_large_image","twitter_misc":{"Tiempo de lectura":"3 minutos"},"schema":{"@context":"https:\/\/schema.org","@graph":[{"@type":"WebPage","@id":"https:\/\/cpxzx.com\/product\/grinding-ball\/","url":"https:\/\/cpxzx.com\/product\/grinding-ball\/","name":"Bola de molienda","isPartOf":{"@id":"https:\/\/cpxzx.com\/#website"},"primaryImageOfPage":{"@id":"https:\/\/cpxzx.com\/product\/grinding-ball\/#primaryimage"},"image":{"@id":"https:\/\/cpxzx.com\/product\/grinding-ball\/#primaryimage"},"thumbnailUrl":"https:\/\/cpxzx.com\/wp-content\/uploads\/2025\/09\/ceramic-grinding-balls.jpg","datePublished":"2025-09-16T07:04:48+00:00","breadcrumb":{"@id":"https:\/\/cpxzx.com\/product\/grinding-ball\/#breadcrumb"},"inLanguage":"es","potentialAction":[{"@type":"ReadAction","target":["https:\/\/cpxzx.com\/product\/grinding-ball\/"]}]},{"@type":"ImageObject","inLanguage":"es","@id":"https:\/\/cpxzx.com\/product\/grinding-ball\/#primaryimage","url":"https:\/\/cpxzx.com\/wp-content\/uploads\/2025\/09\/ceramic-grinding-balls.jpg","contentUrl":"https:\/\/cpxzx.com\/wp-content\/uploads\/2025\/09\/ceramic-grinding-balls.jpg","width":550,"height":550,"caption":"ceramic grinding balls"},{"@type":"BreadcrumbList","@id":"https:\/\/cpxzx.com\/product\/grinding-ball\/#breadcrumb","itemListElement":[{"@type":"ListItem","position":1,"name":"Home","item":"https:\/\/cpxzx.com\/"},{"@type":"ListItem","position":2,"name":"Ceramic Balls","item":"https:\/\/cpxzx.com\/pcategory\/ceramic-balls\/"},{"@type":"ListItem","position":3,"name":"Alumina Grinding Ball 92% 95% Al2O3 Ceramic Media for Fine Grinding"}]},{"@type":"WebSite","@id":"https:\/\/cpxzx.com\/#website","url":"https:\/\/cpxzx.com\/","name":"Relleno de torre de refrigeraci\u00f3n, Fabricante de rellenos de PVC en China","description":"","publisher":{"@id":"https:\/\/cpxzx.com\/#organization"},"potentialAction":[{"@type":"SearchAction","target":{"@type":"EntryPoint","urlTemplate":"https:\/\/cpxzx.com\/?s={search_term_string}"},"query-input":{"@type":"PropertyValueSpecification","valueRequired":true,"valueName":"search_term_string"}}],"inLanguage":"es"},{"@type":"Organization","@id":"https:\/\/cpxzx.com\/#organization","name":"Relleno de torre de refrigeraci\u00f3n, Fabricante de rellenos de PVC en China","url":"https:\/\/cpxzx.com\/","logo":{"@type":"ImageObject","inLanguage":"es","@id":"https:\/\/cpxzx.com\/#\/schema\/logo\/image\/","url":"https:\/\/cpxzx.com\/wp-content\/uploads\/2025\/07\/1751628807-logo.png","contentUrl":"https:\/\/cpxzx.com\/wp-content\/uploads\/2025\/07\/1751628807-logo.png","width":383,"height":87,"caption":"Cooling Tower Fill, China PVC Fills Manufacturer"},"image":{"@id":"https:\/\/cpxzx.com\/#\/schema\/logo\/image\/"}}]}},"taxonomy_info":{"pcategory":[{"value":27,"label":"Ceramic Balls"}]},"featured_image_src_large":["https:\/\/cpxzx.com\/wp-content\/uploads\/2025\/09\/ceramic-grinding-balls.jpg",550,550,false],"author_info":[],"comment_info":"","_links":{"self":[{"href":"https:\/\/cpxzx.com\/es\/wp-json\/wp\/v2\/product\/3028","targetHints":{"allow":["GET"]}}],"collection":[{"href":"https:\/\/cpxzx.com\/es\/wp-json\/wp\/v2\/product"}],"about":[{"href":"https:\/\/cpxzx.com\/es\/wp-json\/wp\/v2\/types\/product"}],"wp:featuredmedia":[{"embeddable":true,"href":"https:\/\/cpxzx.com\/es\/wp-json\/wp\/v2\/media\/3029"}],"wp:attachment":[{"href":"https:\/\/cpxzx.com\/es\/wp-json\/wp\/v2\/media?parent=3028"}],"wp:term":[{"taxonomy":"pcategory","embeddable":true,"href":"https:\/\/cpxzx.com\/es\/wp-json\/wp\/v2\/pcategory?post=3028"},{"taxonomy":"ptag","embeddable":true,"href":"https:\/\/cpxzx.com\/es\/wp-json\/wp\/v2\/ptag?post=3028"}],"curies":[{"name":"wp","href":"https:\/\/api.w.org\/{rel}","templated":true}]}}