{"id":3026,"date":"2025-09-15T06:58:41","date_gmt":"2025-09-15T06:58:41","guid":{"rendered":"https:\/\/cpxzx.com\/?post_type=product&#038;p=3026"},"modified":"2025-09-15T06:58:41","modified_gmt":"2025-09-15T06:58:41","slug":"porous-ceramic-ball","status":"publish","type":"product","link":"https:\/\/cpxzx.com\/es\/producto\/porous-ceramic-ball\/","title":{"rendered":"3mm 6mm 10mm Bola cer\u00e1mica porosa"},"content":{"rendered":"<p><strong>Bola cer\u00e1mica porosa<\/strong> es un material industrial de alta calidad fabricado a partir de al\u00famina refinada y porcelana. Con una estructura porosa especial, ofrece una gran superficie, una excelente resistencia t\u00e9rmica y una gran resistencia mec\u00e1nica. La bola se utiliza ampliamente en aplicaciones qu\u00edmicas, petroqu\u00edmicas, de tratamiento de aguas y medioambientales. En comparaci\u00f3n con las bolas de porcelana ordinarias, la Bola de Cer\u00e1mica Porosa muestra una mejor capacidad de adsorci\u00f3n y una vida \u00fatil m\u00e1s larga. Para las industrias que buscan bolas de cer\u00e1mica fiables para la venta, este producto es una opci\u00f3n perfecta.<\/p>\n<h2>Caracter\u00edstica<\/h2>\n<ul>\n<li>Fabricado con material de al\u00famina y porcelana de alta calidad.<\/li>\n<li>La estructura porosa aumenta la superficie y mejora la eficacia.<\/li>\n<li>Excelente resistencia t\u00e9rmica y qu\u00edmica.<\/li>\n<li>Distribuci\u00f3n uniforme de los poros para un rendimiento estable.<\/li>\n<li>Disponibles en varios tama\u00f1os para satisfacer diferentes necesidades industriales.<\/li>\n<li>Ampliamente reconocida como una de las bolas de cer\u00e1mica m\u00e1s duraderas en venta.<\/li>\n<\/ul>\n<h2>Especificaci\u00f3n<\/h2>\n<ul>\n<li>Material: Al\u00famina, porcelana<\/li>\n<li>Porosidad: Distribuci\u00f3n elevada y uniforme<\/li>\n<li>Tama\u00f1os: 1 mm - 50 mm (tama\u00f1os personalizados disponibles)<\/li>\n<li>Densidad aparente: Estructura ligera pero resistente<\/li>\n<li>Forma Esfera<\/li>\n<li>Color: Blanco o blanquecino<\/li>\n<\/ul>\n<p>Estas especificaciones hacen que la Bola de Cer\u00e1mica Porosa sea m\u00e1s eficaz que las bolas de porcelana est\u00e1ndar, garantizando una mayor eficiencia en las aplicaciones industriales.<\/p>\n<h2>Ventaja<\/h2>\n<ul>\n<li>Alta resistencia y larga vida \u00fatil.<\/li>\n<li>Excelente resistencia a las altas temperaturas y a la corrosi\u00f3n.<\/li>\n<li>Respetuoso con el medio ambiente y reutilizable.<\/li>\n<li>Mejora la distribuci\u00f3n gas-l\u00edquido en las torres.<\/li>\n<li>Menores costes de sustituci\u00f3n y mantenimiento.<\/li>\n<li>Mejor adsorci\u00f3n y eficacia en comparaci\u00f3n con las bolas de porcelana tradicionales.<\/li>\n<\/ul>\n<p>A la hora de elegir bolas de cer\u00e1mica para la venta, muchos clientes prefieren el tipo poroso debido a su excelente rendimiento y rentabilidad.<\/p>\n<h2>Aplicaci\u00f3n<\/h2>\n<ul>\n<li>Apoyo a los catalizadores en las industrias qu\u00edmica y petroqu\u00edmica.<\/li>\n<li>Embalaje de torre para procesos de absorci\u00f3n y destilaci\u00f3n.<\/li>\n<li>Proyectos de tratamiento de aguas y protecci\u00f3n del medio ambiente.<\/li>\n<li>Almacenamiento de calor y sistemas de ahorro de energ\u00eda.<\/li>\n<li>Medios de molienda en cer\u00e1mica y metalurgia.<\/li>\n<\/ul>\n<p>Tanto si necesita bolas de porcelana para la industria en general como bolas de cer\u00e1mica especializadas en venta para grandes proyectos, la bola de cer\u00e1mica porosa es una soluci\u00f3n excelente.<\/p>\n<h2>Tama\u00f1o disponible y resistencia al aplastamiento<\/h2>\n<table border=\"1\" cellspacing=\"0\" cellpadding=\"6\">\n<thead>\n<tr>\n<th>Talla<\/th>\n<th>Resistencia al aplastamiento<br \/>\n(Kg\/part\u00edcula)<\/th>\n<th>Resistencia al aplastamiento<br \/>\n(KN\/part\u00edcula)<\/th>\n<\/tr>\n<\/thead>\n<tbody>\n<tr>\n<td>3 mm (1\/8 pulgada)<\/td>\n<td>&gt;35<\/td>\n<td>&gt;0.35<\/td>\n<\/tr>\n<tr>\n<td>6 mm (1\/4 pulgada)<\/td>\n<td>&gt;60<\/td>\n<td>&gt;0.60<\/td>\n<\/tr>\n<tr>\n<td>3\/8 de pulgada (10 mm)<\/td>\n<td>&gt;85<\/td>\n<td>&gt;0.85<\/td>\n<\/tr>\n<tr>\n<td>13 mm (1\/2 pulgada)<\/td>\n<td>&gt;185<\/td>\n<td>&gt;1.85<\/td>\n<\/tr>\n<tr>\n<td>3\/4 de pulgada (19 mm)<\/td>\n<td>&gt;487<\/td>\n<td>&gt;4.87<\/td>\n<\/tr>\n<tr>\n<td>25 mm (1 pulgada)<\/td>\n<td>&gt;850<\/td>\n<td>&gt;8.5<\/td>\n<\/tr>\n<tr>\n<td>38 mm (1-1\/2 pulgada)<\/td>\n<td>&gt;1200<\/td>\n<td>&gt;12<\/td>\n<\/tr>\n<tr>\n<td>2 pulgadas (50 mm)<\/td>\n<td>&gt;5600<\/td>\n<td>&gt;56<\/td>\n<\/tr>\n<\/tbody>\n<\/table>\n<h2>Paquete<\/h2>\n<p>La Bola de Cer\u00e1mica Porosa suele envasarse en bolsas tejidas, bidones de pl\u00e1stico o cajas de madera. El embalaje garantiza la seguridad del transporte y el almacenamiento a largo plazo. Los pedidos a granel est\u00e1n disponibles para clientes industriales de todo el mundo. Los clientes que busquen bolas de porcelana duraderas o bolas de cer\u00e1mica de primera calidad en venta recibir\u00e1n de nuestra empresa un embalaje fiable y una entrega r\u00e1pida.<\/p>","protected":false},"excerpt":{"rendered":"<p>La bola cer\u00e1mica perforada se desarrolla a partir de una bola cer\u00e1mica inerte. Ofrece una gran resistencia mec\u00e1nica y estabilidad qu\u00edmica y t\u00e9rmica, al tiempo que proporciona una mayor superficie y huecos libres. Esto mejora la dispersi\u00f3n de fluidos, aumenta el flujo y reduce la resistencia. Como soporte eficaz de catalizadores y material de recubrimiento, se utiliza ampliamente en refiner\u00edas de petr\u00f3leo, industrias qu\u00edmicas, de fertilizantes, de gas natural y medioambientales.<\/p>","protected":false},"featured_media":3027,"parent":0,"template":"","meta":{"_acf_changed":false,"_kad_blocks_custom_css":"","_kad_blocks_head_custom_js":"","_kad_blocks_body_custom_js":"","_kad_blocks_footer_custom_js":"","_kadence_starter_templates_imported_post":false,"_kad_post_transparent":"default","_kad_post_title":"","_kad_post_layout":"default","_kad_post_sidebar_id":"","_kad_post_content_style":"default","_kad_post_vertical_padding":"default","_kad_post_feature":"","_kad_post_feature_position":"","_kad_post_header":false,"_kad_post_footer":false},"pcategory":[27],"ptag":[],"class_list":["post-3026","product","type-product","status-publish","has-post-thumbnail","hentry","pcategory-ceramic-balls"],"acf":[],"yoast_head":"<!-- This site is optimized with the Yoast SEO plugin v27.4 - https:\/\/yoast.com\/product\/yoast-seo-wordpress\/ -->\n<title>Porous Ceramic Ball<\/title>\n<meta name=\"robots\" content=\"index, follow, max-snippet:-1, max-image-preview:large, max-video-preview:-1\" \/>\n<link rel=\"canonical\" href=\"https:\/\/cpxzx.com\/es\/producto\/porous-ceramic-ball\/\" \/>\n<meta property=\"og:locale\" content=\"es_ES\" \/>\n<meta property=\"og:type\" content=\"article\" \/>\n<meta property=\"og:title\" content=\"Porous Ceramic Ball\" \/>\n<meta property=\"og:description\" content=\"Perforated ceramic ball is developed from inert ceramic ball. It offers high mechanical strength, chemical and thermal stability, while providing larger surface area and free voids. This improves fluid dispersion, increases flow, and reduces resistance. As an efficient catalyst support and covering material, it is widely used in oil refining, chemical, fertilizer, natural gas, and environmental industries.\" \/>\n<meta property=\"og:url\" content=\"https:\/\/cpxzx.com\/es\/producto\/porous-ceramic-ball\/\" \/>\n<meta property=\"og:site_name\" content=\"Cooling Tower Fill, China PVC Fills Manufacturer\" \/>\n<meta property=\"og:image\" content=\"https:\/\/cpxzx.com\/wp-content\/uploads\/2025\/09\/Porous-Ceramic-Ball.jpg\" \/>\n\t<meta property=\"og:image:width\" content=\"470\" \/>\n\t<meta property=\"og:image:height\" content=\"470\" \/>\n\t<meta property=\"og:image:type\" content=\"image\/jpeg\" \/>\n<meta name=\"twitter:card\" content=\"summary_large_image\" \/>\n<meta name=\"twitter:label1\" content=\"Tiempo de lectura\" \/>\n\t<meta name=\"twitter:data1\" content=\"2 minutos\" \/>\n<script type=\"application\/ld+json\" class=\"yoast-schema-graph\">{\"@context\":\"https:\\\/\\\/schema.org\",\"@graph\":[{\"@type\":\"WebPage\",\"@id\":\"https:\\\/\\\/cpxzx.com\\\/product\\\/porous-ceramic-ball\\\/\",\"url\":\"https:\\\/\\\/cpxzx.com\\\/product\\\/porous-ceramic-ball\\\/\",\"name\":\"Porous Ceramic Ball\",\"isPartOf\":{\"@id\":\"https:\\\/\\\/cpxzx.com\\\/#website\"},\"primaryImageOfPage\":{\"@id\":\"https:\\\/\\\/cpxzx.com\\\/product\\\/porous-ceramic-ball\\\/#primaryimage\"},\"image\":{\"@id\":\"https:\\\/\\\/cpxzx.com\\\/product\\\/porous-ceramic-ball\\\/#primaryimage\"},\"thumbnailUrl\":\"https:\\\/\\\/cpxzx.com\\\/wp-content\\\/uploads\\\/2025\\\/09\\\/Porous-Ceramic-Ball.jpg\",\"datePublished\":\"2025-09-15T06:58:41+00:00\",\"breadcrumb\":{\"@id\":\"https:\\\/\\\/cpxzx.com\\\/product\\\/porous-ceramic-ball\\\/#breadcrumb\"},\"inLanguage\":\"es\",\"potentialAction\":[{\"@type\":\"ReadAction\",\"target\":[\"https:\\\/\\\/cpxzx.com\\\/product\\\/porous-ceramic-ball\\\/\"]}]},{\"@type\":\"ImageObject\",\"inLanguage\":\"es\",\"@id\":\"https:\\\/\\\/cpxzx.com\\\/product\\\/porous-ceramic-ball\\\/#primaryimage\",\"url\":\"https:\\\/\\\/cpxzx.com\\\/wp-content\\\/uploads\\\/2025\\\/09\\\/Porous-Ceramic-Ball.jpg\",\"contentUrl\":\"https:\\\/\\\/cpxzx.com\\\/wp-content\\\/uploads\\\/2025\\\/09\\\/Porous-Ceramic-Ball.jpg\",\"width\":470,\"height\":470,\"caption\":\"Porous-Ceramic-Ball\"},{\"@type\":\"BreadcrumbList\",\"@id\":\"https:\\\/\\\/cpxzx.com\\\/product\\\/porous-ceramic-ball\\\/#breadcrumb\",\"itemListElement\":[{\"@type\":\"ListItem\",\"position\":1,\"name\":\"Home\",\"item\":\"https:\\\/\\\/cpxzx.com\\\/\"},{\"@type\":\"ListItem\",\"position\":2,\"name\":\"Ceramic Balls\",\"item\":\"https:\\\/\\\/cpxzx.com\\\/pcategory\\\/ceramic-balls\\\/\"},{\"@type\":\"ListItem\",\"position\":3,\"name\":\"3mm 6mm 10mm Porous Ceramic Ball\"}]},{\"@type\":\"WebSite\",\"@id\":\"https:\\\/\\\/cpxzx.com\\\/#website\",\"url\":\"https:\\\/\\\/cpxzx.com\\\/\",\"name\":\"Cooling Tower Fill, China PVC Fills Manufacturer\",\"description\":\"\",\"publisher\":{\"@id\":\"https:\\\/\\\/cpxzx.com\\\/#organization\"},\"potentialAction\":[{\"@type\":\"SearchAction\",\"target\":{\"@type\":\"EntryPoint\",\"urlTemplate\":\"https:\\\/\\\/cpxzx.com\\\/?s={search_term_string}\"},\"query-input\":{\"@type\":\"PropertyValueSpecification\",\"valueRequired\":true,\"valueName\":\"search_term_string\"}}],\"inLanguage\":\"es\"},{\"@type\":\"Organization\",\"@id\":\"https:\\\/\\\/cpxzx.com\\\/#organization\",\"name\":\"Cooling Tower Fill, China PVC Fills Manufacturer\",\"url\":\"https:\\\/\\\/cpxzx.com\\\/\",\"logo\":{\"@type\":\"ImageObject\",\"inLanguage\":\"es\",\"@id\":\"https:\\\/\\\/cpxzx.com\\\/#\\\/schema\\\/logo\\\/image\\\/\",\"url\":\"https:\\\/\\\/cpxzx.com\\\/wp-content\\\/uploads\\\/2025\\\/07\\\/1751628807-logo.png\",\"contentUrl\":\"https:\\\/\\\/cpxzx.com\\\/wp-content\\\/uploads\\\/2025\\\/07\\\/1751628807-logo.png\",\"width\":383,\"height\":87,\"caption\":\"Cooling Tower Fill, China PVC Fills Manufacturer\"},\"image\":{\"@id\":\"https:\\\/\\\/cpxzx.com\\\/#\\\/schema\\\/logo\\\/image\\\/\"}}]}<\/script>\n<!-- \/ Yoast SEO plugin. -->","yoast_head_json":{"title":"Bola cer\u00e1mica porosa","robots":{"index":"index","follow":"follow","max-snippet":"max-snippet:-1","max-image-preview":"max-image-preview:large","max-video-preview":"max-video-preview:-1"},"canonical":"https:\/\/cpxzx.com\/es\/producto\/porous-ceramic-ball\/","og_locale":"es_ES","og_type":"article","og_title":"Porous Ceramic Ball","og_description":"Perforated ceramic ball is developed from inert ceramic ball. It offers high mechanical strength, chemical and thermal stability, while providing larger surface area and free voids. This improves fluid dispersion, increases flow, and reduces resistance. As an efficient catalyst support and covering material, it is widely used in oil refining, chemical, fertilizer, natural gas, and environmental industries.","og_url":"https:\/\/cpxzx.com\/es\/producto\/porous-ceramic-ball\/","og_site_name":"Cooling Tower Fill, China PVC Fills Manufacturer","og_image":[{"width":470,"height":470,"url":"https:\/\/cpxzx.com\/wp-content\/uploads\/2025\/09\/Porous-Ceramic-Ball.jpg","type":"image\/jpeg"}],"twitter_card":"summary_large_image","twitter_misc":{"Tiempo de lectura":"2 minutos"},"schema":{"@context":"https:\/\/schema.org","@graph":[{"@type":"WebPage","@id":"https:\/\/cpxzx.com\/product\/porous-ceramic-ball\/","url":"https:\/\/cpxzx.com\/product\/porous-ceramic-ball\/","name":"Bola cer\u00e1mica porosa","isPartOf":{"@id":"https:\/\/cpxzx.com\/#website"},"primaryImageOfPage":{"@id":"https:\/\/cpxzx.com\/product\/porous-ceramic-ball\/#primaryimage"},"image":{"@id":"https:\/\/cpxzx.com\/product\/porous-ceramic-ball\/#primaryimage"},"thumbnailUrl":"https:\/\/cpxzx.com\/wp-content\/uploads\/2025\/09\/Porous-Ceramic-Ball.jpg","datePublished":"2025-09-15T06:58:41+00:00","breadcrumb":{"@id":"https:\/\/cpxzx.com\/product\/porous-ceramic-ball\/#breadcrumb"},"inLanguage":"es","potentialAction":[{"@type":"ReadAction","target":["https:\/\/cpxzx.com\/product\/porous-ceramic-ball\/"]}]},{"@type":"ImageObject","inLanguage":"es","@id":"https:\/\/cpxzx.com\/product\/porous-ceramic-ball\/#primaryimage","url":"https:\/\/cpxzx.com\/wp-content\/uploads\/2025\/09\/Porous-Ceramic-Ball.jpg","contentUrl":"https:\/\/cpxzx.com\/wp-content\/uploads\/2025\/09\/Porous-Ceramic-Ball.jpg","width":470,"height":470,"caption":"Porous-Ceramic-Ball"},{"@type":"BreadcrumbList","@id":"https:\/\/cpxzx.com\/product\/porous-ceramic-ball\/#breadcrumb","itemListElement":[{"@type":"ListItem","position":1,"name":"Home","item":"https:\/\/cpxzx.com\/"},{"@type":"ListItem","position":2,"name":"Ceramic Balls","item":"https:\/\/cpxzx.com\/pcategory\/ceramic-balls\/"},{"@type":"ListItem","position":3,"name":"3mm 6mm 10mm Porous Ceramic Ball"}]},{"@type":"WebSite","@id":"https:\/\/cpxzx.com\/#website","url":"https:\/\/cpxzx.com\/","name":"Relleno de torre de refrigeraci\u00f3n, Fabricante de rellenos de PVC en China","description":"","publisher":{"@id":"https:\/\/cpxzx.com\/#organization"},"potentialAction":[{"@type":"SearchAction","target":{"@type":"EntryPoint","urlTemplate":"https:\/\/cpxzx.com\/?s={search_term_string}"},"query-input":{"@type":"PropertyValueSpecification","valueRequired":true,"valueName":"search_term_string"}}],"inLanguage":"es"},{"@type":"Organization","@id":"https:\/\/cpxzx.com\/#organization","name":"Relleno de torre de refrigeraci\u00f3n, Fabricante de rellenos de PVC en China","url":"https:\/\/cpxzx.com\/","logo":{"@type":"ImageObject","inLanguage":"es","@id":"https:\/\/cpxzx.com\/#\/schema\/logo\/image\/","url":"https:\/\/cpxzx.com\/wp-content\/uploads\/2025\/07\/1751628807-logo.png","contentUrl":"https:\/\/cpxzx.com\/wp-content\/uploads\/2025\/07\/1751628807-logo.png","width":383,"height":87,"caption":"Cooling Tower Fill, China PVC Fills Manufacturer"},"image":{"@id":"https:\/\/cpxzx.com\/#\/schema\/logo\/image\/"}}]}},"taxonomy_info":{"pcategory":[{"value":27,"label":"Ceramic Balls"}]},"featured_image_src_large":["https:\/\/cpxzx.com\/wp-content\/uploads\/2025\/09\/Porous-Ceramic-Ball.jpg",470,470,false],"author_info":[],"comment_info":"","_links":{"self":[{"href":"https:\/\/cpxzx.com\/es\/wp-json\/wp\/v2\/product\/3026","targetHints":{"allow":["GET"]}}],"collection":[{"href":"https:\/\/cpxzx.com\/es\/wp-json\/wp\/v2\/product"}],"about":[{"href":"https:\/\/cpxzx.com\/es\/wp-json\/wp\/v2\/types\/product"}],"wp:featuredmedia":[{"embeddable":true,"href":"https:\/\/cpxzx.com\/es\/wp-json\/wp\/v2\/media\/3027"}],"wp:attachment":[{"href":"https:\/\/cpxzx.com\/es\/wp-json\/wp\/v2\/media?parent=3026"}],"wp:term":[{"taxonomy":"pcategory","embeddable":true,"href":"https:\/\/cpxzx.com\/es\/wp-json\/wp\/v2\/pcategory?post=3026"},{"taxonomy":"ptag","embeddable":true,"href":"https:\/\/cpxzx.com\/es\/wp-json\/wp\/v2\/ptag?post=3026"}],"curies":[{"name":"wp","href":"https:\/\/api.w.org\/{rel}","templated":true}]}}