{"id":3003,"date":"2025-09-13T07:07:04","date_gmt":"2025-09-13T07:07:04","guid":{"rendered":"https:\/\/cpxzx.com\/?post_type=product&#038;p=3003"},"modified":"2025-09-10T07:20:06","modified_gmt":"2025-09-10T07:20:06","slug":"supersillin-metalico","status":"publish","type":"product","link":"https:\/\/cpxzx.com\/es\/producto\/supersillin-metalico\/","title":{"rendered":"SS304 SS316 Metal Super Saddle para Absorci\u00f3n y Destilaci\u00f3n"},"content":{"rendered":"<p><strong>Sill\u00edn met\u00e1lico Super<\/strong> es un tipo de empaquetadura de torre aleatoria de alto rendimiento. Est\u00e1 dise\u00f1ada con una estructura \u00fanica en forma de silla de montar que combina arcos suaves y grandes aberturas, proporcionando un excelente espacio vac\u00edo y una alta eficiencia de contacto gas-l\u00edquido. En comparaci\u00f3n con la empaquetadura de silleta tradicional, la Metal Super Saddle reduce la ca\u00edda de presi\u00f3n, minimiza la canalizaci\u00f3n y mejora el rendimiento de la transferencia de masa. Se utiliza ampliamente en procesos de absorci\u00f3n, depuraci\u00f3n, decapado y destilaci\u00f3n.<\/p>\n<h2>Caracter\u00edsticas<\/h2>\n<ul>\n<li>Disponibles en acero al carbono, acero inoxidable (SS304, SS316, SS316L), aluminio, titanio, aleaci\u00f3n Monel y otros materiales.<\/li>\n<li>Alta resistencia mec\u00e1nica con resistencia a la corrosi\u00f3n.<\/li>\n<li>Gran proporci\u00f3n de huecos con baja resistencia del lecho.<\/li>\n<li>El dise\u00f1o de arco suave evita los atascos y la retenci\u00f3n de l\u00edquidos.<\/li>\n<li>Estructura ligera, f\u00e1cil de instalar y mantener.<\/li>\n<\/ul>\n<h2>Ventajas<\/h2>\n<ul>\n<li>Alta eficacia de separaci\u00f3n con un excelente rendimiento de transferencia de masa.<\/li>\n<li>Gran capacidad de producci\u00f3n y bajo consumo de energ\u00eda.<\/li>\n<li>Gran resistencia al ensuciamiento y a las incrustaciones.<\/li>\n<li>Funcionamiento flexible en distintas condiciones de proceso.<\/li>\n<li>Soluci\u00f3n duradera y rentable para torres industriales.<\/li>\n<\/ul>\n<h2>Aplicaciones<\/h2>\n<p>Metal Super Saddle se aplica ampliamente en las industrias qu\u00edmica, petroqu\u00edmica, de fertilizantes y de protecci\u00f3n del medio ambiente. Se utiliza en:<\/p>\n<ul>\n<li>Torres de absorci\u00f3n<\/li>\n<li>Torres de lavado<\/li>\n<li>Columnas de desmontaje<\/li>\n<li>Torres de destilaci\u00f3n<\/li>\n<li>Sistemas de depuraci\u00f3n de gases<\/li>\n<\/ul>\n<p>Es especialmente adecuado para procesos que requieren gran capacidad con baja ca\u00edda de presi\u00f3n, como los sistemas de depuraci\u00f3n y purificaci\u00f3n de gases a gran escala.<\/p>\n<h2>Propiedades f\u00edsicas y qu\u00edmicas<\/h2>\n<table border=\"1\" cellspacing=\"0\" cellpadding=\"6\">\n<tbody>\n<tr>\n<th>Tama\u00f1o (mm)<\/th>\n<th>Cantidad a granel (unidades\/m\u00b3)<\/th>\n<th>Superficie espec\u00edfica (m\u00b2\/m\u00b3)<\/th>\n<th>Porosidad (m\u00b3\/m\u00b3)<\/th>\n<th>Densidad aparente (kg\/m\u00b3)<\/th>\n<th>Nota<\/th>\n<\/tr>\n<tr>\n<td>25<\/td>\n<td>51000<\/td>\n<td>210<\/td>\n<td>0.92<\/td>\n<td>420<\/td>\n<td rowspan=\"3\">Puede fabricarse en acero al carbono, acero inoxidable, aluminio, titanio, aleaci\u00f3n Monel y otros materiales especiales seg\u00fan los requisitos del cliente.<\/td>\n<\/tr>\n<tr>\n<td>38<\/td>\n<td>18500<\/td>\n<td>145<\/td>\n<td>0.94<\/td>\n<td>390<\/td>\n<\/tr>\n<tr>\n<td>50<\/td>\n<td>9300<\/td>\n<td>105<\/td>\n<td>0.95<\/td>\n<td>360<\/td>\n<\/tr>\n<\/tbody>\n<\/table>\n<h2>Embalaje<\/h2>\n<p>El S\u00faper Sill\u00edn Met\u00e1lico suele embalarse en bolsas tejidas, bolsas jumbo o cajas de madera. Se dispone de embalajes personalizados para garantizar un transporte seguro y una manipulaci\u00f3n sencilla durante la instalaci\u00f3n.<\/p>","protected":false},"excerpt":{"rendered":"<p>Metal Super Saddle es un tipo avanzado de empaquetadura de torre aleatoria con una estructura \u00fanica en forma de silla de montar. Sus suaves arcos y grandes aberturas proporcionan un gran espacio vac\u00edo, una baja ca\u00edda de presi\u00f3n y una excelente eficacia de contacto gas-l\u00edquido. En comparaci\u00f3n con las empaquetaduras de silleta tradicionales, la Metal Super Saddle reduce la canalizaci\u00f3n, mejora el rendimiento de la transferencia de masa y garantiza un funcionamiento estable en diversas condiciones de proceso. Se utiliza ampliamente en aplicaciones de absorci\u00f3n, depuraci\u00f3n, decapado y destilaci\u00f3n en los sectores qu\u00edmico, petroqu\u00edmico y medioambiental.<\/p>","protected":false},"featured_media":3005,"parent":0,"template":"","meta":{"_acf_changed":false,"_kad_blocks_custom_css":"","_kad_blocks_head_custom_js":"","_kad_blocks_body_custom_js":"","_kad_blocks_footer_custom_js":"","_kadence_starter_templates_imported_post":false,"_kad_post_transparent":"default","_kad_post_title":"","_kad_post_layout":"default","_kad_post_sidebar_id":"","_kad_post_content_style":"default","_kad_post_vertical_padding":"default","_kad_post_feature":"","_kad_post_feature_position":"","_kad_post_header":false,"_kad_post_footer":false},"pcategory":[22,23],"ptag":[],"class_list":["post-3003","product","type-product","status-publish","has-post-thumbnail","hentry","pcategory-random-packing","pcategory-metal-random-packing"],"acf":[],"yoast_head":"<!-- This site is optimized with the Yoast SEO plugin v27.4 - https:\/\/yoast.com\/product\/yoast-seo-wordpress\/ -->\n<title>Metal Super Saddle<\/title>\n<meta name=\"robots\" content=\"index, follow, max-snippet:-1, max-image-preview:large, max-video-preview:-1\" \/>\n<link rel=\"canonical\" href=\"https:\/\/cpxzx.com\/es\/producto\/supersillin-metalico\/\" \/>\n<meta property=\"og:locale\" content=\"es_ES\" \/>\n<meta property=\"og:type\" content=\"article\" \/>\n<meta property=\"og:title\" content=\"Metal Super Saddle\" \/>\n<meta property=\"og:description\" content=\"Metal Super Saddle is an advanced type of random tower packing with a unique saddle-shaped structure. Its smooth arcs and large openings provide high void space, low pressure drop, and excellent gas-liquid contact efficiency. Compared with traditional saddle packings, Metal Super Saddle reduces channeling, enhances mass transfer performance, and ensures stable operation under various process conditions. It is widely used in absorption, scrubbing, stripping, and distillation applications across chemical, petrochemical, and environmental industries.\" \/>\n<meta property=\"og:url\" content=\"https:\/\/cpxzx.com\/es\/producto\/supersillin-metalico\/\" \/>\n<meta property=\"og:site_name\" content=\"Cooling Tower Fill, China PVC Fills Manufacturer\" \/>\n<meta property=\"og:image\" content=\"https:\/\/cpxzx.com\/wp-content\/uploads\/2025\/09\/304-316L-Metal-Intalox-Super-Saddles.jpg\" \/>\n\t<meta property=\"og:image:width\" content=\"550\" \/>\n\t<meta property=\"og:image:height\" content=\"550\" \/>\n\t<meta property=\"og:image:type\" content=\"image\/jpeg\" \/>\n<meta name=\"twitter:card\" content=\"summary_large_image\" \/>\n<meta name=\"twitter:label1\" content=\"Tiempo de lectura\" \/>\n\t<meta name=\"twitter:data1\" content=\"2 minutos\" \/>\n<script type=\"application\/ld+json\" class=\"yoast-schema-graph\">{\"@context\":\"https:\\\/\\\/schema.org\",\"@graph\":[{\"@type\":\"WebPage\",\"@id\":\"https:\\\/\\\/cpxzx.com\\\/product\\\/metal-super-saddle\\\/\",\"url\":\"https:\\\/\\\/cpxzx.com\\\/product\\\/metal-super-saddle\\\/\",\"name\":\"Metal Super Saddle\",\"isPartOf\":{\"@id\":\"https:\\\/\\\/cpxzx.com\\\/#website\"},\"primaryImageOfPage\":{\"@id\":\"https:\\\/\\\/cpxzx.com\\\/product\\\/metal-super-saddle\\\/#primaryimage\"},\"image\":{\"@id\":\"https:\\\/\\\/cpxzx.com\\\/product\\\/metal-super-saddle\\\/#primaryimage\"},\"thumbnailUrl\":\"https:\\\/\\\/cpxzx.com\\\/wp-content\\\/uploads\\\/2025\\\/09\\\/304-316L-Metal-Intalox-Super-Saddles.jpg\",\"datePublished\":\"2025-09-13T07:07:04+00:00\",\"breadcrumb\":{\"@id\":\"https:\\\/\\\/cpxzx.com\\\/product\\\/metal-super-saddle\\\/#breadcrumb\"},\"inLanguage\":\"es\",\"potentialAction\":[{\"@type\":\"ReadAction\",\"target\":[\"https:\\\/\\\/cpxzx.com\\\/product\\\/metal-super-saddle\\\/\"]}]},{\"@type\":\"ImageObject\",\"inLanguage\":\"es\",\"@id\":\"https:\\\/\\\/cpxzx.com\\\/product\\\/metal-super-saddle\\\/#primaryimage\",\"url\":\"https:\\\/\\\/cpxzx.com\\\/wp-content\\\/uploads\\\/2025\\\/09\\\/304-316L-Metal-Intalox-Super-Saddles.jpg\",\"contentUrl\":\"https:\\\/\\\/cpxzx.com\\\/wp-content\\\/uploads\\\/2025\\\/09\\\/304-316L-Metal-Intalox-Super-Saddles.jpg\",\"width\":550,\"height\":550,\"caption\":\"304-316L-Metal-Intalox-Super-Saddles\"},{\"@type\":\"BreadcrumbList\",\"@id\":\"https:\\\/\\\/cpxzx.com\\\/product\\\/metal-super-saddle\\\/#breadcrumb\",\"itemListElement\":[{\"@type\":\"ListItem\",\"position\":1,\"name\":\"Home\",\"item\":\"https:\\\/\\\/cpxzx.com\\\/\"},{\"@type\":\"ListItem\",\"position\":2,\"name\":\"Random Packing\",\"item\":\"https:\\\/\\\/cpxzx.com\\\/pcategory\\\/random-packing\\\/\"},{\"@type\":\"ListItem\",\"position\":3,\"name\":\"Metal Random Packing\",\"item\":\"https:\\\/\\\/cpxzx.com\\\/pcategory\\\/random-packing\\\/metal-random-packing\\\/\"},{\"@type\":\"ListItem\",\"position\":4,\"name\":\"SS304 SS316 Metal Super Saddle for Absorption and Distillation\"}]},{\"@type\":\"WebSite\",\"@id\":\"https:\\\/\\\/cpxzx.com\\\/#website\",\"url\":\"https:\\\/\\\/cpxzx.com\\\/\",\"name\":\"Cooling Tower Fill, China PVC Fills Manufacturer\",\"description\":\"\",\"publisher\":{\"@id\":\"https:\\\/\\\/cpxzx.com\\\/#organization\"},\"potentialAction\":[{\"@type\":\"SearchAction\",\"target\":{\"@type\":\"EntryPoint\",\"urlTemplate\":\"https:\\\/\\\/cpxzx.com\\\/?s={search_term_string}\"},\"query-input\":{\"@type\":\"PropertyValueSpecification\",\"valueRequired\":true,\"valueName\":\"search_term_string\"}}],\"inLanguage\":\"es\"},{\"@type\":\"Organization\",\"@id\":\"https:\\\/\\\/cpxzx.com\\\/#organization\",\"name\":\"Cooling Tower Fill, China PVC Fills Manufacturer\",\"url\":\"https:\\\/\\\/cpxzx.com\\\/\",\"logo\":{\"@type\":\"ImageObject\",\"inLanguage\":\"es\",\"@id\":\"https:\\\/\\\/cpxzx.com\\\/#\\\/schema\\\/logo\\\/image\\\/\",\"url\":\"https:\\\/\\\/cpxzx.com\\\/wp-content\\\/uploads\\\/2025\\\/07\\\/1751628807-logo.png\",\"contentUrl\":\"https:\\\/\\\/cpxzx.com\\\/wp-content\\\/uploads\\\/2025\\\/07\\\/1751628807-logo.png\",\"width\":383,\"height\":87,\"caption\":\"Cooling Tower Fill, China PVC Fills Manufacturer\"},\"image\":{\"@id\":\"https:\\\/\\\/cpxzx.com\\\/#\\\/schema\\\/logo\\\/image\\\/\"}}]}<\/script>\n<!-- \/ Yoast SEO plugin. -->","yoast_head_json":{"title":"Sill\u00edn met\u00e1lico Super","robots":{"index":"index","follow":"follow","max-snippet":"max-snippet:-1","max-image-preview":"max-image-preview:large","max-video-preview":"max-video-preview:-1"},"canonical":"https:\/\/cpxzx.com\/es\/producto\/supersillin-metalico\/","og_locale":"es_ES","og_type":"article","og_title":"Metal Super Saddle","og_description":"Metal Super Saddle is an advanced type of random tower packing with a unique saddle-shaped structure. Its smooth arcs and large openings provide high void space, low pressure drop, and excellent gas-liquid contact efficiency. Compared with traditional saddle packings, Metal Super Saddle reduces channeling, enhances mass transfer performance, and ensures stable operation under various process conditions. It is widely used in absorption, scrubbing, stripping, and distillation applications across chemical, petrochemical, and environmental industries.","og_url":"https:\/\/cpxzx.com\/es\/producto\/supersillin-metalico\/","og_site_name":"Cooling Tower Fill, China PVC Fills Manufacturer","og_image":[{"width":550,"height":550,"url":"https:\/\/cpxzx.com\/wp-content\/uploads\/2025\/09\/304-316L-Metal-Intalox-Super-Saddles.jpg","type":"image\/jpeg"}],"twitter_card":"summary_large_image","twitter_misc":{"Tiempo de lectura":"2 minutos"},"schema":{"@context":"https:\/\/schema.org","@graph":[{"@type":"WebPage","@id":"https:\/\/cpxzx.com\/product\/metal-super-saddle\/","url":"https:\/\/cpxzx.com\/product\/metal-super-saddle\/","name":"Sill\u00edn met\u00e1lico Super","isPartOf":{"@id":"https:\/\/cpxzx.com\/#website"},"primaryImageOfPage":{"@id":"https:\/\/cpxzx.com\/product\/metal-super-saddle\/#primaryimage"},"image":{"@id":"https:\/\/cpxzx.com\/product\/metal-super-saddle\/#primaryimage"},"thumbnailUrl":"https:\/\/cpxzx.com\/wp-content\/uploads\/2025\/09\/304-316L-Metal-Intalox-Super-Saddles.jpg","datePublished":"2025-09-13T07:07:04+00:00","breadcrumb":{"@id":"https:\/\/cpxzx.com\/product\/metal-super-saddle\/#breadcrumb"},"inLanguage":"es","potentialAction":[{"@type":"ReadAction","target":["https:\/\/cpxzx.com\/product\/metal-super-saddle\/"]}]},{"@type":"ImageObject","inLanguage":"es","@id":"https:\/\/cpxzx.com\/product\/metal-super-saddle\/#primaryimage","url":"https:\/\/cpxzx.com\/wp-content\/uploads\/2025\/09\/304-316L-Metal-Intalox-Super-Saddles.jpg","contentUrl":"https:\/\/cpxzx.com\/wp-content\/uploads\/2025\/09\/304-316L-Metal-Intalox-Super-Saddles.jpg","width":550,"height":550,"caption":"304-316L-Metal-Intalox-Super-Saddles"},{"@type":"BreadcrumbList","@id":"https:\/\/cpxzx.com\/product\/metal-super-saddle\/#breadcrumb","itemListElement":[{"@type":"ListItem","position":1,"name":"Home","item":"https:\/\/cpxzx.com\/"},{"@type":"ListItem","position":2,"name":"Random Packing","item":"https:\/\/cpxzx.com\/pcategory\/random-packing\/"},{"@type":"ListItem","position":3,"name":"Metal Random Packing","item":"https:\/\/cpxzx.com\/pcategory\/random-packing\/metal-random-packing\/"},{"@type":"ListItem","position":4,"name":"SS304 SS316 Metal Super Saddle for Absorption and Distillation"}]},{"@type":"WebSite","@id":"https:\/\/cpxzx.com\/#website","url":"https:\/\/cpxzx.com\/","name":"Relleno de torre de refrigeraci\u00f3n, Fabricante de rellenos de PVC en China","description":"","publisher":{"@id":"https:\/\/cpxzx.com\/#organization"},"potentialAction":[{"@type":"SearchAction","target":{"@type":"EntryPoint","urlTemplate":"https:\/\/cpxzx.com\/?s={search_term_string}"},"query-input":{"@type":"PropertyValueSpecification","valueRequired":true,"valueName":"search_term_string"}}],"inLanguage":"es"},{"@type":"Organization","@id":"https:\/\/cpxzx.com\/#organization","name":"Relleno de torre de refrigeraci\u00f3n, Fabricante de rellenos de PVC en China","url":"https:\/\/cpxzx.com\/","logo":{"@type":"ImageObject","inLanguage":"es","@id":"https:\/\/cpxzx.com\/#\/schema\/logo\/image\/","url":"https:\/\/cpxzx.com\/wp-content\/uploads\/2025\/07\/1751628807-logo.png","contentUrl":"https:\/\/cpxzx.com\/wp-content\/uploads\/2025\/07\/1751628807-logo.png","width":383,"height":87,"caption":"Cooling Tower Fill, China PVC Fills Manufacturer"},"image":{"@id":"https:\/\/cpxzx.com\/#\/schema\/logo\/image\/"}}]}},"taxonomy_info":{"pcategory":[{"value":22,"label":"Random Packing"},{"value":23,"label":"Metal Random Packing"}]},"featured_image_src_large":["https:\/\/cpxzx.com\/wp-content\/uploads\/2025\/09\/304-316L-Metal-Intalox-Super-Saddles.jpg",550,550,false],"author_info":[],"comment_info":"","_links":{"self":[{"href":"https:\/\/cpxzx.com\/es\/wp-json\/wp\/v2\/product\/3003","targetHints":{"allow":["GET"]}}],"collection":[{"href":"https:\/\/cpxzx.com\/es\/wp-json\/wp\/v2\/product"}],"about":[{"href":"https:\/\/cpxzx.com\/es\/wp-json\/wp\/v2\/types\/product"}],"wp:featuredmedia":[{"embeddable":true,"href":"https:\/\/cpxzx.com\/es\/wp-json\/wp\/v2\/media\/3005"}],"wp:attachment":[{"href":"https:\/\/cpxzx.com\/es\/wp-json\/wp\/v2\/media?parent=3003"}],"wp:term":[{"taxonomy":"pcategory","embeddable":true,"href":"https:\/\/cpxzx.com\/es\/wp-json\/wp\/v2\/pcategory?post=3003"},{"taxonomy":"ptag","embeddable":true,"href":"https:\/\/cpxzx.com\/es\/wp-json\/wp\/v2\/ptag?post=3003"}],"curies":[{"name":"wp","href":"https:\/\/api.w.org\/{rel}","templated":true}]}}