{"id":2998,"date":"2025-09-12T06:18:40","date_gmt":"2025-09-12T06:18:40","guid":{"rendered":"https:\/\/cpxzx.com\/?post_type=product&#038;p=2998"},"modified":"2025-09-10T06:23:33","modified_gmt":"2025-09-10T06:23:33","slug":"metal-super-mini-ring","status":"publish","type":"product","link":"https:\/\/cpxzx.com\/es\/producto\/metal-super-mini-ring\/","title":{"rendered":"SS316 Metal Super Mini Ring"},"content":{"rendered":"<p><strong>Anillo Super Mini de metal<\/strong> se utiliza ampliamente en las industrias qu\u00edmica y petroqu\u00edmica por sus excelentes ventajas estructurales. La pared fina y la gran relaci\u00f3n de vac\u00edos permiten un alto flujo y una baja resistencia. Sus aletas arqueadas sim\u00e9tricas mejoran la distribuci\u00f3n del l\u00edquido, reducen la aglomeraci\u00f3n de gotas y favorecen la dispersi\u00f3n y redispersi\u00f3n repetida de los grupos de gotas. Este proceso \u00fanico aumenta la eficacia de la separaci\u00f3n, reduce la retromezcla axial y garantiza un funcionamiento estable tanto en sistemas gas-l\u00edquido como l\u00edquido-l\u00edquido.<\/p>\n<h2>Caracter\u00edsticas<\/h2>\n<ul>\n<li>Materiales disponibles: acero al carbono, SS304, SS304L, SS410, SS316, SS316L, etc.<\/li>\n<li>Gran fuerza de trituraci\u00f3n y f\u00e1cil manejo<\/li>\n<li>Gran flujo con baja p\u00e9rdida de carga<\/li>\n<li>Alta eficacia de separaci\u00f3n y baja resistencia del lecho<\/li>\n<li>Funcionamiento flexible adecuado para diferentes aplicaciones de transferencia de masa<\/li>\n<\/ul>\n<h2>Ventajas<\/h2>\n<ul>\n<li>Gran caudal con baja p\u00e9rdida de carga<\/li>\n<li>Alta eficiencia de transferencia de masa<\/li>\n<li>Amplia flexibilidad operativa<\/li>\n<li>Mayor estabilidad y menor tendencia a la descamaci\u00f3n<\/li>\n<\/ul>\n<h2>Aplicaciones<\/h2>\n<p>Metal Super Mini Ring es especialmente adecuado para procesos de extracci\u00f3n l\u00edquido-l\u00edquido. Las aletas de arco sim\u00e9tricas mejoran la homogeneidad del flujo, reducen la aglomeraci\u00f3n de gotas y aumentan la eficacia general en las torres de extracci\u00f3n. Tambi\u00e9n se utiliza ampliamente en la separaci\u00f3n gas-l\u00edquido, como las torres de absorci\u00f3n y desorci\u00f3n.<\/p>\n<p>Esta empaquetadura es muy recomendable para columnas de destilaci\u00f3n al vac\u00edo, especialmente para procesar materiales sensibles al calor, f\u00e1cilmente descomponibles, f\u00e1cilmente polimerizables y formadores de carbono. Se aplica com\u00fanmente en ingenier\u00eda petroqu\u00edmica, producci\u00f3n de fertilizantes e industrias de protecci\u00f3n medioambiental. Los equipos t\u00edpicos incluyen torres de lavado de vapor, torres de purificaci\u00f3n y torres de alta presi\u00f3n.<\/p>\n<h2>Propiedades f\u00edsicas y qu\u00edmicas<\/h2>\n<table border=\"1\" cellspacing=\"0\" cellpadding=\"6\">\n<tbody>\n<tr>\n<th>Tipo<\/th>\n<th>Especificaciones (mm)<\/th>\n<th>Cantidad a granel (unidades\/m\u00b3)<\/th>\n<th>Superficie espec\u00edfica (m\u00b2\/m\u00b3)<\/th>\n<th>Porosidad (m\u00b3\/m\u00b3)<\/th>\n<th>Densidad aparente (kg\/m\u00b3)<\/th>\n<th>Nota<\/th>\n<\/tr>\n<tr>\n<td>16<\/td>\n<td>16\u00d75.5\u00d70.6<\/td>\n<td>378000<\/td>\n<td>348<\/td>\n<td>0.923<\/td>\n<td>492<\/td>\n<td rowspan=\"4\">Pueden fabricarse seg\u00fan los requisitos del cliente en acero al carbono, acero inoxidable, cobre, aluminio, aleaci\u00f3n Monel, n\u00edquel (Ni) y titanio (Ti).<\/td>\n<\/tr>\n<tr>\n<td>25<\/td>\n<td>25\u00d79.0\u00d70.6<\/td>\n<td>155000<\/td>\n<td>228<\/td>\n<td>0.936<\/td>\n<td>516<\/td>\n<\/tr>\n<tr>\n<td>38<\/td>\n<td>38\u00d712.7\u00d70.8<\/td>\n<td>48000<\/td>\n<td>150<\/td>\n<td>0.95<\/td>\n<td>400<\/td>\n<\/tr>\n<tr>\n<td>50<\/td>\n<td>50\u00d717\u00d70.8<\/td>\n<td>21500<\/td>\n<td>120<\/td>\n<td>0.965<\/td>\n<td>360<\/td>\n<\/tr>\n<\/tbody>\n<\/table>\n<h2>Embalaje<\/h2>\n<p>El Super Mini Anillo Met\u00e1lico suele envasarse en bolsas tejidas, bolsas jumbo o seg\u00fan los requisitos del cliente. Un embalaje adecuado garantiza un transporte y almacenamiento seguros antes de la instalaci\u00f3n.<\/p>","protected":false},"excerpt":{"rendered":"<p>El Super Mini Anillo Met\u00e1lico, tambi\u00e9n llamado anillo plano met\u00e1lico, es un tipo avanzado de embalaje aleatorio en torre. Est\u00e1 dise\u00f1ado con una estructura corta de anillo abierto y una relaci\u00f3n altura-di\u00e1metro de 0,2-0,4 aproximadamente. Las exclusivas nervaduras de arco curvadas hacia el interior mejoran la resistencia y la estabilidad, al tiempo que garantizan una transferencia de masa eficaz. Comparado con el Pall Ring tradicional, el Metal Super Mini Ring puede mejorar los efectos de transferencia de masa en m\u00e1s de 20%.<\/p>","protected":false},"featured_media":3001,"parent":0,"template":"","meta":{"_acf_changed":false,"_kad_blocks_custom_css":"","_kad_blocks_head_custom_js":"","_kad_blocks_body_custom_js":"","_kad_blocks_footer_custom_js":"","_kadence_starter_templates_imported_post":false,"_kad_post_transparent":"default","_kad_post_title":"","_kad_post_layout":"default","_kad_post_sidebar_id":"","_kad_post_content_style":"default","_kad_post_vertical_padding":"default","_kad_post_feature":"","_kad_post_feature_position":"","_kad_post_header":false,"_kad_post_footer":false},"pcategory":[22,23],"ptag":[],"class_list":["post-2998","product","type-product","status-publish","has-post-thumbnail","hentry","pcategory-random-packing","pcategory-metal-random-packing"],"acf":[],"yoast_head":"<!-- This site is optimized with the Yoast SEO plugin v27.4 - https:\/\/yoast.com\/product\/yoast-seo-wordpress\/ -->\n<title>Metal Super Mini Ring<\/title>\n<meta name=\"robots\" content=\"index, follow, max-snippet:-1, max-image-preview:large, max-video-preview:-1\" \/>\n<link rel=\"canonical\" href=\"https:\/\/cpxzx.com\/es\/producto\/metal-super-mini-ring\/\" \/>\n<meta property=\"og:locale\" content=\"es_ES\" \/>\n<meta property=\"og:type\" content=\"article\" \/>\n<meta property=\"og:title\" content=\"Metal Super Mini Ring\" \/>\n<meta property=\"og:description\" content=\"Metal Super Mini Ring, also called metal flat ring, is an advanced type of random tower packing. It is designed with a short open-ring structure and a height-to-diameter ratio of about 0.2\u20130.4. The unique inward-curved arc ribs enhance strength and stability, while also ensuring efficient mass transfer. Compared with traditional Pall Ring, Metal Super Mini Ring can improve mass transfer effects by more than 20%.\" \/>\n<meta property=\"og:url\" content=\"https:\/\/cpxzx.com\/es\/producto\/metal-super-mini-ring\/\" \/>\n<meta property=\"og:site_name\" content=\"Cooling Tower Fill, China PVC Fills Manufacturer\" \/>\n<meta property=\"og:image\" content=\"https:\/\/cpxzx.com\/wp-content\/uploads\/2025\/09\/Tower-Packing-Metal-Super-Mini-Ring.jpg\" \/>\n\t<meta property=\"og:image:width\" content=\"550\" \/>\n\t<meta property=\"og:image:height\" content=\"550\" \/>\n\t<meta property=\"og:image:type\" content=\"image\/jpeg\" \/>\n<meta name=\"twitter:card\" content=\"summary_large_image\" \/>\n<meta name=\"twitter:label1\" content=\"Tiempo de lectura\" \/>\n\t<meta name=\"twitter:data1\" content=\"2 minutos\" \/>\n<script type=\"application\/ld+json\" class=\"yoast-schema-graph\">{\"@context\":\"https:\\\/\\\/schema.org\",\"@graph\":[{\"@type\":\"WebPage\",\"@id\":\"https:\\\/\\\/cpxzx.com\\\/product\\\/metal-super-mini-ring\\\/\",\"url\":\"https:\\\/\\\/cpxzx.com\\\/product\\\/metal-super-mini-ring\\\/\",\"name\":\"Metal Super Mini Ring\",\"isPartOf\":{\"@id\":\"https:\\\/\\\/cpxzx.com\\\/#website\"},\"primaryImageOfPage\":{\"@id\":\"https:\\\/\\\/cpxzx.com\\\/product\\\/metal-super-mini-ring\\\/#primaryimage\"},\"image\":{\"@id\":\"https:\\\/\\\/cpxzx.com\\\/product\\\/metal-super-mini-ring\\\/#primaryimage\"},\"thumbnailUrl\":\"https:\\\/\\\/cpxzx.com\\\/wp-content\\\/uploads\\\/2025\\\/09\\\/Tower-Packing-Metal-Super-Mini-Ring.jpg\",\"datePublished\":\"2025-09-12T06:18:40+00:00\",\"breadcrumb\":{\"@id\":\"https:\\\/\\\/cpxzx.com\\\/product\\\/metal-super-mini-ring\\\/#breadcrumb\"},\"inLanguage\":\"es\",\"potentialAction\":[{\"@type\":\"ReadAction\",\"target\":[\"https:\\\/\\\/cpxzx.com\\\/product\\\/metal-super-mini-ring\\\/\"]}]},{\"@type\":\"ImageObject\",\"inLanguage\":\"es\",\"@id\":\"https:\\\/\\\/cpxzx.com\\\/product\\\/metal-super-mini-ring\\\/#primaryimage\",\"url\":\"https:\\\/\\\/cpxzx.com\\\/wp-content\\\/uploads\\\/2025\\\/09\\\/Tower-Packing-Metal-Super-Mini-Ring.jpg\",\"contentUrl\":\"https:\\\/\\\/cpxzx.com\\\/wp-content\\\/uploads\\\/2025\\\/09\\\/Tower-Packing-Metal-Super-Mini-Ring.jpg\",\"width\":550,\"height\":550,\"caption\":\"Tower-Packing-Metal-Super-Mini-Ring\"},{\"@type\":\"BreadcrumbList\",\"@id\":\"https:\\\/\\\/cpxzx.com\\\/product\\\/metal-super-mini-ring\\\/#breadcrumb\",\"itemListElement\":[{\"@type\":\"ListItem\",\"position\":1,\"name\":\"Home\",\"item\":\"https:\\\/\\\/cpxzx.com\\\/\"},{\"@type\":\"ListItem\",\"position\":2,\"name\":\"Random Packing\",\"item\":\"https:\\\/\\\/cpxzx.com\\\/pcategory\\\/random-packing\\\/\"},{\"@type\":\"ListItem\",\"position\":3,\"name\":\"Metal Random Packing\",\"item\":\"https:\\\/\\\/cpxzx.com\\\/pcategory\\\/random-packing\\\/metal-random-packing\\\/\"},{\"@type\":\"ListItem\",\"position\":4,\"name\":\"SS316 Metal Super Mini Ring\"}]},{\"@type\":\"WebSite\",\"@id\":\"https:\\\/\\\/cpxzx.com\\\/#website\",\"url\":\"https:\\\/\\\/cpxzx.com\\\/\",\"name\":\"Cooling Tower Fill, China PVC Fills Manufacturer\",\"description\":\"\",\"publisher\":{\"@id\":\"https:\\\/\\\/cpxzx.com\\\/#organization\"},\"potentialAction\":[{\"@type\":\"SearchAction\",\"target\":{\"@type\":\"EntryPoint\",\"urlTemplate\":\"https:\\\/\\\/cpxzx.com\\\/?s={search_term_string}\"},\"query-input\":{\"@type\":\"PropertyValueSpecification\",\"valueRequired\":true,\"valueName\":\"search_term_string\"}}],\"inLanguage\":\"es\"},{\"@type\":\"Organization\",\"@id\":\"https:\\\/\\\/cpxzx.com\\\/#organization\",\"name\":\"Cooling Tower Fill, China PVC Fills Manufacturer\",\"url\":\"https:\\\/\\\/cpxzx.com\\\/\",\"logo\":{\"@type\":\"ImageObject\",\"inLanguage\":\"es\",\"@id\":\"https:\\\/\\\/cpxzx.com\\\/#\\\/schema\\\/logo\\\/image\\\/\",\"url\":\"https:\\\/\\\/cpxzx.com\\\/wp-content\\\/uploads\\\/2025\\\/07\\\/1751628807-logo.png\",\"contentUrl\":\"https:\\\/\\\/cpxzx.com\\\/wp-content\\\/uploads\\\/2025\\\/07\\\/1751628807-logo.png\",\"width\":383,\"height\":87,\"caption\":\"Cooling Tower Fill, China PVC Fills Manufacturer\"},\"image\":{\"@id\":\"https:\\\/\\\/cpxzx.com\\\/#\\\/schema\\\/logo\\\/image\\\/\"}}]}<\/script>\n<!-- \/ Yoast SEO plugin. -->","yoast_head_json":{"title":"Anillo Super Mini de metal","robots":{"index":"index","follow":"follow","max-snippet":"max-snippet:-1","max-image-preview":"max-image-preview:large","max-video-preview":"max-video-preview:-1"},"canonical":"https:\/\/cpxzx.com\/es\/producto\/metal-super-mini-ring\/","og_locale":"es_ES","og_type":"article","og_title":"Metal Super Mini Ring","og_description":"Metal Super Mini Ring, also called metal flat ring, is an advanced type of random tower packing. It is designed with a short open-ring structure and a height-to-diameter ratio of about 0.2\u20130.4. The unique inward-curved arc ribs enhance strength and stability, while also ensuring efficient mass transfer. Compared with traditional Pall Ring, Metal Super Mini Ring can improve mass transfer effects by more than 20%.","og_url":"https:\/\/cpxzx.com\/es\/producto\/metal-super-mini-ring\/","og_site_name":"Cooling Tower Fill, China PVC Fills Manufacturer","og_image":[{"width":550,"height":550,"url":"https:\/\/cpxzx.com\/wp-content\/uploads\/2025\/09\/Tower-Packing-Metal-Super-Mini-Ring.jpg","type":"image\/jpeg"}],"twitter_card":"summary_large_image","twitter_misc":{"Tiempo de lectura":"2 minutos"},"schema":{"@context":"https:\/\/schema.org","@graph":[{"@type":"WebPage","@id":"https:\/\/cpxzx.com\/product\/metal-super-mini-ring\/","url":"https:\/\/cpxzx.com\/product\/metal-super-mini-ring\/","name":"Anillo Super Mini de metal","isPartOf":{"@id":"https:\/\/cpxzx.com\/#website"},"primaryImageOfPage":{"@id":"https:\/\/cpxzx.com\/product\/metal-super-mini-ring\/#primaryimage"},"image":{"@id":"https:\/\/cpxzx.com\/product\/metal-super-mini-ring\/#primaryimage"},"thumbnailUrl":"https:\/\/cpxzx.com\/wp-content\/uploads\/2025\/09\/Tower-Packing-Metal-Super-Mini-Ring.jpg","datePublished":"2025-09-12T06:18:40+00:00","breadcrumb":{"@id":"https:\/\/cpxzx.com\/product\/metal-super-mini-ring\/#breadcrumb"},"inLanguage":"es","potentialAction":[{"@type":"ReadAction","target":["https:\/\/cpxzx.com\/product\/metal-super-mini-ring\/"]}]},{"@type":"ImageObject","inLanguage":"es","@id":"https:\/\/cpxzx.com\/product\/metal-super-mini-ring\/#primaryimage","url":"https:\/\/cpxzx.com\/wp-content\/uploads\/2025\/09\/Tower-Packing-Metal-Super-Mini-Ring.jpg","contentUrl":"https:\/\/cpxzx.com\/wp-content\/uploads\/2025\/09\/Tower-Packing-Metal-Super-Mini-Ring.jpg","width":550,"height":550,"caption":"Tower-Packing-Metal-Super-Mini-Ring"},{"@type":"BreadcrumbList","@id":"https:\/\/cpxzx.com\/product\/metal-super-mini-ring\/#breadcrumb","itemListElement":[{"@type":"ListItem","position":1,"name":"Home","item":"https:\/\/cpxzx.com\/"},{"@type":"ListItem","position":2,"name":"Random Packing","item":"https:\/\/cpxzx.com\/pcategory\/random-packing\/"},{"@type":"ListItem","position":3,"name":"Metal Random Packing","item":"https:\/\/cpxzx.com\/pcategory\/random-packing\/metal-random-packing\/"},{"@type":"ListItem","position":4,"name":"SS316 Metal Super Mini Ring"}]},{"@type":"WebSite","@id":"https:\/\/cpxzx.com\/#website","url":"https:\/\/cpxzx.com\/","name":"Relleno de torre de refrigeraci\u00f3n, Fabricante de rellenos de PVC en China","description":"","publisher":{"@id":"https:\/\/cpxzx.com\/#organization"},"potentialAction":[{"@type":"SearchAction","target":{"@type":"EntryPoint","urlTemplate":"https:\/\/cpxzx.com\/?s={search_term_string}"},"query-input":{"@type":"PropertyValueSpecification","valueRequired":true,"valueName":"search_term_string"}}],"inLanguage":"es"},{"@type":"Organization","@id":"https:\/\/cpxzx.com\/#organization","name":"Relleno de torre de refrigeraci\u00f3n, Fabricante de rellenos de PVC en China","url":"https:\/\/cpxzx.com\/","logo":{"@type":"ImageObject","inLanguage":"es","@id":"https:\/\/cpxzx.com\/#\/schema\/logo\/image\/","url":"https:\/\/cpxzx.com\/wp-content\/uploads\/2025\/07\/1751628807-logo.png","contentUrl":"https:\/\/cpxzx.com\/wp-content\/uploads\/2025\/07\/1751628807-logo.png","width":383,"height":87,"caption":"Cooling Tower Fill, China PVC Fills Manufacturer"},"image":{"@id":"https:\/\/cpxzx.com\/#\/schema\/logo\/image\/"}}]}},"taxonomy_info":{"pcategory":[{"value":22,"label":"Random Packing"},{"value":23,"label":"Metal Random Packing"}]},"featured_image_src_large":["https:\/\/cpxzx.com\/wp-content\/uploads\/2025\/09\/Tower-Packing-Metal-Super-Mini-Ring.jpg",550,550,false],"author_info":[],"comment_info":"","_links":{"self":[{"href":"https:\/\/cpxzx.com\/es\/wp-json\/wp\/v2\/product\/2998","targetHints":{"allow":["GET"]}}],"collection":[{"href":"https:\/\/cpxzx.com\/es\/wp-json\/wp\/v2\/product"}],"about":[{"href":"https:\/\/cpxzx.com\/es\/wp-json\/wp\/v2\/types\/product"}],"wp:featuredmedia":[{"embeddable":true,"href":"https:\/\/cpxzx.com\/es\/wp-json\/wp\/v2\/media\/3001"}],"wp:attachment":[{"href":"https:\/\/cpxzx.com\/es\/wp-json\/wp\/v2\/media?parent=2998"}],"wp:term":[{"taxonomy":"pcategory","embeddable":true,"href":"https:\/\/cpxzx.com\/es\/wp-json\/wp\/v2\/pcategory?post=2998"},{"taxonomy":"ptag","embeddable":true,"href":"https:\/\/cpxzx.com\/es\/wp-json\/wp\/v2\/ptag?post=2998"}],"curies":[{"name":"wp","href":"https:\/\/api.w.org\/{rel}","templated":true}]}}