{"id":2977,"date":"2025-09-11T08:30:27","date_gmt":"2025-09-11T08:30:27","guid":{"rendered":"https:\/\/cpxzx.com\/?post_type=product&#038;p=2977"},"modified":"2025-09-08T03:17:51","modified_gmt":"2025-09-08T03:17:51","slug":"metal-vsp-ring","status":"publish","type":"product","link":"https:\/\/cpxzx.com\/es\/producto\/metal-vsp-ring\/","title":{"rendered":"Ss304 Metal VSP Ring(25mm 38mm 50mm 76mm)"},"content":{"rendered":"<p><strong>Anillo met\u00e1lico VSP<\/strong> (Vertical Spiral Partition Ring), tambi\u00e9n conocida mundialmente como Mella Ring, es una empaquetadura aleatoria de alta eficacia ampliamente utilizada en las industrias qu\u00edmica y petroqu\u00edmica. Est\u00e1 dise\u00f1ado con una estructura en espiral \u00fanica que proporciona una simetr\u00eda geom\u00e9trica uniforme, un alto vac\u00edo y una excelente distribuci\u00f3n de l\u00edquidos. En comparaci\u00f3n con el tradicional anillo met\u00e1lico Pall, el anillo met\u00e1lico VSP ofrece un caudal de l\u00edquido y gas 15-30% superior, al tiempo que reduce la ca\u00edda de presi\u00f3n en 20-30%.<\/p>\n<p>Fabricado en acero inoxidable, acero al carbono o aleaci\u00f3n de aluminio de alta calidad, el anillo met\u00e1lico VSP tiene paredes finas, gran resistencia mec\u00e1nica, alta resistencia al calor y resistencia superior a la corrosi\u00f3n. Esta empaquetadura especial es particularmente eficaz para procesos que requieren alta capacidad, baja resistencia y excelente eficacia de separaci\u00f3n.<\/p>\n<h2>Caracter\u00edsticas del anillo met\u00e1lico VSP<\/h2>\n<ul>\n<li>Materiales disponibles: acero al carbono, SS304, SS304L, SS316, SS316L, SS410, aleaci\u00f3n de aluminio.<\/li>\n<li>Alta resistencia a la trituraci\u00f3n y f\u00e1cil instalaci\u00f3n.<\/li>\n<li>Excelente resistencia a la temperatura para condiciones de trabajo duras.<\/li>\n<li>Alto punto de inundaci\u00f3n y bajo punto de humectaci\u00f3n para un funcionamiento eficaz.<\/li>\n<li>Gran volumen libre y alta eficacia de separaci\u00f3n.<\/li>\n<\/ul>\n<p>Estas caracter\u00edsticas hacen que el anillo met\u00e1lico VSP sea ideal para aplicaciones qu\u00edmicas est\u00e1ndar y exigentes.<\/p>\n<h2>Especificaciones y prestaciones t\u00e9cnicas<\/h2>\n<p>La estructura del anillo met\u00e1lico VSP consiste en arcos interiores uniformemente plegados dispuestos alternativamente a lo largo de la direcci\u00f3n axial. Esta geometr\u00eda \u00fanica aumenta el \u00e1rea de contacto entre el l\u00edquido y el gas, garantizando una mejor eficiencia de transferencia de masa.<\/p>\n<h3>Par\u00e1metros del producto<\/h3>\n<table border=\"1\" cellspacing=\"0\" cellpadding=\"6\">\n<tbody>\n<tr>\n<th>Especificaci\u00f3n (mm)<\/th>\n<th>Tama\u00f1o (mm)<\/th>\n<th>N\u00fameros a granel (por\/m\u00b3)<\/th>\n<th>Superficie (m\u00b2\/m\u00b3)<\/th>\n<th>Densidad aparente (kg\/m\u00b3)<\/th>\n<th>Volumen libre (%)<\/th>\n<th>Factor de embalaje en seco (m-\u00b9)<\/th>\n<\/tr>\n<tr>\n<td>\u03a625<\/td>\n<td>25\u00d725\u00d70.6<\/td>\n<td>59,200<\/td>\n<td>250<\/td>\n<td>420<\/td>\n<td>93<\/td>\n<td>310<\/td>\n<\/tr>\n<tr>\n<td>\u03a638<\/td>\n<td>38\u00d738\u00d70.6<\/td>\n<td>14,500<\/td>\n<td>138<\/td>\n<td>350<\/td>\n<td>94.7<\/td>\n<td>163<\/td>\n<\/tr>\n<tr>\n<td>\u03a650<\/td>\n<td>50\u00d750\u00d70.8<\/td>\n<td>7,000<\/td>\n<td>121<\/td>\n<td>300<\/td>\n<td>95<\/td>\n<td>144<\/td>\n<\/tr>\n<tr>\n<td>\u03a676<\/td>\n<td>76\u00d776\u00d71.0<\/td>\n<td>1,950<\/td>\n<td>75<\/td>\n<td>280<\/td>\n<td>95<\/td>\n<td>86<\/td>\n<\/tr>\n<\/tbody>\n<\/table>\n<p>Estos datos demuestran que el anillo met\u00e1lico VSP proporciona una elevada superficie, una baja densidad aparente y un excelente volumen libre, lo que garantiza una transferencia de masa eficaz y una ca\u00edda de presi\u00f3n reducida.<\/p>\n<h2>Ventajas del anillo met\u00e1lico VSP<\/h2>\n<ul>\n<li>Pared delgada y dise\u00f1o ligero.<\/li>\n<li>Gran volumen libre y gran capacidad.<\/li>\n<li>Baja resistencia, lo que reduce el consumo de energ\u00eda.<\/li>\n<li>Caracter\u00edsticas de autolimpieza que evitan el ensuciamiento y la obstrucci\u00f3n.<\/li>\n<li>Excelente resistencia al calor, adecuado para la destilaci\u00f3n al vac\u00edo de materiales sensibles al calor.<\/li>\n<li>Larga vida \u00fatil gracias a los materiales resistentes a la corrosi\u00f3n.<\/li>\n<\/ul>\n<p>Al utilizar Metal VSP Ring, los usuarios se benefician de un rendimiento estable, una mayor productividad y una reducci\u00f3n de los costes operativos.<\/p>\n<h2>Aplicaciones del anillo met\u00e1lico VSP<\/h2>\n<ul>\n<li>Procesos de destilaci\u00f3n y absorci\u00f3n de la industria petroqu\u00edmica.<\/li>\n<li>Tratamiento del gas de refiner\u00eda y separaci\u00f3n de hidrocarburos.<\/li>\n<li>Protecci\u00f3n del medio ambiente y sistemas de reducci\u00f3n de emisiones.<\/li>\n<li>Producci\u00f3n de fertilizantes y procesamiento de qu\u00edmica fina.<\/li>\n<li>Industria farmac\u00e9utica para separaci\u00f3n de alta pureza.<\/li>\n<li>Nuevas energ\u00edas e industrias de materiales avanzados.<\/li>\n<\/ul>\n<p>Su versatilidad hace del anillo met\u00e1lico VSP la opci\u00f3n preferida para mejorar la eficiencia en torres de empaquetado, columnas de absorci\u00f3n y unidades de stripping.<\/p>\n<h2>Envases y suministros<\/h2>\n<p>El anillo met\u00e1lico VSP se embala cuidadosamente para evitar da\u00f1os durante el transporte. Puede suministrarse en bolsas tejidas, cajas de cart\u00f3n o cajas de madera, seg\u00fan la cantidad del pedido y los requisitos del cliente. Tambi\u00e9n se ofrecen soluciones de embalaje a granel y personalizadas.<\/p>","protected":false},"excerpt":{"rendered":"<p>El anillo met\u00e1lico VSP es una empaquetadura aleatoria de alta eficacia dise\u00f1ada con particiones verticales en espiral para mejorar la transferencia de masa, reducir la ca\u00edda de presi\u00f3n y aumentar la capacidad. Fabricado en acero inoxidable, acero al carbono o aleaci\u00f3n de aluminio, ofrece una excelente resistencia a la corrosi\u00f3n y durabilidad. Ampliamente utilizado en procesos de destilaci\u00f3n, absorci\u00f3n y extracci\u00f3n, el anillo met\u00e1lico VSP es ideal para las industrias petroqu\u00edmica, de fertilizantes, farmac\u00e9utica y medioambiental.<\/p>","protected":false},"featured_media":2979,"parent":0,"template":"","meta":{"_acf_changed":false,"_kad_blocks_custom_css":"","_kad_blocks_head_custom_js":"","_kad_blocks_body_custom_js":"","_kad_blocks_footer_custom_js":"","_kadence_starter_templates_imported_post":false,"_kad_post_transparent":"default","_kad_post_title":"","_kad_post_layout":"default","_kad_post_sidebar_id":"","_kad_post_content_style":"default","_kad_post_vertical_padding":"default","_kad_post_feature":"","_kad_post_feature_position":"","_kad_post_header":false,"_kad_post_footer":false},"pcategory":[22,23],"ptag":[],"class_list":["post-2977","product","type-product","status-publish","has-post-thumbnail","hentry","pcategory-random-packing","pcategory-metal-random-packing"],"acf":[],"yoast_head":"<!-- This site is optimized with the Yoast SEO plugin v27.4 - https:\/\/yoast.com\/product\/yoast-seo-wordpress\/ -->\n<title>Metal VSP Ring-High Efficiency Random Packing Supplier<\/title>\n<meta name=\"robots\" content=\"index, follow, max-snippet:-1, max-image-preview:large, max-video-preview:-1\" \/>\n<link rel=\"canonical\" href=\"https:\/\/cpxzx.com\/es\/producto\/metal-vsp-ring\/\" \/>\n<meta property=\"og:locale\" content=\"es_ES\" \/>\n<meta property=\"og:type\" content=\"article\" \/>\n<meta property=\"og:title\" content=\"Metal VSP Ring-High Efficiency Random Packing Supplier\" \/>\n<meta property=\"og:description\" content=\"Metal VSP Ring is a high-efficiency random packing designed with vertical spiral partitions for improved mass transfer, low pressure drop, and large capacity. Made from stainless steel, carbon steel, or aluminum alloy, it offers excellent corrosion resistance and durability. Widely used in distillation, absorption, and stripping processes, Metal VSP Ring is ideal for petrochemical, fertilizer, pharmaceutical, and environmental industries.\" \/>\n<meta property=\"og:url\" content=\"https:\/\/cpxzx.com\/es\/producto\/metal-vsp-ring\/\" \/>\n<meta property=\"og:site_name\" content=\"Cooling Tower Fill, China PVC Fills Manufacturer\" \/>\n<meta property=\"og:image\" content=\"https:\/\/cpxzx.com\/wp-content\/uploads\/2025\/09\/Chemical-Random-Packaging-SS316L-SS304L-Metal-Vsp-Ring.webp.jpg\" \/>\n\t<meta property=\"og:image:width\" content=\"550\" \/>\n\t<meta property=\"og:image:height\" content=\"550\" \/>\n\t<meta property=\"og:image:type\" content=\"image\/jpeg\" \/>\n<meta name=\"twitter:card\" content=\"summary_large_image\" \/>\n<meta name=\"twitter:label1\" content=\"Tiempo de lectura\" \/>\n\t<meta name=\"twitter:data1\" content=\"3 minutos\" \/>\n<script type=\"application\/ld+json\" class=\"yoast-schema-graph\">{\"@context\":\"https:\\\/\\\/schema.org\",\"@graph\":[{\"@type\":\"WebPage\",\"@id\":\"https:\\\/\\\/cpxzx.com\\\/product\\\/metal-vsp-ring\\\/\",\"url\":\"https:\\\/\\\/cpxzx.com\\\/product\\\/metal-vsp-ring\\\/\",\"name\":\"Metal VSP Ring-High Efficiency Random Packing Supplier\",\"isPartOf\":{\"@id\":\"https:\\\/\\\/cpxzx.com\\\/#website\"},\"primaryImageOfPage\":{\"@id\":\"https:\\\/\\\/cpxzx.com\\\/product\\\/metal-vsp-ring\\\/#primaryimage\"},\"image\":{\"@id\":\"https:\\\/\\\/cpxzx.com\\\/product\\\/metal-vsp-ring\\\/#primaryimage\"},\"thumbnailUrl\":\"https:\\\/\\\/cpxzx.com\\\/wp-content\\\/uploads\\\/2025\\\/09\\\/Chemical-Random-Packaging-SS316L-SS304L-Metal-Vsp-Ring.webp.jpg\",\"datePublished\":\"2025-09-11T08:30:27+00:00\",\"breadcrumb\":{\"@id\":\"https:\\\/\\\/cpxzx.com\\\/product\\\/metal-vsp-ring\\\/#breadcrumb\"},\"inLanguage\":\"es\",\"potentialAction\":[{\"@type\":\"ReadAction\",\"target\":[\"https:\\\/\\\/cpxzx.com\\\/product\\\/metal-vsp-ring\\\/\"]}]},{\"@type\":\"ImageObject\",\"inLanguage\":\"es\",\"@id\":\"https:\\\/\\\/cpxzx.com\\\/product\\\/metal-vsp-ring\\\/#primaryimage\",\"url\":\"https:\\\/\\\/cpxzx.com\\\/wp-content\\\/uploads\\\/2025\\\/09\\\/Chemical-Random-Packaging-SS316L-SS304L-Metal-Vsp-Ring.webp.jpg\",\"contentUrl\":\"https:\\\/\\\/cpxzx.com\\\/wp-content\\\/uploads\\\/2025\\\/09\\\/Chemical-Random-Packaging-SS316L-SS304L-Metal-Vsp-Ring.webp.jpg\",\"width\":550,\"height\":550,\"caption\":\"Ring-Metal-Vsp\"},{\"@type\":\"BreadcrumbList\",\"@id\":\"https:\\\/\\\/cpxzx.com\\\/product\\\/metal-vsp-ring\\\/#breadcrumb\",\"itemListElement\":[{\"@type\":\"ListItem\",\"position\":1,\"name\":\"Home\",\"item\":\"https:\\\/\\\/cpxzx.com\\\/\"},{\"@type\":\"ListItem\",\"position\":2,\"name\":\"Random Packing\",\"item\":\"https:\\\/\\\/cpxzx.com\\\/pcategory\\\/random-packing\\\/\"},{\"@type\":\"ListItem\",\"position\":3,\"name\":\"Metal Random Packing\",\"item\":\"https:\\\/\\\/cpxzx.com\\\/pcategory\\\/random-packing\\\/metal-random-packing\\\/\"},{\"@type\":\"ListItem\",\"position\":4,\"name\":\"Ss304 Metal VSP Ring(25mm 38mm 50mm 76mm)\"}]},{\"@type\":\"WebSite\",\"@id\":\"https:\\\/\\\/cpxzx.com\\\/#website\",\"url\":\"https:\\\/\\\/cpxzx.com\\\/\",\"name\":\"Cooling Tower Fill, China PVC Fills Manufacturer\",\"description\":\"\",\"publisher\":{\"@id\":\"https:\\\/\\\/cpxzx.com\\\/#organization\"},\"potentialAction\":[{\"@type\":\"SearchAction\",\"target\":{\"@type\":\"EntryPoint\",\"urlTemplate\":\"https:\\\/\\\/cpxzx.com\\\/?s={search_term_string}\"},\"query-input\":{\"@type\":\"PropertyValueSpecification\",\"valueRequired\":true,\"valueName\":\"search_term_string\"}}],\"inLanguage\":\"es\"},{\"@type\":\"Organization\",\"@id\":\"https:\\\/\\\/cpxzx.com\\\/#organization\",\"name\":\"Cooling Tower Fill, China PVC Fills Manufacturer\",\"url\":\"https:\\\/\\\/cpxzx.com\\\/\",\"logo\":{\"@type\":\"ImageObject\",\"inLanguage\":\"es\",\"@id\":\"https:\\\/\\\/cpxzx.com\\\/#\\\/schema\\\/logo\\\/image\\\/\",\"url\":\"https:\\\/\\\/cpxzx.com\\\/wp-content\\\/uploads\\\/2025\\\/07\\\/1751628807-logo.png\",\"contentUrl\":\"https:\\\/\\\/cpxzx.com\\\/wp-content\\\/uploads\\\/2025\\\/07\\\/1751628807-logo.png\",\"width\":383,\"height\":87,\"caption\":\"Cooling Tower Fill, China PVC Fills Manufacturer\"},\"image\":{\"@id\":\"https:\\\/\\\/cpxzx.com\\\/#\\\/schema\\\/logo\\\/image\\\/\"}}]}<\/script>\n<!-- \/ Yoast SEO plugin. -->","yoast_head_json":{"title":"Metal VSP Ring-High Efficiency Random Packing Supplier","robots":{"index":"index","follow":"follow","max-snippet":"max-snippet:-1","max-image-preview":"max-image-preview:large","max-video-preview":"max-video-preview:-1"},"canonical":"https:\/\/cpxzx.com\/es\/producto\/metal-vsp-ring\/","og_locale":"es_ES","og_type":"article","og_title":"Metal VSP Ring-High Efficiency Random Packing Supplier","og_description":"Metal VSP Ring is a high-efficiency random packing designed with vertical spiral partitions for improved mass transfer, low pressure drop, and large capacity. Made from stainless steel, carbon steel, or aluminum alloy, it offers excellent corrosion resistance and durability. Widely used in distillation, absorption, and stripping processes, Metal VSP Ring is ideal for petrochemical, fertilizer, pharmaceutical, and environmental industries.","og_url":"https:\/\/cpxzx.com\/es\/producto\/metal-vsp-ring\/","og_site_name":"Cooling Tower Fill, China PVC Fills Manufacturer","og_image":[{"width":550,"height":550,"url":"https:\/\/cpxzx.com\/wp-content\/uploads\/2025\/09\/Chemical-Random-Packaging-SS316L-SS304L-Metal-Vsp-Ring.webp.jpg","type":"image\/jpeg"}],"twitter_card":"summary_large_image","twitter_misc":{"Tiempo de lectura":"3 minutos"},"schema":{"@context":"https:\/\/schema.org","@graph":[{"@type":"WebPage","@id":"https:\/\/cpxzx.com\/product\/metal-vsp-ring\/","url":"https:\/\/cpxzx.com\/product\/metal-vsp-ring\/","name":"Metal VSP Ring-High Efficiency Random Packing Supplier","isPartOf":{"@id":"https:\/\/cpxzx.com\/#website"},"primaryImageOfPage":{"@id":"https:\/\/cpxzx.com\/product\/metal-vsp-ring\/#primaryimage"},"image":{"@id":"https:\/\/cpxzx.com\/product\/metal-vsp-ring\/#primaryimage"},"thumbnailUrl":"https:\/\/cpxzx.com\/wp-content\/uploads\/2025\/09\/Chemical-Random-Packaging-SS316L-SS304L-Metal-Vsp-Ring.webp.jpg","datePublished":"2025-09-11T08:30:27+00:00","breadcrumb":{"@id":"https:\/\/cpxzx.com\/product\/metal-vsp-ring\/#breadcrumb"},"inLanguage":"es","potentialAction":[{"@type":"ReadAction","target":["https:\/\/cpxzx.com\/product\/metal-vsp-ring\/"]}]},{"@type":"ImageObject","inLanguage":"es","@id":"https:\/\/cpxzx.com\/product\/metal-vsp-ring\/#primaryimage","url":"https:\/\/cpxzx.com\/wp-content\/uploads\/2025\/09\/Chemical-Random-Packaging-SS316L-SS304L-Metal-Vsp-Ring.webp.jpg","contentUrl":"https:\/\/cpxzx.com\/wp-content\/uploads\/2025\/09\/Chemical-Random-Packaging-SS316L-SS304L-Metal-Vsp-Ring.webp.jpg","width":550,"height":550,"caption":"Ring-Metal-Vsp"},{"@type":"BreadcrumbList","@id":"https:\/\/cpxzx.com\/product\/metal-vsp-ring\/#breadcrumb","itemListElement":[{"@type":"ListItem","position":1,"name":"Home","item":"https:\/\/cpxzx.com\/"},{"@type":"ListItem","position":2,"name":"Random Packing","item":"https:\/\/cpxzx.com\/pcategory\/random-packing\/"},{"@type":"ListItem","position":3,"name":"Metal Random Packing","item":"https:\/\/cpxzx.com\/pcategory\/random-packing\/metal-random-packing\/"},{"@type":"ListItem","position":4,"name":"Ss304 Metal VSP Ring(25mm 38mm 50mm 76mm)"}]},{"@type":"WebSite","@id":"https:\/\/cpxzx.com\/#website","url":"https:\/\/cpxzx.com\/","name":"Relleno de torre de refrigeraci\u00f3n, Fabricante de rellenos de PVC en China","description":"","publisher":{"@id":"https:\/\/cpxzx.com\/#organization"},"potentialAction":[{"@type":"SearchAction","target":{"@type":"EntryPoint","urlTemplate":"https:\/\/cpxzx.com\/?s={search_term_string}"},"query-input":{"@type":"PropertyValueSpecification","valueRequired":true,"valueName":"search_term_string"}}],"inLanguage":"es"},{"@type":"Organization","@id":"https:\/\/cpxzx.com\/#organization","name":"Relleno de torre de refrigeraci\u00f3n, Fabricante de rellenos de PVC en China","url":"https:\/\/cpxzx.com\/","logo":{"@type":"ImageObject","inLanguage":"es","@id":"https:\/\/cpxzx.com\/#\/schema\/logo\/image\/","url":"https:\/\/cpxzx.com\/wp-content\/uploads\/2025\/07\/1751628807-logo.png","contentUrl":"https:\/\/cpxzx.com\/wp-content\/uploads\/2025\/07\/1751628807-logo.png","width":383,"height":87,"caption":"Cooling Tower Fill, China PVC Fills Manufacturer"},"image":{"@id":"https:\/\/cpxzx.com\/#\/schema\/logo\/image\/"}}]}},"taxonomy_info":{"pcategory":[{"value":22,"label":"Random Packing"},{"value":23,"label":"Metal Random Packing"}]},"featured_image_src_large":["https:\/\/cpxzx.com\/wp-content\/uploads\/2025\/09\/Chemical-Random-Packaging-SS316L-SS304L-Metal-Vsp-Ring.webp.jpg",550,550,false],"author_info":[],"comment_info":"","_links":{"self":[{"href":"https:\/\/cpxzx.com\/es\/wp-json\/wp\/v2\/product\/2977","targetHints":{"allow":["GET"]}}],"collection":[{"href":"https:\/\/cpxzx.com\/es\/wp-json\/wp\/v2\/product"}],"about":[{"href":"https:\/\/cpxzx.com\/es\/wp-json\/wp\/v2\/types\/product"}],"wp:featuredmedia":[{"embeddable":true,"href":"https:\/\/cpxzx.com\/es\/wp-json\/wp\/v2\/media\/2979"}],"wp:attachment":[{"href":"https:\/\/cpxzx.com\/es\/wp-json\/wp\/v2\/media?parent=2977"}],"wp:term":[{"taxonomy":"pcategory","embeddable":true,"href":"https:\/\/cpxzx.com\/es\/wp-json\/wp\/v2\/pcategory?post=2977"},{"taxonomy":"ptag","embeddable":true,"href":"https:\/\/cpxzx.com\/es\/wp-json\/wp\/v2\/ptag?post=2977"}],"curies":[{"name":"wp","href":"https:\/\/api.w.org\/{rel}","templated":true}]}}