{"id":2976,"date":"2025-09-10T09:30:16","date_gmt":"2025-09-10T09:30:16","guid":{"rendered":"https:\/\/cpxzx.com\/?post_type=product&#038;p=2976"},"modified":"2025-09-07T07:32:10","modified_gmt":"2025-09-07T07:32:10","slug":"anillo-de-metal","status":"publish","type":"product","link":"https:\/\/cpxzx.com\/es\/producto\/anillo-de-metal\/","title":{"rendered":"Anillo de tuerca met\u00e1lico (SS304, SS316, SS316L, SS410)"},"content":{"rendered":"<p>En <strong>Anillo de metal Nutter<\/strong> fue dise\u00f1ada por Dale Nutter en 1984 como un nuevo tipo de empaquetadura aleatoria de alto rendimiento.<br \/>\nTiene un dise\u00f1o \u00fanico en forma de silla de montar con costillas reforzadas con pesta\u00f1as en ambos lados y varios orificios en la parte posterior.<br \/>\nEsta estructura especial mejora el aprovechamiento de la superficie y aumenta la eficacia en los procesos de transferencia de masa.<\/p>\n<p>En comparaci\u00f3n con las empaquetaduras tradicionales, el anillo de tuerca met\u00e1lico proporciona una gran resistencia mec\u00e1nica y una excelente distribuci\u00f3n del l\u00edquido,<br \/>\ny un contacto superficial superior. Estas caracter\u00edsticas permiten obtener lechos empacados m\u00e1s cortos, una menor ca\u00edda de presi\u00f3n y una mayor eficiencia operativa.<br \/>\nSe aplica ampliamente en torres de secado, torres de absorci\u00f3n y torres de lavado.<\/p>\n<p>Como fabricante profesional de embalajes aleatorios, suministramos anillos de tuerca met\u00e1licos en acero inoxidable (SS304, SS316, SS316L, SS410) y acero al carbono.<br \/>\nExisten diferentes materiales para satisfacer los diversos requisitos de los procesos de las industrias qu\u00edmica, petroqu\u00edmica y medioambiental.<\/p>\n<h2>Caracter\u00edsticas<\/h2>\n<ul>\n<li>Materiales disponibles: Aluminio, SS304, SS304L, SS316, SS316L, SS410, Acero al carbono.<\/li>\n<li>Gran capacidad de carga con baja ca\u00edda de presi\u00f3n.<\/li>\n<li>Excelente resistencia a la corrosi\u00f3n y a las altas temperaturas.<\/li>\n<li>Gran resistencia mec\u00e1nica y larga vida \u00fatil.<\/li>\n<li>F\u00e1cil instalaci\u00f3n y c\u00f3modo manejo.<\/li>\n<li>Alta eficacia de separaci\u00f3n y rendimiento fiable.<\/li>\n<\/ul>\n<h2>Especificaciones<\/h2>\n<p>El Metal Nutter Ring est\u00e1 clasificado como uno de los empaquetamientos aleatorios m\u00e1s eficaces.<br \/>\nCon un aprovechamiento superior de la superficie, garantiza una transferencia \u00f3ptima de masa y calor a la vez que reduce los requisitos de altura del lecho empacado.<\/p>\n<table class=\"spec-table\">\n<thead>\n<tr>\n<th>Tama\u00f1o (mm)<\/th>\n<th>Espesor (mm)<\/th>\n<th>Densidad aparente (kg\/m\u00b3)<\/th>\n<th>N\u00famero (por m\u00b3)<\/th>\n<th>Volumen libre (%)<\/th>\n<th>Superficie (m\u00b2\/m\u00b3)<\/th>\n<th>Factor de empaquetamiento (m-\u00b9)<\/th>\n<\/tr>\n<\/thead>\n<tbody>\n<tr>\n<td>15<\/td>\n<td>0.25<\/td>\n<td>280<\/td>\n<td>347000<\/td>\n<td>96.5<\/td>\n<td>305<\/td>\n<td>167<\/td>\n<\/tr>\n<tr>\n<td>25<\/td>\n<td>0.3<\/td>\n<td>255<\/td>\n<td>135000<\/td>\n<td>96.8<\/td>\n<td>241<\/td>\n<td>135<\/td>\n<\/tr>\n<tr>\n<td>40<\/td>\n<td>0.4<\/td>\n<td>231<\/td>\n<td>50200<\/td>\n<td>97.1<\/td>\n<td>161<\/td>\n<td>79<\/td>\n<\/tr>\n<tr>\n<td>50<\/td>\n<td>0.4<\/td>\n<td>149<\/td>\n<td>15000<\/td>\n<td>98.1<\/td>\n<td>104<\/td>\n<td>59<\/td>\n<\/tr>\n<tr>\n<td>60<\/td>\n<td>0.4<\/td>\n<td>142<\/td>\n<td>8400<\/td>\n<td>98.2<\/td>\n<td>85<\/td>\n<td>50<\/td>\n<\/tr>\n<\/tbody>\n<\/table>\n<h2>Ventajas<\/h2>\n<ul>\n<li>Empaquetadura vers\u00e1til adecuada para sistemas de destilaci\u00f3n, absorci\u00f3n y regeneraci\u00f3n.<\/li>\n<li>Funciona bien tanto en condiciones de vac\u00edo profundo como de alta presi\u00f3n.<\/li>\n<li>Gran caudal, baja ca\u00edda de presi\u00f3n y excelente eficacia de transferencia de masa.<\/li>\n<li>Gran flexibilidad operativa, ideal para torres de peque\u00f1o y gran di\u00e1metro.<\/li>\n<li>Rendimiento demostrado en operaciones cr\u00edticas en las que las bandejas convencionales son menos eficientes.<\/li>\n<\/ul>\n<p>Al elegir el anillo de tuerca met\u00e1lico, los usuarios se benefician de un rendimiento fiable y un menor consumo de energ\u00eda,<br \/>\ny mayor vida \u00fatil en comparaci\u00f3n con otros tipos de empaquetaduras aleatorias.<\/p>\n<h2>Aplicaciones<\/h2>\n<ul>\n<li>Torres de destilaci\u00f3n<\/li>\n<li>Torres de absorci\u00f3n y lavado<\/li>\n<li>Sistemas de desorci\u00f3n y regeneraci\u00f3n<\/li>\n<li>Procesos de ingenier\u00eda medioambiental<\/li>\n<li>Plantas de tratamiento de gas y de transformaci\u00f3n qu\u00edmica<\/li>\n<\/ul>\n<p>Su s\u00f3lida estructura y avanzado dise\u00f1o lo convierten en la opci\u00f3n preferida para equipos de transferencia de masa en industrias como<br \/>\nrefinado de petr\u00f3leo, producci\u00f3n de fertilizantes qu\u00edmicos y control de la contaminaci\u00f3n atmosf\u00e9rica.<\/p>\n<h2>Paquete<\/h2>\n<p>Para garantizar una entrega segura, los anillos de metal para nueces se embalan con m\u00e9todos profesionales, ecol\u00f3gicos y eficientes.<br \/>\nDisponemos de soluciones de envasado personalizadas para proteger los productos durante el transporte y el almacenamiento.<\/p>","protected":false},"excerpt":{"rendered":"<p>El anillo met\u00e1lico Nutter fue dise\u00f1ado por Dale Nutter en 1984 como un nuevo tipo de empaquetadura aleatoria de alto rendimiento. Tiene un dise\u00f1o \u00fanico en forma de silla de montar con nervaduras reforzadas con pesta\u00f1as en ambos lados y varios orificios en la parte posterior. Esta estructura especial mejora el aprovechamiento de la superficie y aumenta la eficacia en los procesos de transferencia de masa. En comparaci\u00f3n con las empaquetaduras tradicionales,...<\/p>","protected":false},"featured_media":0,"parent":0,"template":"","meta":{"_acf_changed":false,"_kad_blocks_custom_css":"","_kad_blocks_head_custom_js":"","_kad_blocks_body_custom_js":"","_kad_blocks_footer_custom_js":"","_kadence_starter_templates_imported_post":false,"_kad_post_transparent":"default","_kad_post_title":"","_kad_post_layout":"default","_kad_post_sidebar_id":"","_kad_post_content_style":"default","_kad_post_vertical_padding":"default","_kad_post_feature":"","_kad_post_feature_position":"","_kad_post_header":false,"_kad_post_footer":false},"pcategory":[22,23],"ptag":[],"class_list":["post-2976","product","type-product","status-publish","hentry","pcategory-random-packing","pcategory-metal-random-packing"],"acf":[],"yoast_head":"<!-- This site is optimized with the Yoast SEO plugin v27.4 - https:\/\/yoast.com\/product\/yoast-seo-wordpress\/ -->\n<title>Metal Nutter Ring<\/title>\n<meta name=\"robots\" content=\"index, follow, max-snippet:-1, max-image-preview:large, max-video-preview:-1\" \/>\n<link rel=\"canonical\" href=\"https:\/\/cpxzx.com\/es\/producto\/anillo-de-metal\/\" \/>\n<meta property=\"og:locale\" content=\"es_ES\" \/>\n<meta property=\"og:type\" content=\"article\" \/>\n<meta property=\"og:title\" content=\"Metal Nutter Ring\" \/>\n<meta property=\"og:description\" content=\"The Metal Nutter Ring was designed by Dale Nutter in 1984 as a new type of high-performance random packing. It has a unique saddle-shaped design with flanging reinforced ribs on both sides and several holes on the back. This special structure improves surface utilization and enhances efficiency in mass transfer processes. Compared with traditional packings,...\" \/>\n<meta property=\"og:url\" content=\"https:\/\/cpxzx.com\/es\/producto\/anillo-de-metal\/\" \/>\n<meta property=\"og:site_name\" content=\"Cooling Tower Fill, China PVC Fills Manufacturer\" \/>\n<meta name=\"twitter:card\" content=\"summary_large_image\" \/>\n<meta name=\"twitter:label1\" content=\"Tiempo de lectura\" \/>\n\t<meta name=\"twitter:data1\" content=\"2 minutos\" \/>\n<script type=\"application\/ld+json\" class=\"yoast-schema-graph\">{\"@context\":\"https:\\\/\\\/schema.org\",\"@graph\":[{\"@type\":\"WebPage\",\"@id\":\"https:\\\/\\\/cpxzx.com\\\/product\\\/metal-nutter-ring\\\/\",\"url\":\"https:\\\/\\\/cpxzx.com\\\/product\\\/metal-nutter-ring\\\/\",\"name\":\"Metal Nutter Ring\",\"isPartOf\":{\"@id\":\"https:\\\/\\\/cpxzx.com\\\/#website\"},\"datePublished\":\"2025-09-10T09:30:16+00:00\",\"breadcrumb\":{\"@id\":\"https:\\\/\\\/cpxzx.com\\\/product\\\/metal-nutter-ring\\\/#breadcrumb\"},\"inLanguage\":\"es\",\"potentialAction\":[{\"@type\":\"ReadAction\",\"target\":[\"https:\\\/\\\/cpxzx.com\\\/product\\\/metal-nutter-ring\\\/\"]}]},{\"@type\":\"BreadcrumbList\",\"@id\":\"https:\\\/\\\/cpxzx.com\\\/product\\\/metal-nutter-ring\\\/#breadcrumb\",\"itemListElement\":[{\"@type\":\"ListItem\",\"position\":1,\"name\":\"Home\",\"item\":\"https:\\\/\\\/cpxzx.com\\\/\"},{\"@type\":\"ListItem\",\"position\":2,\"name\":\"Random Packing\",\"item\":\"https:\\\/\\\/cpxzx.com\\\/pcategory\\\/random-packing\\\/\"},{\"@type\":\"ListItem\",\"position\":3,\"name\":\"Metal Random Packing\",\"item\":\"https:\\\/\\\/cpxzx.com\\\/pcategory\\\/random-packing\\\/metal-random-packing\\\/\"},{\"@type\":\"ListItem\",\"position\":4,\"name\":\"Metal Nutter Ring(SS304, SS316, SS316L, SS410)\"}]},{\"@type\":\"WebSite\",\"@id\":\"https:\\\/\\\/cpxzx.com\\\/#website\",\"url\":\"https:\\\/\\\/cpxzx.com\\\/\",\"name\":\"Cooling Tower Fill, China PVC Fills Manufacturer\",\"description\":\"\",\"publisher\":{\"@id\":\"https:\\\/\\\/cpxzx.com\\\/#organization\"},\"potentialAction\":[{\"@type\":\"SearchAction\",\"target\":{\"@type\":\"EntryPoint\",\"urlTemplate\":\"https:\\\/\\\/cpxzx.com\\\/?s={search_term_string}\"},\"query-input\":{\"@type\":\"PropertyValueSpecification\",\"valueRequired\":true,\"valueName\":\"search_term_string\"}}],\"inLanguage\":\"es\"},{\"@type\":\"Organization\",\"@id\":\"https:\\\/\\\/cpxzx.com\\\/#organization\",\"name\":\"Cooling Tower Fill, China PVC Fills Manufacturer\",\"url\":\"https:\\\/\\\/cpxzx.com\\\/\",\"logo\":{\"@type\":\"ImageObject\",\"inLanguage\":\"es\",\"@id\":\"https:\\\/\\\/cpxzx.com\\\/#\\\/schema\\\/logo\\\/image\\\/\",\"url\":\"https:\\\/\\\/cpxzx.com\\\/wp-content\\\/uploads\\\/2025\\\/07\\\/1751628807-logo.png\",\"contentUrl\":\"https:\\\/\\\/cpxzx.com\\\/wp-content\\\/uploads\\\/2025\\\/07\\\/1751628807-logo.png\",\"width\":383,\"height\":87,\"caption\":\"Cooling Tower Fill, China PVC Fills Manufacturer\"},\"image\":{\"@id\":\"https:\\\/\\\/cpxzx.com\\\/#\\\/schema\\\/logo\\\/image\\\/\"}}]}<\/script>\n<!-- \/ Yoast SEO plugin. -->","yoast_head_json":{"title":"Anillo de metal Nutter","robots":{"index":"index","follow":"follow","max-snippet":"max-snippet:-1","max-image-preview":"max-image-preview:large","max-video-preview":"max-video-preview:-1"},"canonical":"https:\/\/cpxzx.com\/es\/producto\/anillo-de-metal\/","og_locale":"es_ES","og_type":"article","og_title":"Metal Nutter Ring","og_description":"The Metal Nutter Ring was designed by Dale Nutter in 1984 as a new type of high-performance random packing. It has a unique saddle-shaped design with flanging reinforced ribs on both sides and several holes on the back. This special structure improves surface utilization and enhances efficiency in mass transfer processes. Compared with traditional packings,...","og_url":"https:\/\/cpxzx.com\/es\/producto\/anillo-de-metal\/","og_site_name":"Cooling Tower Fill, China PVC Fills Manufacturer","twitter_card":"summary_large_image","twitter_misc":{"Tiempo de lectura":"2 minutos"},"schema":{"@context":"https:\/\/schema.org","@graph":[{"@type":"WebPage","@id":"https:\/\/cpxzx.com\/product\/metal-nutter-ring\/","url":"https:\/\/cpxzx.com\/product\/metal-nutter-ring\/","name":"Anillo de metal Nutter","isPartOf":{"@id":"https:\/\/cpxzx.com\/#website"},"datePublished":"2025-09-10T09:30:16+00:00","breadcrumb":{"@id":"https:\/\/cpxzx.com\/product\/metal-nutter-ring\/#breadcrumb"},"inLanguage":"es","potentialAction":[{"@type":"ReadAction","target":["https:\/\/cpxzx.com\/product\/metal-nutter-ring\/"]}]},{"@type":"BreadcrumbList","@id":"https:\/\/cpxzx.com\/product\/metal-nutter-ring\/#breadcrumb","itemListElement":[{"@type":"ListItem","position":1,"name":"Home","item":"https:\/\/cpxzx.com\/"},{"@type":"ListItem","position":2,"name":"Random Packing","item":"https:\/\/cpxzx.com\/pcategory\/random-packing\/"},{"@type":"ListItem","position":3,"name":"Metal Random Packing","item":"https:\/\/cpxzx.com\/pcategory\/random-packing\/metal-random-packing\/"},{"@type":"ListItem","position":4,"name":"Metal Nutter Ring(SS304, SS316, SS316L, SS410)"}]},{"@type":"WebSite","@id":"https:\/\/cpxzx.com\/#website","url":"https:\/\/cpxzx.com\/","name":"Relleno de torre de refrigeraci\u00f3n, Fabricante de rellenos de PVC en China","description":"","publisher":{"@id":"https:\/\/cpxzx.com\/#organization"},"potentialAction":[{"@type":"SearchAction","target":{"@type":"EntryPoint","urlTemplate":"https:\/\/cpxzx.com\/?s={search_term_string}"},"query-input":{"@type":"PropertyValueSpecification","valueRequired":true,"valueName":"search_term_string"}}],"inLanguage":"es"},{"@type":"Organization","@id":"https:\/\/cpxzx.com\/#organization","name":"Relleno de torre de refrigeraci\u00f3n, Fabricante de rellenos de PVC en China","url":"https:\/\/cpxzx.com\/","logo":{"@type":"ImageObject","inLanguage":"es","@id":"https:\/\/cpxzx.com\/#\/schema\/logo\/image\/","url":"https:\/\/cpxzx.com\/wp-content\/uploads\/2025\/07\/1751628807-logo.png","contentUrl":"https:\/\/cpxzx.com\/wp-content\/uploads\/2025\/07\/1751628807-logo.png","width":383,"height":87,"caption":"Cooling Tower Fill, China PVC Fills Manufacturer"},"image":{"@id":"https:\/\/cpxzx.com\/#\/schema\/logo\/image\/"}}]}},"taxonomy_info":{"pcategory":[{"value":22,"label":"Random Packing"},{"value":23,"label":"Metal Random Packing"}]},"featured_image_src_large":false,"author_info":[],"comment_info":"","_links":{"self":[{"href":"https:\/\/cpxzx.com\/es\/wp-json\/wp\/v2\/product\/2976","targetHints":{"allow":["GET"]}}],"collection":[{"href":"https:\/\/cpxzx.com\/es\/wp-json\/wp\/v2\/product"}],"about":[{"href":"https:\/\/cpxzx.com\/es\/wp-json\/wp\/v2\/types\/product"}],"wp:attachment":[{"href":"https:\/\/cpxzx.com\/es\/wp-json\/wp\/v2\/media?parent=2976"}],"wp:term":[{"taxonomy":"pcategory","embeddable":true,"href":"https:\/\/cpxzx.com\/es\/wp-json\/wp\/v2\/pcategory?post=2976"},{"taxonomy":"ptag","embeddable":true,"href":"https:\/\/cpxzx.com\/es\/wp-json\/wp\/v2\/ptag?post=2976"}],"curies":[{"name":"wp","href":"https:\/\/api.w.org\/{rel}","templated":true}]}}