{"id":2972,"date":"2025-09-09T09:00:02","date_gmt":"2025-09-09T09:00:02","guid":{"rendered":"https:\/\/cpxzx.com\/?post_type=product&#038;p=2972"},"modified":"2025-09-07T07:19:57","modified_gmt":"2025-09-07T07:19:57","slug":"metal-intalox-saddle","status":"publish","type":"product","link":"https:\/\/cpxzx.com\/es\/producto\/metal-intalox-saddle\/","title":{"rendered":"Sill\u00edn Intalox met\u00e1lico"},"content":{"rendered":"<p><strong>Sill\u00edn Intalox met\u00e1lico<\/strong> es un tipo de empaquetadura aleatoria altamente eficaz dise\u00f1ada para mejorar el rendimiento de las torres de empaquetadura en las industrias qu\u00edmica, petroqu\u00edmica y medioambiental. Fue desarrollada por primera vez por Norton en Estados Unidos y desde entonces ha obtenido reconocimiento internacional como una de las empaquetaduras de torre m\u00e1s eficaces que existen.<\/p>\n<p>La estructura del sill\u00edn Intalox de metal combina las ventajas de dise\u00f1o de un anillo y de un sill\u00edn. Su cuerpo en forma de silla de montar con nervaduras anulares adicionales proporciona una gran resistencia mec\u00e1nica, reduce el riesgo de solapamiento y mejora la rigidez. Las peque\u00f1as garras de la superficie crean turbulencias, aumentan el contacto gas-l\u00edquido e incrementan la eficacia de la transferencia de masa. Este dise\u00f1o permite un rendimiento de separaci\u00f3n superior al de las empaquetaduras tradicionales, como los anillos pall.<\/p>\n<p>El uso de Metal Intalox Saddle ofrece varias ventajas. La altura de la torre puede reducirse hasta en 35%, el di\u00e1metro de la columna en 30% y la eficiencia mejora en 10-30%. Adem\u00e1s, la ca\u00edda de presi\u00f3n puede reducirse en 20-60%, lo que disminuye el consumo de energ\u00eda y reduce los costes de explotaci\u00f3n. Las pruebas piloto han demostrado que la adopci\u00f3n de Metal Intalox Saddle en los procesos de destilaci\u00f3n tambi\u00e9n puede reducir la inversi\u00f3n de capital en aproximadamente 20%.<\/p>\n<p>El sill\u00edn met\u00e1lico Intalox puede fabricarse con diversos materiales para adaptarse a distintas condiciones de trabajo, como acero al carbono, acero inoxidable 304, 304L, 410, 316 y 316L. Esta flexibilidad lo hace adaptable a muchos tipos de entornos corrosivos o de alta temperatura.<\/p>\n<h2>Caracter\u00edsticas<\/h2>\n<ul>\n<li>Excelente eficacia de transferencia de masa con mejor distribuci\u00f3n del l\u00edquido y renovaci\u00f3n de la pel\u00edcula.<\/li>\n<li>La menor altura del lecho de empaquetado reduce el tama\u00f1o total de la torre.<\/li>\n<li>Alta relaci\u00f3n resistencia-peso, adecuada para camas de hasta 15 metros de altura.<\/li>\n<li>El empaquetado aleatorio uniforme garantiza un rendimiento constante y predecible.<\/li>\n<li>El dise\u00f1o de part\u00edculas de flujo libre facilita la instalaci\u00f3n y el desmontaje.<\/li>\n<li>Alta capacidad con baja ca\u00edda de presi\u00f3n incluso en aplicaciones exigentes.<\/li>\n<li>La gran superficie interfacial mejora el rendimiento de la separaci\u00f3n.<\/li>\n<li>Disponible en m\u00faltiples materiales como acero al carbono, SS304, SS304L, SS410, SS316 y SS316L.<\/li>\n<\/ul>\n<h2>Especificaci\u00f3n<\/h2>\n<p>La forma de la silla Intalox met\u00e1lica es un h\u00edbrido \u00fanico de los dise\u00f1os de anillo y silla. Esta ventaja estructural mejora la distribuci\u00f3n de gases y l\u00edquidos en el interior de la columna y aumenta el n\u00famero de pasos de gas. El resultado es una menor resistencia, un mayor rendimiento y una eficiencia mejorada en comparaci\u00f3n con los anillos pall. Por su gran resistencia y durabilidad, se considera una de las empaquetaduras aleatorias m\u00e1s utilizadas en todo el mundo.<\/p>\n<p>El sill\u00edn met\u00e1lico Intalox se utiliza con frecuencia en ingenier\u00eda petroqu\u00edmica, producci\u00f3n de fertilizantes y campos de protecci\u00f3n medioambiental. Se aplica en torres de absorci\u00f3n, torres de purificaci\u00f3n, torres de lavado, sistemas de rectificaci\u00f3n y otras columnas empaquetadas donde se requiere una alta eficiencia y fiabilidad.<\/p>\n<h2>Par\u00e1metros t\u00e9cnicos del sill\u00edn Intalox de metal<\/h2>\n<table border=\"1\" cellspacing=\"0\" cellpadding=\"6\">\n<tbody>\n<tr>\n<th>Tama\u00f1o (mm)<\/th>\n<th>Densidad aparente (304, kg\/m\u00b3)<\/th>\n<th>N\u00famero (por m\u00b3)<\/th>\n<th>Superficie (m\u00b2\/m\u00b3)<\/th>\n<th>Volumen libre (%)<\/th>\n<th>Factor de embalaje en seco m-\u00b9<\/th>\n<\/tr>\n<tr>\n<td>15mm 16.5*10.6*0.3<\/td>\n<td>263<\/td>\n<td>324110<\/td>\n<td>275<\/td>\n<td>96.7<\/td>\n<td>304.9<\/td>\n<\/tr>\n<tr>\n<td>25mm 25.9*12.6*0.3<\/td>\n<td>192<\/td>\n<td>127180<\/td>\n<td>344<\/td>\n<td>95.5<\/td>\n<td>393.2<\/td>\n<\/tr>\n<tr>\n<td>40mm 35.4*18.8*0.3<\/td>\n<td>146<\/td>\n<td>51180<\/td>\n<td>151<\/td>\n<td>98.1<\/td>\n<td>159.7<\/td>\n<\/tr>\n<tr>\n<td>50mm 48.5*28.6*0.3<\/td>\n<td>95<\/td>\n<td>15550<\/td>\n<td>97<\/td>\n<td>98.8<\/td>\n<td>101.0<\/td>\n<\/tr>\n<tr>\n<td>50mm 48.5*28.6*0.4<\/td>\n<td>132<\/td>\n<td>15550<\/td>\n<td>97<\/td>\n<td>98.3<\/td>\n<td>102.5<\/td>\n<\/tr>\n<tr>\n<td>60 mm 67*37*0,4<\/td>\n<td>113<\/td>\n<td>9000<\/td>\n<td>84<\/td>\n<td>98.6<\/td>\n<td>87.3<\/td>\n<\/tr>\n<tr>\n<td>60 mm 67*37*0,5<\/td>\n<td>145<\/td>\n<td>9000<\/td>\n<td>84<\/td>\n<td>98.2<\/td>\n<td>88.4<\/td>\n<\/tr>\n<tr>\n<td>70mm 76.5*42.5*0.4<\/td>\n<td>83<\/td>\n<td>4690<\/td>\n<td>61<\/td>\n<td>99.0<\/td>\n<td>62.9<\/td>\n<\/tr>\n<\/tbody>\n<\/table>\n<h2>Ventajas<\/h2>\n<ul>\n<li>Empaquetadura aleatoria vers\u00e1til adecuada para sistemas de destilaci\u00f3n, absorci\u00f3n, stripping, regeneraci\u00f3n y desorci\u00f3n.<\/li>\n<li>Aplicable tanto en torres de vac\u00edo profundo como en columnas de alta presi\u00f3n.<\/li>\n<li>Aprovechamiento superior de la superficie y gran flexibilidad operativa.<\/li>\n<li>Gran capacidad y baja ca\u00edda de presi\u00f3n en comparaci\u00f3n con las bandejas convencionales.<\/li>\n<li>El funcionamiento estable reduce el consumo de energ\u00eda y los costes de explotaci\u00f3n.<\/li>\n<li>Su alta fiabilidad garantiza una larga vida \u00fatil y un rendimiento de separaci\u00f3n constante.<\/li>\n<\/ul>\n<h2>Aplicaci\u00f3n<\/h2>\n<p>El sill\u00edn met\u00e1lico Intalox se utiliza ampliamente en una amplia gama de industrias debido a su eficacia y adaptabilidad superiores. En las plantas petroqu\u00edmicas, se aplica en sistemas de separaci\u00f3n y purificaci\u00f3n. En el tratamiento de gases, se utiliza en operaciones de absorci\u00f3n y desorci\u00f3n. Tambi\u00e9n se encuentra en torres de rectificaci\u00f3n y destilaci\u00f3n para procesos de refinado. En ingenier\u00eda medioambiental, se aplica en torres de purificaci\u00f3n y sistemas de tratamiento de gases de escape. Adem\u00e1s, el Metal Intalox Saddle es un componente esencial en la producci\u00f3n de fertilizantes y el procesamiento qu\u00edmico, donde se requiere una eficacia fiable en la transferencia de masa.<\/p>\n<h2>Paquete<\/h2>\n<p>El sill\u00edn Intalox met\u00e1lico se embala en bolsas tejidas duraderas, bolsas jumbo o embalajes personalizados para satisfacer los requisitos del cliente. El embalaje est\u00e1 dise\u00f1ado para protegerlo de da\u00f1os durante el transporte y la manipulaci\u00f3n. Tambi\u00e9n garantiza un almacenamiento f\u00e1cil y una instalaci\u00f3n segura en el lugar del proyecto. Para los env\u00edos al extranjero, se puede suministrar un embalaje especial de exportaci\u00f3n que garantice la integridad del producto en el momento de la entrega.<\/p>","protected":false},"excerpt":{"rendered":"<p>Metal Intalox Saddle es un tipo eficaz de empaquetadura aleatoria ampliamente utilizada en las industrias qu\u00edmica, petroqu\u00edmica y medioambiental. Su exclusivo dise\u00f1o en forma de silla de montar con nervaduras a\u00f1adidas proporciona alta resistencia, baja ca\u00edda de presi\u00f3n y un excelente rendimiento de transferencia de masa. En comparaci\u00f3n con las empaquetaduras tradicionales, ofrece mayor capacidad, menor altura de torre y mayor eficacia de separaci\u00f3n. Metal Intalox Saddle est\u00e1 disponible en materiales como acero al carbono, SS304, SS316 y otros, lo que la hace adecuada para una amplia gama de aplicaciones, incluidos los procesos de destilaci\u00f3n, absorci\u00f3n y purificaci\u00f3n.<\/p>","protected":false},"featured_media":2973,"parent":0,"template":"","meta":{"_acf_changed":false,"_kad_blocks_custom_css":"","_kad_blocks_head_custom_js":"","_kad_blocks_body_custom_js":"","_kad_blocks_footer_custom_js":"","_kadence_starter_templates_imported_post":false,"_kad_post_transparent":"default","_kad_post_title":"","_kad_post_layout":"default","_kad_post_sidebar_id":"","_kad_post_content_style":"default","_kad_post_vertical_padding":"default","_kad_post_feature":"","_kad_post_feature_position":"","_kad_post_header":false,"_kad_post_footer":false},"pcategory":[22,23],"ptag":[],"class_list":["post-2972","product","type-product","status-publish","has-post-thumbnail","hentry","pcategory-random-packing","pcategory-metal-random-packing"],"acf":[],"yoast_head":"<!-- This site is optimized with the Yoast SEO plugin v27.4 - https:\/\/yoast.com\/product\/yoast-seo-wordpress\/ -->\n<title>Metal Intalox Saddle<\/title>\n<meta name=\"robots\" content=\"index, follow, max-snippet:-1, max-image-preview:large, max-video-preview:-1\" \/>\n<link rel=\"canonical\" href=\"https:\/\/cpxzx.com\/es\/producto\/metal-intalox-saddle\/\" \/>\n<meta property=\"og:locale\" content=\"es_ES\" \/>\n<meta property=\"og:type\" content=\"article\" \/>\n<meta property=\"og:title\" content=\"Metal Intalox Saddle\" \/>\n<meta property=\"og:description\" content=\"Metal Intalox Saddle is an efficient type of random packing widely used in chemical, petrochemical, and environmental industries. Its unique saddle-shaped design with added ribs provides high strength, low pressure drop, and excellent mass transfer performance. Compared with traditional packings, it offers higher capacity, shorter tower height, and improved separation efficiency. Metal Intalox Saddle is available in materials such as carbon steel, SS304, SS316, and others, making it suitable for a wide range of applications including distillation, absorption, and purification processes.\" \/>\n<meta property=\"og:url\" content=\"https:\/\/cpxzx.com\/es\/producto\/metal-intalox-saddle\/\" \/>\n<meta property=\"og:site_name\" content=\"Cooling Tower Fill, China PVC Fills Manufacturer\" \/>\n<meta property=\"og:image\" content=\"https:\/\/cpxzx.com\/wp-content\/uploads\/2025\/09\/Metal-Intalox-Saddle.jpg\" \/>\n\t<meta property=\"og:image:width\" content=\"550\" \/>\n\t<meta property=\"og:image:height\" content=\"550\" \/>\n\t<meta property=\"og:image:type\" content=\"image\/jpeg\" \/>\n<meta name=\"twitter:card\" content=\"summary_large_image\" \/>\n<meta name=\"twitter:label1\" content=\"Tiempo de lectura\" \/>\n\t<meta name=\"twitter:data1\" content=\"4 minutos\" \/>\n<script type=\"application\/ld+json\" class=\"yoast-schema-graph\">{\"@context\":\"https:\\\/\\\/schema.org\",\"@graph\":[{\"@type\":\"WebPage\",\"@id\":\"https:\\\/\\\/cpxzx.com\\\/product\\\/metal-intalox-saddle\\\/\",\"url\":\"https:\\\/\\\/cpxzx.com\\\/product\\\/metal-intalox-saddle\\\/\",\"name\":\"Metal Intalox Saddle\",\"isPartOf\":{\"@id\":\"https:\\\/\\\/cpxzx.com\\\/#website\"},\"primaryImageOfPage\":{\"@id\":\"https:\\\/\\\/cpxzx.com\\\/product\\\/metal-intalox-saddle\\\/#primaryimage\"},\"image\":{\"@id\":\"https:\\\/\\\/cpxzx.com\\\/product\\\/metal-intalox-saddle\\\/#primaryimage\"},\"thumbnailUrl\":\"https:\\\/\\\/cpxzx.com\\\/wp-content\\\/uploads\\\/2025\\\/09\\\/Metal-Intalox-Saddle.jpg\",\"datePublished\":\"2025-09-09T09:00:02+00:00\",\"breadcrumb\":{\"@id\":\"https:\\\/\\\/cpxzx.com\\\/product\\\/metal-intalox-saddle\\\/#breadcrumb\"},\"inLanguage\":\"es\",\"potentialAction\":[{\"@type\":\"ReadAction\",\"target\":[\"https:\\\/\\\/cpxzx.com\\\/product\\\/metal-intalox-saddle\\\/\"]}]},{\"@type\":\"ImageObject\",\"inLanguage\":\"es\",\"@id\":\"https:\\\/\\\/cpxzx.com\\\/product\\\/metal-intalox-saddle\\\/#primaryimage\",\"url\":\"https:\\\/\\\/cpxzx.com\\\/wp-content\\\/uploads\\\/2025\\\/09\\\/Metal-Intalox-Saddle.jpg\",\"contentUrl\":\"https:\\\/\\\/cpxzx.com\\\/wp-content\\\/uploads\\\/2025\\\/09\\\/Metal-Intalox-Saddle.jpg\",\"width\":550,\"height\":550,\"caption\":\"Metal Intalox Saddle\"},{\"@type\":\"BreadcrumbList\",\"@id\":\"https:\\\/\\\/cpxzx.com\\\/product\\\/metal-intalox-saddle\\\/#breadcrumb\",\"itemListElement\":[{\"@type\":\"ListItem\",\"position\":1,\"name\":\"Home\",\"item\":\"https:\\\/\\\/cpxzx.com\\\/\"},{\"@type\":\"ListItem\",\"position\":2,\"name\":\"Random Packing\",\"item\":\"https:\\\/\\\/cpxzx.com\\\/pcategory\\\/random-packing\\\/\"},{\"@type\":\"ListItem\",\"position\":3,\"name\":\"Metal Random Packing\",\"item\":\"https:\\\/\\\/cpxzx.com\\\/pcategory\\\/random-packing\\\/metal-random-packing\\\/\"},{\"@type\":\"ListItem\",\"position\":4,\"name\":\"Metal Intalox Saddle\"}]},{\"@type\":\"WebSite\",\"@id\":\"https:\\\/\\\/cpxzx.com\\\/#website\",\"url\":\"https:\\\/\\\/cpxzx.com\\\/\",\"name\":\"Cooling Tower Fill, China PVC Fills Manufacturer\",\"description\":\"\",\"publisher\":{\"@id\":\"https:\\\/\\\/cpxzx.com\\\/#organization\"},\"potentialAction\":[{\"@type\":\"SearchAction\",\"target\":{\"@type\":\"EntryPoint\",\"urlTemplate\":\"https:\\\/\\\/cpxzx.com\\\/?s={search_term_string}\"},\"query-input\":{\"@type\":\"PropertyValueSpecification\",\"valueRequired\":true,\"valueName\":\"search_term_string\"}}],\"inLanguage\":\"es\"},{\"@type\":\"Organization\",\"@id\":\"https:\\\/\\\/cpxzx.com\\\/#organization\",\"name\":\"Cooling Tower Fill, China PVC Fills Manufacturer\",\"url\":\"https:\\\/\\\/cpxzx.com\\\/\",\"logo\":{\"@type\":\"ImageObject\",\"inLanguage\":\"es\",\"@id\":\"https:\\\/\\\/cpxzx.com\\\/#\\\/schema\\\/logo\\\/image\\\/\",\"url\":\"https:\\\/\\\/cpxzx.com\\\/wp-content\\\/uploads\\\/2025\\\/07\\\/1751628807-logo.png\",\"contentUrl\":\"https:\\\/\\\/cpxzx.com\\\/wp-content\\\/uploads\\\/2025\\\/07\\\/1751628807-logo.png\",\"width\":383,\"height\":87,\"caption\":\"Cooling Tower Fill, China PVC Fills Manufacturer\"},\"image\":{\"@id\":\"https:\\\/\\\/cpxzx.com\\\/#\\\/schema\\\/logo\\\/image\\\/\"}}]}<\/script>\n<!-- \/ Yoast SEO plugin. -->","yoast_head_json":{"title":"Sill\u00edn Intalox met\u00e1lico","robots":{"index":"index","follow":"follow","max-snippet":"max-snippet:-1","max-image-preview":"max-image-preview:large","max-video-preview":"max-video-preview:-1"},"canonical":"https:\/\/cpxzx.com\/es\/producto\/metal-intalox-saddle\/","og_locale":"es_ES","og_type":"article","og_title":"Metal Intalox Saddle","og_description":"Metal Intalox Saddle is an efficient type of random packing widely used in chemical, petrochemical, and environmental industries. Its unique saddle-shaped design with added ribs provides high strength, low pressure drop, and excellent mass transfer performance. Compared with traditional packings, it offers higher capacity, shorter tower height, and improved separation efficiency. Metal Intalox Saddle is available in materials such as carbon steel, SS304, SS316, and others, making it suitable for a wide range of applications including distillation, absorption, and purification processes.","og_url":"https:\/\/cpxzx.com\/es\/producto\/metal-intalox-saddle\/","og_site_name":"Cooling Tower Fill, China PVC Fills Manufacturer","og_image":[{"width":550,"height":550,"url":"https:\/\/cpxzx.com\/wp-content\/uploads\/2025\/09\/Metal-Intalox-Saddle.jpg","type":"image\/jpeg"}],"twitter_card":"summary_large_image","twitter_misc":{"Tiempo de lectura":"4 minutos"},"schema":{"@context":"https:\/\/schema.org","@graph":[{"@type":"WebPage","@id":"https:\/\/cpxzx.com\/product\/metal-intalox-saddle\/","url":"https:\/\/cpxzx.com\/product\/metal-intalox-saddle\/","name":"Sill\u00edn Intalox met\u00e1lico","isPartOf":{"@id":"https:\/\/cpxzx.com\/#website"},"primaryImageOfPage":{"@id":"https:\/\/cpxzx.com\/product\/metal-intalox-saddle\/#primaryimage"},"image":{"@id":"https:\/\/cpxzx.com\/product\/metal-intalox-saddle\/#primaryimage"},"thumbnailUrl":"https:\/\/cpxzx.com\/wp-content\/uploads\/2025\/09\/Metal-Intalox-Saddle.jpg","datePublished":"2025-09-09T09:00:02+00:00","breadcrumb":{"@id":"https:\/\/cpxzx.com\/product\/metal-intalox-saddle\/#breadcrumb"},"inLanguage":"es","potentialAction":[{"@type":"ReadAction","target":["https:\/\/cpxzx.com\/product\/metal-intalox-saddle\/"]}]},{"@type":"ImageObject","inLanguage":"es","@id":"https:\/\/cpxzx.com\/product\/metal-intalox-saddle\/#primaryimage","url":"https:\/\/cpxzx.com\/wp-content\/uploads\/2025\/09\/Metal-Intalox-Saddle.jpg","contentUrl":"https:\/\/cpxzx.com\/wp-content\/uploads\/2025\/09\/Metal-Intalox-Saddle.jpg","width":550,"height":550,"caption":"Metal Intalox Saddle"},{"@type":"BreadcrumbList","@id":"https:\/\/cpxzx.com\/product\/metal-intalox-saddle\/#breadcrumb","itemListElement":[{"@type":"ListItem","position":1,"name":"Home","item":"https:\/\/cpxzx.com\/"},{"@type":"ListItem","position":2,"name":"Random Packing","item":"https:\/\/cpxzx.com\/pcategory\/random-packing\/"},{"@type":"ListItem","position":3,"name":"Metal Random Packing","item":"https:\/\/cpxzx.com\/pcategory\/random-packing\/metal-random-packing\/"},{"@type":"ListItem","position":4,"name":"Metal Intalox Saddle"}]},{"@type":"WebSite","@id":"https:\/\/cpxzx.com\/#website","url":"https:\/\/cpxzx.com\/","name":"Relleno de torre de refrigeraci\u00f3n, Fabricante de rellenos de PVC en China","description":"","publisher":{"@id":"https:\/\/cpxzx.com\/#organization"},"potentialAction":[{"@type":"SearchAction","target":{"@type":"EntryPoint","urlTemplate":"https:\/\/cpxzx.com\/?s={search_term_string}"},"query-input":{"@type":"PropertyValueSpecification","valueRequired":true,"valueName":"search_term_string"}}],"inLanguage":"es"},{"@type":"Organization","@id":"https:\/\/cpxzx.com\/#organization","name":"Relleno de torre de refrigeraci\u00f3n, Fabricante de rellenos de PVC en China","url":"https:\/\/cpxzx.com\/","logo":{"@type":"ImageObject","inLanguage":"es","@id":"https:\/\/cpxzx.com\/#\/schema\/logo\/image\/","url":"https:\/\/cpxzx.com\/wp-content\/uploads\/2025\/07\/1751628807-logo.png","contentUrl":"https:\/\/cpxzx.com\/wp-content\/uploads\/2025\/07\/1751628807-logo.png","width":383,"height":87,"caption":"Cooling Tower Fill, China PVC Fills Manufacturer"},"image":{"@id":"https:\/\/cpxzx.com\/#\/schema\/logo\/image\/"}}]}},"taxonomy_info":{"pcategory":[{"value":22,"label":"Random Packing"},{"value":23,"label":"Metal Random Packing"}]},"featured_image_src_large":["https:\/\/cpxzx.com\/wp-content\/uploads\/2025\/09\/Metal-Intalox-Saddle.jpg",550,550,false],"author_info":[],"comment_info":"","_links":{"self":[{"href":"https:\/\/cpxzx.com\/es\/wp-json\/wp\/v2\/product\/2972","targetHints":{"allow":["GET"]}}],"collection":[{"href":"https:\/\/cpxzx.com\/es\/wp-json\/wp\/v2\/product"}],"about":[{"href":"https:\/\/cpxzx.com\/es\/wp-json\/wp\/v2\/types\/product"}],"wp:featuredmedia":[{"embeddable":true,"href":"https:\/\/cpxzx.com\/es\/wp-json\/wp\/v2\/media\/2973"}],"wp:attachment":[{"href":"https:\/\/cpxzx.com\/es\/wp-json\/wp\/v2\/media?parent=2972"}],"wp:term":[{"taxonomy":"pcategory","embeddable":true,"href":"https:\/\/cpxzx.com\/es\/wp-json\/wp\/v2\/pcategory?post=2972"},{"taxonomy":"ptag","embeddable":true,"href":"https:\/\/cpxzx.com\/es\/wp-json\/wp\/v2\/ptag?post=2972"}],"curies":[{"name":"wp","href":"https:\/\/api.w.org\/{rel}","templated":true}]}}