{"id":2946,"date":"2025-09-04T08:23:21","date_gmt":"2025-09-04T08:23:21","guid":{"rendered":"https:\/\/cpxzx.com\/?post_type=product&#038;p=2946"},"modified":"2025-09-05T07:59:55","modified_gmt":"2025-09-05T07:59:55","slug":"metal-cascade-mini-ring","status":"publish","type":"product","link":"https:\/\/cpxzx.com\/es\/producto\/metal-cascade-mini-ring\/","title":{"rendered":"304L Metal Cascade Mini Anillo"},"content":{"rendered":"<p>En <strong>Minianillo de metal en cascada<\/strong> es una empaquetadura de torre aleatoria de alto rendimiento dise\u00f1ada para ofrecer una resistencia mec\u00e1nica y una capacidad de paso de gas superiores a las de los anillos Pall tradicionales. Con uno o dos bordes biselados en sus piezas laterales, este innovador tipo de empaquetadura mejora la eficacia de la transferencia de masa al permitir una formaci\u00f3n m\u00e1s eficaz de la pel\u00edcula de l\u00edquido y mejorar el contacto gas-l\u00edquido. En una torre de empaquetadura aleatoria, la mayor\u00eda de los anillos establecen contactos puntuales (no lineales) entre s\u00ed, lo que contribuye a aumentar la eficacia de la transferencia de masa y a mejorar la liquidez de la pel\u00edcula l\u00edquida.<\/p>\n<p>Desarrollado a partir del cl\u00e1sico anillo Raschig, el minianillo met\u00e1lico en cascada presenta una baja relaci\u00f3n de aspecto (1\/3 o 1\/2 de la altura\/di\u00e1metro). Este dise\u00f1o garantiza que la mayor\u00eda de las superficies del anillo est\u00e9n orientadas verticalmente en lugar de horizontalmente, lo que ofrece ventajas significativas en la transferencia de masa y reduce la resistencia cuando el gas fluye a trav\u00e9s del lecho empaquetado. El material de la empaquetadura est\u00e1 disponible en acero al carbono, acero inoxidable, aleaciones de aluminio y otros materiales, proporcionando una soluci\u00f3n duradera y vers\u00e1til para diversas aplicaciones industriales.<\/p>\n<h2>Par\u00e1metros t\u00e9cnicos<\/h2>\n<table border=\"1\" cellspacing=\"0\" cellpadding=\"8\">\n<thead>\n<tr>\n<th>Tipo<\/th>\n<th>Tama\u00f1o (mm)<\/th>\n<th>Superficie (m\u00b2\/m\u00b3)<\/th>\n<th>Ratio de vac\u00edo (%)<\/th>\n<th>N\u00famero a granel (Piezas\/m\u00b3)<\/th>\n<th>Factor de empaquetamiento (m-\u00b9)<\/th>\n<\/tr>\n<\/thead>\n<tbody>\n<tr>\n<td>0P<\/td>\n<td>17*15+6*0.3<\/td>\n<td>427<\/td>\n<td>94<\/td>\n<td>530,000<\/td>\n<td>55<\/td>\n<\/tr>\n<tr>\n<td>1P<\/td>\n<td>25*22+8*0.3<\/td>\n<td>230<\/td>\n<td>96<\/td>\n<td>150,000<\/td>\n<td>40<\/td>\n<\/tr>\n<tr>\n<td>1.5P<\/td>\n<td>34*29+11*0.3<\/td>\n<td>198<\/td>\n<td>97<\/td>\n<td>60,910<\/td>\n<td>29<\/td>\n<\/tr>\n<tr>\n<td>2P<\/td>\n<td>43*38+14*0.4<\/td>\n<td>164<\/td>\n<td>97<\/td>\n<td>29,520<\/td>\n<td>22<\/td>\n<\/tr>\n<tr>\n<td>2.5P<\/td>\n<td>51*44+17*0.4<\/td>\n<td>127<\/td>\n<td>97<\/td>\n<td>17,900<\/td>\n<td>17<\/td>\n<\/tr>\n<tr>\n<td>3P<\/td>\n<td>66*57+21*0.4<\/td>\n<td>105<\/td>\n<td>98<\/td>\n<td>8,800<\/td>\n<td>14<\/td>\n<\/tr>\n<tr>\n<td>4P<\/td>\n<td>86*76+29*0.4<\/td>\n<td>90<\/td>\n<td>98<\/td>\n<td>5,000<\/td>\n<td>10<\/td>\n<\/tr>\n<tr>\n<td>5P<\/td>\n<td>131*118+41*0.6<\/td>\n<td>65<\/td>\n<td>98<\/td>\n<td>1,480<\/td>\n<td>7<\/td>\n<\/tr>\n<\/tbody>\n<\/table>\n<h2>Caracter\u00edsticas<\/h2>\n<ul>\n<li><strong>Resistencia mec\u00e1nica superior<\/strong>: Dise\u00f1ado con bordes biselados para una mayor resistencia y durabilidad.<\/li>\n<li><strong>Gran capacidad de producci\u00f3n de gas<\/strong>: Ofrece mejores prestaciones en aplicaciones de contacto gas-l\u00edquido y transferencia de masa que los anillos pall tradicionales.<\/li>\n<li><strong>Transferencia de masa eficiente<\/strong>: El dise\u00f1o de punto de contacto aumenta la liquidez de la pel\u00edcula de l\u00edquido, mejorando la eficacia de la transferencia de masa.<\/li>\n<li><strong>Baja resistencia<\/strong>: La orientaci\u00f3n vertical de las superficies anulares reduce la resistencia y aumenta el caudal de gas.<\/li>\n<li><strong>Flexibilidad del material<\/strong>: Disponibles en diversos materiales, como acero al carbono, acero inoxidable y aleaciones de aluminio.<\/li>\n<\/ul>\n<h2>Ventajas<\/h2>\n<ul>\n<li><strong>Mayor eficacia de la transferencia de masa<\/strong>: Gracias al innovador dise\u00f1o y a la orientaci\u00f3n vertical de los minianillos met\u00e1licos en cascada, \u00e9stos proporcionan un mejor contacto gas-l\u00edquido, lo que los hace m\u00e1s eficaces que los materiales de empaquetadura tradicionales.<\/li>\n<li><strong>Ca\u00edda de presi\u00f3n reducida<\/strong>: El dise\u00f1o compacto reduce la ca\u00edda de presi\u00f3n en el lecho compacto, lo que se traduce en un menor consumo de energ\u00eda.<\/li>\n<li><strong>Mayor durabilidad<\/strong>: El uso de materiales resistentes a la corrosi\u00f3n garantiza la estabilidad operativa a largo plazo, incluso en entornos dif\u00edciles.<\/li>\n<li><strong>Alta eficiencia operativa<\/strong>: Optimizado para su uso en sistemas con sustancias termosensibles o descomponibles.<\/li>\n<\/ul>\n<h2>Aplicaciones<\/h2>\n<p>El minianillo met\u00e1lico en cascada se utiliza ampliamente en industrias como:<\/p>\n<ul>\n<li><strong>Industria petroqu\u00edmica<\/strong>: Ideal para su uso en columnas de destilaci\u00f3n y reactores.<\/li>\n<li><strong>Industria qu\u00edmica de fertilizantes<\/strong>: Se utiliza en la s\u00edntesis de amon\u00edaco y otras aplicaciones de procesamiento qu\u00edmico.<\/li>\n<li><strong>Protecci\u00f3n del medio ambiente<\/strong>: Eficaz en depuradores de aire y sistemas de tratamiento de gases.<\/li>\n<li><strong>Industria cloroalcalina<\/strong>: Empleados en los procesos de producci\u00f3n de cloro y sosa c\u00e1ustica.<\/li>\n<\/ul>\n<h2>Embalaje<\/h2>\n<p>Si lo desea, podemos ofrecerle envases personalizados.<\/p>","protected":false},"excerpt":{"rendered":"<p>El minianillo de metal en cascada es un innovador relleno qu\u00edmico dise\u00f1ado para su uso en diversas aplicaciones industriales, como el procesamiento qu\u00edmico, el tratamiento de aguas y los sistemas de filtraci\u00f3n de aire. Fabricado con aleaciones met\u00e1licas de alta calidad, este minianillo ofrece una durabilidad superior, resistencia a altas temperaturas y un excelente rendimiento en procesos de transferencia de masa e intercambio de calor. Gracias a su tama\u00f1o compacto y dise\u00f1o eficiente, el minianillo met\u00e1lico en cascada es ideal para mejorar la eficacia de torres de lecho compacto, depuradores y reactores.<\/p>","protected":false},"featured_media":2947,"parent":0,"template":"","meta":{"_acf_changed":false,"_kad_blocks_custom_css":"","_kad_blocks_head_custom_js":"","_kad_blocks_body_custom_js":"","_kad_blocks_footer_custom_js":"","_kadence_starter_templates_imported_post":false,"_kad_post_transparent":"default","_kad_post_title":"","_kad_post_layout":"default","_kad_post_sidebar_id":"","_kad_post_content_style":"default","_kad_post_vertical_padding":"default","_kad_post_feature":"","_kad_post_feature_position":"","_kad_post_header":false,"_kad_post_footer":false},"pcategory":[22,23],"ptag":[],"class_list":["post-2946","product","type-product","status-publish","has-post-thumbnail","hentry","pcategory-random-packing","pcategory-metal-random-packing"],"acf":[],"yoast_head":"<!-- This site is optimized with the Yoast SEO plugin v27.4 - https:\/\/yoast.com\/product\/yoast-seo-wordpress\/ -->\n<title>Metal Cascade Mini Ring<\/title>\n<meta name=\"robots\" content=\"index, follow, max-snippet:-1, max-image-preview:large, max-video-preview:-1\" \/>\n<link rel=\"canonical\" href=\"https:\/\/cpxzx.com\/es\/producto\/metal-cascade-mini-ring\/\" \/>\n<meta property=\"og:locale\" content=\"es_ES\" \/>\n<meta property=\"og:type\" content=\"article\" \/>\n<meta property=\"og:title\" content=\"Metal Cascade Mini Ring\" \/>\n<meta property=\"og:description\" content=\"The Metal Cascade Mini Ring is an innovative chemical filler designed for use in a variety of industrial applications, including chemical processing, water treatment, and air filtration systems. Made from high-quality metal alloys, this mini ring offers superior durability, resistance to high temperatures, and excellent performance in mass transfer and heat exchange processes. With its compact size and efficient design, the Metal Cascade Mini Ring is ideal for enhancing the efficiency of packed bed towers, scrubbers, and reactors.\" \/>\n<meta property=\"og:url\" content=\"https:\/\/cpxzx.com\/es\/producto\/metal-cascade-mini-ring\/\" \/>\n<meta property=\"og:site_name\" content=\"Cooling Tower Fill, China PVC Fills Manufacturer\" \/>\n<meta property=\"article:modified_time\" content=\"2025-09-05T07:59:55+00:00\" \/>\n<meta property=\"og:image\" content=\"https:\/\/cpxzx.com\/wp-content\/uploads\/2025\/09\/Metal-Cascade-Mini-Ring-ss316.jpg\" \/>\n\t<meta property=\"og:image:width\" content=\"800\" \/>\n\t<meta property=\"og:image:height\" content=\"800\" \/>\n\t<meta property=\"og:image:type\" content=\"image\/jpeg\" \/>\n<meta name=\"twitter:card\" content=\"summary_large_image\" \/>\n<meta name=\"twitter:label1\" content=\"Tiempo de lectura\" \/>\n\t<meta name=\"twitter:data1\" content=\"3 minutos\" \/>\n<script type=\"application\/ld+json\" class=\"yoast-schema-graph\">{\"@context\":\"https:\\\/\\\/schema.org\",\"@graph\":[{\"@type\":\"WebPage\",\"@id\":\"https:\\\/\\\/cpxzx.com\\\/product\\\/metal-cascade-mini-ring\\\/\",\"url\":\"https:\\\/\\\/cpxzx.com\\\/product\\\/metal-cascade-mini-ring\\\/\",\"name\":\"Metal Cascade Mini Ring\",\"isPartOf\":{\"@id\":\"https:\\\/\\\/cpxzx.com\\\/#website\"},\"primaryImageOfPage\":{\"@id\":\"https:\\\/\\\/cpxzx.com\\\/product\\\/metal-cascade-mini-ring\\\/#primaryimage\"},\"image\":{\"@id\":\"https:\\\/\\\/cpxzx.com\\\/product\\\/metal-cascade-mini-ring\\\/#primaryimage\"},\"thumbnailUrl\":\"https:\\\/\\\/cpxzx.com\\\/wp-content\\\/uploads\\\/2025\\\/09\\\/Metal-Cascade-Mini-Ring-ss316.jpg\",\"datePublished\":\"2025-09-04T08:23:21+00:00\",\"dateModified\":\"2025-09-05T07:59:55+00:00\",\"breadcrumb\":{\"@id\":\"https:\\\/\\\/cpxzx.com\\\/product\\\/metal-cascade-mini-ring\\\/#breadcrumb\"},\"inLanguage\":\"es\",\"potentialAction\":[{\"@type\":\"ReadAction\",\"target\":[\"https:\\\/\\\/cpxzx.com\\\/product\\\/metal-cascade-mini-ring\\\/\"]}]},{\"@type\":\"ImageObject\",\"inLanguage\":\"es\",\"@id\":\"https:\\\/\\\/cpxzx.com\\\/product\\\/metal-cascade-mini-ring\\\/#primaryimage\",\"url\":\"https:\\\/\\\/cpxzx.com\\\/wp-content\\\/uploads\\\/2025\\\/09\\\/Metal-Cascade-Mini-Ring-ss316.jpg\",\"contentUrl\":\"https:\\\/\\\/cpxzx.com\\\/wp-content\\\/uploads\\\/2025\\\/09\\\/Metal-Cascade-Mini-Ring-ss316.jpg\",\"width\":800,\"height\":800,\"caption\":\"Metal Cascade Mini Ring\"},{\"@type\":\"BreadcrumbList\",\"@id\":\"https:\\\/\\\/cpxzx.com\\\/product\\\/metal-cascade-mini-ring\\\/#breadcrumb\",\"itemListElement\":[{\"@type\":\"ListItem\",\"position\":1,\"name\":\"Home\",\"item\":\"https:\\\/\\\/cpxzx.com\\\/\"},{\"@type\":\"ListItem\",\"position\":2,\"name\":\"Random Packing\",\"item\":\"https:\\\/\\\/cpxzx.com\\\/pcategory\\\/random-packing\\\/\"},{\"@type\":\"ListItem\",\"position\":3,\"name\":\"Metal Random Packing\",\"item\":\"https:\\\/\\\/cpxzx.com\\\/pcategory\\\/random-packing\\\/metal-random-packing\\\/\"},{\"@type\":\"ListItem\",\"position\":4,\"name\":\"304L Metal Cascade Mini Ring\"}]},{\"@type\":\"WebSite\",\"@id\":\"https:\\\/\\\/cpxzx.com\\\/#website\",\"url\":\"https:\\\/\\\/cpxzx.com\\\/\",\"name\":\"Cooling Tower Fill, China PVC Fills Manufacturer\",\"description\":\"\",\"publisher\":{\"@id\":\"https:\\\/\\\/cpxzx.com\\\/#organization\"},\"potentialAction\":[{\"@type\":\"SearchAction\",\"target\":{\"@type\":\"EntryPoint\",\"urlTemplate\":\"https:\\\/\\\/cpxzx.com\\\/?s={search_term_string}\"},\"query-input\":{\"@type\":\"PropertyValueSpecification\",\"valueRequired\":true,\"valueName\":\"search_term_string\"}}],\"inLanguage\":\"es\"},{\"@type\":\"Organization\",\"@id\":\"https:\\\/\\\/cpxzx.com\\\/#organization\",\"name\":\"Cooling Tower Fill, China PVC Fills Manufacturer\",\"url\":\"https:\\\/\\\/cpxzx.com\\\/\",\"logo\":{\"@type\":\"ImageObject\",\"inLanguage\":\"es\",\"@id\":\"https:\\\/\\\/cpxzx.com\\\/#\\\/schema\\\/logo\\\/image\\\/\",\"url\":\"https:\\\/\\\/cpxzx.com\\\/wp-content\\\/uploads\\\/2025\\\/07\\\/1751628807-logo.png\",\"contentUrl\":\"https:\\\/\\\/cpxzx.com\\\/wp-content\\\/uploads\\\/2025\\\/07\\\/1751628807-logo.png\",\"width\":383,\"height\":87,\"caption\":\"Cooling Tower Fill, China PVC Fills Manufacturer\"},\"image\":{\"@id\":\"https:\\\/\\\/cpxzx.com\\\/#\\\/schema\\\/logo\\\/image\\\/\"}}]}<\/script>\n<!-- \/ Yoast SEO plugin. -->","yoast_head_json":{"title":"Minianillo de metal en cascada","robots":{"index":"index","follow":"follow","max-snippet":"max-snippet:-1","max-image-preview":"max-image-preview:large","max-video-preview":"max-video-preview:-1"},"canonical":"https:\/\/cpxzx.com\/es\/producto\/metal-cascade-mini-ring\/","og_locale":"es_ES","og_type":"article","og_title":"Metal Cascade Mini Ring","og_description":"The Metal Cascade Mini Ring is an innovative chemical filler designed for use in a variety of industrial applications, including chemical processing, water treatment, and air filtration systems. Made from high-quality metal alloys, this mini ring offers superior durability, resistance to high temperatures, and excellent performance in mass transfer and heat exchange processes. With its compact size and efficient design, the Metal Cascade Mini Ring is ideal for enhancing the efficiency of packed bed towers, scrubbers, and reactors.","og_url":"https:\/\/cpxzx.com\/es\/producto\/metal-cascade-mini-ring\/","og_site_name":"Cooling Tower Fill, China PVC Fills Manufacturer","article_modified_time":"2025-09-05T07:59:55+00:00","og_image":[{"width":800,"height":800,"url":"https:\/\/cpxzx.com\/wp-content\/uploads\/2025\/09\/Metal-Cascade-Mini-Ring-ss316.jpg","type":"image\/jpeg"}],"twitter_card":"summary_large_image","twitter_misc":{"Tiempo de lectura":"3 minutos"},"schema":{"@context":"https:\/\/schema.org","@graph":[{"@type":"WebPage","@id":"https:\/\/cpxzx.com\/product\/metal-cascade-mini-ring\/","url":"https:\/\/cpxzx.com\/product\/metal-cascade-mini-ring\/","name":"Minianillo de metal en cascada","isPartOf":{"@id":"https:\/\/cpxzx.com\/#website"},"primaryImageOfPage":{"@id":"https:\/\/cpxzx.com\/product\/metal-cascade-mini-ring\/#primaryimage"},"image":{"@id":"https:\/\/cpxzx.com\/product\/metal-cascade-mini-ring\/#primaryimage"},"thumbnailUrl":"https:\/\/cpxzx.com\/wp-content\/uploads\/2025\/09\/Metal-Cascade-Mini-Ring-ss316.jpg","datePublished":"2025-09-04T08:23:21+00:00","dateModified":"2025-09-05T07:59:55+00:00","breadcrumb":{"@id":"https:\/\/cpxzx.com\/product\/metal-cascade-mini-ring\/#breadcrumb"},"inLanguage":"es","potentialAction":[{"@type":"ReadAction","target":["https:\/\/cpxzx.com\/product\/metal-cascade-mini-ring\/"]}]},{"@type":"ImageObject","inLanguage":"es","@id":"https:\/\/cpxzx.com\/product\/metal-cascade-mini-ring\/#primaryimage","url":"https:\/\/cpxzx.com\/wp-content\/uploads\/2025\/09\/Metal-Cascade-Mini-Ring-ss316.jpg","contentUrl":"https:\/\/cpxzx.com\/wp-content\/uploads\/2025\/09\/Metal-Cascade-Mini-Ring-ss316.jpg","width":800,"height":800,"caption":"Metal Cascade Mini Ring"},{"@type":"BreadcrumbList","@id":"https:\/\/cpxzx.com\/product\/metal-cascade-mini-ring\/#breadcrumb","itemListElement":[{"@type":"ListItem","position":1,"name":"Home","item":"https:\/\/cpxzx.com\/"},{"@type":"ListItem","position":2,"name":"Random Packing","item":"https:\/\/cpxzx.com\/pcategory\/random-packing\/"},{"@type":"ListItem","position":3,"name":"Metal Random Packing","item":"https:\/\/cpxzx.com\/pcategory\/random-packing\/metal-random-packing\/"},{"@type":"ListItem","position":4,"name":"304L Metal Cascade Mini Ring"}]},{"@type":"WebSite","@id":"https:\/\/cpxzx.com\/#website","url":"https:\/\/cpxzx.com\/","name":"Relleno de torre de refrigeraci\u00f3n, Fabricante de rellenos de PVC en China","description":"","publisher":{"@id":"https:\/\/cpxzx.com\/#organization"},"potentialAction":[{"@type":"SearchAction","target":{"@type":"EntryPoint","urlTemplate":"https:\/\/cpxzx.com\/?s={search_term_string}"},"query-input":{"@type":"PropertyValueSpecification","valueRequired":true,"valueName":"search_term_string"}}],"inLanguage":"es"},{"@type":"Organization","@id":"https:\/\/cpxzx.com\/#organization","name":"Relleno de torre de refrigeraci\u00f3n, Fabricante de rellenos de PVC en China","url":"https:\/\/cpxzx.com\/","logo":{"@type":"ImageObject","inLanguage":"es","@id":"https:\/\/cpxzx.com\/#\/schema\/logo\/image\/","url":"https:\/\/cpxzx.com\/wp-content\/uploads\/2025\/07\/1751628807-logo.png","contentUrl":"https:\/\/cpxzx.com\/wp-content\/uploads\/2025\/07\/1751628807-logo.png","width":383,"height":87,"caption":"Cooling Tower Fill, China PVC Fills Manufacturer"},"image":{"@id":"https:\/\/cpxzx.com\/#\/schema\/logo\/image\/"}}]}},"taxonomy_info":{"pcategory":[{"value":22,"label":"Random Packing"},{"value":23,"label":"Metal Random Packing"}]},"featured_image_src_large":["https:\/\/cpxzx.com\/wp-content\/uploads\/2025\/09\/Metal-Cascade-Mini-Ring-ss316.jpg",800,800,false],"author_info":[],"comment_info":"","_links":{"self":[{"href":"https:\/\/cpxzx.com\/es\/wp-json\/wp\/v2\/product\/2946","targetHints":{"allow":["GET"]}}],"collection":[{"href":"https:\/\/cpxzx.com\/es\/wp-json\/wp\/v2\/product"}],"about":[{"href":"https:\/\/cpxzx.com\/es\/wp-json\/wp\/v2\/types\/product"}],"wp:featuredmedia":[{"embeddable":true,"href":"https:\/\/cpxzx.com\/es\/wp-json\/wp\/v2\/media\/2947"}],"wp:attachment":[{"href":"https:\/\/cpxzx.com\/es\/wp-json\/wp\/v2\/media?parent=2946"}],"wp:term":[{"taxonomy":"pcategory","embeddable":true,"href":"https:\/\/cpxzx.com\/es\/wp-json\/wp\/v2\/pcategory?post=2946"},{"taxonomy":"ptag","embeddable":true,"href":"https:\/\/cpxzx.com\/es\/wp-json\/wp\/v2\/ptag?post=2946"}],"curies":[{"name":"wp","href":"https:\/\/api.w.org\/{rel}","templated":true}]}}