{"id":2943,"date":"2025-09-03T07:52:11","date_gmt":"2025-09-03T07:52:11","guid":{"rendered":"https:\/\/cpxzx.com\/?post_type=product&#038;p=2943"},"modified":"2025-09-03T08:05:28","modified_gmt":"2025-09-03T08:05:28","slug":"metal-teller-rosette-ring","status":"publish","type":"product","link":"https:\/\/cpxzx.com\/es\/producto\/metal-teller-rosette-ring\/","title":{"rendered":"Ss304 SS316 Metal Teller Rosette Ring"},"content":{"rendered":"<p><strong>Anillo de Metal Teller Rosette<\/strong> est\u00e1 hecho de muchos circos entrelazados, estampados con una fina l\u00e1mina de metal y estirados en una malla de calandrado espec\u00edfica. La superficie forma una malla regular en forma de diamante. Debido a su estructura especial, tiene las ventajas de un alto almacenamiento de l\u00edquido, gran vac\u00edo, baja ca\u00edda de presi\u00f3n, suficiente contacto gas-l\u00edquido, bajo peso y excelente eficiencia.<\/p>\n<p>Como fabricante l\u00edder de anillos aleatorios de metal, ofrecemos una amplia gama de anillos de roseta de metal para cajero fabricados en acero inoxidable o acero al carbono de calidad. Este producto est\u00e1 dise\u00f1ado con precisi\u00f3n a partir de chapas met\u00e1licas de calidad superior, meticulosamente estampadas y estiradas para darles una forma de alto rendimiento. Con su superficie de malla de diamante y su configuraci\u00f3n ondulada, proporciona una versatilidad y resistencia extraordinarias.<\/p>\n<p>Fabricado con materiales de primera calidad, como acero inoxidable, acero al carbono, aluminio, cobre y titanio, el anillo de roseta para contadores de metal ofrece una excepcional resistencia a la corrosi\u00f3n. Se utiliza ampliamente en aplicaciones de absorci\u00f3n, purificaci\u00f3n y refrigeraci\u00f3n de gases. Hay disponibles variantes de metal y de pl\u00e1stico, y la opci\u00f3n de pl\u00e1stico se aplica a menudo en torres de lavado y purificaci\u00f3n de gases.<\/p>\n<h2>Caracter\u00edsticas<\/h2>\n<ul>\n<li>Materiales: Acero al carbono, acero inoxidable, cobre, aluminio, titanio, etc.<\/li>\n<li>Punto alto de inundaci\u00f3n<\/li>\n<li>Gran fuerza de trituraci\u00f3n y f\u00e1cil manejo<\/li>\n<li>Gran capacidad de carga<\/li>\n<li>Alta eficacia de separaci\u00f3n<\/li>\n<\/ul>\n<h2>Especificaci\u00f3n<\/h2>\n<p>La estructura de anillos m\u00faltiples del anillo de roseta Metal Teller proporciona una elevada retenci\u00f3n de l\u00edquido, lo que hace que \u00e9ste permanezca m\u00e1s tiempo dentro de la empaquetadura. Esto aumenta el tiempo de contacto entre el gas y el l\u00edquido, lo que se traduce en una mayor eficacia de transferencia. Puede utilizarse ampliamente en torres de lavado, torres de refrigeraci\u00f3n, torres de desulfuraci\u00f3n, desaireadores, torres de secado, torres de descarbonizaci\u00f3n e instalaciones de tratamiento de aguas residuales.<\/p>\n<table border=\"1\" cellspacing=\"0\" cellpadding=\"6\">\n<tbody>\n<tr>\n<th>Tama\u00f1o (pulgadas)<\/th>\n<th>Tama\u00f1o (mm)<\/th>\n<th>N\u00famero (por m\u00b3)<\/th>\n<th>Superficie (m\u00b2\/m\u00b3)<\/th>\n<th>Volumen libre (%)<\/th>\n<\/tr>\n<tr>\n<td>2\"<\/td>\n<td>50 \u00d7 25 \u00d7 0.8<\/td>\n<td>19180<\/td>\n<td>112.8<\/td>\n<td>96.2<\/td>\n<\/tr>\n<tr>\n<td>3\"<\/td>\n<td>75 \u00d7 75 \u00d7 1.0<\/td>\n<td>5460<\/td>\n<td>64.1<\/td>\n<td>97.3<\/td>\n<\/tr>\n<tr>\n<td>4\"<\/td>\n<td>100 \u00d7 45 \u00d7 1.2<\/td>\n<td>2520<\/td>\n<td>53.4<\/td>\n<td>97.3<\/td>\n<\/tr>\n<\/tbody>\n<\/table>\n<h2>Ventajas<\/h2>\n<p>El anillo roset\u00f3n de metal Teller tiene la elegante forma de una elipse y est\u00e1 compuesto por c\u00edrculos intrincadamente entrelazados. Su dise\u00f1o garantiza una retenci\u00f3n excepcional del l\u00edquido dentro de los huecos de la empaquetadura, lo que prolonga significativamente el tiempo de interacci\u00f3n gas-l\u00edquido y mejora la eficacia de la transferencia. Ofrece un espacio vac\u00edo notable, una ca\u00edda de presi\u00f3n m\u00ednima, un contacto gas-l\u00edquido \u00f3ptimo y una estructura ligera. Estas ventajas lo convierten en uno de los tipos de empaquetadura aleatoria m\u00e1s eficaces.<\/p>\n<h2>Aplicaciones<\/h2>\n<p>El anillo de roseta de metal se aplica ampliamente en el procesamiento qu\u00edmico, el refinado de petr\u00f3leo, la protecci\u00f3n del medio ambiente y el tratamiento de aguas residuales. Est\u00e1 especialmente indicado para procesos de absorci\u00f3n, refrigeraci\u00f3n, purificaci\u00f3n, desulfuraci\u00f3n, secado y separaci\u00f3n de gases en torres de relleno.<\/p>\n<h2>Paquete<\/h2>\n<p>Los anillos de roseta de metal Teller se envasan en resistentes bolsas tejidas, cajas de cart\u00f3n o bolsas jumbo. El embalaje se puede personalizar seg\u00fan los requisitos del cliente para garantizar una entrega segura y una manipulaci\u00f3n c\u00f3moda.<\/p>\n<h2>FAQ - Anillo de roseta de metal Teller<\/h2>\n<h2>P1: \u00bfPara qu\u00e9 se utiliza un anillo de roseta de cajero met\u00e1lico?<\/h2>\n<p>Se utiliza en procesos de absorci\u00f3n de gases, destilaci\u00f3n, refrigeraci\u00f3n y purificaci\u00f3n. Sus aplicaciones incluyen torres qu\u00edmicas, torres de refrigeraci\u00f3n, sistemas de desulfuraci\u00f3n e instalaciones de tratamiento de aguas residuales.<\/p>\n<h2>P2: \u00bfQu\u00e9 materiales est\u00e1n disponibles para el anillo de roseta de metal Teller?<\/h2>\n<p>Puede fabricarse en acero inoxidable, acero al carbono, cobre, aluminio y titanio. El acero inoxidable es el m\u00e1s habitual por su resistencia a la corrosi\u00f3n, mientras que el titanio es adecuado para entornos \u00e1cidos y de altas temperaturas.<\/p>\n<h2>P3: \u00bfCu\u00e1les son las ventajas en comparaci\u00f3n con Pall Ring o Raschig Ring?<\/h2>\n<p>En comparaci\u00f3n con la empaquetadura aleatoria tradicional, el anillo de roseta met\u00e1lico Teller proporciona un mayor vac\u00edo, una menor ca\u00edda de presi\u00f3n, una mejor retenci\u00f3n de l\u00edquidos y un mayor tiempo de contacto gas-l\u00edquido. Esto garantiza una mayor eficiencia en la transferencia de masa y un ahorro de energ\u00eda.<\/p>\n<h2>P4: \u00bfC\u00f3mo mejora la eficiencia la estructura?<\/h2>\n<p>Los c\u00edrculos interconectados y la superficie de malla de diamante aumentan la superficie, mejoran la distribuci\u00f3n del l\u00edquido y evitan la obstrucci\u00f3n, lo que garantiza una interacci\u00f3n eficaz entre el gas y el l\u00edquido.<\/p>\n<h2>P5: \u00bfD\u00f3nde puedo comprar un anillo de roseta de metal de alta calidad?<\/h2>\n<p>Somos un fabricante profesional que ofrece Metal Teller Rosette Ring en varios tama\u00f1os y materiales. Ofrecemos soluciones personalizadas, calidad confiable, precios competitivos y entrega en todo el mundo.<\/p>","protected":false},"excerpt":{"rendered":"<p>Metal Teller Rosette Ring es una empaquetadura aleatoria de alta eficiencia fabricada a partir de una fina chapa met\u00e1lica estampada y estirada en una estructura de malla de diamante de c\u00edrculos interconectados. Con un elevado almacenamiento de l\u00edquido, un gran espacio vac\u00edo, una baja ca\u00edda de presi\u00f3n, un excelente contacto gas-l\u00edquido y un rendimiento ligero, se utiliza ampliamente en procesos de absorci\u00f3n, destilaci\u00f3n, purificaci\u00f3n y medioambientales. Disponible en acero inoxidable, acero al carbono y otros materiales, esta empaquetadura de precisi\u00f3n ofrece una resistencia superior a la corrosi\u00f3n y es adecuada para torres de lavado de gases, torres de refrigeraci\u00f3n, sistemas de desulfuraci\u00f3n y aplicaciones de tratamiento de aguas residuales.<\/p>","protected":false},"featured_media":2944,"parent":0,"template":"","meta":{"_acf_changed":false,"_kad_blocks_custom_css":"","_kad_blocks_head_custom_js":"","_kad_blocks_body_custom_js":"","_kad_blocks_footer_custom_js":"","_kadence_starter_templates_imported_post":false,"_kad_post_transparent":"default","_kad_post_title":"","_kad_post_layout":"default","_kad_post_sidebar_id":"","_kad_post_content_style":"default","_kad_post_vertical_padding":"default","_kad_post_feature":"","_kad_post_feature_position":"","_kad_post_header":false,"_kad_post_footer":false},"pcategory":[22,23],"ptag":[],"class_list":["post-2943","product","type-product","status-publish","has-post-thumbnail","hentry","pcategory-random-packing","pcategory-metal-random-packing"],"acf":[],"yoast_head":"<!-- This site is optimized with the Yoast SEO plugin v27.4 - https:\/\/yoast.com\/product\/yoast-seo-wordpress\/ -->\n<title>Metal Teller Rosette Ring<\/title>\n<meta name=\"robots\" content=\"index, follow, max-snippet:-1, max-image-preview:large, max-video-preview:-1\" \/>\n<link rel=\"canonical\" href=\"https:\/\/cpxzx.com\/es\/producto\/metal-teller-rosette-ring\/\" \/>\n<meta property=\"og:locale\" content=\"es_ES\" \/>\n<meta property=\"og:type\" content=\"article\" \/>\n<meta property=\"og:title\" content=\"Metal Teller Rosette Ring\" \/>\n<meta property=\"og:description\" content=\"Metal Teller Rosette Ring is a high-efficiency random packing made from thin sheet metal stamped and stretched into a diamond-mesh structure of interconnected circles. With high liquid storage, large voidage, low pressure drop, excellent gas\u2013liquid contact, and lightweight performance, it is widely used in absorption, distillation, purification, and environmental processes. Available in stainless steel, carbon steel, and other materials, this precision-engineered packing offers superior corrosion resistance and is suitable for gas washing towers, cooling towers, desulphurization systems, and wastewater treatment applications.\" \/>\n<meta property=\"og:url\" content=\"https:\/\/cpxzx.com\/es\/producto\/metal-teller-rosette-ring\/\" \/>\n<meta property=\"og:site_name\" content=\"Cooling Tower Fill, China PVC Fills Manufacturer\" \/>\n<meta property=\"article:modified_time\" content=\"2025-09-03T08:05:28+00:00\" \/>\n<meta property=\"og:image\" content=\"https:\/\/cpxzx.com\/wp-content\/uploads\/2025\/09\/Metal-Teller-Rosette-Ring.jpg\" \/>\n\t<meta property=\"og:image:width\" content=\"550\" \/>\n\t<meta property=\"og:image:height\" content=\"550\" \/>\n\t<meta property=\"og:image:type\" content=\"image\/jpeg\" \/>\n<meta name=\"twitter:card\" content=\"summary_large_image\" \/>\n<meta name=\"twitter:label1\" content=\"Tiempo de lectura\" \/>\n\t<meta name=\"twitter:data1\" content=\"3 minutos\" \/>\n<script type=\"application\/ld+json\" class=\"yoast-schema-graph\">{\"@context\":\"https:\\\/\\\/schema.org\",\"@graph\":[{\"@type\":\"WebPage\",\"@id\":\"https:\\\/\\\/cpxzx.com\\\/product\\\/metal-teller-rosette-ring\\\/\",\"url\":\"https:\\\/\\\/cpxzx.com\\\/product\\\/metal-teller-rosette-ring\\\/\",\"name\":\"Metal Teller Rosette Ring\",\"isPartOf\":{\"@id\":\"https:\\\/\\\/cpxzx.com\\\/#website\"},\"primaryImageOfPage\":{\"@id\":\"https:\\\/\\\/cpxzx.com\\\/product\\\/metal-teller-rosette-ring\\\/#primaryimage\"},\"image\":{\"@id\":\"https:\\\/\\\/cpxzx.com\\\/product\\\/metal-teller-rosette-ring\\\/#primaryimage\"},\"thumbnailUrl\":\"https:\\\/\\\/cpxzx.com\\\/wp-content\\\/uploads\\\/2025\\\/09\\\/Metal-Teller-Rosette-Ring.jpg\",\"datePublished\":\"2025-09-03T07:52:11+00:00\",\"dateModified\":\"2025-09-03T08:05:28+00:00\",\"breadcrumb\":{\"@id\":\"https:\\\/\\\/cpxzx.com\\\/product\\\/metal-teller-rosette-ring\\\/#breadcrumb\"},\"inLanguage\":\"es\",\"potentialAction\":[{\"@type\":\"ReadAction\",\"target\":[\"https:\\\/\\\/cpxzx.com\\\/product\\\/metal-teller-rosette-ring\\\/\"]}]},{\"@type\":\"ImageObject\",\"inLanguage\":\"es\",\"@id\":\"https:\\\/\\\/cpxzx.com\\\/product\\\/metal-teller-rosette-ring\\\/#primaryimage\",\"url\":\"https:\\\/\\\/cpxzx.com\\\/wp-content\\\/uploads\\\/2025\\\/09\\\/Metal-Teller-Rosette-Ring.jpg\",\"contentUrl\":\"https:\\\/\\\/cpxzx.com\\\/wp-content\\\/uploads\\\/2025\\\/09\\\/Metal-Teller-Rosette-Ring.jpg\",\"width\":550,\"height\":550,\"caption\":\"Metal-Teller-Rosette-Ring\"},{\"@type\":\"BreadcrumbList\",\"@id\":\"https:\\\/\\\/cpxzx.com\\\/product\\\/metal-teller-rosette-ring\\\/#breadcrumb\",\"itemListElement\":[{\"@type\":\"ListItem\",\"position\":1,\"name\":\"Home\",\"item\":\"https:\\\/\\\/cpxzx.com\\\/\"},{\"@type\":\"ListItem\",\"position\":2,\"name\":\"Random Packing\",\"item\":\"https:\\\/\\\/cpxzx.com\\\/pcategory\\\/random-packing\\\/\"},{\"@type\":\"ListItem\",\"position\":3,\"name\":\"Metal Random Packing\",\"item\":\"https:\\\/\\\/cpxzx.com\\\/pcategory\\\/random-packing\\\/metal-random-packing\\\/\"},{\"@type\":\"ListItem\",\"position\":4,\"name\":\"Ss304 SS316 Metal Teller Rosette Ring\"}]},{\"@type\":\"WebSite\",\"@id\":\"https:\\\/\\\/cpxzx.com\\\/#website\",\"url\":\"https:\\\/\\\/cpxzx.com\\\/\",\"name\":\"Cooling Tower Fill, China PVC Fills Manufacturer\",\"description\":\"\",\"publisher\":{\"@id\":\"https:\\\/\\\/cpxzx.com\\\/#organization\"},\"potentialAction\":[{\"@type\":\"SearchAction\",\"target\":{\"@type\":\"EntryPoint\",\"urlTemplate\":\"https:\\\/\\\/cpxzx.com\\\/?s={search_term_string}\"},\"query-input\":{\"@type\":\"PropertyValueSpecification\",\"valueRequired\":true,\"valueName\":\"search_term_string\"}}],\"inLanguage\":\"es\"},{\"@type\":\"Organization\",\"@id\":\"https:\\\/\\\/cpxzx.com\\\/#organization\",\"name\":\"Cooling Tower Fill, China PVC Fills Manufacturer\",\"url\":\"https:\\\/\\\/cpxzx.com\\\/\",\"logo\":{\"@type\":\"ImageObject\",\"inLanguage\":\"es\",\"@id\":\"https:\\\/\\\/cpxzx.com\\\/#\\\/schema\\\/logo\\\/image\\\/\",\"url\":\"https:\\\/\\\/cpxzx.com\\\/wp-content\\\/uploads\\\/2025\\\/07\\\/1751628807-logo.png\",\"contentUrl\":\"https:\\\/\\\/cpxzx.com\\\/wp-content\\\/uploads\\\/2025\\\/07\\\/1751628807-logo.png\",\"width\":383,\"height\":87,\"caption\":\"Cooling Tower Fill, China PVC Fills Manufacturer\"},\"image\":{\"@id\":\"https:\\\/\\\/cpxzx.com\\\/#\\\/schema\\\/logo\\\/image\\\/\"}}]}<\/script>\n<!-- \/ Yoast SEO plugin. -->","yoast_head_json":{"title":"Anillo de Metal Teller Rosette","robots":{"index":"index","follow":"follow","max-snippet":"max-snippet:-1","max-image-preview":"max-image-preview:large","max-video-preview":"max-video-preview:-1"},"canonical":"https:\/\/cpxzx.com\/es\/producto\/metal-teller-rosette-ring\/","og_locale":"es_ES","og_type":"article","og_title":"Metal Teller Rosette Ring","og_description":"Metal Teller Rosette Ring is a high-efficiency random packing made from thin sheet metal stamped and stretched into a diamond-mesh structure of interconnected circles. With high liquid storage, large voidage, low pressure drop, excellent gas\u2013liquid contact, and lightweight performance, it is widely used in absorption, distillation, purification, and environmental processes. Available in stainless steel, carbon steel, and other materials, this precision-engineered packing offers superior corrosion resistance and is suitable for gas washing towers, cooling towers, desulphurization systems, and wastewater treatment applications.","og_url":"https:\/\/cpxzx.com\/es\/producto\/metal-teller-rosette-ring\/","og_site_name":"Cooling Tower Fill, China PVC Fills Manufacturer","article_modified_time":"2025-09-03T08:05:28+00:00","og_image":[{"width":550,"height":550,"url":"https:\/\/cpxzx.com\/wp-content\/uploads\/2025\/09\/Metal-Teller-Rosette-Ring.jpg","type":"image\/jpeg"}],"twitter_card":"summary_large_image","twitter_misc":{"Tiempo de lectura":"3 minutos"},"schema":{"@context":"https:\/\/schema.org","@graph":[{"@type":"WebPage","@id":"https:\/\/cpxzx.com\/product\/metal-teller-rosette-ring\/","url":"https:\/\/cpxzx.com\/product\/metal-teller-rosette-ring\/","name":"Anillo de Metal Teller Rosette","isPartOf":{"@id":"https:\/\/cpxzx.com\/#website"},"primaryImageOfPage":{"@id":"https:\/\/cpxzx.com\/product\/metal-teller-rosette-ring\/#primaryimage"},"image":{"@id":"https:\/\/cpxzx.com\/product\/metal-teller-rosette-ring\/#primaryimage"},"thumbnailUrl":"https:\/\/cpxzx.com\/wp-content\/uploads\/2025\/09\/Metal-Teller-Rosette-Ring.jpg","datePublished":"2025-09-03T07:52:11+00:00","dateModified":"2025-09-03T08:05:28+00:00","breadcrumb":{"@id":"https:\/\/cpxzx.com\/product\/metal-teller-rosette-ring\/#breadcrumb"},"inLanguage":"es","potentialAction":[{"@type":"ReadAction","target":["https:\/\/cpxzx.com\/product\/metal-teller-rosette-ring\/"]}]},{"@type":"ImageObject","inLanguage":"es","@id":"https:\/\/cpxzx.com\/product\/metal-teller-rosette-ring\/#primaryimage","url":"https:\/\/cpxzx.com\/wp-content\/uploads\/2025\/09\/Metal-Teller-Rosette-Ring.jpg","contentUrl":"https:\/\/cpxzx.com\/wp-content\/uploads\/2025\/09\/Metal-Teller-Rosette-Ring.jpg","width":550,"height":550,"caption":"Metal-Teller-Rosette-Ring"},{"@type":"BreadcrumbList","@id":"https:\/\/cpxzx.com\/product\/metal-teller-rosette-ring\/#breadcrumb","itemListElement":[{"@type":"ListItem","position":1,"name":"Home","item":"https:\/\/cpxzx.com\/"},{"@type":"ListItem","position":2,"name":"Random Packing","item":"https:\/\/cpxzx.com\/pcategory\/random-packing\/"},{"@type":"ListItem","position":3,"name":"Metal Random Packing","item":"https:\/\/cpxzx.com\/pcategory\/random-packing\/metal-random-packing\/"},{"@type":"ListItem","position":4,"name":"Ss304 SS316 Metal Teller Rosette Ring"}]},{"@type":"WebSite","@id":"https:\/\/cpxzx.com\/#website","url":"https:\/\/cpxzx.com\/","name":"Relleno de torre de refrigeraci\u00f3n, Fabricante de rellenos de PVC en China","description":"","publisher":{"@id":"https:\/\/cpxzx.com\/#organization"},"potentialAction":[{"@type":"SearchAction","target":{"@type":"EntryPoint","urlTemplate":"https:\/\/cpxzx.com\/?s={search_term_string}"},"query-input":{"@type":"PropertyValueSpecification","valueRequired":true,"valueName":"search_term_string"}}],"inLanguage":"es"},{"@type":"Organization","@id":"https:\/\/cpxzx.com\/#organization","name":"Relleno de torre de refrigeraci\u00f3n, Fabricante de rellenos de PVC en China","url":"https:\/\/cpxzx.com\/","logo":{"@type":"ImageObject","inLanguage":"es","@id":"https:\/\/cpxzx.com\/#\/schema\/logo\/image\/","url":"https:\/\/cpxzx.com\/wp-content\/uploads\/2025\/07\/1751628807-logo.png","contentUrl":"https:\/\/cpxzx.com\/wp-content\/uploads\/2025\/07\/1751628807-logo.png","width":383,"height":87,"caption":"Cooling Tower Fill, China PVC Fills Manufacturer"},"image":{"@id":"https:\/\/cpxzx.com\/#\/schema\/logo\/image\/"}}]}},"taxonomy_info":{"pcategory":[{"value":22,"label":"Random Packing"},{"value":23,"label":"Metal Random Packing"}]},"featured_image_src_large":["https:\/\/cpxzx.com\/wp-content\/uploads\/2025\/09\/Metal-Teller-Rosette-Ring.jpg",550,550,false],"author_info":[],"comment_info":"","_links":{"self":[{"href":"https:\/\/cpxzx.com\/es\/wp-json\/wp\/v2\/product\/2943","targetHints":{"allow":["GET"]}}],"collection":[{"href":"https:\/\/cpxzx.com\/es\/wp-json\/wp\/v2\/product"}],"about":[{"href":"https:\/\/cpxzx.com\/es\/wp-json\/wp\/v2\/types\/product"}],"wp:featuredmedia":[{"embeddable":true,"href":"https:\/\/cpxzx.com\/es\/wp-json\/wp\/v2\/media\/2944"}],"wp:attachment":[{"href":"https:\/\/cpxzx.com\/es\/wp-json\/wp\/v2\/media?parent=2943"}],"wp:term":[{"taxonomy":"pcategory","embeddable":true,"href":"https:\/\/cpxzx.com\/es\/wp-json\/wp\/v2\/pcategory?post=2943"},{"taxonomy":"ptag","embeddable":true,"href":"https:\/\/cpxzx.com\/es\/wp-json\/wp\/v2\/ptag?post=2943"}],"curies":[{"name":"wp","href":"https:\/\/api.w.org\/{rel}","templated":true}]}}