{"id":2921,"date":"2025-08-21T07:37:02","date_gmt":"2025-08-21T07:37:02","guid":{"rendered":"https:\/\/cpxzx.com\/?post_type=product&#038;p=2921"},"modified":"2025-08-21T07:37:02","modified_gmt":"2025-08-21T07:37:02","slug":"plastic-ralu-ring","status":"publish","type":"product","link":"https:\/\/cpxzx.com\/es\/producto\/plastic-ralu-ring\/","title":{"rendered":"Anillo de pl\u00e1stico Ralu"},"content":{"rendered":"<p>Plastic Ralu Ring es una forma avanzada de empaquetadura aleatoria, evolucionada a partir de la tradicional Pall Ring y mejorada con un dise\u00f1o de anillo abierto modificado para lograr una menor ca\u00edda de presi\u00f3n y un menor uso de material, manteniendo al mismo tiempo una alta eficacia de transferencia de masa. Su estructura favorece un mejor contacto gas-l\u00edquido y un mayor rendimiento de separaci\u00f3n y, cuando se instala en columnas existentes, puede reducir los costes de funcionamiento o permitir una altura de lecho m\u00e1s baja para mantener la eficiencia.<\/p>\n<h2>Caracter\u00edsticas<\/h2>\n<ul>\n<li><strong>Relaci\u00f3n de vac\u00edos mejorada y baja ca\u00edda de presi\u00f3n<\/strong> - Ofrece una mayor capacidad y un flujo m\u00e1s eficiente en comparaci\u00f3n con los anillos Pall cer\u00e1micos o convencionales.<\/li>\n<li><strong>Elevada retenci\u00f3n de l\u00edquidos y tiempo de residencia prolongado<\/strong> - Mejora la absorci\u00f3n, especialmente en las reacciones qu\u00edmicas m\u00e1s lentas.<\/li>\n<li><strong>Distribuci\u00f3n uniforme de gas-l\u00edquido<\/strong> - Menos sensible a la calidad de la distribuci\u00f3n l\u00edquido\/vapor; compatible con distribuidores est\u00e1ndar.<\/li>\n<li><strong>Gran integridad mec\u00e1nica<\/strong> - El dise\u00f1o de anillas y radios garantiza su durabilidad, apto incluso para camas de gran profundidad.<\/li>\n<li><strong>Amplia compatibilidad qu\u00edmica y tolerancia t\u00e9rmica<\/strong> - Adecuado para su uso a altas temperaturas (hasta ~280 \u00b0C, seg\u00fan el material) y resistente a la corrosi\u00f3n qu\u00edmica.<\/li>\n<\/ul>\n<h2>Especificaciones<\/h2>\n<h2>Materiales disponibles<\/h2>\n<p>PP (polipropileno), PE (polietileno), RPP (polipropileno reforzado), PVC, CPVC, PVDF y, opcionalmente, PTFE o PFA.<\/p>\n<h2>Propiedades f\u00edsicas clave<\/h2>\n<table border=\"1\" cellspacing=\"0\" cellpadding=\"5\">\n<thead>\n<tr>\n<th>Talla<br \/>\n(mm)<\/th>\n<th>Superficie espec\u00edfica<br \/>\n(m\u00b2\/m\u00b3)<\/th>\n<th>Voidage<br \/>\n(%)<\/th>\n<th>Densidad aparente<br \/>\n(kg\/m\u00b3)<\/th>\n<th>Piezas\/m\u00b3<\/th>\n<\/tr>\n<\/thead>\n<tbody>\n<tr>\n<td>15<\/td>\n<td>~320<\/td>\n<td>~94<\/td>\n<td>~80<\/td>\n<td>~170,000<\/td>\n<\/tr>\n<tr>\n<td>25<\/td>\n<td>~190<\/td>\n<td>~94-95<\/td>\n<td>~46.8-56<\/td>\n<td>~36,000<\/td>\n<\/tr>\n<tr>\n<td>38<\/td>\n<td>~150<\/td>\n<td>~95<\/td>\n<td>~65<\/td>\n<td>~13,500<\/td>\n<\/tr>\n<tr>\n<td>50<\/td>\n<td>~110<\/td>\n<td>~95<\/td>\n<td>~53.5-60<\/td>\n<td>~6,300<\/td>\n<\/tr>\n<tr>\n<td>90<\/td>\n<td>~75<\/td>\n<td>~90<\/td>\n<td>~40<\/td>\n<td>~1,000<\/td>\n<\/tr>\n<tr>\n<td>125<\/td>\n<td>~60<\/td>\n<td>~97<\/td>\n<td>~30<\/td>\n<td>~800<\/td>\n<\/tr>\n<\/tbody>\n<\/table>\n<h2>Ventajas<\/h2>\n<ul>\n<li>Alto rendimiento con baja ca\u00edda de presi\u00f3n, lo que permite ahorrar energ\u00eda.<\/li>\n<li>Antiimpacto y robustez mec\u00e1nica superiores, ideales para entornos industriales exigentes.<\/li>\n<li>Excelente resistencia a la corrosi\u00f3n qu\u00edmica, adecuada para una amplia gama de medios agresivos.<\/li>\n<li>Facilidad de manipulaci\u00f3n e instalaci\u00f3n, que contribuye a reducir los costes operativos.<\/li>\n<\/ul>\n<h2>Aplicaciones<\/h2>\n<ul>\n<li>Procesos de separaci\u00f3n, absorci\u00f3n y desorci\u00f3n<\/li>\n<li>Sistemas de destilaci\u00f3n atmosf\u00e9rica y al vac\u00edo<\/li>\n<li>Descarbonizaci\u00f3n, desulfuraci\u00f3n, depuraci\u00f3n de CO\u2082<\/li>\n<li>Separaci\u00f3n de org\u00e1nicos vol\u00e1tiles como etilbenceno, isooctano, tolueno<\/li>\n<li>Tratamiento aer\u00f3bico\/anaer\u00f3bico de aguas residuales, filtros percoladores, biofiltros en fase gaseosa<\/li>\n<\/ul>\n<h2>Paquete<\/h2>\n<p>Los formatos de envasado var\u00edan seg\u00fan el proveedor y suelen incluir sacos peque\u00f1os, supersacos (ton bags), cajas de cart\u00f3n o soluciones flexibles en funci\u00f3n del volumen del pedido. Las opciones de env\u00edo a granel incluyen sacos de toneladas, bolsas de pl\u00e1stico o cajas de papel; contenedores adaptados a los tama\u00f1os de la carga (20 GP, 40 GP, 40 HQ), con plazos de entrega en torno a 7-12 d\u00edas laborables.<\/p>","protected":false},"excerpt":{"rendered":"<p>El anillo de pl\u00e1stico Ralu es una empaquetadura aleatoria de alto rendimiento muy utilizada en aplicaciones de transferencia de masa como la absorci\u00f3n, el lavado y el decapado. Fabricada con materiales termopl\u00e1sticos duraderos como PP, PE, PVC, PVDF o PTFE, ofrece una excelente resistencia mec\u00e1nica, resistencia qu\u00edmica y estabilidad t\u00e9rmica. Gracias a su exclusiva estructura abierta, el anillo Ralu garantiza una baja ca\u00edda de presi\u00f3n, una elevada relaci\u00f3n de vac\u00edos y un contacto eficaz entre gas y l\u00edquido, lo que lo hace ideal para las industrias qu\u00edmica, petroqu\u00edmica y de protecci\u00f3n medioambiental.<\/p>","protected":false},"featured_media":2932,"parent":0,"template":"","meta":{"_acf_changed":false,"_kad_blocks_custom_css":"","_kad_blocks_head_custom_js":"","_kad_blocks_body_custom_js":"","_kad_blocks_footer_custom_js":"","_kadence_starter_templates_imported_post":false,"_kad_post_transparent":"default","_kad_post_title":"","_kad_post_layout":"default","_kad_post_sidebar_id":"","_kad_post_content_style":"default","_kad_post_vertical_padding":"default","_kad_post_feature":"","_kad_post_feature_position":"","_kad_post_header":false,"_kad_post_footer":false},"pcategory":[22,25],"ptag":[],"class_list":["post-2921","product","type-product","status-publish","has-post-thumbnail","hentry","pcategory-random-packing","pcategory-plastic-random-packing"],"acf":[],"yoast_head":"<!-- This site is optimized with the Yoast SEO plugin v27.4 - https:\/\/yoast.com\/product\/yoast-seo-wordpress\/ -->\n<title>Plastic Ralu Ring<\/title>\n<meta name=\"robots\" content=\"index, follow, max-snippet:-1, max-image-preview:large, max-video-preview:-1\" \/>\n<link rel=\"canonical\" href=\"https:\/\/cpxzx.com\/es\/producto\/plastic-ralu-ring\/\" \/>\n<meta property=\"og:locale\" content=\"es_ES\" \/>\n<meta property=\"og:type\" content=\"article\" \/>\n<meta property=\"og:title\" content=\"Plastic Ralu Ring\" \/>\n<meta property=\"og:description\" content=\"Plastic Ralu Ring is a high-performance random packing widely used in mass transfer applications such as absorption, scrubbing, and stripping. Made from durable thermoplastic materials like PP, PE, PVC, PVDF, or PTFE, it offers excellent mechanical strength, chemical resistance, and thermal stability. With its unique open structure, the Ralu Ring ensures low pressure drop, high void ratio, and efficient gas-liquid contact, making it ideal for chemical, petrochemical, and environmental protection industries.\" \/>\n<meta property=\"og:url\" content=\"https:\/\/cpxzx.com\/es\/producto\/plastic-ralu-ring\/\" \/>\n<meta property=\"og:site_name\" content=\"Cooling Tower Fill, China PVC Fills Manufacturer\" \/>\n<meta property=\"og:image\" content=\"https:\/\/cpxzx.com\/wp-content\/uploads\/2025\/08\/PP-PE-CPVC-Plastic-Ralu-Ring-for-Separation-Tower-Packing.jpg\" \/>\n\t<meta property=\"og:image:width\" content=\"550\" \/>\n\t<meta property=\"og:image:height\" content=\"550\" \/>\n\t<meta property=\"og:image:type\" content=\"image\/jpeg\" \/>\n<meta name=\"twitter:card\" content=\"summary_large_image\" \/>\n<meta name=\"twitter:label1\" content=\"Tiempo de lectura\" \/>\n\t<meta name=\"twitter:data1\" content=\"2 minutos\" \/>\n<script type=\"application\/ld+json\" class=\"yoast-schema-graph\">{\"@context\":\"https:\\\/\\\/schema.org\",\"@graph\":[{\"@type\":\"WebPage\",\"@id\":\"https:\\\/\\\/cpxzx.com\\\/product\\\/plastic-ralu-ring\\\/\",\"url\":\"https:\\\/\\\/cpxzx.com\\\/product\\\/plastic-ralu-ring\\\/\",\"name\":\"Plastic Ralu Ring\",\"isPartOf\":{\"@id\":\"https:\\\/\\\/cpxzx.com\\\/#website\"},\"primaryImageOfPage\":{\"@id\":\"https:\\\/\\\/cpxzx.com\\\/product\\\/plastic-ralu-ring\\\/#primaryimage\"},\"image\":{\"@id\":\"https:\\\/\\\/cpxzx.com\\\/product\\\/plastic-ralu-ring\\\/#primaryimage\"},\"thumbnailUrl\":\"https:\\\/\\\/cpxzx.com\\\/wp-content\\\/uploads\\\/2025\\\/08\\\/PP-PE-CPVC-Plastic-Ralu-Ring-for-Separation-Tower-Packing.jpg\",\"datePublished\":\"2025-08-21T07:37:02+00:00\",\"breadcrumb\":{\"@id\":\"https:\\\/\\\/cpxzx.com\\\/product\\\/plastic-ralu-ring\\\/#breadcrumb\"},\"inLanguage\":\"es\",\"potentialAction\":[{\"@type\":\"ReadAction\",\"target\":[\"https:\\\/\\\/cpxzx.com\\\/product\\\/plastic-ralu-ring\\\/\"]}]},{\"@type\":\"ImageObject\",\"inLanguage\":\"es\",\"@id\":\"https:\\\/\\\/cpxzx.com\\\/product\\\/plastic-ralu-ring\\\/#primaryimage\",\"url\":\"https:\\\/\\\/cpxzx.com\\\/wp-content\\\/uploads\\\/2025\\\/08\\\/PP-PE-CPVC-Plastic-Ralu-Ring-for-Separation-Tower-Packing.jpg\",\"contentUrl\":\"https:\\\/\\\/cpxzx.com\\\/wp-content\\\/uploads\\\/2025\\\/08\\\/PP-PE-CPVC-Plastic-Ralu-Ring-for-Separation-Tower-Packing.jpg\",\"width\":550,\"height\":550},{\"@type\":\"BreadcrumbList\",\"@id\":\"https:\\\/\\\/cpxzx.com\\\/product\\\/plastic-ralu-ring\\\/#breadcrumb\",\"itemListElement\":[{\"@type\":\"ListItem\",\"position\":1,\"name\":\"Home\",\"item\":\"https:\\\/\\\/cpxzx.com\\\/\"},{\"@type\":\"ListItem\",\"position\":2,\"name\":\"Random Packing\",\"item\":\"https:\\\/\\\/cpxzx.com\\\/pcategory\\\/random-packing\\\/\"},{\"@type\":\"ListItem\",\"position\":3,\"name\":\"Plastic Random Packing\",\"item\":\"https:\\\/\\\/cpxzx.com\\\/pcategory\\\/random-packing\\\/plastic-random-packing\\\/\"},{\"@type\":\"ListItem\",\"position\":4,\"name\":\"Plastic Ralu Ring\"}]},{\"@type\":\"WebSite\",\"@id\":\"https:\\\/\\\/cpxzx.com\\\/#website\",\"url\":\"https:\\\/\\\/cpxzx.com\\\/\",\"name\":\"Cooling Tower Fill, China PVC Fills Manufacturer\",\"description\":\"\",\"publisher\":{\"@id\":\"https:\\\/\\\/cpxzx.com\\\/#organization\"},\"potentialAction\":[{\"@type\":\"SearchAction\",\"target\":{\"@type\":\"EntryPoint\",\"urlTemplate\":\"https:\\\/\\\/cpxzx.com\\\/?s={search_term_string}\"},\"query-input\":{\"@type\":\"PropertyValueSpecification\",\"valueRequired\":true,\"valueName\":\"search_term_string\"}}],\"inLanguage\":\"es\"},{\"@type\":\"Organization\",\"@id\":\"https:\\\/\\\/cpxzx.com\\\/#organization\",\"name\":\"Cooling Tower Fill, China PVC Fills Manufacturer\",\"url\":\"https:\\\/\\\/cpxzx.com\\\/\",\"logo\":{\"@type\":\"ImageObject\",\"inLanguage\":\"es\",\"@id\":\"https:\\\/\\\/cpxzx.com\\\/#\\\/schema\\\/logo\\\/image\\\/\",\"url\":\"https:\\\/\\\/cpxzx.com\\\/wp-content\\\/uploads\\\/2025\\\/07\\\/1751628807-logo.png\",\"contentUrl\":\"https:\\\/\\\/cpxzx.com\\\/wp-content\\\/uploads\\\/2025\\\/07\\\/1751628807-logo.png\",\"width\":383,\"height\":87,\"caption\":\"Cooling Tower Fill, China PVC Fills Manufacturer\"},\"image\":{\"@id\":\"https:\\\/\\\/cpxzx.com\\\/#\\\/schema\\\/logo\\\/image\\\/\"}}]}<\/script>\n<!-- \/ Yoast SEO plugin. -->","yoast_head_json":{"title":"Anillo de pl\u00e1stico Ralu","robots":{"index":"index","follow":"follow","max-snippet":"max-snippet:-1","max-image-preview":"max-image-preview:large","max-video-preview":"max-video-preview:-1"},"canonical":"https:\/\/cpxzx.com\/es\/producto\/plastic-ralu-ring\/","og_locale":"es_ES","og_type":"article","og_title":"Plastic Ralu Ring","og_description":"Plastic Ralu Ring is a high-performance random packing widely used in mass transfer applications such as absorption, scrubbing, and stripping. Made from durable thermoplastic materials like PP, PE, PVC, PVDF, or PTFE, it offers excellent mechanical strength, chemical resistance, and thermal stability. With its unique open structure, the Ralu Ring ensures low pressure drop, high void ratio, and efficient gas-liquid contact, making it ideal for chemical, petrochemical, and environmental protection industries.","og_url":"https:\/\/cpxzx.com\/es\/producto\/plastic-ralu-ring\/","og_site_name":"Cooling Tower Fill, China PVC Fills Manufacturer","og_image":[{"width":550,"height":550,"url":"https:\/\/cpxzx.com\/wp-content\/uploads\/2025\/08\/PP-PE-CPVC-Plastic-Ralu-Ring-for-Separation-Tower-Packing.jpg","type":"image\/jpeg"}],"twitter_card":"summary_large_image","twitter_misc":{"Tiempo de lectura":"2 minutos"},"schema":{"@context":"https:\/\/schema.org","@graph":[{"@type":"WebPage","@id":"https:\/\/cpxzx.com\/product\/plastic-ralu-ring\/","url":"https:\/\/cpxzx.com\/product\/plastic-ralu-ring\/","name":"Anillo de pl\u00e1stico Ralu","isPartOf":{"@id":"https:\/\/cpxzx.com\/#website"},"primaryImageOfPage":{"@id":"https:\/\/cpxzx.com\/product\/plastic-ralu-ring\/#primaryimage"},"image":{"@id":"https:\/\/cpxzx.com\/product\/plastic-ralu-ring\/#primaryimage"},"thumbnailUrl":"https:\/\/cpxzx.com\/wp-content\/uploads\/2025\/08\/PP-PE-CPVC-Plastic-Ralu-Ring-for-Separation-Tower-Packing.jpg","datePublished":"2025-08-21T07:37:02+00:00","breadcrumb":{"@id":"https:\/\/cpxzx.com\/product\/plastic-ralu-ring\/#breadcrumb"},"inLanguage":"es","potentialAction":[{"@type":"ReadAction","target":["https:\/\/cpxzx.com\/product\/plastic-ralu-ring\/"]}]},{"@type":"ImageObject","inLanguage":"es","@id":"https:\/\/cpxzx.com\/product\/plastic-ralu-ring\/#primaryimage","url":"https:\/\/cpxzx.com\/wp-content\/uploads\/2025\/08\/PP-PE-CPVC-Plastic-Ralu-Ring-for-Separation-Tower-Packing.jpg","contentUrl":"https:\/\/cpxzx.com\/wp-content\/uploads\/2025\/08\/PP-PE-CPVC-Plastic-Ralu-Ring-for-Separation-Tower-Packing.jpg","width":550,"height":550},{"@type":"BreadcrumbList","@id":"https:\/\/cpxzx.com\/product\/plastic-ralu-ring\/#breadcrumb","itemListElement":[{"@type":"ListItem","position":1,"name":"Home","item":"https:\/\/cpxzx.com\/"},{"@type":"ListItem","position":2,"name":"Random Packing","item":"https:\/\/cpxzx.com\/pcategory\/random-packing\/"},{"@type":"ListItem","position":3,"name":"Plastic Random Packing","item":"https:\/\/cpxzx.com\/pcategory\/random-packing\/plastic-random-packing\/"},{"@type":"ListItem","position":4,"name":"Plastic Ralu Ring"}]},{"@type":"WebSite","@id":"https:\/\/cpxzx.com\/#website","url":"https:\/\/cpxzx.com\/","name":"Relleno de torre de refrigeraci\u00f3n, Fabricante de rellenos de PVC en China","description":"","publisher":{"@id":"https:\/\/cpxzx.com\/#organization"},"potentialAction":[{"@type":"SearchAction","target":{"@type":"EntryPoint","urlTemplate":"https:\/\/cpxzx.com\/?s={search_term_string}"},"query-input":{"@type":"PropertyValueSpecification","valueRequired":true,"valueName":"search_term_string"}}],"inLanguage":"es"},{"@type":"Organization","@id":"https:\/\/cpxzx.com\/#organization","name":"Relleno de torre de refrigeraci\u00f3n, Fabricante de rellenos de PVC en China","url":"https:\/\/cpxzx.com\/","logo":{"@type":"ImageObject","inLanguage":"es","@id":"https:\/\/cpxzx.com\/#\/schema\/logo\/image\/","url":"https:\/\/cpxzx.com\/wp-content\/uploads\/2025\/07\/1751628807-logo.png","contentUrl":"https:\/\/cpxzx.com\/wp-content\/uploads\/2025\/07\/1751628807-logo.png","width":383,"height":87,"caption":"Cooling Tower Fill, China PVC Fills Manufacturer"},"image":{"@id":"https:\/\/cpxzx.com\/#\/schema\/logo\/image\/"}}]}},"taxonomy_info":{"pcategory":[{"value":22,"label":"Random Packing"},{"value":25,"label":"Plastic Random Packing"}]},"featured_image_src_large":["https:\/\/cpxzx.com\/wp-content\/uploads\/2025\/08\/PP-PE-CPVC-Plastic-Ralu-Ring-for-Separation-Tower-Packing.jpg",550,550,false],"author_info":[],"comment_info":"","_links":{"self":[{"href":"https:\/\/cpxzx.com\/es\/wp-json\/wp\/v2\/product\/2921","targetHints":{"allow":["GET"]}}],"collection":[{"href":"https:\/\/cpxzx.com\/es\/wp-json\/wp\/v2\/product"}],"about":[{"href":"https:\/\/cpxzx.com\/es\/wp-json\/wp\/v2\/types\/product"}],"wp:featuredmedia":[{"embeddable":true,"href":"https:\/\/cpxzx.com\/es\/wp-json\/wp\/v2\/media\/2932"}],"wp:attachment":[{"href":"https:\/\/cpxzx.com\/es\/wp-json\/wp\/v2\/media?parent=2921"}],"wp:term":[{"taxonomy":"pcategory","embeddable":true,"href":"https:\/\/cpxzx.com\/es\/wp-json\/wp\/v2\/pcategory?post=2921"},{"taxonomy":"ptag","embeddable":true,"href":"https:\/\/cpxzx.com\/es\/wp-json\/wp\/v2\/ptag?post=2921"}],"curies":[{"name":"wp","href":"https:\/\/api.w.org\/{rel}","templated":true}]}}