{"id":2920,"date":"2025-08-20T03:07:54","date_gmt":"2025-08-20T03:07:54","guid":{"rendered":"https:\/\/cpxzx.com\/?post_type=product&#038;p=2920"},"modified":"2025-08-20T03:08:43","modified_gmt":"2025-08-20T03:08:43","slug":"plastic-igel-ball","status":"publish","type":"product","link":"https:\/\/cpxzx.com\/es\/producto\/plastic-igel-ball\/","title":{"rendered":"Bola de pl\u00e1stico Igel 38mm 50mm 100mm"},"content":{"rendered":"<p>En <strong>Bola de pl\u00e1stico Igel<\/strong> es un biofiltro esf\u00e9rico de agujas fabricado con materiales como PP, PE, PVC, CPVC o PVDF. Su exclusiva estructura multiagujas, fabricada mediante moldeo por inyecci\u00f3n, ofrece una gran superficie que mejora la eficacia de la transferencia de masa y garantiza una distribuci\u00f3n \u00f3ptima de fluidos y gases. Ligera y flotante, es especialmente adecuada para sistemas de filtraci\u00f3n h\u00famedos\/secos utilizados en acuicultura, tratamiento de aguas e ingenier\u00eda qu\u00edmica.<\/p>\n<h2>Caracter\u00edsticas<\/h2>\n<ul>\n<li>Dise\u00f1o ligero y flotante que flota en el agua<\/li>\n<li>Baja resistencia al agua y excelente ventilaci\u00f3n<\/li>\n<li>Estructura de desviaci\u00f3n de flujo para una distribuci\u00f3n uniforme<\/li>\n<li>Alta superficie que favorece el crecimiento bacteriano para la filtraci\u00f3n biol\u00f3gica<\/li>\n<\/ul>\n<h2>Especificaciones<\/h2>\n<table border=\"1\" cellspacing=\"0\" cellpadding=\"5\">\n<tbody>\n<tr>\n<th>Talla<br \/>\n(mm)<\/th>\n<th>Superficie<br \/>\n(m\u00b2\/m\u00b3)<\/th>\n<th>Volumen vac\u00edo<br \/>\n(%)<\/th>\n<th>Piezas por<br \/>\nm\u00b3<\/th>\n<\/tr>\n<tr>\n<td>38<\/td>\n<td>~295<\/td>\n<td>~86<\/td>\n<td>20,600<\/td>\n<\/tr>\n<tr>\n<td>40<\/td>\n<td>~300<\/td>\n<td>~87-88<\/td>\n<td>~17,000<\/td>\n<\/tr>\n<tr>\n<td>50<\/td>\n<td>~156<\/td>\n<td>~88<\/td>\n<td>~9,600<\/td>\n<\/tr>\n<tr>\n<td>100<\/td>\n<td>~122<\/td>\n<td>~91<\/td>\n<td>~2,800<\/td>\n<\/tr>\n<\/tbody>\n<\/table>\n<p>Materiales disponibles: PP, PE, PVC, CPVC, PVDF. Temperatura de funcionamiento: PP &gt;100\u00b0C, PE ~90\u00b0C, PVC &gt;60\u00b0C, CPVC &gt;90\u00b0C, PVDF &gt;150\u00b0C.<\/p>\n<h2>Ventajas<\/h2>\n<ul>\n<li>Tratamiento del agua y filtraci\u00f3n eficaces<\/li>\n<li>Mejora la oxigenaci\u00f3n y ayuda a la eliminaci\u00f3n de H\u2082S\/CO\u2082.<\/li>\n<li>Alta eficiencia de transferencia de masa con baja ca\u00edda de presi\u00f3n<\/li>\n<li>Materiales duraderos resistentes a los productos qu\u00edmicos y al calor<\/li>\n<\/ul>\n<h2>Aplicaciones<\/h2>\n<ul>\n<li>Acuarios, estanques, criaderos y piscifactor\u00edas<\/li>\n<li>Filtraci\u00f3n biol\u00f3gica en sistemas marinos y de agua dulce<\/li>\n<li>Tratamiento de aguas residuales industriales y municipales<\/li>\n<li>Torres de lavado y tratamiento qu\u00edmico<\/li>\n<li>Embalaje de transferencia de masa en torres aleatorias o estructuradas<\/li>\n<\/ul>\n<h2>Paquete<\/h2>\n<p>Las bolas de pl\u00e1stico Igel Balls se envasan normalmente en bolsas jumbo, bolsas tejidas, bolsas de tonelada, cajas de cart\u00f3n o cajas de madera. Las opciones de env\u00edo en contenedor incluyen 20GP, 40GP, o 40HQ, con plazos de entrega generalmente entre 7-20 d\u00edas dependiendo de la cantidad del pedido.<\/p>","protected":false},"excerpt":{"rendered":"<p>La bola de pl\u00e1stico Igel es un tipo de empaquetadura aleatoria de pl\u00e1stico dise\u00f1ada con forma esf\u00e9rica y m\u00faltiples picos en la superficie. Su estructura especial proporciona una gran superficie, un excelente contacto gas-l\u00edquido y una baja ca\u00edda de presi\u00f3n, por lo que se utiliza ampliamente en procesos de tratamiento de aguas, absorci\u00f3n, depuraci\u00f3n y filtraci\u00f3n biol\u00f3gica.<\/p>","protected":false},"featured_media":2929,"parent":0,"template":"","meta":{"_acf_changed":false,"_kad_blocks_custom_css":"","_kad_blocks_head_custom_js":"","_kad_blocks_body_custom_js":"","_kad_blocks_footer_custom_js":"","_kadence_starter_templates_imported_post":false,"_kad_post_transparent":"default","_kad_post_title":"","_kad_post_layout":"default","_kad_post_sidebar_id":"","_kad_post_content_style":"default","_kad_post_vertical_padding":"default","_kad_post_feature":"","_kad_post_feature_position":"","_kad_post_header":false,"_kad_post_footer":false},"pcategory":[22,25],"ptag":[],"class_list":["post-2920","product","type-product","status-publish","has-post-thumbnail","hentry","pcategory-random-packing","pcategory-plastic-random-packing"],"acf":[],"yoast_head":"<!-- This site is optimized with the Yoast SEO plugin v27.4 - https:\/\/yoast.com\/product\/yoast-seo-wordpress\/ -->\n<title>Plastic Igel Ball<\/title>\n<meta name=\"robots\" content=\"index, follow, max-snippet:-1, max-image-preview:large, max-video-preview:-1\" \/>\n<link rel=\"canonical\" href=\"https:\/\/cpxzx.com\/es\/producto\/plastic-igel-ball\/\" \/>\n<meta property=\"og:locale\" content=\"es_ES\" \/>\n<meta property=\"og:type\" content=\"article\" \/>\n<meta property=\"og:title\" content=\"Plastic Igel Ball\" \/>\n<meta property=\"og:description\" content=\"Plastic Igel Ball is a type of plastic random packing designed with a spherical shape and multiple spikes on the surface. Its special structure provides a large surface area, excellent gas-liquid contact, and low pressure drop, making it widely used in water treatment, absorption, scrubbing, and biological filtration processes.\" \/>\n<meta property=\"og:url\" content=\"https:\/\/cpxzx.com\/es\/producto\/plastic-igel-ball\/\" \/>\n<meta property=\"og:site_name\" content=\"Cooling Tower Fill, China PVC Fills Manufacturer\" \/>\n<meta property=\"article:modified_time\" content=\"2025-08-20T03:08:43+00:00\" \/>\n<meta property=\"og:image\" content=\"https:\/\/cpxzx.com\/wp-content\/uploads\/2025\/08\/Plastic-Igel-Ball-Bio-Balls.jpg\" \/>\n\t<meta property=\"og:image:width\" content=\"550\" \/>\n\t<meta property=\"og:image:height\" content=\"550\" \/>\n\t<meta property=\"og:image:type\" content=\"image\/jpeg\" \/>\n<meta name=\"twitter:card\" content=\"summary_large_image\" \/>\n<meta name=\"twitter:label1\" content=\"Tiempo de lectura\" \/>\n\t<meta name=\"twitter:data1\" content=\"2 minutos\" \/>\n<script type=\"application\/ld+json\" class=\"yoast-schema-graph\">{\"@context\":\"https:\\\/\\\/schema.org\",\"@graph\":[{\"@type\":\"WebPage\",\"@id\":\"https:\\\/\\\/cpxzx.com\\\/product\\\/plastic-igel-ball\\\/\",\"url\":\"https:\\\/\\\/cpxzx.com\\\/product\\\/plastic-igel-ball\\\/\",\"name\":\"Plastic Igel Ball\",\"isPartOf\":{\"@id\":\"https:\\\/\\\/cpxzx.com\\\/#website\"},\"primaryImageOfPage\":{\"@id\":\"https:\\\/\\\/cpxzx.com\\\/product\\\/plastic-igel-ball\\\/#primaryimage\"},\"image\":{\"@id\":\"https:\\\/\\\/cpxzx.com\\\/product\\\/plastic-igel-ball\\\/#primaryimage\"},\"thumbnailUrl\":\"https:\\\/\\\/cpxzx.com\\\/wp-content\\\/uploads\\\/2025\\\/08\\\/Plastic-Igel-Ball-Bio-Balls.jpg\",\"datePublished\":\"2025-08-20T03:07:54+00:00\",\"dateModified\":\"2025-08-20T03:08:43+00:00\",\"breadcrumb\":{\"@id\":\"https:\\\/\\\/cpxzx.com\\\/product\\\/plastic-igel-ball\\\/#breadcrumb\"},\"inLanguage\":\"es\",\"potentialAction\":[{\"@type\":\"ReadAction\",\"target\":[\"https:\\\/\\\/cpxzx.com\\\/product\\\/plastic-igel-ball\\\/\"]}]},{\"@type\":\"ImageObject\",\"inLanguage\":\"es\",\"@id\":\"https:\\\/\\\/cpxzx.com\\\/product\\\/plastic-igel-ball\\\/#primaryimage\",\"url\":\"https:\\\/\\\/cpxzx.com\\\/wp-content\\\/uploads\\\/2025\\\/08\\\/Plastic-Igel-Ball-Bio-Balls.jpg\",\"contentUrl\":\"https:\\\/\\\/cpxzx.com\\\/wp-content\\\/uploads\\\/2025\\\/08\\\/Plastic-Igel-Ball-Bio-Balls.jpg\",\"width\":550,\"height\":550},{\"@type\":\"BreadcrumbList\",\"@id\":\"https:\\\/\\\/cpxzx.com\\\/product\\\/plastic-igel-ball\\\/#breadcrumb\",\"itemListElement\":[{\"@type\":\"ListItem\",\"position\":1,\"name\":\"Home\",\"item\":\"https:\\\/\\\/cpxzx.com\\\/\"},{\"@type\":\"ListItem\",\"position\":2,\"name\":\"Random Packing\",\"item\":\"https:\\\/\\\/cpxzx.com\\\/pcategory\\\/random-packing\\\/\"},{\"@type\":\"ListItem\",\"position\":3,\"name\":\"Plastic Igel Ball 38mm 50mm 100mm\"}]},{\"@type\":\"WebSite\",\"@id\":\"https:\\\/\\\/cpxzx.com\\\/#website\",\"url\":\"https:\\\/\\\/cpxzx.com\\\/\",\"name\":\"Cooling Tower Fill, China PVC Fills Manufacturer\",\"description\":\"\",\"publisher\":{\"@id\":\"https:\\\/\\\/cpxzx.com\\\/#organization\"},\"potentialAction\":[{\"@type\":\"SearchAction\",\"target\":{\"@type\":\"EntryPoint\",\"urlTemplate\":\"https:\\\/\\\/cpxzx.com\\\/?s={search_term_string}\"},\"query-input\":{\"@type\":\"PropertyValueSpecification\",\"valueRequired\":true,\"valueName\":\"search_term_string\"}}],\"inLanguage\":\"es\"},{\"@type\":\"Organization\",\"@id\":\"https:\\\/\\\/cpxzx.com\\\/#organization\",\"name\":\"Cooling Tower Fill, China PVC Fills Manufacturer\",\"url\":\"https:\\\/\\\/cpxzx.com\\\/\",\"logo\":{\"@type\":\"ImageObject\",\"inLanguage\":\"es\",\"@id\":\"https:\\\/\\\/cpxzx.com\\\/#\\\/schema\\\/logo\\\/image\\\/\",\"url\":\"https:\\\/\\\/cpxzx.com\\\/wp-content\\\/uploads\\\/2025\\\/07\\\/1751628807-logo.png\",\"contentUrl\":\"https:\\\/\\\/cpxzx.com\\\/wp-content\\\/uploads\\\/2025\\\/07\\\/1751628807-logo.png\",\"width\":383,\"height\":87,\"caption\":\"Cooling Tower Fill, China PVC Fills Manufacturer\"},\"image\":{\"@id\":\"https:\\\/\\\/cpxzx.com\\\/#\\\/schema\\\/logo\\\/image\\\/\"}}]}<\/script>\n<!-- \/ Yoast SEO plugin. -->","yoast_head_json":{"title":"Bola de pl\u00e1stico Igel","robots":{"index":"index","follow":"follow","max-snippet":"max-snippet:-1","max-image-preview":"max-image-preview:large","max-video-preview":"max-video-preview:-1"},"canonical":"https:\/\/cpxzx.com\/es\/producto\/plastic-igel-ball\/","og_locale":"es_ES","og_type":"article","og_title":"Plastic Igel Ball","og_description":"Plastic Igel Ball is a type of plastic random packing designed with a spherical shape and multiple spikes on the surface. Its special structure provides a large surface area, excellent gas-liquid contact, and low pressure drop, making it widely used in water treatment, absorption, scrubbing, and biological filtration processes.","og_url":"https:\/\/cpxzx.com\/es\/producto\/plastic-igel-ball\/","og_site_name":"Cooling Tower Fill, China PVC Fills Manufacturer","article_modified_time":"2025-08-20T03:08:43+00:00","og_image":[{"width":550,"height":550,"url":"https:\/\/cpxzx.com\/wp-content\/uploads\/2025\/08\/Plastic-Igel-Ball-Bio-Balls.jpg","type":"image\/jpeg"}],"twitter_card":"summary_large_image","twitter_misc":{"Tiempo de lectura":"2 minutos"},"schema":{"@context":"https:\/\/schema.org","@graph":[{"@type":"WebPage","@id":"https:\/\/cpxzx.com\/product\/plastic-igel-ball\/","url":"https:\/\/cpxzx.com\/product\/plastic-igel-ball\/","name":"Bola de pl\u00e1stico Igel","isPartOf":{"@id":"https:\/\/cpxzx.com\/#website"},"primaryImageOfPage":{"@id":"https:\/\/cpxzx.com\/product\/plastic-igel-ball\/#primaryimage"},"image":{"@id":"https:\/\/cpxzx.com\/product\/plastic-igel-ball\/#primaryimage"},"thumbnailUrl":"https:\/\/cpxzx.com\/wp-content\/uploads\/2025\/08\/Plastic-Igel-Ball-Bio-Balls.jpg","datePublished":"2025-08-20T03:07:54+00:00","dateModified":"2025-08-20T03:08:43+00:00","breadcrumb":{"@id":"https:\/\/cpxzx.com\/product\/plastic-igel-ball\/#breadcrumb"},"inLanguage":"es","potentialAction":[{"@type":"ReadAction","target":["https:\/\/cpxzx.com\/product\/plastic-igel-ball\/"]}]},{"@type":"ImageObject","inLanguage":"es","@id":"https:\/\/cpxzx.com\/product\/plastic-igel-ball\/#primaryimage","url":"https:\/\/cpxzx.com\/wp-content\/uploads\/2025\/08\/Plastic-Igel-Ball-Bio-Balls.jpg","contentUrl":"https:\/\/cpxzx.com\/wp-content\/uploads\/2025\/08\/Plastic-Igel-Ball-Bio-Balls.jpg","width":550,"height":550},{"@type":"BreadcrumbList","@id":"https:\/\/cpxzx.com\/product\/plastic-igel-ball\/#breadcrumb","itemListElement":[{"@type":"ListItem","position":1,"name":"Home","item":"https:\/\/cpxzx.com\/"},{"@type":"ListItem","position":2,"name":"Random Packing","item":"https:\/\/cpxzx.com\/pcategory\/random-packing\/"},{"@type":"ListItem","position":3,"name":"Plastic Igel Ball 38mm 50mm 100mm"}]},{"@type":"WebSite","@id":"https:\/\/cpxzx.com\/#website","url":"https:\/\/cpxzx.com\/","name":"Relleno de torre de refrigeraci\u00f3n, Fabricante de rellenos de PVC en China","description":"","publisher":{"@id":"https:\/\/cpxzx.com\/#organization"},"potentialAction":[{"@type":"SearchAction","target":{"@type":"EntryPoint","urlTemplate":"https:\/\/cpxzx.com\/?s={search_term_string}"},"query-input":{"@type":"PropertyValueSpecification","valueRequired":true,"valueName":"search_term_string"}}],"inLanguage":"es"},{"@type":"Organization","@id":"https:\/\/cpxzx.com\/#organization","name":"Relleno de torre de refrigeraci\u00f3n, Fabricante de rellenos de PVC en China","url":"https:\/\/cpxzx.com\/","logo":{"@type":"ImageObject","inLanguage":"es","@id":"https:\/\/cpxzx.com\/#\/schema\/logo\/image\/","url":"https:\/\/cpxzx.com\/wp-content\/uploads\/2025\/07\/1751628807-logo.png","contentUrl":"https:\/\/cpxzx.com\/wp-content\/uploads\/2025\/07\/1751628807-logo.png","width":383,"height":87,"caption":"Cooling Tower Fill, China PVC Fills Manufacturer"},"image":{"@id":"https:\/\/cpxzx.com\/#\/schema\/logo\/image\/"}}]}},"taxonomy_info":{"pcategory":[{"value":22,"label":"Random Packing"},{"value":25,"label":"Plastic Random Packing"}]},"featured_image_src_large":["https:\/\/cpxzx.com\/wp-content\/uploads\/2025\/08\/Plastic-Igel-Ball-Bio-Balls.jpg",550,550,false],"author_info":[],"comment_info":"","_links":{"self":[{"href":"https:\/\/cpxzx.com\/es\/wp-json\/wp\/v2\/product\/2920","targetHints":{"allow":["GET"]}}],"collection":[{"href":"https:\/\/cpxzx.com\/es\/wp-json\/wp\/v2\/product"}],"about":[{"href":"https:\/\/cpxzx.com\/es\/wp-json\/wp\/v2\/types\/product"}],"wp:featuredmedia":[{"embeddable":true,"href":"https:\/\/cpxzx.com\/es\/wp-json\/wp\/v2\/media\/2929"}],"wp:attachment":[{"href":"https:\/\/cpxzx.com\/es\/wp-json\/wp\/v2\/media?parent=2920"}],"wp:term":[{"taxonomy":"pcategory","embeddable":true,"href":"https:\/\/cpxzx.com\/es\/wp-json\/wp\/v2\/pcategory?post=2920"},{"taxonomy":"ptag","embeddable":true,"href":"https:\/\/cpxzx.com\/es\/wp-json\/wp\/v2\/ptag?post=2920"}],"curies":[{"name":"wp","href":"https:\/\/api.w.org\/{rel}","templated":true}]}}