{"id":2893,"date":"2025-08-12T05:36:56","date_gmt":"2025-08-12T05:36:56","guid":{"rendered":"https:\/\/cpxzx.com\/?post_type=product&#038;p=2893"},"modified":"2025-08-17T14:32:13","modified_gmt":"2025-08-17T14:32:13","slug":"plastic-conjugate-ring-pe-pp-rpp-pvc-cpvc-pvdf","status":"publish","type":"product","link":"https:\/\/cpxzx.com\/es\/producto\/plastic-conjugate-ring-pe-pp-rpp-pvc-cpvc-pvdf\/","title":{"rendered":"Anillo conjugado de pl\u00e1stico PE, PP, RPP, PVC, CPVC, PVDF"},"content":{"rendered":"<p>En <strong>anillo conjugado de pl\u00e1stico<\/strong> es una empaquetadura de torre de alto rendimiento que integra las ventajas de la empaquetadura aleatoria anular y del anillo de pl\u00e1stico Intalox. Con su estructura de nervaduras curvas conjugadas y su dise\u00f1o de longitud \u00f3ptima, el anillo conjugado de pl\u00e1stico ofrece m\u00e1s puntos de contacto y una mayor superficie de contacto gas-l\u00edquido en comparaci\u00f3n con las empaquetaduras aleatorias tradicionales. Esta estructura \u00fanica garantiza una transferencia de masa eficaz y un excelente rendimiento de separaci\u00f3n.<\/p>\n<h2>Caracter\u00edsticas del anillo conjugado de pl\u00e1stico<\/h2>\n<ul>\n<li>Materiales: PE, PP, RPP, PVC, CPVC, PVDF, etc.<\/li>\n<li>Alta relaci\u00f3n de vac\u00edos y baja ca\u00edda de presi\u00f3n<\/li>\n<li>Alta eficacia de transferencia de masa y bajo peso espec\u00edfico<\/li>\n<li>Excelente resistencia a la corrosi\u00f3n<\/li>\n<li>Alta eficacia de separaci\u00f3n y larga vida \u00fatil<\/li>\n<\/ul>\n<h2>Especificaci\u00f3n<\/h2>\n<p>Propiedades f\u00edsicas y qu\u00edmicas:<\/p>\n<table style=\"height: 233px;\" border=\"1\" width=\"1277\" cellspacing=\"0\" cellpadding=\"5\">\n<tbody>\n<tr>\n<td>Especificaci\u00f3n<br \/>\n(mm)<\/td>\n<td>N\u00fameros a granel<br \/>\n(por m3)<\/td>\n<td>Superficie<br \/>\n(m\u00b2\/m\u00b3)<\/td>\n<td>Volumen libre<br \/>\n(%)<\/td>\n<\/tr>\n<tr>\n<td>\u03c625<\/td>\n<td>75000<\/td>\n<td>185<\/td>\n<td>95.3<\/td>\n<\/tr>\n<tr>\n<td>\u03c638<\/td>\n<td>16000<\/td>\n<td>116<\/td>\n<td>95.7<\/td>\n<\/tr>\n<tr>\n<td>\u03c650<\/td>\n<td>9700<\/td>\n<td>86<\/td>\n<td>96.6<\/td>\n<\/tr>\n<tr>\n<td>\u03c676<\/td>\n<td>2480<\/td>\n<td>81<\/td>\n<td>94.8<\/td>\n<\/tr>\n<tr>\n<td>\u03c6100<\/td>\n<td>1800<\/td>\n<td>76<\/td>\n<td>94.1<\/td>\n<\/tr>\n<\/tbody>\n<\/table>\n<p>&nbsp;<\/p>\n<table border=\"1\" cellspacing=\"0\" cellpadding=\"5\">\n<tbody>\n<tr>\n<th>Material<\/th>\n<th>Densidad<br \/>\n(g\/cm\u00b3)<\/th>\n<th>Temperatura de funcionamiento.<br \/>\n(\u00b0C)<\/th>\n<th>Resistencia a la corrosi\u00f3n qu\u00edmica<\/th>\n<th>Resistencia a la compresi\u00f3n<br \/>\n(MPa)<\/th>\n<\/tr>\n<tr>\n<td>PE<\/td>\n<td>0.94-0.96<\/td>\n<td>90<\/td>\n<td>Bien<\/td>\n<td>&gt;6.0<\/td>\n<\/tr>\n<tr>\n<td>PP<\/td>\n<td>0.89-0.91<\/td>\n<td>&gt;100<\/td>\n<td>Bien<\/td>\n<td>&gt;6.5<\/td>\n<\/tr>\n<tr>\n<td>RPP<\/td>\n<td>0.93-0.94<\/td>\n<td>&gt;120<\/td>\n<td>Bien<\/td>\n<td>&gt;7.0<\/td>\n<\/tr>\n<tr>\n<td>PVC<\/td>\n<td>1.32-1.44<\/td>\n<td>&gt;60<\/td>\n<td>Bien<\/td>\n<td>&gt;6.0<\/td>\n<\/tr>\n<tr>\n<td>CPVC<\/td>\n<td>1.50-1.54<\/td>\n<td>&gt;90<\/td>\n<td>Bien<\/td>\n<td>&gt;8.0<\/td>\n<\/tr>\n<tr>\n<td>PVDF<\/td>\n<td>1.75-1.78<\/td>\n<td>&gt;150<\/td>\n<td>Bien<\/td>\n<td>&gt;10.0<\/td>\n<\/tr>\n<\/tbody>\n<\/table>\n<h2>Ventajas del anillo conjugado de pl\u00e1stico<\/h2>\n<ul>\n<li>Dise\u00f1o estructural especial para gran flujo y baja ca\u00edda de presi\u00f3n<\/li>\n<li>Buena capacidad antichoque y larga vida \u00fatil<\/li>\n<li>Gran resistencia a la corrosi\u00f3n qu\u00edmica<\/li>\n<li>Gran espacio vac\u00edo para una mayor eficiencia<\/li>\n<li>Ahorro de energ\u00eda, bajo coste de funcionamiento y f\u00e1cil carga y descarga<\/li>\n<\/ul>\n<h2>Aplicaciones del anillo conjugado de pl\u00e1stico<\/h2>\n<p>Los anillos conjugados de pl\u00e1stico se utilizan ampliamente en las industrias de refinado de petr\u00f3leo, procesamiento qu\u00edmico, producci\u00f3n de cloruro alcalino, tratamiento de gases y protecci\u00f3n medioambiental.<br \/>\nSon adecuados para aplicaciones en las que las temperaturas de funcionamiento alcanzan hasta 280\u00b0C, dependiendo del material elegido.<br \/>\nEn torres de empaquetamiento, depuradores y columnas de destilaci\u00f3n, el anillo conjugado de pl\u00e1stico proporciona una separaci\u00f3n eficaz manteniendo un bajo consumo energ\u00e9tico.<\/p>\n<h2>Paquete<\/h2>\n<p>Los anillos conjugados de pl\u00e1stico se embalan de forma segura para evitar da\u00f1os durante el transporte, lo que garantiza que lleguen listos para su uso inmediato en su equipo de proceso.<\/p>","protected":false},"excerpt":{"rendered":"<p>El anillo conjugado de pl\u00e1stico es ampliamente reconocido por su gran flujo, su baja resistencia a los fluidos y su extraordinaria flexibilidad operativa. Est\u00e1 dise\u00f1ado para optimizar el rendimiento de la columna en una gran variedad de aplicaciones qu\u00edmicas, petrol\u00edferas y medioambientales. Al mejorar la eficacia del contacto, el anillo conjugado de pl\u00e1stico aumenta el rendimiento al tiempo que minimiza la ca\u00edda de presi\u00f3n, lo que lo convierte en la opci\u00f3n preferida para los procesos industriales.<\/p>","protected":false},"featured_media":2894,"parent":0,"template":"","meta":{"_acf_changed":false,"_kad_blocks_custom_css":"","_kad_blocks_head_custom_js":"","_kad_blocks_body_custom_js":"","_kad_blocks_footer_custom_js":"","_kadence_starter_templates_imported_post":false,"_kad_post_transparent":"default","_kad_post_title":"","_kad_post_layout":"default","_kad_post_sidebar_id":"","_kad_post_content_style":"default","_kad_post_vertical_padding":"default","_kad_post_feature":"","_kad_post_feature_position":"","_kad_post_header":false,"_kad_post_footer":false},"pcategory":[22,25],"ptag":[],"class_list":["post-2893","product","type-product","status-publish","has-post-thumbnail","hentry","pcategory-random-packing","pcategory-plastic-random-packing"],"acf":[],"yoast_head":"<!-- This site is optimized with the Yoast SEO plugin v27.4 - https:\/\/yoast.com\/product\/yoast-seo-wordpress\/ -->\n<title>Plastic Conjugate Ring<\/title>\n<meta name=\"robots\" content=\"index, follow, max-snippet:-1, max-image-preview:large, max-video-preview:-1\" \/>\n<link rel=\"canonical\" href=\"https:\/\/cpxzx.com\/es\/producto\/plastic-conjugate-ring-pe-pp-rpp-pvc-cpvc-pvdf\/\" \/>\n<meta property=\"og:locale\" content=\"es_ES\" \/>\n<meta property=\"og:type\" content=\"article\" \/>\n<meta property=\"og:title\" content=\"Plastic Conjugate Ring\" \/>\n<meta property=\"og:description\" content=\"The plastic conjugate ring is widely recognized for its large flux, low fluid resistance, and outstanding operational flexibility. It is designed to optimize column performance in a variety of chemical, petroleum, and environmental applications. By improving contact efficiency, the plastic conjugate ring enhances throughput while minimizing pressure drop, making it a preferred choice for industrial processes.\" \/>\n<meta property=\"og:url\" content=\"https:\/\/cpxzx.com\/es\/producto\/plastic-conjugate-ring-pe-pp-rpp-pvc-cpvc-pvdf\/\" \/>\n<meta property=\"og:site_name\" content=\"Cooling Tower Fill, China PVC Fills Manufacturer\" \/>\n<meta property=\"article:modified_time\" content=\"2025-08-17T14:32:13+00:00\" \/>\n<meta property=\"og:image\" content=\"https:\/\/cpxzx.com\/wp-content\/uploads\/2025\/08\/Plastic-Conjugate-Ring-2.jpg\" \/>\n\t<meta property=\"og:image:width\" content=\"550\" \/>\n\t<meta property=\"og:image:height\" content=\"550\" \/>\n\t<meta property=\"og:image:type\" content=\"image\/jpeg\" \/>\n<meta name=\"twitter:card\" content=\"summary_large_image\" \/>\n<meta name=\"twitter:label1\" content=\"Tiempo de lectura\" \/>\n\t<meta name=\"twitter:data1\" content=\"2 minutos\" \/>\n<script type=\"application\/ld+json\" class=\"yoast-schema-graph\">{\"@context\":\"https:\\\/\\\/schema.org\",\"@graph\":[{\"@type\":\"WebPage\",\"@id\":\"https:\\\/\\\/cpxzx.com\\\/product\\\/plastic-conjugate-ring-pe-pp-rpp-pvc-cpvc-pvdf\\\/\",\"url\":\"https:\\\/\\\/cpxzx.com\\\/product\\\/plastic-conjugate-ring-pe-pp-rpp-pvc-cpvc-pvdf\\\/\",\"name\":\"Plastic Conjugate Ring\",\"isPartOf\":{\"@id\":\"https:\\\/\\\/cpxzx.com\\\/#website\"},\"primaryImageOfPage\":{\"@id\":\"https:\\\/\\\/cpxzx.com\\\/product\\\/plastic-conjugate-ring-pe-pp-rpp-pvc-cpvc-pvdf\\\/#primaryimage\"},\"image\":{\"@id\":\"https:\\\/\\\/cpxzx.com\\\/product\\\/plastic-conjugate-ring-pe-pp-rpp-pvc-cpvc-pvdf\\\/#primaryimage\"},\"thumbnailUrl\":\"https:\\\/\\\/cpxzx.com\\\/wp-content\\\/uploads\\\/2025\\\/08\\\/Plastic-Conjugate-Ring-2.jpg\",\"datePublished\":\"2025-08-12T05:36:56+00:00\",\"dateModified\":\"2025-08-17T14:32:13+00:00\",\"breadcrumb\":{\"@id\":\"https:\\\/\\\/cpxzx.com\\\/product\\\/plastic-conjugate-ring-pe-pp-rpp-pvc-cpvc-pvdf\\\/#breadcrumb\"},\"inLanguage\":\"es\",\"potentialAction\":[{\"@type\":\"ReadAction\",\"target\":[\"https:\\\/\\\/cpxzx.com\\\/product\\\/plastic-conjugate-ring-pe-pp-rpp-pvc-cpvc-pvdf\\\/\"]}]},{\"@type\":\"ImageObject\",\"inLanguage\":\"es\",\"@id\":\"https:\\\/\\\/cpxzx.com\\\/product\\\/plastic-conjugate-ring-pe-pp-rpp-pvc-cpvc-pvdf\\\/#primaryimage\",\"url\":\"https:\\\/\\\/cpxzx.com\\\/wp-content\\\/uploads\\\/2025\\\/08\\\/Plastic-Conjugate-Ring-2.jpg\",\"contentUrl\":\"https:\\\/\\\/cpxzx.com\\\/wp-content\\\/uploads\\\/2025\\\/08\\\/Plastic-Conjugate-Ring-2.jpg\",\"width\":550,\"height\":550},{\"@type\":\"BreadcrumbList\",\"@id\":\"https:\\\/\\\/cpxzx.com\\\/product\\\/plastic-conjugate-ring-pe-pp-rpp-pvc-cpvc-pvdf\\\/#breadcrumb\",\"itemListElement\":[{\"@type\":\"ListItem\",\"position\":1,\"name\":\"Home\",\"item\":\"https:\\\/\\\/cpxzx.com\\\/\"},{\"@type\":\"ListItem\",\"position\":2,\"name\":\"Random Packing\",\"item\":\"https:\\\/\\\/cpxzx.com\\\/pcategory\\\/random-packing\\\/\"},{\"@type\":\"ListItem\",\"position\":3,\"name\":\"Plastic Conjugate Ring PE, PP, RPP, PVC, CPVC, PVDF\"}]},{\"@type\":\"WebSite\",\"@id\":\"https:\\\/\\\/cpxzx.com\\\/#website\",\"url\":\"https:\\\/\\\/cpxzx.com\\\/\",\"name\":\"Cooling Tower Fill, China PVC Fills Manufacturer\",\"description\":\"\",\"publisher\":{\"@id\":\"https:\\\/\\\/cpxzx.com\\\/#organization\"},\"potentialAction\":[{\"@type\":\"SearchAction\",\"target\":{\"@type\":\"EntryPoint\",\"urlTemplate\":\"https:\\\/\\\/cpxzx.com\\\/?s={search_term_string}\"},\"query-input\":{\"@type\":\"PropertyValueSpecification\",\"valueRequired\":true,\"valueName\":\"search_term_string\"}}],\"inLanguage\":\"es\"},{\"@type\":\"Organization\",\"@id\":\"https:\\\/\\\/cpxzx.com\\\/#organization\",\"name\":\"Cooling Tower Fill, China PVC Fills Manufacturer\",\"url\":\"https:\\\/\\\/cpxzx.com\\\/\",\"logo\":{\"@type\":\"ImageObject\",\"inLanguage\":\"es\",\"@id\":\"https:\\\/\\\/cpxzx.com\\\/#\\\/schema\\\/logo\\\/image\\\/\",\"url\":\"https:\\\/\\\/cpxzx.com\\\/wp-content\\\/uploads\\\/2025\\\/07\\\/1751628807-logo.png\",\"contentUrl\":\"https:\\\/\\\/cpxzx.com\\\/wp-content\\\/uploads\\\/2025\\\/07\\\/1751628807-logo.png\",\"width\":383,\"height\":87,\"caption\":\"Cooling Tower Fill, China PVC Fills Manufacturer\"},\"image\":{\"@id\":\"https:\\\/\\\/cpxzx.com\\\/#\\\/schema\\\/logo\\\/image\\\/\"}}]}<\/script>\n<!-- \/ Yoast SEO plugin. -->","yoast_head_json":{"title":"Plastic Conjugate Ring","robots":{"index":"index","follow":"follow","max-snippet":"max-snippet:-1","max-image-preview":"max-image-preview:large","max-video-preview":"max-video-preview:-1"},"canonical":"https:\/\/cpxzx.com\/es\/producto\/plastic-conjugate-ring-pe-pp-rpp-pvc-cpvc-pvdf\/","og_locale":"es_ES","og_type":"article","og_title":"Plastic Conjugate Ring","og_description":"The plastic conjugate ring is widely recognized for its large flux, low fluid resistance, and outstanding operational flexibility. It is designed to optimize column performance in a variety of chemical, petroleum, and environmental applications. By improving contact efficiency, the plastic conjugate ring enhances throughput while minimizing pressure drop, making it a preferred choice for industrial processes.","og_url":"https:\/\/cpxzx.com\/es\/producto\/plastic-conjugate-ring-pe-pp-rpp-pvc-cpvc-pvdf\/","og_site_name":"Cooling Tower Fill, China PVC Fills Manufacturer","article_modified_time":"2025-08-17T14:32:13+00:00","og_image":[{"width":550,"height":550,"url":"https:\/\/cpxzx.com\/wp-content\/uploads\/2025\/08\/Plastic-Conjugate-Ring-2.jpg","type":"image\/jpeg"}],"twitter_card":"summary_large_image","twitter_misc":{"Tiempo de lectura":"2 minutos"},"schema":{"@context":"https:\/\/schema.org","@graph":[{"@type":"WebPage","@id":"https:\/\/cpxzx.com\/product\/plastic-conjugate-ring-pe-pp-rpp-pvc-cpvc-pvdf\/","url":"https:\/\/cpxzx.com\/product\/plastic-conjugate-ring-pe-pp-rpp-pvc-cpvc-pvdf\/","name":"Plastic Conjugate Ring","isPartOf":{"@id":"https:\/\/cpxzx.com\/#website"},"primaryImageOfPage":{"@id":"https:\/\/cpxzx.com\/product\/plastic-conjugate-ring-pe-pp-rpp-pvc-cpvc-pvdf\/#primaryimage"},"image":{"@id":"https:\/\/cpxzx.com\/product\/plastic-conjugate-ring-pe-pp-rpp-pvc-cpvc-pvdf\/#primaryimage"},"thumbnailUrl":"https:\/\/cpxzx.com\/wp-content\/uploads\/2025\/08\/Plastic-Conjugate-Ring-2.jpg","datePublished":"2025-08-12T05:36:56+00:00","dateModified":"2025-08-17T14:32:13+00:00","breadcrumb":{"@id":"https:\/\/cpxzx.com\/product\/plastic-conjugate-ring-pe-pp-rpp-pvc-cpvc-pvdf\/#breadcrumb"},"inLanguage":"es","potentialAction":[{"@type":"ReadAction","target":["https:\/\/cpxzx.com\/product\/plastic-conjugate-ring-pe-pp-rpp-pvc-cpvc-pvdf\/"]}]},{"@type":"ImageObject","inLanguage":"es","@id":"https:\/\/cpxzx.com\/product\/plastic-conjugate-ring-pe-pp-rpp-pvc-cpvc-pvdf\/#primaryimage","url":"https:\/\/cpxzx.com\/wp-content\/uploads\/2025\/08\/Plastic-Conjugate-Ring-2.jpg","contentUrl":"https:\/\/cpxzx.com\/wp-content\/uploads\/2025\/08\/Plastic-Conjugate-Ring-2.jpg","width":550,"height":550},{"@type":"BreadcrumbList","@id":"https:\/\/cpxzx.com\/product\/plastic-conjugate-ring-pe-pp-rpp-pvc-cpvc-pvdf\/#breadcrumb","itemListElement":[{"@type":"ListItem","position":1,"name":"Home","item":"https:\/\/cpxzx.com\/"},{"@type":"ListItem","position":2,"name":"Random Packing","item":"https:\/\/cpxzx.com\/pcategory\/random-packing\/"},{"@type":"ListItem","position":3,"name":"Plastic Conjugate Ring PE, PP, RPP, PVC, CPVC, PVDF"}]},{"@type":"WebSite","@id":"https:\/\/cpxzx.com\/#website","url":"https:\/\/cpxzx.com\/","name":"Relleno de torre de refrigeraci\u00f3n, Fabricante de rellenos de PVC en China","description":"","publisher":{"@id":"https:\/\/cpxzx.com\/#organization"},"potentialAction":[{"@type":"SearchAction","target":{"@type":"EntryPoint","urlTemplate":"https:\/\/cpxzx.com\/?s={search_term_string}"},"query-input":{"@type":"PropertyValueSpecification","valueRequired":true,"valueName":"search_term_string"}}],"inLanguage":"es"},{"@type":"Organization","@id":"https:\/\/cpxzx.com\/#organization","name":"Relleno de torre de refrigeraci\u00f3n, Fabricante de rellenos de PVC en China","url":"https:\/\/cpxzx.com\/","logo":{"@type":"ImageObject","inLanguage":"es","@id":"https:\/\/cpxzx.com\/#\/schema\/logo\/image\/","url":"https:\/\/cpxzx.com\/wp-content\/uploads\/2025\/07\/1751628807-logo.png","contentUrl":"https:\/\/cpxzx.com\/wp-content\/uploads\/2025\/07\/1751628807-logo.png","width":383,"height":87,"caption":"Cooling Tower Fill, China PVC Fills Manufacturer"},"image":{"@id":"https:\/\/cpxzx.com\/#\/schema\/logo\/image\/"}}]}},"taxonomy_info":{"pcategory":[{"value":22,"label":"Random Packing"},{"value":25,"label":"Plastic Random Packing"}]},"featured_image_src_large":["https:\/\/cpxzx.com\/wp-content\/uploads\/2025\/08\/Plastic-Conjugate-Ring-2.jpg",550,550,false],"author_info":[],"comment_info":"","_links":{"self":[{"href":"https:\/\/cpxzx.com\/es\/wp-json\/wp\/v2\/product\/2893","targetHints":{"allow":["GET"]}}],"collection":[{"href":"https:\/\/cpxzx.com\/es\/wp-json\/wp\/v2\/product"}],"about":[{"href":"https:\/\/cpxzx.com\/es\/wp-json\/wp\/v2\/types\/product"}],"wp:featuredmedia":[{"embeddable":true,"href":"https:\/\/cpxzx.com\/es\/wp-json\/wp\/v2\/media\/2894"}],"wp:attachment":[{"href":"https:\/\/cpxzx.com\/es\/wp-json\/wp\/v2\/media?parent=2893"}],"wp:term":[{"taxonomy":"pcategory","embeddable":true,"href":"https:\/\/cpxzx.com\/es\/wp-json\/wp\/v2\/pcategory?post=2893"},{"taxonomy":"ptag","embeddable":true,"href":"https:\/\/cpxzx.com\/es\/wp-json\/wp\/v2\/ptag?post=2893"}],"curies":[{"name":"wp","href":"https:\/\/api.w.org\/{rel}","templated":true}]}}